{"id":37069,"date":"2025-04-09T07:17:15","date_gmt":"2025-04-09T07:17:15","guid":{"rendered":"https:\/\/www.igt.nl\/?post_type=product&#038;p=37069"},"modified":"2025-12-17T07:58:51","modified_gmt":"2025-12-17T07:58:51","slug":"secador-uv-igt-18-2","status":"publish","type":"product","link":"https:\/\/www.igt.nl\/es\/producto\/secador-uv-igt-18-2\/","title":{"rendered":"Secador UV IGT 18-2"},"content":{"rendered":"<p>Secador UV compacto para utilizar con equipos de prueba de imprimibilidad. Versi\u00f3n con potencia de curado fija y velocidad variable. <\/p>\n<p>Los aparatos compactos de curado UV IGT est\u00e1n dise\u00f1ados para el curado r\u00e1pido y continuo de tintas y barnices UV sobre sustratos planos, como papel, pl\u00e1stico, cer\u00e1mica, cristal o metal, para impresiones de peque\u00f1o tama\u00f1o. En el sector de las artes gr\u00e1ficas, los dispositivos UV compactos se utilizan en el departamento de preimpresi\u00f3n para curar impresiones de prueba para la igualaci\u00f3n de colores. Tambi\u00e9n se utilizan en los laboratorios de I+D de los proveedores de tintas y productos qu\u00edmicos. Los comprobadores tienen velocidades variables de la cinta transportadora, potencia de salida de la l\u00e1mpara ajustable y l\u00e1mparas f\u00e1cilmente intercambiables.<br \/>\nEn los objetos comprobados, el calor, las propiedades de curado y la adherencia pueden controlarse de forma reproducible y cercana a las circunstancias pr\u00e1cticas.   <\/p>\n<p>&nbsp;<\/p>\n","protected":false},"excerpt":{"rendered":"<p>Secador UV compacto con 2 l\u00e1mparas, anchura de curado de 100 mm<\/p>\n","protected":false},"featured_media":37072,"comment_status":"closed","ping_status":"closed","template":"","meta":{"_acf_changed":false,"inline_featured_image":false},"product_brand":[],"product_cat":[4076],"product_tag":[],"class_list":{"0":"post-37069","1":"product","2":"type-product","3":"status-publish","4":"has-post-thumbnail","6":"product_cat-sin-categoria","8":"first","9":"onbackorder","10":"shipping-taxable","11":"purchasable","12":"product-type-simple"},"acf":[],"yoast_head":"<!-- This site is optimized with the Yoast SEO plugin v27.3 - https:\/\/yoast.com\/product\/yoast-seo-wordpress\/ -->\n<title>Secador UV IGT 18-2 - IGT Testing Systems<\/title>\n<meta name=\"description\" content=\"Los aparatos compactos de curado UV IGT est\u00e1n dise\u00f1ados para el curado r\u00e1pido y continuo de tintas y barnices UV sobre sustratos planos.\" \/>\n<meta name=\"robots\" content=\"index, follow, max-snippet:-1, max-image-preview:large, max-video-preview:-1\" \/>\n<link rel=\"canonical\" href=\"https:\/\/www.igt.nl\/es\/producto\/secador-uv-igt-18-2\/\" \/>\n<meta property=\"og:locale\" content=\"es_ES\" \/>\n<meta property=\"og:type\" content=\"article\" \/>\n<meta property=\"og:title\" content=\"Secador UV IGT 18-2 - IGT Testing Systems\" \/>\n<meta property=\"og:description\" content=\"Los aparatos compactos de curado UV IGT est\u00e1n dise\u00f1ados para el curado r\u00e1pido y continuo de tintas y barnices UV sobre sustratos planos.\" \/>\n<meta property=\"og:url\" content=\"https:\/\/www.igt.nl\/es\/producto\/secador-uv-igt-18-2\/\" \/>\n<meta property=\"og:site_name\" content=\"IGT Testing Systems\" \/>\n<meta property=\"article:modified_time\" content=\"2025-12-17T07:58:51+00:00\" \/>\n<meta property=\"og:image\" content=\"https:\/\/www.igt.nl\/wp-content\/uploads\/496.000.275-UV-Dryer_MGF6093-vs-rvs-1-1.jpg\" \/>\n\t<meta property=\"og:image:width\" content=\"801\" \/>\n\t<meta property=\"og:image:height\" content=\"800\" \/>\n\t<meta property=\"og:image:type\" content=\"image\/jpeg\" \/>\n<meta name=\"twitter:card\" content=\"summary_large_image\" \/>\n<meta name=\"twitter:label1\" content=\"Tiempo de lectura\" \/>\n\t<meta name=\"twitter:data1\" content=\"1 minuto\" \/>\n<script type=\"application\/ld+json\" class=\"yoast-schema-graph\">{\"@context\":\"https:\\\/\\\/schema.org\",\"@graph\":[{\"@type\":\"WebPage\",\"@id\":\"https:\\\/\\\/www.igt.nl\\\/es\\\/producto\\\/secador-uv-igt-18-2\\\/\",\"url\":\"https:\\\/\\\/www.igt.nl\\\/es\\\/producto\\\/secador-uv-igt-18-2\\\/\",\"name\":\"Secador UV IGT 18-2 - IGT Testing Systems\",\"isPartOf\":{\"@id\":\"https:\\\/\\\/www.igt.nl\\\/es\\\/#website\"},\"primaryImageOfPage\":{\"@id\":\"https:\\\/\\\/www.igt.nl\\\/es\\\/producto\\\/secador-uv-igt-18-2\\\/#primaryimage\"},\"image\":{\"@id\":\"https:\\\/\\\/www.igt.nl\\\/es\\\/producto\\\/secador-uv-igt-18-2\\\/#primaryimage\"},\"thumbnailUrl\":\"https:\\\/\\\/www.igt.nl\\\/wp-content\\\/uploads\\\/496.000.275-UV-Dryer_MGF6093-vs-rvs-1-1.jpg\",\"datePublished\":\"2025-04-09T07:17:15+00:00\",\"dateModified\":\"2025-12-17T07:58:51+00:00\",\"description\":\"Los aparatos compactos de curado UV IGT est\u00e1n dise\u00f1ados para el curado r\u00e1pido y continuo de tintas y barnices UV sobre sustratos planos.\",\"breadcrumb\":{\"@id\":\"https:\\\/\\\/www.igt.nl\\\/es\\\/producto\\\/secador-uv-igt-18-2\\\/#breadcrumb\"},\"inLanguage\":\"es\",\"potentialAction\":[{\"@type\":\"ReadAction\",\"target\":[\"https:\\\/\\\/www.igt.nl\\\/es\\\/producto\\\/secador-uv-igt-18-2\\\/\"]}]},{\"@type\":\"ImageObject\",\"inLanguage\":\"es\",\"@id\":\"https:\\\/\\\/www.igt.nl\\\/es\\\/producto\\\/secador-uv-igt-18-2\\\/#primaryimage\",\"url\":\"https:\\\/\\\/www.igt.nl\\\/wp-content\\\/uploads\\\/496.000.275-UV-Dryer_MGF6093-vs-rvs-1-1.jpg\",\"contentUrl\":\"https:\\\/\\\/www.igt.nl\\\/wp-content\\\/uploads\\\/496.000.275-UV-Dryer_MGF6093-vs-rvs-1-1.jpg\",\"width\":801,\"height\":800},{\"@type\":\"BreadcrumbList\",\"@id\":\"https:\\\/\\\/www.igt.nl\\\/es\\\/producto\\\/secador-uv-igt-18-2\\\/#breadcrumb\",\"itemListElement\":[{\"@type\":\"ListItem\",\"position\":1,\"name\":\"Home\",\"item\":\"https:\\\/\\\/www.igt.nl\\\/es\\\/?page_id=36171\"},{\"@type\":\"ListItem\",\"position\":2,\"name\":\"Tienda\",\"item\":\"https:\\\/\\\/www.igt.nl\\\/es\\\/?page_id=36068\"},{\"@type\":\"ListItem\",\"position\":3,\"name\":\"Sin categor\u00eda\",\"item\":\"https:\\\/\\\/www.igt.nl\\\/es\\\/product-categorie\\\/sin-categoria\\\/\"},{\"@type\":\"ListItem\",\"position\":4,\"name\":\"Secador UV IGT 18-2\"}]},{\"@type\":\"WebSite\",\"@id\":\"https:\\\/\\\/www.igt.nl\\\/es\\\/#website\",\"url\":\"https:\\\/\\\/www.igt.nl\\\/es\\\/\",\"name\":\"IGT Testing Systems\",\"description\":\"\",\"potentialAction\":[{\"@type\":\"SearchAction\",\"target\":{\"@type\":\"EntryPoint\",\"urlTemplate\":\"https:\\\/\\\/www.igt.nl\\\/es\\\/?s={search_term_string}\"},\"query-input\":{\"@type\":\"PropertyValueSpecification\",\"valueRequired\":true,\"valueName\":\"search_term_string\"}}],\"inLanguage\":\"es\"}]}<\/script>\n<!-- \/ Yoast SEO plugin. -->","yoast_head_json":{"title":"Secador UV IGT 18-2 - IGT Testing Systems","description":"Los aparatos compactos de curado UV IGT est\u00e1n dise\u00f1ados para el curado r\u00e1pido y continuo de tintas y barnices UV sobre sustratos planos.","robots":{"index":"index","follow":"follow","max-snippet":"max-snippet:-1","max-image-preview":"max-image-preview:large","max-video-preview":"max-video-preview:-1"},"canonical":"https:\/\/www.igt.nl\/es\/producto\/secador-uv-igt-18-2\/","og_locale":"es_ES","og_type":"article","og_title":"Secador UV IGT 18-2 - IGT Testing Systems","og_description":"Los aparatos compactos de curado UV IGT est\u00e1n dise\u00f1ados para el curado r\u00e1pido y continuo de tintas y barnices UV sobre sustratos planos.","og_url":"https:\/\/www.igt.nl\/es\/producto\/secador-uv-igt-18-2\/","og_site_name":"IGT Testing Systems","article_modified_time":"2025-12-17T07:58:51+00:00","og_image":[{"width":801,"height":800,"url":"https:\/\/www.igt.nl\/wp-content\/uploads\/496.000.275-UV-Dryer_MGF6093-vs-rvs-1-1.jpg","type":"image\/jpeg"}],"twitter_card":"summary_large_image","twitter_misc":{"Tiempo de lectura":"1 minuto"},"schema":{"@context":"https:\/\/schema.org","@graph":[{"@type":"WebPage","@id":"https:\/\/www.igt.nl\/es\/producto\/secador-uv-igt-18-2\/","url":"https:\/\/www.igt.nl\/es\/producto\/secador-uv-igt-18-2\/","name":"Secador UV IGT 18-2 - IGT Testing Systems","isPartOf":{"@id":"https:\/\/www.igt.nl\/es\/#website"},"primaryImageOfPage":{"@id":"https:\/\/www.igt.nl\/es\/producto\/secador-uv-igt-18-2\/#primaryimage"},"image":{"@id":"https:\/\/www.igt.nl\/es\/producto\/secador-uv-igt-18-2\/#primaryimage"},"thumbnailUrl":"https:\/\/www.igt.nl\/wp-content\/uploads\/496.000.275-UV-Dryer_MGF6093-vs-rvs-1-1.jpg","datePublished":"2025-04-09T07:17:15+00:00","dateModified":"2025-12-17T07:58:51+00:00","description":"Los aparatos compactos de curado UV IGT est\u00e1n dise\u00f1ados para el curado r\u00e1pido y continuo de tintas y barnices UV sobre sustratos planos.","breadcrumb":{"@id":"https:\/\/www.igt.nl\/es\/producto\/secador-uv-igt-18-2\/#breadcrumb"},"inLanguage":"es","potentialAction":[{"@type":"ReadAction","target":["https:\/\/www.igt.nl\/es\/producto\/secador-uv-igt-18-2\/"]}]},{"@type":"ImageObject","inLanguage":"es","@id":"https:\/\/www.igt.nl\/es\/producto\/secador-uv-igt-18-2\/#primaryimage","url":"https:\/\/www.igt.nl\/wp-content\/uploads\/496.000.275-UV-Dryer_MGF6093-vs-rvs-1-1.jpg","contentUrl":"https:\/\/www.igt.nl\/wp-content\/uploads\/496.000.275-UV-Dryer_MGF6093-vs-rvs-1-1.jpg","width":801,"height":800},{"@type":"BreadcrumbList","@id":"https:\/\/www.igt.nl\/es\/producto\/secador-uv-igt-18-2\/#breadcrumb","itemListElement":[{"@type":"ListItem","position":1,"name":"Home","item":"https:\/\/www.igt.nl\/es\/?page_id=36171"},{"@type":"ListItem","position":2,"name":"Tienda","item":"https:\/\/www.igt.nl\/es\/?page_id=36068"},{"@type":"ListItem","position":3,"name":"Sin categor\u00eda","item":"https:\/\/www.igt.nl\/es\/product-categorie\/sin-categoria\/"},{"@type":"ListItem","position":4,"name":"Secador UV IGT 18-2"}]},{"@type":"WebSite","@id":"https:\/\/www.igt.nl\/es\/#website","url":"https:\/\/www.igt.nl\/es\/","name":"IGT Testing Systems","description":"","potentialAction":[{"@type":"SearchAction","target":{"@type":"EntryPoint","urlTemplate":"https:\/\/www.igt.nl\/es\/?s={search_term_string}"},"query-input":{"@type":"PropertyValueSpecification","valueRequired":true,"valueName":"search_term_string"}}],"inLanguage":"es"}]}},"_links":{"self":[{"href":"https:\/\/www.igt.nl\/es\/wp-json\/wp\/v2\/product\/37069","targetHints":{"allow":["GET"]}}],"collection":[{"href":"https:\/\/www.igt.nl\/es\/wp-json\/wp\/v2\/product"}],"about":[{"href":"https:\/\/www.igt.nl\/es\/wp-json\/wp\/v2\/types\/product"}],"replies":[{"embeddable":true,"href":"https:\/\/www.igt.nl\/es\/wp-json\/wp\/v2\/comments?post=37069"}],"wp:featuredmedia":[{"embeddable":true,"href":"https:\/\/www.igt.nl\/es\/wp-json\/wp\/v2\/media\/37072"}],"wp:attachment":[{"href":"https:\/\/www.igt.nl\/es\/wp-json\/wp\/v2\/media?parent=37069"}],"wp:term":[{"taxonomy":"product_brand","embeddable":true,"href":"https:\/\/www.igt.nl\/es\/wp-json\/wp\/v2\/product_brand?post=37069"},{"taxonomy":"product_cat","embeddable":true,"href":"https:\/\/www.igt.nl\/es\/wp-json\/wp\/v2\/product_cat?post=37069"},{"taxonomy":"product_tag","embeddable":true,"href":"https:\/\/www.igt.nl\/es\/wp-json\/wp\/v2\/product_tag?post=37069"}],"curies":[{"name":"wp","href":"https:\/\/api.w.org\/{rel}","templated":true}]}}