{"id":37088,"date":"2024-09-25T12:56:37","date_gmt":"2024-09-25T12:56:37","guid":{"rendered":"https:\/\/www.igt.nl\/?post_type=product&#038;p=37088"},"modified":"2025-12-17T07:58:53","modified_gmt":"2025-12-17T07:58:53","slug":"papel-visor-de-delaminaciones","status":"publish","type":"product","link":"https:\/\/www.igt.nl\/es\/producto\/papel-visor-de-delaminaciones\/","title":{"rendered":"Papel Visor de Delaminaciones"},"content":{"rendered":"<p>Dispositivo para evaluar la delaminaci\u00f3n, para papel.<\/p>\n<p>Para ver el resultado de la delaminaci\u00f3n despu\u00e9s de una <a href=\"https:\/\/www.igt.nl\/test-methods\/w31-ams\/\">prueba Pick<\/a>, coloca la tira de prueba en el visor de delaminaci\u00f3n y, moviendo con cuidado la tira de prueba a lo largo del perfil en U, comprueba d\u00f3nde empieza la delaminaci\u00f3n.<\/p>\n","protected":false},"excerpt":{"rendered":"<p>Dispositivo para evaluar la deslaminaci\u00f3n<\/p>\n","protected":false},"featured_media":37090,"comment_status":"closed","ping_status":"closed","template":"","meta":{"_acf_changed":false,"inline_featured_image":false},"product_brand":[],"product_cat":[25],"product_tag":[],"class_list":{"0":"post-37088","1":"product","2":"type-product","3":"status-publish","4":"has-post-thumbnail","6":"product_cat-no-categorie","8":"first","9":"instock","10":"shipping-taxable","11":"purchasable","12":"product-type-simple"},"acf":[],"yoast_head":"<!-- This site is optimized with the Yoast SEO plugin v27.3 - https:\/\/yoast.com\/product\/yoast-seo-wordpress\/ -->\n<title>Papel Visor de Delaminaciones - IGT Testing Systems<\/title>\n<meta name=\"description\" content=\"Dispositivo para evaluar la delaminaci\u00f3n tras una prueba Pick. Perfil en U para papel.\" \/>\n<meta name=\"robots\" content=\"index, follow, max-snippet:-1, max-image-preview:large, max-video-preview:-1\" \/>\n<link rel=\"canonical\" href=\"https:\/\/www.igt.nl\/es\/producto\/papel-visor-de-delaminaciones\/\" \/>\n<meta property=\"og:locale\" content=\"es_ES\" \/>\n<meta property=\"og:type\" content=\"article\" \/>\n<meta property=\"og:title\" content=\"Papel Visor de Delaminaciones - IGT Testing Systems\" \/>\n<meta property=\"og:description\" content=\"Dispositivo para evaluar la delaminaci\u00f3n tras una prueba Pick. Perfil en U para papel.\" \/>\n<meta property=\"og:url\" content=\"https:\/\/www.igt.nl\/es\/producto\/papel-visor-de-delaminaciones\/\" \/>\n<meta property=\"og:site_name\" content=\"IGT Testing Systems\" \/>\n<meta property=\"article:modified_time\" content=\"2025-12-17T07:58:53+00:00\" \/>\n<meta property=\"og:image\" content=\"https:\/\/www.igt.nl\/wp-content\/uploads\/Delamination-viewer-U-1-1.png\" \/>\n\t<meta property=\"og:image:width\" content=\"573\" \/>\n\t<meta property=\"og:image:height\" content=\"523\" \/>\n\t<meta property=\"og:image:type\" content=\"image\/png\" \/>\n<meta name=\"twitter:card\" content=\"summary_large_image\" \/>\n<script type=\"application\/ld+json\" class=\"yoast-schema-graph\">{\"@context\":\"https:\\\/\\\/schema.org\",\"@graph\":[{\"@type\":\"WebPage\",\"@id\":\"https:\\\/\\\/www.igt.nl\\\/es\\\/producto\\\/papel-visor-de-delaminaciones\\\/\",\"url\":\"https:\\\/\\\/www.igt.nl\\\/es\\\/producto\\\/papel-visor-de-delaminaciones\\\/\",\"name\":\"Papel Visor de Delaminaciones - IGT Testing Systems\",\"isPartOf\":{\"@id\":\"https:\\\/\\\/www.igt.nl\\\/es\\\/#website\"},\"primaryImageOfPage\":{\"@id\":\"https:\\\/\\\/www.igt.nl\\\/es\\\/producto\\\/papel-visor-de-delaminaciones\\\/#primaryimage\"},\"image\":{\"@id\":\"https:\\\/\\\/www.igt.nl\\\/es\\\/producto\\\/papel-visor-de-delaminaciones\\\/#primaryimage\"},\"thumbnailUrl\":\"https:\\\/\\\/www.igt.nl\\\/wp-content\\\/uploads\\\/Delamination-viewer-U-1-1.png\",\"datePublished\":\"2024-09-25T12:56:37+00:00\",\"dateModified\":\"2025-12-17T07:58:53+00:00\",\"description\":\"Dispositivo para evaluar la delaminaci\u00f3n tras una prueba Pick. Perfil en U para papel.\",\"breadcrumb\":{\"@id\":\"https:\\\/\\\/www.igt.nl\\\/es\\\/producto\\\/papel-visor-de-delaminaciones\\\/#breadcrumb\"},\"inLanguage\":\"es\",\"potentialAction\":[{\"@type\":\"ReadAction\",\"target\":[\"https:\\\/\\\/www.igt.nl\\\/es\\\/producto\\\/papel-visor-de-delaminaciones\\\/\"]}]},{\"@type\":\"ImageObject\",\"inLanguage\":\"es\",\"@id\":\"https:\\\/\\\/www.igt.nl\\\/es\\\/producto\\\/papel-visor-de-delaminaciones\\\/#primaryimage\",\"url\":\"https:\\\/\\\/www.igt.nl\\\/wp-content\\\/uploads\\\/Delamination-viewer-U-1-1.png\",\"contentUrl\":\"https:\\\/\\\/www.igt.nl\\\/wp-content\\\/uploads\\\/Delamination-viewer-U-1-1.png\",\"width\":573,\"height\":523},{\"@type\":\"BreadcrumbList\",\"@id\":\"https:\\\/\\\/www.igt.nl\\\/es\\\/producto\\\/papel-visor-de-delaminaciones\\\/#breadcrumb\",\"itemListElement\":[{\"@type\":\"ListItem\",\"position\":1,\"name\":\"Home\",\"item\":\"https:\\\/\\\/www.igt.nl\\\/es\\\/?page_id=36171\"},{\"@type\":\"ListItem\",\"position\":2,\"name\":\"Tienda\",\"item\":\"https:\\\/\\\/www.igt.nl\\\/es\\\/?page_id=36068\"},{\"@type\":\"ListItem\",\"position\":3,\"name\":\"Sin categor\u00eda\",\"item\":\"https:\\\/\\\/www.igt.nl\\\/es\\\/product-categorie\\\/sin-categoria\\\/\"},{\"@type\":\"ListItem\",\"position\":4,\"name\":\"Papel Visor de Delaminaciones\"}]},{\"@type\":\"WebSite\",\"@id\":\"https:\\\/\\\/www.igt.nl\\\/es\\\/#website\",\"url\":\"https:\\\/\\\/www.igt.nl\\\/es\\\/\",\"name\":\"IGT Testing Systems\",\"description\":\"\",\"potentialAction\":[{\"@type\":\"SearchAction\",\"target\":{\"@type\":\"EntryPoint\",\"urlTemplate\":\"https:\\\/\\\/www.igt.nl\\\/es\\\/?s={search_term_string}\"},\"query-input\":{\"@type\":\"PropertyValueSpecification\",\"valueRequired\":true,\"valueName\":\"search_term_string\"}}],\"inLanguage\":\"es\"}]}<\/script>\n<!-- \/ Yoast SEO plugin. -->","yoast_head_json":{"title":"Papel Visor de Delaminaciones - IGT Testing Systems","description":"Dispositivo para evaluar la delaminaci\u00f3n tras una prueba Pick. Perfil en U para papel.","robots":{"index":"index","follow":"follow","max-snippet":"max-snippet:-1","max-image-preview":"max-image-preview:large","max-video-preview":"max-video-preview:-1"},"canonical":"https:\/\/www.igt.nl\/es\/producto\/papel-visor-de-delaminaciones\/","og_locale":"es_ES","og_type":"article","og_title":"Papel Visor de Delaminaciones - IGT Testing Systems","og_description":"Dispositivo para evaluar la delaminaci\u00f3n tras una prueba Pick. Perfil en U para papel.","og_url":"https:\/\/www.igt.nl\/es\/producto\/papel-visor-de-delaminaciones\/","og_site_name":"IGT Testing Systems","article_modified_time":"2025-12-17T07:58:53+00:00","og_image":[{"width":573,"height":523,"url":"https:\/\/www.igt.nl\/wp-content\/uploads\/Delamination-viewer-U-1-1.png","type":"image\/png"}],"twitter_card":"summary_large_image","schema":{"@context":"https:\/\/schema.org","@graph":[{"@type":"WebPage","@id":"https:\/\/www.igt.nl\/es\/producto\/papel-visor-de-delaminaciones\/","url":"https:\/\/www.igt.nl\/es\/producto\/papel-visor-de-delaminaciones\/","name":"Papel Visor de Delaminaciones - IGT Testing Systems","isPartOf":{"@id":"https:\/\/www.igt.nl\/es\/#website"},"primaryImageOfPage":{"@id":"https:\/\/www.igt.nl\/es\/producto\/papel-visor-de-delaminaciones\/#primaryimage"},"image":{"@id":"https:\/\/www.igt.nl\/es\/producto\/papel-visor-de-delaminaciones\/#primaryimage"},"thumbnailUrl":"https:\/\/www.igt.nl\/wp-content\/uploads\/Delamination-viewer-U-1-1.png","datePublished":"2024-09-25T12:56:37+00:00","dateModified":"2025-12-17T07:58:53+00:00","description":"Dispositivo para evaluar la delaminaci\u00f3n tras una prueba Pick. Perfil en U para papel.","breadcrumb":{"@id":"https:\/\/www.igt.nl\/es\/producto\/papel-visor-de-delaminaciones\/#breadcrumb"},"inLanguage":"es","potentialAction":[{"@type":"ReadAction","target":["https:\/\/www.igt.nl\/es\/producto\/papel-visor-de-delaminaciones\/"]}]},{"@type":"ImageObject","inLanguage":"es","@id":"https:\/\/www.igt.nl\/es\/producto\/papel-visor-de-delaminaciones\/#primaryimage","url":"https:\/\/www.igt.nl\/wp-content\/uploads\/Delamination-viewer-U-1-1.png","contentUrl":"https:\/\/www.igt.nl\/wp-content\/uploads\/Delamination-viewer-U-1-1.png","width":573,"height":523},{"@type":"BreadcrumbList","@id":"https:\/\/www.igt.nl\/es\/producto\/papel-visor-de-delaminaciones\/#breadcrumb","itemListElement":[{"@type":"ListItem","position":1,"name":"Home","item":"https:\/\/www.igt.nl\/es\/?page_id=36171"},{"@type":"ListItem","position":2,"name":"Tienda","item":"https:\/\/www.igt.nl\/es\/?page_id=36068"},{"@type":"ListItem","position":3,"name":"Sin categor\u00eda","item":"https:\/\/www.igt.nl\/es\/product-categorie\/sin-categoria\/"},{"@type":"ListItem","position":4,"name":"Papel Visor de Delaminaciones"}]},{"@type":"WebSite","@id":"https:\/\/www.igt.nl\/es\/#website","url":"https:\/\/www.igt.nl\/es\/","name":"IGT Testing Systems","description":"","potentialAction":[{"@type":"SearchAction","target":{"@type":"EntryPoint","urlTemplate":"https:\/\/www.igt.nl\/es\/?s={search_term_string}"},"query-input":{"@type":"PropertyValueSpecification","valueRequired":true,"valueName":"search_term_string"}}],"inLanguage":"es"}]}},"_links":{"self":[{"href":"https:\/\/www.igt.nl\/es\/wp-json\/wp\/v2\/product\/37088","targetHints":{"allow":["GET"]}}],"collection":[{"href":"https:\/\/www.igt.nl\/es\/wp-json\/wp\/v2\/product"}],"about":[{"href":"https:\/\/www.igt.nl\/es\/wp-json\/wp\/v2\/types\/product"}],"replies":[{"embeddable":true,"href":"https:\/\/www.igt.nl\/es\/wp-json\/wp\/v2\/comments?post=37088"}],"wp:featuredmedia":[{"embeddable":true,"href":"https:\/\/www.igt.nl\/es\/wp-json\/wp\/v2\/media\/37090"}],"wp:attachment":[{"href":"https:\/\/www.igt.nl\/es\/wp-json\/wp\/v2\/media?parent=37088"}],"wp:term":[{"taxonomy":"product_brand","embeddable":true,"href":"https:\/\/www.igt.nl\/es\/wp-json\/wp\/v2\/product_brand?post=37088"},{"taxonomy":"product_cat","embeddable":true,"href":"https:\/\/www.igt.nl\/es\/wp-json\/wp\/v2\/product_cat?post=37088"},{"taxonomy":"product_tag","embeddable":true,"href":"https:\/\/www.igt.nl\/es\/wp-json\/wp\/v2\/product_tag?post=37088"}],"curies":[{"name":"wp","href":"https:\/\/api.w.org\/{rel}","templated":true}]}}