{"id":37138,"date":"2024-09-03T07:04:15","date_gmt":"2024-09-03T07:04:15","guid":{"rendered":"https:\/\/www.igt.nl\/?post_type=product&#038;p=37138"},"modified":"2025-12-17T07:58:55","modified_gmt":"2025-12-17T07:58:55","slug":"igt-flexoproofer","status":"publish","type":"product","link":"https:\/\/www.igt.nl\/es\/producto\/igt-flexoproofer\/","title":{"rendered":"IGT FlexoProofer"},"content":{"rendered":"<p>El IGT FlexoProofer es un dispositivo de impresi\u00f3n avanzado, especialmente desarrollado para imprimir pruebas precisas y reproducibles de colores (mezclados) sobre un sustrato espec\u00edfico. La correlaci\u00f3n con la m\u00e1quina de impresi\u00f3n comercial permite realizar pruebas reproducibles, con el menor n\u00famero posible de p\u00e9rdidas durante el proceso de impresi\u00f3n. <\/p>\n<p>La secci\u00f3n de tinta con un rodillo anilox grabado y un sistema de rasqueta, un sector con la forma de impresi\u00f3n (fotopol\u00edmero) y un sector en el que se monta el soporte generan una impresi\u00f3n de alta calidad<br \/>\nseg\u00fan un perfil preestablecido. Un potente ordenador controla con precisi\u00f3n todos los movimientos. Los perfiles pueden crearse y\/o ajustarse f\u00e1cilmente en el monitor de pantalla t\u00e1ctil.  <\/p>\n<h4>Caracter\u00edsticas<\/h4>\n<ul>\n<li><strong>Principio de fuerza de impresi\u00f3n Kiss-print: <\/strong>La presi\u00f3n (fuerza) entre el anilox y ambos sectores se controla con gran precisi\u00f3n mediante sensores.<\/li>\n<li><strong>Sistema de rasqueta de c\u00e1mara abierta: <\/strong>Este sistema de rasqueta pone la cuchilla en contacto con el rodillo anilox, lo que permite una dosificaci\u00f3n precisa de la tinta. El sistema de rascado de c\u00e1mara abierta evita que la tinta se escurra hacia los bordes del anilox, lo que puede provocar suciedad. <\/li>\n<li><strong>Sistema de sujeci\u00f3n avanzado: <\/strong>La forma de impresi\u00f3n (fotopol\u00edmero) se puede sujetar y cambiar f\u00e1cilmente. Si es necesario, se puede montar una cinta de clich\u00e9 comprimible debajo del fotopol\u00edmero. <\/li>\n<li><strong>Sector del sustrato: El<\/strong>sustrato se fija con abrazaderas y puede retirarse f\u00e1cilmente despu\u00e9s de la impresi\u00f3n.<\/li>\n<li><strong>Sustituci\u00f3n del rodillo anilox y los sectores: <\/strong>Si es necesario, tanto el rodillo anilox como los sectores pueden cambiarse f\u00e1cil y r\u00e1pidamente, sin necesidad de reajustarlos.<\/li>\n<li><strong>Interfaz f\u00e1cil de usar: <\/strong>El operador recibe instrucciones claras cuando realiza un trabajo de impresi\u00f3n.<\/li>\n<li><strong>Rodillo anilox: <\/strong>Tiene una anchura de 100 mm con un tramado del 95%. El grabado con geometr\u00eda de celda slalom est\u00e1ndar est\u00e1 disponible en distintos vol\u00famenes. <\/li>\n<li><strong>Ajustes de perfil: <\/strong>Todos los ajustes, como el n\u00famero de revoluciones de preentintado, la velocidad y la fuerza de impresi\u00f3n, se pueden guardar y almacenar como un perfil.<\/li>\n<li><strong>Modo de limpieza: <\/strong>Todas las partes de la secci\u00f3n de entintado e impresi\u00f3n pueden limpiarse r\u00e1pida y minuciosamente.<\/li>\n<\/ul>\n<h4>Ventajas<\/h4>\n<ul>\n<li><strong>Resultado coherente:<\/strong> La IGT FlexoProofer proporciona impresiones muy precisas y reproducibles, garantizando una correlaci\u00f3n \u00f3ptima entre la prensa de producci\u00f3n y la prueba.<\/li>\n<li><strong>Desviaciones m\u00ednimas:<\/strong> Las desviaciones entre las distintas impresiones son inferiores a Delta E (dE) 1, lo que garantiza que la correlaci\u00f3n con la m\u00e1quina de impresi\u00f3n sea siempre estrecha y minimiza los tiempos de inactividad de la m\u00e1quina debidos a una mala coincidencia de colores.<\/li>\n<\/ul>\n<p><strong>Con el IGT FlexoProofer, el operador puede contar con una soluci\u00f3n fiable y eficaz para predecir el color correcto en la m\u00e1quina de impresi\u00f3n. <a href=\"mailto:sales@igt.nl\">Ponte en contacto hoy mismo con<\/a> IGT Testing Systems, o con uno de nuestros 65 <a href=\"https:\/\/www.igt.nl\/representatives-igt\/\">representantes<\/a> en todo el mundo, para obtener m\u00e1s informaci\u00f3n.  <\/strong><\/p>\n<p><strong>Reserva una demostraci\u00f3n en directo en nuestras sedes en todo el mundo: <a href=\"mailto:sales@igt.nl\">Sede central de Almere<\/a>, <a href=\"mailto:sales-us@igt.nl\">Chicago<\/a>, <a href=\"mailto:singapore@igt.nl\">Singapur<\/a>.<\/strong><\/p>\n<p dir=\"auto\">Actualmente estamos de gira con <a href=\"mailto:ozan@odakkimya.com.tr\">Odak Kimya<\/a> tras nuestro exitoso escaparate en Eurasia Packaging Estambul.<\/p>\n","protected":false},"excerpt":{"rendered":"<p>Probador flexogr\u00e1fico para correlaci\u00f3n con la imprenta comercial.<\/p>\n","protected":false},"featured_media":33534,"comment_status":"closed","ping_status":"closed","template":"","meta":{"_acf_changed":false,"inline_featured_image":false},"product_brand":[],"product_cat":[3864,3438,3439,3435,3436],"product_tag":[4203],"class_list":{"0":"post-37138","1":"product","2":"type-product","3":"status-publish","4":"has-post-thumbnail","6":"product_cat-cocina-de-tinta","7":"product_cat-comprobadores-electronicos","8":"product_cat-flexo","9":"product_cat-probadores-de-tinta","10":"product_cat-probadores-graficos","11":"product_tag-reduccion","12":"product_shipping_class-normaal","13":"pa_conformance-with-standards-iso-2834-2","14":"pa_conformance-with-standards-iso-2836","15":"pa_conformance-with-standards-iso-2846-3","16":"pa_data-export-options-usb-archivo-csv","17":"pa_guarantee-estandar-un-ano","18":"pa_interfaces-portal-usb","19":"pa_lifting-system-automaticamente","20":"pa_main-application-combinacion-de-colores","21":"pa_main-application-medicion-del-color","22":"pa_main-application-valoracion-visual","23":"pa_power-supply-requirements-115-v-50-60-hz-o-230-v-50-60-hz","24":"pa_printing-discs-discos-anilox-ceramicos-grabados-por-laser","25":"pa_printing-discs-varios-reglamentos-de-linea-y-volumenes","26":"pa_sector-positioning-automaticamente","27":"pa_shaft-positioning-automaticamente","28":"pa_software-updates-por-usb","29":"pa_substrate-requirements-sustratos-flexibles","30":"pa_weight-55-kg","32":"first","33":"onbackorder","34":"shipping-taxable","35":"purchasable","36":"product-type-simple"},"acf":[],"yoast_head":"<!-- This site is optimized with the Yoast SEO plugin v27.3 - https:\/\/yoast.com\/product\/yoast-seo-wordpress\/ -->\n<title>IGT FlexoProofer - IGT Testing Systems<\/title>\n<meta name=\"description\" content=\"Con el IGT FlexoProofer, el operador puede contar con una soluci\u00f3n fiable y eficaz para predecir el color coincidente en la m\u00e1quina de impresi\u00f3n.\" \/>\n<meta name=\"robots\" content=\"index, follow, max-snippet:-1, max-image-preview:large, max-video-preview:-1\" \/>\n<link rel=\"canonical\" href=\"https:\/\/www.igt.nl\/es\/producto\/igt-flexoproofer\/\" \/>\n<meta property=\"og:locale\" content=\"es_ES\" \/>\n<meta property=\"og:type\" content=\"article\" \/>\n<meta property=\"og:title\" content=\"IGT FlexoProofer - IGT Testing Systems\" \/>\n<meta property=\"og:description\" content=\"Con el IGT FlexoProofer, el operador puede contar con una soluci\u00f3n fiable y eficaz para predecir el color coincidente en la m\u00e1quina de impresi\u00f3n.\" \/>\n<meta property=\"og:url\" content=\"https:\/\/www.igt.nl\/es\/producto\/igt-flexoproofer\/\" \/>\n<meta property=\"og:site_name\" content=\"IGT Testing Systems\" \/>\n<meta property=\"article:modified_time\" content=\"2025-12-17T07:58:55+00:00\" \/>\n<meta property=\"og:image\" content=\"https:\/\/www.igt.nl\/wp-content\/uploads\/IGT-FlexoProofer-China-Li.jpg\" \/>\n\t<meta property=\"og:image:width\" content=\"1279\" \/>\n\t<meta property=\"og:image:height\" content=\"1280\" \/>\n\t<meta property=\"og:image:type\" content=\"image\/jpeg\" \/>\n<meta name=\"twitter:card\" content=\"summary_large_image\" \/>\n<meta name=\"twitter:label1\" content=\"Tiempo de lectura\" \/>\n\t<meta name=\"twitter:data1\" content=\"3 minutos\" \/>\n<script type=\"application\/ld+json\" class=\"yoast-schema-graph\">{\"@context\":\"https:\\\/\\\/schema.org\",\"@graph\":[{\"@type\":\"WebPage\",\"@id\":\"https:\\\/\\\/www.igt.nl\\\/es\\\/producto\\\/igt-flexoproofer\\\/\",\"url\":\"https:\\\/\\\/www.igt.nl\\\/es\\\/producto\\\/igt-flexoproofer\\\/\",\"name\":\"IGT FlexoProofer - IGT Testing Systems\",\"isPartOf\":{\"@id\":\"https:\\\/\\\/www.igt.nl\\\/es\\\/#website\"},\"primaryImageOfPage\":{\"@id\":\"https:\\\/\\\/www.igt.nl\\\/es\\\/producto\\\/igt-flexoproofer\\\/#primaryimage\"},\"image\":{\"@id\":\"https:\\\/\\\/www.igt.nl\\\/es\\\/producto\\\/igt-flexoproofer\\\/#primaryimage\"},\"thumbnailUrl\":\"https:\\\/\\\/www.igt.nl\\\/wp-content\\\/uploads\\\/IGT-FlexoProofer-China-Li.jpg\",\"datePublished\":\"2024-09-03T07:04:15+00:00\",\"dateModified\":\"2025-12-17T07:58:55+00:00\",\"description\":\"Con el IGT FlexoProofer, el operador puede contar con una soluci\u00f3n fiable y eficaz para predecir el color coincidente en la m\u00e1quina de impresi\u00f3n.\",\"breadcrumb\":{\"@id\":\"https:\\\/\\\/www.igt.nl\\\/es\\\/producto\\\/igt-flexoproofer\\\/#breadcrumb\"},\"inLanguage\":\"es\",\"potentialAction\":[{\"@type\":\"ReadAction\",\"target\":[\"https:\\\/\\\/www.igt.nl\\\/es\\\/producto\\\/igt-flexoproofer\\\/\"]}]},{\"@type\":\"ImageObject\",\"inLanguage\":\"es\",\"@id\":\"https:\\\/\\\/www.igt.nl\\\/es\\\/producto\\\/igt-flexoproofer\\\/#primaryimage\",\"url\":\"https:\\\/\\\/www.igt.nl\\\/wp-content\\\/uploads\\\/IGT-FlexoProofer-China-Li.jpg\",\"contentUrl\":\"https:\\\/\\\/www.igt.nl\\\/wp-content\\\/uploads\\\/IGT-FlexoProofer-China-Li.jpg\",\"width\":1279,\"height\":1280,\"caption\":\"FlexoProofer\"},{\"@type\":\"BreadcrumbList\",\"@id\":\"https:\\\/\\\/www.igt.nl\\\/es\\\/producto\\\/igt-flexoproofer\\\/#breadcrumb\",\"itemListElement\":[{\"@type\":\"ListItem\",\"position\":1,\"name\":\"Home\",\"item\":\"https:\\\/\\\/www.igt.nl\\\/es\\\/?page_id=36171\"},{\"@type\":\"ListItem\",\"position\":2,\"name\":\"Tienda\",\"item\":\"https:\\\/\\\/www.igt.nl\\\/es\\\/?page_id=36068\"},{\"@type\":\"ListItem\",\"position\":3,\"name\":\"Probadores de tinta\",\"item\":\"https:\\\/\\\/www.igt.nl\\\/es\\\/product-categorie\\\/probadores-de-tinta\\\/\"},{\"@type\":\"ListItem\",\"position\":4,\"name\":\"Flexo\",\"item\":\"https:\\\/\\\/www.igt.nl\\\/es\\\/product-categorie\\\/flexo\\\/\"},{\"@type\":\"ListItem\",\"position\":5,\"name\":\"IGT FlexoProofer\"}]},{\"@type\":\"WebSite\",\"@id\":\"https:\\\/\\\/www.igt.nl\\\/es\\\/#website\",\"url\":\"https:\\\/\\\/www.igt.nl\\\/es\\\/\",\"name\":\"IGT Testing Systems\",\"description\":\"\",\"potentialAction\":[{\"@type\":\"SearchAction\",\"target\":{\"@type\":\"EntryPoint\",\"urlTemplate\":\"https:\\\/\\\/www.igt.nl\\\/es\\\/?s={search_term_string}\"},\"query-input\":{\"@type\":\"PropertyValueSpecification\",\"valueRequired\":true,\"valueName\":\"search_term_string\"}}],\"inLanguage\":\"es\"}]}<\/script>\n<!-- \/ Yoast SEO plugin. -->","yoast_head_json":{"title":"IGT FlexoProofer - IGT Testing Systems","description":"Con el IGT FlexoProofer, el operador puede contar con una soluci\u00f3n fiable y eficaz para predecir el color coincidente en la m\u00e1quina de impresi\u00f3n.","robots":{"index":"index","follow":"follow","max-snippet":"max-snippet:-1","max-image-preview":"max-image-preview:large","max-video-preview":"max-video-preview:-1"},"canonical":"https:\/\/www.igt.nl\/es\/producto\/igt-flexoproofer\/","og_locale":"es_ES","og_type":"article","og_title":"IGT FlexoProofer - IGT Testing Systems","og_description":"Con el IGT FlexoProofer, el operador puede contar con una soluci\u00f3n fiable y eficaz para predecir el color coincidente en la m\u00e1quina de impresi\u00f3n.","og_url":"https:\/\/www.igt.nl\/es\/producto\/igt-flexoproofer\/","og_site_name":"IGT Testing Systems","article_modified_time":"2025-12-17T07:58:55+00:00","og_image":[{"width":1279,"height":1280,"url":"https:\/\/www.igt.nl\/wp-content\/uploads\/IGT-FlexoProofer-China-Li.jpg","type":"image\/jpeg"}],"twitter_card":"summary_large_image","twitter_misc":{"Tiempo de lectura":"3 minutos"},"schema":{"@context":"https:\/\/schema.org","@graph":[{"@type":"WebPage","@id":"https:\/\/www.igt.nl\/es\/producto\/igt-flexoproofer\/","url":"https:\/\/www.igt.nl\/es\/producto\/igt-flexoproofer\/","name":"IGT FlexoProofer - IGT Testing Systems","isPartOf":{"@id":"https:\/\/www.igt.nl\/es\/#website"},"primaryImageOfPage":{"@id":"https:\/\/www.igt.nl\/es\/producto\/igt-flexoproofer\/#primaryimage"},"image":{"@id":"https:\/\/www.igt.nl\/es\/producto\/igt-flexoproofer\/#primaryimage"},"thumbnailUrl":"https:\/\/www.igt.nl\/wp-content\/uploads\/IGT-FlexoProofer-China-Li.jpg","datePublished":"2024-09-03T07:04:15+00:00","dateModified":"2025-12-17T07:58:55+00:00","description":"Con el IGT FlexoProofer, el operador puede contar con una soluci\u00f3n fiable y eficaz para predecir el color coincidente en la m\u00e1quina de impresi\u00f3n.","breadcrumb":{"@id":"https:\/\/www.igt.nl\/es\/producto\/igt-flexoproofer\/#breadcrumb"},"inLanguage":"es","potentialAction":[{"@type":"ReadAction","target":["https:\/\/www.igt.nl\/es\/producto\/igt-flexoproofer\/"]}]},{"@type":"ImageObject","inLanguage":"es","@id":"https:\/\/www.igt.nl\/es\/producto\/igt-flexoproofer\/#primaryimage","url":"https:\/\/www.igt.nl\/wp-content\/uploads\/IGT-FlexoProofer-China-Li.jpg","contentUrl":"https:\/\/www.igt.nl\/wp-content\/uploads\/IGT-FlexoProofer-China-Li.jpg","width":1279,"height":1280,"caption":"FlexoProofer"},{"@type":"BreadcrumbList","@id":"https:\/\/www.igt.nl\/es\/producto\/igt-flexoproofer\/#breadcrumb","itemListElement":[{"@type":"ListItem","position":1,"name":"Home","item":"https:\/\/www.igt.nl\/es\/?page_id=36171"},{"@type":"ListItem","position":2,"name":"Tienda","item":"https:\/\/www.igt.nl\/es\/?page_id=36068"},{"@type":"ListItem","position":3,"name":"Probadores de tinta","item":"https:\/\/www.igt.nl\/es\/product-categorie\/probadores-de-tinta\/"},{"@type":"ListItem","position":4,"name":"Flexo","item":"https:\/\/www.igt.nl\/es\/product-categorie\/flexo\/"},{"@type":"ListItem","position":5,"name":"IGT FlexoProofer"}]},{"@type":"WebSite","@id":"https:\/\/www.igt.nl\/es\/#website","url":"https:\/\/www.igt.nl\/es\/","name":"IGT Testing Systems","description":"","potentialAction":[{"@type":"SearchAction","target":{"@type":"EntryPoint","urlTemplate":"https:\/\/www.igt.nl\/es\/?s={search_term_string}"},"query-input":{"@type":"PropertyValueSpecification","valueRequired":true,"valueName":"search_term_string"}}],"inLanguage":"es"}]}},"_links":{"self":[{"href":"https:\/\/www.igt.nl\/es\/wp-json\/wp\/v2\/product\/37138","targetHints":{"allow":["GET"]}}],"collection":[{"href":"https:\/\/www.igt.nl\/es\/wp-json\/wp\/v2\/product"}],"about":[{"href":"https:\/\/www.igt.nl\/es\/wp-json\/wp\/v2\/types\/product"}],"replies":[{"embeddable":true,"href":"https:\/\/www.igt.nl\/es\/wp-json\/wp\/v2\/comments?post=37138"}],"wp:featuredmedia":[{"embeddable":true,"href":"https:\/\/www.igt.nl\/es\/wp-json\/wp\/v2\/media\/33534"}],"wp:attachment":[{"href":"https:\/\/www.igt.nl\/es\/wp-json\/wp\/v2\/media?parent=37138"}],"wp:term":[{"taxonomy":"product_brand","embeddable":true,"href":"https:\/\/www.igt.nl\/es\/wp-json\/wp\/v2\/product_brand?post=37138"},{"taxonomy":"product_cat","embeddable":true,"href":"https:\/\/www.igt.nl\/es\/wp-json\/wp\/v2\/product_cat?post=37138"},{"taxonomy":"product_tag","embeddable":true,"href":"https:\/\/www.igt.nl\/es\/wp-json\/wp\/v2\/product_tag?post=37138"}],"curies":[{"name":"wp","href":"https:\/\/api.w.org\/{rel}","templated":true}]}}