{"id":37157,"date":"2024-03-08T08:47:12","date_gmt":"2024-03-08T08:47:12","guid":{"rendered":"https:\/\/www.igt.nl\/?post_type=product&#038;p=37157"},"modified":"2025-12-17T07:58:57","modified_gmt":"2025-12-17T07:58:57","slug":"herramienta-de-prueba-porometrica-igt","status":"publish","type":"product","link":"https:\/\/www.igt.nl\/es\/producto\/herramienta-de-prueba-porometrica-igt\/","title":{"rendered":"Herramienta de prueba porom\u00e9trica IGT"},"content":{"rendered":"<p>Herramienta de prueba porom\u00e9trica<\/p>\n<p>Sello met\u00e1lico de bronce para la prueba porom\u00e9trica de absorci\u00f3n de tinta.<\/p>\n<p>La herramienta tiene un peso y una huella espec\u00edficos para proporcionar una presi\u00f3n fija sobre la tinta aplicada en la muestra.<\/p>\n<p>&nbsp;<\/p>\n","protected":false},"excerpt":{"rendered":"<p>Sello Bronce Met\u00e1lico \u00d824mm, peso 485 g<\/p>\n","protected":false},"featured_media":37166,"comment_status":"closed","ping_status":"closed","template":"","meta":{"_acf_changed":false,"inline_featured_image":false},"product_brand":[],"product_cat":[25],"product_tag":[],"class_list":{"0":"post-37157","1":"product","2":"type-product","3":"status-publish","4":"has-post-thumbnail","6":"product_cat-no-categorie","8":"first","9":"instock","10":"featured","11":"shipping-taxable","12":"purchasable","13":"product-type-simple"},"acf":[],"yoast_head":"<!-- This site is optimized with the Yoast SEO plugin v27.3 - https:\/\/yoast.com\/product\/yoast-seo-wordpress\/ -->\n<title>Herramienta de prueba porom\u00e9trica IGT - IGT Testing Systems<\/title>\n<meta name=\"description\" content=\"Herramienta de prueba porom\u00e9trica. Sello met\u00e1lico de bronce para la prueba porom\u00e9trica de absorci\u00f3n de tinta. La herramienta tiene un peso y una huella espec\u00edficos.\" \/>\n<meta name=\"robots\" content=\"index, follow, max-snippet:-1, max-image-preview:large, max-video-preview:-1\" \/>\n<link rel=\"canonical\" href=\"https:\/\/www.igt.nl\/es\/producto\/herramienta-de-prueba-porometrica-igt\/\" \/>\n<meta property=\"og:locale\" content=\"es_ES\" \/>\n<meta property=\"og:type\" content=\"article\" \/>\n<meta property=\"og:title\" content=\"Herramienta de prueba porom\u00e9trica IGT - IGT Testing Systems\" \/>\n<meta property=\"og:description\" content=\"Herramienta de prueba porom\u00e9trica. Sello met\u00e1lico de bronce para la prueba porom\u00e9trica de absorci\u00f3n de tinta. La herramienta tiene un peso y una huella espec\u00edficos.\" \/>\n<meta property=\"og:url\" content=\"https:\/\/www.igt.nl\/es\/producto\/herramienta-de-prueba-porometrica-igt\/\" \/>\n<meta property=\"og:site_name\" content=\"IGT Testing Systems\" \/>\n<meta property=\"article:modified_time\" content=\"2025-12-17T07:58:57+00:00\" \/>\n<meta property=\"og:image\" content=\"https:\/\/www.igt.nl\/wp-content\/uploads\/Porometric-weight-paperkopie-scaled.jpg\" \/>\n\t<meta property=\"og:image:width\" content=\"2060\" \/>\n\t<meta property=\"og:image:height\" content=\"1373\" \/>\n\t<meta property=\"og:image:type\" content=\"image\/jpeg\" \/>\n<meta name=\"twitter:card\" content=\"summary_large_image\" \/>\n<script type=\"application\/ld+json\" class=\"yoast-schema-graph\">{\"@context\":\"https:\\\/\\\/schema.org\",\"@graph\":[{\"@type\":\"WebPage\",\"@id\":\"https:\\\/\\\/www.igt.nl\\\/es\\\/producto\\\/herramienta-de-prueba-porometrica-igt\\\/\",\"url\":\"https:\\\/\\\/www.igt.nl\\\/es\\\/producto\\\/herramienta-de-prueba-porometrica-igt\\\/\",\"name\":\"Herramienta de prueba porom\u00e9trica IGT - IGT Testing Systems\",\"isPartOf\":{\"@id\":\"https:\\\/\\\/www.igt.nl\\\/es\\\/#website\"},\"primaryImageOfPage\":{\"@id\":\"https:\\\/\\\/www.igt.nl\\\/es\\\/producto\\\/herramienta-de-prueba-porometrica-igt\\\/#primaryimage\"},\"image\":{\"@id\":\"https:\\\/\\\/www.igt.nl\\\/es\\\/producto\\\/herramienta-de-prueba-porometrica-igt\\\/#primaryimage\"},\"thumbnailUrl\":\"https:\\\/\\\/www.igt.nl\\\/wp-content\\\/uploads\\\/Porometric-weight-paperkopie-scaled.jpg\",\"datePublished\":\"2024-03-08T08:47:12+00:00\",\"dateModified\":\"2025-12-17T07:58:57+00:00\",\"description\":\"Herramienta de prueba porom\u00e9trica. Sello met\u00e1lico de bronce para la prueba porom\u00e9trica de absorci\u00f3n de tinta. La herramienta tiene un peso y una huella espec\u00edficos.\",\"breadcrumb\":{\"@id\":\"https:\\\/\\\/www.igt.nl\\\/es\\\/producto\\\/herramienta-de-prueba-porometrica-igt\\\/#breadcrumb\"},\"inLanguage\":\"es\",\"potentialAction\":[{\"@type\":\"ReadAction\",\"target\":[\"https:\\\/\\\/www.igt.nl\\\/es\\\/producto\\\/herramienta-de-prueba-porometrica-igt\\\/\"]}]},{\"@type\":\"ImageObject\",\"inLanguage\":\"es\",\"@id\":\"https:\\\/\\\/www.igt.nl\\\/es\\\/producto\\\/herramienta-de-prueba-porometrica-igt\\\/#primaryimage\",\"url\":\"https:\\\/\\\/www.igt.nl\\\/wp-content\\\/uploads\\\/Porometric-weight-paperkopie-scaled.jpg\",\"contentUrl\":\"https:\\\/\\\/www.igt.nl\\\/wp-content\\\/uploads\\\/Porometric-weight-paperkopie-scaled.jpg\",\"width\":2060,\"height\":1373},{\"@type\":\"BreadcrumbList\",\"@id\":\"https:\\\/\\\/www.igt.nl\\\/es\\\/producto\\\/herramienta-de-prueba-porometrica-igt\\\/#breadcrumb\",\"itemListElement\":[{\"@type\":\"ListItem\",\"position\":1,\"name\":\"Home\",\"item\":\"https:\\\/\\\/www.igt.nl\\\/es\\\/?page_id=36171\"},{\"@type\":\"ListItem\",\"position\":2,\"name\":\"Tienda\",\"item\":\"https:\\\/\\\/www.igt.nl\\\/es\\\/?page_id=36068\"},{\"@type\":\"ListItem\",\"position\":3,\"name\":\"Accesorios\",\"item\":\"https:\\\/\\\/www.igt.nl\\\/es\\\/product-categorie\\\/accesorios\\\/\"},{\"@type\":\"ListItem\",\"position\":4,\"name\":\"Herramienta de prueba porom\u00e9trica IGT\"}]},{\"@type\":\"WebSite\",\"@id\":\"https:\\\/\\\/www.igt.nl\\\/es\\\/#website\",\"url\":\"https:\\\/\\\/www.igt.nl\\\/es\\\/\",\"name\":\"IGT Testing Systems\",\"description\":\"\",\"potentialAction\":[{\"@type\":\"SearchAction\",\"target\":{\"@type\":\"EntryPoint\",\"urlTemplate\":\"https:\\\/\\\/www.igt.nl\\\/es\\\/?s={search_term_string}\"},\"query-input\":{\"@type\":\"PropertyValueSpecification\",\"valueRequired\":true,\"valueName\":\"search_term_string\"}}],\"inLanguage\":\"es\"}]}<\/script>\n<!-- \/ Yoast SEO plugin. -->","yoast_head_json":{"title":"Herramienta de prueba porom\u00e9trica IGT - IGT Testing Systems","description":"Herramienta de prueba porom\u00e9trica. Sello met\u00e1lico de bronce para la prueba porom\u00e9trica de absorci\u00f3n de tinta. La herramienta tiene un peso y una huella espec\u00edficos.","robots":{"index":"index","follow":"follow","max-snippet":"max-snippet:-1","max-image-preview":"max-image-preview:large","max-video-preview":"max-video-preview:-1"},"canonical":"https:\/\/www.igt.nl\/es\/producto\/herramienta-de-prueba-porometrica-igt\/","og_locale":"es_ES","og_type":"article","og_title":"Herramienta de prueba porom\u00e9trica IGT - IGT Testing Systems","og_description":"Herramienta de prueba porom\u00e9trica. Sello met\u00e1lico de bronce para la prueba porom\u00e9trica de absorci\u00f3n de tinta. La herramienta tiene un peso y una huella espec\u00edficos.","og_url":"https:\/\/www.igt.nl\/es\/producto\/herramienta-de-prueba-porometrica-igt\/","og_site_name":"IGT Testing Systems","article_modified_time":"2025-12-17T07:58:57+00:00","og_image":[{"width":2060,"height":1373,"url":"https:\/\/www.igt.nl\/wp-content\/uploads\/Porometric-weight-paperkopie-scaled.jpg","type":"image\/jpeg"}],"twitter_card":"summary_large_image","schema":{"@context":"https:\/\/schema.org","@graph":[{"@type":"WebPage","@id":"https:\/\/www.igt.nl\/es\/producto\/herramienta-de-prueba-porometrica-igt\/","url":"https:\/\/www.igt.nl\/es\/producto\/herramienta-de-prueba-porometrica-igt\/","name":"Herramienta de prueba porom\u00e9trica IGT - IGT Testing Systems","isPartOf":{"@id":"https:\/\/www.igt.nl\/es\/#website"},"primaryImageOfPage":{"@id":"https:\/\/www.igt.nl\/es\/producto\/herramienta-de-prueba-porometrica-igt\/#primaryimage"},"image":{"@id":"https:\/\/www.igt.nl\/es\/producto\/herramienta-de-prueba-porometrica-igt\/#primaryimage"},"thumbnailUrl":"https:\/\/www.igt.nl\/wp-content\/uploads\/Porometric-weight-paperkopie-scaled.jpg","datePublished":"2024-03-08T08:47:12+00:00","dateModified":"2025-12-17T07:58:57+00:00","description":"Herramienta de prueba porom\u00e9trica. Sello met\u00e1lico de bronce para la prueba porom\u00e9trica de absorci\u00f3n de tinta. La herramienta tiene un peso y una huella espec\u00edficos.","breadcrumb":{"@id":"https:\/\/www.igt.nl\/es\/producto\/herramienta-de-prueba-porometrica-igt\/#breadcrumb"},"inLanguage":"es","potentialAction":[{"@type":"ReadAction","target":["https:\/\/www.igt.nl\/es\/producto\/herramienta-de-prueba-porometrica-igt\/"]}]},{"@type":"ImageObject","inLanguage":"es","@id":"https:\/\/www.igt.nl\/es\/producto\/herramienta-de-prueba-porometrica-igt\/#primaryimage","url":"https:\/\/www.igt.nl\/wp-content\/uploads\/Porometric-weight-paperkopie-scaled.jpg","contentUrl":"https:\/\/www.igt.nl\/wp-content\/uploads\/Porometric-weight-paperkopie-scaled.jpg","width":2060,"height":1373},{"@type":"BreadcrumbList","@id":"https:\/\/www.igt.nl\/es\/producto\/herramienta-de-prueba-porometrica-igt\/#breadcrumb","itemListElement":[{"@type":"ListItem","position":1,"name":"Home","item":"https:\/\/www.igt.nl\/es\/?page_id=36171"},{"@type":"ListItem","position":2,"name":"Tienda","item":"https:\/\/www.igt.nl\/es\/?page_id=36068"},{"@type":"ListItem","position":3,"name":"Accesorios","item":"https:\/\/www.igt.nl\/es\/product-categorie\/accesorios\/"},{"@type":"ListItem","position":4,"name":"Herramienta de prueba porom\u00e9trica IGT"}]},{"@type":"WebSite","@id":"https:\/\/www.igt.nl\/es\/#website","url":"https:\/\/www.igt.nl\/es\/","name":"IGT Testing Systems","description":"","potentialAction":[{"@type":"SearchAction","target":{"@type":"EntryPoint","urlTemplate":"https:\/\/www.igt.nl\/es\/?s={search_term_string}"},"query-input":{"@type":"PropertyValueSpecification","valueRequired":true,"valueName":"search_term_string"}}],"inLanguage":"es"}]}},"_links":{"self":[{"href":"https:\/\/www.igt.nl\/es\/wp-json\/wp\/v2\/product\/37157","targetHints":{"allow":["GET"]}}],"collection":[{"href":"https:\/\/www.igt.nl\/es\/wp-json\/wp\/v2\/product"}],"about":[{"href":"https:\/\/www.igt.nl\/es\/wp-json\/wp\/v2\/types\/product"}],"replies":[{"embeddable":true,"href":"https:\/\/www.igt.nl\/es\/wp-json\/wp\/v2\/comments?post=37157"}],"wp:featuredmedia":[{"embeddable":true,"href":"https:\/\/www.igt.nl\/es\/wp-json\/wp\/v2\/media\/37166"}],"wp:attachment":[{"href":"https:\/\/www.igt.nl\/es\/wp-json\/wp\/v2\/media?parent=37157"}],"wp:term":[{"taxonomy":"product_brand","embeddable":true,"href":"https:\/\/www.igt.nl\/es\/wp-json\/wp\/v2\/product_brand?post=37157"},{"taxonomy":"product_cat","embeddable":true,"href":"https:\/\/www.igt.nl\/es\/wp-json\/wp\/v2\/product_cat?post=37157"},{"taxonomy":"product_tag","embeddable":true,"href":"https:\/\/www.igt.nl\/es\/wp-json\/wp\/v2\/product_tag?post=37157"}],"curies":[{"name":"wp","href":"https:\/\/api.w.org\/{rel}","templated":true}]}}