{"id":37185,"date":"2021-02-02T13:39:41","date_gmt":"2021-02-02T13:39:41","guid":{"rendered":"https:\/\/www.igt.nl\/?post_type=product&#038;p=37185"},"modified":"2025-12-17T07:59:43","modified_gmt":"2025-12-17T07:59:43","slug":"amsterdam-2-basico","status":"publish","type":"product","link":"https:\/\/www.igt.nl\/es\/producto\/amsterdam-2-basico\/","title":{"rendered":"Amsterdam 2 B\u00e1sico"},"content":{"rendered":"<p>Comprobador de imprimibilidad multifunci\u00f3n automatizado con dos ejes de impresi\u00f3n.<\/p>\n<p>Sin embargo, esta unidad no est\u00e1 equipada con la c\u00e1mara ni con el software de an\u00e1lisis.<\/p>\n<p>&nbsp;<\/p>\n<p>Nueva gama de comprobadores de Imprimibilidad opcionales con sistemas de an\u00e1lisis integrados, basados en c\u00e1maras. La gama consta de dispositivos con uno a seis ejes de impresi\u00f3n para una flexibilidad m\u00e1xima de los m\u00e9todos de prueba. La amplia gama de m\u00e9todos de prueba puede ampliarse con m\u00e9todos definidos por el usuario. Con ello es capaz de realizar todas las pruebas de un Probador Global Standard P m\u00e1s las pruebas de un Probador Global Standard 2, incluyendo combinaciones de velocidad constante y creciente en un m\u00e9todo de prueba.   <\/p>\n<p>La gama de IGT Amsterdam:<\/p>\n<ul>\n<li>De 1 a 6 ejes de impresi\u00f3n, cada uno puede equiparse con un accionamiento para imprimir en registro si es necesario<\/li>\n<li>Tiempos de intervalo muy peque\u00f1os, hasta 0,02 s<\/li>\n<li>Gran n\u00famero de m\u00e9todos de ensayo<\/li>\n<li>Muy f\u00e1cil de manejar<\/li>\n<li>An\u00e1lisis en l\u00ednea de varios m\u00e9todos de ensayo<\/li>\n<li>Exportaci\u00f3n de im\u00e1genes escaneadas y resultados<\/li>\n<\/ul>\n","protected":false},"excerpt":{"rendered":"<p>Comprobador de imprimibilidad polivalente automatizado con dos ejes de impresi\u00f3n; sin c\u00e1mara ni software de an\u00e1lisis.<\/p>\n","protected":false},"featured_media":37189,"comment_status":"closed","ping_status":"closed","template":"","meta":{"_acf_changed":false,"inline_featured_image":false},"product_brand":[],"product_cat":[25],"product_tag":[],"class_list":{"0":"post-37185","1":"product","2":"type-product","3":"status-publish","4":"has-post-thumbnail","6":"product_cat-no-categorie","8":"first","9":"instock","10":"featured","11":"shipping-taxable","12":"purchasable","13":"product-type-simple"},"acf":[],"yoast_head":"<!-- This site is optimized with the Yoast SEO plugin v27.3 - https:\/\/yoast.com\/product\/yoast-seo-wordpress\/ -->\n<title>Amsterdam 2 B\u00e1sico - IGT Testing Systems<\/title>\n<meta name=\"description\" content=\"Comprobador de imprimibilidad multifunci\u00f3n automatizado con dos ejes de impresi\u00f3n. Esta unidad no est\u00e1 equipada con la c\u00e1mara ni con el software de an\u00e1lisis.\" \/>\n<meta name=\"robots\" content=\"index, follow, max-snippet:-1, max-image-preview:large, max-video-preview:-1\" \/>\n<link rel=\"canonical\" href=\"https:\/\/www.igt.nl\/es\/producto\/amsterdam-2-basico\/\" \/>\n<meta property=\"og:locale\" content=\"es_ES\" \/>\n<meta property=\"og:type\" content=\"article\" \/>\n<meta property=\"og:title\" content=\"Amsterdam 2 B\u00e1sico - IGT Testing Systems\" \/>\n<meta property=\"og:description\" content=\"Comprobador de imprimibilidad multifunci\u00f3n automatizado con dos ejes de impresi\u00f3n. Esta unidad no est\u00e1 equipada con la c\u00e1mara ni con el software de an\u00e1lisis.\" \/>\n<meta property=\"og:url\" content=\"https:\/\/www.igt.nl\/es\/producto\/amsterdam-2-basico\/\" \/>\n<meta property=\"og:site_name\" content=\"IGT Testing Systems\" \/>\n<meta property=\"article:modified_time\" content=\"2025-12-17T07:59:43+00:00\" \/>\n<meta property=\"og:image\" content=\"https:\/\/www.igt.nl\/wp-content\/uploads\/722.000_AMS-2B_MGF7714_PrintPenetration_00_vs-rvs_1-1.jpg\" \/>\n\t<meta property=\"og:image:width\" content=\"1200\" \/>\n\t<meta property=\"og:image:height\" content=\"1200\" \/>\n\t<meta property=\"og:image:type\" content=\"image\/jpeg\" \/>\n<meta name=\"twitter:card\" content=\"summary_large_image\" \/>\n<meta name=\"twitter:label1\" content=\"Tiempo de lectura\" \/>\n\t<meta name=\"twitter:data1\" content=\"1 minuto\" \/>\n<script type=\"application\/ld+json\" class=\"yoast-schema-graph\">{\"@context\":\"https:\\\/\\\/schema.org\",\"@graph\":[{\"@type\":\"WebPage\",\"@id\":\"https:\\\/\\\/www.igt.nl\\\/es\\\/producto\\\/amsterdam-2-basico\\\/\",\"url\":\"https:\\\/\\\/www.igt.nl\\\/es\\\/producto\\\/amsterdam-2-basico\\\/\",\"name\":\"Amsterdam 2 B\u00e1sico - IGT Testing Systems\",\"isPartOf\":{\"@id\":\"https:\\\/\\\/www.igt.nl\\\/es\\\/#website\"},\"primaryImageOfPage\":{\"@id\":\"https:\\\/\\\/www.igt.nl\\\/es\\\/producto\\\/amsterdam-2-basico\\\/#primaryimage\"},\"image\":{\"@id\":\"https:\\\/\\\/www.igt.nl\\\/es\\\/producto\\\/amsterdam-2-basico\\\/#primaryimage\"},\"thumbnailUrl\":\"https:\\\/\\\/www.igt.nl\\\/wp-content\\\/uploads\\\/722.000_AMS-2B_MGF7714_PrintPenetration_00_vs-rvs_1-1.jpg\",\"datePublished\":\"2021-02-02T13:39:41+00:00\",\"dateModified\":\"2025-12-17T07:59:43+00:00\",\"description\":\"Comprobador de imprimibilidad multifunci\u00f3n automatizado con dos ejes de impresi\u00f3n. Esta unidad no est\u00e1 equipada con la c\u00e1mara ni con el software de an\u00e1lisis.\",\"breadcrumb\":{\"@id\":\"https:\\\/\\\/www.igt.nl\\\/es\\\/producto\\\/amsterdam-2-basico\\\/#breadcrumb\"},\"inLanguage\":\"es\",\"potentialAction\":[{\"@type\":\"ReadAction\",\"target\":[\"https:\\\/\\\/www.igt.nl\\\/es\\\/producto\\\/amsterdam-2-basico\\\/\"]}]},{\"@type\":\"ImageObject\",\"inLanguage\":\"es\",\"@id\":\"https:\\\/\\\/www.igt.nl\\\/es\\\/producto\\\/amsterdam-2-basico\\\/#primaryimage\",\"url\":\"https:\\\/\\\/www.igt.nl\\\/wp-content\\\/uploads\\\/722.000_AMS-2B_MGF7714_PrintPenetration_00_vs-rvs_1-1.jpg\",\"contentUrl\":\"https:\\\/\\\/www.igt.nl\\\/wp-content\\\/uploads\\\/722.000_AMS-2B_MGF7714_PrintPenetration_00_vs-rvs_1-1.jpg\",\"width\":1200,\"height\":1200},{\"@type\":\"BreadcrumbList\",\"@id\":\"https:\\\/\\\/www.igt.nl\\\/es\\\/producto\\\/amsterdam-2-basico\\\/#breadcrumb\",\"itemListElement\":[{\"@type\":\"ListItem\",\"position\":1,\"name\":\"Home\",\"item\":\"https:\\\/\\\/www.igt.nl\\\/es\\\/?page_id=36171\"},{\"@type\":\"ListItem\",\"position\":2,\"name\":\"Tienda\",\"item\":\"https:\\\/\\\/www.igt.nl\\\/es\\\/?page_id=36068\"},{\"@type\":\"ListItem\",\"position\":3,\"name\":\"Sin categor\u00eda\",\"item\":\"https:\\\/\\\/www.igt.nl\\\/es\\\/product-categorie\\\/sin-categoria\\\/\"},{\"@type\":\"ListItem\",\"position\":4,\"name\":\"Amsterdam 2 B\u00e1sico\"}]},{\"@type\":\"WebSite\",\"@id\":\"https:\\\/\\\/www.igt.nl\\\/es\\\/#website\",\"url\":\"https:\\\/\\\/www.igt.nl\\\/es\\\/\",\"name\":\"IGT Testing Systems\",\"description\":\"\",\"potentialAction\":[{\"@type\":\"SearchAction\",\"target\":{\"@type\":\"EntryPoint\",\"urlTemplate\":\"https:\\\/\\\/www.igt.nl\\\/es\\\/?s={search_term_string}\"},\"query-input\":{\"@type\":\"PropertyValueSpecification\",\"valueRequired\":true,\"valueName\":\"search_term_string\"}}],\"inLanguage\":\"es\"}]}<\/script>\n<!-- \/ Yoast SEO plugin. -->","yoast_head_json":{"title":"Amsterdam 2 B\u00e1sico - IGT Testing Systems","description":"Comprobador de imprimibilidad multifunci\u00f3n automatizado con dos ejes de impresi\u00f3n. Esta unidad no est\u00e1 equipada con la c\u00e1mara ni con el software de an\u00e1lisis.","robots":{"index":"index","follow":"follow","max-snippet":"max-snippet:-1","max-image-preview":"max-image-preview:large","max-video-preview":"max-video-preview:-1"},"canonical":"https:\/\/www.igt.nl\/es\/producto\/amsterdam-2-basico\/","og_locale":"es_ES","og_type":"article","og_title":"Amsterdam 2 B\u00e1sico - IGT Testing Systems","og_description":"Comprobador de imprimibilidad multifunci\u00f3n automatizado con dos ejes de impresi\u00f3n. Esta unidad no est\u00e1 equipada con la c\u00e1mara ni con el software de an\u00e1lisis.","og_url":"https:\/\/www.igt.nl\/es\/producto\/amsterdam-2-basico\/","og_site_name":"IGT Testing Systems","article_modified_time":"2025-12-17T07:59:43+00:00","og_image":[{"width":1200,"height":1200,"url":"https:\/\/www.igt.nl\/wp-content\/uploads\/722.000_AMS-2B_MGF7714_PrintPenetration_00_vs-rvs_1-1.jpg","type":"image\/jpeg"}],"twitter_card":"summary_large_image","twitter_misc":{"Tiempo de lectura":"1 minuto"},"schema":{"@context":"https:\/\/schema.org","@graph":[{"@type":"WebPage","@id":"https:\/\/www.igt.nl\/es\/producto\/amsterdam-2-basico\/","url":"https:\/\/www.igt.nl\/es\/producto\/amsterdam-2-basico\/","name":"Amsterdam 2 B\u00e1sico - IGT Testing Systems","isPartOf":{"@id":"https:\/\/www.igt.nl\/es\/#website"},"primaryImageOfPage":{"@id":"https:\/\/www.igt.nl\/es\/producto\/amsterdam-2-basico\/#primaryimage"},"image":{"@id":"https:\/\/www.igt.nl\/es\/producto\/amsterdam-2-basico\/#primaryimage"},"thumbnailUrl":"https:\/\/www.igt.nl\/wp-content\/uploads\/722.000_AMS-2B_MGF7714_PrintPenetration_00_vs-rvs_1-1.jpg","datePublished":"2021-02-02T13:39:41+00:00","dateModified":"2025-12-17T07:59:43+00:00","description":"Comprobador de imprimibilidad multifunci\u00f3n automatizado con dos ejes de impresi\u00f3n. Esta unidad no est\u00e1 equipada con la c\u00e1mara ni con el software de an\u00e1lisis.","breadcrumb":{"@id":"https:\/\/www.igt.nl\/es\/producto\/amsterdam-2-basico\/#breadcrumb"},"inLanguage":"es","potentialAction":[{"@type":"ReadAction","target":["https:\/\/www.igt.nl\/es\/producto\/amsterdam-2-basico\/"]}]},{"@type":"ImageObject","inLanguage":"es","@id":"https:\/\/www.igt.nl\/es\/producto\/amsterdam-2-basico\/#primaryimage","url":"https:\/\/www.igt.nl\/wp-content\/uploads\/722.000_AMS-2B_MGF7714_PrintPenetration_00_vs-rvs_1-1.jpg","contentUrl":"https:\/\/www.igt.nl\/wp-content\/uploads\/722.000_AMS-2B_MGF7714_PrintPenetration_00_vs-rvs_1-1.jpg","width":1200,"height":1200},{"@type":"BreadcrumbList","@id":"https:\/\/www.igt.nl\/es\/producto\/amsterdam-2-basico\/#breadcrumb","itemListElement":[{"@type":"ListItem","position":1,"name":"Home","item":"https:\/\/www.igt.nl\/es\/?page_id=36171"},{"@type":"ListItem","position":2,"name":"Tienda","item":"https:\/\/www.igt.nl\/es\/?page_id=36068"},{"@type":"ListItem","position":3,"name":"Sin categor\u00eda","item":"https:\/\/www.igt.nl\/es\/product-categorie\/sin-categoria\/"},{"@type":"ListItem","position":4,"name":"Amsterdam 2 B\u00e1sico"}]},{"@type":"WebSite","@id":"https:\/\/www.igt.nl\/es\/#website","url":"https:\/\/www.igt.nl\/es\/","name":"IGT Testing Systems","description":"","potentialAction":[{"@type":"SearchAction","target":{"@type":"EntryPoint","urlTemplate":"https:\/\/www.igt.nl\/es\/?s={search_term_string}"},"query-input":{"@type":"PropertyValueSpecification","valueRequired":true,"valueName":"search_term_string"}}],"inLanguage":"es"}]}},"_links":{"self":[{"href":"https:\/\/www.igt.nl\/es\/wp-json\/wp\/v2\/product\/37185","targetHints":{"allow":["GET"]}}],"collection":[{"href":"https:\/\/www.igt.nl\/es\/wp-json\/wp\/v2\/product"}],"about":[{"href":"https:\/\/www.igt.nl\/es\/wp-json\/wp\/v2\/types\/product"}],"replies":[{"embeddable":true,"href":"https:\/\/www.igt.nl\/es\/wp-json\/wp\/v2\/comments?post=37185"}],"wp:featuredmedia":[{"embeddable":true,"href":"https:\/\/www.igt.nl\/es\/wp-json\/wp\/v2\/media\/37189"}],"wp:attachment":[{"href":"https:\/\/www.igt.nl\/es\/wp-json\/wp\/v2\/media?parent=37185"}],"wp:term":[{"taxonomy":"product_brand","embeddable":true,"href":"https:\/\/www.igt.nl\/es\/wp-json\/wp\/v2\/product_brand?post=37185"},{"taxonomy":"product_cat","embeddable":true,"href":"https:\/\/www.igt.nl\/es\/wp-json\/wp\/v2\/product_cat?post=37185"},{"taxonomy":"product_tag","embeddable":true,"href":"https:\/\/www.igt.nl\/es\/wp-json\/wp\/v2\/product_tag?post=37185"}],"curies":[{"name":"wp","href":"https:\/\/api.w.org\/{rel}","templated":true}]}}