{"id":37186,"date":"2021-01-18T13:44:41","date_gmt":"2021-01-18T13:44:41","guid":{"rendered":"https:\/\/www.igt.nl\/?post_type=product&#038;p=37186"},"modified":"2025-12-17T07:59:47","modified_gmt":"2025-12-17T07:59:47","slug":"amsterdam-w-basico","status":"publish","type":"product","link":"https:\/\/www.igt.nl\/es\/producto\/amsterdam-w-basico\/","title":{"rendered":"Amsterdam W B\u00e1sico"},"content":{"rendered":"<p>Probador automatizado de imprimibilidad polivalente dedicado a la prueba Pick de Westvaco con un \u00fanico eje de impresi\u00f3n y sistema de rasqueta.<\/p>\n<p>Esta unidad se suministra de serie sin c\u00e1mara ni sistema de an\u00e1lisis Picktest, pero incluye el kit de pruebas completo para realizar la prueba Pick de Westvaco.<\/p>\n<p>La gama de comprobadores de imprimibilidad Amsterdam est\u00e1 equipada con o sin sistemas de an\u00e1lisis integrados basados en c\u00e1maras. La gama total de Amsterdam consta de dispositivos con uno a seis ejes de impresi\u00f3n para una flexibilidad m\u00e1xima de los m\u00e9todos de prueba. <\/p>\n<p>El Amsterdam W Basic se ha desarrollado especialmente para la prueba Pick de Westvaco y con fines de control de calidad. Adem\u00e1s de la prueba Pick de Westvaco, el Amsterdam W Basic tambi\u00e9n puede realizar un n\u00famero limitado de otros m\u00e9todos de prueba. <\/p>\n<p>El Amsterdam W B\u00e1sico es un sustituto del Comprobador Global Est\u00e1ndar 1W.<\/p>\n<p>La gama de IGT Amsterdam:<\/p>\n<ul>\n<li>De 1 a 6 ejes de impresi\u00f3n, cada uno puede equiparse con un accionamiento para imprimir en registro si es necesario<\/li>\n<li>Tiempos de intervalo peque\u00f1os, hasta 0,02 s<\/li>\n<li>N\u00famero peque\u00f1o o grande de m\u00e9todos de ensayo<\/li>\n<li>F\u00e1cil de manejar<\/li>\n<li>Con o sin sistema de an\u00e1lisis integrado basado en c\u00e1maras<\/li>\n<li>Software opcional de an\u00e1lisis en l\u00ednea para la prueba de picado, si se aplica la c\u00e1mara<\/li>\n<li>Exportaci\u00f3n de im\u00e1genes escaneadas y resultados si se aplica la c\u00e1mara y el software de an\u00e1lisis<\/li>\n<\/ul>\n","protected":false},"excerpt":{"rendered":"<p>Probador automatizado de imprimibilidad polivalente con un solo eje de impresi\u00f3n dedicado a la prueba de picado Westvaco; sin software de an\u00e1lisis ni c\u00e1mara.<\/p>\n","protected":false},"featured_media":0,"comment_status":"closed","ping_status":"closed","template":"","meta":{"_acf_changed":false,"inline_featured_image":false},"product_brand":[],"product_cat":[4076],"product_tag":[],"class_list":{"0":"post-37186","1":"product","2":"type-product","3":"status-publish","5":"product_cat-sin-categoria","7":"first","8":"instock","9":"featured","10":"shipping-taxable","11":"purchasable","12":"product-type-simple"},"acf":[],"yoast_head":"<!-- This site is optimized with the Yoast SEO plugin v27.3 - https:\/\/yoast.com\/product\/yoast-seo-wordpress\/ -->\n<title>Amsterdam W B\u00e1sico - IGT Testing Systems<\/title>\n<meta name=\"description\" content=\"Comprobador automatizado de imprimibilidad dedicado a la prueba Pick de Westvaco con un solo eje de impresi\u00f3n y sistema de rasqueta. Sin c\u00e1mara ni software de an\u00e1lisis.\" \/>\n<meta name=\"robots\" content=\"index, follow, max-snippet:-1, max-image-preview:large, max-video-preview:-1\" \/>\n<link rel=\"canonical\" href=\"https:\/\/www.igt.nl\/es\/producto\/amsterdam-w-basico\/\" \/>\n<meta property=\"og:locale\" content=\"es_ES\" \/>\n<meta property=\"og:type\" content=\"article\" \/>\n<meta property=\"og:title\" content=\"Amsterdam W B\u00e1sico - IGT Testing Systems\" \/>\n<meta property=\"og:description\" content=\"Comprobador automatizado de imprimibilidad dedicado a la prueba Pick de Westvaco con un solo eje de impresi\u00f3n y sistema de rasqueta. Sin c\u00e1mara ni software de an\u00e1lisis.\" \/>\n<meta property=\"og:url\" content=\"https:\/\/www.igt.nl\/es\/producto\/amsterdam-w-basico\/\" \/>\n<meta property=\"og:site_name\" content=\"IGT Testing Systems\" \/>\n<meta property=\"article:modified_time\" content=\"2025-12-17T07:59:47+00:00\" \/>\n<meta name=\"twitter:card\" content=\"summary_large_image\" \/>\n<meta name=\"twitter:label1\" content=\"Tiempo de lectura\" \/>\n\t<meta name=\"twitter:data1\" content=\"1 minuto\" \/>\n<script type=\"application\/ld+json\" class=\"yoast-schema-graph\">{\"@context\":\"https:\\\/\\\/schema.org\",\"@graph\":[{\"@type\":\"WebPage\",\"@id\":\"https:\\\/\\\/www.igt.nl\\\/es\\\/producto\\\/amsterdam-w-basico\\\/\",\"url\":\"https:\\\/\\\/www.igt.nl\\\/es\\\/producto\\\/amsterdam-w-basico\\\/\",\"name\":\"Amsterdam W B\u00e1sico - IGT Testing Systems\",\"isPartOf\":{\"@id\":\"https:\\\/\\\/www.igt.nl\\\/es\\\/#website\"},\"datePublished\":\"2021-01-18T13:44:41+00:00\",\"dateModified\":\"2025-12-17T07:59:47+00:00\",\"description\":\"Comprobador automatizado de imprimibilidad dedicado a la prueba Pick de Westvaco con un solo eje de impresi\u00f3n y sistema de rasqueta. Sin c\u00e1mara ni software de an\u00e1lisis.\",\"breadcrumb\":{\"@id\":\"https:\\\/\\\/www.igt.nl\\\/es\\\/producto\\\/amsterdam-w-basico\\\/#breadcrumb\"},\"inLanguage\":\"es\",\"potentialAction\":[{\"@type\":\"ReadAction\",\"target\":[\"https:\\\/\\\/www.igt.nl\\\/es\\\/producto\\\/amsterdam-w-basico\\\/\"]}]},{\"@type\":\"BreadcrumbList\",\"@id\":\"https:\\\/\\\/www.igt.nl\\\/es\\\/producto\\\/amsterdam-w-basico\\\/#breadcrumb\",\"itemListElement\":[{\"@type\":\"ListItem\",\"position\":1,\"name\":\"Home\",\"item\":\"https:\\\/\\\/www.igt.nl\\\/es\\\/?page_id=36171\"},{\"@type\":\"ListItem\",\"position\":2,\"name\":\"Tienda\",\"item\":\"https:\\\/\\\/www.igt.nl\\\/es\\\/?page_id=36068\"},{\"@type\":\"ListItem\",\"position\":3,\"name\":\"Sin categor\u00eda\",\"item\":\"https:\\\/\\\/www.igt.nl\\\/es\\\/product-categorie\\\/sin-categoria\\\/\"},{\"@type\":\"ListItem\",\"position\":4,\"name\":\"Amsterdam W B\u00e1sico\"}]},{\"@type\":\"WebSite\",\"@id\":\"https:\\\/\\\/www.igt.nl\\\/es\\\/#website\",\"url\":\"https:\\\/\\\/www.igt.nl\\\/es\\\/\",\"name\":\"IGT Testing Systems\",\"description\":\"\",\"potentialAction\":[{\"@type\":\"SearchAction\",\"target\":{\"@type\":\"EntryPoint\",\"urlTemplate\":\"https:\\\/\\\/www.igt.nl\\\/es\\\/?s={search_term_string}\"},\"query-input\":{\"@type\":\"PropertyValueSpecification\",\"valueRequired\":true,\"valueName\":\"search_term_string\"}}],\"inLanguage\":\"es\"}]}<\/script>\n<!-- \/ Yoast SEO plugin. -->","yoast_head_json":{"title":"Amsterdam W B\u00e1sico - IGT Testing Systems","description":"Comprobador automatizado de imprimibilidad dedicado a la prueba Pick de Westvaco con un solo eje de impresi\u00f3n y sistema de rasqueta. Sin c\u00e1mara ni software de an\u00e1lisis.","robots":{"index":"index","follow":"follow","max-snippet":"max-snippet:-1","max-image-preview":"max-image-preview:large","max-video-preview":"max-video-preview:-1"},"canonical":"https:\/\/www.igt.nl\/es\/producto\/amsterdam-w-basico\/","og_locale":"es_ES","og_type":"article","og_title":"Amsterdam W B\u00e1sico - IGT Testing Systems","og_description":"Comprobador automatizado de imprimibilidad dedicado a la prueba Pick de Westvaco con un solo eje de impresi\u00f3n y sistema de rasqueta. Sin c\u00e1mara ni software de an\u00e1lisis.","og_url":"https:\/\/www.igt.nl\/es\/producto\/amsterdam-w-basico\/","og_site_name":"IGT Testing Systems","article_modified_time":"2025-12-17T07:59:47+00:00","twitter_card":"summary_large_image","twitter_misc":{"Tiempo de lectura":"1 minuto"},"schema":{"@context":"https:\/\/schema.org","@graph":[{"@type":"WebPage","@id":"https:\/\/www.igt.nl\/es\/producto\/amsterdam-w-basico\/","url":"https:\/\/www.igt.nl\/es\/producto\/amsterdam-w-basico\/","name":"Amsterdam W B\u00e1sico - IGT Testing Systems","isPartOf":{"@id":"https:\/\/www.igt.nl\/es\/#website"},"datePublished":"2021-01-18T13:44:41+00:00","dateModified":"2025-12-17T07:59:47+00:00","description":"Comprobador automatizado de imprimibilidad dedicado a la prueba Pick de Westvaco con un solo eje de impresi\u00f3n y sistema de rasqueta. Sin c\u00e1mara ni software de an\u00e1lisis.","breadcrumb":{"@id":"https:\/\/www.igt.nl\/es\/producto\/amsterdam-w-basico\/#breadcrumb"},"inLanguage":"es","potentialAction":[{"@type":"ReadAction","target":["https:\/\/www.igt.nl\/es\/producto\/amsterdam-w-basico\/"]}]},{"@type":"BreadcrumbList","@id":"https:\/\/www.igt.nl\/es\/producto\/amsterdam-w-basico\/#breadcrumb","itemListElement":[{"@type":"ListItem","position":1,"name":"Home","item":"https:\/\/www.igt.nl\/es\/?page_id=36171"},{"@type":"ListItem","position":2,"name":"Tienda","item":"https:\/\/www.igt.nl\/es\/?page_id=36068"},{"@type":"ListItem","position":3,"name":"Sin categor\u00eda","item":"https:\/\/www.igt.nl\/es\/product-categorie\/sin-categoria\/"},{"@type":"ListItem","position":4,"name":"Amsterdam W B\u00e1sico"}]},{"@type":"WebSite","@id":"https:\/\/www.igt.nl\/es\/#website","url":"https:\/\/www.igt.nl\/es\/","name":"IGT Testing Systems","description":"","potentialAction":[{"@type":"SearchAction","target":{"@type":"EntryPoint","urlTemplate":"https:\/\/www.igt.nl\/es\/?s={search_term_string}"},"query-input":{"@type":"PropertyValueSpecification","valueRequired":true,"valueName":"search_term_string"}}],"inLanguage":"es"}]}},"_links":{"self":[{"href":"https:\/\/www.igt.nl\/es\/wp-json\/wp\/v2\/product\/37186","targetHints":{"allow":["GET"]}}],"collection":[{"href":"https:\/\/www.igt.nl\/es\/wp-json\/wp\/v2\/product"}],"about":[{"href":"https:\/\/www.igt.nl\/es\/wp-json\/wp\/v2\/types\/product"}],"replies":[{"embeddable":true,"href":"https:\/\/www.igt.nl\/es\/wp-json\/wp\/v2\/comments?post=37186"}],"wp:attachment":[{"href":"https:\/\/www.igt.nl\/es\/wp-json\/wp\/v2\/media?parent=37186"}],"wp:term":[{"taxonomy":"product_brand","embeddable":true,"href":"https:\/\/www.igt.nl\/es\/wp-json\/wp\/v2\/product_brand?post=37186"},{"taxonomy":"product_cat","embeddable":true,"href":"https:\/\/www.igt.nl\/es\/wp-json\/wp\/v2\/product_cat?post=37186"},{"taxonomy":"product_tag","embeddable":true,"href":"https:\/\/www.igt.nl\/es\/wp-json\/wp\/v2\/product_tag?post=37186"}],"curies":[{"name":"wp","href":"https:\/\/api.w.org\/{rel}","templated":true}]}}