{"id":37400,"date":"2019-09-13T07:00:29","date_gmt":"2019-09-13T07:00:29","guid":{"rendered":"https:\/\/www.igt.nl\/?post_type=product&#038;p=37400"},"modified":"2025-12-17T08:02:42","modified_gmt":"2025-12-17T08:02:42","slug":"simply-offset-fin-de-vida","status":"publish","type":"product","link":"https:\/\/www.igt.nl\/es\/producto\/simply-offset-fin-de-vida\/","title":{"rendered":"Simply Offset [FIN DE VIDA]"},"content":{"rendered":"<p>Simplemente Offset: Unidad de impresi\u00f3n para producir tiras de color con tintas offset convencionales o UV.<\/p>\n<p>Dispositivo integrado de entintado e impresi\u00f3n de bajo coste para la producci\u00f3n de impresiones en color con tintas offset. El dispositivo tiene funciones limitadas para la peque\u00f1a imprenta que s\u00f3lo realiza unas pocas tiradas al d\u00eda o incluso a la semana. <\/p>\n<p>Es el sustituto ideal de un rodillo manual, pero conforme a la norma ISO 2834-1.<\/p>\n<p><strong>Aplicaciones<\/strong><\/p>\n<p>La compensaci\u00f3n IGT Simply es especialmente adecuada para:<\/p>\n<ul>\n<li>Imprentas peque\u00f1as y medianas que s\u00f3lo realizan una cantidad muy peque\u00f1a de detracciones de color<\/li>\n<li>Imprentas que hacen tiradas peque\u00f1as, por ejemplo, para papeler\u00eda con colores corporativos o colores Pantone en cantidades muy peque\u00f1as<\/li>\n<li>La impresora sigue haciendo la coincidencia a dedo<\/li>\n<li>Impresoras que utilizan actualmente un rodillo manual pero necesitan algo m\u00e1s eficaz y r\u00e1pido<\/li>\n<li>Preparar las impresiones para la medici\u00f3n del color y la densidad en aplicaciones sencillas de ajuste de color (las aplicaciones m\u00e1s exigentes pueden necesitar un Prooffer Naranja o C1)<\/li>\n<li>Evaluaci\u00f3n del brillo de impresi\u00f3n, abrasi\u00f3n, flexibilidad, solideces, resistencias<\/li>\n<\/ul>\n<p><strong>Funcionamiento<\/strong><br \/>\nEl sistema IGT Simply Offset consta de una unidad combinada de entintado e impresi\u00f3n con forma de impresi\u00f3n fija.<br \/>\nExisten dos versiones: una para tintas convencionales y otra para tintas de curado UV. El sustrato se fija a un soporte de sustrato. Hay que aplicar una peque\u00f1a cantidad de tinta sobre la forma de impresi\u00f3n. Tras un tiempo de distribuci\u00f3n de la tinta de 60-120 s, el soporte de sustrato puede pasar por la boquilla y se realiza una impresi\u00f3n, tras lo cual se retira el sustrato para su evaluaci\u00f3n y se limpian la forma de impresi\u00f3n y la secci\u00f3n de entintado.   <\/p>\n","protected":false},"excerpt":{"rendered":"<p>Dispositivo integrado de entintado e impresi\u00f3n de bajo coste para la producci\u00f3n de impresiones en color con tintas offset.<\/p>\n","protected":false},"featured_media":37403,"comment_status":"closed","ping_status":"closed","template":"","meta":{"_acf_changed":false,"inline_featured_image":false},"product_brand":[],"product_cat":[25],"product_tag":[],"class_list":{"0":"post-37400","1":"product","2":"type-product","3":"status-publish","4":"has-post-thumbnail","6":"product_cat-no-categorie","8":"first","9":"outofstock","10":"shipping-taxable","11":"purchasable","12":"product-type-simple"},"acf":[],"yoast_head":"<!-- This site is optimized with the Yoast SEO plugin v27.3 - https:\/\/yoast.com\/product\/yoast-seo-wordpress\/ -->\n<title>Simply Offset [FIN DE VIDA] - IGT Testing Systems<\/title>\n<meta name=\"robots\" content=\"index, follow, max-snippet:-1, max-image-preview:large, max-video-preview:-1\" \/>\n<link rel=\"canonical\" href=\"https:\/\/www.igt.nl\/es\/producto\/simply-offset-fin-de-vida\/\" \/>\n<meta property=\"og:locale\" content=\"es_ES\" \/>\n<meta property=\"og:type\" content=\"article\" \/>\n<meta property=\"og:title\" content=\"Simply Offset [FIN DE VIDA] - IGT Testing Systems\" \/>\n<meta property=\"og:description\" content=\"Dispositivo integrado de entintado e impresi\u00f3n de bajo coste para la producci\u00f3n de impresiones en color con tintas offset.\" \/>\n<meta property=\"og:url\" content=\"https:\/\/www.igt.nl\/es\/producto\/simply-offset-fin-de-vida\/\" \/>\n<meta property=\"og:site_name\" content=\"IGT Testing Systems\" \/>\n<meta property=\"article:modified_time\" content=\"2025-12-17T08:02:42+00:00\" \/>\n<meta property=\"og:image\" content=\"https:\/\/www.igt.nl\/wp-content\/uploads\/simply-offset.jpg\" \/>\n\t<meta property=\"og:image:width\" content=\"1200\" \/>\n\t<meta property=\"og:image:height\" content=\"1200\" \/>\n\t<meta property=\"og:image:type\" content=\"image\/jpeg\" \/>\n<meta name=\"twitter:card\" content=\"summary_large_image\" \/>\n<meta name=\"twitter:label1\" content=\"Tiempo de lectura\" \/>\n\t<meta name=\"twitter:data1\" content=\"2 minutos\" \/>\n<script type=\"application\/ld+json\" class=\"yoast-schema-graph\">{\"@context\":\"https:\\\/\\\/schema.org\",\"@graph\":[{\"@type\":\"WebPage\",\"@id\":\"https:\\\/\\\/www.igt.nl\\\/es\\\/producto\\\/simply-offset-fin-de-vida\\\/\",\"url\":\"https:\\\/\\\/www.igt.nl\\\/es\\\/producto\\\/simply-offset-fin-de-vida\\\/\",\"name\":\"Simply Offset [FIN DE VIDA] - IGT Testing Systems\",\"isPartOf\":{\"@id\":\"https:\\\/\\\/www.igt.nl\\\/es\\\/#website\"},\"primaryImageOfPage\":{\"@id\":\"https:\\\/\\\/www.igt.nl\\\/es\\\/producto\\\/simply-offset-fin-de-vida\\\/#primaryimage\"},\"image\":{\"@id\":\"https:\\\/\\\/www.igt.nl\\\/es\\\/producto\\\/simply-offset-fin-de-vida\\\/#primaryimage\"},\"thumbnailUrl\":\"https:\\\/\\\/www.igt.nl\\\/wp-content\\\/uploads\\\/simply-offset.jpg\",\"datePublished\":\"2019-09-13T07:00:29+00:00\",\"dateModified\":\"2025-12-17T08:02:42+00:00\",\"breadcrumb\":{\"@id\":\"https:\\\/\\\/www.igt.nl\\\/es\\\/producto\\\/simply-offset-fin-de-vida\\\/#breadcrumb\"},\"inLanguage\":\"es\",\"potentialAction\":[{\"@type\":\"ReadAction\",\"target\":[\"https:\\\/\\\/www.igt.nl\\\/es\\\/producto\\\/simply-offset-fin-de-vida\\\/\"]}]},{\"@type\":\"ImageObject\",\"inLanguage\":\"es\",\"@id\":\"https:\\\/\\\/www.igt.nl\\\/es\\\/producto\\\/simply-offset-fin-de-vida\\\/#primaryimage\",\"url\":\"https:\\\/\\\/www.igt.nl\\\/wp-content\\\/uploads\\\/simply-offset.jpg\",\"contentUrl\":\"https:\\\/\\\/www.igt.nl\\\/wp-content\\\/uploads\\\/simply-offset.jpg\",\"width\":1200,\"height\":1200},{\"@type\":\"BreadcrumbList\",\"@id\":\"https:\\\/\\\/www.igt.nl\\\/es\\\/producto\\\/simply-offset-fin-de-vida\\\/#breadcrumb\",\"itemListElement\":[{\"@type\":\"ListItem\",\"position\":1,\"name\":\"Home\",\"item\":\"https:\\\/\\\/www.igt.nl\\\/es\\\/?page_id=36171\"},{\"@type\":\"ListItem\",\"position\":2,\"name\":\"Tienda\",\"item\":\"https:\\\/\\\/www.igt.nl\\\/es\\\/?page_id=36068\"},{\"@type\":\"ListItem\",\"position\":3,\"name\":\"Sin categor\u00eda\",\"item\":\"https:\\\/\\\/www.igt.nl\\\/es\\\/product-categorie\\\/sin-categoria\\\/\"},{\"@type\":\"ListItem\",\"position\":4,\"name\":\"Simply Offset [FIN DE VIDA]\"}]},{\"@type\":\"WebSite\",\"@id\":\"https:\\\/\\\/www.igt.nl\\\/es\\\/#website\",\"url\":\"https:\\\/\\\/www.igt.nl\\\/es\\\/\",\"name\":\"IGT Testing Systems\",\"description\":\"\",\"potentialAction\":[{\"@type\":\"SearchAction\",\"target\":{\"@type\":\"EntryPoint\",\"urlTemplate\":\"https:\\\/\\\/www.igt.nl\\\/es\\\/?s={search_term_string}\"},\"query-input\":{\"@type\":\"PropertyValueSpecification\",\"valueRequired\":true,\"valueName\":\"search_term_string\"}}],\"inLanguage\":\"es\"}]}<\/script>\n<!-- \/ Yoast SEO plugin. -->","yoast_head_json":{"title":"Simply Offset [FIN DE VIDA] - IGT Testing Systems","robots":{"index":"index","follow":"follow","max-snippet":"max-snippet:-1","max-image-preview":"max-image-preview:large","max-video-preview":"max-video-preview:-1"},"canonical":"https:\/\/www.igt.nl\/es\/producto\/simply-offset-fin-de-vida\/","og_locale":"es_ES","og_type":"article","og_title":"Simply Offset [FIN DE VIDA] - IGT Testing Systems","og_description":"Dispositivo integrado de entintado e impresi\u00f3n de bajo coste para la producci\u00f3n de impresiones en color con tintas offset.","og_url":"https:\/\/www.igt.nl\/es\/producto\/simply-offset-fin-de-vida\/","og_site_name":"IGT Testing Systems","article_modified_time":"2025-12-17T08:02:42+00:00","og_image":[{"width":1200,"height":1200,"url":"https:\/\/www.igt.nl\/wp-content\/uploads\/simply-offset.jpg","type":"image\/jpeg"}],"twitter_card":"summary_large_image","twitter_misc":{"Tiempo de lectura":"2 minutos"},"schema":{"@context":"https:\/\/schema.org","@graph":[{"@type":"WebPage","@id":"https:\/\/www.igt.nl\/es\/producto\/simply-offset-fin-de-vida\/","url":"https:\/\/www.igt.nl\/es\/producto\/simply-offset-fin-de-vida\/","name":"Simply Offset [FIN DE VIDA] - IGT Testing Systems","isPartOf":{"@id":"https:\/\/www.igt.nl\/es\/#website"},"primaryImageOfPage":{"@id":"https:\/\/www.igt.nl\/es\/producto\/simply-offset-fin-de-vida\/#primaryimage"},"image":{"@id":"https:\/\/www.igt.nl\/es\/producto\/simply-offset-fin-de-vida\/#primaryimage"},"thumbnailUrl":"https:\/\/www.igt.nl\/wp-content\/uploads\/simply-offset.jpg","datePublished":"2019-09-13T07:00:29+00:00","dateModified":"2025-12-17T08:02:42+00:00","breadcrumb":{"@id":"https:\/\/www.igt.nl\/es\/producto\/simply-offset-fin-de-vida\/#breadcrumb"},"inLanguage":"es","potentialAction":[{"@type":"ReadAction","target":["https:\/\/www.igt.nl\/es\/producto\/simply-offset-fin-de-vida\/"]}]},{"@type":"ImageObject","inLanguage":"es","@id":"https:\/\/www.igt.nl\/es\/producto\/simply-offset-fin-de-vida\/#primaryimage","url":"https:\/\/www.igt.nl\/wp-content\/uploads\/simply-offset.jpg","contentUrl":"https:\/\/www.igt.nl\/wp-content\/uploads\/simply-offset.jpg","width":1200,"height":1200},{"@type":"BreadcrumbList","@id":"https:\/\/www.igt.nl\/es\/producto\/simply-offset-fin-de-vida\/#breadcrumb","itemListElement":[{"@type":"ListItem","position":1,"name":"Home","item":"https:\/\/www.igt.nl\/es\/?page_id=36171"},{"@type":"ListItem","position":2,"name":"Tienda","item":"https:\/\/www.igt.nl\/es\/?page_id=36068"},{"@type":"ListItem","position":3,"name":"Sin categor\u00eda","item":"https:\/\/www.igt.nl\/es\/product-categorie\/sin-categoria\/"},{"@type":"ListItem","position":4,"name":"Simply Offset [FIN DE VIDA]"}]},{"@type":"WebSite","@id":"https:\/\/www.igt.nl\/es\/#website","url":"https:\/\/www.igt.nl\/es\/","name":"IGT Testing Systems","description":"","potentialAction":[{"@type":"SearchAction","target":{"@type":"EntryPoint","urlTemplate":"https:\/\/www.igt.nl\/es\/?s={search_term_string}"},"query-input":{"@type":"PropertyValueSpecification","valueRequired":true,"valueName":"search_term_string"}}],"inLanguage":"es"}]}},"_links":{"self":[{"href":"https:\/\/www.igt.nl\/es\/wp-json\/wp\/v2\/product\/37400","targetHints":{"allow":["GET"]}}],"collection":[{"href":"https:\/\/www.igt.nl\/es\/wp-json\/wp\/v2\/product"}],"about":[{"href":"https:\/\/www.igt.nl\/es\/wp-json\/wp\/v2\/types\/product"}],"replies":[{"embeddable":true,"href":"https:\/\/www.igt.nl\/es\/wp-json\/wp\/v2\/comments?post=37400"}],"wp:featuredmedia":[{"embeddable":true,"href":"https:\/\/www.igt.nl\/es\/wp-json\/wp\/v2\/media\/37403"}],"wp:attachment":[{"href":"https:\/\/www.igt.nl\/es\/wp-json\/wp\/v2\/media?parent=37400"}],"wp:term":[{"taxonomy":"product_brand","embeddable":true,"href":"https:\/\/www.igt.nl\/es\/wp-json\/wp\/v2\/product_brand?post=37400"},{"taxonomy":"product_cat","embeddable":true,"href":"https:\/\/www.igt.nl\/es\/wp-json\/wp\/v2\/product_cat?post=37400"},{"taxonomy":"product_tag","embeddable":true,"href":"https:\/\/www.igt.nl\/es\/wp-json\/wp\/v2\/product_tag?post=37400"}],"curies":[{"name":"wp","href":"https:\/\/api.w.org\/{rel}","templated":true}]}}