{"id":37401,"date":"2019-09-13T07:00:33","date_gmt":"2019-09-13T07:00:33","guid":{"rendered":"https:\/\/www.igt.nl\/?post_type=product&#038;p=37401"},"modified":"2025-12-17T08:02:41","modified_gmt":"2025-12-17T08:02:41","slug":"f1-basico-fin-de-vida","status":"publish","type":"product","link":"https:\/\/www.igt.nl\/es\/producto\/f1-basico-fin-de-vida\/","title":{"rendered":"F1 B\u00e1sico [FIN DE VIDA]"},"content":{"rendered":"<p>La F1 basic es s\u00f3lo para impresi\u00f3n flexogr\u00e1fica, una impresora flexogr\u00e1fica universal que se puede utilizar con tintas con base de disolvente, tintas UV y tintas al agua en una amplia gama de sustratos.<\/p>\n<p>La IGT F1 Basic est\u00e1 equipada con una serie de condiciones de impresi\u00f3n est\u00e1ndar preestablecidas \/ preseleccionadas que cubrir\u00e1n las aplicaciones de prueba m\u00e1s comunes. Esto convierte a la F1 Basic en una impresora flexogr\u00e1fica muy f\u00e1cil de usar, fiable y consistente. La IGT F1 Basic garantiza resultados consistentes gracias a su sencillo funcionamiento, bajo mantenimiento y alta precisi\u00f3n.  <\/p>\n<ul>\n<li>Alta reproducibilidad<\/li>\n<li>F\u00e1cil de manejar<\/li>\n<li>Resultados coherentes<\/li>\n<\/ul>\n","protected":false},"excerpt":{"rendered":"<p>La F1 b\u00e1sica es s\u00f3lo para impresi\u00f3n flexogr\u00e1fica; condiciones de impresi\u00f3n preestablecidas.<\/p>\n","protected":false},"featured_media":37405,"comment_status":"closed","ping_status":"closed","template":"","meta":{"_acf_changed":false,"inline_featured_image":false},"product_brand":[],"product_cat":[25],"product_tag":[],"class_list":{"0":"post-37401","1":"product","2":"type-product","3":"status-publish","4":"has-post-thumbnail","6":"product_cat-no-categorie","8":"first","9":"instock","10":"shipping-taxable","11":"purchasable","12":"product-type-simple"},"acf":[],"yoast_head":"<!-- This site is optimized with the Yoast SEO plugin v27.3 - https:\/\/yoast.com\/product\/yoast-seo-wordpress\/ -->\n<title>F1 B\u00e1sico [FIN DE VIDA] - IGT Testing Systems<\/title>\n<meta name=\"description\" content=\"Pruebas flexogr\u00e1ficas de medici\u00f3n e igualaci\u00f3n del color. Resultados constantes gracias a su sencillo funcionamiento, bajo mantenimiento y gran precisi\u00f3n.\" \/>\n<meta name=\"robots\" content=\"index, follow, max-snippet:-1, max-image-preview:large, max-video-preview:-1\" \/>\n<link rel=\"canonical\" href=\"https:\/\/www.igt.nl\/es\/producto\/f1-basico-fin-de-vida\/\" \/>\n<meta property=\"og:locale\" content=\"es_ES\" \/>\n<meta property=\"og:type\" content=\"article\" \/>\n<meta property=\"og:title\" content=\"F1 B\u00e1sico [FIN DE VIDA] - IGT Testing Systems\" \/>\n<meta property=\"og:description\" content=\"Pruebas flexogr\u00e1ficas de medici\u00f3n e igualaci\u00f3n del color. Resultados constantes gracias a su sencillo funcionamiento, bajo mantenimiento y gran precisi\u00f3n.\" \/>\n<meta property=\"og:url\" content=\"https:\/\/www.igt.nl\/es\/producto\/f1-basico-fin-de-vida\/\" \/>\n<meta property=\"og:site_name\" content=\"IGT Testing Systems\" \/>\n<meta property=\"article:modified_time\" content=\"2025-12-17T08:02:41+00:00\" \/>\n<meta property=\"og:image\" content=\"https:\/\/www.igt.nl\/wp-content\/uploads\/F1-Basic-High-Range-1-klein-700x700-e1666260190355.jpg\" \/>\n\t<meta property=\"og:image:width\" content=\"610\" \/>\n\t<meta property=\"og:image:height\" content=\"600\" \/>\n\t<meta property=\"og:image:type\" content=\"image\/jpeg\" \/>\n<meta name=\"twitter:card\" content=\"summary_large_image\" \/>\n<meta name=\"twitter:label1\" content=\"Tiempo de lectura\" \/>\n\t<meta name=\"twitter:data1\" content=\"1 minuto\" \/>\n<script type=\"application\/ld+json\" class=\"yoast-schema-graph\">{\"@context\":\"https:\\\/\\\/schema.org\",\"@graph\":[{\"@type\":\"WebPage\",\"@id\":\"https:\\\/\\\/www.igt.nl\\\/es\\\/producto\\\/f1-basico-fin-de-vida\\\/\",\"url\":\"https:\\\/\\\/www.igt.nl\\\/es\\\/producto\\\/f1-basico-fin-de-vida\\\/\",\"name\":\"F1 B\u00e1sico [FIN DE VIDA] - IGT Testing Systems\",\"isPartOf\":{\"@id\":\"https:\\\/\\\/www.igt.nl\\\/es\\\/#website\"},\"primaryImageOfPage\":{\"@id\":\"https:\\\/\\\/www.igt.nl\\\/es\\\/producto\\\/f1-basico-fin-de-vida\\\/#primaryimage\"},\"image\":{\"@id\":\"https:\\\/\\\/www.igt.nl\\\/es\\\/producto\\\/f1-basico-fin-de-vida\\\/#primaryimage\"},\"thumbnailUrl\":\"https:\\\/\\\/www.igt.nl\\\/wp-content\\\/uploads\\\/F1-Basic-High-Range-1-klein-700x700-e1666260190355.jpg\",\"datePublished\":\"2019-09-13T07:00:33+00:00\",\"dateModified\":\"2025-12-17T08:02:41+00:00\",\"description\":\"Pruebas flexogr\u00e1ficas de medici\u00f3n e igualaci\u00f3n del color. Resultados constantes gracias a su sencillo funcionamiento, bajo mantenimiento y gran precisi\u00f3n.\",\"breadcrumb\":{\"@id\":\"https:\\\/\\\/www.igt.nl\\\/es\\\/producto\\\/f1-basico-fin-de-vida\\\/#breadcrumb\"},\"inLanguage\":\"es\",\"potentialAction\":[{\"@type\":\"ReadAction\",\"target\":[\"https:\\\/\\\/www.igt.nl\\\/es\\\/producto\\\/f1-basico-fin-de-vida\\\/\"]}]},{\"@type\":\"ImageObject\",\"inLanguage\":\"es\",\"@id\":\"https:\\\/\\\/www.igt.nl\\\/es\\\/producto\\\/f1-basico-fin-de-vida\\\/#primaryimage\",\"url\":\"https:\\\/\\\/www.igt.nl\\\/wp-content\\\/uploads\\\/F1-Basic-High-Range-1-klein-700x700-e1666260190355.jpg\",\"contentUrl\":\"https:\\\/\\\/www.igt.nl\\\/wp-content\\\/uploads\\\/F1-Basic-High-Range-1-klein-700x700-e1666260190355.jpg\",\"width\":610,\"height\":600},{\"@type\":\"BreadcrumbList\",\"@id\":\"https:\\\/\\\/www.igt.nl\\\/es\\\/producto\\\/f1-basico-fin-de-vida\\\/#breadcrumb\",\"itemListElement\":[{\"@type\":\"ListItem\",\"position\":1,\"name\":\"Home\",\"item\":\"https:\\\/\\\/www.igt.nl\\\/es\\\/?page_id=36171\"},{\"@type\":\"ListItem\",\"position\":2,\"name\":\"Tienda\",\"item\":\"https:\\\/\\\/www.igt.nl\\\/es\\\/?page_id=36068\"},{\"@type\":\"ListItem\",\"position\":3,\"name\":\"Probadores de tinta\",\"item\":\"https:\\\/\\\/www.igt.nl\\\/es\\\/product-categorie\\\/probadores-de-tinta\\\/\"},{\"@type\":\"ListItem\",\"position\":4,\"name\":\"F1 B\u00e1sico [FIN DE VIDA]\"}]},{\"@type\":\"WebSite\",\"@id\":\"https:\\\/\\\/www.igt.nl\\\/es\\\/#website\",\"url\":\"https:\\\/\\\/www.igt.nl\\\/es\\\/\",\"name\":\"IGT Testing Systems\",\"description\":\"\",\"potentialAction\":[{\"@type\":\"SearchAction\",\"target\":{\"@type\":\"EntryPoint\",\"urlTemplate\":\"https:\\\/\\\/www.igt.nl\\\/es\\\/?s={search_term_string}\"},\"query-input\":{\"@type\":\"PropertyValueSpecification\",\"valueRequired\":true,\"valueName\":\"search_term_string\"}}],\"inLanguage\":\"es\"}]}<\/script>\n<!-- \/ Yoast SEO plugin. -->","yoast_head_json":{"title":"F1 B\u00e1sico [FIN DE VIDA] - IGT Testing Systems","description":"Pruebas flexogr\u00e1ficas de medici\u00f3n e igualaci\u00f3n del color. Resultados constantes gracias a su sencillo funcionamiento, bajo mantenimiento y gran precisi\u00f3n.","robots":{"index":"index","follow":"follow","max-snippet":"max-snippet:-1","max-image-preview":"max-image-preview:large","max-video-preview":"max-video-preview:-1"},"canonical":"https:\/\/www.igt.nl\/es\/producto\/f1-basico-fin-de-vida\/","og_locale":"es_ES","og_type":"article","og_title":"F1 B\u00e1sico [FIN DE VIDA] - IGT Testing Systems","og_description":"Pruebas flexogr\u00e1ficas de medici\u00f3n e igualaci\u00f3n del color. Resultados constantes gracias a su sencillo funcionamiento, bajo mantenimiento y gran precisi\u00f3n.","og_url":"https:\/\/www.igt.nl\/es\/producto\/f1-basico-fin-de-vida\/","og_site_name":"IGT Testing Systems","article_modified_time":"2025-12-17T08:02:41+00:00","og_image":[{"width":610,"height":600,"url":"https:\/\/www.igt.nl\/wp-content\/uploads\/F1-Basic-High-Range-1-klein-700x700-e1666260190355.jpg","type":"image\/jpeg"}],"twitter_card":"summary_large_image","twitter_misc":{"Tiempo de lectura":"1 minuto"},"schema":{"@context":"https:\/\/schema.org","@graph":[{"@type":"WebPage","@id":"https:\/\/www.igt.nl\/es\/producto\/f1-basico-fin-de-vida\/","url":"https:\/\/www.igt.nl\/es\/producto\/f1-basico-fin-de-vida\/","name":"F1 B\u00e1sico [FIN DE VIDA] - IGT Testing Systems","isPartOf":{"@id":"https:\/\/www.igt.nl\/es\/#website"},"primaryImageOfPage":{"@id":"https:\/\/www.igt.nl\/es\/producto\/f1-basico-fin-de-vida\/#primaryimage"},"image":{"@id":"https:\/\/www.igt.nl\/es\/producto\/f1-basico-fin-de-vida\/#primaryimage"},"thumbnailUrl":"https:\/\/www.igt.nl\/wp-content\/uploads\/F1-Basic-High-Range-1-klein-700x700-e1666260190355.jpg","datePublished":"2019-09-13T07:00:33+00:00","dateModified":"2025-12-17T08:02:41+00:00","description":"Pruebas flexogr\u00e1ficas de medici\u00f3n e igualaci\u00f3n del color. Resultados constantes gracias a su sencillo funcionamiento, bajo mantenimiento y gran precisi\u00f3n.","breadcrumb":{"@id":"https:\/\/www.igt.nl\/es\/producto\/f1-basico-fin-de-vida\/#breadcrumb"},"inLanguage":"es","potentialAction":[{"@type":"ReadAction","target":["https:\/\/www.igt.nl\/es\/producto\/f1-basico-fin-de-vida\/"]}]},{"@type":"ImageObject","inLanguage":"es","@id":"https:\/\/www.igt.nl\/es\/producto\/f1-basico-fin-de-vida\/#primaryimage","url":"https:\/\/www.igt.nl\/wp-content\/uploads\/F1-Basic-High-Range-1-klein-700x700-e1666260190355.jpg","contentUrl":"https:\/\/www.igt.nl\/wp-content\/uploads\/F1-Basic-High-Range-1-klein-700x700-e1666260190355.jpg","width":610,"height":600},{"@type":"BreadcrumbList","@id":"https:\/\/www.igt.nl\/es\/producto\/f1-basico-fin-de-vida\/#breadcrumb","itemListElement":[{"@type":"ListItem","position":1,"name":"Home","item":"https:\/\/www.igt.nl\/es\/?page_id=36171"},{"@type":"ListItem","position":2,"name":"Tienda","item":"https:\/\/www.igt.nl\/es\/?page_id=36068"},{"@type":"ListItem","position":3,"name":"Probadores de tinta","item":"https:\/\/www.igt.nl\/es\/product-categorie\/probadores-de-tinta\/"},{"@type":"ListItem","position":4,"name":"F1 B\u00e1sico [FIN DE VIDA]"}]},{"@type":"WebSite","@id":"https:\/\/www.igt.nl\/es\/#website","url":"https:\/\/www.igt.nl\/es\/","name":"IGT Testing Systems","description":"","potentialAction":[{"@type":"SearchAction","target":{"@type":"EntryPoint","urlTemplate":"https:\/\/www.igt.nl\/es\/?s={search_term_string}"},"query-input":{"@type":"PropertyValueSpecification","valueRequired":true,"valueName":"search_term_string"}}],"inLanguage":"es"}]}},"_links":{"self":[{"href":"https:\/\/www.igt.nl\/es\/wp-json\/wp\/v2\/product\/37401","targetHints":{"allow":["GET"]}}],"collection":[{"href":"https:\/\/www.igt.nl\/es\/wp-json\/wp\/v2\/product"}],"about":[{"href":"https:\/\/www.igt.nl\/es\/wp-json\/wp\/v2\/types\/product"}],"replies":[{"embeddable":true,"href":"https:\/\/www.igt.nl\/es\/wp-json\/wp\/v2\/comments?post=37401"}],"wp:featuredmedia":[{"embeddable":true,"href":"https:\/\/www.igt.nl\/es\/wp-json\/wp\/v2\/media\/37405"}],"wp:attachment":[{"href":"https:\/\/www.igt.nl\/es\/wp-json\/wp\/v2\/media?parent=37401"}],"wp:term":[{"taxonomy":"product_brand","embeddable":true,"href":"https:\/\/www.igt.nl\/es\/wp-json\/wp\/v2\/product_brand?post=37401"},{"taxonomy":"product_cat","embeddable":true,"href":"https:\/\/www.igt.nl\/es\/wp-json\/wp\/v2\/product_cat?post=37401"},{"taxonomy":"product_tag","embeddable":true,"href":"https:\/\/www.igt.nl\/es\/wp-json\/wp\/v2\/product_tag?post=37401"}],"curies":[{"name":"wp","href":"https:\/\/api.w.org\/{rel}","templated":true}]}}