{"id":37608,"date":"2020-03-20T06:00:37","date_gmt":"2020-03-20T06:00:37","guid":{"rendered":"https:\/\/www.igt.nl\/?post_type=product&#038;p=37608"},"modified":"2025-12-17T08:02:39","modified_gmt":"2025-12-17T08:02:39","slug":"amsterdam-p","status":"publish","type":"product","link":"https:\/\/www.igt.nl\/es\/producto\/amsterdam-p\/","title":{"rendered":"Amsterdam P"},"content":{"rendered":"<p>Comprobador de imprimibilidad automatizado con un solo eje de impresi\u00f3n dedicado a la prueba Pick.<\/p>\n<p>La familia IGT Amsterdam es una nueva gama de comprobadores de imprimibilidad con sistemas de an\u00e1lisis integrados basados en c\u00e1maras. La gama consta de probadores con uno a seis ejes de impresi\u00f3n para una m\u00e1xima flexibilidad de los m\u00e9todos de prueba. La amplia gama de m\u00e9todos de prueba puede ampliarse con m\u00e9todos definidos por el usuario. Con ello es capaz de realizar todas las pruebas de un Probador Global Standard P m\u00e1s las pruebas de un Probador Global Standard 3, incluyendo combinaciones de velocidad constante y creciente en un m\u00e9todo de prueba.   <\/p>\n<p>El IGT Amsterdam P est\u00e1 especialmente dise\u00f1ado para fines de control de calidad, est\u00e1 preparado para hacer an\u00e1lisis en l\u00ednea del pick ISO 3783. Adem\u00e1s de moteado, Heliotest, penetraci\u00f3n de impresi\u00f3n, rugosidad IGT e hidroexpansividad con un sistema de an\u00e1lisis basado en c\u00e1maras. <\/p>\n<ul>\n<li>De 1 a 6 ejes de impresi\u00f3n, cada uno puede equiparse con un accionamiento para imprimir en registro si es necesario<\/li>\n<li>Tiempos de intervalo muy peque\u00f1os, hasta 0,02 s<\/li>\n<li>Gran n\u00famero de m\u00e9todos de ensayo<\/li>\n<li>Muy f\u00e1cil de manejar<\/li>\n<li>An\u00e1lisis en l\u00ednea de varios m\u00e9todos de ensayo<\/li>\n<li>Exportaci\u00f3n de im\u00e1genes escaneadas y resultados<\/li>\n<\/ul>\n","protected":false},"excerpt":{"rendered":"<p>Comprobador de imprimibilidad automatizado polivalente con un solo eje de impresi\u00f3n dedicado a la prueba Pick; incluye software de an\u00e1lisis y c\u00e1mara.<\/p>\n","protected":false},"featured_media":37609,"comment_status":"closed","ping_status":"closed","template":"","meta":{"_acf_changed":false,"inline_featured_image":false},"product_brand":[],"product_cat":[3569,3568],"product_tag":[],"class_list":{"0":"post-37608","1":"product","2":"type-product","3":"status-publish","4":"has-post-thumbnail","6":"product_cat-amsterdam","7":"product_cat-comprobadores-de-papel","8":"product_shipping_class-normaal","9":"pa_accessories-conjunto-de-heliotest","10":"pa_accessories-conjunto-de-hidroexpansividad","11":"pa_accessories-conjunto-de-particulas-sueltas-y-debilmente-unidas-pelusa","12":"pa_accessories-conjunto-de-prueba-westvaco-pick","13":"pa_accessories-conjunto-de-pruebas-de-seleccion","14":"pa_accessories-diferentes-discos-de-impresion-para-varias-aplicaciones","15":"pa_accessories-juego-de-entintado-calcografico","16":"pa_accessories-set-de-huecograbado","17":"pa_additional-items-408-000-200-pipeta-de-tinta-igt-de-001-ml-de-resolucion","18":"pa_additional-items-408-000-400-pipeta-de-tinta-igt-de-0001-ml-de-resolucion","19":"pa_additional-items-441-000-visor-pick-start-psv","20":"pa_additional-items-466-000-000-unidad-de-entintado-de-alta-velocidad-4","21":"pa_analysis-options-elige-iso-3783","22":"pa_analysis-options-si","23":"pa_camera-si","24":"pa_compatible-instruments-722-000-000-amsterdam-2","25":"pa_compatible-instruments-725-000-000-amsterdam-5","26":"pa_compatible-instruments-726-000-000-amsterdam-6","27":"pa_conformance-with-standards-astm-7680","28":"pa_conformance-with-standards-iso-2834","29":"pa_conformance-with-standards-iso-2836","30":"pa_conformance-with-standards-iso-2846","31":"pa_conformance-with-standards-iso-3783-2006","32":"pa_data-export-options-grabacion-y-exportacion-de-imagenes-ajustes-y-resultados-de-analisis-mediante-usb","33":"pa_dimensions-d-x-w-x-h-cm-59-x-50-x-64","34":"pa_dispensing-system-si-es-necesario-se-entregara-en-juego-de-accesorios","35":"pa_doctoring-system-estandar-en-el-eje-de-impresion-1","36":"pa_forces-100-1000-n-en-pasos-de-1-n","37":"pa_guarantee-estandar-un-ano","38":"pa_inks-or-liquids-aceite-de-prueba-pick","39":"pa_inks-or-liquids-liquido-de-penetracion","40":"pa_inks-or-liquids-liquido-de-rugosidad","41":"pa_inks-or-liquids-tinta-calcografica","42":"pa_inks-or-liquids-tinta-de-compensacion","43":"pa_inks-or-liquids-tinta-de-prueba-de-densidad","44":"pa_inks-or-liquids-tinta-de-prueba-pick","45":"pa_interfaces-portal-usb","46":"pa_interval-time-and-number-1-600-s-en-pasos-de-1-s","47":"pa_lifting-system-automaticamente","48":"pa_maintenance-anual","49":"pa_maintenance-el-mantenimiento-y-la-calibracion-anuales-del-comprobador-pueden-ser-realizados-por-igt-testing-systems-o-por-empresas-autorizadas-por-igt-testing-systems","50":"pa_maintenance-puedes-obtener-informacion-de-tu-proveedor-o-del-agente-local","51":"pa_nr-of-doctoring-systems-3520","52":"pa_nr-of-printing-shafts-3521","53":"pa_power-supply-requirements-115-v-50-60-hz-o-230-v-50-60-hz","54":"pa_pre-programmed-tests-adherencia-del-toner","55":"pa_pre-programmed-tests-densidad-color-y-transparencia","56":"pa_pre-programmed-tests-elige","57":"pa_pre-programmed-tests-heliotest","58":"pa_pre-programmed-tests-hidroexpansividad","59":"pa_pre-programmed-tests-huecograbado","60":"pa_pre-programmed-tests-penetracion-de-la-impresion","61":"pa_pre-programmed-tests-pruebas-a-medida-a-peticion","62":"pa_pre-programmed-tests-rugosidad-igt","63":"pa_print-length-and-width-mm-10-550-de-longitud-depende-del-sector-depende-de-la-forma-de-impresion-y-del-metodo-de-ensayo","64":"pa_print-length-and-width-mm-5-50-mm-de-ancho","65":"pa_printing-discs-aluminio","66":"pa_printing-discs-discos-para-pruebas-especificas","67":"pa_printing-discs-goma","68":"pa_printing-discs-heliotest","69":"pa_printing-discs-huecograbado","70":"pa_printing-discs-manta-de-goma","71":"pa_sector-positioning-automaticamente","72":"pa_sector-positioning-programable","73":"pa_sector-type-and-options-sector-de-180-con-pinzas","74":"pa_sector-type-and-options-sector-de-360-sin-abrazaderas-con-diferentes-coberturas","75":"pa_shaft-positioning-automaticamente","76":"pa_shaft-positioning-programable","77":"pa_software-updates-por-usb","78":"pa_space-requirements-0-7-m","79":"pa_speed-range-and-modes-velocidad-constante-01-40-m-s-en-pasos-de-01-m-s","80":"pa_speed-range-and-modes-velocidad-final-de-aceleracion-01-40-m-s-en-pasos-de-01-m-s","81":"pa_substrate-requirements-sustratos-flexibles","82":"pa_test-method-adherencia-del-toner-velocidad-constante-w55","83":"pa_test-method-adherencia-del-toner-velocidad-creciente-w56","84":"pa_test-method-calcografia-w85","85":"pa_test-method-color-densidad-transferencia-de-tinta-w46","86":"pa_test-method-elige-desplazamiento-delaminacion-w65-w75","87":"pa_test-method-elige-igt-iso-3783-w31","88":"pa_test-method-elige-indice-y-curva-passestofail-w86-w87-w88","89":"pa_test-method-golpe-a-traves-w43","90":"pa_test-method-heliotest-w41","91":"pa_test-method-hidroexpensividad-w89","92":"pa_test-method-huecograbado-180-w67","93":"pa_test-method-huecograbado-360-w73","94":"pa_test-method-impresion-brillo-w49","95":"pa_test-method-impresion-tramada-w45","96":"pa_test-method-manta-de-goma-de-absorcion-de-tinta-w61","97":"pa_test-method-pelusa-w33","98":"pa_test-method-pelusa-w44","99":"pa_test-method-penetracion-de-la-impresion-w24","100":"pa_test-method-pick-westvaco-w38","101":"pa_test-method-rugosidad-de-la-manta-de-goma-w62","102":"pa_test-method-rugosidad-igt-w28","103":"pa_test-method-suavidad-de-impresion-w77","104":"pa_weight-110-kg","106":"first","107":"instock","108":"featured","109":"shipping-taxable","110":"purchasable","111":"product-type-simple"},"acf":[],"yoast_head":"<!-- This site is optimized with the Yoast SEO plugin v27.5 - https:\/\/yoast.com\/product\/yoast-seo-wordpress\/ -->\n<title>Amsterdam P - IGT Testing Systems<\/title>\n<meta name=\"description\" content=\"El IGT Amsterdam P est\u00e1 especialmente dise\u00f1ado para fines de control de calidad, est\u00e1 preparado para hacer an\u00e1lisis en l\u00ednea de Pick: IGT ISO 3783. Adem\u00e1s IGT Rugosidad.\" \/>\n<meta name=\"robots\" content=\"index, follow, max-snippet:-1, max-image-preview:large, max-video-preview:-1\" \/>\n<link rel=\"canonical\" href=\"https:\/\/www.igt.nl\/es\/producto\/amsterdam-p\/\" \/>\n<meta property=\"og:locale\" content=\"es_ES\" \/>\n<meta property=\"og:type\" content=\"article\" \/>\n<meta property=\"og:title\" content=\"Amsterdam P - IGT Testing Systems\" \/>\n<meta property=\"og:description\" content=\"El IGT Amsterdam P est\u00e1 especialmente dise\u00f1ado para fines de control de calidad, est\u00e1 preparado para hacer an\u00e1lisis en l\u00ednea de Pick: IGT ISO 3783. Adem\u00e1s IGT Rugosidad.\" \/>\n<meta property=\"og:url\" content=\"https:\/\/www.igt.nl\/es\/producto\/amsterdam-p\/\" \/>\n<meta property=\"og:site_name\" content=\"IGT Testing Systems\" \/>\n<meta property=\"article:modified_time\" content=\"2025-12-17T08:02:39+00:00\" \/>\n<meta property=\"og:image\" content=\"https:\/\/www.igt.nl\/wp-content\/uploads\/721.000_AMS-P_rvs_1-1.jpg\" \/>\n\t<meta property=\"og:image:width\" content=\"849\" \/>\n\t<meta property=\"og:image:height\" content=\"849\" \/>\n\t<meta property=\"og:image:type\" content=\"image\/jpeg\" \/>\n<meta name=\"twitter:card\" content=\"summary_large_image\" \/>\n<meta name=\"twitter:label1\" content=\"Tiempo de lectura\" \/>\n\t<meta name=\"twitter:data1\" content=\"1 minuto\" \/>\n<script type=\"application\/ld+json\" class=\"yoast-schema-graph\">{\"@context\":\"https:\\\/\\\/schema.org\",\"@graph\":[{\"@type\":\"WebPage\",\"@id\":\"https:\\\/\\\/www.igt.nl\\\/es\\\/producto\\\/amsterdam-p\\\/\",\"url\":\"https:\\\/\\\/www.igt.nl\\\/es\\\/producto\\\/amsterdam-p\\\/\",\"name\":\"Amsterdam P - IGT Testing Systems\",\"isPartOf\":{\"@id\":\"https:\\\/\\\/www.igt.nl\\\/es\\\/#website\"},\"primaryImageOfPage\":{\"@id\":\"https:\\\/\\\/www.igt.nl\\\/es\\\/producto\\\/amsterdam-p\\\/#primaryimage\"},\"image\":{\"@id\":\"https:\\\/\\\/www.igt.nl\\\/es\\\/producto\\\/amsterdam-p\\\/#primaryimage\"},\"thumbnailUrl\":\"https:\\\/\\\/www.igt.nl\\\/wp-content\\\/uploads\\\/721.000_AMS-P_rvs_1-1.jpg\",\"datePublished\":\"2020-03-20T06:00:37+00:00\",\"dateModified\":\"2025-12-17T08:02:39+00:00\",\"description\":\"El IGT Amsterdam P est\u00e1 especialmente dise\u00f1ado para fines de control de calidad, est\u00e1 preparado para hacer an\u00e1lisis en l\u00ednea de Pick: IGT ISO 3783. Adem\u00e1s IGT Rugosidad.\",\"breadcrumb\":{\"@id\":\"https:\\\/\\\/www.igt.nl\\\/es\\\/producto\\\/amsterdam-p\\\/#breadcrumb\"},\"inLanguage\":\"es\",\"potentialAction\":[{\"@type\":\"ReadAction\",\"target\":[\"https:\\\/\\\/www.igt.nl\\\/es\\\/producto\\\/amsterdam-p\\\/\"]}]},{\"@type\":\"ImageObject\",\"inLanguage\":\"es\",\"@id\":\"https:\\\/\\\/www.igt.nl\\\/es\\\/producto\\\/amsterdam-p\\\/#primaryimage\",\"url\":\"https:\\\/\\\/www.igt.nl\\\/wp-content\\\/uploads\\\/721.000_AMS-P_rvs_1-1.jpg\",\"contentUrl\":\"https:\\\/\\\/www.igt.nl\\\/wp-content\\\/uploads\\\/721.000_AMS-P_rvs_1-1.jpg\",\"width\":849,\"height\":849},{\"@type\":\"BreadcrumbList\",\"@id\":\"https:\\\/\\\/www.igt.nl\\\/es\\\/producto\\\/amsterdam-p\\\/#breadcrumb\",\"itemListElement\":[{\"@type\":\"ListItem\",\"position\":1,\"name\":\"Home\",\"item\":\"https:\\\/\\\/www.igt.nl\\\/es\\\/?page_id=36171\"},{\"@type\":\"ListItem\",\"position\":2,\"name\":\"Tienda\",\"item\":\"https:\\\/\\\/www.igt.nl\\\/es\\\/?page_id=36068\"},{\"@type\":\"ListItem\",\"position\":3,\"name\":\"Amsterdam\",\"item\":\"https:\\\/\\\/www.igt.nl\\\/es\\\/product-categorie\\\/amsterdam\\\/\"},{\"@type\":\"ListItem\",\"position\":4,\"name\":\"Amsterdam P\"}]},{\"@type\":\"WebSite\",\"@id\":\"https:\\\/\\\/www.igt.nl\\\/es\\\/#website\",\"url\":\"https:\\\/\\\/www.igt.nl\\\/es\\\/\",\"name\":\"IGT Testing Systems\",\"description\":\"\",\"potentialAction\":[{\"@type\":\"SearchAction\",\"target\":{\"@type\":\"EntryPoint\",\"urlTemplate\":\"https:\\\/\\\/www.igt.nl\\\/es\\\/?s={search_term_string}\"},\"query-input\":{\"@type\":\"PropertyValueSpecification\",\"valueRequired\":true,\"valueName\":\"search_term_string\"}}],\"inLanguage\":\"es\"}]}<\/script>\n<!-- \/ Yoast SEO plugin. -->","yoast_head_json":{"title":"Amsterdam P - IGT Testing Systems","description":"El IGT Amsterdam P est\u00e1 especialmente dise\u00f1ado para fines de control de calidad, est\u00e1 preparado para hacer an\u00e1lisis en l\u00ednea de Pick: IGT ISO 3783. Adem\u00e1s IGT Rugosidad.","robots":{"index":"index","follow":"follow","max-snippet":"max-snippet:-1","max-image-preview":"max-image-preview:large","max-video-preview":"max-video-preview:-1"},"canonical":"https:\/\/www.igt.nl\/es\/producto\/amsterdam-p\/","og_locale":"es_ES","og_type":"article","og_title":"Amsterdam P - IGT Testing Systems","og_description":"El IGT Amsterdam P est\u00e1 especialmente dise\u00f1ado para fines de control de calidad, est\u00e1 preparado para hacer an\u00e1lisis en l\u00ednea de Pick: IGT ISO 3783. Adem\u00e1s IGT Rugosidad.","og_url":"https:\/\/www.igt.nl\/es\/producto\/amsterdam-p\/","og_site_name":"IGT Testing Systems","article_modified_time":"2025-12-17T08:02:39+00:00","og_image":[{"width":849,"height":849,"url":"https:\/\/www.igt.nl\/wp-content\/uploads\/721.000_AMS-P_rvs_1-1.jpg","type":"image\/jpeg"}],"twitter_card":"summary_large_image","twitter_misc":{"Tiempo de lectura":"1 minuto"},"schema":{"@context":"https:\/\/schema.org","@graph":[{"@type":"WebPage","@id":"https:\/\/www.igt.nl\/es\/producto\/amsterdam-p\/","url":"https:\/\/www.igt.nl\/es\/producto\/amsterdam-p\/","name":"Amsterdam P - IGT Testing Systems","isPartOf":{"@id":"https:\/\/www.igt.nl\/es\/#website"},"primaryImageOfPage":{"@id":"https:\/\/www.igt.nl\/es\/producto\/amsterdam-p\/#primaryimage"},"image":{"@id":"https:\/\/www.igt.nl\/es\/producto\/amsterdam-p\/#primaryimage"},"thumbnailUrl":"https:\/\/www.igt.nl\/wp-content\/uploads\/721.000_AMS-P_rvs_1-1.jpg","datePublished":"2020-03-20T06:00:37+00:00","dateModified":"2025-12-17T08:02:39+00:00","description":"El IGT Amsterdam P est\u00e1 especialmente dise\u00f1ado para fines de control de calidad, est\u00e1 preparado para hacer an\u00e1lisis en l\u00ednea de Pick: IGT ISO 3783. Adem\u00e1s IGT Rugosidad.","breadcrumb":{"@id":"https:\/\/www.igt.nl\/es\/producto\/amsterdam-p\/#breadcrumb"},"inLanguage":"es","potentialAction":[{"@type":"ReadAction","target":["https:\/\/www.igt.nl\/es\/producto\/amsterdam-p\/"]}]},{"@type":"ImageObject","inLanguage":"es","@id":"https:\/\/www.igt.nl\/es\/producto\/amsterdam-p\/#primaryimage","url":"https:\/\/www.igt.nl\/wp-content\/uploads\/721.000_AMS-P_rvs_1-1.jpg","contentUrl":"https:\/\/www.igt.nl\/wp-content\/uploads\/721.000_AMS-P_rvs_1-1.jpg","width":849,"height":849},{"@type":"BreadcrumbList","@id":"https:\/\/www.igt.nl\/es\/producto\/amsterdam-p\/#breadcrumb","itemListElement":[{"@type":"ListItem","position":1,"name":"Home","item":"https:\/\/www.igt.nl\/es\/?page_id=36171"},{"@type":"ListItem","position":2,"name":"Tienda","item":"https:\/\/www.igt.nl\/es\/?page_id=36068"},{"@type":"ListItem","position":3,"name":"Amsterdam","item":"https:\/\/www.igt.nl\/es\/product-categorie\/amsterdam\/"},{"@type":"ListItem","position":4,"name":"Amsterdam P"}]},{"@type":"WebSite","@id":"https:\/\/www.igt.nl\/es\/#website","url":"https:\/\/www.igt.nl\/es\/","name":"IGT Testing Systems","description":"","potentialAction":[{"@type":"SearchAction","target":{"@type":"EntryPoint","urlTemplate":"https:\/\/www.igt.nl\/es\/?s={search_term_string}"},"query-input":{"@type":"PropertyValueSpecification","valueRequired":true,"valueName":"search_term_string"}}],"inLanguage":"es"}]}},"_links":{"self":[{"href":"https:\/\/www.igt.nl\/es\/wp-json\/wp\/v2\/product\/37608","targetHints":{"allow":["GET"]}}],"collection":[{"href":"https:\/\/www.igt.nl\/es\/wp-json\/wp\/v2\/product"}],"about":[{"href":"https:\/\/www.igt.nl\/es\/wp-json\/wp\/v2\/types\/product"}],"replies":[{"embeddable":true,"href":"https:\/\/www.igt.nl\/es\/wp-json\/wp\/v2\/comments?post=37608"}],"wp:featuredmedia":[{"embeddable":true,"href":"https:\/\/www.igt.nl\/es\/wp-json\/wp\/v2\/media\/37609"}],"wp:attachment":[{"href":"https:\/\/www.igt.nl\/es\/wp-json\/wp\/v2\/media?parent=37608"}],"wp:term":[{"taxonomy":"product_brand","embeddable":true,"href":"https:\/\/www.igt.nl\/es\/wp-json\/wp\/v2\/product_brand?post=37608"},{"taxonomy":"product_cat","embeddable":true,"href":"https:\/\/www.igt.nl\/es\/wp-json\/wp\/v2\/product_cat?post=37608"},{"taxonomy":"product_tag","embeddable":true,"href":"https:\/\/www.igt.nl\/es\/wp-json\/wp\/v2\/product_tag?post=37608"}],"curies":[{"name":"wp","href":"https:\/\/api.w.org\/{rel}","templated":true}]}}