{"id":37661,"date":"2020-04-03T06:56:52","date_gmt":"2020-04-03T06:56:52","guid":{"rendered":"https:\/\/www.igt.nl\/?post_type=product&#038;p=37661"},"modified":"2025-12-17T08:03:22","modified_gmt":"2025-12-17T08:03:22","slug":"ceramica-anilox-24","status":"publish","type":"product","link":"https:\/\/www.igt.nl\/es\/producto\/ceramica-anilox-24\/","title":{"rendered":"Cer\u00e1mica anilox"},"content":{"rendered":"<p>Disco anilox de cer\u00e1mica, grabado por l\u00e1ser<\/p>\n<ul>\n<li>300 l\/cm,<\/li>\n<li>\u00c1ngulo 60\u00b0,<\/li>\n<li>Volumen 4,5 ml\/m\u00b2 &#8211; 2,9 BCMI<\/li>\n<\/ul>\n<p>Este anilox es adecuado para F1 (hasta el tipo G), F1 Basic y CG1.<\/p>\n","protected":false},"excerpt":{"rendered":"<p>Disco anilox cer\u00e1mico 300 l\/cm, A60\u00b0, V4,5 ml\/m\u00b2<\/p>\n","protected":false},"featured_media":37212,"comment_status":"closed","ping_status":"open","template":"","meta":{"_acf_changed":false,"inline_featured_image":false},"product_brand":[],"product_cat":[3282,3277],"product_tag":[],"class_list":{"0":"post-37661","1":"product","2":"type-product","3":"status-publish","4":"has-post-thumbnail","6":"product_cat-aniloxes","7":"product_cat-impresion-de-discos","8":"pa_angle-3236","9":"pa_line-count-l-cm-l-inch-3718","10":"pa_line-count-l-cm-l-inch-3735","11":"pa_line-count-l-inch-3736","12":"pa_nr-of-engravings-3267","13":"pa_tester-cg-1","14":"pa_tester-f1-basico","15":"pa_tester-f1-modelo-antiguo-hasta-serie-g","16":"pa_type-of-anilox-ceramica","17":"pa_volume-bcmi-3683","18":"pa_volume-ml-m2-3684","20":"first","21":"instock","22":"shipping-taxable","23":"purchasable","24":"product-type-simple"},"acf":[],"yoast_head":"<!-- This site is optimized with the Yoast SEO plugin v27.3 - https:\/\/yoast.com\/product\/yoast-seo-wordpress\/ -->\n<title>Cer\u00e1mica anilox - IGT Testing Systems<\/title>\n<meta name=\"robots\" content=\"index, follow, max-snippet:-1, max-image-preview:large, max-video-preview:-1\" \/>\n<link rel=\"canonical\" href=\"https:\/\/www.igt.nl\/es\/producto\/ceramica-anilox-24\/\" \/>\n<meta property=\"og:locale\" content=\"es_ES\" \/>\n<meta property=\"og:type\" content=\"article\" \/>\n<meta property=\"og:title\" content=\"Cer\u00e1mica anilox - IGT Testing Systems\" \/>\n<meta property=\"og:description\" content=\"Disco anilox cer\u00e1mico 300 l\/cm, A60\u00b0, V4,5 ml\/m\u00b2\" \/>\n<meta property=\"og:url\" content=\"https:\/\/www.igt.nl\/es\/producto\/ceramica-anilox-24\/\" \/>\n<meta property=\"og:site_name\" content=\"IGT Testing Systems\" \/>\n<meta property=\"article:modified_time\" content=\"2025-12-17T08:03:22+00:00\" \/>\n<meta property=\"og:image\" content=\"https:\/\/www.igt.nl\/wp-content\/uploads\/Schijven-Diepdruk-Flexo-700x700-1.png\" \/>\n\t<meta property=\"og:image:width\" content=\"700\" \/>\n\t<meta property=\"og:image:height\" content=\"700\" \/>\n\t<meta property=\"og:image:type\" content=\"image\/png\" \/>\n<meta name=\"twitter:card\" content=\"summary_large_image\" \/>\n<script type=\"application\/ld+json\" class=\"yoast-schema-graph\">{\"@context\":\"https:\\\/\\\/schema.org\",\"@graph\":[{\"@type\":\"WebPage\",\"@id\":\"https:\\\/\\\/www.igt.nl\\\/es\\\/producto\\\/ceramica-anilox-24\\\/\",\"url\":\"https:\\\/\\\/www.igt.nl\\\/es\\\/producto\\\/ceramica-anilox-24\\\/\",\"name\":\"Cer\u00e1mica anilox - IGT Testing Systems\",\"isPartOf\":{\"@id\":\"https:\\\/\\\/www.igt.nl\\\/es\\\/#website\"},\"primaryImageOfPage\":{\"@id\":\"https:\\\/\\\/www.igt.nl\\\/es\\\/producto\\\/ceramica-anilox-24\\\/#primaryimage\"},\"image\":{\"@id\":\"https:\\\/\\\/www.igt.nl\\\/es\\\/producto\\\/ceramica-anilox-24\\\/#primaryimage\"},\"thumbnailUrl\":\"https:\\\/\\\/www.igt.nl\\\/wp-content\\\/uploads\\\/Schijven-Diepdruk-Flexo-700x700-1.png\",\"datePublished\":\"2020-04-03T06:56:52+00:00\",\"dateModified\":\"2025-12-17T08:03:22+00:00\",\"breadcrumb\":{\"@id\":\"https:\\\/\\\/www.igt.nl\\\/es\\\/producto\\\/ceramica-anilox-24\\\/#breadcrumb\"},\"inLanguage\":\"es\",\"potentialAction\":[{\"@type\":\"ReadAction\",\"target\":[\"https:\\\/\\\/www.igt.nl\\\/es\\\/producto\\\/ceramica-anilox-24\\\/\"]}]},{\"@type\":\"ImageObject\",\"inLanguage\":\"es\",\"@id\":\"https:\\\/\\\/www.igt.nl\\\/es\\\/producto\\\/ceramica-anilox-24\\\/#primaryimage\",\"url\":\"https:\\\/\\\/www.igt.nl\\\/wp-content\\\/uploads\\\/Schijven-Diepdruk-Flexo-700x700-1.png\",\"contentUrl\":\"https:\\\/\\\/www.igt.nl\\\/wp-content\\\/uploads\\\/Schijven-Diepdruk-Flexo-700x700-1.png\",\"width\":700,\"height\":700},{\"@type\":\"BreadcrumbList\",\"@id\":\"https:\\\/\\\/www.igt.nl\\\/es\\\/producto\\\/ceramica-anilox-24\\\/#breadcrumb\",\"itemListElement\":[{\"@type\":\"ListItem\",\"position\":1,\"name\":\"Home\",\"item\":\"https:\\\/\\\/www.igt.nl\\\/es\\\/?page_id=36171\"},{\"@type\":\"ListItem\",\"position\":2,\"name\":\"Tienda\",\"item\":\"https:\\\/\\\/www.igt.nl\\\/es\\\/?page_id=36068\"},{\"@type\":\"ListItem\",\"position\":3,\"name\":\"Aniloxes\",\"item\":\"https:\\\/\\\/www.igt.nl\\\/es\\\/product-categorie\\\/aniloxes\\\/\"},{\"@type\":\"ListItem\",\"position\":4,\"name\":\"Cer\u00e1mica anilox\"}]},{\"@type\":\"WebSite\",\"@id\":\"https:\\\/\\\/www.igt.nl\\\/es\\\/#website\",\"url\":\"https:\\\/\\\/www.igt.nl\\\/es\\\/\",\"name\":\"IGT Testing Systems\",\"description\":\"\",\"potentialAction\":[{\"@type\":\"SearchAction\",\"target\":{\"@type\":\"EntryPoint\",\"urlTemplate\":\"https:\\\/\\\/www.igt.nl\\\/es\\\/?s={search_term_string}\"},\"query-input\":{\"@type\":\"PropertyValueSpecification\",\"valueRequired\":true,\"valueName\":\"search_term_string\"}}],\"inLanguage\":\"es\"}]}<\/script>\n<!-- \/ Yoast SEO plugin. -->","yoast_head_json":{"title":"Cer\u00e1mica anilox - IGT Testing Systems","robots":{"index":"index","follow":"follow","max-snippet":"max-snippet:-1","max-image-preview":"max-image-preview:large","max-video-preview":"max-video-preview:-1"},"canonical":"https:\/\/www.igt.nl\/es\/producto\/ceramica-anilox-24\/","og_locale":"es_ES","og_type":"article","og_title":"Cer\u00e1mica anilox - IGT Testing Systems","og_description":"Disco anilox cer\u00e1mico 300 l\/cm, A60\u00b0, V4,5 ml\/m\u00b2","og_url":"https:\/\/www.igt.nl\/es\/producto\/ceramica-anilox-24\/","og_site_name":"IGT Testing Systems","article_modified_time":"2025-12-17T08:03:22+00:00","og_image":[{"width":700,"height":700,"url":"https:\/\/www.igt.nl\/wp-content\/uploads\/Schijven-Diepdruk-Flexo-700x700-1.png","type":"image\/png"}],"twitter_card":"summary_large_image","schema":{"@context":"https:\/\/schema.org","@graph":[{"@type":"WebPage","@id":"https:\/\/www.igt.nl\/es\/producto\/ceramica-anilox-24\/","url":"https:\/\/www.igt.nl\/es\/producto\/ceramica-anilox-24\/","name":"Cer\u00e1mica anilox - IGT Testing Systems","isPartOf":{"@id":"https:\/\/www.igt.nl\/es\/#website"},"primaryImageOfPage":{"@id":"https:\/\/www.igt.nl\/es\/producto\/ceramica-anilox-24\/#primaryimage"},"image":{"@id":"https:\/\/www.igt.nl\/es\/producto\/ceramica-anilox-24\/#primaryimage"},"thumbnailUrl":"https:\/\/www.igt.nl\/wp-content\/uploads\/Schijven-Diepdruk-Flexo-700x700-1.png","datePublished":"2020-04-03T06:56:52+00:00","dateModified":"2025-12-17T08:03:22+00:00","breadcrumb":{"@id":"https:\/\/www.igt.nl\/es\/producto\/ceramica-anilox-24\/#breadcrumb"},"inLanguage":"es","potentialAction":[{"@type":"ReadAction","target":["https:\/\/www.igt.nl\/es\/producto\/ceramica-anilox-24\/"]}]},{"@type":"ImageObject","inLanguage":"es","@id":"https:\/\/www.igt.nl\/es\/producto\/ceramica-anilox-24\/#primaryimage","url":"https:\/\/www.igt.nl\/wp-content\/uploads\/Schijven-Diepdruk-Flexo-700x700-1.png","contentUrl":"https:\/\/www.igt.nl\/wp-content\/uploads\/Schijven-Diepdruk-Flexo-700x700-1.png","width":700,"height":700},{"@type":"BreadcrumbList","@id":"https:\/\/www.igt.nl\/es\/producto\/ceramica-anilox-24\/#breadcrumb","itemListElement":[{"@type":"ListItem","position":1,"name":"Home","item":"https:\/\/www.igt.nl\/es\/?page_id=36171"},{"@type":"ListItem","position":2,"name":"Tienda","item":"https:\/\/www.igt.nl\/es\/?page_id=36068"},{"@type":"ListItem","position":3,"name":"Aniloxes","item":"https:\/\/www.igt.nl\/es\/product-categorie\/aniloxes\/"},{"@type":"ListItem","position":4,"name":"Cer\u00e1mica anilox"}]},{"@type":"WebSite","@id":"https:\/\/www.igt.nl\/es\/#website","url":"https:\/\/www.igt.nl\/es\/","name":"IGT Testing Systems","description":"","potentialAction":[{"@type":"SearchAction","target":{"@type":"EntryPoint","urlTemplate":"https:\/\/www.igt.nl\/es\/?s={search_term_string}"},"query-input":{"@type":"PropertyValueSpecification","valueRequired":true,"valueName":"search_term_string"}}],"inLanguage":"es"}]}},"_links":{"self":[{"href":"https:\/\/www.igt.nl\/es\/wp-json\/wp\/v2\/product\/37661","targetHints":{"allow":["GET"]}}],"collection":[{"href":"https:\/\/www.igt.nl\/es\/wp-json\/wp\/v2\/product"}],"about":[{"href":"https:\/\/www.igt.nl\/es\/wp-json\/wp\/v2\/types\/product"}],"replies":[{"embeddable":true,"href":"https:\/\/www.igt.nl\/es\/wp-json\/wp\/v2\/comments?post=37661"}],"wp:featuredmedia":[{"embeddable":true,"href":"https:\/\/www.igt.nl\/es\/wp-json\/wp\/v2\/media\/37212"}],"wp:attachment":[{"href":"https:\/\/www.igt.nl\/es\/wp-json\/wp\/v2\/media?parent=37661"}],"wp:term":[{"taxonomy":"product_brand","embeddable":true,"href":"https:\/\/www.igt.nl\/es\/wp-json\/wp\/v2\/product_brand?post=37661"},{"taxonomy":"product_cat","embeddable":true,"href":"https:\/\/www.igt.nl\/es\/wp-json\/wp\/v2\/product_cat?post=37661"},{"taxonomy":"product_tag","embeddable":true,"href":"https:\/\/www.igt.nl\/es\/wp-json\/wp\/v2\/product_tag?post=37661"}],"curies":[{"name":"wp","href":"https:\/\/api.w.org\/{rel}","templated":true}]}}