{"id":37750,"date":"2021-03-03T10:59:25","date_gmt":"2021-03-03T10:59:25","guid":{"rendered":"https:\/\/www.igt.nl\/?post_type=product&#038;p=37750"},"modified":"2025-12-17T07:59:41","modified_gmt":"2025-12-17T07:59:41","slug":"pipeta-de-tinta-igt-de-001-ml-de-resolucion","status":"publish","type":"product","link":"https:\/\/www.igt.nl\/es\/producto\/pipeta-de-tinta-igt-de-001-ml-de-resolucion\/","title":{"rendered":"Pipeta de tinta IGT de 0,01 ml de resoluci\u00f3n"},"content":{"rendered":"<p>Pipeta de tinta IGT. Disponible con una resoluci\u00f3n de 0,01 ml o 0,001 ml. <\/p>\n<p>Ambas versiones tambi\u00e9n pueden suministrarse calibradas<\/p>\n<p>Se recomienda encarecidamente el uso de una pipeta de tinta IGT.<\/p>\n<p>Aumenta la precisi\u00f3n de la aplicaci\u00f3n de la tinta y, por tanto, del entintado, mejorando as\u00ed el rendimiento de las pruebas.<\/p>\n","protected":false},"excerpt":{"rendered":"<p>Pipeta de tinta IGT con una resoluci\u00f3n de 0,01 ml.<\/p>\n","protected":false},"featured_media":37751,"comment_status":"closed","ping_status":"closed","template":"","meta":{"_acf_changed":false,"inline_featured_image":false},"product_brand":[],"product_cat":[3437,3864],"product_tag":[],"class_list":{"0":"post-37750","1":"product","2":"type-product","3":"status-publish","4":"has-post-thumbnail","6":"product_cat-48-horas","7":"product_cat-cocina-de-tinta","8":"product_shipping_class-normaal","10":"first","11":"instock","12":"shipping-taxable","13":"purchasable","14":"product-type-simple"},"acf":[],"yoast_head":"<!-- This site is optimized with the Yoast SEO plugin v27.3 - https:\/\/yoast.com\/product\/yoast-seo-wordpress\/ -->\n<title>Pipeta de tinta IGT de 0,01 ml de resoluci\u00f3n - IGT Testing Systems<\/title>\n<meta name=\"description\" content=\"Se utiliza para dispersar una cantidad exacta de tinta o aceite en las pruebas de imprimibilidad. Consta de tornillo microm\u00e9trico, \u00e9mbolo y microboquilla con tap\u00f3n de nylon.\" \/>\n<meta name=\"robots\" content=\"index, follow, max-snippet:-1, max-image-preview:large, max-video-preview:-1\" \/>\n<link rel=\"canonical\" href=\"https:\/\/www.igt.nl\/es\/producto\/pipeta-de-tinta-igt-de-001-ml-de-resolucion\/\" \/>\n<meta property=\"og:locale\" content=\"es_ES\" \/>\n<meta property=\"og:type\" content=\"article\" \/>\n<meta property=\"og:title\" content=\"Pipeta de tinta IGT de 0,01 ml de resoluci\u00f3n - IGT Testing Systems\" \/>\n<meta property=\"og:description\" content=\"Se utiliza para dispersar una cantidad exacta de tinta o aceite en las pruebas de imprimibilidad. Consta de tornillo microm\u00e9trico, \u00e9mbolo y microboquilla con tap\u00f3n de nylon.\" \/>\n<meta property=\"og:url\" content=\"https:\/\/www.igt.nl\/es\/producto\/pipeta-de-tinta-igt-de-001-ml-de-resolucion\/\" \/>\n<meta property=\"og:site_name\" content=\"IGT Testing Systems\" \/>\n<meta property=\"article:modified_time\" content=\"2025-12-17T07:59:41+00:00\" \/>\n<meta property=\"og:image\" content=\"https:\/\/www.igt.nl\/wp-content\/uploads\/pipetten-scaled-e1589717334637.jpg\" \/>\n\t<meta property=\"og:image:width\" content=\"967\" \/>\n\t<meta property=\"og:image:height\" content=\"967\" \/>\n\t<meta property=\"og:image:type\" content=\"image\/jpeg\" \/>\n<meta name=\"twitter:card\" content=\"summary_large_image\" \/>\n<script type=\"application\/ld+json\" class=\"yoast-schema-graph\">{\"@context\":\"https:\\\/\\\/schema.org\",\"@graph\":[{\"@type\":\"WebPage\",\"@id\":\"https:\\\/\\\/www.igt.nl\\\/es\\\/producto\\\/pipeta-de-tinta-igt-de-001-ml-de-resolucion\\\/\",\"url\":\"https:\\\/\\\/www.igt.nl\\\/es\\\/producto\\\/pipeta-de-tinta-igt-de-001-ml-de-resolucion\\\/\",\"name\":\"Pipeta de tinta IGT de 0,01 ml de resoluci\u00f3n - IGT Testing Systems\",\"isPartOf\":{\"@id\":\"https:\\\/\\\/www.igt.nl\\\/es\\\/#website\"},\"primaryImageOfPage\":{\"@id\":\"https:\\\/\\\/www.igt.nl\\\/es\\\/producto\\\/pipeta-de-tinta-igt-de-001-ml-de-resolucion\\\/#primaryimage\"},\"image\":{\"@id\":\"https:\\\/\\\/www.igt.nl\\\/es\\\/producto\\\/pipeta-de-tinta-igt-de-001-ml-de-resolucion\\\/#primaryimage\"},\"thumbnailUrl\":\"https:\\\/\\\/www.igt.nl\\\/wp-content\\\/uploads\\\/pipetten-scaled-e1589717334637.jpg\",\"datePublished\":\"2021-03-03T10:59:25+00:00\",\"dateModified\":\"2025-12-17T07:59:41+00:00\",\"description\":\"Se utiliza para dispersar una cantidad exacta de tinta o aceite en las pruebas de imprimibilidad. Consta de tornillo microm\u00e9trico, \u00e9mbolo y microboquilla con tap\u00f3n de nylon.\",\"breadcrumb\":{\"@id\":\"https:\\\/\\\/www.igt.nl\\\/es\\\/producto\\\/pipeta-de-tinta-igt-de-001-ml-de-resolucion\\\/#breadcrumb\"},\"inLanguage\":\"es\",\"potentialAction\":[{\"@type\":\"ReadAction\",\"target\":[\"https:\\\/\\\/www.igt.nl\\\/es\\\/producto\\\/pipeta-de-tinta-igt-de-001-ml-de-resolucion\\\/\"]}]},{\"@type\":\"ImageObject\",\"inLanguage\":\"es\",\"@id\":\"https:\\\/\\\/www.igt.nl\\\/es\\\/producto\\\/pipeta-de-tinta-igt-de-001-ml-de-resolucion\\\/#primaryimage\",\"url\":\"https:\\\/\\\/www.igt.nl\\\/wp-content\\\/uploads\\\/pipetten-scaled-e1589717334637.jpg\",\"contentUrl\":\"https:\\\/\\\/www.igt.nl\\\/wp-content\\\/uploads\\\/pipetten-scaled-e1589717334637.jpg\",\"width\":967,\"height\":967},{\"@type\":\"BreadcrumbList\",\"@id\":\"https:\\\/\\\/www.igt.nl\\\/es\\\/producto\\\/pipeta-de-tinta-igt-de-001-ml-de-resolucion\\\/#breadcrumb\",\"itemListElement\":[{\"@type\":\"ListItem\",\"position\":1,\"name\":\"Home\",\"item\":\"https:\\\/\\\/www.igt.nl\\\/es\\\/?page_id=36171\"},{\"@type\":\"ListItem\",\"position\":2,\"name\":\"Tienda\",\"item\":\"https:\\\/\\\/www.igt.nl\\\/es\\\/?page_id=36068\"},{\"@type\":\"ListItem\",\"position\":3,\"name\":\"48 horas\",\"item\":\"https:\\\/\\\/www.igt.nl\\\/es\\\/product-categorie\\\/48-horas\\\/\"},{\"@type\":\"ListItem\",\"position\":4,\"name\":\"Pipeta de tinta IGT de 0,01 ml de resoluci\u00f3n\"}]},{\"@type\":\"WebSite\",\"@id\":\"https:\\\/\\\/www.igt.nl\\\/es\\\/#website\",\"url\":\"https:\\\/\\\/www.igt.nl\\\/es\\\/\",\"name\":\"IGT Testing Systems\",\"description\":\"\",\"potentialAction\":[{\"@type\":\"SearchAction\",\"target\":{\"@type\":\"EntryPoint\",\"urlTemplate\":\"https:\\\/\\\/www.igt.nl\\\/es\\\/?s={search_term_string}\"},\"query-input\":{\"@type\":\"PropertyValueSpecification\",\"valueRequired\":true,\"valueName\":\"search_term_string\"}}],\"inLanguage\":\"es\"}]}<\/script>\n<!-- \/ Yoast SEO plugin. -->","yoast_head_json":{"title":"Pipeta de tinta IGT de 0,01 ml de resoluci\u00f3n - IGT Testing Systems","description":"Se utiliza para dispersar una cantidad exacta de tinta o aceite en las pruebas de imprimibilidad. Consta de tornillo microm\u00e9trico, \u00e9mbolo y microboquilla con tap\u00f3n de nylon.","robots":{"index":"index","follow":"follow","max-snippet":"max-snippet:-1","max-image-preview":"max-image-preview:large","max-video-preview":"max-video-preview:-1"},"canonical":"https:\/\/www.igt.nl\/es\/producto\/pipeta-de-tinta-igt-de-001-ml-de-resolucion\/","og_locale":"es_ES","og_type":"article","og_title":"Pipeta de tinta IGT de 0,01 ml de resoluci\u00f3n - IGT Testing Systems","og_description":"Se utiliza para dispersar una cantidad exacta de tinta o aceite en las pruebas de imprimibilidad. Consta de tornillo microm\u00e9trico, \u00e9mbolo y microboquilla con tap\u00f3n de nylon.","og_url":"https:\/\/www.igt.nl\/es\/producto\/pipeta-de-tinta-igt-de-001-ml-de-resolucion\/","og_site_name":"IGT Testing Systems","article_modified_time":"2025-12-17T07:59:41+00:00","og_image":[{"width":967,"height":967,"url":"https:\/\/www.igt.nl\/wp-content\/uploads\/pipetten-scaled-e1589717334637.jpg","type":"image\/jpeg"}],"twitter_card":"summary_large_image","schema":{"@context":"https:\/\/schema.org","@graph":[{"@type":"WebPage","@id":"https:\/\/www.igt.nl\/es\/producto\/pipeta-de-tinta-igt-de-001-ml-de-resolucion\/","url":"https:\/\/www.igt.nl\/es\/producto\/pipeta-de-tinta-igt-de-001-ml-de-resolucion\/","name":"Pipeta de tinta IGT de 0,01 ml de resoluci\u00f3n - IGT Testing Systems","isPartOf":{"@id":"https:\/\/www.igt.nl\/es\/#website"},"primaryImageOfPage":{"@id":"https:\/\/www.igt.nl\/es\/producto\/pipeta-de-tinta-igt-de-001-ml-de-resolucion\/#primaryimage"},"image":{"@id":"https:\/\/www.igt.nl\/es\/producto\/pipeta-de-tinta-igt-de-001-ml-de-resolucion\/#primaryimage"},"thumbnailUrl":"https:\/\/www.igt.nl\/wp-content\/uploads\/pipetten-scaled-e1589717334637.jpg","datePublished":"2021-03-03T10:59:25+00:00","dateModified":"2025-12-17T07:59:41+00:00","description":"Se utiliza para dispersar una cantidad exacta de tinta o aceite en las pruebas de imprimibilidad. Consta de tornillo microm\u00e9trico, \u00e9mbolo y microboquilla con tap\u00f3n de nylon.","breadcrumb":{"@id":"https:\/\/www.igt.nl\/es\/producto\/pipeta-de-tinta-igt-de-001-ml-de-resolucion\/#breadcrumb"},"inLanguage":"es","potentialAction":[{"@type":"ReadAction","target":["https:\/\/www.igt.nl\/es\/producto\/pipeta-de-tinta-igt-de-001-ml-de-resolucion\/"]}]},{"@type":"ImageObject","inLanguage":"es","@id":"https:\/\/www.igt.nl\/es\/producto\/pipeta-de-tinta-igt-de-001-ml-de-resolucion\/#primaryimage","url":"https:\/\/www.igt.nl\/wp-content\/uploads\/pipetten-scaled-e1589717334637.jpg","contentUrl":"https:\/\/www.igt.nl\/wp-content\/uploads\/pipetten-scaled-e1589717334637.jpg","width":967,"height":967},{"@type":"BreadcrumbList","@id":"https:\/\/www.igt.nl\/es\/producto\/pipeta-de-tinta-igt-de-001-ml-de-resolucion\/#breadcrumb","itemListElement":[{"@type":"ListItem","position":1,"name":"Home","item":"https:\/\/www.igt.nl\/es\/?page_id=36171"},{"@type":"ListItem","position":2,"name":"Tienda","item":"https:\/\/www.igt.nl\/es\/?page_id=36068"},{"@type":"ListItem","position":3,"name":"48 horas","item":"https:\/\/www.igt.nl\/es\/product-categorie\/48-horas\/"},{"@type":"ListItem","position":4,"name":"Pipeta de tinta IGT de 0,01 ml de resoluci\u00f3n"}]},{"@type":"WebSite","@id":"https:\/\/www.igt.nl\/es\/#website","url":"https:\/\/www.igt.nl\/es\/","name":"IGT Testing Systems","description":"","potentialAction":[{"@type":"SearchAction","target":{"@type":"EntryPoint","urlTemplate":"https:\/\/www.igt.nl\/es\/?s={search_term_string}"},"query-input":{"@type":"PropertyValueSpecification","valueRequired":true,"valueName":"search_term_string"}}],"inLanguage":"es"}]}},"_links":{"self":[{"href":"https:\/\/www.igt.nl\/es\/wp-json\/wp\/v2\/product\/37750","targetHints":{"allow":["GET"]}}],"collection":[{"href":"https:\/\/www.igt.nl\/es\/wp-json\/wp\/v2\/product"}],"about":[{"href":"https:\/\/www.igt.nl\/es\/wp-json\/wp\/v2\/types\/product"}],"replies":[{"embeddable":true,"href":"https:\/\/www.igt.nl\/es\/wp-json\/wp\/v2\/comments?post=37750"}],"wp:featuredmedia":[{"embeddable":true,"href":"https:\/\/www.igt.nl\/es\/wp-json\/wp\/v2\/media\/37751"}],"wp:attachment":[{"href":"https:\/\/www.igt.nl\/es\/wp-json\/wp\/v2\/media?parent=37750"}],"wp:term":[{"taxonomy":"product_brand","embeddable":true,"href":"https:\/\/www.igt.nl\/es\/wp-json\/wp\/v2\/product_brand?post=37750"},{"taxonomy":"product_cat","embeddable":true,"href":"https:\/\/www.igt.nl\/es\/wp-json\/wp\/v2\/product_cat?post=37750"},{"taxonomy":"product_tag","embeddable":true,"href":"https:\/\/www.igt.nl\/es\/wp-json\/wp\/v2\/product_tag?post=37750"}],"curies":[{"name":"wp","href":"https:\/\/api.w.org\/{rel}","templated":true}]}}