{"id":37758,"date":"2021-09-24T16:47:07","date_gmt":"2021-09-24T16:47:07","guid":{"rendered":"https:\/\/www.igt.nl\/?post_type=product&#038;p=37758"},"modified":"2025-12-17T07:59:36","modified_gmt":"2025-12-17T07:59:36","slug":"secador-uv-igt-12-2-led395-2-lamparas-hg-led-395-nm","status":"publish","type":"product","link":"https:\/\/www.igt.nl\/es\/producto\/secador-uv-igt-12-2-led395-2-lamparas-hg-led-395-nm\/","title":{"rendered":"Secador UV IGT 12-2-LED395, 2 l\u00e1mparas Hg + LED-395 nm"},"content":{"rendered":"<p>Los secadores UV IGT son unidades compactas para el curado r\u00e1pido de tintas y barnices UV sobre material plano y piezas moldeadas peque\u00f1as, como papel, pl\u00e1stico, placas de circuitos impresos, cristal o metal. En el sector de las artes gr\u00e1ficas, estos secadores UV se utilizan en el departamento de tintas para curar impresiones de prueba para la igualaci\u00f3n de colores. <\/p>\n<p>En la I+D de proveedores de tintas y productos qu\u00edmicos se utilizan para la simulaci\u00f3n del proceso de curado.<\/p>\n<p>Hay varias versiones disponibles con l\u00e1mparas de mercurio, con tecnolog\u00eda LED UV o una combinaci\u00f3n. Los comprobadores est\u00e1n disponibles con velocidad de cinta variable, potencia de l\u00e1mpara ajustable y l\u00e1mparas f\u00e1cilmente intercambiables. <\/p>\n<p>En las muestras ensayadas se pueden comprobar las propiedades de curado, la resistencia al roce y a la abrasi\u00f3n y la adherencia de forma reproducible y cercana a las circunstancias pr\u00e1cticas.<\/p>\n","protected":false},"excerpt":{"rendered":"<p>Secador UV IGT 12-2-LED395, 2 l\u00e1mparas Hg + LED -395 nm (curado 60 mm)<\/p>\n","protected":false},"featured_media":34728,"comment_status":"closed","ping_status":"closed","template":"","meta":{"_acf_changed":false,"inline_featured_image":false},"product_brand":[],"product_cat":[3878,3435,3879],"product_tag":[],"class_list":{"0":"post-37758","1":"product","2":"type-product","3":"status-publish","4":"has-post-thumbnail","6":"product_cat-otros-probadores","7":"product_cat-probadores-de-tinta","8":"product_cat-secadoras","9":"pa_accessories-496-001-lampara-uv-c-estandar","10":"pa_accessories-496-002-lampara-uv-a-sin-ozono","11":"pa_accessories-496-003-075-cinta-transportadora-ptfe-1560x110-mm-75-cm","12":"pa_accessories-496-004-075-cinta-transportadora-rvs1560x110mm-75-cm","13":"pa_accessories-496-050-002-cinturon","14":"pa_compatible-instruments-496-000-075-secador-uv-igt-12-1","15":"pa_compatible-instruments-497-000-secador-uv-igt-l","16":"pa_dimensions-d-x-w-x-h-cm-75-x-35-x-46","17":"pa_guarantee-estandar-un-ano","18":"pa_inks-or-liquids-tintas-uv","19":"pa_main-application-endurecimiento-rapido-de-tintas-y-barnices-uv","20":"pa_maintenance-anual","21":"pa_maintenance-el-mantenimiento-y-la-calibracion-anuales-del-comprobador-pueden-ser-realizados-por-igt-testing-systems-o-por-empresas-autorizadas-por-igt-testing-systems","22":"pa_maintenance-puedes-obtener-informacion-de-tu-proveedor-o-del-agente-local","23":"pa_nr-of-lamps-3898","24":"pa_power-supply-requirements-230v-8at-1000w-50-hz","25":"pa_print-length-and-width-mm-anchura-maxima-de-secado-60","26":"pa_space-requirements-0-7-m","27":"pa_speed-range-and-modes-3-20-m-min","29":"first","30":"instock","31":"shipping-taxable","32":"purchasable","33":"product-type-simple"},"acf":[],"yoast_head":"<!-- This site is optimized with the Yoast SEO plugin v27.3 - https:\/\/yoast.com\/product\/yoast-seo-wordpress\/ -->\n<title>Secador UV IGT 12-2-LED395, 2 l\u00e1mparas Hg + LED-395 nm - IGT Testing Systems<\/title>\n<meta name=\"description\" content=\"Los secadores de cinta transportadora IGT UV LED son unidades compactas para el curado r\u00e1pido de tintas y barnices UV sobre papel, pl\u00e1stico, placas de circuitos impresos, vidrio o metal.\" \/>\n<meta name=\"robots\" content=\"index, follow, max-snippet:-1, max-image-preview:large, max-video-preview:-1\" \/>\n<link rel=\"canonical\" href=\"https:\/\/www.igt.nl\/es\/producto\/secador-uv-igt-12-2-led395-2-lamparas-hg-led-395-nm\/\" \/>\n<meta property=\"og:locale\" content=\"es_ES\" \/>\n<meta property=\"og:type\" content=\"article\" \/>\n<meta property=\"og:title\" content=\"Secador UV IGT 12-2-LED395, 2 l\u00e1mparas Hg + LED-395 nm - IGT Testing Systems\" \/>\n<meta property=\"og:description\" content=\"Los secadores de cinta transportadora IGT UV LED son unidades compactas para el curado r\u00e1pido de tintas y barnices UV sobre papel, pl\u00e1stico, placas de circuitos impresos, vidrio o metal.\" \/>\n<meta property=\"og:url\" content=\"https:\/\/www.igt.nl\/es\/producto\/secador-uv-igt-12-2-led395-2-lamparas-hg-led-395-nm\/\" \/>\n<meta property=\"og:site_name\" content=\"IGT Testing Systems\" \/>\n<meta property=\"article:modified_time\" content=\"2025-12-17T07:59:36+00:00\" \/>\n<meta property=\"og:image\" content=\"https:\/\/www.igt.nl\/wp-content\/uploads\/496.100.275-IGT-UV-Dryer-12-2-LED_MGF3293_rvs_1-1.jpg\" \/>\n\t<meta property=\"og:image:width\" content=\"752\" \/>\n\t<meta property=\"og:image:height\" content=\"752\" \/>\n\t<meta property=\"og:image:type\" content=\"image\/jpeg\" \/>\n<meta name=\"twitter:card\" content=\"summary_large_image\" \/>\n<meta name=\"twitter:label1\" content=\"Tiempo de lectura\" \/>\n\t<meta name=\"twitter:data1\" content=\"1 minuto\" \/>\n<script type=\"application\/ld+json\" class=\"yoast-schema-graph\">{\"@context\":\"https:\\\/\\\/schema.org\",\"@graph\":[{\"@type\":\"WebPage\",\"@id\":\"https:\\\/\\\/www.igt.nl\\\/es\\\/producto\\\/secador-uv-igt-12-2-led395-2-lamparas-hg-led-395-nm\\\/\",\"url\":\"https:\\\/\\\/www.igt.nl\\\/es\\\/producto\\\/secador-uv-igt-12-2-led395-2-lamparas-hg-led-395-nm\\\/\",\"name\":\"Secador UV IGT 12-2-LED395, 2 l\u00e1mparas Hg + LED-395 nm - IGT Testing Systems\",\"isPartOf\":{\"@id\":\"https:\\\/\\\/www.igt.nl\\\/es\\\/#website\"},\"primaryImageOfPage\":{\"@id\":\"https:\\\/\\\/www.igt.nl\\\/es\\\/producto\\\/secador-uv-igt-12-2-led395-2-lamparas-hg-led-395-nm\\\/#primaryimage\"},\"image\":{\"@id\":\"https:\\\/\\\/www.igt.nl\\\/es\\\/producto\\\/secador-uv-igt-12-2-led395-2-lamparas-hg-led-395-nm\\\/#primaryimage\"},\"thumbnailUrl\":\"https:\\\/\\\/www.igt.nl\\\/wp-content\\\/uploads\\\/496.100.275-IGT-UV-Dryer-12-2-LED_MGF3293_rvs_1-1.jpg\",\"datePublished\":\"2021-09-24T16:47:07+00:00\",\"dateModified\":\"2025-12-17T07:59:36+00:00\",\"description\":\"Los secadores de cinta transportadora IGT UV LED son unidades compactas para el curado r\u00e1pido de tintas y barnices UV sobre papel, pl\u00e1stico, placas de circuitos impresos, vidrio o metal.\",\"breadcrumb\":{\"@id\":\"https:\\\/\\\/www.igt.nl\\\/es\\\/producto\\\/secador-uv-igt-12-2-led395-2-lamparas-hg-led-395-nm\\\/#breadcrumb\"},\"inLanguage\":\"es\",\"potentialAction\":[{\"@type\":\"ReadAction\",\"target\":[\"https:\\\/\\\/www.igt.nl\\\/es\\\/producto\\\/secador-uv-igt-12-2-led395-2-lamparas-hg-led-395-nm\\\/\"]}]},{\"@type\":\"ImageObject\",\"inLanguage\":\"es\",\"@id\":\"https:\\\/\\\/www.igt.nl\\\/es\\\/producto\\\/secador-uv-igt-12-2-led395-2-lamparas-hg-led-395-nm\\\/#primaryimage\",\"url\":\"https:\\\/\\\/www.igt.nl\\\/wp-content\\\/uploads\\\/496.100.275-IGT-UV-Dryer-12-2-LED_MGF3293_rvs_1-1.jpg\",\"contentUrl\":\"https:\\\/\\\/www.igt.nl\\\/wp-content\\\/uploads\\\/496.100.275-IGT-UV-Dryer-12-2-LED_MGF3293_rvs_1-1.jpg\",\"width\":752,\"height\":752,\"caption\":\"UV dryer\"},{\"@type\":\"BreadcrumbList\",\"@id\":\"https:\\\/\\\/www.igt.nl\\\/es\\\/producto\\\/secador-uv-igt-12-2-led395-2-lamparas-hg-led-395-nm\\\/#breadcrumb\",\"itemListElement\":[{\"@type\":\"ListItem\",\"position\":1,\"name\":\"Home\",\"item\":\"https:\\\/\\\/www.igt.nl\\\/es\\\/?page_id=36171\"},{\"@type\":\"ListItem\",\"position\":2,\"name\":\"Tienda\",\"item\":\"https:\\\/\\\/www.igt.nl\\\/es\\\/?page_id=36068\"},{\"@type\":\"ListItem\",\"position\":3,\"name\":\"Otros probadores\",\"item\":\"https:\\\/\\\/www.igt.nl\\\/es\\\/product-categorie\\\/otros-probadores\\\/\"},{\"@type\":\"ListItem\",\"position\":4,\"name\":\"Secador UV IGT 12-2-LED395, 2 l\u00e1mparas Hg + LED-395 nm\"}]},{\"@type\":\"WebSite\",\"@id\":\"https:\\\/\\\/www.igt.nl\\\/es\\\/#website\",\"url\":\"https:\\\/\\\/www.igt.nl\\\/es\\\/\",\"name\":\"IGT Testing Systems\",\"description\":\"\",\"potentialAction\":[{\"@type\":\"SearchAction\",\"target\":{\"@type\":\"EntryPoint\",\"urlTemplate\":\"https:\\\/\\\/www.igt.nl\\\/es\\\/?s={search_term_string}\"},\"query-input\":{\"@type\":\"PropertyValueSpecification\",\"valueRequired\":true,\"valueName\":\"search_term_string\"}}],\"inLanguage\":\"es\"}]}<\/script>\n<!-- \/ Yoast SEO plugin. -->","yoast_head_json":{"title":"Secador UV IGT 12-2-LED395, 2 l\u00e1mparas Hg + LED-395 nm - IGT Testing Systems","description":"Los secadores de cinta transportadora IGT UV LED son unidades compactas para el curado r\u00e1pido de tintas y barnices UV sobre papel, pl\u00e1stico, placas de circuitos impresos, vidrio o metal.","robots":{"index":"index","follow":"follow","max-snippet":"max-snippet:-1","max-image-preview":"max-image-preview:large","max-video-preview":"max-video-preview:-1"},"canonical":"https:\/\/www.igt.nl\/es\/producto\/secador-uv-igt-12-2-led395-2-lamparas-hg-led-395-nm\/","og_locale":"es_ES","og_type":"article","og_title":"Secador UV IGT 12-2-LED395, 2 l\u00e1mparas Hg + LED-395 nm - IGT Testing Systems","og_description":"Los secadores de cinta transportadora IGT UV LED son unidades compactas para el curado r\u00e1pido de tintas y barnices UV sobre papel, pl\u00e1stico, placas de circuitos impresos, vidrio o metal.","og_url":"https:\/\/www.igt.nl\/es\/producto\/secador-uv-igt-12-2-led395-2-lamparas-hg-led-395-nm\/","og_site_name":"IGT Testing Systems","article_modified_time":"2025-12-17T07:59:36+00:00","og_image":[{"width":752,"height":752,"url":"https:\/\/www.igt.nl\/wp-content\/uploads\/496.100.275-IGT-UV-Dryer-12-2-LED_MGF3293_rvs_1-1.jpg","type":"image\/jpeg"}],"twitter_card":"summary_large_image","twitter_misc":{"Tiempo de lectura":"1 minuto"},"schema":{"@context":"https:\/\/schema.org","@graph":[{"@type":"WebPage","@id":"https:\/\/www.igt.nl\/es\/producto\/secador-uv-igt-12-2-led395-2-lamparas-hg-led-395-nm\/","url":"https:\/\/www.igt.nl\/es\/producto\/secador-uv-igt-12-2-led395-2-lamparas-hg-led-395-nm\/","name":"Secador UV IGT 12-2-LED395, 2 l\u00e1mparas Hg + LED-395 nm - IGT Testing Systems","isPartOf":{"@id":"https:\/\/www.igt.nl\/es\/#website"},"primaryImageOfPage":{"@id":"https:\/\/www.igt.nl\/es\/producto\/secador-uv-igt-12-2-led395-2-lamparas-hg-led-395-nm\/#primaryimage"},"image":{"@id":"https:\/\/www.igt.nl\/es\/producto\/secador-uv-igt-12-2-led395-2-lamparas-hg-led-395-nm\/#primaryimage"},"thumbnailUrl":"https:\/\/www.igt.nl\/wp-content\/uploads\/496.100.275-IGT-UV-Dryer-12-2-LED_MGF3293_rvs_1-1.jpg","datePublished":"2021-09-24T16:47:07+00:00","dateModified":"2025-12-17T07:59:36+00:00","description":"Los secadores de cinta transportadora IGT UV LED son unidades compactas para el curado r\u00e1pido de tintas y barnices UV sobre papel, pl\u00e1stico, placas de circuitos impresos, vidrio o metal.","breadcrumb":{"@id":"https:\/\/www.igt.nl\/es\/producto\/secador-uv-igt-12-2-led395-2-lamparas-hg-led-395-nm\/#breadcrumb"},"inLanguage":"es","potentialAction":[{"@type":"ReadAction","target":["https:\/\/www.igt.nl\/es\/producto\/secador-uv-igt-12-2-led395-2-lamparas-hg-led-395-nm\/"]}]},{"@type":"ImageObject","inLanguage":"es","@id":"https:\/\/www.igt.nl\/es\/producto\/secador-uv-igt-12-2-led395-2-lamparas-hg-led-395-nm\/#primaryimage","url":"https:\/\/www.igt.nl\/wp-content\/uploads\/496.100.275-IGT-UV-Dryer-12-2-LED_MGF3293_rvs_1-1.jpg","contentUrl":"https:\/\/www.igt.nl\/wp-content\/uploads\/496.100.275-IGT-UV-Dryer-12-2-LED_MGF3293_rvs_1-1.jpg","width":752,"height":752,"caption":"UV dryer"},{"@type":"BreadcrumbList","@id":"https:\/\/www.igt.nl\/es\/producto\/secador-uv-igt-12-2-led395-2-lamparas-hg-led-395-nm\/#breadcrumb","itemListElement":[{"@type":"ListItem","position":1,"name":"Home","item":"https:\/\/www.igt.nl\/es\/?page_id=36171"},{"@type":"ListItem","position":2,"name":"Tienda","item":"https:\/\/www.igt.nl\/es\/?page_id=36068"},{"@type":"ListItem","position":3,"name":"Otros probadores","item":"https:\/\/www.igt.nl\/es\/product-categorie\/otros-probadores\/"},{"@type":"ListItem","position":4,"name":"Secador UV IGT 12-2-LED395, 2 l\u00e1mparas Hg + LED-395 nm"}]},{"@type":"WebSite","@id":"https:\/\/www.igt.nl\/es\/#website","url":"https:\/\/www.igt.nl\/es\/","name":"IGT Testing Systems","description":"","potentialAction":[{"@type":"SearchAction","target":{"@type":"EntryPoint","urlTemplate":"https:\/\/www.igt.nl\/es\/?s={search_term_string}"},"query-input":{"@type":"PropertyValueSpecification","valueRequired":true,"valueName":"search_term_string"}}],"inLanguage":"es"}]}},"_links":{"self":[{"href":"https:\/\/www.igt.nl\/es\/wp-json\/wp\/v2\/product\/37758","targetHints":{"allow":["GET"]}}],"collection":[{"href":"https:\/\/www.igt.nl\/es\/wp-json\/wp\/v2\/product"}],"about":[{"href":"https:\/\/www.igt.nl\/es\/wp-json\/wp\/v2\/types\/product"}],"replies":[{"embeddable":true,"href":"https:\/\/www.igt.nl\/es\/wp-json\/wp\/v2\/comments?post=37758"}],"wp:featuredmedia":[{"embeddable":true,"href":"https:\/\/www.igt.nl\/es\/wp-json\/wp\/v2\/media\/34728"}],"wp:attachment":[{"href":"https:\/\/www.igt.nl\/es\/wp-json\/wp\/v2\/media?parent=37758"}],"wp:term":[{"taxonomy":"product_brand","embeddable":true,"href":"https:\/\/www.igt.nl\/es\/wp-json\/wp\/v2\/product_brand?post=37758"},{"taxonomy":"product_cat","embeddable":true,"href":"https:\/\/www.igt.nl\/es\/wp-json\/wp\/v2\/product_cat?post=37758"},{"taxonomy":"product_tag","embeddable":true,"href":"https:\/\/www.igt.nl\/es\/wp-json\/wp\/v2\/product_tag?post=37758"}],"curies":[{"name":"wp","href":"https:\/\/api.w.org\/{rel}","templated":true}]}}