{"id":37780,"date":"2020-12-07T15:39:14","date_gmt":"2020-12-07T15:39:14","guid":{"rendered":"https:\/\/www.igt.nl\/?post_type=product&#038;p=37780"},"modified":"2025-12-17T07:59:57","modified_gmt":"2025-12-17T07:59:57","slug":"balanza-analitica-digital","status":"publish","type":"product","link":"https:\/\/www.igt.nl\/es\/producto\/balanza-analitica-digital\/","title":{"rendered":"Balanza anal\u00edtica digital"},"content":{"rendered":"<p>La balanza anal\u00edtica IGT es una balanza fiable y de alta precisi\u00f3n, ideal para pesadas de laboratorio y anal\u00edticas en general, con una resoluci\u00f3n de 0,1 mg.<\/p>\n<p>Para poder medir, por ejemplo, la transferencia de tinta, IGT dispone de discos ligeros en el programa. En combinaci\u00f3n con esta balanza anal\u00edtica, el usuario puede medir la cantidad de tinta en un disco de impresi\u00f3n antes y despu\u00e9s de realizar la impresi\u00f3n. La diferencia es la cantidad de tinta transferida al sustrato. La resoluci\u00f3n de 0,1 mg es necesaria para obtener una precisi\u00f3n de 0,1 g\/m\u00b2 de transferencia de tinta. Con el peso y la superficie impresa es f\u00e1cil calcular la transferencia de tinta. La interfaz serie permite calcular autom\u00e1ticamente la transferencia de tinta.     <\/p>\n<p>Para mezclar tintas, la Balanza Anal\u00edtica IGT puede utilizarse para medir todos los componentes b\u00e1sicos de la tinta a mezclar.<\/p>\n<p>Junto con la Mezcladora <a href=\"https:\/\/www.igt.nl\/product\/551-000-100\/\">IGT SimplyMix<\/a> y los vasos est\u00e1ndar para ella, el pesaje y la mezcla son f\u00e1ciles y repetibles.<\/p>\n","protected":false},"excerpt":{"rendered":"<p>La balanza anal\u00edtica IGT es una balanza fiable y de alta precisi\u00f3n, ideal para pesadas de laboratorio y anal\u00edticas en general, con una resoluci\u00f3n de 0,0001 g.<\/p>\n","protected":false},"featured_media":37782,"comment_status":"closed","ping_status":"closed","template":"","meta":{"_acf_changed":false,"inline_featured_image":false},"product_brand":[],"product_cat":[3437,3934,3864,3935],"product_tag":[],"class_list":{"0":"post-37780","1":"product","2":"type-product","3":"status-publish","4":"has-post-thumbnail","6":"product_cat-48-horas","7":"product_cat-accesorios","8":"product_cat-cocina-de-tinta","9":"product_cat-varios-2","10":"product_shipping_class-normaal","11":"pa_guarantee-estandar-un-ano","12":"pa_resolution-mg-3933","14":"first","15":"instock","16":"shipping-taxable","17":"purchasable","18":"product-type-simple"},"acf":[],"yoast_head":"<!-- This site is optimized with the Yoast SEO plugin v27.5 - https:\/\/yoast.com\/product\/yoast-seo-wordpress\/ -->\n<title>Balanza anal\u00edtica digital - IGT Testing Systems<\/title>\n<meta name=\"description\" content=\"Para medir la cantidad de tinta en un disco de impresi\u00f3n antes y despu\u00e9s de hacer la prueba de impresi\u00f3n. La diferencia es la cantidad de tinta transferida al soporte.\" \/>\n<meta name=\"robots\" content=\"index, follow, max-snippet:-1, max-image-preview:large, max-video-preview:-1\" \/>\n<link rel=\"canonical\" href=\"https:\/\/www.igt.nl\/es\/producto\/balanza-analitica-digital\/\" \/>\n<meta property=\"og:locale\" content=\"es_ES\" \/>\n<meta property=\"og:type\" content=\"article\" \/>\n<meta property=\"og:title\" content=\"Balanza anal\u00edtica digital - IGT Testing Systems\" \/>\n<meta property=\"og:description\" content=\"Para medir la cantidad de tinta en un disco de impresi\u00f3n antes y despu\u00e9s de hacer la prueba de impresi\u00f3n. La diferencia es la cantidad de tinta transferida al soporte.\" \/>\n<meta property=\"og:url\" content=\"https:\/\/www.igt.nl\/es\/producto\/balanza-analitica-digital\/\" \/>\n<meta property=\"og:site_name\" content=\"IGT Testing Systems\" \/>\n<meta property=\"article:modified_time\" content=\"2025-12-17T07:59:57+00:00\" \/>\n<meta property=\"og:image\" content=\"https:\/\/www.igt.nl\/wp-content\/uploads\/511.100-Analytical-Balance_MGF5992-vs-rvs-e1666339778899.jpg\" \/>\n\t<meta property=\"og:image:width\" content=\"843\" \/>\n\t<meta property=\"og:image:height\" content=\"843\" \/>\n\t<meta property=\"og:image:type\" content=\"image\/jpeg\" \/>\n<meta name=\"twitter:card\" content=\"summary_large_image\" \/>\n<meta name=\"twitter:label1\" content=\"Tiempo de lectura\" \/>\n\t<meta name=\"twitter:data1\" content=\"1 minuto\" \/>\n<script type=\"application\/ld+json\" class=\"yoast-schema-graph\">{\"@context\":\"https:\\\/\\\/schema.org\",\"@graph\":[{\"@type\":\"WebPage\",\"@id\":\"https:\\\/\\\/www.igt.nl\\\/es\\\/producto\\\/balanza-analitica-digital\\\/\",\"url\":\"https:\\\/\\\/www.igt.nl\\\/es\\\/producto\\\/balanza-analitica-digital\\\/\",\"name\":\"Balanza anal\u00edtica digital - IGT Testing Systems\",\"isPartOf\":{\"@id\":\"https:\\\/\\\/www.igt.nl\\\/es\\\/#website\"},\"primaryImageOfPage\":{\"@id\":\"https:\\\/\\\/www.igt.nl\\\/es\\\/producto\\\/balanza-analitica-digital\\\/#primaryimage\"},\"image\":{\"@id\":\"https:\\\/\\\/www.igt.nl\\\/es\\\/producto\\\/balanza-analitica-digital\\\/#primaryimage\"},\"thumbnailUrl\":\"https:\\\/\\\/www.igt.nl\\\/wp-content\\\/uploads\\\/511.100-Analytical-Balance_MGF5992-vs-rvs-e1666339778899.jpg\",\"datePublished\":\"2020-12-07T15:39:14+00:00\",\"dateModified\":\"2025-12-17T07:59:57+00:00\",\"description\":\"Para medir la cantidad de tinta en un disco de impresi\u00f3n antes y despu\u00e9s de hacer la prueba de impresi\u00f3n. La diferencia es la cantidad de tinta transferida al soporte.\",\"breadcrumb\":{\"@id\":\"https:\\\/\\\/www.igt.nl\\\/es\\\/producto\\\/balanza-analitica-digital\\\/#breadcrumb\"},\"inLanguage\":\"es\",\"potentialAction\":[{\"@type\":\"ReadAction\",\"target\":[\"https:\\\/\\\/www.igt.nl\\\/es\\\/producto\\\/balanza-analitica-digital\\\/\"]}]},{\"@type\":\"ImageObject\",\"inLanguage\":\"es\",\"@id\":\"https:\\\/\\\/www.igt.nl\\\/es\\\/producto\\\/balanza-analitica-digital\\\/#primaryimage\",\"url\":\"https:\\\/\\\/www.igt.nl\\\/wp-content\\\/uploads\\\/511.100-Analytical-Balance_MGF5992-vs-rvs-e1666339778899.jpg\",\"contentUrl\":\"https:\\\/\\\/www.igt.nl\\\/wp-content\\\/uploads\\\/511.100-Analytical-Balance_MGF5992-vs-rvs-e1666339778899.jpg\",\"width\":843,\"height\":843},{\"@type\":\"BreadcrumbList\",\"@id\":\"https:\\\/\\\/www.igt.nl\\\/es\\\/producto\\\/balanza-analitica-digital\\\/#breadcrumb\",\"itemListElement\":[{\"@type\":\"ListItem\",\"position\":1,\"name\":\"Home\",\"item\":\"https:\\\/\\\/www.igt.nl\\\/es\\\/?page_id=36171\"},{\"@type\":\"ListItem\",\"position\":2,\"name\":\"Tienda\",\"item\":\"https:\\\/\\\/www.igt.nl\\\/es\\\/?page_id=36068\"},{\"@type\":\"ListItem\",\"position\":3,\"name\":\"48 horas\",\"item\":\"https:\\\/\\\/www.igt.nl\\\/es\\\/product-categorie\\\/48-horas\\\/\"},{\"@type\":\"ListItem\",\"position\":4,\"name\":\"Balanza anal\u00edtica digital\"}]},{\"@type\":\"WebSite\",\"@id\":\"https:\\\/\\\/www.igt.nl\\\/es\\\/#website\",\"url\":\"https:\\\/\\\/www.igt.nl\\\/es\\\/\",\"name\":\"IGT Testing Systems\",\"description\":\"\",\"potentialAction\":[{\"@type\":\"SearchAction\",\"target\":{\"@type\":\"EntryPoint\",\"urlTemplate\":\"https:\\\/\\\/www.igt.nl\\\/es\\\/?s={search_term_string}\"},\"query-input\":{\"@type\":\"PropertyValueSpecification\",\"valueRequired\":true,\"valueName\":\"search_term_string\"}}],\"inLanguage\":\"es\"}]}<\/script>\n<!-- \/ Yoast SEO plugin. -->","yoast_head_json":{"title":"Balanza anal\u00edtica digital - IGT Testing Systems","description":"Para medir la cantidad de tinta en un disco de impresi\u00f3n antes y despu\u00e9s de hacer la prueba de impresi\u00f3n. La diferencia es la cantidad de tinta transferida al soporte.","robots":{"index":"index","follow":"follow","max-snippet":"max-snippet:-1","max-image-preview":"max-image-preview:large","max-video-preview":"max-video-preview:-1"},"canonical":"https:\/\/www.igt.nl\/es\/producto\/balanza-analitica-digital\/","og_locale":"es_ES","og_type":"article","og_title":"Balanza anal\u00edtica digital - IGT Testing Systems","og_description":"Para medir la cantidad de tinta en un disco de impresi\u00f3n antes y despu\u00e9s de hacer la prueba de impresi\u00f3n. La diferencia es la cantidad de tinta transferida al soporte.","og_url":"https:\/\/www.igt.nl\/es\/producto\/balanza-analitica-digital\/","og_site_name":"IGT Testing Systems","article_modified_time":"2025-12-17T07:59:57+00:00","og_image":[{"width":843,"height":843,"url":"https:\/\/www.igt.nl\/wp-content\/uploads\/511.100-Analytical-Balance_MGF5992-vs-rvs-e1666339778899.jpg","type":"image\/jpeg"}],"twitter_card":"summary_large_image","twitter_misc":{"Tiempo de lectura":"1 minuto"},"schema":{"@context":"https:\/\/schema.org","@graph":[{"@type":"WebPage","@id":"https:\/\/www.igt.nl\/es\/producto\/balanza-analitica-digital\/","url":"https:\/\/www.igt.nl\/es\/producto\/balanza-analitica-digital\/","name":"Balanza anal\u00edtica digital - IGT Testing Systems","isPartOf":{"@id":"https:\/\/www.igt.nl\/es\/#website"},"primaryImageOfPage":{"@id":"https:\/\/www.igt.nl\/es\/producto\/balanza-analitica-digital\/#primaryimage"},"image":{"@id":"https:\/\/www.igt.nl\/es\/producto\/balanza-analitica-digital\/#primaryimage"},"thumbnailUrl":"https:\/\/www.igt.nl\/wp-content\/uploads\/511.100-Analytical-Balance_MGF5992-vs-rvs-e1666339778899.jpg","datePublished":"2020-12-07T15:39:14+00:00","dateModified":"2025-12-17T07:59:57+00:00","description":"Para medir la cantidad de tinta en un disco de impresi\u00f3n antes y despu\u00e9s de hacer la prueba de impresi\u00f3n. La diferencia es la cantidad de tinta transferida al soporte.","breadcrumb":{"@id":"https:\/\/www.igt.nl\/es\/producto\/balanza-analitica-digital\/#breadcrumb"},"inLanguage":"es","potentialAction":[{"@type":"ReadAction","target":["https:\/\/www.igt.nl\/es\/producto\/balanza-analitica-digital\/"]}]},{"@type":"ImageObject","inLanguage":"es","@id":"https:\/\/www.igt.nl\/es\/producto\/balanza-analitica-digital\/#primaryimage","url":"https:\/\/www.igt.nl\/wp-content\/uploads\/511.100-Analytical-Balance_MGF5992-vs-rvs-e1666339778899.jpg","contentUrl":"https:\/\/www.igt.nl\/wp-content\/uploads\/511.100-Analytical-Balance_MGF5992-vs-rvs-e1666339778899.jpg","width":843,"height":843},{"@type":"BreadcrumbList","@id":"https:\/\/www.igt.nl\/es\/producto\/balanza-analitica-digital\/#breadcrumb","itemListElement":[{"@type":"ListItem","position":1,"name":"Home","item":"https:\/\/www.igt.nl\/es\/?page_id=36171"},{"@type":"ListItem","position":2,"name":"Tienda","item":"https:\/\/www.igt.nl\/es\/?page_id=36068"},{"@type":"ListItem","position":3,"name":"48 horas","item":"https:\/\/www.igt.nl\/es\/product-categorie\/48-horas\/"},{"@type":"ListItem","position":4,"name":"Balanza anal\u00edtica digital"}]},{"@type":"WebSite","@id":"https:\/\/www.igt.nl\/es\/#website","url":"https:\/\/www.igt.nl\/es\/","name":"IGT Testing Systems","description":"","potentialAction":[{"@type":"SearchAction","target":{"@type":"EntryPoint","urlTemplate":"https:\/\/www.igt.nl\/es\/?s={search_term_string}"},"query-input":{"@type":"PropertyValueSpecification","valueRequired":true,"valueName":"search_term_string"}}],"inLanguage":"es"}]}},"_links":{"self":[{"href":"https:\/\/www.igt.nl\/es\/wp-json\/wp\/v2\/product\/37780","targetHints":{"allow":["GET"]}}],"collection":[{"href":"https:\/\/www.igt.nl\/es\/wp-json\/wp\/v2\/product"}],"about":[{"href":"https:\/\/www.igt.nl\/es\/wp-json\/wp\/v2\/types\/product"}],"replies":[{"embeddable":true,"href":"https:\/\/www.igt.nl\/es\/wp-json\/wp\/v2\/comments?post=37780"}],"wp:featuredmedia":[{"embeddable":true,"href":"https:\/\/www.igt.nl\/es\/wp-json\/wp\/v2\/media\/37782"}],"wp:attachment":[{"href":"https:\/\/www.igt.nl\/es\/wp-json\/wp\/v2\/media?parent=37780"}],"wp:term":[{"taxonomy":"product_brand","embeddable":true,"href":"https:\/\/www.igt.nl\/es\/wp-json\/wp\/v2\/product_brand?post=37780"},{"taxonomy":"product_cat","embeddable":true,"href":"https:\/\/www.igt.nl\/es\/wp-json\/wp\/v2\/product_cat?post=37780"},{"taxonomy":"product_tag","embeddable":true,"href":"https:\/\/www.igt.nl\/es\/wp-json\/wp\/v2\/product_tag?post=37780"}],"curies":[{"name":"wp","href":"https:\/\/api.w.org\/{rel}","templated":true}]}}