{"id":37807,"date":"2020-12-08T14:23:29","date_gmt":"2020-12-08T14:23:29","guid":{"rendered":"https:\/\/www.igt.nl\/?post_type=product&#038;p=37807"},"modified":"2025-12-17T07:59:55","modified_gmt":"2025-12-17T07:59:55","slug":"mezclador-de-tinta-simplymix","status":"publish","type":"product","link":"https:\/\/www.igt.nl\/es\/producto\/mezclador-de-tinta-simplymix\/","title":{"rendered":"Mezclador de tinta SimplyMix"},"content":{"rendered":"<p>El mezclador de tintas IGT SimplyMix es un instrumento econ\u00f3mico, del tama\u00f1o de un laboratorio, para mezclar r\u00e1pidamente peque\u00f1as cantidades de distintos materiales que, de otro modo, requerir\u00edan mucho tiempo y\/o esfuerzo para mezclarse.<\/p>\n<p>&#8211; La funci\u00f3n de arranque en dos fases reduce el engranaje y el desgaste, y prolonga la vida \u00fatil<br \/>\n&#8211; Funcionamiento mediante panel t\u00e1ctil<br \/>\n&#8211; Pantalla digital con varios iconos que indica los diferentes estados de la batidora<br \/>\n&#8211; Motor mejorado de larga duraci\u00f3n, que proporciona alta velocidad y garantiza una mezcla fina<br \/>\n&#8211; M\u00e1ximo 3600 rpm<br \/>\n&#8211; Los ajustes de memoria permiten al usuario establecer diferentes duraciones de mezcla<br \/>\n&#8211; Carcasa de acero<br \/>\n&#8211; Conformidad CE<\/p>\n<p>&#8211; Velocidad de rotaci\u00f3n : M\u00e1x. 3600 rpm<br \/>\n&#8211; Velocidad de rotaci\u00f3n : M\u00e1x. 800 rpm<br \/>\n&#8211; Capacidad de mezcla : M\u00e1ximo 150 g (incluidos portavasos, vaso y contenido) unos 50 ml\/50 g para mezclar materiales<\/p>\n","protected":false},"excerpt":{"rendered":"<p>El mezclador de tinta IGT SimplyMix sirve para mezclar r\u00e1pidamente distintos materiales en el laboratorio.<\/p>\n","protected":false},"featured_media":37809,"comment_status":"closed","ping_status":"closed","template":"","meta":{"_acf_changed":false,"inline_featured_image":false},"product_brand":[],"product_cat":[3437,3934,3864,3878,3435,3956,3935],"product_tag":[],"class_list":{"0":"post-37807","1":"product","2":"type-product","3":"status-publish","4":"has-post-thumbnail","6":"product_cat-48-horas","7":"product_cat-accesorios","8":"product_cat-cocina-de-tinta","9":"product_cat-otros-probadores","10":"product_cat-probadores-de-tinta","11":"product_cat-reologia","12":"product_cat-varios-2","13":"product_shipping_class-normaal","14":"pa_dimensions-d-x-w-x-h-cm-21-x-25-x-30","15":"pa_guarantee-estandar-un-ano","16":"pa_speed-range-and-modes-velocidad-de-giro-max-3600-rpm","17":"pa_speed-range-and-modes-velocidad-de-rotacion-800-rpm-max","18":"pa_weight-18-kg","20":"first","21":"instock","22":"shipping-taxable","23":"purchasable","24":"product-type-simple"},"acf":[],"yoast_head":"<!-- This site is optimized with the Yoast SEO plugin v27.3 - https:\/\/yoast.com\/product\/yoast-seo-wordpress\/ -->\n<title>Mezclador de tinta SimplyMix - IGT Testing Systems<\/title>\n<meta name=\"description\" content=\"El mezclador de tintas IGT SimplyMix es un instrumento econ\u00f3mico, del tama\u00f1o de un laboratorio, para mezclar r\u00e1pidamente peque\u00f1as cantidades de distintos materiales.\" \/>\n<meta name=\"robots\" content=\"index, follow, max-snippet:-1, max-image-preview:large, max-video-preview:-1\" \/>\n<link rel=\"canonical\" href=\"https:\/\/www.igt.nl\/es\/producto\/mezclador-de-tinta-simplymix\/\" \/>\n<meta property=\"og:locale\" content=\"es_ES\" \/>\n<meta property=\"og:type\" content=\"article\" \/>\n<meta property=\"og:title\" content=\"Mezclador de tinta SimplyMix - IGT Testing Systems\" \/>\n<meta property=\"og:description\" content=\"El mezclador de tintas IGT SimplyMix es un instrumento econ\u00f3mico, del tama\u00f1o de un laboratorio, para mezclar r\u00e1pidamente peque\u00f1as cantidades de distintos materiales.\" \/>\n<meta property=\"og:url\" content=\"https:\/\/www.igt.nl\/es\/producto\/mezclador-de-tinta-simplymix\/\" \/>\n<meta property=\"og:site_name\" content=\"IGT Testing Systems\" \/>\n<meta property=\"article:modified_time\" content=\"2025-12-17T07:59:55+00:00\" \/>\n<meta property=\"og:image\" content=\"https:\/\/www.igt.nl\/wp-content\/uploads\/551.000.100-SimpyMix_MGF6022_vs-rvs_1-1.jpg\" \/>\n\t<meta property=\"og:image:width\" content=\"1200\" \/>\n\t<meta property=\"og:image:height\" content=\"1200\" \/>\n\t<meta property=\"og:image:type\" content=\"image\/jpeg\" \/>\n<meta name=\"twitter:card\" content=\"summary_large_image\" \/>\n<meta name=\"twitter:label1\" content=\"Tiempo de lectura\" \/>\n\t<meta name=\"twitter:data1\" content=\"1 minuto\" \/>\n<script type=\"application\/ld+json\" class=\"yoast-schema-graph\">{\"@context\":\"https:\\\/\\\/schema.org\",\"@graph\":[{\"@type\":\"WebPage\",\"@id\":\"https:\\\/\\\/www.igt.nl\\\/es\\\/producto\\\/mezclador-de-tinta-simplymix\\\/\",\"url\":\"https:\\\/\\\/www.igt.nl\\\/es\\\/producto\\\/mezclador-de-tinta-simplymix\\\/\",\"name\":\"Mezclador de tinta SimplyMix - IGT Testing Systems\",\"isPartOf\":{\"@id\":\"https:\\\/\\\/www.igt.nl\\\/es\\\/#website\"},\"primaryImageOfPage\":{\"@id\":\"https:\\\/\\\/www.igt.nl\\\/es\\\/producto\\\/mezclador-de-tinta-simplymix\\\/#primaryimage\"},\"image\":{\"@id\":\"https:\\\/\\\/www.igt.nl\\\/es\\\/producto\\\/mezclador-de-tinta-simplymix\\\/#primaryimage\"},\"thumbnailUrl\":\"https:\\\/\\\/www.igt.nl\\\/wp-content\\\/uploads\\\/551.000.100-SimpyMix_MGF6022_vs-rvs_1-1.jpg\",\"datePublished\":\"2020-12-08T14:23:29+00:00\",\"dateModified\":\"2025-12-17T07:59:55+00:00\",\"description\":\"El mezclador de tintas IGT SimplyMix es un instrumento econ\u00f3mico, del tama\u00f1o de un laboratorio, para mezclar r\u00e1pidamente peque\u00f1as cantidades de distintos materiales.\",\"breadcrumb\":{\"@id\":\"https:\\\/\\\/www.igt.nl\\\/es\\\/producto\\\/mezclador-de-tinta-simplymix\\\/#breadcrumb\"},\"inLanguage\":\"es\",\"potentialAction\":[{\"@type\":\"ReadAction\",\"target\":[\"https:\\\/\\\/www.igt.nl\\\/es\\\/producto\\\/mezclador-de-tinta-simplymix\\\/\"]}]},{\"@type\":\"ImageObject\",\"inLanguage\":\"es\",\"@id\":\"https:\\\/\\\/www.igt.nl\\\/es\\\/producto\\\/mezclador-de-tinta-simplymix\\\/#primaryimage\",\"url\":\"https:\\\/\\\/www.igt.nl\\\/wp-content\\\/uploads\\\/551.000.100-SimpyMix_MGF6022_vs-rvs_1-1.jpg\",\"contentUrl\":\"https:\\\/\\\/www.igt.nl\\\/wp-content\\\/uploads\\\/551.000.100-SimpyMix_MGF6022_vs-rvs_1-1.jpg\",\"width\":1200,\"height\":1200},{\"@type\":\"BreadcrumbList\",\"@id\":\"https:\\\/\\\/www.igt.nl\\\/es\\\/producto\\\/mezclador-de-tinta-simplymix\\\/#breadcrumb\",\"itemListElement\":[{\"@type\":\"ListItem\",\"position\":1,\"name\":\"Home\",\"item\":\"https:\\\/\\\/www.igt.nl\\\/es\\\/?page_id=36171\"},{\"@type\":\"ListItem\",\"position\":2,\"name\":\"Tienda\",\"item\":\"https:\\\/\\\/www.igt.nl\\\/es\\\/?page_id=36068\"},{\"@type\":\"ListItem\",\"position\":3,\"name\":\"Probadores de tinta\",\"item\":\"https:\\\/\\\/www.igt.nl\\\/es\\\/product-categorie\\\/probadores-de-tinta\\\/\"},{\"@type\":\"ListItem\",\"position\":4,\"name\":\"Mezclador de tinta SimplyMix\"}]},{\"@type\":\"WebSite\",\"@id\":\"https:\\\/\\\/www.igt.nl\\\/es\\\/#website\",\"url\":\"https:\\\/\\\/www.igt.nl\\\/es\\\/\",\"name\":\"IGT Testing Systems\",\"description\":\"\",\"potentialAction\":[{\"@type\":\"SearchAction\",\"target\":{\"@type\":\"EntryPoint\",\"urlTemplate\":\"https:\\\/\\\/www.igt.nl\\\/es\\\/?s={search_term_string}\"},\"query-input\":{\"@type\":\"PropertyValueSpecification\",\"valueRequired\":true,\"valueName\":\"search_term_string\"}}],\"inLanguage\":\"es\"}]}<\/script>\n<!-- \/ Yoast SEO plugin. -->","yoast_head_json":{"title":"Mezclador de tinta SimplyMix - IGT Testing Systems","description":"El mezclador de tintas IGT SimplyMix es un instrumento econ\u00f3mico, del tama\u00f1o de un laboratorio, para mezclar r\u00e1pidamente peque\u00f1as cantidades de distintos materiales.","robots":{"index":"index","follow":"follow","max-snippet":"max-snippet:-1","max-image-preview":"max-image-preview:large","max-video-preview":"max-video-preview:-1"},"canonical":"https:\/\/www.igt.nl\/es\/producto\/mezclador-de-tinta-simplymix\/","og_locale":"es_ES","og_type":"article","og_title":"Mezclador de tinta SimplyMix - IGT Testing Systems","og_description":"El mezclador de tintas IGT SimplyMix es un instrumento econ\u00f3mico, del tama\u00f1o de un laboratorio, para mezclar r\u00e1pidamente peque\u00f1as cantidades de distintos materiales.","og_url":"https:\/\/www.igt.nl\/es\/producto\/mezclador-de-tinta-simplymix\/","og_site_name":"IGT Testing Systems","article_modified_time":"2025-12-17T07:59:55+00:00","og_image":[{"width":1200,"height":1200,"url":"https:\/\/www.igt.nl\/wp-content\/uploads\/551.000.100-SimpyMix_MGF6022_vs-rvs_1-1.jpg","type":"image\/jpeg"}],"twitter_card":"summary_large_image","twitter_misc":{"Tiempo de lectura":"1 minuto"},"schema":{"@context":"https:\/\/schema.org","@graph":[{"@type":"WebPage","@id":"https:\/\/www.igt.nl\/es\/producto\/mezclador-de-tinta-simplymix\/","url":"https:\/\/www.igt.nl\/es\/producto\/mezclador-de-tinta-simplymix\/","name":"Mezclador de tinta SimplyMix - IGT Testing Systems","isPartOf":{"@id":"https:\/\/www.igt.nl\/es\/#website"},"primaryImageOfPage":{"@id":"https:\/\/www.igt.nl\/es\/producto\/mezclador-de-tinta-simplymix\/#primaryimage"},"image":{"@id":"https:\/\/www.igt.nl\/es\/producto\/mezclador-de-tinta-simplymix\/#primaryimage"},"thumbnailUrl":"https:\/\/www.igt.nl\/wp-content\/uploads\/551.000.100-SimpyMix_MGF6022_vs-rvs_1-1.jpg","datePublished":"2020-12-08T14:23:29+00:00","dateModified":"2025-12-17T07:59:55+00:00","description":"El mezclador de tintas IGT SimplyMix es un instrumento econ\u00f3mico, del tama\u00f1o de un laboratorio, para mezclar r\u00e1pidamente peque\u00f1as cantidades de distintos materiales.","breadcrumb":{"@id":"https:\/\/www.igt.nl\/es\/producto\/mezclador-de-tinta-simplymix\/#breadcrumb"},"inLanguage":"es","potentialAction":[{"@type":"ReadAction","target":["https:\/\/www.igt.nl\/es\/producto\/mezclador-de-tinta-simplymix\/"]}]},{"@type":"ImageObject","inLanguage":"es","@id":"https:\/\/www.igt.nl\/es\/producto\/mezclador-de-tinta-simplymix\/#primaryimage","url":"https:\/\/www.igt.nl\/wp-content\/uploads\/551.000.100-SimpyMix_MGF6022_vs-rvs_1-1.jpg","contentUrl":"https:\/\/www.igt.nl\/wp-content\/uploads\/551.000.100-SimpyMix_MGF6022_vs-rvs_1-1.jpg","width":1200,"height":1200},{"@type":"BreadcrumbList","@id":"https:\/\/www.igt.nl\/es\/producto\/mezclador-de-tinta-simplymix\/#breadcrumb","itemListElement":[{"@type":"ListItem","position":1,"name":"Home","item":"https:\/\/www.igt.nl\/es\/?page_id=36171"},{"@type":"ListItem","position":2,"name":"Tienda","item":"https:\/\/www.igt.nl\/es\/?page_id=36068"},{"@type":"ListItem","position":3,"name":"Probadores de tinta","item":"https:\/\/www.igt.nl\/es\/product-categorie\/probadores-de-tinta\/"},{"@type":"ListItem","position":4,"name":"Mezclador de tinta SimplyMix"}]},{"@type":"WebSite","@id":"https:\/\/www.igt.nl\/es\/#website","url":"https:\/\/www.igt.nl\/es\/","name":"IGT Testing Systems","description":"","potentialAction":[{"@type":"SearchAction","target":{"@type":"EntryPoint","urlTemplate":"https:\/\/www.igt.nl\/es\/?s={search_term_string}"},"query-input":{"@type":"PropertyValueSpecification","valueRequired":true,"valueName":"search_term_string"}}],"inLanguage":"es"}]}},"_links":{"self":[{"href":"https:\/\/www.igt.nl\/es\/wp-json\/wp\/v2\/product\/37807","targetHints":{"allow":["GET"]}}],"collection":[{"href":"https:\/\/www.igt.nl\/es\/wp-json\/wp\/v2\/product"}],"about":[{"href":"https:\/\/www.igt.nl\/es\/wp-json\/wp\/v2\/types\/product"}],"replies":[{"embeddable":true,"href":"https:\/\/www.igt.nl\/es\/wp-json\/wp\/v2\/comments?post=37807"}],"wp:featuredmedia":[{"embeddable":true,"href":"https:\/\/www.igt.nl\/es\/wp-json\/wp\/v2\/media\/37809"}],"wp:attachment":[{"href":"https:\/\/www.igt.nl\/es\/wp-json\/wp\/v2\/media?parent=37807"}],"wp:term":[{"taxonomy":"product_brand","embeddable":true,"href":"https:\/\/www.igt.nl\/es\/wp-json\/wp\/v2\/product_brand?post=37807"},{"taxonomy":"product_cat","embeddable":true,"href":"https:\/\/www.igt.nl\/es\/wp-json\/wp\/v2\/product_cat?post=37807"},{"taxonomy":"product_tag","embeddable":true,"href":"https:\/\/www.igt.nl\/es\/wp-json\/wp\/v2\/product_tag?post=37807"}],"curies":[{"name":"wp","href":"https:\/\/api.w.org\/{rel}","templated":true}]}}