{"id":37818,"date":"2021-01-18T13:30:16","date_gmt":"2021-01-18T13:30:16","guid":{"rendered":"https:\/\/www.igt.nl\/?post_type=product&#038;p=37818"},"modified":"2025-12-17T07:59:48","modified_gmt":"2025-12-17T07:59:48","slug":"amsterdam-w","status":"publish","type":"product","link":"https:\/\/www.igt.nl\/es\/producto\/amsterdam-w\/","title":{"rendered":"Amsterdam W"},"content":{"rendered":"<p>Probador automatizado de imprimibilidad polivalente dedicado a la prueba Pick de Westvaco con un \u00fanico eje de impresi\u00f3n y sistema de rasqueta.<\/p>\n<p>Esta unidad se suministra de serie con una c\u00e1mara y un sistema de an\u00e1lisis Picktest, as\u00ed como con el equipo de prueba completo para realizar la prueba Pick de Westvaco.<\/p>\n<p>La gama de comprobadores de imprimibilidad Amsterdam est\u00e1 equipada con o sin sistemas de an\u00e1lisis integrados basados en c\u00e1maras. La gama total de Amsterdam consta de dispositivos con uno a seis ejes de impresi\u00f3n para una flexibilidad m\u00e1xima de los m\u00e9todos de prueba. <\/p>\n<p>El Amsterdam W se ha desarrollado especialmente para las pruebas y el control de calidad de Westvaco Pick. La unidad est\u00e1 equipada de serie con el sistema integrado de an\u00e1lisis basado en c\u00e1maras. Adem\u00e1s de la prueba Westvaco Pick, la Amsterdam W tambi\u00e9n puede realizar un n\u00famero limitado de otros m\u00e9todos de prueba.  <\/p>\n<p>El Amsterdam W es un sustituto perfecto del Comprobador Est\u00e1ndar Global 1W.<\/p>\n<p>La gama de IGT Amsterdam:<\/p>\n<ul>\n<li>De 1 a 6 ejes de impresi\u00f3n, cada uno puede equiparse con un accionamiento para imprimir en registro si es necesario<\/li>\n<li>Tiempos de intervalo peque\u00f1os, hasta 0,02 s<\/li>\n<li>N\u00famero peque\u00f1o o grande de m\u00e9todos de ensayo<\/li>\n<li>F\u00e1cil de manejar<\/li>\n<li>Con o sin sistema de an\u00e1lisis integrado basado en c\u00e1maras<\/li>\n<li>Software opcional de an\u00e1lisis en l\u00ednea para la prueba de picado, si se aplica la c\u00e1mara<\/li>\n<li>Exportaci\u00f3n de im\u00e1genes escaneadas y resultados si se aplica la c\u00e1mara y el software de an\u00e1lisis<\/li>\n<\/ul>\n","protected":false},"excerpt":{"rendered":"<p>Probador automatizado de imprimibilidad polivalente con un solo eje de impresi\u00f3n dedicado a la prueba de picado Westvaco; incluye software de an\u00e1lisis y c\u00e1mara.<\/p>\n","protected":false},"featured_media":37827,"comment_status":"closed","ping_status":"closed","template":"","meta":{"_acf_changed":false,"inline_featured_image":false},"product_brand":[],"product_cat":[3569,3568,3941,3435],"product_tag":[],"class_list":{"0":"post-37818","1":"product","2":"type-product","3":"status-publish","4":"has-post-thumbnail","6":"product_cat-amsterdam","7":"product_cat-comprobadores-de-papel","8":"product_cat-polivalente","9":"product_cat-probadores-de-tinta","10":"product_shipping_class-normaal","11":"pa_accessories-conjunto-de-heliotest","12":"pa_accessories-conjunto-de-hidroexpansividad","13":"pa_accessories-conjunto-de-particulas-sueltas-y-debilmente-unidas-pelusa","14":"pa_accessories-conjunto-de-prueba-westvaco-pick","15":"pa_accessories-conjunto-de-pruebas-de-seleccion","16":"pa_accessories-diferentes-discos-de-impresion-para-varias-aplicaciones","17":"pa_accessories-juego-de-entintado-calcografico","18":"pa_accessories-set-de-huecograbado","19":"pa_additional-items-408-000-200-pipeta-de-tinta-igt-de-001-ml-de-resolucion","20":"pa_additional-items-408-000-400-pipeta-de-tinta-igt-de-0001-ml-de-resolucion","21":"pa_additional-items-441-000-visor-pick-start-psv","22":"pa_additional-items-466-000-000-unidad-de-entintado-de-alta-velocidad-4","23":"pa_analysis-options-elige-iso-3783","24":"pa_analysis-options-rugosidad-igt","25":"pa_analysis-options-si","26":"pa_camera-si","27":"pa_compatible-instruments-721-000-000-amsterdam-1","28":"pa_compatible-instruments-722-000-000-amsterdam-2","29":"pa_compatible-instruments-725-000-000-amsterdam-5","30":"pa_compatible-instruments-726-000-000-amsterdam-6","31":"pa_conformance-with-standards-astm-7680","32":"pa_conformance-with-standards-iso-2834","33":"pa_conformance-with-standards-iso-2836","34":"pa_conformance-with-standards-iso-2846","35":"pa_conformance-with-standards-iso-3783-2006","36":"pa_conformance-with-standards-nen-1836","37":"pa_conformance-with-standards-nen-1839","38":"pa_data-export-options-grabacion-y-exportacion-de-imagenes-ajustes-y-resultados-de-analisis-mediante-usb","39":"pa_dimensions-d-x-w-x-h-cm-59-x-50-x-64","40":"pa_dispensing-system-si-es-necesario-se-entregara-en-juego-de-accesorios","41":"pa_doctoring-system-estandar-en-el-eje-de-impresion-1","42":"pa_forces-100-1000-n-en-pasos-de-1-n","43":"pa_guarantee-estandar-un-ano","44":"pa_inks-or-liquids-aceite-de-prueba-pick","45":"pa_inks-or-liquids-liquido-de-penetracion","46":"pa_inks-or-liquids-liquido-de-rugosidad","47":"pa_inks-or-liquids-tinta-calcografica","48":"pa_inks-or-liquids-tinta-de-compensacion","49":"pa_inks-or-liquids-tinta-de-prueba-de-densidad","50":"pa_inks-or-liquids-tinta-de-prueba-pick","51":"pa_interfaces-portal-usb","52":"pa_interval-time-and-number-1-600-s-en-pasos-de-1-s","53":"pa_lifting-system-automaticamente","54":"pa_maintenance-anual","55":"pa_maintenance-el-mantenimiento-y-la-calibracion-anuales-del-comprobador-pueden-ser-realizados-por-igt-testing-systems-o-por-empresas-autorizadas-por-igt-testing-systems","56":"pa_maintenance-puedes-obtener-informacion-de-tu-proveedor-o-del-agente-local","57":"pa_nr-of-doctoring-systems-ninguno-solo-sistema-de-barras-westvaco","58":"pa_nr-of-printing-shafts-3521","59":"pa_power-supply-requirements-115-v-50-60-hz-o-230-v-50-60-hz","60":"pa_pre-programmed-tests-adherencia-del-toner","61":"pa_pre-programmed-tests-densidad-color-y-transparencia","62":"pa_pre-programmed-tests-elige","63":"pa_pre-programmed-tests-heliotest","64":"pa_pre-programmed-tests-hidroexpansividad","65":"pa_pre-programmed-tests-huecograbado","66":"pa_pre-programmed-tests-penetracion-de-la-impresion","67":"pa_pre-programmed-tests-pruebas-a-medida-a-peticion","68":"pa_pre-programmed-tests-rugosidad-igt","69":"pa_print-length-and-width-mm-10-550-de-longitud-depende-del-sector-depende-de-la-forma-de-impresion-y-del-metodo-de-ensayo","70":"pa_print-length-and-width-mm-5-50-mm-de-ancho","71":"pa_printing-discs-aluminio","72":"pa_printing-discs-discos-para-pruebas-especificas","73":"pa_printing-discs-goma","74":"pa_printing-discs-heliotest","75":"pa_printing-discs-huecograbado","76":"pa_printing-discs-manta-de-goma","77":"pa_sector-positioning-automaticamente","78":"pa_sector-positioning-programable","79":"pa_sector-type-and-options-sector-de-180-con-pinzas","80":"pa_sector-type-and-options-sector-de-360-sin-abrazaderas-con-diferentes-coberturas","81":"pa_shaft-positioning-automaticamente","82":"pa_shaft-positioning-programable","83":"pa_software-updates-por-usb","84":"pa_space-requirements-0-7-m","85":"pa_speed-range-and-modes-velocidad-constante-01-40-m-s-en-pasos-de-01-m-s","86":"pa_speed-range-and-modes-velocidad-final-de-aceleracion-01-40-m-s-en-pasos-de-01-m-s","87":"pa_substrate-requirements-sustratos-flexibles","88":"pa_test-method-adherencia-del-toner-velocidad-constante-w55","89":"pa_test-method-adherencia-del-toner-velocidad-creciente-w56","90":"pa_test-method-calcografia-w85","91":"pa_test-method-color-densidad-transferencia-de-tinta-w46","92":"pa_test-method-elige-desplazamiento-delaminacion-w65-w75","93":"pa_test-method-elige-igt-iso-3783-w31","94":"pa_test-method-elige-indice-y-curva-passestofail-w86-w87-w88","95":"pa_test-method-golpe-a-traves-w43","96":"pa_test-method-impresion-brillo-w49","97":"pa_test-method-impresion-tramada-w45","98":"pa_test-method-pelusa-w33","99":"pa_test-method-pelusa-w44","100":"pa_test-method-pick-westvaco-w38","101":"pa_test-method-rugosidad-de-la-manta-de-goma-w62","102":"pa_test-method-rugosidad-igt-w28","103":"pa_weight-110-kg","105":"first","106":"instock","107":"featured","108":"shipping-taxable","109":"purchasable","110":"product-type-simple"},"acf":[],"yoast_head":"<!-- This site is optimized with the Yoast SEO plugin v27.5 - https:\/\/yoast.com\/product\/yoast-seo-wordpress\/ -->\n<title>Amsterdam W - IGT Testing Systems<\/title>\n<meta name=\"description\" content=\"El Amsterdam W est\u00e1 especialmente desarrollado para la prueba Pick de Westvaco. La unidad est\u00e1 equipada de serie con el sistema integrado de an\u00e1lisis basado en c\u00e1maras.\" \/>\n<meta name=\"robots\" content=\"index, follow, max-snippet:-1, max-image-preview:large, max-video-preview:-1\" \/>\n<link rel=\"canonical\" href=\"https:\/\/www.igt.nl\/es\/producto\/amsterdam-w\/\" \/>\n<meta property=\"og:locale\" content=\"es_ES\" \/>\n<meta property=\"og:type\" content=\"article\" \/>\n<meta property=\"og:title\" content=\"Amsterdam W - IGT Testing Systems\" \/>\n<meta property=\"og:description\" content=\"El Amsterdam W est\u00e1 especialmente desarrollado para la prueba Pick de Westvaco. La unidad est\u00e1 equipada de serie con el sistema integrado de an\u00e1lisis basado en c\u00e1maras.\" \/>\n<meta property=\"og:url\" content=\"https:\/\/www.igt.nl\/es\/producto\/amsterdam-w\/\" \/>\n<meta property=\"og:site_name\" content=\"IGT Testing Systems\" \/>\n<meta property=\"article:modified_time\" content=\"2025-12-17T07:59:48+00:00\" \/>\n<meta property=\"og:image\" content=\"https:\/\/www.igt.nl\/wp-content\/uploads\/721.000.201-AMS-W-_MGF3305_rvs-e1666248779132.jpg\" \/>\n\t<meta property=\"og:image:width\" content=\"780\" \/>\n\t<meta property=\"og:image:height\" content=\"734\" \/>\n\t<meta property=\"og:image:type\" content=\"image\/jpeg\" \/>\n<meta name=\"twitter:card\" content=\"summary_large_image\" \/>\n<meta name=\"twitter:label1\" content=\"Tiempo de lectura\" \/>\n\t<meta name=\"twitter:data1\" content=\"1 minuto\" \/>\n<script type=\"application\/ld+json\" class=\"yoast-schema-graph\">{\"@context\":\"https:\\\/\\\/schema.org\",\"@graph\":[{\"@type\":\"WebPage\",\"@id\":\"https:\\\/\\\/www.igt.nl\\\/es\\\/producto\\\/amsterdam-w\\\/\",\"url\":\"https:\\\/\\\/www.igt.nl\\\/es\\\/producto\\\/amsterdam-w\\\/\",\"name\":\"Amsterdam W - IGT Testing Systems\",\"isPartOf\":{\"@id\":\"https:\\\/\\\/www.igt.nl\\\/es\\\/#website\"},\"primaryImageOfPage\":{\"@id\":\"https:\\\/\\\/www.igt.nl\\\/es\\\/producto\\\/amsterdam-w\\\/#primaryimage\"},\"image\":{\"@id\":\"https:\\\/\\\/www.igt.nl\\\/es\\\/producto\\\/amsterdam-w\\\/#primaryimage\"},\"thumbnailUrl\":\"https:\\\/\\\/www.igt.nl\\\/wp-content\\\/uploads\\\/721.000.201-AMS-W-_MGF3305_rvs-e1666248779132.jpg\",\"datePublished\":\"2021-01-18T13:30:16+00:00\",\"dateModified\":\"2025-12-17T07:59:48+00:00\",\"description\":\"El Amsterdam W est\u00e1 especialmente desarrollado para la prueba Pick de Westvaco. La unidad est\u00e1 equipada de serie con el sistema integrado de an\u00e1lisis basado en c\u00e1maras.\",\"breadcrumb\":{\"@id\":\"https:\\\/\\\/www.igt.nl\\\/es\\\/producto\\\/amsterdam-w\\\/#breadcrumb\"},\"inLanguage\":\"es\",\"potentialAction\":[{\"@type\":\"ReadAction\",\"target\":[\"https:\\\/\\\/www.igt.nl\\\/es\\\/producto\\\/amsterdam-w\\\/\"]}]},{\"@type\":\"ImageObject\",\"inLanguage\":\"es\",\"@id\":\"https:\\\/\\\/www.igt.nl\\\/es\\\/producto\\\/amsterdam-w\\\/#primaryimage\",\"url\":\"https:\\\/\\\/www.igt.nl\\\/wp-content\\\/uploads\\\/721.000.201-AMS-W-_MGF3305_rvs-e1666248779132.jpg\",\"contentUrl\":\"https:\\\/\\\/www.igt.nl\\\/wp-content\\\/uploads\\\/721.000.201-AMS-W-_MGF3305_rvs-e1666248779132.jpg\",\"width\":780,\"height\":734},{\"@type\":\"BreadcrumbList\",\"@id\":\"https:\\\/\\\/www.igt.nl\\\/es\\\/producto\\\/amsterdam-w\\\/#breadcrumb\",\"itemListElement\":[{\"@type\":\"ListItem\",\"position\":1,\"name\":\"Home\",\"item\":\"https:\\\/\\\/www.igt.nl\\\/es\\\/?page_id=36171\"},{\"@type\":\"ListItem\",\"position\":2,\"name\":\"Tienda\",\"item\":\"https:\\\/\\\/www.igt.nl\\\/es\\\/?page_id=36068\"},{\"@type\":\"ListItem\",\"position\":3,\"name\":\"Amsterdam\",\"item\":\"https:\\\/\\\/www.igt.nl\\\/es\\\/product-categorie\\\/amsterdam\\\/\"},{\"@type\":\"ListItem\",\"position\":4,\"name\":\"Amsterdam W\"}]},{\"@type\":\"WebSite\",\"@id\":\"https:\\\/\\\/www.igt.nl\\\/es\\\/#website\",\"url\":\"https:\\\/\\\/www.igt.nl\\\/es\\\/\",\"name\":\"IGT Testing Systems\",\"description\":\"\",\"potentialAction\":[{\"@type\":\"SearchAction\",\"target\":{\"@type\":\"EntryPoint\",\"urlTemplate\":\"https:\\\/\\\/www.igt.nl\\\/es\\\/?s={search_term_string}\"},\"query-input\":{\"@type\":\"PropertyValueSpecification\",\"valueRequired\":true,\"valueName\":\"search_term_string\"}}],\"inLanguage\":\"es\"}]}<\/script>\n<!-- \/ Yoast SEO plugin. -->","yoast_head_json":{"title":"Amsterdam W - IGT Testing Systems","description":"El Amsterdam W est\u00e1 especialmente desarrollado para la prueba Pick de Westvaco. La unidad est\u00e1 equipada de serie con el sistema integrado de an\u00e1lisis basado en c\u00e1maras.","robots":{"index":"index","follow":"follow","max-snippet":"max-snippet:-1","max-image-preview":"max-image-preview:large","max-video-preview":"max-video-preview:-1"},"canonical":"https:\/\/www.igt.nl\/es\/producto\/amsterdam-w\/","og_locale":"es_ES","og_type":"article","og_title":"Amsterdam W - IGT Testing Systems","og_description":"El Amsterdam W est\u00e1 especialmente desarrollado para la prueba Pick de Westvaco. La unidad est\u00e1 equipada de serie con el sistema integrado de an\u00e1lisis basado en c\u00e1maras.","og_url":"https:\/\/www.igt.nl\/es\/producto\/amsterdam-w\/","og_site_name":"IGT Testing Systems","article_modified_time":"2025-12-17T07:59:48+00:00","og_image":[{"width":780,"height":734,"url":"https:\/\/www.igt.nl\/wp-content\/uploads\/721.000.201-AMS-W-_MGF3305_rvs-e1666248779132.jpg","type":"image\/jpeg"}],"twitter_card":"summary_large_image","twitter_misc":{"Tiempo de lectura":"1 minuto"},"schema":{"@context":"https:\/\/schema.org","@graph":[{"@type":"WebPage","@id":"https:\/\/www.igt.nl\/es\/producto\/amsterdam-w\/","url":"https:\/\/www.igt.nl\/es\/producto\/amsterdam-w\/","name":"Amsterdam W - IGT Testing Systems","isPartOf":{"@id":"https:\/\/www.igt.nl\/es\/#website"},"primaryImageOfPage":{"@id":"https:\/\/www.igt.nl\/es\/producto\/amsterdam-w\/#primaryimage"},"image":{"@id":"https:\/\/www.igt.nl\/es\/producto\/amsterdam-w\/#primaryimage"},"thumbnailUrl":"https:\/\/www.igt.nl\/wp-content\/uploads\/721.000.201-AMS-W-_MGF3305_rvs-e1666248779132.jpg","datePublished":"2021-01-18T13:30:16+00:00","dateModified":"2025-12-17T07:59:48+00:00","description":"El Amsterdam W est\u00e1 especialmente desarrollado para la prueba Pick de Westvaco. La unidad est\u00e1 equipada de serie con el sistema integrado de an\u00e1lisis basado en c\u00e1maras.","breadcrumb":{"@id":"https:\/\/www.igt.nl\/es\/producto\/amsterdam-w\/#breadcrumb"},"inLanguage":"es","potentialAction":[{"@type":"ReadAction","target":["https:\/\/www.igt.nl\/es\/producto\/amsterdam-w\/"]}]},{"@type":"ImageObject","inLanguage":"es","@id":"https:\/\/www.igt.nl\/es\/producto\/amsterdam-w\/#primaryimage","url":"https:\/\/www.igt.nl\/wp-content\/uploads\/721.000.201-AMS-W-_MGF3305_rvs-e1666248779132.jpg","contentUrl":"https:\/\/www.igt.nl\/wp-content\/uploads\/721.000.201-AMS-W-_MGF3305_rvs-e1666248779132.jpg","width":780,"height":734},{"@type":"BreadcrumbList","@id":"https:\/\/www.igt.nl\/es\/producto\/amsterdam-w\/#breadcrumb","itemListElement":[{"@type":"ListItem","position":1,"name":"Home","item":"https:\/\/www.igt.nl\/es\/?page_id=36171"},{"@type":"ListItem","position":2,"name":"Tienda","item":"https:\/\/www.igt.nl\/es\/?page_id=36068"},{"@type":"ListItem","position":3,"name":"Amsterdam","item":"https:\/\/www.igt.nl\/es\/product-categorie\/amsterdam\/"},{"@type":"ListItem","position":4,"name":"Amsterdam W"}]},{"@type":"WebSite","@id":"https:\/\/www.igt.nl\/es\/#website","url":"https:\/\/www.igt.nl\/es\/","name":"IGT Testing Systems","description":"","potentialAction":[{"@type":"SearchAction","target":{"@type":"EntryPoint","urlTemplate":"https:\/\/www.igt.nl\/es\/?s={search_term_string}"},"query-input":{"@type":"PropertyValueSpecification","valueRequired":true,"valueName":"search_term_string"}}],"inLanguage":"es"}]}},"_links":{"self":[{"href":"https:\/\/www.igt.nl\/es\/wp-json\/wp\/v2\/product\/37818","targetHints":{"allow":["GET"]}}],"collection":[{"href":"https:\/\/www.igt.nl\/es\/wp-json\/wp\/v2\/product"}],"about":[{"href":"https:\/\/www.igt.nl\/es\/wp-json\/wp\/v2\/types\/product"}],"replies":[{"embeddable":true,"href":"https:\/\/www.igt.nl\/es\/wp-json\/wp\/v2\/comments?post=37818"}],"wp:featuredmedia":[{"embeddable":true,"href":"https:\/\/www.igt.nl\/es\/wp-json\/wp\/v2\/media\/37827"}],"wp:attachment":[{"href":"https:\/\/www.igt.nl\/es\/wp-json\/wp\/v2\/media?parent=37818"}],"wp:term":[{"taxonomy":"product_brand","embeddable":true,"href":"https:\/\/www.igt.nl\/es\/wp-json\/wp\/v2\/product_brand?post=37818"},{"taxonomy":"product_cat","embeddable":true,"href":"https:\/\/www.igt.nl\/es\/wp-json\/wp\/v2\/product_cat?post=37818"},{"taxonomy":"product_tag","embeddable":true,"href":"https:\/\/www.igt.nl\/es\/wp-json\/wp\/v2\/product_tag?post=37818"}],"curies":[{"name":"wp","href":"https:\/\/api.w.org\/{rel}","templated":true}]}}