{"id":37850,"date":"2021-02-02T13:16:01","date_gmt":"2021-02-02T13:16:01","guid":{"rendered":"https:\/\/www.igt.nl\/?post_type=product&#038;p=37850"},"modified":"2025-12-17T07:59:46","modified_gmt":"2025-12-17T07:59:46","slug":"amsterdam-p-basico","status":"publish","type":"product","link":"https:\/\/www.igt.nl\/es\/producto\/amsterdam-p-basico\/","title":{"rendered":"Amsterdam P B\u00e1sico"},"content":{"rendered":"<p>Probador automatizado de imprimibilidad polivalente dedicado a la prueba IGT Pick con un solo eje de impresi\u00f3n.<\/p>\n<p>Esta unidad no tiene c\u00e1mara ni sistema de an\u00e1lisis, pero s\u00ed incluye el juego de pruebas completo para realizar <a href=\"https:\/\/www.igt.nl\/test-methods\/w31-ams\/\">la prueba IGT Pick<\/a> ISO 3783.<\/p>\n<p>M\u00e9todos de prueba opcionales: Pick <a href=\"https:\/\/www.igt.nl\/test-methods\/w65-w75-ams\/\">Offset<\/a> (Delaminaci\u00f3n), Pick Passes to fail Index &amp; Curve, Linting, IGT Roughness, Fluff, <a href=\"https:\/\/www.igt.nl\/test-methods\/w43-w68-ams\/\">Strike through<\/a> (ISO 19314 Print trough), Color\/densidad\/transferencia de tinta, Halftone printing, Print Gloss, Print Smoothness, Toner adhesion, Intaglio, Rubber blanket ink absorption\/roughness\/ink transfer.<\/p>\n<p>La amplia gama de m\u00e9todos de prueba puede ampliarse con m\u00e9todos definidos por el usuario. Con ello es capaz de realizar todas las pruebas de un Comprobador Global Est\u00e1ndar P m\u00e1s las pruebas de un Comprobador Global Est\u00e1ndar 3, incluidas las combinaciones de velocidad constante y creciente en un m\u00e9todo de prueba. <\/p>\n<ul>\n<li>1 eje de impresi\u00f3n<\/li>\n<li>Tiempos de intervalo muy peque\u00f1os, hasta 0,02 s<\/li>\n<li>Gran n\u00famero de m\u00e9todos de ensayo<\/li>\n<li>Muy f\u00e1cil de manejar<\/li>\n<li>Exportaci\u00f3n de datos<\/li>\n<\/ul>\n","protected":false},"excerpt":{"rendered":"<p>Comprobador de imprimibilidad multiuso automatizado con un solo eje de impresi\u00f3n dedicado a la prueba Pick; sin software de an\u00e1lisis ni c\u00e1mara.<\/p>\n","protected":false},"featured_media":37852,"comment_status":"closed","ping_status":"closed","template":"","meta":{"_acf_changed":false,"inline_featured_image":false},"product_brand":[],"product_cat":[3569,3568],"product_tag":[],"class_list":{"0":"post-37850","1":"product","2":"type-product","3":"status-publish","4":"has-post-thumbnail","6":"product_cat-amsterdam","7":"product_cat-comprobadores-de-papel","8":"product_shipping_class-normaal","9":"pa_accessories-conjunto-de-heliotest","10":"pa_accessories-conjunto-de-hidroexpansividad","11":"pa_accessories-conjunto-de-particulas-sueltas-y-debilmente-unidas-pelusa","12":"pa_accessories-conjunto-de-prueba-westvaco-pick","13":"pa_accessories-conjunto-de-pruebas-de-seleccion","14":"pa_accessories-diferentes-discos-de-impresion-para-varias-aplicaciones","15":"pa_accessories-juego-de-entintado-calcografico","16":"pa_accessories-set-de-huecograbado","17":"pa_additional-items-408-000-200-pipeta-de-tinta-igt-de-001-ml-de-resolucion","18":"pa_additional-items-408-000-400-pipeta-de-tinta-igt-de-0001-ml-de-resolucion","19":"pa_additional-items-441-000-visor-pick-start-psv","20":"pa_additional-items-466-000-000-unidad-de-entintado-de-alta-velocidad-4","21":"pa_analysis-options-no","22":"pa_camera-no","23":"pa_compatible-instruments-722-000-000-amsterdam-2","24":"pa_compatible-instruments-725-000-000-amsterdam-5","25":"pa_compatible-instruments-726-000-000-amsterdam-6","26":"pa_conformance-with-standards-astm-7680","27":"pa_conformance-with-standards-iso-2834","28":"pa_conformance-with-standards-iso-2836","29":"pa_conformance-with-standards-iso-2846","30":"pa_conformance-with-standards-iso-3783-2006","31":"pa_conformance-with-standards-nen-1836","32":"pa_conformance-with-standards-nen-1839","33":"pa_data-export-options-grabacion-y-exportacion-de-imagenes-ajustes-y-resultados-de-analisis-mediante-usb","34":"pa_dimensions-d-x-w-x-h-cm-59-x-50-x-64","35":"pa_dispensing-system-si-es-necesario-se-entregara-en-juego-de-accesorios","36":"pa_doctoring-system-estandar-en-el-eje-de-impresion-1","37":"pa_forces-100-1000-n-en-pasos-de-1-n","38":"pa_guarantee-estandar-un-ano","39":"pa_inks-or-liquids-aceite-de-prueba-pick","40":"pa_inks-or-liquids-liquido-de-penetracion","41":"pa_inks-or-liquids-liquido-de-rugosidad","42":"pa_inks-or-liquids-tinta-calcografica","43":"pa_inks-or-liquids-tinta-de-compensacion","44":"pa_inks-or-liquids-tinta-de-prueba-de-densidad","45":"pa_inks-or-liquids-tinta-de-prueba-pick","46":"pa_interfaces-portal-usb","47":"pa_interval-time-and-number-1-600-s-en-pasos-de-1-s","48":"pa_lifting-system-automaticamente","49":"pa_maintenance-anual","50":"pa_maintenance-el-mantenimiento-y-la-calibracion-anuales-del-comprobador-pueden-ser-realizados-por-igt-testing-systems-o-por-empresas-autorizadas-por-igt-testing-systems","51":"pa_maintenance-puedes-obtener-informacion-de-tu-proveedor-o-del-agente-local","52":"pa_nr-of-doctoring-systems-3520","53":"pa_nr-of-printing-shafts-3521","54":"pa_power-supply-requirements-115-v-50-60-hz-o-230-v-50-60-hz","55":"pa_pre-programmed-tests-adherencia-del-toner","56":"pa_pre-programmed-tests-densidad-color-y-transparencia","57":"pa_pre-programmed-tests-elige","58":"pa_pre-programmed-tests-heliotest","59":"pa_pre-programmed-tests-hidroexpansividad","60":"pa_pre-programmed-tests-huecograbado","61":"pa_pre-programmed-tests-penetracion-de-la-impresion","62":"pa_pre-programmed-tests-pruebas-a-medida-a-peticion","63":"pa_pre-programmed-tests-rugosidad-igt","64":"pa_print-length-and-width-mm-10-550-de-longitud-depende-del-sector-depende-de-la-forma-de-impresion-y-del-metodo-de-ensayo","65":"pa_print-length-and-width-mm-5-50-mm-de-ancho","66":"pa_printing-discs-aluminio","67":"pa_printing-discs-discos-para-pruebas-especificas","68":"pa_printing-discs-goma","69":"pa_printing-discs-heliotest","70":"pa_printing-discs-huecograbado","71":"pa_printing-discs-manta-de-goma","72":"pa_sector-positioning-automaticamente","73":"pa_sector-positioning-programable","74":"pa_sector-type-and-options-sector-de-180-con-pinzas","75":"pa_sector-type-and-options-sector-de-360-sin-abrazaderas-con-diferentes-coberturas","76":"pa_shaft-positioning-automaticamente","77":"pa_shaft-positioning-programable","78":"pa_software-updates-por-usb","79":"pa_space-requirements-0-7-m","80":"pa_speed-range-and-modes-velocidad-constante-01-40-m-s-en-pasos-de-01-m-s","81":"pa_speed-range-and-modes-velocidad-final-de-aceleracion-01-40-m-s-en-pasos-de-01-m-s","82":"pa_substrate-requirements-sustratos-flexibles","83":"pa_test-method-adherencia-del-toner-velocidad-constante-w55","84":"pa_test-method-adherencia-del-toner-velocidad-creciente-w56","85":"pa_test-method-calcografia-w85","86":"pa_test-method-color-densidad-transferencia-de-tinta-w46","87":"pa_test-method-elige-desplazamiento-delaminacion-w65-w75","88":"pa_test-method-elige-igt-iso-3783-w31","89":"pa_test-method-elige-indice-y-curva-passestofail-w86-w87-w88","90":"pa_test-method-golpe-a-traves-w43","91":"pa_test-method-heliotest-w41","92":"pa_test-method-hidroexpensividad-w89","93":"pa_test-method-huecograbado-180-w67","94":"pa_test-method-huecograbado-360-w73","95":"pa_test-method-impresion-brillo-w49","96":"pa_test-method-impresion-tramada-w45","97":"pa_test-method-manta-de-goma-de-absorcion-de-tinta-w61","98":"pa_test-method-pelusa-w33","99":"pa_test-method-pelusa-w44","100":"pa_test-method-penetracion-de-la-impresion-w24","101":"pa_test-method-pick-westvaco-w38","102":"pa_test-method-rugosidad-de-la-manta-de-goma-w62","103":"pa_test-method-rugosidad-igt-w28","104":"pa_test-method-suavidad-de-impresion-w77","105":"pa_weight-80-kg","107":"first","108":"instock","109":"featured","110":"shipping-taxable","111":"purchasable","112":"product-type-simple"},"acf":[],"yoast_head":"<!-- This site is optimized with the Yoast SEO plugin v27.3 - https:\/\/yoast.com\/product\/yoast-seo-wordpress\/ -->\n<title>Amsterdam P B\u00e1sico - IGT Testing Systems<\/title>\n<meta name=\"description\" content=\"Comprobador de imprimibilidad automatizado dedicado a la prueba IGT Pick con un solo eje de impresi\u00f3n. Sin c\u00e1mara ni software de an\u00e1lisis.\" \/>\n<meta name=\"robots\" content=\"index, follow, max-snippet:-1, max-image-preview:large, max-video-preview:-1\" \/>\n<link rel=\"canonical\" href=\"https:\/\/www.igt.nl\/es\/producto\/amsterdam-p-basico\/\" \/>\n<meta property=\"og:locale\" content=\"es_ES\" \/>\n<meta property=\"og:type\" content=\"article\" \/>\n<meta property=\"og:title\" content=\"Amsterdam P B\u00e1sico - IGT Testing Systems\" \/>\n<meta property=\"og:description\" content=\"Comprobador de imprimibilidad automatizado dedicado a la prueba IGT Pick con un solo eje de impresi\u00f3n. Sin c\u00e1mara ni software de an\u00e1lisis.\" \/>\n<meta property=\"og:url\" content=\"https:\/\/www.igt.nl\/es\/producto\/amsterdam-p-basico\/\" \/>\n<meta property=\"og:site_name\" content=\"IGT Testing Systems\" \/>\n<meta property=\"article:modified_time\" content=\"2025-12-17T07:59:46+00:00\" \/>\n<meta property=\"og:image\" content=\"https:\/\/www.igt.nl\/wp-content\/uploads\/721.100_AMS-P-Basic_RVS_IMG_3682_1-1.jpg\" \/>\n\t<meta property=\"og:image:width\" content=\"782\" \/>\n\t<meta property=\"og:image:height\" content=\"782\" \/>\n\t<meta property=\"og:image:type\" content=\"image\/jpeg\" \/>\n<meta name=\"twitter:card\" content=\"summary_large_image\" \/>\n<meta name=\"twitter:label1\" content=\"Tiempo de lectura\" \/>\n\t<meta name=\"twitter:data1\" content=\"1 minuto\" \/>\n<script type=\"application\/ld+json\" class=\"yoast-schema-graph\">{\"@context\":\"https:\\\/\\\/schema.org\",\"@graph\":[{\"@type\":\"WebPage\",\"@id\":\"https:\\\/\\\/www.igt.nl\\\/es\\\/producto\\\/amsterdam-p-basico\\\/\",\"url\":\"https:\\\/\\\/www.igt.nl\\\/es\\\/producto\\\/amsterdam-p-basico\\\/\",\"name\":\"Amsterdam P B\u00e1sico - IGT Testing Systems\",\"isPartOf\":{\"@id\":\"https:\\\/\\\/www.igt.nl\\\/es\\\/#website\"},\"primaryImageOfPage\":{\"@id\":\"https:\\\/\\\/www.igt.nl\\\/es\\\/producto\\\/amsterdam-p-basico\\\/#primaryimage\"},\"image\":{\"@id\":\"https:\\\/\\\/www.igt.nl\\\/es\\\/producto\\\/amsterdam-p-basico\\\/#primaryimage\"},\"thumbnailUrl\":\"https:\\\/\\\/www.igt.nl\\\/wp-content\\\/uploads\\\/721.100_AMS-P-Basic_RVS_IMG_3682_1-1.jpg\",\"datePublished\":\"2021-02-02T13:16:01+00:00\",\"dateModified\":\"2025-12-17T07:59:46+00:00\",\"description\":\"Comprobador de imprimibilidad automatizado dedicado a la prueba IGT Pick con un solo eje de impresi\u00f3n. Sin c\u00e1mara ni software de an\u00e1lisis.\",\"breadcrumb\":{\"@id\":\"https:\\\/\\\/www.igt.nl\\\/es\\\/producto\\\/amsterdam-p-basico\\\/#breadcrumb\"},\"inLanguage\":\"es\",\"potentialAction\":[{\"@type\":\"ReadAction\",\"target\":[\"https:\\\/\\\/www.igt.nl\\\/es\\\/producto\\\/amsterdam-p-basico\\\/\"]}]},{\"@type\":\"ImageObject\",\"inLanguage\":\"es\",\"@id\":\"https:\\\/\\\/www.igt.nl\\\/es\\\/producto\\\/amsterdam-p-basico\\\/#primaryimage\",\"url\":\"https:\\\/\\\/www.igt.nl\\\/wp-content\\\/uploads\\\/721.100_AMS-P-Basic_RVS_IMG_3682_1-1.jpg\",\"contentUrl\":\"https:\\\/\\\/www.igt.nl\\\/wp-content\\\/uploads\\\/721.100_AMS-P-Basic_RVS_IMG_3682_1-1.jpg\",\"width\":782,\"height\":782},{\"@type\":\"BreadcrumbList\",\"@id\":\"https:\\\/\\\/www.igt.nl\\\/es\\\/producto\\\/amsterdam-p-basico\\\/#breadcrumb\",\"itemListElement\":[{\"@type\":\"ListItem\",\"position\":1,\"name\":\"Home\",\"item\":\"https:\\\/\\\/www.igt.nl\\\/es\\\/?page_id=36171\"},{\"@type\":\"ListItem\",\"position\":2,\"name\":\"Tienda\",\"item\":\"https:\\\/\\\/www.igt.nl\\\/es\\\/?page_id=36068\"},{\"@type\":\"ListItem\",\"position\":3,\"name\":\"Amsterdam\",\"item\":\"https:\\\/\\\/www.igt.nl\\\/es\\\/product-categorie\\\/amsterdam\\\/\"},{\"@type\":\"ListItem\",\"position\":4,\"name\":\"Amsterdam P B\u00e1sico\"}]},{\"@type\":\"WebSite\",\"@id\":\"https:\\\/\\\/www.igt.nl\\\/es\\\/#website\",\"url\":\"https:\\\/\\\/www.igt.nl\\\/es\\\/\",\"name\":\"IGT Testing Systems\",\"description\":\"\",\"potentialAction\":[{\"@type\":\"SearchAction\",\"target\":{\"@type\":\"EntryPoint\",\"urlTemplate\":\"https:\\\/\\\/www.igt.nl\\\/es\\\/?s={search_term_string}\"},\"query-input\":{\"@type\":\"PropertyValueSpecification\",\"valueRequired\":true,\"valueName\":\"search_term_string\"}}],\"inLanguage\":\"es\"}]}<\/script>\n<!-- \/ Yoast SEO plugin. -->","yoast_head_json":{"title":"Amsterdam P B\u00e1sico - IGT Testing Systems","description":"Comprobador de imprimibilidad automatizado dedicado a la prueba IGT Pick con un solo eje de impresi\u00f3n. Sin c\u00e1mara ni software de an\u00e1lisis.","robots":{"index":"index","follow":"follow","max-snippet":"max-snippet:-1","max-image-preview":"max-image-preview:large","max-video-preview":"max-video-preview:-1"},"canonical":"https:\/\/www.igt.nl\/es\/producto\/amsterdam-p-basico\/","og_locale":"es_ES","og_type":"article","og_title":"Amsterdam P B\u00e1sico - IGT Testing Systems","og_description":"Comprobador de imprimibilidad automatizado dedicado a la prueba IGT Pick con un solo eje de impresi\u00f3n. Sin c\u00e1mara ni software de an\u00e1lisis.","og_url":"https:\/\/www.igt.nl\/es\/producto\/amsterdam-p-basico\/","og_site_name":"IGT Testing Systems","article_modified_time":"2025-12-17T07:59:46+00:00","og_image":[{"width":782,"height":782,"url":"https:\/\/www.igt.nl\/wp-content\/uploads\/721.100_AMS-P-Basic_RVS_IMG_3682_1-1.jpg","type":"image\/jpeg"}],"twitter_card":"summary_large_image","twitter_misc":{"Tiempo de lectura":"1 minuto"},"schema":{"@context":"https:\/\/schema.org","@graph":[{"@type":"WebPage","@id":"https:\/\/www.igt.nl\/es\/producto\/amsterdam-p-basico\/","url":"https:\/\/www.igt.nl\/es\/producto\/amsterdam-p-basico\/","name":"Amsterdam P B\u00e1sico - IGT Testing Systems","isPartOf":{"@id":"https:\/\/www.igt.nl\/es\/#website"},"primaryImageOfPage":{"@id":"https:\/\/www.igt.nl\/es\/producto\/amsterdam-p-basico\/#primaryimage"},"image":{"@id":"https:\/\/www.igt.nl\/es\/producto\/amsterdam-p-basico\/#primaryimage"},"thumbnailUrl":"https:\/\/www.igt.nl\/wp-content\/uploads\/721.100_AMS-P-Basic_RVS_IMG_3682_1-1.jpg","datePublished":"2021-02-02T13:16:01+00:00","dateModified":"2025-12-17T07:59:46+00:00","description":"Comprobador de imprimibilidad automatizado dedicado a la prueba IGT Pick con un solo eje de impresi\u00f3n. Sin c\u00e1mara ni software de an\u00e1lisis.","breadcrumb":{"@id":"https:\/\/www.igt.nl\/es\/producto\/amsterdam-p-basico\/#breadcrumb"},"inLanguage":"es","potentialAction":[{"@type":"ReadAction","target":["https:\/\/www.igt.nl\/es\/producto\/amsterdam-p-basico\/"]}]},{"@type":"ImageObject","inLanguage":"es","@id":"https:\/\/www.igt.nl\/es\/producto\/amsterdam-p-basico\/#primaryimage","url":"https:\/\/www.igt.nl\/wp-content\/uploads\/721.100_AMS-P-Basic_RVS_IMG_3682_1-1.jpg","contentUrl":"https:\/\/www.igt.nl\/wp-content\/uploads\/721.100_AMS-P-Basic_RVS_IMG_3682_1-1.jpg","width":782,"height":782},{"@type":"BreadcrumbList","@id":"https:\/\/www.igt.nl\/es\/producto\/amsterdam-p-basico\/#breadcrumb","itemListElement":[{"@type":"ListItem","position":1,"name":"Home","item":"https:\/\/www.igt.nl\/es\/?page_id=36171"},{"@type":"ListItem","position":2,"name":"Tienda","item":"https:\/\/www.igt.nl\/es\/?page_id=36068"},{"@type":"ListItem","position":3,"name":"Amsterdam","item":"https:\/\/www.igt.nl\/es\/product-categorie\/amsterdam\/"},{"@type":"ListItem","position":4,"name":"Amsterdam P B\u00e1sico"}]},{"@type":"WebSite","@id":"https:\/\/www.igt.nl\/es\/#website","url":"https:\/\/www.igt.nl\/es\/","name":"IGT Testing Systems","description":"","potentialAction":[{"@type":"SearchAction","target":{"@type":"EntryPoint","urlTemplate":"https:\/\/www.igt.nl\/es\/?s={search_term_string}"},"query-input":{"@type":"PropertyValueSpecification","valueRequired":true,"valueName":"search_term_string"}}],"inLanguage":"es"}]}},"_links":{"self":[{"href":"https:\/\/www.igt.nl\/es\/wp-json\/wp\/v2\/product\/37850","targetHints":{"allow":["GET"]}}],"collection":[{"href":"https:\/\/www.igt.nl\/es\/wp-json\/wp\/v2\/product"}],"about":[{"href":"https:\/\/www.igt.nl\/es\/wp-json\/wp\/v2\/types\/product"}],"replies":[{"embeddable":true,"href":"https:\/\/www.igt.nl\/es\/wp-json\/wp\/v2\/comments?post=37850"}],"wp:featuredmedia":[{"embeddable":true,"href":"https:\/\/www.igt.nl\/es\/wp-json\/wp\/v2\/media\/37852"}],"wp:attachment":[{"href":"https:\/\/www.igt.nl\/es\/wp-json\/wp\/v2\/media?parent=37850"}],"wp:term":[{"taxonomy":"product_brand","embeddable":true,"href":"https:\/\/www.igt.nl\/es\/wp-json\/wp\/v2\/product_brand?post=37850"},{"taxonomy":"product_cat","embeddable":true,"href":"https:\/\/www.igt.nl\/es\/wp-json\/wp\/v2\/product_cat?post=37850"},{"taxonomy":"product_tag","embeddable":true,"href":"https:\/\/www.igt.nl\/es\/wp-json\/wp\/v2\/product_tag?post=37850"}],"curies":[{"name":"wp","href":"https:\/\/api.w.org\/{rel}","templated":true}]}}