{"id":37854,"date":"2021-03-03T10:52:05","date_gmt":"2021-03-03T10:52:05","guid":{"rendered":"https:\/\/www.igt.nl\/?post_type=product&#038;p=37854"},"modified":"2025-12-17T07:59:42","modified_gmt":"2025-12-17T07:59:42","slug":"medidor-de-brillo-igt-3g","status":"publish","type":"product","link":"https:\/\/www.igt.nl\/es\/producto\/medidor-de-brillo-igt-3g\/","title":{"rendered":"Medidor de brillo IGT 3G"},"content":{"rendered":"<p>El Medidor de Brillo IGT 3G es un dispositivo port\u00e1til para medir los valores de brillo en \u00e1ngulos de 20\u00b0, 60\u00b0 y 85\u00b0. Se pueden seleccionar los tres \u00e1ngulos simult\u00e1neamente, pero tambi\u00e9n es posible realizar una medici\u00f3n en s\u00f3lo uno o dos \u00e1ngulos. <\/p>\n<p>Para papel estucado de alto brillo, estucado fundido, lacado, muy barnizado o encerado, o pel\u00edculas de tinta de alto brillo, es m\u00e1s adecuada una medici\u00f3n a 20\u00b0.<\/p>\n<p>Este Medidor de Brillo est\u00e1 dise\u00f1ado y fabricado de acuerdo con las normas ISO2813 y GB9754. Tambi\u00e9n es compatible con las normas ASTM D523, ASTM D2457, GB\/T13891, GB7706 y GB8807. <\/p>\n<p>Cada aparato individual viene con un soporte que incluye una baldosa de calibraci\u00f3n, utilizada como patr\u00f3n de trabajo, y una memoria USB con software para importar los resultados de las pruebas a Excel.<\/p>\n<p>El Medidor de Brillo puede utilizarse para medir el brillo de:<br \/>\n&#8211; Recubrimientos y superficies pulidas.<br \/>\n&#8211; Material impreso y no impreso como papel, cart\u00f3n, pl\u00e1stico, l\u00e1minas, etc. seg\u00fan ISO 12647.<br \/>\n&#8211; Materiales decorativos como m\u00e1rmol, granito, etc.<br \/>\n&#8211; Materiales como pl\u00e1stico, art\u00edculos de madera, cer\u00e1mica, etc.<\/p>\n<p>En <a href=\"https:\/\/www.igt.nl\/test-methods\/amsterdam\/\">los folletos IGT W<\/a> encontrar\u00e1s descripciones detalladas de las pruebas para realizar impresiones de prueba para la medici\u00f3n del brillo.<\/p>\n<p>&nbsp;<\/p>\n<p>&nbsp;<\/p>\n","protected":false},"excerpt":{"rendered":"<p>El Medidor de Brillo IGT 3G es capaz de realizar mediciones en 3 \u00e1ngulos diferentes en una sola medici\u00f3n.<\/p>\n","protected":false},"featured_media":37856,"comment_status":"closed","ping_status":"closed","template":"","meta":{"_acf_changed":false,"inline_featured_image":false},"product_brand":[],"product_cat":[3437,3934,3972,3864],"product_tag":[],"class_list":{"0":"post-37854","1":"product","2":"type-product","3":"status-publish","4":"has-post-thumbnail","6":"product_cat-48-horas","7":"product_cat-accesorios","8":"product_cat-brillometros","9":"product_cat-cocina-de-tinta","11":"first","12":"instock","13":"shipping-taxable","14":"purchasable","15":"product-type-simple"},"acf":[],"yoast_head":"<!-- This site is optimized with the Yoast SEO plugin v27.3 - https:\/\/yoast.com\/product\/yoast-seo-wordpress\/ -->\n<title>Medidor de brillo IGT 3G - IGT Testing Systems<\/title>\n<meta name=\"description\" content=\"El Medidor de Brillo IGT 3G es un dispositivo port\u00e1til para medir los valores de brillo bajo \u00e1ngulos de 20\u00b0, 60\u00b0 y 75\u00b0 (m\u00e9todo TAPPI). El dispositivo viene con un soporte que incluye una baldosa de calibraci\u00f3n.\" \/>\n<meta name=\"robots\" content=\"index, follow, max-snippet:-1, max-image-preview:large, max-video-preview:-1\" \/>\n<link rel=\"canonical\" href=\"https:\/\/www.igt.nl\/es\/producto\/medidor-de-brillo-igt-3g\/\" \/>\n<meta property=\"og:locale\" content=\"es_ES\" \/>\n<meta property=\"og:type\" content=\"article\" \/>\n<meta property=\"og:title\" content=\"Medidor de brillo IGT 3G - IGT Testing Systems\" \/>\n<meta property=\"og:description\" content=\"El Medidor de Brillo IGT 3G es un dispositivo port\u00e1til para medir los valores de brillo bajo \u00e1ngulos de 20\u00b0, 60\u00b0 y 75\u00b0 (m\u00e9todo TAPPI). El dispositivo viene con un soporte que incluye una baldosa de calibraci\u00f3n.\" \/>\n<meta property=\"og:url\" content=\"https:\/\/www.igt.nl\/es\/producto\/medidor-de-brillo-igt-3g\/\" \/>\n<meta property=\"og:site_name\" content=\"IGT Testing Systems\" \/>\n<meta property=\"article:modified_time\" content=\"2025-12-17T07:59:42+00:00\" \/>\n<meta property=\"og:image\" content=\"https:\/\/www.igt.nl\/wp-content\/uploads\/555.268-IMG_3774_Gloss-Meter_G3_1-1_vs.jpg\" \/>\n\t<meta property=\"og:image:width\" content=\"1200\" \/>\n\t<meta property=\"og:image:height\" content=\"1200\" \/>\n\t<meta property=\"og:image:type\" content=\"image\/jpeg\" \/>\n<meta name=\"twitter:card\" content=\"summary_large_image\" \/>\n<meta name=\"twitter:label1\" content=\"Tiempo de lectura\" \/>\n\t<meta name=\"twitter:data1\" content=\"1 minuto\" \/>\n<script type=\"application\/ld+json\" class=\"yoast-schema-graph\">{\"@context\":\"https:\\\/\\\/schema.org\",\"@graph\":[{\"@type\":\"WebPage\",\"@id\":\"https:\\\/\\\/www.igt.nl\\\/es\\\/producto\\\/medidor-de-brillo-igt-3g\\\/\",\"url\":\"https:\\\/\\\/www.igt.nl\\\/es\\\/producto\\\/medidor-de-brillo-igt-3g\\\/\",\"name\":\"Medidor de brillo IGT 3G - IGT Testing Systems\",\"isPartOf\":{\"@id\":\"https:\\\/\\\/www.igt.nl\\\/es\\\/#website\"},\"primaryImageOfPage\":{\"@id\":\"https:\\\/\\\/www.igt.nl\\\/es\\\/producto\\\/medidor-de-brillo-igt-3g\\\/#primaryimage\"},\"image\":{\"@id\":\"https:\\\/\\\/www.igt.nl\\\/es\\\/producto\\\/medidor-de-brillo-igt-3g\\\/#primaryimage\"},\"thumbnailUrl\":\"https:\\\/\\\/www.igt.nl\\\/wp-content\\\/uploads\\\/555.268-IMG_3774_Gloss-Meter_G3_1-1_vs.jpg\",\"datePublished\":\"2021-03-03T10:52:05+00:00\",\"dateModified\":\"2025-12-17T07:59:42+00:00\",\"description\":\"El Medidor de Brillo IGT 3G es un dispositivo port\u00e1til para medir los valores de brillo bajo \u00e1ngulos de 20\u00b0, 60\u00b0 y 75\u00b0 (m\u00e9todo TAPPI). El dispositivo viene con un soporte que incluye una baldosa de calibraci\u00f3n.\",\"breadcrumb\":{\"@id\":\"https:\\\/\\\/www.igt.nl\\\/es\\\/producto\\\/medidor-de-brillo-igt-3g\\\/#breadcrumb\"},\"inLanguage\":\"es\",\"potentialAction\":[{\"@type\":\"ReadAction\",\"target\":[\"https:\\\/\\\/www.igt.nl\\\/es\\\/producto\\\/medidor-de-brillo-igt-3g\\\/\"]}]},{\"@type\":\"ImageObject\",\"inLanguage\":\"es\",\"@id\":\"https:\\\/\\\/www.igt.nl\\\/es\\\/producto\\\/medidor-de-brillo-igt-3g\\\/#primaryimage\",\"url\":\"https:\\\/\\\/www.igt.nl\\\/wp-content\\\/uploads\\\/555.268-IMG_3774_Gloss-Meter_G3_1-1_vs.jpg\",\"contentUrl\":\"https:\\\/\\\/www.igt.nl\\\/wp-content\\\/uploads\\\/555.268-IMG_3774_Gloss-Meter_G3_1-1_vs.jpg\",\"width\":1200,\"height\":1200},{\"@type\":\"BreadcrumbList\",\"@id\":\"https:\\\/\\\/www.igt.nl\\\/es\\\/producto\\\/medidor-de-brillo-igt-3g\\\/#breadcrumb\",\"itemListElement\":[{\"@type\":\"ListItem\",\"position\":1,\"name\":\"Home\",\"item\":\"https:\\\/\\\/www.igt.nl\\\/es\\\/?page_id=36171\"},{\"@type\":\"ListItem\",\"position\":2,\"name\":\"Tienda\",\"item\":\"https:\\\/\\\/www.igt.nl\\\/es\\\/?page_id=36068\"},{\"@type\":\"ListItem\",\"position\":3,\"name\":\"48 horas\",\"item\":\"https:\\\/\\\/www.igt.nl\\\/es\\\/product-categorie\\\/48-horas\\\/\"},{\"@type\":\"ListItem\",\"position\":4,\"name\":\"Medidor de brillo IGT 3G\"}]},{\"@type\":\"WebSite\",\"@id\":\"https:\\\/\\\/www.igt.nl\\\/es\\\/#website\",\"url\":\"https:\\\/\\\/www.igt.nl\\\/es\\\/\",\"name\":\"IGT Testing Systems\",\"description\":\"\",\"potentialAction\":[{\"@type\":\"SearchAction\",\"target\":{\"@type\":\"EntryPoint\",\"urlTemplate\":\"https:\\\/\\\/www.igt.nl\\\/es\\\/?s={search_term_string}\"},\"query-input\":{\"@type\":\"PropertyValueSpecification\",\"valueRequired\":true,\"valueName\":\"search_term_string\"}}],\"inLanguage\":\"es\"}]}<\/script>\n<!-- \/ Yoast SEO plugin. -->","yoast_head_json":{"title":"Medidor de brillo IGT 3G - IGT Testing Systems","description":"El Medidor de Brillo IGT 3G es un dispositivo port\u00e1til para medir los valores de brillo bajo \u00e1ngulos de 20\u00b0, 60\u00b0 y 75\u00b0 (m\u00e9todo TAPPI). El dispositivo viene con un soporte que incluye una baldosa de calibraci\u00f3n.","robots":{"index":"index","follow":"follow","max-snippet":"max-snippet:-1","max-image-preview":"max-image-preview:large","max-video-preview":"max-video-preview:-1"},"canonical":"https:\/\/www.igt.nl\/es\/producto\/medidor-de-brillo-igt-3g\/","og_locale":"es_ES","og_type":"article","og_title":"Medidor de brillo IGT 3G - IGT Testing Systems","og_description":"El Medidor de Brillo IGT 3G es un dispositivo port\u00e1til para medir los valores de brillo bajo \u00e1ngulos de 20\u00b0, 60\u00b0 y 75\u00b0 (m\u00e9todo TAPPI). El dispositivo viene con un soporte que incluye una baldosa de calibraci\u00f3n.","og_url":"https:\/\/www.igt.nl\/es\/producto\/medidor-de-brillo-igt-3g\/","og_site_name":"IGT Testing Systems","article_modified_time":"2025-12-17T07:59:42+00:00","og_image":[{"width":1200,"height":1200,"url":"https:\/\/www.igt.nl\/wp-content\/uploads\/555.268-IMG_3774_Gloss-Meter_G3_1-1_vs.jpg","type":"image\/jpeg"}],"twitter_card":"summary_large_image","twitter_misc":{"Tiempo de lectura":"1 minuto"},"schema":{"@context":"https:\/\/schema.org","@graph":[{"@type":"WebPage","@id":"https:\/\/www.igt.nl\/es\/producto\/medidor-de-brillo-igt-3g\/","url":"https:\/\/www.igt.nl\/es\/producto\/medidor-de-brillo-igt-3g\/","name":"Medidor de brillo IGT 3G - IGT Testing Systems","isPartOf":{"@id":"https:\/\/www.igt.nl\/es\/#website"},"primaryImageOfPage":{"@id":"https:\/\/www.igt.nl\/es\/producto\/medidor-de-brillo-igt-3g\/#primaryimage"},"image":{"@id":"https:\/\/www.igt.nl\/es\/producto\/medidor-de-brillo-igt-3g\/#primaryimage"},"thumbnailUrl":"https:\/\/www.igt.nl\/wp-content\/uploads\/555.268-IMG_3774_Gloss-Meter_G3_1-1_vs.jpg","datePublished":"2021-03-03T10:52:05+00:00","dateModified":"2025-12-17T07:59:42+00:00","description":"El Medidor de Brillo IGT 3G es un dispositivo port\u00e1til para medir los valores de brillo bajo \u00e1ngulos de 20\u00b0, 60\u00b0 y 75\u00b0 (m\u00e9todo TAPPI). El dispositivo viene con un soporte que incluye una baldosa de calibraci\u00f3n.","breadcrumb":{"@id":"https:\/\/www.igt.nl\/es\/producto\/medidor-de-brillo-igt-3g\/#breadcrumb"},"inLanguage":"es","potentialAction":[{"@type":"ReadAction","target":["https:\/\/www.igt.nl\/es\/producto\/medidor-de-brillo-igt-3g\/"]}]},{"@type":"ImageObject","inLanguage":"es","@id":"https:\/\/www.igt.nl\/es\/producto\/medidor-de-brillo-igt-3g\/#primaryimage","url":"https:\/\/www.igt.nl\/wp-content\/uploads\/555.268-IMG_3774_Gloss-Meter_G3_1-1_vs.jpg","contentUrl":"https:\/\/www.igt.nl\/wp-content\/uploads\/555.268-IMG_3774_Gloss-Meter_G3_1-1_vs.jpg","width":1200,"height":1200},{"@type":"BreadcrumbList","@id":"https:\/\/www.igt.nl\/es\/producto\/medidor-de-brillo-igt-3g\/#breadcrumb","itemListElement":[{"@type":"ListItem","position":1,"name":"Home","item":"https:\/\/www.igt.nl\/es\/?page_id=36171"},{"@type":"ListItem","position":2,"name":"Tienda","item":"https:\/\/www.igt.nl\/es\/?page_id=36068"},{"@type":"ListItem","position":3,"name":"48 horas","item":"https:\/\/www.igt.nl\/es\/product-categorie\/48-horas\/"},{"@type":"ListItem","position":4,"name":"Medidor de brillo IGT 3G"}]},{"@type":"WebSite","@id":"https:\/\/www.igt.nl\/es\/#website","url":"https:\/\/www.igt.nl\/es\/","name":"IGT Testing Systems","description":"","potentialAction":[{"@type":"SearchAction","target":{"@type":"EntryPoint","urlTemplate":"https:\/\/www.igt.nl\/es\/?s={search_term_string}"},"query-input":{"@type":"PropertyValueSpecification","valueRequired":true,"valueName":"search_term_string"}}],"inLanguage":"es"}]}},"_links":{"self":[{"href":"https:\/\/www.igt.nl\/es\/wp-json\/wp\/v2\/product\/37854","targetHints":{"allow":["GET"]}}],"collection":[{"href":"https:\/\/www.igt.nl\/es\/wp-json\/wp\/v2\/product"}],"about":[{"href":"https:\/\/www.igt.nl\/es\/wp-json\/wp\/v2\/types\/product"}],"replies":[{"embeddable":true,"href":"https:\/\/www.igt.nl\/es\/wp-json\/wp\/v2\/comments?post=37854"}],"wp:featuredmedia":[{"embeddable":true,"href":"https:\/\/www.igt.nl\/es\/wp-json\/wp\/v2\/media\/37856"}],"wp:attachment":[{"href":"https:\/\/www.igt.nl\/es\/wp-json\/wp\/v2\/media?parent=37854"}],"wp:term":[{"taxonomy":"product_brand","embeddable":true,"href":"https:\/\/www.igt.nl\/es\/wp-json\/wp\/v2\/product_brand?post=37854"},{"taxonomy":"product_cat","embeddable":true,"href":"https:\/\/www.igt.nl\/es\/wp-json\/wp\/v2\/product_cat?post=37854"},{"taxonomy":"product_tag","embeddable":true,"href":"https:\/\/www.igt.nl\/es\/wp-json\/wp\/v2\/product_tag?post=37854"}],"curies":[{"name":"wp","href":"https:\/\/api.w.org\/{rel}","templated":true}]}}