{"id":37886,"date":"2022-11-23T14:37:22","date_gmt":"2022-11-23T14:37:22","guid":{"rendered":"https:\/\/www.igt.nl\/?post_type=product&#038;p=37886"},"modified":"2025-12-17T07:59:03","modified_gmt":"2025-12-17T07:59:03","slug":"ct1-para-tubos-y-latas","status":"publish","type":"product","link":"https:\/\/www.igt.nl\/es\/producto\/ct1-para-tubos-y-latas\/","title":{"rendered":"CT1 para Tubos y Latas"},"content":{"rendered":"<h4>IGT CT1: Probador de imprimibilidad para latas y tubos, para producir impresiones en color con tintas offset convencionales y UV.<\/h4>\n<p>Todos los comprobadores C1 permiten imprimir en latas con un di\u00e1metro entre 63 y 68 mm. La CT1 est\u00e1 especialmente dise\u00f1ada para imprimir directamente en latas, tubos y tapones con un di\u00e1metro entre 16 y 68 mm. Esta unidad est\u00e1 equipada con un cilindro de impresi\u00f3n f\u00e1cilmente intercambiable para deslizar la lata o el tubo.  <\/p>\n<p class=\"ManualPlattetekst\"><span lang=\"EN-GB\">Con la IGT CT1 se pueden imprimir latas y tubos con un di\u00e1metro de entre 19 y 68 mm ajustando el di\u00e1metro del cilindro de impresi\u00f3n de la unidad de impresi\u00f3n, y con la CT1x3 tambi\u00e9n es posible imprimir tres tiras una al lado de la otra.<\/span><\/p>\n<h4><strong>El mejor comprobador de imprimibilidad de tintas offset del mundo.<\/strong><\/h4>\n<p>IGT Testing Systems suministra los comprobadores de imprimibilidad tipo C1, que son sencillos pero tienen mucho \u00e9xito en todo el mundo para tintas offset de varias anchuras de impresi\u00f3n.<\/p>\n<p>Realiza tiras de color con tintas offset con un grosor de capa de tinta conocido que se puede utilizar para muchos fines.<br \/>\nEspecialmente dise\u00f1ado para sistemas informatizados de medici\u00f3n y ajuste del color.<br \/>\nAhorra costes porque ya no es necesario realizar pruebas de color en las m\u00e1quinas de impresi\u00f3n.<br \/>\nPuede imprimir directamente en todos los sustratos, incluidos tubos o latas preparados, la versi\u00f3n CT1 puede hacerlo en cualquier di\u00e1metro interior entre 16 y 68 mm.<\/p>\n<h4><strong>APLICACIONES<\/strong><\/h4>\n<p>Los comprobadores de imprimibilidad IGT C1 producen tiras de color adecuadas para muchos fines, como por ejemplo<\/p>\n<ul>\n<li>Medici\u00f3n del color con sistemas de medici\u00f3n del color\/espectrofot\u00f3metros, por ejemplo, en la igualaci\u00f3n de colores.<\/li>\n<li>Valoraci\u00f3n visual<\/li>\n<li>Mediciones de densidad, incluido el establecimiento de tolerancias de color y densidad y la determinaci\u00f3n de la cobertura, la resistencia al desgaste, la resistencia al rayado, la flexibilidad, la adherencia y el brillo, la transferencia de tinta (en g\/m\u00b2), la solidez a la luz y la resistencia a los productos qu\u00edmicos.<\/li>\n<li>Comprobaci\u00f3n de la calidad de impresi\u00f3n, brillo, moteado y desvanecimiento<\/li>\n<\/ul>\n<p>El comprobador C1 imprime todo tipo de materiales recubiertos y no recubiertos, como papel, cart\u00f3n, pel\u00edcula de pl\u00e1stico, celof\u00e1n, laminado, metal, etc. El comprobador C1 se utiliza en las siguientes industrias: <\/p>\n<ul>\n<li>tinta de imprenta, papel y cart\u00f3n, impresoras<\/li>\n<li>metal, pl\u00e1sticos y envases<\/li>\n<li>resinas, lacas y revestimientos<\/li>\n<li>materias primas<\/li>\n<\/ul>\n<h4><strong>OPERACI\u00d3N<\/strong><\/h4>\n<p>Los comprobadores de imprimibilidad del tipo C1 constan de una secci\u00f3n de entintado y una secci\u00f3n de impresi\u00f3n con disco de impresi\u00f3n extra\u00edble (forma de impresi\u00f3n). La unidad de entintado consta de dos tambores de aluminio y un rodillo superior.<br \/>\nLa distribuci\u00f3n de la tinta s\u00f3lo tarda 30 s debido a la relaci\u00f3n de di\u00e1metros y al movimiento del tambor. El tiempo de entintado del disco de impresi\u00f3n es de 15 s.<br \/>\nLa limpieza de los sistemas es muy sencilla y r\u00e1pida, debido, entre otras cosas, a que los dos tambores de aluminio son accionados. La unidad de impresi\u00f3n est\u00e1 formada por la forma de impresi\u00f3n y un cilindro de impresi\u00f3n. El sustrato se fija a un soporte de sustrato. A continuaci\u00f3n, el portador de sustrato con el sustrato se coloca en la gu\u00eda de sustrato, entre el cilindro de impresi\u00f3n y el disco de impresi\u00f3n.<br \/>\nUna vez aplicada la fuerza de impresi\u00f3n, \u00e9sta se realiza autom\u00e1ticamente. A continuaci\u00f3n, el disco de impresi\u00f3n se levanta autom\u00e1ticamente, tras lo cual se retira el sustrato para su evaluaci\u00f3n y se limpia el disco de impresi\u00f3n. Tambi\u00e9n es posible imprimir en latas de bebida: para ello se deslizan sobre el cilindro de impresi\u00f3n, no utiliz\u00e1ndose en este caso el soporte de sustrato.<br \/>\nLa fuerza de impresi\u00f3n puede ajustarse en 19 pasos entre 100 y 1000 N.       <\/p>\n<p>Para imprimir en latas de bebidas, el cilindro de impresi\u00f3n puede sustituirse por otro de diferente di\u00e1metro.<\/p>\n","protected":false},"excerpt":{"rendered":"<p>Para imprimir directamente en latas y tubos con di\u00e1metro interior entre 16 y 68 mm. Anchura de impresi\u00f3n 35 mm. <\/p>\n","protected":false},"featured_media":37894,"comment_status":"closed","ping_status":"closed","template":"","meta":{"_acf_changed":false,"inline_featured_image":false},"product_brand":[],"product_cat":[4072,3986,3435,3436],"product_tag":[],"class_list":{"0":"post-37886","1":"product","2":"type-product","3":"status-publish","4":"has-post-thumbnail","6":"product_cat-c1","7":"product_cat-desplazamiento","8":"product_cat-probadores-de-tinta","9":"product_cat-probadores-graficos","10":"pa_accessories-conjunto-de-moteado-metodo-de-impresion-w58","11":"pa_accessories-conjunto-de-moteado-metodo-de-trampa-trasera-w57","12":"pa_accessories-juego-brillante-w71","13":"pa_accessories-tintas-estandar","14":"pa_additional-items-408-000-200-pipeta-de-tinta-igt-de-001-ml-de-resolucion","15":"pa_additional-items-496-000-075-secador-uv-igt-12-1-1-lampara-500-w","16":"pa_additional-items-496-000-275-secador-uv-igt-12-1-2-lamparas-1000-w","17":"pa_additional-items-555-000-060-brillometro-igt-g60-60","18":"pa_compatible-instruments-425-000-000-c1","19":"pa_compatible-instruments-426-000-000-c1-5","20":"pa_compatible-instruments-429-000-000-c1-7","21":"pa_conformance-with-standards-astm-7680","22":"pa_conformance-with-standards-iso-12647","23":"pa_conformance-with-standards-iso-2834","24":"pa_conformance-with-standards-iso-2846","25":"pa_forces-100-1000-n","26":"pa_guarantee-estandar-un-ano","27":"pa_inks-or-liquids-tinta-offset","28":"pa_lifting-system-automaticamente","29":"pa_main-application-adhesion","30":"pa_main-application-brillo","31":"pa_main-application-determinacion-de-la-cobertura","32":"pa_main-application-flexibilidad","33":"pa_main-application-medicion-del-color-con-sistemas-de-medicion-del-color-espectrofotometros","34":"pa_main-application-mediciones-de-densidad-incluido-el-establecimiento-de-tolerancias","35":"pa_main-application-resistencia-a-los-aranazos","36":"pa_main-application-resistencia-al-desgaste","37":"pa_main-application-transferencia-de-tinta-en-g-m","38":"pa_main-application-valoracion-visual","39":"pa_maintenance-el-mantenimiento-y-la-calibracion-anuales-del-comprobador-pueden-ser-realizados-por-igt-testing-systems-o-por-empresas-autorizadas-por-igt-testing-systems","40":"pa_maintenance-para-un-uso-medio-se-recomienda-una-revision-una-vez-al-ano","41":"pa_maintenance-puedes-obtener-informacion-de-tu-proveedor-o-del-agente-local","42":"pa_measurement-range-03-10-m","43":"pa_power-supply-requirements-90-240-v-50-60-hz","44":"pa_print-length-and-width-mm-200-x-35","45":"pa_printing-discs-los-discos-disponibles-son-de-aluminio-de-caucho-para-tintas-convencionales-o-uv-de-caucho-para-tintas-convencionales-o-uv","46":"pa_space-requirements-0-7-m","47":"pa_speed-range-and-modes-velocidad-constante-03-m-s","48":"pa_standard-delivery-time-4-6-semanas","49":"pa_substrate-requirements-puede-imprimir-en-todo-tipo-de-materiales-con-o-sin-revestimiento-papel-carton-pelicula-de-plastico-celofan-laminado-metales-etc","50":"pa_top-rollers-425-098-001-rodillo-superior-caucho-para-tintas-convencionales","51":"pa_top-rollers-425-098-002-rodillo-superior-caucho-para-tintas-uv","52":"pa_weight-35-kg","54":"first","55":"instock","56":"shipping-taxable","57":"purchasable","58":"product-type-simple"},"acf":[],"yoast_head":"<!-- This site is optimized with the Yoast SEO plugin v27.3 - https:\/\/yoast.com\/product\/yoast-seo-wordpress\/ -->\n<title>CT1 para Tubos y Latas - IGT Testing Systems<\/title>\n<meta name=\"description\" content=\"Comprobador de imprimibilidad IGT CT1 para latas, tubos y tapones. Para igualaci\u00f3n de colores, medici\u00f3n de la denistencia. Comprobaci\u00f3n de la calidad de impresi\u00f3n, brillo, moteado y desprendimiento.\" \/>\n<meta name=\"robots\" content=\"index, follow, max-snippet:-1, max-image-preview:large, max-video-preview:-1\" \/>\n<link rel=\"canonical\" href=\"https:\/\/www.igt.nl\/es\/producto\/ct1-para-tubos-y-latas\/\" \/>\n<meta property=\"og:locale\" content=\"es_ES\" \/>\n<meta property=\"og:type\" content=\"article\" \/>\n<meta property=\"og:title\" content=\"CT1 para Tubos y Latas - IGT Testing Systems\" \/>\n<meta property=\"og:description\" content=\"Comprobador de imprimibilidad IGT CT1 para latas, tubos y tapones. Para igualaci\u00f3n de colores, medici\u00f3n de la denistencia. Comprobaci\u00f3n de la calidad de impresi\u00f3n, brillo, moteado y desprendimiento.\" \/>\n<meta property=\"og:url\" content=\"https:\/\/www.igt.nl\/es\/producto\/ct1-para-tubos-y-latas\/\" \/>\n<meta property=\"og:site_name\" content=\"IGT Testing Systems\" \/>\n<meta property=\"article:modified_time\" content=\"2025-12-17T07:59:03+00:00\" \/>\n<meta property=\"og:image\" content=\"https:\/\/www.igt.nl\/wp-content\/uploads\/CT1-Afdrukstand-1-scaled.jpg\" \/>\n\t<meta property=\"og:image:width\" content=\"2060\" \/>\n\t<meta property=\"og:image:height\" content=\"1545\" \/>\n\t<meta property=\"og:image:type\" content=\"image\/jpeg\" \/>\n<meta name=\"twitter:card\" content=\"summary_large_image\" \/>\n<meta name=\"twitter:label1\" content=\"Tiempo de lectura\" \/>\n\t<meta name=\"twitter:data1\" content=\"3 minutos\" \/>\n<script type=\"application\/ld+json\" class=\"yoast-schema-graph\">{\"@context\":\"https:\\\/\\\/schema.org\",\"@graph\":[{\"@type\":\"WebPage\",\"@id\":\"https:\\\/\\\/www.igt.nl\\\/es\\\/producto\\\/ct1-para-tubos-y-latas\\\/\",\"url\":\"https:\\\/\\\/www.igt.nl\\\/es\\\/producto\\\/ct1-para-tubos-y-latas\\\/\",\"name\":\"CT1 para Tubos y Latas - IGT Testing Systems\",\"isPartOf\":{\"@id\":\"https:\\\/\\\/www.igt.nl\\\/es\\\/#website\"},\"primaryImageOfPage\":{\"@id\":\"https:\\\/\\\/www.igt.nl\\\/es\\\/producto\\\/ct1-para-tubos-y-latas\\\/#primaryimage\"},\"image\":{\"@id\":\"https:\\\/\\\/www.igt.nl\\\/es\\\/producto\\\/ct1-para-tubos-y-latas\\\/#primaryimage\"},\"thumbnailUrl\":\"https:\\\/\\\/www.igt.nl\\\/wp-content\\\/uploads\\\/CT1-Afdrukstand-1-scaled.jpg\",\"datePublished\":\"2022-11-23T14:37:22+00:00\",\"dateModified\":\"2025-12-17T07:59:03+00:00\",\"description\":\"Comprobador de imprimibilidad IGT CT1 para latas, tubos y tapones. Para igualaci\u00f3n de colores, medici\u00f3n de la denistencia. Comprobaci\u00f3n de la calidad de impresi\u00f3n, brillo, moteado y desprendimiento.\",\"breadcrumb\":{\"@id\":\"https:\\\/\\\/www.igt.nl\\\/es\\\/producto\\\/ct1-para-tubos-y-latas\\\/#breadcrumb\"},\"inLanguage\":\"es\",\"potentialAction\":[{\"@type\":\"ReadAction\",\"target\":[\"https:\\\/\\\/www.igt.nl\\\/es\\\/producto\\\/ct1-para-tubos-y-latas\\\/\"]}]},{\"@type\":\"ImageObject\",\"inLanguage\":\"es\",\"@id\":\"https:\\\/\\\/www.igt.nl\\\/es\\\/producto\\\/ct1-para-tubos-y-latas\\\/#primaryimage\",\"url\":\"https:\\\/\\\/www.igt.nl\\\/wp-content\\\/uploads\\\/CT1-Afdrukstand-1-scaled.jpg\",\"contentUrl\":\"https:\\\/\\\/www.igt.nl\\\/wp-content\\\/uploads\\\/CT1-Afdrukstand-1-scaled.jpg\",\"width\":2060,\"height\":1545},{\"@type\":\"BreadcrumbList\",\"@id\":\"https:\\\/\\\/www.igt.nl\\\/es\\\/producto\\\/ct1-para-tubos-y-latas\\\/#breadcrumb\",\"itemListElement\":[{\"@type\":\"ListItem\",\"position\":1,\"name\":\"Home\",\"item\":\"https:\\\/\\\/www.igt.nl\\\/es\\\/?page_id=36171\"},{\"@type\":\"ListItem\",\"position\":2,\"name\":\"Tienda\",\"item\":\"https:\\\/\\\/www.igt.nl\\\/es\\\/?page_id=36068\"},{\"@type\":\"ListItem\",\"position\":3,\"name\":\"C1\",\"item\":\"https:\\\/\\\/www.igt.nl\\\/es\\\/product-categorie\\\/c1\\\/\"},{\"@type\":\"ListItem\",\"position\":4,\"name\":\"CT1 para Tubos y Latas\"}]},{\"@type\":\"WebSite\",\"@id\":\"https:\\\/\\\/www.igt.nl\\\/es\\\/#website\",\"url\":\"https:\\\/\\\/www.igt.nl\\\/es\\\/\",\"name\":\"IGT Testing Systems\",\"description\":\"\",\"potentialAction\":[{\"@type\":\"SearchAction\",\"target\":{\"@type\":\"EntryPoint\",\"urlTemplate\":\"https:\\\/\\\/www.igt.nl\\\/es\\\/?s={search_term_string}\"},\"query-input\":{\"@type\":\"PropertyValueSpecification\",\"valueRequired\":true,\"valueName\":\"search_term_string\"}}],\"inLanguage\":\"es\"}]}<\/script>\n<!-- \/ Yoast SEO plugin. -->","yoast_head_json":{"title":"CT1 para Tubos y Latas - IGT Testing Systems","description":"Comprobador de imprimibilidad IGT CT1 para latas, tubos y tapones. Para igualaci\u00f3n de colores, medici\u00f3n de la denistencia. Comprobaci\u00f3n de la calidad de impresi\u00f3n, brillo, moteado y desprendimiento.","robots":{"index":"index","follow":"follow","max-snippet":"max-snippet:-1","max-image-preview":"max-image-preview:large","max-video-preview":"max-video-preview:-1"},"canonical":"https:\/\/www.igt.nl\/es\/producto\/ct1-para-tubos-y-latas\/","og_locale":"es_ES","og_type":"article","og_title":"CT1 para Tubos y Latas - IGT Testing Systems","og_description":"Comprobador de imprimibilidad IGT CT1 para latas, tubos y tapones. Para igualaci\u00f3n de colores, medici\u00f3n de la denistencia. Comprobaci\u00f3n de la calidad de impresi\u00f3n, brillo, moteado y desprendimiento.","og_url":"https:\/\/www.igt.nl\/es\/producto\/ct1-para-tubos-y-latas\/","og_site_name":"IGT Testing Systems","article_modified_time":"2025-12-17T07:59:03+00:00","og_image":[{"width":2060,"height":1545,"url":"https:\/\/www.igt.nl\/wp-content\/uploads\/CT1-Afdrukstand-1-scaled.jpg","type":"image\/jpeg"}],"twitter_card":"summary_large_image","twitter_misc":{"Tiempo de lectura":"3 minutos"},"schema":{"@context":"https:\/\/schema.org","@graph":[{"@type":"WebPage","@id":"https:\/\/www.igt.nl\/es\/producto\/ct1-para-tubos-y-latas\/","url":"https:\/\/www.igt.nl\/es\/producto\/ct1-para-tubos-y-latas\/","name":"CT1 para Tubos y Latas - IGT Testing Systems","isPartOf":{"@id":"https:\/\/www.igt.nl\/es\/#website"},"primaryImageOfPage":{"@id":"https:\/\/www.igt.nl\/es\/producto\/ct1-para-tubos-y-latas\/#primaryimage"},"image":{"@id":"https:\/\/www.igt.nl\/es\/producto\/ct1-para-tubos-y-latas\/#primaryimage"},"thumbnailUrl":"https:\/\/www.igt.nl\/wp-content\/uploads\/CT1-Afdrukstand-1-scaled.jpg","datePublished":"2022-11-23T14:37:22+00:00","dateModified":"2025-12-17T07:59:03+00:00","description":"Comprobador de imprimibilidad IGT CT1 para latas, tubos y tapones. Para igualaci\u00f3n de colores, medici\u00f3n de la denistencia. Comprobaci\u00f3n de la calidad de impresi\u00f3n, brillo, moteado y desprendimiento.","breadcrumb":{"@id":"https:\/\/www.igt.nl\/es\/producto\/ct1-para-tubos-y-latas\/#breadcrumb"},"inLanguage":"es","potentialAction":[{"@type":"ReadAction","target":["https:\/\/www.igt.nl\/es\/producto\/ct1-para-tubos-y-latas\/"]}]},{"@type":"ImageObject","inLanguage":"es","@id":"https:\/\/www.igt.nl\/es\/producto\/ct1-para-tubos-y-latas\/#primaryimage","url":"https:\/\/www.igt.nl\/wp-content\/uploads\/CT1-Afdrukstand-1-scaled.jpg","contentUrl":"https:\/\/www.igt.nl\/wp-content\/uploads\/CT1-Afdrukstand-1-scaled.jpg","width":2060,"height":1545},{"@type":"BreadcrumbList","@id":"https:\/\/www.igt.nl\/es\/producto\/ct1-para-tubos-y-latas\/#breadcrumb","itemListElement":[{"@type":"ListItem","position":1,"name":"Home","item":"https:\/\/www.igt.nl\/es\/?page_id=36171"},{"@type":"ListItem","position":2,"name":"Tienda","item":"https:\/\/www.igt.nl\/es\/?page_id=36068"},{"@type":"ListItem","position":3,"name":"C1","item":"https:\/\/www.igt.nl\/es\/product-categorie\/c1\/"},{"@type":"ListItem","position":4,"name":"CT1 para Tubos y Latas"}]},{"@type":"WebSite","@id":"https:\/\/www.igt.nl\/es\/#website","url":"https:\/\/www.igt.nl\/es\/","name":"IGT Testing Systems","description":"","potentialAction":[{"@type":"SearchAction","target":{"@type":"EntryPoint","urlTemplate":"https:\/\/www.igt.nl\/es\/?s={search_term_string}"},"query-input":{"@type":"PropertyValueSpecification","valueRequired":true,"valueName":"search_term_string"}}],"inLanguage":"es"}]}},"_links":{"self":[{"href":"https:\/\/www.igt.nl\/es\/wp-json\/wp\/v2\/product\/37886","targetHints":{"allow":["GET"]}}],"collection":[{"href":"https:\/\/www.igt.nl\/es\/wp-json\/wp\/v2\/product"}],"about":[{"href":"https:\/\/www.igt.nl\/es\/wp-json\/wp\/v2\/types\/product"}],"replies":[{"embeddable":true,"href":"https:\/\/www.igt.nl\/es\/wp-json\/wp\/v2\/comments?post=37886"}],"wp:featuredmedia":[{"embeddable":true,"href":"https:\/\/www.igt.nl\/es\/wp-json\/wp\/v2\/media\/37894"}],"wp:attachment":[{"href":"https:\/\/www.igt.nl\/es\/wp-json\/wp\/v2\/media?parent=37886"}],"wp:term":[{"taxonomy":"product_brand","embeddable":true,"href":"https:\/\/www.igt.nl\/es\/wp-json\/wp\/v2\/product_brand?post=37886"},{"taxonomy":"product_cat","embeddable":true,"href":"https:\/\/www.igt.nl\/es\/wp-json\/wp\/v2\/product_cat?post=37886"},{"taxonomy":"product_tag","embeddable":true,"href":"https:\/\/www.igt.nl\/es\/wp-json\/wp\/v2\/product_tag?post=37886"}],"curies":[{"name":"wp","href":"https:\/\/api.w.org\/{rel}","templated":true}]}}