{"id":37974,"date":"2019-07-11T06:00:49","date_gmt":"2019-07-11T06:00:49","guid":{"rendered":"https:\/\/www.igt.nl\/?post_type=product&#038;p=37974"},"modified":"2025-12-17T08:03:00","modified_gmt":"2025-12-17T08:03:00","slug":"amsterdam-2","status":"publish","type":"product","link":"https:\/\/www.igt.nl\/es\/producto\/amsterdam-2\/","title":{"rendered":"Amsterdam 2"},"content":{"rendered":"<p>Comprobador de imprimibilidad multifunci\u00f3n automatizado con dos ejes de impresi\u00f3n.<\/p>\n<p>Nueva gama de comprobadores de imprimibilidad con sistemas de an\u00e1lisis integrados, basados en c\u00e1maras. La gama consta de dispositivos con uno a seis ejes de impresi\u00f3n para una flexibilidad m\u00e1xima de los m\u00e9todos de prueba. La amplia gama de m\u00e9todos de <a href=\"https:\/\/www.igt.nl\/test-methods\/amsterdam\/\">prueba<\/a> puede ampliarse con m\u00e9todos definidos por el usuario. Con ello es capaz de realizar todas las pruebas de un Probador Global Standard P m\u00e1s las pruebas de un Probador Global Standard 2, incluidas combinaciones de velocidad constante y creciente en un m\u00e9todo de prueba.   <\/p>\n<p>Adem\u00e1s, est\u00e1 preparado para hacer an\u00e1lisis en l\u00ednea de Pick ISO 3783, moteado, Heliotest, penetraci\u00f3n de impresi\u00f3n, rugosidad IGT e hidroexpansividad con un sistema de an\u00e1lisis basado en c\u00e1maras.<br \/>\n-1 a 6 ejes de impresi\u00f3n, cada uno de los cuales puede equiparse con un accionamiento para imprimir en registro si es necesario<br \/>\n-Tiempos de intervalo muy peque\u00f1os, hasta 0,02 s<br \/>\n-Gran n\u00famero de <a href=\"https:\/\/www.igt.nl\/test-methods\/amsterdam\/\">m\u00e9todos de prueba<\/a><br \/>\n-Muy f\u00e1cil de manejar<br \/>\n-An\u00e1lisis en l\u00ednea de varios m\u00e9todos de prueba<br \/>\n-Exportaci\u00f3n de im\u00e1genes escaneadas y datos<\/p>\n","protected":false},"excerpt":{"rendered":"<p>Comprobador de imprimibilidad multifunci\u00f3n automatizado con dos ejes de impresi\u00f3n.<\/p>\n","protected":false},"featured_media":37982,"comment_status":"closed","ping_status":"closed","template":"","meta":{"_acf_changed":false,"inline_featured_image":false},"product_brand":[],"product_cat":[3569,3568,3438,3941,3435,4173],"product_tag":[],"class_list":{"0":"post-37974","1":"product","2":"type-product","3":"status-publish","4":"has-post-thumbnail","6":"product_cat-amsterdam","7":"product_cat-comprobadores-de-papel","8":"product_cat-comprobadores-electronicos","9":"product_cat-polivalente","10":"product_cat-probadores-de-tinta","11":"product_cat-seguridad","12":"product_shipping_class-normaal","13":"pa_accessories-conjunto-de-heliotest","14":"pa_accessories-conjunto-de-hidroexpansividad","15":"pa_accessories-conjunto-de-particulas-sueltas-y-debilmente-unidas-pelusa","16":"pa_accessories-conjunto-de-prueba-westvaco-pick","17":"pa_accessories-conjunto-de-pruebas-de-seleccion","18":"pa_accessories-diferentes-discos-de-impresion-para-varias-aplicaciones","19":"pa_accessories-juego-de-entintado-calcografico","20":"pa_accessories-set-de-huecograbado","21":"pa_additional-items-381-000-sentido","22":"pa_additional-items-408-000-200-pipeta-de-tinta-igt-de-001-ml-de-resolucion","23":"pa_additional-items-408-000-400-pipeta-de-tinta-igt-de-0001-ml-de-resolucion","24":"pa_additional-items-441-000-visor-pick-start-psv","25":"pa_additional-items-441-000-040-visor-de-delaminacion-blisteria","26":"pa_additional-items-466-000-000-unidad-de-entintado-de-alta-velocidad-4","27":"pa_analysis-options-elige-iso-3783","28":"pa_analysis-options-heliotest","29":"pa_analysis-options-hidroexpansividad","30":"pa_analysis-options-moteado","31":"pa_analysis-options-penetracion-de-la-impresion","32":"pa_analysis-options-rugosidad-igt","33":"pa_analysis-options-si","34":"pa_camera-si","35":"pa_compatible-instruments-725-000-000-amsterdam-5","36":"pa_compatible-instruments-726-000-000-amsterdam-6","37":"pa_conformance-with-standards-iso-2834","38":"pa_conformance-with-standards-iso-2836","39":"pa_conformance-with-standards-iso-2846","40":"pa_conformance-with-standards-iso-3783-2006","41":"pa_data-export-options-grabacion-y-exportacion-de-imagenes-ajustes-y-resultados-de-analisis-mediante-usb","42":"pa_dimensions-d-x-w-x-h-cm-59-x-50-x-64","43":"pa_dispensing-system-si-es-necesario-se-entregara-en-juego-de-accesorios","44":"pa_doctoring-system-estandar-en-el-eje-de-impresion-1","45":"pa_forces-100-1000-n-en-pasos-de-1-n","46":"pa_guarantee-estandar-un-ano","47":"pa_inks-or-liquids-aceite-de-prueba-pick","48":"pa_inks-or-liquids-liquido-de-penetracion","49":"pa_inks-or-liquids-liquido-de-rugosidad","50":"pa_inks-or-liquids-tinta-calcografica","51":"pa_inks-or-liquids-tinta-de-compensacion","52":"pa_inks-or-liquids-tinta-de-prueba-de-densidad","53":"pa_inks-or-liquids-tinta-de-prueba-de-moteado","54":"pa_inks-or-liquids-tinta-de-prueba-pick","55":"pa_interfaces-portal-usb","56":"pa_interval-time-and-number-1-600-s-en-pasos-de-1-s","57":"pa_lifting-system-automaticamente","58":"pa_maintenance-anual","59":"pa_maintenance-el-mantenimiento-y-la-calibracion-anuales-del-comprobador-pueden-ser-realizados-por-igt-testing-systems-o-por-empresas-autorizadas-por-igt-testing-systems","60":"pa_maintenance-puedes-obtener-informacion-de-tu-proveedor-o-del-agente-local","61":"pa_nr-of-doctoring-systems-3520","62":"pa_nr-of-printing-shafts-4155","63":"pa_power-supply-requirements-115-v-50-60-hz-o-230-v-50-60-hz","64":"pa_pre-programmed-tests-adherencia-del-toner","65":"pa_pre-programmed-tests-densidad-color-y-transparencia","66":"pa_pre-programmed-tests-elige","67":"pa_pre-programmed-tests-heliotest","68":"pa_pre-programmed-tests-hidroexpansividad","69":"pa_pre-programmed-tests-huecograbado","70":"pa_pre-programmed-tests-penetracion-de-la-impresion","71":"pa_pre-programmed-tests-pruebas-a-medida-a-peticion","72":"pa_pre-programmed-tests-rugosidad-igt","73":"pa_print-length-and-width-mm-10-550-de-longitud-depende-del-sector-depende-de-la-forma-de-impresion-y-del-metodo-de-ensayo","74":"pa_print-length-and-width-mm-5-50-mm-de-ancho","75":"pa_printing-discs-aluminio","76":"pa_printing-discs-discos-para-pruebas-especificas","77":"pa_printing-discs-goma","78":"pa_printing-discs-heliotest","79":"pa_printing-discs-huecograbado","80":"pa_printing-discs-manta-de-goma","81":"pa_sector-positioning-automaticamente","82":"pa_sector-positioning-programable","83":"pa_sector-type-and-options-sector-de-180-con-pinzas","84":"pa_sector-type-and-options-sector-de-360-sin-abrazaderas-con-diferentes-coberturas","85":"pa_shaft-positioning-automaticamente","86":"pa_shaft-positioning-programable","87":"pa_software-updates-por-usb","88":"pa_space-requirements-0-7-m","89":"pa_speed-range-and-modes-velocidad-constante-01-40-m-s-en-pasos-de-01-m-s","90":"pa_speed-range-and-modes-velocidad-final-de-aceleracion-01-40-m-s-en-pasos-de-01-m-s","91":"pa_substrate-requirements-sustratos-flexibles","92":"pa_test-method-adherencia-del-toner-velocidad-constante-w55","93":"pa_test-method-adherencia-del-toner-velocidad-creciente-w56","94":"pa_test-method-atrapamiento-de-tinta-humedo-sobre-humedo-2c-4c-w46","95":"pa_test-method-barniz-de-impresion","96":"pa_test-method-calcografia-w85","97":"pa_test-method-color-densidad-transferencia-de-tinta-w46","98":"pa_test-method-combinacion-de-colores","99":"pa_test-method-compensacion-w48-w78","100":"pa_test-method-elige-desplazamiento-delaminacion-w65-w75","101":"pa_test-method-elige-igt-iso-3783-w31","102":"pa_test-method-elige-indice-y-curva-passestofail-w86-w87-w88","103":"pa_test-method-golpe-a-traves-w43","104":"pa_test-method-heliotest-w41","105":"pa_test-method-hidroexpensividad-w89","106":"pa_test-method-huecograbado-180-w67","107":"pa_test-method-huecograbado-360-w73","108":"pa_test-method-huecograbado-4-veces","109":"pa_test-method-impresion-brillo-w49","110":"pa_test-method-impresion-flexografica-w76","111":"pa_test-method-impresion-humedo-sobre-humedo-w46","112":"pa_test-method-impresion-tramada-w45","113":"pa_test-method-lado-de-fieltro-y-alambre-w60","114":"pa_test-method-manta-de-caucho-de-transferencia-de-tinta-w74","115":"pa_test-method-manta-de-goma-de-absorcion-de-tinta-w61","116":"pa_test-method-moteado-curva-de-impresion-w58","117":"pa_test-method-moteado-curva-de-interferencia-del-agua-w59","118":"pa_test-method-moteado-curva-trampa-trasera-w57","119":"pa_test-method-moteado-indice-de-atrapamiento-posterior-w57","120":"pa_test-method-moteado-indice-de-impresion-w58","121":"pa_test-method-moteado-indice-de-interferencia-de-agua-w59","122":"pa_test-method-pasa-a-fallar-w87","123":"pa_test-method-pelusa-w33","124":"pa_test-method-pelusa-w44","125":"pa_test-method-pelusa-prehumedecida","126":"pa_test-method-penetracion-de-la-impresion-w24","127":"pa_test-method-pick-westvaco-w38","128":"pa_test-method-pruebas-generales-de-tinta-por-ejemplo-densidad-transparencia-cxf","129":"pa_test-method-recogida-recogida-humeda-repelencia-humeda-w32-w66","130":"pa_test-method-rugosidad-de-la-manta-de-goma-w62","131":"pa_test-method-rugosidad-igt-w28","132":"pa_test-method-suavidad-de-impresion-w77","133":"pa_weight-80-kg","135":"first","136":"instock","137":"featured","138":"shipping-taxable","139":"purchasable","140":"product-type-simple"},"acf":[],"yoast_head":"<!-- This site is optimized with the Yoast SEO plugin v27.3 - https:\/\/yoast.com\/product\/yoast-seo-wordpress\/ -->\n<title>Amsterdam 2 - IGT Testing Systems<\/title>\n<meta name=\"description\" content=\"Comprobador de imprimibilidad polivalente automatizado con software de an\u00e1lisis basado en c\u00e1mara. Dispone de dos ejes de impresi\u00f3n para una m\u00e1xima flexibilidad de los m\u00e9todos de prueba.\" \/>\n<meta name=\"robots\" content=\"index, follow, max-snippet:-1, max-image-preview:large, max-video-preview:-1\" \/>\n<link rel=\"canonical\" href=\"https:\/\/www.igt.nl\/es\/producto\/amsterdam-2\/\" \/>\n<meta property=\"og:locale\" content=\"es_ES\" \/>\n<meta property=\"og:type\" content=\"article\" \/>\n<meta property=\"og:title\" content=\"Amsterdam 2 - IGT Testing Systems\" \/>\n<meta property=\"og:description\" content=\"Comprobador de imprimibilidad polivalente automatizado con software de an\u00e1lisis basado en c\u00e1mara. Dispone de dos ejes de impresi\u00f3n para una m\u00e1xima flexibilidad de los m\u00e9todos de prueba.\" \/>\n<meta property=\"og:url\" content=\"https:\/\/www.igt.nl\/es\/producto\/amsterdam-2\/\" \/>\n<meta property=\"og:site_name\" content=\"IGT Testing Systems\" \/>\n<meta property=\"article:modified_time\" content=\"2025-12-17T08:03:00+00:00\" \/>\n<meta property=\"og:image\" content=\"https:\/\/www.igt.nl\/wp-content\/uploads\/722.000.000-AMS-2_MGF6253-vs-rvs-1-1.jpg\" \/>\n\t<meta property=\"og:image:width\" content=\"720\" \/>\n\t<meta property=\"og:image:height\" content=\"720\" \/>\n\t<meta property=\"og:image:type\" content=\"image\/jpeg\" \/>\n<meta name=\"twitter:card\" content=\"summary_large_image\" \/>\n<meta name=\"twitter:label1\" content=\"Tiempo de lectura\" \/>\n\t<meta name=\"twitter:data1\" content=\"1 minuto\" \/>\n<script type=\"application\/ld+json\" class=\"yoast-schema-graph\">{\"@context\":\"https:\\\/\\\/schema.org\",\"@graph\":[{\"@type\":\"WebPage\",\"@id\":\"https:\\\/\\\/www.igt.nl\\\/es\\\/producto\\\/amsterdam-2\\\/\",\"url\":\"https:\\\/\\\/www.igt.nl\\\/es\\\/producto\\\/amsterdam-2\\\/\",\"name\":\"Amsterdam 2 - IGT Testing Systems\",\"isPartOf\":{\"@id\":\"https:\\\/\\\/www.igt.nl\\\/es\\\/#website\"},\"primaryImageOfPage\":{\"@id\":\"https:\\\/\\\/www.igt.nl\\\/es\\\/producto\\\/amsterdam-2\\\/#primaryimage\"},\"image\":{\"@id\":\"https:\\\/\\\/www.igt.nl\\\/es\\\/producto\\\/amsterdam-2\\\/#primaryimage\"},\"thumbnailUrl\":\"https:\\\/\\\/www.igt.nl\\\/wp-content\\\/uploads\\\/722.000.000-AMS-2_MGF6253-vs-rvs-1-1.jpg\",\"datePublished\":\"2019-07-11T06:00:49+00:00\",\"dateModified\":\"2025-12-17T08:03:00+00:00\",\"description\":\"Comprobador de imprimibilidad polivalente automatizado con software de an\u00e1lisis basado en c\u00e1mara. Dispone de dos ejes de impresi\u00f3n para una m\u00e1xima flexibilidad de los m\u00e9todos de prueba.\",\"breadcrumb\":{\"@id\":\"https:\\\/\\\/www.igt.nl\\\/es\\\/producto\\\/amsterdam-2\\\/#breadcrumb\"},\"inLanguage\":\"es\",\"potentialAction\":[{\"@type\":\"ReadAction\",\"target\":[\"https:\\\/\\\/www.igt.nl\\\/es\\\/producto\\\/amsterdam-2\\\/\"]}]},{\"@type\":\"ImageObject\",\"inLanguage\":\"es\",\"@id\":\"https:\\\/\\\/www.igt.nl\\\/es\\\/producto\\\/amsterdam-2\\\/#primaryimage\",\"url\":\"https:\\\/\\\/www.igt.nl\\\/wp-content\\\/uploads\\\/722.000.000-AMS-2_MGF6253-vs-rvs-1-1.jpg\",\"contentUrl\":\"https:\\\/\\\/www.igt.nl\\\/wp-content\\\/uploads\\\/722.000.000-AMS-2_MGF6253-vs-rvs-1-1.jpg\",\"width\":720,\"height\":720},{\"@type\":\"BreadcrumbList\",\"@id\":\"https:\\\/\\\/www.igt.nl\\\/es\\\/producto\\\/amsterdam-2\\\/#breadcrumb\",\"itemListElement\":[{\"@type\":\"ListItem\",\"position\":1,\"name\":\"Home\",\"item\":\"https:\\\/\\\/www.igt.nl\\\/es\\\/?page_id=36171\"},{\"@type\":\"ListItem\",\"position\":2,\"name\":\"Tienda\",\"item\":\"https:\\\/\\\/www.igt.nl\\\/es\\\/?page_id=36068\"},{\"@type\":\"ListItem\",\"position\":3,\"name\":\"Comprobadores de papel\",\"item\":\"https:\\\/\\\/www.igt.nl\\\/es\\\/product-categorie\\\/comprobadores-de-papel\\\/\"},{\"@type\":\"ListItem\",\"position\":4,\"name\":\"Amsterdam 2\"}]},{\"@type\":\"WebSite\",\"@id\":\"https:\\\/\\\/www.igt.nl\\\/es\\\/#website\",\"url\":\"https:\\\/\\\/www.igt.nl\\\/es\\\/\",\"name\":\"IGT Testing Systems\",\"description\":\"\",\"potentialAction\":[{\"@type\":\"SearchAction\",\"target\":{\"@type\":\"EntryPoint\",\"urlTemplate\":\"https:\\\/\\\/www.igt.nl\\\/es\\\/?s={search_term_string}\"},\"query-input\":{\"@type\":\"PropertyValueSpecification\",\"valueRequired\":true,\"valueName\":\"search_term_string\"}}],\"inLanguage\":\"es\"}]}<\/script>\n<!-- \/ Yoast SEO plugin. -->","yoast_head_json":{"title":"Amsterdam 2 - IGT Testing Systems","description":"Comprobador de imprimibilidad polivalente automatizado con software de an\u00e1lisis basado en c\u00e1mara. Dispone de dos ejes de impresi\u00f3n para una m\u00e1xima flexibilidad de los m\u00e9todos de prueba.","robots":{"index":"index","follow":"follow","max-snippet":"max-snippet:-1","max-image-preview":"max-image-preview:large","max-video-preview":"max-video-preview:-1"},"canonical":"https:\/\/www.igt.nl\/es\/producto\/amsterdam-2\/","og_locale":"es_ES","og_type":"article","og_title":"Amsterdam 2 - IGT Testing Systems","og_description":"Comprobador de imprimibilidad polivalente automatizado con software de an\u00e1lisis basado en c\u00e1mara. Dispone de dos ejes de impresi\u00f3n para una m\u00e1xima flexibilidad de los m\u00e9todos de prueba.","og_url":"https:\/\/www.igt.nl\/es\/producto\/amsterdam-2\/","og_site_name":"IGT Testing Systems","article_modified_time":"2025-12-17T08:03:00+00:00","og_image":[{"width":720,"height":720,"url":"https:\/\/www.igt.nl\/wp-content\/uploads\/722.000.000-AMS-2_MGF6253-vs-rvs-1-1.jpg","type":"image\/jpeg"}],"twitter_card":"summary_large_image","twitter_misc":{"Tiempo de lectura":"1 minuto"},"schema":{"@context":"https:\/\/schema.org","@graph":[{"@type":"WebPage","@id":"https:\/\/www.igt.nl\/es\/producto\/amsterdam-2\/","url":"https:\/\/www.igt.nl\/es\/producto\/amsterdam-2\/","name":"Amsterdam 2 - IGT Testing Systems","isPartOf":{"@id":"https:\/\/www.igt.nl\/es\/#website"},"primaryImageOfPage":{"@id":"https:\/\/www.igt.nl\/es\/producto\/amsterdam-2\/#primaryimage"},"image":{"@id":"https:\/\/www.igt.nl\/es\/producto\/amsterdam-2\/#primaryimage"},"thumbnailUrl":"https:\/\/www.igt.nl\/wp-content\/uploads\/722.000.000-AMS-2_MGF6253-vs-rvs-1-1.jpg","datePublished":"2019-07-11T06:00:49+00:00","dateModified":"2025-12-17T08:03:00+00:00","description":"Comprobador de imprimibilidad polivalente automatizado con software de an\u00e1lisis basado en c\u00e1mara. Dispone de dos ejes de impresi\u00f3n para una m\u00e1xima flexibilidad de los m\u00e9todos de prueba.","breadcrumb":{"@id":"https:\/\/www.igt.nl\/es\/producto\/amsterdam-2\/#breadcrumb"},"inLanguage":"es","potentialAction":[{"@type":"ReadAction","target":["https:\/\/www.igt.nl\/es\/producto\/amsterdam-2\/"]}]},{"@type":"ImageObject","inLanguage":"es","@id":"https:\/\/www.igt.nl\/es\/producto\/amsterdam-2\/#primaryimage","url":"https:\/\/www.igt.nl\/wp-content\/uploads\/722.000.000-AMS-2_MGF6253-vs-rvs-1-1.jpg","contentUrl":"https:\/\/www.igt.nl\/wp-content\/uploads\/722.000.000-AMS-2_MGF6253-vs-rvs-1-1.jpg","width":720,"height":720},{"@type":"BreadcrumbList","@id":"https:\/\/www.igt.nl\/es\/producto\/amsterdam-2\/#breadcrumb","itemListElement":[{"@type":"ListItem","position":1,"name":"Home","item":"https:\/\/www.igt.nl\/es\/?page_id=36171"},{"@type":"ListItem","position":2,"name":"Tienda","item":"https:\/\/www.igt.nl\/es\/?page_id=36068"},{"@type":"ListItem","position":3,"name":"Comprobadores de papel","item":"https:\/\/www.igt.nl\/es\/product-categorie\/comprobadores-de-papel\/"},{"@type":"ListItem","position":4,"name":"Amsterdam 2"}]},{"@type":"WebSite","@id":"https:\/\/www.igt.nl\/es\/#website","url":"https:\/\/www.igt.nl\/es\/","name":"IGT Testing Systems","description":"","potentialAction":[{"@type":"SearchAction","target":{"@type":"EntryPoint","urlTemplate":"https:\/\/www.igt.nl\/es\/?s={search_term_string}"},"query-input":{"@type":"PropertyValueSpecification","valueRequired":true,"valueName":"search_term_string"}}],"inLanguage":"es"}]}},"_links":{"self":[{"href":"https:\/\/www.igt.nl\/es\/wp-json\/wp\/v2\/product\/37974","targetHints":{"allow":["GET"]}}],"collection":[{"href":"https:\/\/www.igt.nl\/es\/wp-json\/wp\/v2\/product"}],"about":[{"href":"https:\/\/www.igt.nl\/es\/wp-json\/wp\/v2\/types\/product"}],"replies":[{"embeddable":true,"href":"https:\/\/www.igt.nl\/es\/wp-json\/wp\/v2\/comments?post=37974"}],"wp:featuredmedia":[{"embeddable":true,"href":"https:\/\/www.igt.nl\/es\/wp-json\/wp\/v2\/media\/37982"}],"wp:attachment":[{"href":"https:\/\/www.igt.nl\/es\/wp-json\/wp\/v2\/media?parent=37974"}],"wp:term":[{"taxonomy":"product_brand","embeddable":true,"href":"https:\/\/www.igt.nl\/es\/wp-json\/wp\/v2\/product_brand?post=37974"},{"taxonomy":"product_cat","embeddable":true,"href":"https:\/\/www.igt.nl\/es\/wp-json\/wp\/v2\/product_cat?post=37974"},{"taxonomy":"product_tag","embeddable":true,"href":"https:\/\/www.igt.nl\/es\/wp-json\/wp\/v2\/product_tag?post=37974"}],"curies":[{"name":"wp","href":"https:\/\/api.w.org\/{rel}","templated":true}]}}