{"id":37991,"date":"2019-07-11T06:00:50","date_gmt":"2019-07-11T06:00:50","guid":{"rendered":"https:\/\/www.igt.nl\/?post_type=product&#038;p=37991"},"modified":"2025-12-17T08:02:59","modified_gmt":"2025-12-17T08:02:59","slug":"antibloqueo-sistema-fogra-tipo-a-10-10-10-10-10-n-cm%c2%b2","status":"publish","type":"product","link":"https:\/\/www.igt.nl\/es\/producto\/antibloqueo-sistema-fogra-tipo-a-10-10-10-10-10-n-cm%c2%b2\/","title":{"rendered":"Antibloqueo, Sistema FOGRA, tipo A: 10 &#8211; 10 &#8211; 10 &#8211; 10 &#8211; 10 N\/cm\u00b2."},"content":{"rendered":"<p>Block Proofer, Sistema FOGRA, tipo A: 10 &#8211; 10 &#8211; 10 &#8211; 10 &#8211; 10 N\/cm\u00b2<br \/>\nPresiones de 1,25; 2,5; 5; 10; 20 \u00f3 50 N\/cm\u00b2 a elegir<\/p>\n<p><strong>Aplicaci\u00f3n<\/strong><br \/>\nEn la mayor\u00eda de los procesos de impresi\u00f3n, el soporte impreso sale de la m\u00e1quina de impresi\u00f3n apilado (por ejemplo, en pliegos) o rebobinado (procesos rollo a rollo). Es importante poder predecir la resistencia al bloqueo en el laboratorio, antes de la impresi\u00f3n de producci\u00f3n real, para evitar la generaci\u00f3n de material impreso inutilizable. Tambi\u00e9n se utiliza para solucionar problemas y determinar la causa de los problemas de bloqueo que se producen en las instalaciones del cliente. Debe tenerse en cuenta que los materiales de prueba que no muestran bloqueo a corto plazo pueden mostrar bloqueo tras largos periodos de tiempo, por ejemplo, semanas o meses despu\u00e9s de la impresi\u00f3n.<br \/>\nSeg\u00fan el proceso de impresi\u00f3n, la imagen puede imprimirse en una cara o en ambas caras del sustrato. Cuando el material impreso se recoge en una pila o rollo, la tinta reci\u00e9n impresa estar\u00e1 en contacto con el reverso, sin imprimir o con la superficie reci\u00e9n impresa o semiseca del sustrato, dependiendo del proceso de impresi\u00f3n (offset, huecograbado, flexograf\u00eda). Las pilas y los rollos deben poder procesarse posteriormente de modo que se elimine cualquier interacci\u00f3n entre las capas adyacentes. Si las superficies adyacentes tienen una adherencia (excesiva), los pasos de procesado posteriores pueden ser m\u00e1s dif\u00edciles o imposibles. En el peor de los casos, las superficies impresas no pueden separarse sin da\u00f1arlas, con lo que el material impreso queda inutilizable. Unas condiciones de almacenamiento inadecuadas (por ejemplo, almacenes h\u00famedos y calientes) pueden agravar estos problemas.        <\/p>\n","protected":false},"excerpt":{"rendered":"<p>Dispositivo para predecir la resistencia al bloqueo.<\/p>\n","protected":false},"featured_media":37992,"comment_status":"closed","ping_status":"closed","template":"","meta":{"_acf_changed":false,"inline_featured_image":false},"product_brand":[],"product_cat":[3878],"product_tag":[],"class_list":{"0":"post-37991","1":"product","2":"type-product","3":"status-publish","4":"has-post-thumbnail","6":"product_cat-otros-probadores","7":"product_shipping_class-normaal","9":"first","10":"instock","11":"featured","12":"shipping-taxable","13":"purchasable","14":"product-type-simple"},"acf":[],"yoast_head":"<!-- This site is optimized with the Yoast SEO plugin v27.3 - https:\/\/yoast.com\/product\/yoast-seo-wordpress\/ -->\n<title>Antibloqueo, Sistema FOGRA, tipo A: 10 - 10 - 10 - 10 - 10 N\/cm\u00b2. - IGT Testing Systems<\/title>\n<meta name=\"description\" content=\"Predecir la resistencia al bloqueo en el laboratorio, antes de la impresi\u00f3n de producci\u00f3n real, para evitar la generaci\u00f3n de material impreso inutilizable.\" \/>\n<meta name=\"robots\" content=\"index, follow, max-snippet:-1, max-image-preview:large, max-video-preview:-1\" \/>\n<link rel=\"canonical\" href=\"https:\/\/www.igt.nl\/es\/producto\/antibloqueo-sistema-fogra-tipo-a-10-10-10-10-10-n-cm%c2%b2\/\" \/>\n<meta property=\"og:locale\" content=\"es_ES\" \/>\n<meta property=\"og:type\" content=\"article\" \/>\n<meta property=\"og:title\" content=\"Antibloqueo, Sistema FOGRA, tipo A: 10 - 10 - 10 - 10 - 10 N\/cm\u00b2. - IGT Testing Systems\" \/>\n<meta property=\"og:description\" content=\"Predecir la resistencia al bloqueo en el laboratorio, antes de la impresi\u00f3n de producci\u00f3n real, para evitar la generaci\u00f3n de material impreso inutilizable.\" \/>\n<meta property=\"og:url\" content=\"https:\/\/www.igt.nl\/es\/producto\/antibloqueo-sistema-fogra-tipo-a-10-10-10-10-10-n-cm%c2%b2\/\" \/>\n<meta property=\"og:site_name\" content=\"IGT Testing Systems\" \/>\n<meta property=\"article:modified_time\" content=\"2025-12-17T08:02:59+00:00\" \/>\n<meta property=\"og:image\" content=\"https:\/\/www.igt.nl\/wp-content\/uploads\/BLOCKTES-700x700-1.jpg\" \/>\n\t<meta property=\"og:image:width\" content=\"700\" \/>\n\t<meta property=\"og:image:height\" content=\"700\" \/>\n\t<meta property=\"og:image:type\" content=\"image\/jpeg\" \/>\n<meta name=\"twitter:card\" content=\"summary_large_image\" \/>\n<meta name=\"twitter:label1\" content=\"Tiempo de lectura\" \/>\n\t<meta name=\"twitter:data1\" content=\"1 minuto\" \/>\n<script type=\"application\/ld+json\" class=\"yoast-schema-graph\">{\"@context\":\"https:\\\/\\\/schema.org\",\"@graph\":[{\"@type\":\"WebPage\",\"@id\":\"https:\\\/\\\/www.igt.nl\\\/es\\\/producto\\\/antibloqueo-sistema-fogra-tipo-a-10-10-10-10-10-n-cm%c2%b2\\\/\",\"url\":\"https:\\\/\\\/www.igt.nl\\\/es\\\/producto\\\/antibloqueo-sistema-fogra-tipo-a-10-10-10-10-10-n-cm%c2%b2\\\/\",\"name\":\"Antibloqueo, Sistema FOGRA, tipo A: 10 - 10 - 10 - 10 - 10 N\\\/cm\u00b2. - IGT Testing Systems\",\"isPartOf\":{\"@id\":\"https:\\\/\\\/www.igt.nl\\\/es\\\/#website\"},\"primaryImageOfPage\":{\"@id\":\"https:\\\/\\\/www.igt.nl\\\/es\\\/producto\\\/antibloqueo-sistema-fogra-tipo-a-10-10-10-10-10-n-cm%c2%b2\\\/#primaryimage\"},\"image\":{\"@id\":\"https:\\\/\\\/www.igt.nl\\\/es\\\/producto\\\/antibloqueo-sistema-fogra-tipo-a-10-10-10-10-10-n-cm%c2%b2\\\/#primaryimage\"},\"thumbnailUrl\":\"https:\\\/\\\/www.igt.nl\\\/wp-content\\\/uploads\\\/BLOCKTES-700x700-1.jpg\",\"datePublished\":\"2019-07-11T06:00:50+00:00\",\"dateModified\":\"2025-12-17T08:02:59+00:00\",\"description\":\"Predecir la resistencia al bloqueo en el laboratorio, antes de la impresi\u00f3n de producci\u00f3n real, para evitar la generaci\u00f3n de material impreso inutilizable.\",\"breadcrumb\":{\"@id\":\"https:\\\/\\\/www.igt.nl\\\/es\\\/producto\\\/antibloqueo-sistema-fogra-tipo-a-10-10-10-10-10-n-cm%c2%b2\\\/#breadcrumb\"},\"inLanguage\":\"es\",\"potentialAction\":[{\"@type\":\"ReadAction\",\"target\":[\"https:\\\/\\\/www.igt.nl\\\/es\\\/producto\\\/antibloqueo-sistema-fogra-tipo-a-10-10-10-10-10-n-cm%c2%b2\\\/\"]}]},{\"@type\":\"ImageObject\",\"inLanguage\":\"es\",\"@id\":\"https:\\\/\\\/www.igt.nl\\\/es\\\/producto\\\/antibloqueo-sistema-fogra-tipo-a-10-10-10-10-10-n-cm%c2%b2\\\/#primaryimage\",\"url\":\"https:\\\/\\\/www.igt.nl\\\/wp-content\\\/uploads\\\/BLOCKTES-700x700-1.jpg\",\"contentUrl\":\"https:\\\/\\\/www.igt.nl\\\/wp-content\\\/uploads\\\/BLOCKTES-700x700-1.jpg\",\"width\":700,\"height\":700},{\"@type\":\"BreadcrumbList\",\"@id\":\"https:\\\/\\\/www.igt.nl\\\/es\\\/producto\\\/antibloqueo-sistema-fogra-tipo-a-10-10-10-10-10-n-cm%c2%b2\\\/#breadcrumb\",\"itemListElement\":[{\"@type\":\"ListItem\",\"position\":1,\"name\":\"Home\",\"item\":\"https:\\\/\\\/www.igt.nl\\\/es\\\/?page_id=36171\"},{\"@type\":\"ListItem\",\"position\":2,\"name\":\"Tienda\",\"item\":\"https:\\\/\\\/www.igt.nl\\\/es\\\/?page_id=36068\"},{\"@type\":\"ListItem\",\"position\":3,\"name\":\"Otros probadores\",\"item\":\"https:\\\/\\\/www.igt.nl\\\/es\\\/product-categorie\\\/otros-probadores\\\/\"},{\"@type\":\"ListItem\",\"position\":4,\"name\":\"Antibloqueo, Sistema FOGRA, tipo A: 10 &#8211; 10 &#8211; 10 &#8211; 10 &#8211; 10 N\\\/cm\u00b2.\"}]},{\"@type\":\"WebSite\",\"@id\":\"https:\\\/\\\/www.igt.nl\\\/es\\\/#website\",\"url\":\"https:\\\/\\\/www.igt.nl\\\/es\\\/\",\"name\":\"IGT Testing Systems\",\"description\":\"\",\"potentialAction\":[{\"@type\":\"SearchAction\",\"target\":{\"@type\":\"EntryPoint\",\"urlTemplate\":\"https:\\\/\\\/www.igt.nl\\\/es\\\/?s={search_term_string}\"},\"query-input\":{\"@type\":\"PropertyValueSpecification\",\"valueRequired\":true,\"valueName\":\"search_term_string\"}}],\"inLanguage\":\"es\"}]}<\/script>\n<!-- \/ Yoast SEO plugin. -->","yoast_head_json":{"title":"Antibloqueo, Sistema FOGRA, tipo A: 10 - 10 - 10 - 10 - 10 N\/cm\u00b2. - IGT Testing Systems","description":"Predecir la resistencia al bloqueo en el laboratorio, antes de la impresi\u00f3n de producci\u00f3n real, para evitar la generaci\u00f3n de material impreso inutilizable.","robots":{"index":"index","follow":"follow","max-snippet":"max-snippet:-1","max-image-preview":"max-image-preview:large","max-video-preview":"max-video-preview:-1"},"canonical":"https:\/\/www.igt.nl\/es\/producto\/antibloqueo-sistema-fogra-tipo-a-10-10-10-10-10-n-cm%c2%b2\/","og_locale":"es_ES","og_type":"article","og_title":"Antibloqueo, Sistema FOGRA, tipo A: 10 - 10 - 10 - 10 - 10 N\/cm\u00b2. - IGT Testing Systems","og_description":"Predecir la resistencia al bloqueo en el laboratorio, antes de la impresi\u00f3n de producci\u00f3n real, para evitar la generaci\u00f3n de material impreso inutilizable.","og_url":"https:\/\/www.igt.nl\/es\/producto\/antibloqueo-sistema-fogra-tipo-a-10-10-10-10-10-n-cm%c2%b2\/","og_site_name":"IGT Testing Systems","article_modified_time":"2025-12-17T08:02:59+00:00","og_image":[{"width":700,"height":700,"url":"https:\/\/www.igt.nl\/wp-content\/uploads\/BLOCKTES-700x700-1.jpg","type":"image\/jpeg"}],"twitter_card":"summary_large_image","twitter_misc":{"Tiempo de lectura":"1 minuto"},"schema":{"@context":"https:\/\/schema.org","@graph":[{"@type":"WebPage","@id":"https:\/\/www.igt.nl\/es\/producto\/antibloqueo-sistema-fogra-tipo-a-10-10-10-10-10-n-cm%c2%b2\/","url":"https:\/\/www.igt.nl\/es\/producto\/antibloqueo-sistema-fogra-tipo-a-10-10-10-10-10-n-cm%c2%b2\/","name":"Antibloqueo, Sistema FOGRA, tipo A: 10 - 10 - 10 - 10 - 10 N\/cm\u00b2. - IGT Testing Systems","isPartOf":{"@id":"https:\/\/www.igt.nl\/es\/#website"},"primaryImageOfPage":{"@id":"https:\/\/www.igt.nl\/es\/producto\/antibloqueo-sistema-fogra-tipo-a-10-10-10-10-10-n-cm%c2%b2\/#primaryimage"},"image":{"@id":"https:\/\/www.igt.nl\/es\/producto\/antibloqueo-sistema-fogra-tipo-a-10-10-10-10-10-n-cm%c2%b2\/#primaryimage"},"thumbnailUrl":"https:\/\/www.igt.nl\/wp-content\/uploads\/BLOCKTES-700x700-1.jpg","datePublished":"2019-07-11T06:00:50+00:00","dateModified":"2025-12-17T08:02:59+00:00","description":"Predecir la resistencia al bloqueo en el laboratorio, antes de la impresi\u00f3n de producci\u00f3n real, para evitar la generaci\u00f3n de material impreso inutilizable.","breadcrumb":{"@id":"https:\/\/www.igt.nl\/es\/producto\/antibloqueo-sistema-fogra-tipo-a-10-10-10-10-10-n-cm%c2%b2\/#breadcrumb"},"inLanguage":"es","potentialAction":[{"@type":"ReadAction","target":["https:\/\/www.igt.nl\/es\/producto\/antibloqueo-sistema-fogra-tipo-a-10-10-10-10-10-n-cm%c2%b2\/"]}]},{"@type":"ImageObject","inLanguage":"es","@id":"https:\/\/www.igt.nl\/es\/producto\/antibloqueo-sistema-fogra-tipo-a-10-10-10-10-10-n-cm%c2%b2\/#primaryimage","url":"https:\/\/www.igt.nl\/wp-content\/uploads\/BLOCKTES-700x700-1.jpg","contentUrl":"https:\/\/www.igt.nl\/wp-content\/uploads\/BLOCKTES-700x700-1.jpg","width":700,"height":700},{"@type":"BreadcrumbList","@id":"https:\/\/www.igt.nl\/es\/producto\/antibloqueo-sistema-fogra-tipo-a-10-10-10-10-10-n-cm%c2%b2\/#breadcrumb","itemListElement":[{"@type":"ListItem","position":1,"name":"Home","item":"https:\/\/www.igt.nl\/es\/?page_id=36171"},{"@type":"ListItem","position":2,"name":"Tienda","item":"https:\/\/www.igt.nl\/es\/?page_id=36068"},{"@type":"ListItem","position":3,"name":"Otros probadores","item":"https:\/\/www.igt.nl\/es\/product-categorie\/otros-probadores\/"},{"@type":"ListItem","position":4,"name":"Antibloqueo, Sistema FOGRA, tipo A: 10 &#8211; 10 &#8211; 10 &#8211; 10 &#8211; 10 N\/cm\u00b2."}]},{"@type":"WebSite","@id":"https:\/\/www.igt.nl\/es\/#website","url":"https:\/\/www.igt.nl\/es\/","name":"IGT Testing Systems","description":"","potentialAction":[{"@type":"SearchAction","target":{"@type":"EntryPoint","urlTemplate":"https:\/\/www.igt.nl\/es\/?s={search_term_string}"},"query-input":{"@type":"PropertyValueSpecification","valueRequired":true,"valueName":"search_term_string"}}],"inLanguage":"es"}]}},"_links":{"self":[{"href":"https:\/\/www.igt.nl\/es\/wp-json\/wp\/v2\/product\/37991","targetHints":{"allow":["GET"]}}],"collection":[{"href":"https:\/\/www.igt.nl\/es\/wp-json\/wp\/v2\/product"}],"about":[{"href":"https:\/\/www.igt.nl\/es\/wp-json\/wp\/v2\/types\/product"}],"replies":[{"embeddable":true,"href":"https:\/\/www.igt.nl\/es\/wp-json\/wp\/v2\/comments?post=37991"}],"wp:featuredmedia":[{"embeddable":true,"href":"https:\/\/www.igt.nl\/es\/wp-json\/wp\/v2\/media\/37992"}],"wp:attachment":[{"href":"https:\/\/www.igt.nl\/es\/wp-json\/wp\/v2\/media?parent=37991"}],"wp:term":[{"taxonomy":"product_brand","embeddable":true,"href":"https:\/\/www.igt.nl\/es\/wp-json\/wp\/v2\/product_brand?post=37991"},{"taxonomy":"product_cat","embeddable":true,"href":"https:\/\/www.igt.nl\/es\/wp-json\/wp\/v2\/product_cat?post=37991"},{"taxonomy":"product_tag","embeddable":true,"href":"https:\/\/www.igt.nl\/es\/wp-json\/wp\/v2\/product_tag?post=37991"}],"curies":[{"name":"wp","href":"https:\/\/api.w.org\/{rel}","templated":true}]}}