{"id":37995,"date":"2019-07-11T07:00:36","date_gmt":"2019-07-11T07:00:36","guid":{"rendered":"https:\/\/www.igt.nl\/?post_type=product&#038;p=37995"},"modified":"2025-12-17T08:02:56","modified_gmt":"2025-12-17T08:02:56","slug":"c1-5","status":"publish","type":"product","link":"https:\/\/www.igt.nl\/es\/producto\/c1-5\/","title":{"rendered":"C1-5"},"content":{"rendered":"<p>IGT C1-5: Probador offset para producir impresiones en color con tintas offset convencionales y UV.<\/p>\n<p>Probador dedicado a producir impresiones en color de tintas offset convencionales y UV. Disponible en versiones con ancho de impresi\u00f3n de 50 y con impresiones m\u00faltiples en un sustrato. Hay disponible un adaptador para imprimir directamente en latas o tubos met\u00e1licos, o la versi\u00f3n especial CTx3 puede imprimir en cualquier di\u00e1metro de tubos y latas, desde un di\u00e1metro interior de 16 mm hasta 68 mm.  <\/p>\n<p><strong>El mejor comprobador de imprimibilidad de tintas offset del mundo.<\/strong><\/p>\n<p>IGT Testing Systems suministra las probadoras offset de tipo C1, que son sencillas pero tienen mucho \u00e9xito en todo el mundo para tintas offset en varios anchos de impresi\u00f3n.<\/p>\n<p>Realiza tiras de color con tintas offset con un grosor de capa de tinta conocido que se puede utilizar para muchos fines.<br \/>\nEspecialmente dise\u00f1ado para sistemas informatizados de medici\u00f3n y ajuste del color.<br \/>\nAhorra costes porque ya no es necesario realizar pruebas de color en las m\u00e1quinas de impresi\u00f3n.<br \/>\nPuede imprimir directamente en todos los sustratos, incluidos los tubos o latas preparados, la versi\u00f3n CTx3 puede hacerlo en cualquier di\u00e1metro entre 16 y 68 mm.<\/p>\n<p><strong>APLICACIONES<\/strong><br \/>\nCon la impresora de pruebas offset IGT C1-5 se pueden imprimir tiras de color adecuadas para muchos fines, como:<\/p>\n<ul>\n<li>Medici\u00f3n del color con sistemas de medici\u00f3n del color\/espectrofot\u00f3metros, por ejemplo, en la igualaci\u00f3n de colores.<\/li>\n<li>Valoraci\u00f3n visual<\/li>\n<li>Mediciones de densidad, incluido el establecimiento de tolerancias de color y densidad y la determinaci\u00f3n de la cobertura, la resistencia al desgaste, la resistencia al rayado, la flexibilidad, la adherencia y el brillo, la transferencia de tinta (en g\/m2), la solidez a la luz y la resistencia a los productos qu\u00edmicos.<\/li>\n<li>Comprobaci\u00f3n de la calidad de impresi\u00f3n, brillo, moteado y desvanecimiento<\/li>\n<\/ul>\n<p>La c\u00e1mara de fermentaci\u00f3n IGT C1-5 imprime todo tipo de materiales revestidos y sin revestir, como papel, cart\u00f3n, pel\u00edculas de pl\u00e1stico, celof\u00e1n, laminados, metal, etc.<br \/>\nLa c\u00e1mara de fermentaci\u00f3n C1-5 se utiliza en las siguientes industrias:<\/p>\n<ul>\n<li>tinta de imprenta, papel y cart\u00f3n, artes gr\u00e1ficas<\/li>\n<li>metal, pl\u00e1sticos y envases<\/li>\n<li>resinas, lacas y revestimientos<\/li>\n<li>materias primas<\/li>\n<\/ul>\n<p><strong>FUNCIONAMIENTO<\/strong><br \/>\nLa impresora offset tipo C1 consta de una secci\u00f3n de entintado y una secci\u00f3n de impresi\u00f3n con disco de impresi\u00f3n extra\u00edble (forma de impresi\u00f3n). La unidad de entintado consta de dos tambores de aluminio y un rodillo superior.<br \/>\nLa distribuci\u00f3n de la tinta s\u00f3lo tarda 30 s debido a la relaci\u00f3n de di\u00e1metros y al movimiento del tambor. El tiempo de entintado del disco de impresi\u00f3n es de 15 s.<br \/>\nLa limpieza de los sistemas es muy sencilla y r\u00e1pida, debido, entre otras cosas, a que los dos tambores de aluminio son accionados. La unidad de impresi\u00f3n est\u00e1 formada por la forma de impresi\u00f3n y un cilindro de impresi\u00f3n. El sustrato se fija a un soporte de sustrato. A continuaci\u00f3n, el portador de sustrato con el sustrato se coloca en la gu\u00eda de sustrato, entre el cilindro de impresi\u00f3n y el disco de impresi\u00f3n.<br \/>\nUna vez aplicada la fuerza de impresi\u00f3n, \u00e9sta se realiza autom\u00e1ticamente. A continuaci\u00f3n, el disco de impresi\u00f3n se levanta autom\u00e1ticamente, tras lo cual se retira el sustrato para su evaluaci\u00f3n y se limpia el disco de impresi\u00f3n. Tambi\u00e9n es posible imprimir en latas de bebida: para ello se deslizan sobre el cilindro de impresi\u00f3n, no utiliz\u00e1ndose en este caso el soporte de sustrato.<br \/>\nLa fuerza de impresi\u00f3n puede ajustarse en 19 pasos entre 100 y 1000 N.       <\/p>\n<p>Para imprimir en latas de bebidas, el cilindro de impresi\u00f3n puede sustituirse por otro de diferente di\u00e1metro.<\/p>\n","protected":false},"excerpt":{"rendered":"<p>IGT C1-5: Probador de imprimibilidad para producir impresiones en color con tintas offset convencionales y UV (50 mm)<\/p>\n","protected":false},"featured_media":37997,"comment_status":"closed","ping_status":"closed","template":"","meta":{"_acf_changed":false,"inline_featured_image":false},"product_brand":[],"product_cat":[3437,4072,3864,3986,3435,3436],"product_tag":[4204,4206,4208,4209,4203],"class_list":{"0":"post-37995","1":"product","2":"type-product","3":"status-publish","4":"has-post-thumbnail","6":"product_cat-48-horas","7":"product_cat-c1","8":"product_cat-cocina-de-tinta","9":"product_cat-desplazamiento","10":"product_cat-probadores-de-tinta","11":"product_cat-probadores-graficos","12":"product_tag-color-de-la-marca","13":"product_tag-combinacion-de-colores","14":"product_tag-densidad","15":"product_tag-espectrofotometro","16":"product_tag-reduccion","17":"product_shipping_class-normaal","18":"pa_accessories-conjunto-de-moteado-metodo-de-impresion-w58","19":"pa_accessories-conjunto-de-moteado-metodo-de-trampa-trasera-w57","20":"pa_accessories-juego-brillante-w71","21":"pa_accessories-tintas-estandar","22":"pa_additional-items-408-000-200-pipeta-de-tinta-igt-de-001-ml-de-resolucion","23":"pa_additional-items-408-000-400-pipeta-de-tinta-igt-de-0001-ml-de-resolucion","24":"pa_additional-items-496-000-075-secador-uv-igt-12-1-1-lampara-500-w","25":"pa_additional-items-496-000-275-secador-uv-igt-12-1-2-lamparas-1000-w","26":"pa_additional-items-555-000-060-brillometro-igt-g60-60","27":"pa_compatible-instruments-434-000-igt-c1x3","28":"pa_conformance-with-standards-astm-7680","29":"pa_conformance-with-standards-iso-12647","30":"pa_conformance-with-standards-iso-2834","31":"pa_conformance-with-standards-iso-2846","32":"pa_dimensions-d-x-w-x-h-cm-60-x-50-x-30","33":"pa_forces-100-1000-n","34":"pa_guarantee-estandar-un-ano","35":"pa_inks-or-liquids-tinta-offset","36":"pa_lifting-system-automaticamente","37":"pa_main-application-adhesion","38":"pa_main-application-brillo","39":"pa_main-application-determinacion-de-la-cobertura","40":"pa_main-application-flexibilidad","41":"pa_main-application-medicion-del-color-con-sistemas-de-medicion-del-color-espectrofotometros","42":"pa_main-application-mediciones-de-densidad-incluido-el-establecimiento-de-tolerancias","43":"pa_main-application-resistencia-a-los-aranazos","44":"pa_main-application-resistencia-al-desgaste","45":"pa_main-application-transferencia-de-tinta-en-g-m","46":"pa_main-application-valoracion-visual","47":"pa_measurement-range-03-10-m","48":"pa_power-supply-requirements-90-240-v-50-60-hz","49":"pa_print-length-and-width-mm-200-x-50","50":"pa_print-width-in-mm-3978","51":"pa_printing-discs-los-discos-disponibles-son-de-aluminio-de-caucho-para-tintas-convencionales-o-uv-de-caucho-para-tintas-convencionales-o-uv","52":"pa_space-requirements-0-7-m","53":"pa_speed-range-and-modes-velocidad-constante-03-m-s","54":"pa_substrate-requirements-puede-imprimir-en-todo-tipo-de-materiales-con-o-sin-revestimiento-papel-carton-pelicula-de-plastico-celofan-laminado-metales-etc","55":"pa_top-rollers-425-098-001-rodillo-superior-caucho-para-tintas-convencionales","56":"pa_top-rollers-425-098-002-rodillo-superior-caucho-para-tintas-uv","57":"pa_weight-35-kg","59":"first","60":"instock","61":"shipping-taxable","62":"purchasable","63":"product-type-simple"},"acf":[],"yoast_head":"<!-- This site is optimized with the Yoast SEO plugin v27.3 - https:\/\/yoast.com\/product\/yoast-seo-wordpress\/ -->\n<title>C1-5 - IGT Testing Systems<\/title>\n<meta name=\"description\" content=\"IGT C1-5: Impresora offset para producir impresiones en color con tintas offset convencionales y UV. Consta de una secci\u00f3n de entintado y una secci\u00f3n de impresi\u00f3n.\" \/>\n<meta name=\"robots\" content=\"index, follow, max-snippet:-1, max-image-preview:large, max-video-preview:-1\" \/>\n<link rel=\"canonical\" href=\"https:\/\/www.igt.nl\/es\/producto\/c1-5\/\" \/>\n<meta property=\"og:locale\" content=\"es_ES\" \/>\n<meta property=\"og:type\" content=\"article\" \/>\n<meta property=\"og:title\" content=\"C1-5 - IGT Testing Systems\" \/>\n<meta property=\"og:description\" content=\"IGT C1-5: Impresora offset para producir impresiones en color con tintas offset convencionales y UV. Consta de una secci\u00f3n de entintado y una secci\u00f3n de impresi\u00f3n.\" \/>\n<meta property=\"og:url\" content=\"https:\/\/www.igt.nl\/es\/producto\/c1-5\/\" \/>\n<meta property=\"og:site_name\" content=\"IGT Testing Systems\" \/>\n<meta property=\"article:modified_time\" content=\"2025-12-17T08:02:56+00:00\" \/>\n<meta property=\"og:image\" content=\"https:\/\/www.igt.nl\/wp-content\/uploads\/426.000-C1-5_MGF3370_rvs-1-1-1.jpg\" \/>\n\t<meta property=\"og:image:width\" content=\"800\" \/>\n\t<meta property=\"og:image:height\" content=\"799\" \/>\n\t<meta property=\"og:image:type\" content=\"image\/jpeg\" \/>\n<meta name=\"twitter:card\" content=\"summary_large_image\" \/>\n<meta name=\"twitter:label1\" content=\"Tiempo de lectura\" \/>\n\t<meta name=\"twitter:data1\" content=\"3 minutos\" \/>\n<script type=\"application\/ld+json\" class=\"yoast-schema-graph\">{\"@context\":\"https:\\\/\\\/schema.org\",\"@graph\":[{\"@type\":\"WebPage\",\"@id\":\"https:\\\/\\\/www.igt.nl\\\/es\\\/producto\\\/c1-5\\\/\",\"url\":\"https:\\\/\\\/www.igt.nl\\\/es\\\/producto\\\/c1-5\\\/\",\"name\":\"C1-5 - IGT Testing Systems\",\"isPartOf\":{\"@id\":\"https:\\\/\\\/www.igt.nl\\\/es\\\/#website\"},\"primaryImageOfPage\":{\"@id\":\"https:\\\/\\\/www.igt.nl\\\/es\\\/producto\\\/c1-5\\\/#primaryimage\"},\"image\":{\"@id\":\"https:\\\/\\\/www.igt.nl\\\/es\\\/producto\\\/c1-5\\\/#primaryimage\"},\"thumbnailUrl\":\"https:\\\/\\\/www.igt.nl\\\/wp-content\\\/uploads\\\/426.000-C1-5_MGF3370_rvs-1-1-1.jpg\",\"datePublished\":\"2019-07-11T07:00:36+00:00\",\"dateModified\":\"2025-12-17T08:02:56+00:00\",\"description\":\"IGT C1-5: Impresora offset para producir impresiones en color con tintas offset convencionales y UV. Consta de una secci\u00f3n de entintado y una secci\u00f3n de impresi\u00f3n.\",\"breadcrumb\":{\"@id\":\"https:\\\/\\\/www.igt.nl\\\/es\\\/producto\\\/c1-5\\\/#breadcrumb\"},\"inLanguage\":\"es\",\"potentialAction\":[{\"@type\":\"ReadAction\",\"target\":[\"https:\\\/\\\/www.igt.nl\\\/es\\\/producto\\\/c1-5\\\/\"]}]},{\"@type\":\"ImageObject\",\"inLanguage\":\"es\",\"@id\":\"https:\\\/\\\/www.igt.nl\\\/es\\\/producto\\\/c1-5\\\/#primaryimage\",\"url\":\"https:\\\/\\\/www.igt.nl\\\/wp-content\\\/uploads\\\/426.000-C1-5_MGF3370_rvs-1-1-1.jpg\",\"contentUrl\":\"https:\\\/\\\/www.igt.nl\\\/wp-content\\\/uploads\\\/426.000-C1-5_MGF3370_rvs-1-1-1.jpg\",\"width\":800,\"height\":799,\"caption\":\"C1-5 offset ink proofer\"},{\"@type\":\"BreadcrumbList\",\"@id\":\"https:\\\/\\\/www.igt.nl\\\/es\\\/producto\\\/c1-5\\\/#breadcrumb\",\"itemListElement\":[{\"@type\":\"ListItem\",\"position\":1,\"name\":\"Home\",\"item\":\"https:\\\/\\\/www.igt.nl\\\/es\\\/?page_id=36171\"},{\"@type\":\"ListItem\",\"position\":2,\"name\":\"Tienda\",\"item\":\"https:\\\/\\\/www.igt.nl\\\/es\\\/?page_id=36068\"},{\"@type\":\"ListItem\",\"position\":3,\"name\":\"48 horas\",\"item\":\"https:\\\/\\\/www.igt.nl\\\/es\\\/product-categorie\\\/48-horas\\\/\"},{\"@type\":\"ListItem\",\"position\":4,\"name\":\"C1-5\"}]},{\"@type\":\"WebSite\",\"@id\":\"https:\\\/\\\/www.igt.nl\\\/es\\\/#website\",\"url\":\"https:\\\/\\\/www.igt.nl\\\/es\\\/\",\"name\":\"IGT Testing Systems\",\"description\":\"\",\"potentialAction\":[{\"@type\":\"SearchAction\",\"target\":{\"@type\":\"EntryPoint\",\"urlTemplate\":\"https:\\\/\\\/www.igt.nl\\\/es\\\/?s={search_term_string}\"},\"query-input\":{\"@type\":\"PropertyValueSpecification\",\"valueRequired\":true,\"valueName\":\"search_term_string\"}}],\"inLanguage\":\"es\"}]}<\/script>\n<!-- \/ Yoast SEO plugin. -->","yoast_head_json":{"title":"C1-5 - IGT Testing Systems","description":"IGT C1-5: Impresora offset para producir impresiones en color con tintas offset convencionales y UV. Consta de una secci\u00f3n de entintado y una secci\u00f3n de impresi\u00f3n.","robots":{"index":"index","follow":"follow","max-snippet":"max-snippet:-1","max-image-preview":"max-image-preview:large","max-video-preview":"max-video-preview:-1"},"canonical":"https:\/\/www.igt.nl\/es\/producto\/c1-5\/","og_locale":"es_ES","og_type":"article","og_title":"C1-5 - IGT Testing Systems","og_description":"IGT C1-5: Impresora offset para producir impresiones en color con tintas offset convencionales y UV. Consta de una secci\u00f3n de entintado y una secci\u00f3n de impresi\u00f3n.","og_url":"https:\/\/www.igt.nl\/es\/producto\/c1-5\/","og_site_name":"IGT Testing Systems","article_modified_time":"2025-12-17T08:02:56+00:00","og_image":[{"width":800,"height":799,"url":"https:\/\/www.igt.nl\/wp-content\/uploads\/426.000-C1-5_MGF3370_rvs-1-1-1.jpg","type":"image\/jpeg"}],"twitter_card":"summary_large_image","twitter_misc":{"Tiempo de lectura":"3 minutos"},"schema":{"@context":"https:\/\/schema.org","@graph":[{"@type":"WebPage","@id":"https:\/\/www.igt.nl\/es\/producto\/c1-5\/","url":"https:\/\/www.igt.nl\/es\/producto\/c1-5\/","name":"C1-5 - IGT Testing Systems","isPartOf":{"@id":"https:\/\/www.igt.nl\/es\/#website"},"primaryImageOfPage":{"@id":"https:\/\/www.igt.nl\/es\/producto\/c1-5\/#primaryimage"},"image":{"@id":"https:\/\/www.igt.nl\/es\/producto\/c1-5\/#primaryimage"},"thumbnailUrl":"https:\/\/www.igt.nl\/wp-content\/uploads\/426.000-C1-5_MGF3370_rvs-1-1-1.jpg","datePublished":"2019-07-11T07:00:36+00:00","dateModified":"2025-12-17T08:02:56+00:00","description":"IGT C1-5: Impresora offset para producir impresiones en color con tintas offset convencionales y UV. Consta de una secci\u00f3n de entintado y una secci\u00f3n de impresi\u00f3n.","breadcrumb":{"@id":"https:\/\/www.igt.nl\/es\/producto\/c1-5\/#breadcrumb"},"inLanguage":"es","potentialAction":[{"@type":"ReadAction","target":["https:\/\/www.igt.nl\/es\/producto\/c1-5\/"]}]},{"@type":"ImageObject","inLanguage":"es","@id":"https:\/\/www.igt.nl\/es\/producto\/c1-5\/#primaryimage","url":"https:\/\/www.igt.nl\/wp-content\/uploads\/426.000-C1-5_MGF3370_rvs-1-1-1.jpg","contentUrl":"https:\/\/www.igt.nl\/wp-content\/uploads\/426.000-C1-5_MGF3370_rvs-1-1-1.jpg","width":800,"height":799,"caption":"C1-5 offset ink proofer"},{"@type":"BreadcrumbList","@id":"https:\/\/www.igt.nl\/es\/producto\/c1-5\/#breadcrumb","itemListElement":[{"@type":"ListItem","position":1,"name":"Home","item":"https:\/\/www.igt.nl\/es\/?page_id=36171"},{"@type":"ListItem","position":2,"name":"Tienda","item":"https:\/\/www.igt.nl\/es\/?page_id=36068"},{"@type":"ListItem","position":3,"name":"48 horas","item":"https:\/\/www.igt.nl\/es\/product-categorie\/48-horas\/"},{"@type":"ListItem","position":4,"name":"C1-5"}]},{"@type":"WebSite","@id":"https:\/\/www.igt.nl\/es\/#website","url":"https:\/\/www.igt.nl\/es\/","name":"IGT Testing Systems","description":"","potentialAction":[{"@type":"SearchAction","target":{"@type":"EntryPoint","urlTemplate":"https:\/\/www.igt.nl\/es\/?s={search_term_string}"},"query-input":{"@type":"PropertyValueSpecification","valueRequired":true,"valueName":"search_term_string"}}],"inLanguage":"es"}]}},"_links":{"self":[{"href":"https:\/\/www.igt.nl\/es\/wp-json\/wp\/v2\/product\/37995","targetHints":{"allow":["GET"]}}],"collection":[{"href":"https:\/\/www.igt.nl\/es\/wp-json\/wp\/v2\/product"}],"about":[{"href":"https:\/\/www.igt.nl\/es\/wp-json\/wp\/v2\/types\/product"}],"replies":[{"embeddable":true,"href":"https:\/\/www.igt.nl\/es\/wp-json\/wp\/v2\/comments?post=37995"}],"wp:featuredmedia":[{"embeddable":true,"href":"https:\/\/www.igt.nl\/es\/wp-json\/wp\/v2\/media\/37997"}],"wp:attachment":[{"href":"https:\/\/www.igt.nl\/es\/wp-json\/wp\/v2\/media?parent=37995"}],"wp:term":[{"taxonomy":"product_brand","embeddable":true,"href":"https:\/\/www.igt.nl\/es\/wp-json\/wp\/v2\/product_brand?post=37995"},{"taxonomy":"product_cat","embeddable":true,"href":"https:\/\/www.igt.nl\/es\/wp-json\/wp\/v2\/product_cat?post=37995"},{"taxonomy":"product_tag","embeddable":true,"href":"https:\/\/www.igt.nl\/es\/wp-json\/wp\/v2\/product_tag?post=37995"}],"curies":[{"name":"wp","href":"https:\/\/api.w.org\/{rel}","templated":true}]}}