{"id":38009,"date":"2019-07-11T07:00:32","date_gmt":"2019-07-11T07:00:32","guid":{"rendered":"https:\/\/www.igt.nl\/?post_type=product&#038;p=38009"},"modified":"2025-12-17T08:02:57","modified_gmt":"2025-12-17T08:02:57","slug":"naranja-proofer-m","status":"publish","type":"product","link":"https:\/\/www.igt.nl\/es\/producto\/naranja-proofer-m\/","title":{"rendered":"Naranja Proofer M"},"content":{"rendered":"<p>Orange Proofer M: Comprobador de imprimibilidad, tiene un accionamiento motorizado de la fuerza de impresi\u00f3n, para producir impresiones en color con tintas offset convencionales y UV.<\/p>\n<p>Comprobador dedicado a producir impresiones en color de tintas offset convencionales y UV. Tambi\u00e9n disponible en una versi\u00f3n con eje de impresi\u00f3n de 3 posiciones para tres densidades de tres colores en la misma tira. <\/p>\n<ul>\n<li>Alta reproducibilidad<\/li>\n<li>F\u00e1cil de manejar<\/li>\n<li>Resultados coherentes<\/li>\n<\/ul>\n<p>El Proofer Naranja IGT para tintas offset, \u00a1de bajo coste y f\u00e1cil manejo!<\/p>\n<p>Para pruebas ad hoc, el Comprobador Naranja es el m\u00e9todo m\u00e1s eficaz de comprobar el color de las tintas offset en diversos sustratos.<br \/>\nIGT ha tenido mucho \u00e9xito suministrando comprobadores de imprimibilidad para tintas flexogr\u00e1ficas, de huecograbado y offset a diversas industrias de todo el mundo. Debido a la gran demanda de un comprobador de imprimibilidad de bajo coste y f\u00e1cil manejo para tintas offset, IGT ha desarrollado el Comprobador Naranja IGT para obtener resultados altamente reproducibles en aquellos casos en los que el comprobador no se utiliza 24 horas al d\u00eda, 7 d\u00edas a la semana. Para las aplicaciones de uso intensivo se recomienda el uso del comprobador C1.  <\/p>\n<ul>\n<li>Unidad de impresi\u00f3n con cilindro de impresi\u00f3n y disco de impresi\u00f3n, 400 g, cubierta con mantilla de caucho para tintas convencionales<\/li>\n<li>Fuerza de impresi\u00f3n regulable entre 100 N y 900 N, ajuste motorizado mediante pulsadores<\/li>\n<li>Velocidad: 0,3 m\/s<\/li>\n<li>Unidad de entintado con dos tambores de aluminio y rodillo superior para tintas convencionales<\/li>\n<\/ul>\n<p><strong>APLICACIONES<\/strong><br \/>\nHoy en d\u00eda, muchas imprentas tienen su propia cocina de tintas de impresi\u00f3n, donde pueden utilizar el Proofer Naranja para producir tiras de color y comprobar la calidad de la tinta en el soporte que se utilizar\u00e1 en las m\u00e1quinas de impresi\u00f3n. De este modo se puede obtener una comprobaci\u00f3n r\u00e1pida de la coincidencia de la tinta. Para una mayor precisi\u00f3n, se recomienda encarecidamente la pipeta de tinta IGT.  <\/p>\n<p><strong>FUNCIONAMIENTO<\/strong><br \/>\nLa tinta se aplica al rodillo superior del grupo entintador. La tinta s\u00f3lo tarda 30 s en distribuirse. Una vez distribuida la tinta, el disco de impresi\u00f3n se coloca en el rodillo superior. El tiempo de entintado del disco de impresi\u00f3n dura s\u00f3lo 15 s. Despu\u00e9s de entintar el disco de impresi\u00f3n, se coloca en el eje de impresi\u00f3n. El sustrato se fija al soporte de sustrato y se coloca debajo del eje del disco de impresi\u00f3n. Una vez aplicada la fuerza de impresi\u00f3n, la impresi\u00f3n se realiza autom\u00e1ticamente.      <\/p>\n","protected":false},"excerpt":{"rendered":"<p>Orange Proofer M: Comprobador de imprimibilidad para producir impresiones en color con tintas offset convencionales y UV<\/p>\n","protected":false},"featured_media":34720,"comment_status":"closed","ping_status":"closed","template":"","meta":{"_acf_changed":false,"inline_featured_image":false},"product_brand":[],"product_cat":[3437,3986,3435,3436,4212],"product_tag":[],"class_list":{"0":"post-38009","1":"product","2":"type-product","3":"status-publish","4":"has-post-thumbnail","6":"product_cat-48-horas","7":"product_cat-desplazamiento","8":"product_cat-probadores-de-tinta","9":"product_cat-probadores-graficos","10":"product_cat-proofer-naranja","11":"product_shipping_class-normaal","12":"pa_accessories-juego-brillante-w71","13":"pa_accessories-tintas-estandar","14":"pa_additional-items-408-000-200-pipeta-de-tinta-igt-de-001-ml-de-resolucion","15":"pa_additional-items-496-000-075-secador-uv-igt-12-1-1-lampara-500-w","16":"pa_additional-items-496-000-275-secador-uv-igt-12-1-2-lamparas-1000-w","17":"pa_additional-items-555-000-060-brillometro-igt-g60-60","18":"pa_compatible-instruments-419-000-000-proofer-naranja-x3","19":"pa_compatible-instruments-426-000-000-c1-5","20":"pa_conformance-with-standards-astm-7680","21":"pa_conformance-with-standards-iso-12647","22":"pa_conformance-with-standards-iso-2834","23":"pa_conformance-with-standards-iso-2846","24":"pa_dimensions-d-x-w-x-h-cm-32-x-62-x-35","25":"pa_guarantee-estandar-un-ano","26":"pa_inks-or-liquids-tinta-offset","27":"pa_lifting-system-manualmente","28":"pa_main-application-adhesion","29":"pa_main-application-brillo","30":"pa_main-application-determinacion-de-la-cobertura","31":"pa_main-application-flexibilidad","32":"pa_main-application-medicion-del-color-con-sistemas-de-medicion-del-color-espectrofotometros","33":"pa_main-application-mediciones-de-densidad-incluido-el-establecimiento-de-tolerancias","34":"pa_main-application-resistencia-a-los-aranazos","35":"pa_main-application-resistencia-al-desgaste","36":"pa_main-application-transferencia-de-tinta-en-g-m","37":"pa_main-application-valoracion-visual","38":"pa_maintenance-el-mantenimiento-y-la-calibracion-anuales-del-comprobador-pueden-ser-realizados-por-igt-testing-systems-o-por-empresas-autorizadas-por-igt-testing-systems","39":"pa_maintenance-para-un-uso-medio-se-recomienda-una-revision-una-vez-al-ano","40":"pa_maintenance-puedes-obtener-informacion-de-tu-proveedor-o-del-agente-local","41":"pa_measurement-range-05-40-m","42":"pa_print-length-and-width-mm-200-x-50","43":"pa_printing-discs-los-discos-disponibles-son-de-aluminio-de-caucho-para-tintas-convencionales-o-uv-de-caucho-para-tintas-convencionales-o-uv","44":"pa_printing-discs-se-suministra-de-serie-con-una-mantilla-de-caucho-de-50-mm-y-un-disco-de-impresion-de-350-g","45":"pa_space-requirements-0-7-m","46":"pa_speed-range-and-modes-velocidad-constante-03-m-s","47":"pa_standard-delivery-time-4-6-semanas","48":"pa_substrate-requirements-puede-imprimir-en-todo-tipo-de-materiales-con-o-sin-revestimiento-papel-carton-pelicula-de-plastico-celofan-laminado-metales-etc","49":"pa_top-rollers-425-098-001-rodillo-superior-caucho-para-tintas-convencionales","50":"pa_top-rollers-425-098-002-rodillo-superior-caucho-para-tintas-uv","51":"pa_weight-25-kg","53":"first","54":"instock","55":"shipping-taxable","56":"purchasable","57":"product-type-simple"},"acf":[],"yoast_head":"<!-- This site is optimized with the Yoast SEO plugin v27.3 - https:\/\/yoast.com\/product\/yoast-seo-wordpress\/ -->\n<title>Naranja Proofer M - IGT Testing Systems<\/title>\n<meta name=\"description\" content=\"Orange Proofer M (accionamiento motorizado de la fuerza de impresi\u00f3n) para producir impresiones en color con tintas offset convencionales y UV. Una comprobaci\u00f3n r\u00e1pida de la coincidencia de color.\" \/>\n<meta name=\"robots\" content=\"index, follow, max-snippet:-1, max-image-preview:large, max-video-preview:-1\" \/>\n<link rel=\"canonical\" href=\"https:\/\/www.igt.nl\/es\/producto\/naranja-proofer-m\/\" \/>\n<meta property=\"og:locale\" content=\"es_ES\" \/>\n<meta property=\"og:type\" content=\"article\" \/>\n<meta property=\"og:title\" content=\"Naranja Proofer M - IGT Testing Systems\" \/>\n<meta property=\"og:description\" content=\"Orange Proofer M (accionamiento motorizado de la fuerza de impresi\u00f3n) para producir impresiones en color con tintas offset convencionales y UV. Una comprobaci\u00f3n r\u00e1pida de la coincidencia de color.\" \/>\n<meta property=\"og:url\" content=\"https:\/\/www.igt.nl\/es\/producto\/naranja-proofer-m\/\" \/>\n<meta property=\"og:site_name\" content=\"IGT Testing Systems\" \/>\n<meta property=\"article:modified_time\" content=\"2025-12-17T08:02:57+00:00\" \/>\n<meta property=\"og:image\" content=\"https:\/\/www.igt.nl\/wp-content\/uploads\/418.000-OP-M_MGF3384_rvs_1-1.jpg\" \/>\n\t<meta property=\"og:image:width\" content=\"788\" \/>\n\t<meta property=\"og:image:height\" content=\"788\" \/>\n\t<meta property=\"og:image:type\" content=\"image\/jpeg\" \/>\n<meta name=\"twitter:card\" content=\"summary_large_image\" \/>\n<meta name=\"twitter:label1\" content=\"Tiempo de lectura\" \/>\n\t<meta name=\"twitter:data1\" content=\"2 minutos\" \/>\n<script type=\"application\/ld+json\" class=\"yoast-schema-graph\">{\"@context\":\"https:\\\/\\\/schema.org\",\"@graph\":[{\"@type\":\"WebPage\",\"@id\":\"https:\\\/\\\/www.igt.nl\\\/es\\\/producto\\\/naranja-proofer-m\\\/\",\"url\":\"https:\\\/\\\/www.igt.nl\\\/es\\\/producto\\\/naranja-proofer-m\\\/\",\"name\":\"Naranja Proofer M - IGT Testing Systems\",\"isPartOf\":{\"@id\":\"https:\\\/\\\/www.igt.nl\\\/es\\\/#website\"},\"primaryImageOfPage\":{\"@id\":\"https:\\\/\\\/www.igt.nl\\\/es\\\/producto\\\/naranja-proofer-m\\\/#primaryimage\"},\"image\":{\"@id\":\"https:\\\/\\\/www.igt.nl\\\/es\\\/producto\\\/naranja-proofer-m\\\/#primaryimage\"},\"thumbnailUrl\":\"https:\\\/\\\/www.igt.nl\\\/wp-content\\\/uploads\\\/418.000-OP-M_MGF3384_rvs_1-1.jpg\",\"datePublished\":\"2019-07-11T07:00:32+00:00\",\"dateModified\":\"2025-12-17T08:02:57+00:00\",\"description\":\"Orange Proofer M (accionamiento motorizado de la fuerza de impresi\u00f3n) para producir impresiones en color con tintas offset convencionales y UV. Una comprobaci\u00f3n r\u00e1pida de la coincidencia de color.\",\"breadcrumb\":{\"@id\":\"https:\\\/\\\/www.igt.nl\\\/es\\\/producto\\\/naranja-proofer-m\\\/#breadcrumb\"},\"inLanguage\":\"es\",\"potentialAction\":[{\"@type\":\"ReadAction\",\"target\":[\"https:\\\/\\\/www.igt.nl\\\/es\\\/producto\\\/naranja-proofer-m\\\/\"]}]},{\"@type\":\"ImageObject\",\"inLanguage\":\"es\",\"@id\":\"https:\\\/\\\/www.igt.nl\\\/es\\\/producto\\\/naranja-proofer-m\\\/#primaryimage\",\"url\":\"https:\\\/\\\/www.igt.nl\\\/wp-content\\\/uploads\\\/418.000-OP-M_MGF3384_rvs_1-1.jpg\",\"contentUrl\":\"https:\\\/\\\/www.igt.nl\\\/wp-content\\\/uploads\\\/418.000-OP-M_MGF3384_rvs_1-1.jpg\",\"width\":788,\"height\":788,\"caption\":\"Orange Proofer\"},{\"@type\":\"BreadcrumbList\",\"@id\":\"https:\\\/\\\/www.igt.nl\\\/es\\\/producto\\\/naranja-proofer-m\\\/#breadcrumb\",\"itemListElement\":[{\"@type\":\"ListItem\",\"position\":1,\"name\":\"Home\",\"item\":\"https:\\\/\\\/www.igt.nl\\\/es\\\/?page_id=36171\"},{\"@type\":\"ListItem\",\"position\":2,\"name\":\"Tienda\",\"item\":\"https:\\\/\\\/www.igt.nl\\\/es\\\/?page_id=36068\"},{\"@type\":\"ListItem\",\"position\":3,\"name\":\"48 horas\",\"item\":\"https:\\\/\\\/www.igt.nl\\\/es\\\/product-categorie\\\/48-horas\\\/\"},{\"@type\":\"ListItem\",\"position\":4,\"name\":\"Naranja Proofer M\"}]},{\"@type\":\"WebSite\",\"@id\":\"https:\\\/\\\/www.igt.nl\\\/es\\\/#website\",\"url\":\"https:\\\/\\\/www.igt.nl\\\/es\\\/\",\"name\":\"IGT Testing Systems\",\"description\":\"\",\"potentialAction\":[{\"@type\":\"SearchAction\",\"target\":{\"@type\":\"EntryPoint\",\"urlTemplate\":\"https:\\\/\\\/www.igt.nl\\\/es\\\/?s={search_term_string}\"},\"query-input\":{\"@type\":\"PropertyValueSpecification\",\"valueRequired\":true,\"valueName\":\"search_term_string\"}}],\"inLanguage\":\"es\"}]}<\/script>\n<!-- \/ Yoast SEO plugin. -->","yoast_head_json":{"title":"Naranja Proofer M - IGT Testing Systems","description":"Orange Proofer M (accionamiento motorizado de la fuerza de impresi\u00f3n) para producir impresiones en color con tintas offset convencionales y UV. Una comprobaci\u00f3n r\u00e1pida de la coincidencia de color.","robots":{"index":"index","follow":"follow","max-snippet":"max-snippet:-1","max-image-preview":"max-image-preview:large","max-video-preview":"max-video-preview:-1"},"canonical":"https:\/\/www.igt.nl\/es\/producto\/naranja-proofer-m\/","og_locale":"es_ES","og_type":"article","og_title":"Naranja Proofer M - IGT Testing Systems","og_description":"Orange Proofer M (accionamiento motorizado de la fuerza de impresi\u00f3n) para producir impresiones en color con tintas offset convencionales y UV. Una comprobaci\u00f3n r\u00e1pida de la coincidencia de color.","og_url":"https:\/\/www.igt.nl\/es\/producto\/naranja-proofer-m\/","og_site_name":"IGT Testing Systems","article_modified_time":"2025-12-17T08:02:57+00:00","og_image":[{"width":788,"height":788,"url":"https:\/\/www.igt.nl\/wp-content\/uploads\/418.000-OP-M_MGF3384_rvs_1-1.jpg","type":"image\/jpeg"}],"twitter_card":"summary_large_image","twitter_misc":{"Tiempo de lectura":"2 minutos"},"schema":{"@context":"https:\/\/schema.org","@graph":[{"@type":"WebPage","@id":"https:\/\/www.igt.nl\/es\/producto\/naranja-proofer-m\/","url":"https:\/\/www.igt.nl\/es\/producto\/naranja-proofer-m\/","name":"Naranja Proofer M - IGT Testing Systems","isPartOf":{"@id":"https:\/\/www.igt.nl\/es\/#website"},"primaryImageOfPage":{"@id":"https:\/\/www.igt.nl\/es\/producto\/naranja-proofer-m\/#primaryimage"},"image":{"@id":"https:\/\/www.igt.nl\/es\/producto\/naranja-proofer-m\/#primaryimage"},"thumbnailUrl":"https:\/\/www.igt.nl\/wp-content\/uploads\/418.000-OP-M_MGF3384_rvs_1-1.jpg","datePublished":"2019-07-11T07:00:32+00:00","dateModified":"2025-12-17T08:02:57+00:00","description":"Orange Proofer M (accionamiento motorizado de la fuerza de impresi\u00f3n) para producir impresiones en color con tintas offset convencionales y UV. Una comprobaci\u00f3n r\u00e1pida de la coincidencia de color.","breadcrumb":{"@id":"https:\/\/www.igt.nl\/es\/producto\/naranja-proofer-m\/#breadcrumb"},"inLanguage":"es","potentialAction":[{"@type":"ReadAction","target":["https:\/\/www.igt.nl\/es\/producto\/naranja-proofer-m\/"]}]},{"@type":"ImageObject","inLanguage":"es","@id":"https:\/\/www.igt.nl\/es\/producto\/naranja-proofer-m\/#primaryimage","url":"https:\/\/www.igt.nl\/wp-content\/uploads\/418.000-OP-M_MGF3384_rvs_1-1.jpg","contentUrl":"https:\/\/www.igt.nl\/wp-content\/uploads\/418.000-OP-M_MGF3384_rvs_1-1.jpg","width":788,"height":788,"caption":"Orange Proofer"},{"@type":"BreadcrumbList","@id":"https:\/\/www.igt.nl\/es\/producto\/naranja-proofer-m\/#breadcrumb","itemListElement":[{"@type":"ListItem","position":1,"name":"Home","item":"https:\/\/www.igt.nl\/es\/?page_id=36171"},{"@type":"ListItem","position":2,"name":"Tienda","item":"https:\/\/www.igt.nl\/es\/?page_id=36068"},{"@type":"ListItem","position":3,"name":"48 horas","item":"https:\/\/www.igt.nl\/es\/product-categorie\/48-horas\/"},{"@type":"ListItem","position":4,"name":"Naranja Proofer M"}]},{"@type":"WebSite","@id":"https:\/\/www.igt.nl\/es\/#website","url":"https:\/\/www.igt.nl\/es\/","name":"IGT Testing Systems","description":"","potentialAction":[{"@type":"SearchAction","target":{"@type":"EntryPoint","urlTemplate":"https:\/\/www.igt.nl\/es\/?s={search_term_string}"},"query-input":{"@type":"PropertyValueSpecification","valueRequired":true,"valueName":"search_term_string"}}],"inLanguage":"es"}]}},"_links":{"self":[{"href":"https:\/\/www.igt.nl\/es\/wp-json\/wp\/v2\/product\/38009","targetHints":{"allow":["GET"]}}],"collection":[{"href":"https:\/\/www.igt.nl\/es\/wp-json\/wp\/v2\/product"}],"about":[{"href":"https:\/\/www.igt.nl\/es\/wp-json\/wp\/v2\/types\/product"}],"replies":[{"embeddable":true,"href":"https:\/\/www.igt.nl\/es\/wp-json\/wp\/v2\/comments?post=38009"}],"wp:featuredmedia":[{"embeddable":true,"href":"https:\/\/www.igt.nl\/es\/wp-json\/wp\/v2\/media\/34720"}],"wp:attachment":[{"href":"https:\/\/www.igt.nl\/es\/wp-json\/wp\/v2\/media?parent=38009"}],"wp:term":[{"taxonomy":"product_brand","embeddable":true,"href":"https:\/\/www.igt.nl\/es\/wp-json\/wp\/v2\/product_brand?post=38009"},{"taxonomy":"product_cat","embeddable":true,"href":"https:\/\/www.igt.nl\/es\/wp-json\/wp\/v2\/product_cat?post=38009"},{"taxonomy":"product_tag","embeddable":true,"href":"https:\/\/www.igt.nl\/es\/wp-json\/wp\/v2\/product_tag?post=38009"}],"curies":[{"name":"wp","href":"https:\/\/api.w.org\/{rel}","templated":true}]}}