{"id":38039,"date":"2019-07-11T07:00:36","date_gmt":"2019-07-11T07:00:36","guid":{"rendered":"https:\/\/www.igt.nl\/?post_type=product&#038;p=38039"},"modified":"2025-12-17T08:02:57","modified_gmt":"2025-12-17T08:02:57","slug":"c1","status":"publish","type":"product","link":"https:\/\/www.igt.nl\/es\/producto\/c1\/","title":{"rendered":"C1"},"content":{"rendered":"<p>IGT C1: Comprobador de imprimibilidad para producir impresiones en color con tintas offset convencionales y UV.<\/p>\n<p>Probador dedicado a producir impresiones en color de tintas offset convencionales y UV. Disponible en versiones con anchura de impresi\u00f3n de 35, 50 y 70 mm y con impresiones m\u00faltiples en un sustrato. Hay un adaptador disponible para imprimir directamente en latas o tubos met\u00e1licos, o la versi\u00f3n especial CTx3 puede imprimir en cualquier di\u00e1metro de tubos y latas, desde un di\u00e1metro interior de 16 mm hasta 68 mm.  <\/p>\n<p><strong>El mejor comprobador de imprimibilidad de tintas offset del mundo.<\/strong><\/p>\n<p>IGT Testing Systems suministra los comprobadores de imprimibilidad tipo C1, que son sencillos pero tienen mucho \u00e9xito en todo el mundo para tintas offset de varias anchuras de impresi\u00f3n.<\/p>\n<p>Realiza tiras de color con tintas offset con un grosor de capa de tinta conocido que se puede utilizar para muchos fines.<br \/>\nEspecialmente dise\u00f1ado para sistemas informatizados de medici\u00f3n y ajuste del color.<br \/>\nAhorra costes porque ya no es necesario realizar pruebas de color en las m\u00e1quinas de impresi\u00f3n.<br \/>\nPuede imprimir directamente en todos los sustratos, incluidos los tubos o latas preparados, la versi\u00f3n CTx3 puede hacerlo en cualquier di\u00e1metro entre 16 y 68 mm.<\/p>\n<p><strong>APLICACIONES<\/strong><br \/>\nLos comprobadores de imprimibilidad C1 producen tiras de color adecuadas para muchos fines, como:<br \/>\n-Medici\u00f3n del color con sistemas de medici\u00f3n del color\/espectrofot\u00f3metros, por ejemplo, en la igualaci\u00f3n de colores<br \/>\n-Evaluaci\u00f3n visual<br \/>\n-Medici\u00f3n de la densidad, incluido el establecimiento de tolerancias de color y densidad y la determinaci\u00f3n de la cobertura, la resistencia al desgaste, la resistencia al rayado, la flexibilidad, la adherencia y el brillo, la transferencia de tinta (en g\/m\u00b2), la solidez a la luz y la resistencia a los productos qu\u00edmicos.<br \/>\n-Comprobaci\u00f3n de la calidad de impresi\u00f3n, el brillo, el moteado y el repinte.<\/p>\n<p>El comprobador C1 imprime todo tipo de materiales recubiertos y sin recubrir, como papel, cart\u00f3n, pel\u00edculas de pl\u00e1stico, celof\u00e1n, laminados, metal, etc.<br \/>\n-El comprobador C1 se utiliza en las siguientes industrias:<br \/>\n-tintas de impresi\u00f3n, papel y cart\u00f3n, impresoras<br \/>\n-metal, pl\u00e1sticos y envases<br \/>\n-resinas, lacas y recubrimientos<br \/>\n-materias primas<\/p>\n<p><strong>FUNCIONAMIENTO<\/strong><br \/>\nLos comprobadores de imprimibilidad tipo C1 constan de una secci\u00f3n de entintado y una secci\u00f3n de impresi\u00f3n con disco de impresi\u00f3n extra\u00edble (forma de impresi\u00f3n). La unidad de entintado consta de dos tambores de aluminio y un rodillo superior.<br \/>\nLa distribuci\u00f3n de la tinta s\u00f3lo tarda 30 s debido a la relaci\u00f3n de di\u00e1metros y al movimiento del tambor. El tiempo de entintado del disco de impresi\u00f3n es de 15 s.<br \/>\nLa limpieza de los sistemas es muy sencilla y r\u00e1pida, debido, entre otras cosas, a que los dos tambores de aluminio son accionados. La unidad de impresi\u00f3n est\u00e1 formada por la forma de impresi\u00f3n y un cilindro de impresi\u00f3n. El sustrato se fija a un soporte de sustrato. A continuaci\u00f3n, el portador de sustrato con el sustrato se coloca en la gu\u00eda de sustrato, entre el cilindro de impresi\u00f3n y el disco de impresi\u00f3n.<br \/>\nUna vez aplicada la fuerza de impresi\u00f3n, \u00e9sta se realiza autom\u00e1ticamente. A continuaci\u00f3n, el disco de impresi\u00f3n se levanta autom\u00e1ticamente, tras lo cual se retira el sustrato para su evaluaci\u00f3n y se limpia el disco de impresi\u00f3n. Tambi\u00e9n es posible imprimir en latas de bebida: para ello se deslizan sobre el cilindro de impresi\u00f3n, no utiliz\u00e1ndose en este caso el soporte de sustrato.<br \/>\nLa fuerza de impresi\u00f3n puede ajustarse en 19 pasos entre 100 y 1000 N.       <\/p>\n<p>Para imprimir en latas de bebidas, el cilindro de impresi\u00f3n puede sustituirse por otro de diferente di\u00e1metro.<\/p>\n","protected":false},"excerpt":{"rendered":"<p>IGT C1: Comprobador de imprimibilidad para producir impresiones en color con tintas offset convencionales y UV (35 mm)<\/p>\n","protected":false},"featured_media":34725,"comment_status":"closed","ping_status":"open","template":"","meta":{"_acf_changed":false,"inline_featured_image":false},"product_brand":[],"product_cat":[4072,3986,3435,3436],"product_tag":[],"class_list":{"0":"post-38039","1":"product","2":"type-product","3":"status-publish","4":"has-post-thumbnail","6":"product_cat-c1","7":"product_cat-desplazamiento","8":"product_cat-probadores-de-tinta","9":"product_cat-probadores-graficos","10":"product_shipping_class-normaal","11":"pa_accessories-conjunto-de-moteado-metodo-de-impresion-w58","12":"pa_accessories-conjunto-de-moteado-metodo-de-trampa-trasera-w57","13":"pa_accessories-juego-brillante-w71","14":"pa_accessories-tintas-estandar","15":"pa_additional-items-408-000-200-pipeta-de-tinta-igt-de-001-ml-de-resolucion","16":"pa_additional-items-496-000-075-secador-uv-igt-12-1-1-lampara-500-w","17":"pa_additional-items-496-000-275-secador-uv-igt-12-1-2-lamparas-1000-w","18":"pa_additional-items-555-000-060-brillometro-igt-g60-60","19":"pa_compatible-instruments-426-000-000-c1-5","20":"pa_compatible-instruments-429-000-000-c1-7","21":"pa_conformance-with-standards-astm-7680","22":"pa_conformance-with-standards-iso-12647","23":"pa_conformance-with-standards-iso-2834","24":"pa_conformance-with-standards-iso-2846","25":"pa_dimensions-d-x-w-x-h-cm-60-x-50-x-30","26":"pa_forces-100-1000-n","27":"pa_guarantee-estandar-un-ano","28":"pa_inks-or-liquids-tinta-offset","29":"pa_lifting-system-automaticamente","30":"pa_main-application-adhesion","31":"pa_main-application-brillo","32":"pa_main-application-determinacion-de-la-cobertura","33":"pa_main-application-flexibilidad","34":"pa_main-application-medicion-del-color-con-sistemas-de-medicion-del-color-espectrofotometros","35":"pa_main-application-mediciones-de-densidad-incluido-el-establecimiento-de-tolerancias","36":"pa_main-application-resistencia-a-los-aranazos","37":"pa_main-application-resistencia-al-desgaste","38":"pa_main-application-transferencia-de-tinta-en-g-m","39":"pa_main-application-valoracion-visual","40":"pa_maintenance-el-mantenimiento-y-la-calibracion-anuales-del-comprobador-pueden-ser-realizados-por-igt-testing-systems-o-por-empresas-autorizadas-por-igt-testing-systems","41":"pa_maintenance-para-un-uso-medio-se-recomienda-una-revision-una-vez-al-ano","42":"pa_maintenance-puedes-obtener-informacion-de-tu-proveedor-o-del-agente-local","43":"pa_measurement-range-03-10-m","44":"pa_power-supply-requirements-90-240-v-50-60-hz","45":"pa_print-length-and-width-mm-200-x-35","46":"pa_print-width-in-mm-4089","47":"pa_printing-discs-los-discos-disponibles-son-de-aluminio-de-caucho-para-tintas-convencionales-o-uv-de-caucho-para-tintas-convencionales-o-uv","48":"pa_printing-discs-se-suministra-de-serie-con-un-disco-de-impresion-de-goma-ligera-de-35-mm","49":"pa_space-requirements-0-7-m","50":"pa_speed-range-and-modes-velocidad-constante-03-m-s","51":"pa_substrate-requirements-puede-imprimir-en-todo-tipo-de-materiales-con-o-sin-revestimiento-papel-carton-pelicula-de-plastico-celofan-laminado-metales-etc","52":"pa_top-rollers-425-098-001-rodillo-superior-caucho-para-tintas-convencionales","53":"pa_top-rollers-425-098-002-rodillo-superior-caucho-para-tintas-uv","54":"pa_weight-35-kg","56":"first","57":"instock","58":"shipping-taxable","59":"purchasable","60":"product-type-simple"},"acf":[],"yoast_head":"<!-- This site is optimized with the Yoast SEO plugin v27.3 - https:\/\/yoast.com\/product\/yoast-seo-wordpress\/ -->\n<title>C1 - IGT Testing Systems<\/title>\n<meta name=\"robots\" content=\"index, follow, max-snippet:-1, max-image-preview:large, max-video-preview:-1\" \/>\n<link rel=\"canonical\" href=\"https:\/\/www.igt.nl\/es\/producto\/c1\/\" \/>\n<meta property=\"og:locale\" content=\"es_ES\" \/>\n<meta property=\"og:type\" content=\"article\" \/>\n<meta property=\"og:title\" content=\"C1 - IGT Testing Systems\" \/>\n<meta property=\"og:description\" content=\"IGT C1: Comprobador de imprimibilidad para producir impresiones en color con tintas offset convencionales y UV (35 mm)\" \/>\n<meta property=\"og:url\" content=\"https:\/\/www.igt.nl\/es\/producto\/c1\/\" \/>\n<meta property=\"og:site_name\" content=\"IGT Testing Systems\" \/>\n<meta property=\"article:modified_time\" content=\"2025-12-17T08:02:57+00:00\" \/>\n<meta property=\"og:image\" content=\"https:\/\/www.igt.nl\/wp-content\/uploads\/425.000-C1_MGF3358_rvs_1-1.jpg\" \/>\n\t<meta property=\"og:image:width\" content=\"866\" \/>\n\t<meta property=\"og:image:height\" content=\"866\" \/>\n\t<meta property=\"og:image:type\" content=\"image\/jpeg\" \/>\n<meta name=\"twitter:card\" content=\"summary_large_image\" \/>\n<meta name=\"twitter:label1\" content=\"Tiempo de lectura\" \/>\n\t<meta name=\"twitter:data1\" content=\"3 minutos\" \/>\n<script type=\"application\/ld+json\" class=\"yoast-schema-graph\">{\"@context\":\"https:\\\/\\\/schema.org\",\"@graph\":[{\"@type\":\"WebPage\",\"@id\":\"https:\\\/\\\/www.igt.nl\\\/es\\\/producto\\\/c1\\\/\",\"url\":\"https:\\\/\\\/www.igt.nl\\\/es\\\/producto\\\/c1\\\/\",\"name\":\"C1 - IGT Testing Systems\",\"isPartOf\":{\"@id\":\"https:\\\/\\\/www.igt.nl\\\/es\\\/#website\"},\"primaryImageOfPage\":{\"@id\":\"https:\\\/\\\/www.igt.nl\\\/es\\\/producto\\\/c1\\\/#primaryimage\"},\"image\":{\"@id\":\"https:\\\/\\\/www.igt.nl\\\/es\\\/producto\\\/c1\\\/#primaryimage\"},\"thumbnailUrl\":\"https:\\\/\\\/www.igt.nl\\\/wp-content\\\/uploads\\\/425.000-C1_MGF3358_rvs_1-1.jpg\",\"datePublished\":\"2019-07-11T07:00:36+00:00\",\"dateModified\":\"2025-12-17T08:02:57+00:00\",\"breadcrumb\":{\"@id\":\"https:\\\/\\\/www.igt.nl\\\/es\\\/producto\\\/c1\\\/#breadcrumb\"},\"inLanguage\":\"es\",\"potentialAction\":[{\"@type\":\"ReadAction\",\"target\":[\"https:\\\/\\\/www.igt.nl\\\/es\\\/producto\\\/c1\\\/\"]}]},{\"@type\":\"ImageObject\",\"inLanguage\":\"es\",\"@id\":\"https:\\\/\\\/www.igt.nl\\\/es\\\/producto\\\/c1\\\/#primaryimage\",\"url\":\"https:\\\/\\\/www.igt.nl\\\/wp-content\\\/uploads\\\/425.000-C1_MGF3358_rvs_1-1.jpg\",\"contentUrl\":\"https:\\\/\\\/www.igt.nl\\\/wp-content\\\/uploads\\\/425.000-C1_MGF3358_rvs_1-1.jpg\",\"width\":866,\"height\":866,\"caption\":\"C type\"},{\"@type\":\"BreadcrumbList\",\"@id\":\"https:\\\/\\\/www.igt.nl\\\/es\\\/producto\\\/c1\\\/#breadcrumb\",\"itemListElement\":[{\"@type\":\"ListItem\",\"position\":1,\"name\":\"Home\",\"item\":\"https:\\\/\\\/www.igt.nl\\\/es\\\/?page_id=36171\"},{\"@type\":\"ListItem\",\"position\":2,\"name\":\"Tienda\",\"item\":\"https:\\\/\\\/www.igt.nl\\\/es\\\/?page_id=36068\"},{\"@type\":\"ListItem\",\"position\":3,\"name\":\"C1\",\"item\":\"https:\\\/\\\/www.igt.nl\\\/es\\\/product-categorie\\\/c1\\\/\"},{\"@type\":\"ListItem\",\"position\":4,\"name\":\"C1\"}]},{\"@type\":\"WebSite\",\"@id\":\"https:\\\/\\\/www.igt.nl\\\/es\\\/#website\",\"url\":\"https:\\\/\\\/www.igt.nl\\\/es\\\/\",\"name\":\"IGT Testing Systems\",\"description\":\"\",\"potentialAction\":[{\"@type\":\"SearchAction\",\"target\":{\"@type\":\"EntryPoint\",\"urlTemplate\":\"https:\\\/\\\/www.igt.nl\\\/es\\\/?s={search_term_string}\"},\"query-input\":{\"@type\":\"PropertyValueSpecification\",\"valueRequired\":true,\"valueName\":\"search_term_string\"}}],\"inLanguage\":\"es\"}]}<\/script>\n<!-- \/ Yoast SEO plugin. -->","yoast_head_json":{"title":"C1 - IGT Testing Systems","robots":{"index":"index","follow":"follow","max-snippet":"max-snippet:-1","max-image-preview":"max-image-preview:large","max-video-preview":"max-video-preview:-1"},"canonical":"https:\/\/www.igt.nl\/es\/producto\/c1\/","og_locale":"es_ES","og_type":"article","og_title":"C1 - IGT Testing Systems","og_description":"IGT C1: Comprobador de imprimibilidad para producir impresiones en color con tintas offset convencionales y UV (35 mm)","og_url":"https:\/\/www.igt.nl\/es\/producto\/c1\/","og_site_name":"IGT Testing Systems","article_modified_time":"2025-12-17T08:02:57+00:00","og_image":[{"width":866,"height":866,"url":"https:\/\/www.igt.nl\/wp-content\/uploads\/425.000-C1_MGF3358_rvs_1-1.jpg","type":"image\/jpeg"}],"twitter_card":"summary_large_image","twitter_misc":{"Tiempo de lectura":"3 minutos"},"schema":{"@context":"https:\/\/schema.org","@graph":[{"@type":"WebPage","@id":"https:\/\/www.igt.nl\/es\/producto\/c1\/","url":"https:\/\/www.igt.nl\/es\/producto\/c1\/","name":"C1 - IGT Testing Systems","isPartOf":{"@id":"https:\/\/www.igt.nl\/es\/#website"},"primaryImageOfPage":{"@id":"https:\/\/www.igt.nl\/es\/producto\/c1\/#primaryimage"},"image":{"@id":"https:\/\/www.igt.nl\/es\/producto\/c1\/#primaryimage"},"thumbnailUrl":"https:\/\/www.igt.nl\/wp-content\/uploads\/425.000-C1_MGF3358_rvs_1-1.jpg","datePublished":"2019-07-11T07:00:36+00:00","dateModified":"2025-12-17T08:02:57+00:00","breadcrumb":{"@id":"https:\/\/www.igt.nl\/es\/producto\/c1\/#breadcrumb"},"inLanguage":"es","potentialAction":[{"@type":"ReadAction","target":["https:\/\/www.igt.nl\/es\/producto\/c1\/"]}]},{"@type":"ImageObject","inLanguage":"es","@id":"https:\/\/www.igt.nl\/es\/producto\/c1\/#primaryimage","url":"https:\/\/www.igt.nl\/wp-content\/uploads\/425.000-C1_MGF3358_rvs_1-1.jpg","contentUrl":"https:\/\/www.igt.nl\/wp-content\/uploads\/425.000-C1_MGF3358_rvs_1-1.jpg","width":866,"height":866,"caption":"C type"},{"@type":"BreadcrumbList","@id":"https:\/\/www.igt.nl\/es\/producto\/c1\/#breadcrumb","itemListElement":[{"@type":"ListItem","position":1,"name":"Home","item":"https:\/\/www.igt.nl\/es\/?page_id=36171"},{"@type":"ListItem","position":2,"name":"Tienda","item":"https:\/\/www.igt.nl\/es\/?page_id=36068"},{"@type":"ListItem","position":3,"name":"C1","item":"https:\/\/www.igt.nl\/es\/product-categorie\/c1\/"},{"@type":"ListItem","position":4,"name":"C1"}]},{"@type":"WebSite","@id":"https:\/\/www.igt.nl\/es\/#website","url":"https:\/\/www.igt.nl\/es\/","name":"IGT Testing Systems","description":"","potentialAction":[{"@type":"SearchAction","target":{"@type":"EntryPoint","urlTemplate":"https:\/\/www.igt.nl\/es\/?s={search_term_string}"},"query-input":{"@type":"PropertyValueSpecification","valueRequired":true,"valueName":"search_term_string"}}],"inLanguage":"es"}]}},"_links":{"self":[{"href":"https:\/\/www.igt.nl\/es\/wp-json\/wp\/v2\/product\/38039","targetHints":{"allow":["GET"]}}],"collection":[{"href":"https:\/\/www.igt.nl\/es\/wp-json\/wp\/v2\/product"}],"about":[{"href":"https:\/\/www.igt.nl\/es\/wp-json\/wp\/v2\/types\/product"}],"replies":[{"embeddable":true,"href":"https:\/\/www.igt.nl\/es\/wp-json\/wp\/v2\/comments?post=38039"}],"wp:featuredmedia":[{"embeddable":true,"href":"https:\/\/www.igt.nl\/es\/wp-json\/wp\/v2\/media\/34725"}],"wp:attachment":[{"href":"https:\/\/www.igt.nl\/es\/wp-json\/wp\/v2\/media?parent=38039"}],"wp:term":[{"taxonomy":"product_brand","embeddable":true,"href":"https:\/\/www.igt.nl\/es\/wp-json\/wp\/v2\/product_brand?post=38039"},{"taxonomy":"product_cat","embeddable":true,"href":"https:\/\/www.igt.nl\/es\/wp-json\/wp\/v2\/product_cat?post=38039"},{"taxonomy":"product_tag","embeddable":true,"href":"https:\/\/www.igt.nl\/es\/wp-json\/wp\/v2\/product_tag?post=38039"}],"curies":[{"name":"wp","href":"https:\/\/api.w.org\/{rel}","templated":true}]}}