{"id":38054,"date":"2019-07-19T10:00:26","date_gmt":"2019-07-19T10:00:26","guid":{"rendered":"https:\/\/www.igt.nl\/?post_type=product&#038;p=38054"},"modified":"2025-12-17T08:02:51","modified_gmt":"2025-12-17T08:02:51","slug":"cloudoscope-fin-de-vida","status":"publish","type":"product","link":"https:\/\/www.igt.nl\/es\/producto\/cloudoscope-fin-de-vida\/","title":{"rendered":"CloudOscope [FIN DE VIDA]"},"content":{"rendered":"<p>CloudOscope: Instrumento para medir el punto de turbidez de una resina.<\/p>\n<p>Comprobador avanzado del punto de turbidez para determinar el punto de turbidez de una resina en condiciones exactas predefinidas.<\/p>\n<ul>\n<li>Sensor de temperatura inal\u00e1mbrico<\/li>\n<li>Carcasa de acero inoxidable<\/li>\n<li>Interfaz humana f\u00e1cil de usar<\/li>\n<li>Opci\u00f3n de impresora externa<\/li>\n<\/ul>\n<p>El CloudOscope es un comprobador avanzado del punto de turbidez.<br \/>\nEl dise\u00f1o tiene una carcasa de acero inoxidable f\u00e1cil de limpiar, una pantalla resistente a los productos qu\u00edmicos, una interfaz f\u00e1cil de usar y un software con varias opciones.<br \/>\nSe puede programar la temperatura, la velocidad de agitaci\u00f3n y el nivel de turbidez que hay que medir. La temperatura se mide con un sensor PT100 inal\u00e1mbrico.<br \/>\nEl CloudOscope dispone de una impresora externa para imprimir los resultados de las mediciones.<br \/>\nOpcionalmente, existe la posibilidad de conectar el CloudOscope a un ordenador, un software espec\u00edfico dar\u00e1 al usuario la posibilidad de analizar las mediciones. <\/p>\n","protected":false},"excerpt":{"rendered":"<p>Instrumento para medir el punto de turbidez de una resina.<\/p>\n","protected":false},"featured_media":38057,"comment_status":"closed","ping_status":"closed","template":"","meta":{"_acf_changed":false,"inline_featured_image":false},"product_brand":[],"product_cat":[3435,3956],"product_tag":[],"class_list":{"0":"post-38054","1":"product","2":"type-product","3":"status-publish","4":"has-post-thumbnail","6":"product_cat-probadores-de-tinta","7":"product_cat-reologia","8":"product_shipping_class-normaal","10":"first","11":"instock","12":"featured","13":"shipping-taxable","14":"purchasable","15":"product-type-simple"},"acf":[],"yoast_head":"<!-- This site is optimized with the Yoast SEO plugin v27.5 - https:\/\/yoast.com\/product\/yoast-seo-wordpress\/ -->\n<title>CloudOscope [FIN DE VIDA] - IGT Testing Systems<\/title>\n<meta name=\"robots\" content=\"index, follow, max-snippet:-1, max-image-preview:large, max-video-preview:-1\" \/>\n<link rel=\"canonical\" href=\"https:\/\/www.igt.nl\/es\/producto\/cloudoscope-fin-de-vida\/\" \/>\n<meta property=\"og:locale\" content=\"es_ES\" \/>\n<meta property=\"og:type\" content=\"article\" \/>\n<meta property=\"og:title\" content=\"CloudOscope [FIN DE VIDA] - IGT Testing Systems\" \/>\n<meta property=\"og:description\" content=\"Instrumento para medir el punto de turbidez de una resina.\" \/>\n<meta property=\"og:url\" content=\"https:\/\/www.igt.nl\/es\/producto\/cloudoscope-fin-de-vida\/\" \/>\n<meta property=\"og:site_name\" content=\"IGT Testing Systems\" \/>\n<meta property=\"article:modified_time\" content=\"2025-12-17T08:02:51+00:00\" \/>\n<meta property=\"og:image\" content=\"https:\/\/www.igt.nl\/wp-content\/uploads\/CPScope-01-700x700-1.png\" \/>\n\t<meta property=\"og:image:width\" content=\"700\" \/>\n\t<meta property=\"og:image:height\" content=\"700\" \/>\n\t<meta property=\"og:image:type\" content=\"image\/png\" \/>\n<meta name=\"twitter:card\" content=\"summary_large_image\" \/>\n<meta name=\"twitter:label1\" content=\"Tiempo de lectura\" \/>\n\t<meta name=\"twitter:data1\" content=\"1 minuto\" \/>\n<script type=\"application\/ld+json\" class=\"yoast-schema-graph\">{\"@context\":\"https:\\\/\\\/schema.org\",\"@graph\":[{\"@type\":\"WebPage\",\"@id\":\"https:\\\/\\\/www.igt.nl\\\/es\\\/producto\\\/cloudoscope-fin-de-vida\\\/\",\"url\":\"https:\\\/\\\/www.igt.nl\\\/es\\\/producto\\\/cloudoscope-fin-de-vida\\\/\",\"name\":\"CloudOscope [FIN DE VIDA] - IGT Testing Systems\",\"isPartOf\":{\"@id\":\"https:\\\/\\\/www.igt.nl\\\/es\\\/#website\"},\"primaryImageOfPage\":{\"@id\":\"https:\\\/\\\/www.igt.nl\\\/es\\\/producto\\\/cloudoscope-fin-de-vida\\\/#primaryimage\"},\"image\":{\"@id\":\"https:\\\/\\\/www.igt.nl\\\/es\\\/producto\\\/cloudoscope-fin-de-vida\\\/#primaryimage\"},\"thumbnailUrl\":\"https:\\\/\\\/www.igt.nl\\\/wp-content\\\/uploads\\\/CPScope-01-700x700-1.png\",\"datePublished\":\"2019-07-19T10:00:26+00:00\",\"dateModified\":\"2025-12-17T08:02:51+00:00\",\"breadcrumb\":{\"@id\":\"https:\\\/\\\/www.igt.nl\\\/es\\\/producto\\\/cloudoscope-fin-de-vida\\\/#breadcrumb\"},\"inLanguage\":\"es\",\"potentialAction\":[{\"@type\":\"ReadAction\",\"target\":[\"https:\\\/\\\/www.igt.nl\\\/es\\\/producto\\\/cloudoscope-fin-de-vida\\\/\"]}]},{\"@type\":\"ImageObject\",\"inLanguage\":\"es\",\"@id\":\"https:\\\/\\\/www.igt.nl\\\/es\\\/producto\\\/cloudoscope-fin-de-vida\\\/#primaryimage\",\"url\":\"https:\\\/\\\/www.igt.nl\\\/wp-content\\\/uploads\\\/CPScope-01-700x700-1.png\",\"contentUrl\":\"https:\\\/\\\/www.igt.nl\\\/wp-content\\\/uploads\\\/CPScope-01-700x700-1.png\",\"width\":700,\"height\":700},{\"@type\":\"BreadcrumbList\",\"@id\":\"https:\\\/\\\/www.igt.nl\\\/es\\\/producto\\\/cloudoscope-fin-de-vida\\\/#breadcrumb\",\"itemListElement\":[{\"@type\":\"ListItem\",\"position\":1,\"name\":\"Home\",\"item\":\"https:\\\/\\\/www.igt.nl\\\/es\\\/?page_id=36171\"},{\"@type\":\"ListItem\",\"position\":2,\"name\":\"Tienda\",\"item\":\"https:\\\/\\\/www.igt.nl\\\/es\\\/?page_id=36068\"},{\"@type\":\"ListItem\",\"position\":3,\"name\":\"Probadores de tinta\",\"item\":\"https:\\\/\\\/www.igt.nl\\\/es\\\/product-categorie\\\/probadores-de-tinta\\\/\"},{\"@type\":\"ListItem\",\"position\":4,\"name\":\"CloudOscope [FIN DE VIDA]\"}]},{\"@type\":\"WebSite\",\"@id\":\"https:\\\/\\\/www.igt.nl\\\/es\\\/#website\",\"url\":\"https:\\\/\\\/www.igt.nl\\\/es\\\/\",\"name\":\"IGT Testing Systems\",\"description\":\"\",\"potentialAction\":[{\"@type\":\"SearchAction\",\"target\":{\"@type\":\"EntryPoint\",\"urlTemplate\":\"https:\\\/\\\/www.igt.nl\\\/es\\\/?s={search_term_string}\"},\"query-input\":{\"@type\":\"PropertyValueSpecification\",\"valueRequired\":true,\"valueName\":\"search_term_string\"}}],\"inLanguage\":\"es\"}]}<\/script>\n<!-- \/ Yoast SEO plugin. -->","yoast_head_json":{"title":"CloudOscope [FIN DE VIDA] - IGT Testing Systems","robots":{"index":"index","follow":"follow","max-snippet":"max-snippet:-1","max-image-preview":"max-image-preview:large","max-video-preview":"max-video-preview:-1"},"canonical":"https:\/\/www.igt.nl\/es\/producto\/cloudoscope-fin-de-vida\/","og_locale":"es_ES","og_type":"article","og_title":"CloudOscope [FIN DE VIDA] - IGT Testing Systems","og_description":"Instrumento para medir el punto de turbidez de una resina.","og_url":"https:\/\/www.igt.nl\/es\/producto\/cloudoscope-fin-de-vida\/","og_site_name":"IGT Testing Systems","article_modified_time":"2025-12-17T08:02:51+00:00","og_image":[{"width":700,"height":700,"url":"https:\/\/www.igt.nl\/wp-content\/uploads\/CPScope-01-700x700-1.png","type":"image\/png"}],"twitter_card":"summary_large_image","twitter_misc":{"Tiempo de lectura":"1 minuto"},"schema":{"@context":"https:\/\/schema.org","@graph":[{"@type":"WebPage","@id":"https:\/\/www.igt.nl\/es\/producto\/cloudoscope-fin-de-vida\/","url":"https:\/\/www.igt.nl\/es\/producto\/cloudoscope-fin-de-vida\/","name":"CloudOscope [FIN DE VIDA] - IGT Testing Systems","isPartOf":{"@id":"https:\/\/www.igt.nl\/es\/#website"},"primaryImageOfPage":{"@id":"https:\/\/www.igt.nl\/es\/producto\/cloudoscope-fin-de-vida\/#primaryimage"},"image":{"@id":"https:\/\/www.igt.nl\/es\/producto\/cloudoscope-fin-de-vida\/#primaryimage"},"thumbnailUrl":"https:\/\/www.igt.nl\/wp-content\/uploads\/CPScope-01-700x700-1.png","datePublished":"2019-07-19T10:00:26+00:00","dateModified":"2025-12-17T08:02:51+00:00","breadcrumb":{"@id":"https:\/\/www.igt.nl\/es\/producto\/cloudoscope-fin-de-vida\/#breadcrumb"},"inLanguage":"es","potentialAction":[{"@type":"ReadAction","target":["https:\/\/www.igt.nl\/es\/producto\/cloudoscope-fin-de-vida\/"]}]},{"@type":"ImageObject","inLanguage":"es","@id":"https:\/\/www.igt.nl\/es\/producto\/cloudoscope-fin-de-vida\/#primaryimage","url":"https:\/\/www.igt.nl\/wp-content\/uploads\/CPScope-01-700x700-1.png","contentUrl":"https:\/\/www.igt.nl\/wp-content\/uploads\/CPScope-01-700x700-1.png","width":700,"height":700},{"@type":"BreadcrumbList","@id":"https:\/\/www.igt.nl\/es\/producto\/cloudoscope-fin-de-vida\/#breadcrumb","itemListElement":[{"@type":"ListItem","position":1,"name":"Home","item":"https:\/\/www.igt.nl\/es\/?page_id=36171"},{"@type":"ListItem","position":2,"name":"Tienda","item":"https:\/\/www.igt.nl\/es\/?page_id=36068"},{"@type":"ListItem","position":3,"name":"Probadores de tinta","item":"https:\/\/www.igt.nl\/es\/product-categorie\/probadores-de-tinta\/"},{"@type":"ListItem","position":4,"name":"CloudOscope [FIN DE VIDA]"}]},{"@type":"WebSite","@id":"https:\/\/www.igt.nl\/es\/#website","url":"https:\/\/www.igt.nl\/es\/","name":"IGT Testing Systems","description":"","potentialAction":[{"@type":"SearchAction","target":{"@type":"EntryPoint","urlTemplate":"https:\/\/www.igt.nl\/es\/?s={search_term_string}"},"query-input":{"@type":"PropertyValueSpecification","valueRequired":true,"valueName":"search_term_string"}}],"inLanguage":"es"}]}},"_links":{"self":[{"href":"https:\/\/www.igt.nl\/es\/wp-json\/wp\/v2\/product\/38054","targetHints":{"allow":["GET"]}}],"collection":[{"href":"https:\/\/www.igt.nl\/es\/wp-json\/wp\/v2\/product"}],"about":[{"href":"https:\/\/www.igt.nl\/es\/wp-json\/wp\/v2\/types\/product"}],"replies":[{"embeddable":true,"href":"https:\/\/www.igt.nl\/es\/wp-json\/wp\/v2\/comments?post=38054"}],"wp:featuredmedia":[{"embeddable":true,"href":"https:\/\/www.igt.nl\/es\/wp-json\/wp\/v2\/media\/38057"}],"wp:attachment":[{"href":"https:\/\/www.igt.nl\/es\/wp-json\/wp\/v2\/media?parent=38054"}],"wp:term":[{"taxonomy":"product_brand","embeddable":true,"href":"https:\/\/www.igt.nl\/es\/wp-json\/wp\/v2\/product_brand?post=38054"},{"taxonomy":"product_cat","embeddable":true,"href":"https:\/\/www.igt.nl\/es\/wp-json\/wp\/v2\/product_cat?post=38054"},{"taxonomy":"product_tag","embeddable":true,"href":"https:\/\/www.igt.nl\/es\/wp-json\/wp\/v2\/product_tag?post=38054"}],"curies":[{"name":"wp","href":"https:\/\/api.w.org\/{rel}","templated":true}]}}