{"id":38063,"date":"2019-07-19T10:00:31","date_gmt":"2019-07-19T10:00:31","guid":{"rendered":"https:\/\/www.igt.nl\/?post_type=product&#038;p=38063"},"modified":"2025-12-17T08:02:50","modified_gmt":"2025-12-17T08:02:50","slug":"viscosimetro-laray-tipo-t","status":"publish","type":"product","link":"https:\/\/www.igt.nl\/es\/producto\/viscosimetro-laray-tipo-t\/","title":{"rendered":"Viscos\u00edmetro Laray Tipo T"},"content":{"rendered":"<p>Viscos\u00edmetro Laray: dise\u00f1ado para medir la viscosidad de materiales viscosos, especialmente de barnices, aceites de alta viscosidad y tintas de impresi\u00f3n en pasta.<\/p>\n<p>El Viscos\u00edmetro Laray ha sido dise\u00f1ado para medir la viscosidad de materiales viscosos, especialmente de barnices, aceites de alta viscosidad y tintas de impresi\u00f3n en pasta con una viscosidad entre 2 y 200 Pa.s, seg\u00fan el principio de varilla descendente conforme a ISO 12644 o DIN 53222.<\/p>\n<p>El Viscos\u00edmetro Laray IGT se suministra con transferencia de datos a PC y software de c\u00e1lculo de la viscosidad.<\/p>\n","protected":false},"excerpt":{"rendered":"<p>El viscos\u00edmetro Laray est\u00e1 dise\u00f1ado para medir la viscosidad de materiales viscosos en circunstancias de temperatura controlada.<\/p>\n","protected":false},"featured_media":38065,"comment_status":"closed","ping_status":"open","template":"","meta":{"_acf_changed":false,"inline_featured_image":false},"product_brand":[],"product_cat":[3435,3956],"product_tag":[],"class_list":{"0":"post-38063","1":"product","2":"type-product","3":"status-publish","4":"has-post-thumbnail","6":"product_cat-probadores-de-tinta","7":"product_cat-reologia","8":"product_shipping_class-normaal","10":"first","11":"instock","12":"featured","13":"shipping-taxable","14":"purchasable","15":"product-type-simple"},"acf":[],"yoast_head":"<!-- This site is optimized with the Yoast SEO plugin v27.3 - https:\/\/yoast.com\/product\/yoast-seo-wordpress\/ -->\n<title>Viscos\u00edmetro Laray Tipo T - IGT Testing Systems<\/title>\n<meta name=\"robots\" content=\"index, follow, max-snippet:-1, max-image-preview:large, max-video-preview:-1\" \/>\n<link rel=\"canonical\" href=\"https:\/\/www.igt.nl\/es\/producto\/viscosimetro-laray-tipo-t\/\" \/>\n<meta property=\"og:locale\" content=\"es_ES\" \/>\n<meta property=\"og:type\" content=\"article\" \/>\n<meta property=\"og:title\" content=\"Viscos\u00edmetro Laray Tipo T - IGT Testing Systems\" \/>\n<meta property=\"og:description\" content=\"El viscos\u00edmetro Laray est\u00e1 dise\u00f1ado para medir la viscosidad de materiales viscosos en circunstancias de temperatura controlada.\" \/>\n<meta property=\"og:url\" content=\"https:\/\/www.igt.nl\/es\/producto\/viscosimetro-laray-tipo-t\/\" \/>\n<meta property=\"og:site_name\" content=\"IGT Testing Systems\" \/>\n<meta property=\"article:modified_time\" content=\"2025-12-17T08:02:50+00:00\" \/>\n<meta property=\"og:image\" content=\"https:\/\/www.igt.nl\/wp-content\/uploads\/Laray-LR.jpg\" \/>\n\t<meta property=\"og:image:width\" content=\"541\" \/>\n\t<meta property=\"og:image:height\" content=\"993\" \/>\n\t<meta property=\"og:image:type\" content=\"image\/jpeg\" \/>\n<meta name=\"twitter:card\" content=\"summary_large_image\" \/>\n<script type=\"application\/ld+json\" class=\"yoast-schema-graph\">{\"@context\":\"https:\\\/\\\/schema.org\",\"@graph\":[{\"@type\":\"WebPage\",\"@id\":\"https:\\\/\\\/www.igt.nl\\\/es\\\/producto\\\/viscosimetro-laray-tipo-t\\\/\",\"url\":\"https:\\\/\\\/www.igt.nl\\\/es\\\/producto\\\/viscosimetro-laray-tipo-t\\\/\",\"name\":\"Viscos\u00edmetro Laray Tipo T - IGT Testing Systems\",\"isPartOf\":{\"@id\":\"https:\\\/\\\/www.igt.nl\\\/es\\\/#website\"},\"primaryImageOfPage\":{\"@id\":\"https:\\\/\\\/www.igt.nl\\\/es\\\/producto\\\/viscosimetro-laray-tipo-t\\\/#primaryimage\"},\"image\":{\"@id\":\"https:\\\/\\\/www.igt.nl\\\/es\\\/producto\\\/viscosimetro-laray-tipo-t\\\/#primaryimage\"},\"thumbnailUrl\":\"https:\\\/\\\/www.igt.nl\\\/wp-content\\\/uploads\\\/Laray-LR.jpg\",\"datePublished\":\"2019-07-19T10:00:31+00:00\",\"dateModified\":\"2025-12-17T08:02:50+00:00\",\"breadcrumb\":{\"@id\":\"https:\\\/\\\/www.igt.nl\\\/es\\\/producto\\\/viscosimetro-laray-tipo-t\\\/#breadcrumb\"},\"inLanguage\":\"es\",\"potentialAction\":[{\"@type\":\"ReadAction\",\"target\":[\"https:\\\/\\\/www.igt.nl\\\/es\\\/producto\\\/viscosimetro-laray-tipo-t\\\/\"]}]},{\"@type\":\"ImageObject\",\"inLanguage\":\"es\",\"@id\":\"https:\\\/\\\/www.igt.nl\\\/es\\\/producto\\\/viscosimetro-laray-tipo-t\\\/#primaryimage\",\"url\":\"https:\\\/\\\/www.igt.nl\\\/wp-content\\\/uploads\\\/Laray-LR.jpg\",\"contentUrl\":\"https:\\\/\\\/www.igt.nl\\\/wp-content\\\/uploads\\\/Laray-LR.jpg\",\"width\":541,\"height\":993},{\"@type\":\"BreadcrumbList\",\"@id\":\"https:\\\/\\\/www.igt.nl\\\/es\\\/producto\\\/viscosimetro-laray-tipo-t\\\/#breadcrumb\",\"itemListElement\":[{\"@type\":\"ListItem\",\"position\":1,\"name\":\"Home\",\"item\":\"https:\\\/\\\/www.igt.nl\\\/es\\\/?page_id=36171\"},{\"@type\":\"ListItem\",\"position\":2,\"name\":\"Tienda\",\"item\":\"https:\\\/\\\/www.igt.nl\\\/es\\\/?page_id=36068\"},{\"@type\":\"ListItem\",\"position\":3,\"name\":\"Probadores de tinta\",\"item\":\"https:\\\/\\\/www.igt.nl\\\/es\\\/product-categorie\\\/probadores-de-tinta\\\/\"},{\"@type\":\"ListItem\",\"position\":4,\"name\":\"Viscos\u00edmetro Laray Tipo T\"}]},{\"@type\":\"WebSite\",\"@id\":\"https:\\\/\\\/www.igt.nl\\\/es\\\/#website\",\"url\":\"https:\\\/\\\/www.igt.nl\\\/es\\\/\",\"name\":\"IGT Testing Systems\",\"description\":\"\",\"potentialAction\":[{\"@type\":\"SearchAction\",\"target\":{\"@type\":\"EntryPoint\",\"urlTemplate\":\"https:\\\/\\\/www.igt.nl\\\/es\\\/?s={search_term_string}\"},\"query-input\":{\"@type\":\"PropertyValueSpecification\",\"valueRequired\":true,\"valueName\":\"search_term_string\"}}],\"inLanguage\":\"es\"}]}<\/script>\n<!-- \/ Yoast SEO plugin. -->","yoast_head_json":{"title":"Viscos\u00edmetro Laray Tipo T - IGT Testing Systems","robots":{"index":"index","follow":"follow","max-snippet":"max-snippet:-1","max-image-preview":"max-image-preview:large","max-video-preview":"max-video-preview:-1"},"canonical":"https:\/\/www.igt.nl\/es\/producto\/viscosimetro-laray-tipo-t\/","og_locale":"es_ES","og_type":"article","og_title":"Viscos\u00edmetro Laray Tipo T - IGT Testing Systems","og_description":"El viscos\u00edmetro Laray est\u00e1 dise\u00f1ado para medir la viscosidad de materiales viscosos en circunstancias de temperatura controlada.","og_url":"https:\/\/www.igt.nl\/es\/producto\/viscosimetro-laray-tipo-t\/","og_site_name":"IGT Testing Systems","article_modified_time":"2025-12-17T08:02:50+00:00","og_image":[{"width":541,"height":993,"url":"https:\/\/www.igt.nl\/wp-content\/uploads\/Laray-LR.jpg","type":"image\/jpeg"}],"twitter_card":"summary_large_image","schema":{"@context":"https:\/\/schema.org","@graph":[{"@type":"WebPage","@id":"https:\/\/www.igt.nl\/es\/producto\/viscosimetro-laray-tipo-t\/","url":"https:\/\/www.igt.nl\/es\/producto\/viscosimetro-laray-tipo-t\/","name":"Viscos\u00edmetro Laray Tipo T - IGT Testing Systems","isPartOf":{"@id":"https:\/\/www.igt.nl\/es\/#website"},"primaryImageOfPage":{"@id":"https:\/\/www.igt.nl\/es\/producto\/viscosimetro-laray-tipo-t\/#primaryimage"},"image":{"@id":"https:\/\/www.igt.nl\/es\/producto\/viscosimetro-laray-tipo-t\/#primaryimage"},"thumbnailUrl":"https:\/\/www.igt.nl\/wp-content\/uploads\/Laray-LR.jpg","datePublished":"2019-07-19T10:00:31+00:00","dateModified":"2025-12-17T08:02:50+00:00","breadcrumb":{"@id":"https:\/\/www.igt.nl\/es\/producto\/viscosimetro-laray-tipo-t\/#breadcrumb"},"inLanguage":"es","potentialAction":[{"@type":"ReadAction","target":["https:\/\/www.igt.nl\/es\/producto\/viscosimetro-laray-tipo-t\/"]}]},{"@type":"ImageObject","inLanguage":"es","@id":"https:\/\/www.igt.nl\/es\/producto\/viscosimetro-laray-tipo-t\/#primaryimage","url":"https:\/\/www.igt.nl\/wp-content\/uploads\/Laray-LR.jpg","contentUrl":"https:\/\/www.igt.nl\/wp-content\/uploads\/Laray-LR.jpg","width":541,"height":993},{"@type":"BreadcrumbList","@id":"https:\/\/www.igt.nl\/es\/producto\/viscosimetro-laray-tipo-t\/#breadcrumb","itemListElement":[{"@type":"ListItem","position":1,"name":"Home","item":"https:\/\/www.igt.nl\/es\/?page_id=36171"},{"@type":"ListItem","position":2,"name":"Tienda","item":"https:\/\/www.igt.nl\/es\/?page_id=36068"},{"@type":"ListItem","position":3,"name":"Probadores de tinta","item":"https:\/\/www.igt.nl\/es\/product-categorie\/probadores-de-tinta\/"},{"@type":"ListItem","position":4,"name":"Viscos\u00edmetro Laray Tipo T"}]},{"@type":"WebSite","@id":"https:\/\/www.igt.nl\/es\/#website","url":"https:\/\/www.igt.nl\/es\/","name":"IGT Testing Systems","description":"","potentialAction":[{"@type":"SearchAction","target":{"@type":"EntryPoint","urlTemplate":"https:\/\/www.igt.nl\/es\/?s={search_term_string}"},"query-input":{"@type":"PropertyValueSpecification","valueRequired":true,"valueName":"search_term_string"}}],"inLanguage":"es"}]}},"_links":{"self":[{"href":"https:\/\/www.igt.nl\/es\/wp-json\/wp\/v2\/product\/38063","targetHints":{"allow":["GET"]}}],"collection":[{"href":"https:\/\/www.igt.nl\/es\/wp-json\/wp\/v2\/product"}],"about":[{"href":"https:\/\/www.igt.nl\/es\/wp-json\/wp\/v2\/types\/product"}],"replies":[{"embeddable":true,"href":"https:\/\/www.igt.nl\/es\/wp-json\/wp\/v2\/comments?post=38063"}],"wp:featuredmedia":[{"embeddable":true,"href":"https:\/\/www.igt.nl\/es\/wp-json\/wp\/v2\/media\/38065"}],"wp:attachment":[{"href":"https:\/\/www.igt.nl\/es\/wp-json\/wp\/v2\/media?parent=38063"}],"wp:term":[{"taxonomy":"product_brand","embeddable":true,"href":"https:\/\/www.igt.nl\/es\/wp-json\/wp\/v2\/product_brand?post=38063"},{"taxonomy":"product_cat","embeddable":true,"href":"https:\/\/www.igt.nl\/es\/wp-json\/wp\/v2\/product_cat?post=38063"},{"taxonomy":"product_tag","embeddable":true,"href":"https:\/\/www.igt.nl\/es\/wp-json\/wp\/v2\/product_tag?post=38063"}],"curies":[{"name":"wp","href":"https:\/\/api.w.org\/{rel}","templated":true}]}}