{"id":38069,"date":"2019-07-12T14:00:05","date_gmt":"2019-07-12T14:00:05","guid":{"rendered":"https:\/\/www.igt.nl\/?post_type=product&#038;p=38069"},"modified":"2025-12-17T08:02:52","modified_gmt":"2025-12-17T08:02:52","slug":"f1-100","status":"publish","type":"product","link":"https:\/\/www.igt.nl\/es\/producto\/f1-100\/","title":{"rendered":"F1-100"},"content":{"rendered":"<p>F1-100: comprobador de imprimibilidad para tintas flexogr\u00e1ficas. Tambi\u00e9n puede utilizarse para tintas de huecograbado. <\/p>\n<p>La mayor\u00eda de las veces basta con una anchura de impresi\u00f3n de 40 mm, pero a veces se desea una anchura de impresi\u00f3n mayor. Este dispositivo tiene su aplicaci\u00f3n m\u00e1s frecuente en la industria electr\u00f3nica. Con tintas y\/o sustratos especiales, una impresi\u00f3n m\u00e1s ancha puede dar una mejor apreciaci\u00f3n de la calidad de impresi\u00f3n.  <\/p>\n<p>La F1 es una impresora flexogr\u00e1fica universal que se puede utilizar con tintas con base de disolvente, tintas UV y tintas al agua en una amplia gama de sustratos. La F1 est\u00e1 disponible para imprimir sobre cart\u00f3n ondulado y huecograbado. <\/p>\n<ul>\n<li>Alta reproducibilidad<\/li>\n<li>F\u00e1cil de manejar<\/li>\n<li>Resultados coherentes<\/li>\n<\/ul>\n<p><strong>En todo el mundo, el mejor comprobador de imprimibilidad para tintas flexogr\u00e1ficas base disolvente, de curado UV y base agua.<\/strong><\/p>\n<p>\u00a1Incluye el modo huecograbado!<\/p>\n<p><strong>NUEVO: \u00a1Ahora preentintado del rodillo anilox para obtener resultados a\u00fan mejores!<\/strong><\/p>\n<p>Realiza tiras de color con tintas flexogr\u00e1ficas o de huecograbado que pueden utilizarse para muchos fines.<br \/>\nEspecialmente dise\u00f1ado para sistemas informatizados de medici\u00f3n y ajuste del color.<br \/>\nAhorra costes porque ya no son necesarias las pruebas de ajuste del color en las m\u00e1quinas de imprimir.<\/p>\n<p><strong>APLICACIONES<\/strong><br \/>\nEl comprobador de imprimibilidad F1 produce tiras de color adecuadas para muchos fines, como:<\/p>\n<ul>\n<li>Medir el color con sistemas de medici\u00f3n del color o espectrofot\u00f3metros.<\/li>\n<li>Uso en sistemas de igualaci\u00f3n de colores, apreciaci\u00f3n visual, mediciones de densidad, incluido el establecimiento de tolerancias de color y densidad y la determinaci\u00f3n de la cobertura, resistencia al desgaste, resistencia al rayado, flexibilidad, adherencia y brillo, transferencia de tinta, solidez a la luz y resistencia a los productos qu\u00edmicos.<\/li>\n<li>Comprobaci\u00f3n de la calidad de impresi\u00f3n.<\/li>\n<\/ul>\n<p>El comprobador F1 imprime todo tipo de materiales estucados y sin estucar: papel<br \/>\n, cart\u00f3n, film pl\u00e1stico, celof\u00e1n, laminados, etiquetas, textiles, etc.<\/p>\n<p>El comprobador F1 se utiliza en las siguientes industrias:<\/p>\n<ul>\n<li>tinta de imprenta, papel y cart\u00f3n, imprenta<\/li>\n<li>pl\u00e1sticos, envases y etiquetado<\/li>\n<li>resinas, lacas y revestimientos<\/li>\n<li>materias primas<\/li>\n<\/ul>\n<p><strong>PROPIEDADES<\/strong><br \/>\nLas principales propiedades de la F1 son:<\/p>\n<ul>\n<li>Sencillo de manejar y f\u00e1cilmente desplazable; muy fiable y de construcci\u00f3n robusta para un uso intensivo durante mucho tiempo; f\u00e1cil y r\u00e1pido de limpiar.<\/li>\n<li>Amplias posibilidades de procesamiento para diversos sustratos y tintas; sustrato, tinta, rodillo grabado (disponible en muchos tipos) y forma de impresi\u00f3n f\u00e1ciles y r\u00e1pidos de cambiar.<\/li>\n<li>Realiza una impresi\u00f3n de dos revoluciones anilox.<\/li>\n<li>Puedes entintar el anilox hasta nueve veces antes de realizar una impresi\u00f3n.<\/li>\n<li>Puedes entintar el fotopol\u00edmero hasta veinte veces antes de realizar la impresi\u00f3n.<\/li>\n<li>Excelente reproducibilidad, alto grado de simulaci\u00f3n de la pr\u00e1ctica real Control electr\u00f3nico de la fuerza y la velocidad de impresi\u00f3n.<\/li>\n<\/ul>\n<p><strong>FUNCIONAMIENTO<\/strong><br \/>\nEl comprobador F1 consta de una combinaci\u00f3n de secci\u00f3n de entintado con rodillo anilox grabado y rasqueta y una secci\u00f3n de impresi\u00f3n con forma de impresi\u00f3n (fotopol\u00edmero) y un cilindro de impresi\u00f3n. El sustrato se fija a un soporte y se coloca en la gu\u00eda del sustrato, entre la forma de impresi\u00f3n y el cilindro de impresi\u00f3n. Cuando se activa la F1, el disco anilox y el sustrato entran en contacto con la forma de impresi\u00f3n y la rasqueta entra en contacto con el anilox.  <\/p>\n<p>Con ayuda de una pipeta, se aplican unas gotas de tinta en el punto de contacto entre la rasqueta y el anilox. Durante la impresi\u00f3n, la tinta se limpia y se transfiere del disco anilox a la forma de impresi\u00f3n y de \u00e9sta al sustrato. A continuaci\u00f3n, la rasqueta, el disco anilox y el cilindro de impresi\u00f3n se levantan autom\u00e1ticamente. En el modo de revoluciones m\u00faltiples, el soporte de impresi\u00f3n se pone en contacto con la forma de impresi\u00f3n despu\u00e9s de realizar el n\u00famero de revoluciones preestablecido.   <\/p>\n<p>Se retira el soporte para su evaluaci\u00f3n. Se limpian el disco anilox, la rasqueta y la forma de impresi\u00f3n. En flexograf\u00eda, la calidad de impresi\u00f3n depende en gran medida de la velocidad de impresi\u00f3n, que puede ajustarse de 0,2 a 1,5 m\/s.  <\/p>\n<p>Se realiza una impresi\u00f3n de dos revoluciones porque as\u00ed se llena de tinta el disco grabado lo mejor posible. La segunda parte de la impresi\u00f3n es la m\u00e1s adecuada para la evaluaci\u00f3n. Entre el cilindro de impresi\u00f3n y la forma de impresi\u00f3n hay unos 4 mm de espacio, de modo que tambi\u00e9n se pueden imprimir materiales gruesos, como el cart\u00f3n ondulado.  <\/p>\n<p>La fuerza entre el anilox y la forma de impresi\u00f3n y entre la forma de impresi\u00f3n y el sustrato puede ajustarse independientemente entre 10 y 500 N.<br \/>\nEn el caso del modo huecograbado, la impresi\u00f3n se realiza sobre el sustrato que est\u00e1 montado directamente sobre el cilindro de la forma de impresi\u00f3n.<\/p>\n","protected":false},"excerpt":{"rendered":"<p>F1-100: comprobador de imprimibilidad para tintas flexogr\u00e1ficas; anchura de impresi\u00f3n de 95 mm<\/p>\n","protected":false},"featured_media":38070,"comment_status":"closed","ping_status":"closed","template":"","meta":{"_acf_changed":false,"inline_featured_image":false},"product_brand":[],"product_cat":[3438,3439,3435,3436],"product_tag":[],"class_list":{"0":"post-38069","1":"product","2":"type-product","3":"status-publish","4":"has-post-thumbnail","6":"product_cat-comprobadores-electronicos","7":"product_cat-flexo","8":"product_cat-probadores-de-tinta","9":"product_cat-probadores-graficos","10":"product_shipping_class-normaal","11":"pa_cleaning-modo-de-limpieza-para-anilox-y-forma-de-impresion","12":"pa_conformance-with-standards-iso-2834-2","13":"pa_conformance-with-standards-iso-2836","14":"pa_conformance-with-standards-iso-2846-3","15":"pa_conformance-with-standards-iso-2846-5","16":"pa_data-export-options-usb-archivo-csv","17":"pa_dimensions-d-x-w-x-h-cm-35-x-60-x-35","18":"pa_doctoring-system-doctor-blade-arrastre-60","19":"pa_forces-fuerza-anilox-10-500-n","20":"pa_forces-fuerza-de-impresion-10-500-n","21":"pa_guarantee-estandar-un-ano","22":"pa_inking-programs-numero-de-revoluciones-antes-de-imprimir-0-20","23":"pa_inking-programs-numero-de-revoluciones-del-rascador-0-9","24":"pa_inking-speeds-02-15-m-s","25":"pa_inks-or-liquids-tintas-flexograficas-y-de-huecograbado","26":"pa_interfaces-portal-usb","27":"pa_lifting-system-automaticamente","28":"pa_main-application-combinacion-de-colores","29":"pa_main-application-imprime-el-sustrato-con-tintas-flexograficas-o-de-huecograbado","30":"pa_main-application-medicion-del-color","31":"pa_main-application-mediciones-de-densidad-y-medicion-de-propiedades-como-resistencia-al-desgaste-resistencia-al-rayado-solidez-moteado-etc","32":"pa_main-application-valoracion-visual","33":"pa_maintenance-anual","34":"pa_maintenance-el-mantenimiento-y-la-calibracion-anuales-del-comprobador-pueden-ser-realizados-por-igt-testing-systems-o-por-empresas-autorizadas-por-igt-testing-systems","35":"pa_maintenance-para-un-uso-medio-se-recomienda-una-revision-una-vez-al-ano","36":"pa_maintenance-puedes-obtener-informacion-de-tu-proveedor-o-del-agente-local","37":"pa_power-supply-requirements-100-240-v-25-at-250-va-50-60-hz","38":"pa_pre-programmed-tests-los-metodos-de-prueba-y-ajustes-estandar-estan-preestablecidos-en-el-menu","39":"pa_pre-programmed-tests-si-lo-deseas-el-usuario-puede-cambiarlas-facilmente","40":"pa_print-length-and-width-mm-2x-200-x-40","41":"pa_printing-discs-cromado-en-cobre-grabado","42":"pa_printing-discs-discos-anilox-ceramicos-grabados-por-laser","43":"pa_printing-discs-varios-reglamentos-de-linea-y-volumenes","44":"pa_sector-positioning-automaticamente","45":"pa_sector-type-and-options-diametro-intercambiable-156-171-mm","46":"pa_shaft-positioning-automaticamente","47":"pa_software-updates-por-usb","48":"pa_speed-range-and-modes-constante-02-15-m-s","49":"pa_substrate-requirements-sustratos-flexibles","50":"pa_substrate-requirements-sustratos-rigidos","51":"pa_weight-35-kg","53":"first","54":"instock","55":"shipping-taxable","56":"purchasable","57":"product-type-simple"},"acf":[],"yoast_head":"<!-- This site is optimized with the Yoast SEO plugin v27.3 - https:\/\/yoast.com\/product\/yoast-seo-wordpress\/ -->\n<title>F1-100 - IGT Testing Systems<\/title>\n<meta name=\"description\" content=\"F1-100: comprobador de imprimibilidad para tintas flexogr\u00e1ficas. Dispone de un modo de huecograbado opcional. F\u00e1cil de manejar y desplazar; excelente reproducibilidad.\" \/>\n<meta name=\"robots\" content=\"index, follow, max-snippet:-1, max-image-preview:large, max-video-preview:-1\" \/>\n<link rel=\"canonical\" href=\"https:\/\/www.igt.nl\/es\/producto\/f1-100\/\" \/>\n<meta property=\"og:locale\" content=\"es_ES\" \/>\n<meta property=\"og:type\" content=\"article\" \/>\n<meta property=\"og:title\" content=\"F1-100 - IGT Testing Systems\" \/>\n<meta property=\"og:description\" content=\"F1-100: comprobador de imprimibilidad para tintas flexogr\u00e1ficas. Dispone de un modo de huecograbado opcional. F\u00e1cil de manejar y desplazar; excelente reproducibilidad.\" \/>\n<meta property=\"og:url\" content=\"https:\/\/www.igt.nl\/es\/producto\/f1-100\/\" \/>\n<meta property=\"og:site_name\" content=\"IGT Testing Systems\" \/>\n<meta property=\"article:modified_time\" content=\"2025-12-17T08:02:52+00:00\" \/>\n<meta property=\"og:image\" content=\"https:\/\/www.igt.nl\/wp-content\/uploads\/472.000.000-F1-100_MGF6181-vs-rvs-1-1.jpg\" \/>\n\t<meta property=\"og:image:width\" content=\"675\" \/>\n\t<meta property=\"og:image:height\" content=\"675\" \/>\n\t<meta property=\"og:image:type\" content=\"image\/jpeg\" \/>\n<meta name=\"twitter:card\" content=\"summary_large_image\" \/>\n<meta name=\"twitter:label1\" content=\"Tiempo de lectura\" \/>\n\t<meta name=\"twitter:data1\" content=\"4 minutos\" \/>\n<script type=\"application\/ld+json\" class=\"yoast-schema-graph\">{\"@context\":\"https:\\\/\\\/schema.org\",\"@graph\":[{\"@type\":\"WebPage\",\"@id\":\"https:\\\/\\\/www.igt.nl\\\/es\\\/producto\\\/f1-100\\\/\",\"url\":\"https:\\\/\\\/www.igt.nl\\\/es\\\/producto\\\/f1-100\\\/\",\"name\":\"F1-100 - IGT Testing Systems\",\"isPartOf\":{\"@id\":\"https:\\\/\\\/www.igt.nl\\\/es\\\/#website\"},\"primaryImageOfPage\":{\"@id\":\"https:\\\/\\\/www.igt.nl\\\/es\\\/producto\\\/f1-100\\\/#primaryimage\"},\"image\":{\"@id\":\"https:\\\/\\\/www.igt.nl\\\/es\\\/producto\\\/f1-100\\\/#primaryimage\"},\"thumbnailUrl\":\"https:\\\/\\\/www.igt.nl\\\/wp-content\\\/uploads\\\/472.000.000-F1-100_MGF6181-vs-rvs-1-1.jpg\",\"datePublished\":\"2019-07-12T14:00:05+00:00\",\"dateModified\":\"2025-12-17T08:02:52+00:00\",\"description\":\"F1-100: comprobador de imprimibilidad para tintas flexogr\u00e1ficas. Dispone de un modo de huecograbado opcional. F\u00e1cil de manejar y desplazar; excelente reproducibilidad.\",\"breadcrumb\":{\"@id\":\"https:\\\/\\\/www.igt.nl\\\/es\\\/producto\\\/f1-100\\\/#breadcrumb\"},\"inLanguage\":\"es\",\"potentialAction\":[{\"@type\":\"ReadAction\",\"target\":[\"https:\\\/\\\/www.igt.nl\\\/es\\\/producto\\\/f1-100\\\/\"]}]},{\"@type\":\"ImageObject\",\"inLanguage\":\"es\",\"@id\":\"https:\\\/\\\/www.igt.nl\\\/es\\\/producto\\\/f1-100\\\/#primaryimage\",\"url\":\"https:\\\/\\\/www.igt.nl\\\/wp-content\\\/uploads\\\/472.000.000-F1-100_MGF6181-vs-rvs-1-1.jpg\",\"contentUrl\":\"https:\\\/\\\/www.igt.nl\\\/wp-content\\\/uploads\\\/472.000.000-F1-100_MGF6181-vs-rvs-1-1.jpg\",\"width\":675,\"height\":675},{\"@type\":\"BreadcrumbList\",\"@id\":\"https:\\\/\\\/www.igt.nl\\\/es\\\/producto\\\/f1-100\\\/#breadcrumb\",\"itemListElement\":[{\"@type\":\"ListItem\",\"position\":1,\"name\":\"Home\",\"item\":\"https:\\\/\\\/www.igt.nl\\\/es\\\/?page_id=36171\"},{\"@type\":\"ListItem\",\"position\":2,\"name\":\"Tienda\",\"item\":\"https:\\\/\\\/www.igt.nl\\\/es\\\/?page_id=36068\"},{\"@type\":\"ListItem\",\"position\":3,\"name\":\"Comprobadores electr\u00f3nicos\",\"item\":\"https:\\\/\\\/www.igt.nl\\\/es\\\/product-categorie\\\/comprobadores-electronicos\\\/\"},{\"@type\":\"ListItem\",\"position\":4,\"name\":\"F1-100\"}]},{\"@type\":\"WebSite\",\"@id\":\"https:\\\/\\\/www.igt.nl\\\/es\\\/#website\",\"url\":\"https:\\\/\\\/www.igt.nl\\\/es\\\/\",\"name\":\"IGT Testing Systems\",\"description\":\"\",\"potentialAction\":[{\"@type\":\"SearchAction\",\"target\":{\"@type\":\"EntryPoint\",\"urlTemplate\":\"https:\\\/\\\/www.igt.nl\\\/es\\\/?s={search_term_string}\"},\"query-input\":{\"@type\":\"PropertyValueSpecification\",\"valueRequired\":true,\"valueName\":\"search_term_string\"}}],\"inLanguage\":\"es\"}]}<\/script>\n<!-- \/ Yoast SEO plugin. -->","yoast_head_json":{"title":"F1-100 - IGT Testing Systems","description":"F1-100: comprobador de imprimibilidad para tintas flexogr\u00e1ficas. Dispone de un modo de huecograbado opcional. F\u00e1cil de manejar y desplazar; excelente reproducibilidad.","robots":{"index":"index","follow":"follow","max-snippet":"max-snippet:-1","max-image-preview":"max-image-preview:large","max-video-preview":"max-video-preview:-1"},"canonical":"https:\/\/www.igt.nl\/es\/producto\/f1-100\/","og_locale":"es_ES","og_type":"article","og_title":"F1-100 - IGT Testing Systems","og_description":"F1-100: comprobador de imprimibilidad para tintas flexogr\u00e1ficas. Dispone de un modo de huecograbado opcional. F\u00e1cil de manejar y desplazar; excelente reproducibilidad.","og_url":"https:\/\/www.igt.nl\/es\/producto\/f1-100\/","og_site_name":"IGT Testing Systems","article_modified_time":"2025-12-17T08:02:52+00:00","og_image":[{"width":675,"height":675,"url":"https:\/\/www.igt.nl\/wp-content\/uploads\/472.000.000-F1-100_MGF6181-vs-rvs-1-1.jpg","type":"image\/jpeg"}],"twitter_card":"summary_large_image","twitter_misc":{"Tiempo de lectura":"4 minutos"},"schema":{"@context":"https:\/\/schema.org","@graph":[{"@type":"WebPage","@id":"https:\/\/www.igt.nl\/es\/producto\/f1-100\/","url":"https:\/\/www.igt.nl\/es\/producto\/f1-100\/","name":"F1-100 - IGT Testing Systems","isPartOf":{"@id":"https:\/\/www.igt.nl\/es\/#website"},"primaryImageOfPage":{"@id":"https:\/\/www.igt.nl\/es\/producto\/f1-100\/#primaryimage"},"image":{"@id":"https:\/\/www.igt.nl\/es\/producto\/f1-100\/#primaryimage"},"thumbnailUrl":"https:\/\/www.igt.nl\/wp-content\/uploads\/472.000.000-F1-100_MGF6181-vs-rvs-1-1.jpg","datePublished":"2019-07-12T14:00:05+00:00","dateModified":"2025-12-17T08:02:52+00:00","description":"F1-100: comprobador de imprimibilidad para tintas flexogr\u00e1ficas. Dispone de un modo de huecograbado opcional. F\u00e1cil de manejar y desplazar; excelente reproducibilidad.","breadcrumb":{"@id":"https:\/\/www.igt.nl\/es\/producto\/f1-100\/#breadcrumb"},"inLanguage":"es","potentialAction":[{"@type":"ReadAction","target":["https:\/\/www.igt.nl\/es\/producto\/f1-100\/"]}]},{"@type":"ImageObject","inLanguage":"es","@id":"https:\/\/www.igt.nl\/es\/producto\/f1-100\/#primaryimage","url":"https:\/\/www.igt.nl\/wp-content\/uploads\/472.000.000-F1-100_MGF6181-vs-rvs-1-1.jpg","contentUrl":"https:\/\/www.igt.nl\/wp-content\/uploads\/472.000.000-F1-100_MGF6181-vs-rvs-1-1.jpg","width":675,"height":675},{"@type":"BreadcrumbList","@id":"https:\/\/www.igt.nl\/es\/producto\/f1-100\/#breadcrumb","itemListElement":[{"@type":"ListItem","position":1,"name":"Home","item":"https:\/\/www.igt.nl\/es\/?page_id=36171"},{"@type":"ListItem","position":2,"name":"Tienda","item":"https:\/\/www.igt.nl\/es\/?page_id=36068"},{"@type":"ListItem","position":3,"name":"Comprobadores electr\u00f3nicos","item":"https:\/\/www.igt.nl\/es\/product-categorie\/comprobadores-electronicos\/"},{"@type":"ListItem","position":4,"name":"F1-100"}]},{"@type":"WebSite","@id":"https:\/\/www.igt.nl\/es\/#website","url":"https:\/\/www.igt.nl\/es\/","name":"IGT Testing Systems","description":"","potentialAction":[{"@type":"SearchAction","target":{"@type":"EntryPoint","urlTemplate":"https:\/\/www.igt.nl\/es\/?s={search_term_string}"},"query-input":{"@type":"PropertyValueSpecification","valueRequired":true,"valueName":"search_term_string"}}],"inLanguage":"es"}]}},"_links":{"self":[{"href":"https:\/\/www.igt.nl\/es\/wp-json\/wp\/v2\/product\/38069","targetHints":{"allow":["GET"]}}],"collection":[{"href":"https:\/\/www.igt.nl\/es\/wp-json\/wp\/v2\/product"}],"about":[{"href":"https:\/\/www.igt.nl\/es\/wp-json\/wp\/v2\/types\/product"}],"replies":[{"embeddable":true,"href":"https:\/\/www.igt.nl\/es\/wp-json\/wp\/v2\/comments?post=38069"}],"wp:featuredmedia":[{"embeddable":true,"href":"https:\/\/www.igt.nl\/es\/wp-json\/wp\/v2\/media\/38070"}],"wp:attachment":[{"href":"https:\/\/www.igt.nl\/es\/wp-json\/wp\/v2\/media?parent=38069"}],"wp:term":[{"taxonomy":"product_brand","embeddable":true,"href":"https:\/\/www.igt.nl\/es\/wp-json\/wp\/v2\/product_brand?post=38069"},{"taxonomy":"product_cat","embeddable":true,"href":"https:\/\/www.igt.nl\/es\/wp-json\/wp\/v2\/product_cat?post=38069"},{"taxonomy":"product_tag","embeddable":true,"href":"https:\/\/www.igt.nl\/es\/wp-json\/wp\/v2\/product_tag?post=38069"}],"curies":[{"name":"wp","href":"https:\/\/api.w.org\/{rel}","templated":true}]}}