{"id":38071,"date":"2019-07-19T13:00:35","date_gmt":"2019-07-19T13:00:35","guid":{"rendered":"https:\/\/www.igt.nl\/?post_type=product&#038;p=38071"},"modified":"2025-12-17T08:02:49","modified_gmt":"2025-12-17T08:02:49","slug":"tackoscope-3-modelo-lc","status":"publish","type":"product","link":"https:\/\/www.igt.nl\/es\/producto\/tackoscope-3-modelo-lc\/","title":{"rendered":"TackOscope-3 modelo LC"},"content":{"rendered":"<p>TackOscope 3 LC: Instrumento para medir la pegajosidad de una tinta en pasta o barniz y\/o medir el comportamiento de emulsificaci\u00f3n de una tinta en pasta utilizando distintos soportes.<\/p>\n<p>El TackOscopio IGT mide la adherencia de las tintas de impresi\u00f3n y otras pastas. Los fabricantes de tintas, los impresores y los proveedores de materias primas tienen que cumplir normas de calidad muy estrictas, para garantizar la calidad de la tinta en un entorno de producci\u00f3n e I+D. Es importante utilizar un instrumento que mida la adherencia de una tinta de forma r\u00e1pida y eficaz. La alta precisi\u00f3n, el bajo mantenimiento y el funcionamiento sencillo garantizan resultados uniformes.   <\/p>\n<p>El IGT TackOscope se basa en el sistema de tres rodillos con rodillo central accionado, rodillo de distribuci\u00f3n y rodillo de medici\u00f3n seg\u00fan ASTM D 4361 e ISO 12634<\/p>\n<p><strong>Aplicaciones<\/strong><br \/>\nEl TackOscopio IGT mide la adherencia de la tinta y produce valores de adherencia reproducibles. El TackOscopio utiliza un sistema de medici\u00f3n espec\u00edfico para medir los valores de adherencia de las tintas. Gracias a este sistema, las mediciones son mucho m\u00e1s fiables y uniformes que nunca.  <\/p>\n<p>Los fabricantes de tintas utilizan los valores de adherencia para garantizar la calidad de las tintas que suministran al sector de las artes gr\u00e1ficas. Para la investigaci\u00f3n, el TackOscope se utiliza para desarrollar nuevas tintas. Los proveedores de materias primas pueden garantizar la calidad de sus productos antes de suministrarlos a sus clientes.  <\/p>\n<p>Debido a la gran repetibilidad y reproducibilidad de los valores de adherencia medidos con el TackOscope IGT, es un instrumento excelente para muchas empresas que operan a nivel internacional. Los valores de adherencia pueden intercambiarse de forma fiable entre instalaciones para garantizar una calidad homog\u00e9nea en todo el mundo. <\/p>\n<p>En comparaci\u00f3n con el TackOscope II, los mayores cambios son el ordenador incorporado y el ba\u00f1o de agua termost\u00e1tico. Adem\u00e1s, el TackOscope III dispone de un sistema automatizado de elevaci\u00f3n del rodillo de medici\u00f3n y distribuci\u00f3n.<br \/>\nCon estas nuevas caracter\u00edsticas, se han mejorado la repetibilidad y la reproducibilidad, y es posible un funcionamiento totalmente automatizado. Adem\u00e1s, existe la opci\u00f3n de entregar el TackOscope III con una funci\u00f3n LithOscope incorporada, el TackOscope III modelo LC. La opci\u00f3n LithOscope del TackOscope III LC permite la inspecci\u00f3n automatizada (v\u00eddeo) y la evaluaci\u00f3n de la capacidad de limpieza de la placa de un emulsionado. Para ello, se introduce en la tinta un volumen exactamente conocido de soluci\u00f3n de mojado en forma de niebla de gotas muy peque\u00f1as.    <\/p>\n","protected":false},"excerpt":{"rendered":"<p>Instrumento para medir la pegajosidad de una tinta en pasta o barniz y\/o medir el comportamiento de emulsificaci\u00f3n de una tinta en pasta utilizando diferentes fuentes.<\/p>\n","protected":false},"featured_media":38073,"comment_status":"closed","ping_status":"closed","template":"","meta":{"_acf_changed":false,"inline_featured_image":false},"product_brand":[],"product_cat":[3435,4257],"product_tag":[],"class_list":{"0":"post-38071","1":"product","2":"type-product","3":"status-publish","4":"has-post-thumbnail","6":"product_cat-probadores-de-tinta","7":"product_cat-tack","8":"product_shipping_class-normaal","9":"pa_weight-81-kg","11":"first","12":"instock","13":"featured","14":"shipping-taxable","15":"purchasable","16":"product-type-simple"},"acf":[],"yoast_head":"<!-- This site is optimized with the Yoast SEO plugin v27.3 - https:\/\/yoast.com\/product\/yoast-seo-wordpress\/ -->\n<title>TackOscope-3 modelo LC - IGT Testing Systems<\/title>\n<meta name=\"description\" content=\"Instrumento para medir la pegajosidad de una tinta en pasta o barniz y\/o medir el comportamiento de emulsificaci\u00f3n de una tinta en pasta utilizando diferentes soportes.\" \/>\n<meta name=\"robots\" content=\"index, follow, max-snippet:-1, max-image-preview:large, max-video-preview:-1\" \/>\n<link rel=\"canonical\" href=\"https:\/\/www.igt.nl\/es\/producto\/tackoscope-3-modelo-lc\/\" \/>\n<meta property=\"og:locale\" content=\"es_ES\" \/>\n<meta property=\"og:type\" content=\"article\" \/>\n<meta property=\"og:title\" content=\"TackOscope-3 modelo LC - IGT Testing Systems\" \/>\n<meta property=\"og:description\" content=\"Instrumento para medir la pegajosidad de una tinta en pasta o barniz y\/o medir el comportamiento de emulsificaci\u00f3n de una tinta en pasta utilizando diferentes soportes.\" \/>\n<meta property=\"og:url\" content=\"https:\/\/www.igt.nl\/es\/producto\/tackoscope-3-modelo-lc\/\" \/>\n<meta property=\"og:site_name\" content=\"IGT Testing Systems\" \/>\n<meta property=\"article:modified_time\" content=\"2025-12-17T08:02:49+00:00\" \/>\n<meta property=\"og:image\" content=\"https:\/\/www.igt.nl\/wp-content\/uploads\/TOS-3-LC-vrijstaand-700x700-1.jpg\" \/>\n\t<meta property=\"og:image:width\" content=\"700\" \/>\n\t<meta property=\"og:image:height\" content=\"700\" \/>\n\t<meta property=\"og:image:type\" content=\"image\/jpeg\" \/>\n<meta name=\"twitter:card\" content=\"summary_large_image\" \/>\n<meta name=\"twitter:label1\" content=\"Tiempo de lectura\" \/>\n\t<meta name=\"twitter:data1\" content=\"2 minutos\" \/>\n<script type=\"application\/ld+json\" class=\"yoast-schema-graph\">{\"@context\":\"https:\\\/\\\/schema.org\",\"@graph\":[{\"@type\":\"WebPage\",\"@id\":\"https:\\\/\\\/www.igt.nl\\\/es\\\/producto\\\/tackoscope-3-modelo-lc\\\/\",\"url\":\"https:\\\/\\\/www.igt.nl\\\/es\\\/producto\\\/tackoscope-3-modelo-lc\\\/\",\"name\":\"TackOscope-3 modelo LC - IGT Testing Systems\",\"isPartOf\":{\"@id\":\"https:\\\/\\\/www.igt.nl\\\/es\\\/#website\"},\"primaryImageOfPage\":{\"@id\":\"https:\\\/\\\/www.igt.nl\\\/es\\\/producto\\\/tackoscope-3-modelo-lc\\\/#primaryimage\"},\"image\":{\"@id\":\"https:\\\/\\\/www.igt.nl\\\/es\\\/producto\\\/tackoscope-3-modelo-lc\\\/#primaryimage\"},\"thumbnailUrl\":\"https:\\\/\\\/www.igt.nl\\\/wp-content\\\/uploads\\\/TOS-3-LC-vrijstaand-700x700-1.jpg\",\"datePublished\":\"2019-07-19T13:00:35+00:00\",\"dateModified\":\"2025-12-17T08:02:49+00:00\",\"description\":\"Instrumento para medir la pegajosidad de una tinta en pasta o barniz y\\\/o medir el comportamiento de emulsificaci\u00f3n de una tinta en pasta utilizando diferentes soportes.\",\"breadcrumb\":{\"@id\":\"https:\\\/\\\/www.igt.nl\\\/es\\\/producto\\\/tackoscope-3-modelo-lc\\\/#breadcrumb\"},\"inLanguage\":\"es\",\"potentialAction\":[{\"@type\":\"ReadAction\",\"target\":[\"https:\\\/\\\/www.igt.nl\\\/es\\\/producto\\\/tackoscope-3-modelo-lc\\\/\"]}]},{\"@type\":\"ImageObject\",\"inLanguage\":\"es\",\"@id\":\"https:\\\/\\\/www.igt.nl\\\/es\\\/producto\\\/tackoscope-3-modelo-lc\\\/#primaryimage\",\"url\":\"https:\\\/\\\/www.igt.nl\\\/wp-content\\\/uploads\\\/TOS-3-LC-vrijstaand-700x700-1.jpg\",\"contentUrl\":\"https:\\\/\\\/www.igt.nl\\\/wp-content\\\/uploads\\\/TOS-3-LC-vrijstaand-700x700-1.jpg\",\"width\":700,\"height\":700},{\"@type\":\"BreadcrumbList\",\"@id\":\"https:\\\/\\\/www.igt.nl\\\/es\\\/producto\\\/tackoscope-3-modelo-lc\\\/#breadcrumb\",\"itemListElement\":[{\"@type\":\"ListItem\",\"position\":1,\"name\":\"Home\",\"item\":\"https:\\\/\\\/www.igt.nl\\\/es\\\/?page_id=36171\"},{\"@type\":\"ListItem\",\"position\":2,\"name\":\"Tienda\",\"item\":\"https:\\\/\\\/www.igt.nl\\\/es\\\/?page_id=36068\"},{\"@type\":\"ListItem\",\"position\":3,\"name\":\"Probadores de tinta\",\"item\":\"https:\\\/\\\/www.igt.nl\\\/es\\\/product-categorie\\\/probadores-de-tinta\\\/\"},{\"@type\":\"ListItem\",\"position\":4,\"name\":\"TackOscope-3 modelo LC\"}]},{\"@type\":\"WebSite\",\"@id\":\"https:\\\/\\\/www.igt.nl\\\/es\\\/#website\",\"url\":\"https:\\\/\\\/www.igt.nl\\\/es\\\/\",\"name\":\"IGT Testing Systems\",\"description\":\"\",\"potentialAction\":[{\"@type\":\"SearchAction\",\"target\":{\"@type\":\"EntryPoint\",\"urlTemplate\":\"https:\\\/\\\/www.igt.nl\\\/es\\\/?s={search_term_string}\"},\"query-input\":{\"@type\":\"PropertyValueSpecification\",\"valueRequired\":true,\"valueName\":\"search_term_string\"}}],\"inLanguage\":\"es\"}]}<\/script>\n<!-- \/ Yoast SEO plugin. -->","yoast_head_json":{"title":"TackOscope-3 modelo LC - IGT Testing Systems","description":"Instrumento para medir la pegajosidad de una tinta en pasta o barniz y\/o medir el comportamiento de emulsificaci\u00f3n de una tinta en pasta utilizando diferentes soportes.","robots":{"index":"index","follow":"follow","max-snippet":"max-snippet:-1","max-image-preview":"max-image-preview:large","max-video-preview":"max-video-preview:-1"},"canonical":"https:\/\/www.igt.nl\/es\/producto\/tackoscope-3-modelo-lc\/","og_locale":"es_ES","og_type":"article","og_title":"TackOscope-3 modelo LC - IGT Testing Systems","og_description":"Instrumento para medir la pegajosidad de una tinta en pasta o barniz y\/o medir el comportamiento de emulsificaci\u00f3n de una tinta en pasta utilizando diferentes soportes.","og_url":"https:\/\/www.igt.nl\/es\/producto\/tackoscope-3-modelo-lc\/","og_site_name":"IGT Testing Systems","article_modified_time":"2025-12-17T08:02:49+00:00","og_image":[{"width":700,"height":700,"url":"https:\/\/www.igt.nl\/wp-content\/uploads\/TOS-3-LC-vrijstaand-700x700-1.jpg","type":"image\/jpeg"}],"twitter_card":"summary_large_image","twitter_misc":{"Tiempo de lectura":"2 minutos"},"schema":{"@context":"https:\/\/schema.org","@graph":[{"@type":"WebPage","@id":"https:\/\/www.igt.nl\/es\/producto\/tackoscope-3-modelo-lc\/","url":"https:\/\/www.igt.nl\/es\/producto\/tackoscope-3-modelo-lc\/","name":"TackOscope-3 modelo LC - IGT Testing Systems","isPartOf":{"@id":"https:\/\/www.igt.nl\/es\/#website"},"primaryImageOfPage":{"@id":"https:\/\/www.igt.nl\/es\/producto\/tackoscope-3-modelo-lc\/#primaryimage"},"image":{"@id":"https:\/\/www.igt.nl\/es\/producto\/tackoscope-3-modelo-lc\/#primaryimage"},"thumbnailUrl":"https:\/\/www.igt.nl\/wp-content\/uploads\/TOS-3-LC-vrijstaand-700x700-1.jpg","datePublished":"2019-07-19T13:00:35+00:00","dateModified":"2025-12-17T08:02:49+00:00","description":"Instrumento para medir la pegajosidad de una tinta en pasta o barniz y\/o medir el comportamiento de emulsificaci\u00f3n de una tinta en pasta utilizando diferentes soportes.","breadcrumb":{"@id":"https:\/\/www.igt.nl\/es\/producto\/tackoscope-3-modelo-lc\/#breadcrumb"},"inLanguage":"es","potentialAction":[{"@type":"ReadAction","target":["https:\/\/www.igt.nl\/es\/producto\/tackoscope-3-modelo-lc\/"]}]},{"@type":"ImageObject","inLanguage":"es","@id":"https:\/\/www.igt.nl\/es\/producto\/tackoscope-3-modelo-lc\/#primaryimage","url":"https:\/\/www.igt.nl\/wp-content\/uploads\/TOS-3-LC-vrijstaand-700x700-1.jpg","contentUrl":"https:\/\/www.igt.nl\/wp-content\/uploads\/TOS-3-LC-vrijstaand-700x700-1.jpg","width":700,"height":700},{"@type":"BreadcrumbList","@id":"https:\/\/www.igt.nl\/es\/producto\/tackoscope-3-modelo-lc\/#breadcrumb","itemListElement":[{"@type":"ListItem","position":1,"name":"Home","item":"https:\/\/www.igt.nl\/es\/?page_id=36171"},{"@type":"ListItem","position":2,"name":"Tienda","item":"https:\/\/www.igt.nl\/es\/?page_id=36068"},{"@type":"ListItem","position":3,"name":"Probadores de tinta","item":"https:\/\/www.igt.nl\/es\/product-categorie\/probadores-de-tinta\/"},{"@type":"ListItem","position":4,"name":"TackOscope-3 modelo LC"}]},{"@type":"WebSite","@id":"https:\/\/www.igt.nl\/es\/#website","url":"https:\/\/www.igt.nl\/es\/","name":"IGT Testing Systems","description":"","potentialAction":[{"@type":"SearchAction","target":{"@type":"EntryPoint","urlTemplate":"https:\/\/www.igt.nl\/es\/?s={search_term_string}"},"query-input":{"@type":"PropertyValueSpecification","valueRequired":true,"valueName":"search_term_string"}}],"inLanguage":"es"}]}},"_links":{"self":[{"href":"https:\/\/www.igt.nl\/es\/wp-json\/wp\/v2\/product\/38071","targetHints":{"allow":["GET"]}}],"collection":[{"href":"https:\/\/www.igt.nl\/es\/wp-json\/wp\/v2\/product"}],"about":[{"href":"https:\/\/www.igt.nl\/es\/wp-json\/wp\/v2\/types\/product"}],"replies":[{"embeddable":true,"href":"https:\/\/www.igt.nl\/es\/wp-json\/wp\/v2\/comments?post=38071"}],"wp:featuredmedia":[{"embeddable":true,"href":"https:\/\/www.igt.nl\/es\/wp-json\/wp\/v2\/media\/38073"}],"wp:attachment":[{"href":"https:\/\/www.igt.nl\/es\/wp-json\/wp\/v2\/media?parent=38071"}],"wp:term":[{"taxonomy":"product_brand","embeddable":true,"href":"https:\/\/www.igt.nl\/es\/wp-json\/wp\/v2\/product_brand?post=38071"},{"taxonomy":"product_cat","embeddable":true,"href":"https:\/\/www.igt.nl\/es\/wp-json\/wp\/v2\/product_cat?post=38071"},{"taxonomy":"product_tag","embeddable":true,"href":"https:\/\/www.igt.nl\/es\/wp-json\/wp\/v2\/product_tag?post=38071"}],"curies":[{"name":"wp","href":"https:\/\/api.w.org\/{rel}","templated":true}]}}