{"id":38077,"date":"2019-07-19T12:00:09","date_gmt":"2019-07-19T12:00:09","guid":{"rendered":"https:\/\/www.igt.nl\/?post_type=product&#038;p=38077"},"modified":"2025-12-17T08:02:50","modified_gmt":"2025-12-17T08:02:50","slug":"viscosimetro-laray-automatizado","status":"publish","type":"product","link":"https:\/\/www.igt.nl\/es\/producto\/viscosimetro-laray-automatizado\/","title":{"rendered":"Viscos\u00edmetro Laray Automatizado"},"content":{"rendered":"<p>El viscos\u00edmetro IGT Laray est\u00e1 dise\u00f1ado para medir la viscosidad de la mayor\u00eda de los materiales viscosos, especialmente de barnices, aceites (muy) viscosos y tintas de impresi\u00f3n en pasta.<\/p>\n<p>La viscosidad es el rozamiento interno de un l\u00edquido en movimiento. En t\u00e9rminos cotidianos, es el espesor del fluido. La viscosidad \u03b7 (Pa.s) se define generalmente como la relaci\u00f3n entre el esfuerzo cortante \u03c3 (Pa) y la velocidad de cizallamiento \u03d2 (1\/s). En un gr\u00e1fico, esta relaci\u00f3n puede formar una l\u00ednea recta o curva.   <\/p>\n<p>Con el viscos\u00edmetro Laray, la velocidad de cizallamiento se puede calcular a partir del tiempo de ca\u00edda de la varilla y la tensi\u00f3n de cizallamiento se puede calcular a partir de los pesos utilizados. El viscos\u00edmetro autom\u00e1tico Laray est\u00e1 equipado con un programa inform\u00e1tico de c\u00e1lculo. Este programa, pone la velocidad de cizallamiento y la tensi\u00f3n de cizallamiento en un gr\u00e1fico. La viscosidad es el rec\u00edproco de la pendiente de la l\u00ednea.   <\/p>\n<p>La viscosidad s\u00f3lo puede calcularse con este programa cuando la relaci\u00f3n entre el esfuerzo cortante y la velocidad de cizallamiento es una l\u00ednea recta. Esto es cierto para un l\u00edquido newtoniano y un pl\u00e1stico de Bingham. Un l\u00edquido newtoniano da una l\u00ednea recta que pasa por el origen, \u03b7 = \u03c3\/ \u03d2.  <\/p>\n<p>Un pl\u00e1stico de Bingham necesita una tensi\u00f3n m\u00ednima, la tensi\u00f3n de fluencia \u03c30, para iniciar el flujo. En el gr\u00e1fico en formato Excel puedes observar cu\u00e1ndo el l\u00edquido es un pl\u00e1stico de Bingham cuando la l\u00ednea recta no pasa por el origen, sino que cruza el eje X en un punto determinado (\u03b7 = (\u03c3-\u03c30) \/ \u03d2). Este punto es el l\u00edmite el\u00e1stico. Puedes encontrar este valor en los c\u00e1lculos.   <\/p>\n<h4>Software<\/h4>\n<p>El software incorporado est\u00e1 basado en Android y se ha programado de forma que su uso sea muy intuitivo y f\u00e1cil. Est\u00e1 listo para usar en cuanto aparece el Men\u00fa Principal en la pantalla. <\/p>\n<h4>M\u00e9todo de funcionamiento<\/h4>\n<ul>\n<li>La boquilla entre la varilla y el vaso se llena con la tinta que se va a probar.<\/li>\n<li>Tras soltar la varilla, \u00e9sta pasa por dos sensores. El primer sensor inicia la medici\u00f3n, el segundo la detiene. <\/li>\n<li>La velocidad a la que cae la varilla depende del peso colocado encima de ella.<\/li>\n<li>Tras la prueba, los datos pueden revisarse y transferirse a un PC mediante una memoria USB.<\/li>\n<\/ul>\n<h4>Normas<\/h4>\n<p>El m\u00e9todo de prueba de la varilla descendente, as\u00ed como el propio instrumento, se han normalizado seg\u00fan la norma ISO 12644, Determinaci\u00f3n de las propiedades reol\u00f3gicas de las tintas en pasta y los veh\u00edculos mediante viscos\u00edmetro de varilla descendente, y la norma DIN 53222.<\/p>\n","protected":false},"excerpt":{"rendered":"<p>Dispositivo para medir la viscosidad de materiales viscosos, como barnices, aceites muy viscosos y tintas de impresi\u00f3n en pasta.<\/p>\n","protected":false},"featured_media":38079,"comment_status":"closed","ping_status":"closed","template":"","meta":{"_acf_changed":false,"inline_featured_image":false},"product_brand":[],"product_cat":[3864,3438,3435,3956],"product_tag":[],"class_list":{"0":"post-38077","1":"product","2":"type-product","3":"status-publish","4":"has-post-thumbnail","6":"product_cat-cocina-de-tinta","7":"product_cat-comprobadores-electronicos","8":"product_cat-probadores-de-tinta","9":"product_cat-reologia","10":"product_shipping_class-normaal","11":"pa_guarantee-estandar-un-ano","13":"first","14":"instock","15":"featured","16":"shipping-taxable","17":"purchasable","18":"product-type-simple"},"acf":[],"yoast_head":"<!-- This site is optimized with the Yoast SEO plugin v27.3 - https:\/\/yoast.com\/product\/yoast-seo-wordpress\/ -->\n<title>Viscos\u00edmetro Laray Automatizado - IGT Testing Systems<\/title>\n<meta name=\"description\" content=\"Dise\u00f1ado para la medici\u00f3n precisa de la viscosidad en sustancias densas como barnices, aceites muy viscosos y tintas en pasta. Con software de c\u00e1lculo.\" \/>\n<meta name=\"robots\" content=\"index, follow, max-snippet:-1, max-image-preview:large, max-video-preview:-1\" \/>\n<link rel=\"canonical\" href=\"https:\/\/www.igt.nl\/es\/producto\/viscosimetro-laray-automatizado\/\" \/>\n<meta property=\"og:locale\" content=\"es_ES\" \/>\n<meta property=\"og:type\" content=\"article\" \/>\n<meta property=\"og:title\" content=\"Viscos\u00edmetro Laray Automatizado - IGT Testing Systems\" \/>\n<meta property=\"og:description\" content=\"Dise\u00f1ado para la medici\u00f3n precisa de la viscosidad en sustancias densas como barnices, aceites muy viscosos y tintas en pasta. Con software de c\u00e1lculo.\" \/>\n<meta property=\"og:url\" content=\"https:\/\/www.igt.nl\/es\/producto\/viscosimetro-laray-automatizado\/\" \/>\n<meta property=\"og:site_name\" content=\"IGT Testing Systems\" \/>\n<meta property=\"article:modified_time\" content=\"2025-12-17T08:02:50+00:00\" \/>\n<meta property=\"og:image\" content=\"https:\/\/www.igt.nl\/wp-content\/uploads\/535.000.200_Laray-Auto_MGF7603_Weight_02_vs-rvs_1-1.jpg\" \/>\n\t<meta property=\"og:image:width\" content=\"1200\" \/>\n\t<meta property=\"og:image:height\" content=\"1200\" \/>\n\t<meta property=\"og:image:type\" content=\"image\/jpeg\" \/>\n<meta name=\"twitter:card\" content=\"summary_large_image\" \/>\n<meta name=\"twitter:label1\" content=\"Tiempo de lectura\" \/>\n\t<meta name=\"twitter:data1\" content=\"2 minutos\" \/>\n<script type=\"application\/ld+json\" class=\"yoast-schema-graph\">{\"@context\":\"https:\\\/\\\/schema.org\",\"@graph\":[{\"@type\":\"WebPage\",\"@id\":\"https:\\\/\\\/www.igt.nl\\\/es\\\/producto\\\/viscosimetro-laray-automatizado\\\/\",\"url\":\"https:\\\/\\\/www.igt.nl\\\/es\\\/producto\\\/viscosimetro-laray-automatizado\\\/\",\"name\":\"Viscos\u00edmetro Laray Automatizado - IGT Testing Systems\",\"isPartOf\":{\"@id\":\"https:\\\/\\\/www.igt.nl\\\/es\\\/#website\"},\"primaryImageOfPage\":{\"@id\":\"https:\\\/\\\/www.igt.nl\\\/es\\\/producto\\\/viscosimetro-laray-automatizado\\\/#primaryimage\"},\"image\":{\"@id\":\"https:\\\/\\\/www.igt.nl\\\/es\\\/producto\\\/viscosimetro-laray-automatizado\\\/#primaryimage\"},\"thumbnailUrl\":\"https:\\\/\\\/www.igt.nl\\\/wp-content\\\/uploads\\\/535.000.200_Laray-Auto_MGF7603_Weight_02_vs-rvs_1-1.jpg\",\"datePublished\":\"2019-07-19T12:00:09+00:00\",\"dateModified\":\"2025-12-17T08:02:50+00:00\",\"description\":\"Dise\u00f1ado para la medici\u00f3n precisa de la viscosidad en sustancias densas como barnices, aceites muy viscosos y tintas en pasta. Con software de c\u00e1lculo.\",\"breadcrumb\":{\"@id\":\"https:\\\/\\\/www.igt.nl\\\/es\\\/producto\\\/viscosimetro-laray-automatizado\\\/#breadcrumb\"},\"inLanguage\":\"es\",\"potentialAction\":[{\"@type\":\"ReadAction\",\"target\":[\"https:\\\/\\\/www.igt.nl\\\/es\\\/producto\\\/viscosimetro-laray-automatizado\\\/\"]}]},{\"@type\":\"ImageObject\",\"inLanguage\":\"es\",\"@id\":\"https:\\\/\\\/www.igt.nl\\\/es\\\/producto\\\/viscosimetro-laray-automatizado\\\/#primaryimage\",\"url\":\"https:\\\/\\\/www.igt.nl\\\/wp-content\\\/uploads\\\/535.000.200_Laray-Auto_MGF7603_Weight_02_vs-rvs_1-1.jpg\",\"contentUrl\":\"https:\\\/\\\/www.igt.nl\\\/wp-content\\\/uploads\\\/535.000.200_Laray-Auto_MGF7603_Weight_02_vs-rvs_1-1.jpg\",\"width\":1200,\"height\":1200},{\"@type\":\"BreadcrumbList\",\"@id\":\"https:\\\/\\\/www.igt.nl\\\/es\\\/producto\\\/viscosimetro-laray-automatizado\\\/#breadcrumb\",\"itemListElement\":[{\"@type\":\"ListItem\",\"position\":1,\"name\":\"Home\",\"item\":\"https:\\\/\\\/www.igt.nl\\\/es\\\/?page_id=36171\"},{\"@type\":\"ListItem\",\"position\":2,\"name\":\"Tienda\",\"item\":\"https:\\\/\\\/www.igt.nl\\\/es\\\/?page_id=36068\"},{\"@type\":\"ListItem\",\"position\":3,\"name\":\"Probadores de tinta\",\"item\":\"https:\\\/\\\/www.igt.nl\\\/es\\\/product-categorie\\\/probadores-de-tinta\\\/\"},{\"@type\":\"ListItem\",\"position\":4,\"name\":\"Viscos\u00edmetro Laray Automatizado\"}]},{\"@type\":\"WebSite\",\"@id\":\"https:\\\/\\\/www.igt.nl\\\/es\\\/#website\",\"url\":\"https:\\\/\\\/www.igt.nl\\\/es\\\/\",\"name\":\"IGT Testing Systems\",\"description\":\"\",\"potentialAction\":[{\"@type\":\"SearchAction\",\"target\":{\"@type\":\"EntryPoint\",\"urlTemplate\":\"https:\\\/\\\/www.igt.nl\\\/es\\\/?s={search_term_string}\"},\"query-input\":{\"@type\":\"PropertyValueSpecification\",\"valueRequired\":true,\"valueName\":\"search_term_string\"}}],\"inLanguage\":\"es\"}]}<\/script>\n<!-- \/ Yoast SEO plugin. -->","yoast_head_json":{"title":"Viscos\u00edmetro Laray Automatizado - IGT Testing Systems","description":"Dise\u00f1ado para la medici\u00f3n precisa de la viscosidad en sustancias densas como barnices, aceites muy viscosos y tintas en pasta. Con software de c\u00e1lculo.","robots":{"index":"index","follow":"follow","max-snippet":"max-snippet:-1","max-image-preview":"max-image-preview:large","max-video-preview":"max-video-preview:-1"},"canonical":"https:\/\/www.igt.nl\/es\/producto\/viscosimetro-laray-automatizado\/","og_locale":"es_ES","og_type":"article","og_title":"Viscos\u00edmetro Laray Automatizado - IGT Testing Systems","og_description":"Dise\u00f1ado para la medici\u00f3n precisa de la viscosidad en sustancias densas como barnices, aceites muy viscosos y tintas en pasta. Con software de c\u00e1lculo.","og_url":"https:\/\/www.igt.nl\/es\/producto\/viscosimetro-laray-automatizado\/","og_site_name":"IGT Testing Systems","article_modified_time":"2025-12-17T08:02:50+00:00","og_image":[{"width":1200,"height":1200,"url":"https:\/\/www.igt.nl\/wp-content\/uploads\/535.000.200_Laray-Auto_MGF7603_Weight_02_vs-rvs_1-1.jpg","type":"image\/jpeg"}],"twitter_card":"summary_large_image","twitter_misc":{"Tiempo de lectura":"2 minutos"},"schema":{"@context":"https:\/\/schema.org","@graph":[{"@type":"WebPage","@id":"https:\/\/www.igt.nl\/es\/producto\/viscosimetro-laray-automatizado\/","url":"https:\/\/www.igt.nl\/es\/producto\/viscosimetro-laray-automatizado\/","name":"Viscos\u00edmetro Laray Automatizado - IGT Testing Systems","isPartOf":{"@id":"https:\/\/www.igt.nl\/es\/#website"},"primaryImageOfPage":{"@id":"https:\/\/www.igt.nl\/es\/producto\/viscosimetro-laray-automatizado\/#primaryimage"},"image":{"@id":"https:\/\/www.igt.nl\/es\/producto\/viscosimetro-laray-automatizado\/#primaryimage"},"thumbnailUrl":"https:\/\/www.igt.nl\/wp-content\/uploads\/535.000.200_Laray-Auto_MGF7603_Weight_02_vs-rvs_1-1.jpg","datePublished":"2019-07-19T12:00:09+00:00","dateModified":"2025-12-17T08:02:50+00:00","description":"Dise\u00f1ado para la medici\u00f3n precisa de la viscosidad en sustancias densas como barnices, aceites muy viscosos y tintas en pasta. Con software de c\u00e1lculo.","breadcrumb":{"@id":"https:\/\/www.igt.nl\/es\/producto\/viscosimetro-laray-automatizado\/#breadcrumb"},"inLanguage":"es","potentialAction":[{"@type":"ReadAction","target":["https:\/\/www.igt.nl\/es\/producto\/viscosimetro-laray-automatizado\/"]}]},{"@type":"ImageObject","inLanguage":"es","@id":"https:\/\/www.igt.nl\/es\/producto\/viscosimetro-laray-automatizado\/#primaryimage","url":"https:\/\/www.igt.nl\/wp-content\/uploads\/535.000.200_Laray-Auto_MGF7603_Weight_02_vs-rvs_1-1.jpg","contentUrl":"https:\/\/www.igt.nl\/wp-content\/uploads\/535.000.200_Laray-Auto_MGF7603_Weight_02_vs-rvs_1-1.jpg","width":1200,"height":1200},{"@type":"BreadcrumbList","@id":"https:\/\/www.igt.nl\/es\/producto\/viscosimetro-laray-automatizado\/#breadcrumb","itemListElement":[{"@type":"ListItem","position":1,"name":"Home","item":"https:\/\/www.igt.nl\/es\/?page_id=36171"},{"@type":"ListItem","position":2,"name":"Tienda","item":"https:\/\/www.igt.nl\/es\/?page_id=36068"},{"@type":"ListItem","position":3,"name":"Probadores de tinta","item":"https:\/\/www.igt.nl\/es\/product-categorie\/probadores-de-tinta\/"},{"@type":"ListItem","position":4,"name":"Viscos\u00edmetro Laray Automatizado"}]},{"@type":"WebSite","@id":"https:\/\/www.igt.nl\/es\/#website","url":"https:\/\/www.igt.nl\/es\/","name":"IGT Testing Systems","description":"","potentialAction":[{"@type":"SearchAction","target":{"@type":"EntryPoint","urlTemplate":"https:\/\/www.igt.nl\/es\/?s={search_term_string}"},"query-input":{"@type":"PropertyValueSpecification","valueRequired":true,"valueName":"search_term_string"}}],"inLanguage":"es"}]}},"_links":{"self":[{"href":"https:\/\/www.igt.nl\/es\/wp-json\/wp\/v2\/product\/38077","targetHints":{"allow":["GET"]}}],"collection":[{"href":"https:\/\/www.igt.nl\/es\/wp-json\/wp\/v2\/product"}],"about":[{"href":"https:\/\/www.igt.nl\/es\/wp-json\/wp\/v2\/types\/product"}],"replies":[{"embeddable":true,"href":"https:\/\/www.igt.nl\/es\/wp-json\/wp\/v2\/comments?post=38077"}],"wp:featuredmedia":[{"embeddable":true,"href":"https:\/\/www.igt.nl\/es\/wp-json\/wp\/v2\/media\/38079"}],"wp:attachment":[{"href":"https:\/\/www.igt.nl\/es\/wp-json\/wp\/v2\/media?parent=38077"}],"wp:term":[{"taxonomy":"product_brand","embeddable":true,"href":"https:\/\/www.igt.nl\/es\/wp-json\/wp\/v2\/product_brand?post=38077"},{"taxonomy":"product_cat","embeddable":true,"href":"https:\/\/www.igt.nl\/es\/wp-json\/wp\/v2\/product_cat?post=38077"},{"taxonomy":"product_tag","embeddable":true,"href":"https:\/\/www.igt.nl\/es\/wp-json\/wp\/v2\/product_tag?post=38077"}],"curies":[{"name":"wp","href":"https:\/\/api.w.org\/{rel}","templated":true}]}}