{"id":38081,"date":"2019-07-19T15:00:00","date_gmt":"2019-07-19T15:00:00","guid":{"rendered":"https:\/\/www.igt.nl\/?post_type=product&#038;p=38081"},"modified":"2025-12-17T08:02:48","modified_gmt":"2025-12-17T08:02:48","slug":"tack-tester-450","status":"publish","type":"product","link":"https:\/\/www.igt.nl\/es\/producto\/tack-tester-450\/","title":{"rendered":"Tack Tester 450"},"content":{"rendered":"<p>Comprobador para determinar la adherencia de una tinta en pasta o barniz.<\/p>\n<p>Un comprobador de adherencia muy preciso y repetible que utiliza sensores electr\u00f3nicos de \u00faltima generaci\u00f3n. Velocidad de hasta 450 m\/min. <\/p>\n<ul>\n<li>Alta reproducibilidad<\/li>\n<li>F\u00e1cil de limpiar<\/li>\n<li>F\u00e1cil de manejar<\/li>\n<li>Resultados coherentes<\/li>\n<\/ul>\n<p>El Comprobador de Adherencia IGT 450 mide la adherencia de las tintas de impresi\u00f3n y otras pastas. Su gran precisi\u00f3n, bajo mantenimiento y sencillo manejo garantizan resultados uniformes. <\/p>\n<p>El Comprobador de Adherencia IGT 450 mide con precisi\u00f3n la adherencia de las tintas offset. Este comprobador utiliza un sistema de medici\u00f3n especial y avanzado para medir la adherencia, por lo que es posible medir la adherencia con mayor precisi\u00f3n que hasta ahora. <\/p>\n<p>Los proveedores de tinta utilizan el tack para especificar la calidad y la aplicaci\u00f3n de la tinta en la industria de las artes gr\u00e1ficas. El Tack Tester 450 se utiliza en I+D para el desarrollo de nuevas tintas, para la resoluci\u00f3n de problemas y para garantizar la calidad. Debido a su gran precisi\u00f3n y reproducibilidad, este comprobador es muy adecuado para empresas que operan en un entorno internacional en el que los valores de adherencia deben intercambiarse en todo el mundo.  <\/p>\n<p>Su dise\u00f1o permite al usuario trabajar con un tiempo m\u00ednimo de distribuci\u00f3n de la tinta. El comprobador est\u00e1 totalmente controlado por ordenador y todos los ajustes e instrucciones, as\u00ed como los datos de medici\u00f3n, pueden leerse en la pantalla. El intervalo de temperatura est\u00e1ndar oscila entre 15 y 45 \u00b0C, lo que es especialmente importante a altas velocidades, donde el calentamiento causado por la velocidad influye en la viscosidad y el valor de adherencia.  <\/p>\n","protected":false},"excerpt":{"rendered":"<p>Un comprobador de adherencia muy preciso y repetible que utiliza sensores electr\u00f3nicos de \u00faltima generaci\u00f3n. Velocidad de hasta 450 m\/min. <\/p>\n","protected":false},"featured_media":34737,"comment_status":"closed","ping_status":"closed","template":"","meta":{"_acf_changed":false,"inline_featured_image":false},"product_brand":[],"product_cat":[3864,3435,4257],"product_tag":[],"class_list":{"0":"post-38081","1":"product","2":"type-product","3":"status-publish","4":"has-post-thumbnail","6":"product_cat-cocina-de-tinta","7":"product_cat-probadores-de-tinta","8":"product_cat-tack","9":"product_shipping_class-normaal","10":"pa_dimensions-d-x-w-x-h-cm-60-x-50-x-30","11":"pa_measurement-range-0-1000-tack","12":"pa_speed-range-and-modes-50-450-m-min-o-rpm","13":"pa_weight-78-kg","15":"first","16":"instock","17":"featured","18":"shipping-taxable","19":"purchasable","20":"product-type-simple"},"acf":[],"yoast_head":"<!-- This site is optimized with the Yoast SEO plugin v27.3 - https:\/\/yoast.com\/product\/yoast-seo-wordpress\/ -->\n<title>Tack Tester 450 - IGT Testing Systems<\/title>\n<meta name=\"description\" content=\"Comprobador para determinar la adherencia de una tinta en pasta o barniz. Un comprobador de adherencia muy preciso y repetible que utiliza sensores electr\u00f3nicos de \u00faltima generaci\u00f3n.\" \/>\n<meta name=\"robots\" content=\"index, follow, max-snippet:-1, max-image-preview:large, max-video-preview:-1\" \/>\n<link rel=\"canonical\" href=\"https:\/\/www.igt.nl\/es\/producto\/tack-tester-450\/\" \/>\n<meta property=\"og:locale\" content=\"es_ES\" \/>\n<meta property=\"og:type\" content=\"article\" \/>\n<meta property=\"og:title\" content=\"Tack Tester 450 - IGT Testing Systems\" \/>\n<meta property=\"og:description\" content=\"Comprobador para determinar la adherencia de una tinta en pasta o barniz. Un comprobador de adherencia muy preciso y repetible que utiliza sensores electr\u00f3nicos de \u00faltima generaci\u00f3n.\" \/>\n<meta property=\"og:url\" content=\"https:\/\/www.igt.nl\/es\/producto\/tack-tester-450\/\" \/>\n<meta property=\"og:site_name\" content=\"IGT Testing Systems\" \/>\n<meta property=\"article:modified_time\" content=\"2025-12-17T08:02:48+00:00\" \/>\n<meta property=\"og:image\" content=\"https:\/\/www.igt.nl\/wp-content\/uploads\/810.000.000-Tack-Tester_MGF6124-vs-rvs-1-1.jpg\" \/>\n\t<meta property=\"og:image:width\" content=\"786\" \/>\n\t<meta property=\"og:image:height\" content=\"786\" \/>\n\t<meta property=\"og:image:type\" content=\"image\/jpeg\" \/>\n<meta name=\"twitter:card\" content=\"summary_large_image\" \/>\n<meta name=\"twitter:label1\" content=\"Tiempo de lectura\" \/>\n\t<meta name=\"twitter:data1\" content=\"1 minuto\" \/>\n<script type=\"application\/ld+json\" class=\"yoast-schema-graph\">{\"@context\":\"https:\\\/\\\/schema.org\",\"@graph\":[{\"@type\":\"WebPage\",\"@id\":\"https:\\\/\\\/www.igt.nl\\\/es\\\/producto\\\/tack-tester-450\\\/\",\"url\":\"https:\\\/\\\/www.igt.nl\\\/es\\\/producto\\\/tack-tester-450\\\/\",\"name\":\"Tack Tester 450 - IGT Testing Systems\",\"isPartOf\":{\"@id\":\"https:\\\/\\\/www.igt.nl\\\/es\\\/#website\"},\"primaryImageOfPage\":{\"@id\":\"https:\\\/\\\/www.igt.nl\\\/es\\\/producto\\\/tack-tester-450\\\/#primaryimage\"},\"image\":{\"@id\":\"https:\\\/\\\/www.igt.nl\\\/es\\\/producto\\\/tack-tester-450\\\/#primaryimage\"},\"thumbnailUrl\":\"https:\\\/\\\/www.igt.nl\\\/wp-content\\\/uploads\\\/810.000.000-Tack-Tester_MGF6124-vs-rvs-1-1.jpg\",\"datePublished\":\"2019-07-19T15:00:00+00:00\",\"dateModified\":\"2025-12-17T08:02:48+00:00\",\"description\":\"Comprobador para determinar la adherencia de una tinta en pasta o barniz. Un comprobador de adherencia muy preciso y repetible que utiliza sensores electr\u00f3nicos de \u00faltima generaci\u00f3n.\",\"breadcrumb\":{\"@id\":\"https:\\\/\\\/www.igt.nl\\\/es\\\/producto\\\/tack-tester-450\\\/#breadcrumb\"},\"inLanguage\":\"es\",\"potentialAction\":[{\"@type\":\"ReadAction\",\"target\":[\"https:\\\/\\\/www.igt.nl\\\/es\\\/producto\\\/tack-tester-450\\\/\"]}]},{\"@type\":\"ImageObject\",\"inLanguage\":\"es\",\"@id\":\"https:\\\/\\\/www.igt.nl\\\/es\\\/producto\\\/tack-tester-450\\\/#primaryimage\",\"url\":\"https:\\\/\\\/www.igt.nl\\\/wp-content\\\/uploads\\\/810.000.000-Tack-Tester_MGF6124-vs-rvs-1-1.jpg\",\"contentUrl\":\"https:\\\/\\\/www.igt.nl\\\/wp-content\\\/uploads\\\/810.000.000-Tack-Tester_MGF6124-vs-rvs-1-1.jpg\",\"width\":786,\"height\":786,\"caption\":\"Tack Tester\"},{\"@type\":\"BreadcrumbList\",\"@id\":\"https:\\\/\\\/www.igt.nl\\\/es\\\/producto\\\/tack-tester-450\\\/#breadcrumb\",\"itemListElement\":[{\"@type\":\"ListItem\",\"position\":1,\"name\":\"Home\",\"item\":\"https:\\\/\\\/www.igt.nl\\\/es\\\/?page_id=36171\"},{\"@type\":\"ListItem\",\"position\":2,\"name\":\"Tienda\",\"item\":\"https:\\\/\\\/www.igt.nl\\\/es\\\/?page_id=36068\"},{\"@type\":\"ListItem\",\"position\":3,\"name\":\"Probadores de tinta\",\"item\":\"https:\\\/\\\/www.igt.nl\\\/es\\\/product-categorie\\\/probadores-de-tinta\\\/\"},{\"@type\":\"ListItem\",\"position\":4,\"name\":\"Tack Tester 450\"}]},{\"@type\":\"WebSite\",\"@id\":\"https:\\\/\\\/www.igt.nl\\\/es\\\/#website\",\"url\":\"https:\\\/\\\/www.igt.nl\\\/es\\\/\",\"name\":\"IGT Testing Systems\",\"description\":\"\",\"potentialAction\":[{\"@type\":\"SearchAction\",\"target\":{\"@type\":\"EntryPoint\",\"urlTemplate\":\"https:\\\/\\\/www.igt.nl\\\/es\\\/?s={search_term_string}\"},\"query-input\":{\"@type\":\"PropertyValueSpecification\",\"valueRequired\":true,\"valueName\":\"search_term_string\"}}],\"inLanguage\":\"es\"}]}<\/script>\n<!-- \/ Yoast SEO plugin. -->","yoast_head_json":{"title":"Tack Tester 450 - IGT Testing Systems","description":"Comprobador para determinar la adherencia de una tinta en pasta o barniz. Un comprobador de adherencia muy preciso y repetible que utiliza sensores electr\u00f3nicos de \u00faltima generaci\u00f3n.","robots":{"index":"index","follow":"follow","max-snippet":"max-snippet:-1","max-image-preview":"max-image-preview:large","max-video-preview":"max-video-preview:-1"},"canonical":"https:\/\/www.igt.nl\/es\/producto\/tack-tester-450\/","og_locale":"es_ES","og_type":"article","og_title":"Tack Tester 450 - IGT Testing Systems","og_description":"Comprobador para determinar la adherencia de una tinta en pasta o barniz. Un comprobador de adherencia muy preciso y repetible que utiliza sensores electr\u00f3nicos de \u00faltima generaci\u00f3n.","og_url":"https:\/\/www.igt.nl\/es\/producto\/tack-tester-450\/","og_site_name":"IGT Testing Systems","article_modified_time":"2025-12-17T08:02:48+00:00","og_image":[{"width":786,"height":786,"url":"https:\/\/www.igt.nl\/wp-content\/uploads\/810.000.000-Tack-Tester_MGF6124-vs-rvs-1-1.jpg","type":"image\/jpeg"}],"twitter_card":"summary_large_image","twitter_misc":{"Tiempo de lectura":"1 minuto"},"schema":{"@context":"https:\/\/schema.org","@graph":[{"@type":"WebPage","@id":"https:\/\/www.igt.nl\/es\/producto\/tack-tester-450\/","url":"https:\/\/www.igt.nl\/es\/producto\/tack-tester-450\/","name":"Tack Tester 450 - IGT Testing Systems","isPartOf":{"@id":"https:\/\/www.igt.nl\/es\/#website"},"primaryImageOfPage":{"@id":"https:\/\/www.igt.nl\/es\/producto\/tack-tester-450\/#primaryimage"},"image":{"@id":"https:\/\/www.igt.nl\/es\/producto\/tack-tester-450\/#primaryimage"},"thumbnailUrl":"https:\/\/www.igt.nl\/wp-content\/uploads\/810.000.000-Tack-Tester_MGF6124-vs-rvs-1-1.jpg","datePublished":"2019-07-19T15:00:00+00:00","dateModified":"2025-12-17T08:02:48+00:00","description":"Comprobador para determinar la adherencia de una tinta en pasta o barniz. Un comprobador de adherencia muy preciso y repetible que utiliza sensores electr\u00f3nicos de \u00faltima generaci\u00f3n.","breadcrumb":{"@id":"https:\/\/www.igt.nl\/es\/producto\/tack-tester-450\/#breadcrumb"},"inLanguage":"es","potentialAction":[{"@type":"ReadAction","target":["https:\/\/www.igt.nl\/es\/producto\/tack-tester-450\/"]}]},{"@type":"ImageObject","inLanguage":"es","@id":"https:\/\/www.igt.nl\/es\/producto\/tack-tester-450\/#primaryimage","url":"https:\/\/www.igt.nl\/wp-content\/uploads\/810.000.000-Tack-Tester_MGF6124-vs-rvs-1-1.jpg","contentUrl":"https:\/\/www.igt.nl\/wp-content\/uploads\/810.000.000-Tack-Tester_MGF6124-vs-rvs-1-1.jpg","width":786,"height":786,"caption":"Tack Tester"},{"@type":"BreadcrumbList","@id":"https:\/\/www.igt.nl\/es\/producto\/tack-tester-450\/#breadcrumb","itemListElement":[{"@type":"ListItem","position":1,"name":"Home","item":"https:\/\/www.igt.nl\/es\/?page_id=36171"},{"@type":"ListItem","position":2,"name":"Tienda","item":"https:\/\/www.igt.nl\/es\/?page_id=36068"},{"@type":"ListItem","position":3,"name":"Probadores de tinta","item":"https:\/\/www.igt.nl\/es\/product-categorie\/probadores-de-tinta\/"},{"@type":"ListItem","position":4,"name":"Tack Tester 450"}]},{"@type":"WebSite","@id":"https:\/\/www.igt.nl\/es\/#website","url":"https:\/\/www.igt.nl\/es\/","name":"IGT Testing Systems","description":"","potentialAction":[{"@type":"SearchAction","target":{"@type":"EntryPoint","urlTemplate":"https:\/\/www.igt.nl\/es\/?s={search_term_string}"},"query-input":{"@type":"PropertyValueSpecification","valueRequired":true,"valueName":"search_term_string"}}],"inLanguage":"es"}]}},"_links":{"self":[{"href":"https:\/\/www.igt.nl\/es\/wp-json\/wp\/v2\/product\/38081","targetHints":{"allow":["GET"]}}],"collection":[{"href":"https:\/\/www.igt.nl\/es\/wp-json\/wp\/v2\/product"}],"about":[{"href":"https:\/\/www.igt.nl\/es\/wp-json\/wp\/v2\/types\/product"}],"replies":[{"embeddable":true,"href":"https:\/\/www.igt.nl\/es\/wp-json\/wp\/v2\/comments?post=38081"}],"wp:featuredmedia":[{"embeddable":true,"href":"https:\/\/www.igt.nl\/es\/wp-json\/wp\/v2\/media\/34737"}],"wp:attachment":[{"href":"https:\/\/www.igt.nl\/es\/wp-json\/wp\/v2\/media?parent=38081"}],"wp:term":[{"taxonomy":"product_brand","embeddable":true,"href":"https:\/\/www.igt.nl\/es\/wp-json\/wp\/v2\/product_brand?post=38081"},{"taxonomy":"product_cat","embeddable":true,"href":"https:\/\/www.igt.nl\/es\/wp-json\/wp\/v2\/product_cat?post=38081"},{"taxonomy":"product_tag","embeddable":true,"href":"https:\/\/www.igt.nl\/es\/wp-json\/wp\/v2\/product_tag?post=38081"}],"curies":[{"name":"wp","href":"https:\/\/api.w.org\/{rel}","templated":true}]}}