{"id":38100,"date":"2019-07-19T13:00:00","date_gmt":"2019-07-19T13:00:00","guid":{"rendered":"https:\/\/www.igt.nl\/?post_type=product&#038;p=38100"},"modified":"2025-12-17T08:02:49","modified_gmt":"2025-12-17T08:02:49","slug":"tackoscope-3-modelo-sc","status":"publish","type":"product","link":"https:\/\/www.igt.nl\/es\/producto\/tackoscope-3-modelo-sc\/","title":{"rendered":"TackOscope-3 modelo SC"},"content":{"rendered":"<p>TackOscope-3 modelo SC: para medir la adherencia de una tinta en pasta o barniz.<\/p>\n<p>Los fabricantes de tinta, los impresores y los proveedores de materias primas tienen que cumplir unas normas de calidad muy estrictas, para garantizar la calidad de la tinta en un entorno de producci\u00f3n e I+D. Es importante utilizar un instrumento que mida la adherencia de una tinta de forma r\u00e1pida y eficaz. La alta precisi\u00f3n, el bajo mantenimiento y el funcionamiento sencillo garantizan resultados uniformes.  <\/p>\n<p>El IGT TackOscope se basa en el sistema de tres rodillos con rodillo central accionado, rodillo de distribuci\u00f3n y rodillo de medici\u00f3n seg\u00fan ASTM D 4361 e ISO 12634.<\/p>\n<p><strong>Aplicaciones<\/strong><br \/>\nEl TackOscopio IGT mide la adherencia de la tinta y produce valores de adherencia reproducibles. El TackOscopio utiliza un sistema de medici\u00f3n espec\u00edfico para medir los valores de adherencia de las tintas. Gracias a este sistema, las mediciones son mucho m\u00e1s fiables y uniformes que nunca.  <\/p>\n<p>Los fabricantes de tintas utilizan los valores de adherencia para garantizar la calidad de las tintas que suministran al sector de las artes gr\u00e1ficas. Para la investigaci\u00f3n, el TackOscope se utiliza para desarrollar nuevas tintas. Los proveedores de materias primas pueden garantizar la calidad de sus productos antes de suministrarlos a sus clientes.  <\/p>\n<p>Debido a la gran repetibilidad y reproducibilidad de los valores de adherencia medidos con el TackOscope IGT, es un instrumento excelente para muchas empresas que operan a nivel internacional. Los valores de adherencia pueden intercambiarse de forma fiable entre instalaciones para garantizar una calidad homog\u00e9nea en todo el mundo. <\/p>\n<p>En comparaci\u00f3n con el TackOscope II, los mayores cambios son el ordenador incorporado y el ba\u00f1o de agua termost\u00e1tico. Adem\u00e1s, el TackOscope III dispone de un sistema automatizado de elevaci\u00f3n del rodillo de medici\u00f3n y distribuci\u00f3n.<br \/>\nCon estas nuevas caracter\u00edsticas se han mejorado la repetibilidad y la reproducibilidad, y se hace posible un funcionamiento totalmente automatizado. <\/p>\n","protected":false},"excerpt":{"rendered":"<p>Dispositivo para medir la adherencia de una tinta o barniz en pasta.<\/p>\n","protected":false},"featured_media":38103,"comment_status":"closed","ping_status":"closed","template":"","meta":{"_acf_changed":false,"inline_featured_image":false},"product_brand":[],"product_cat":[3435,4173,4257],"product_tag":[],"class_list":{"0":"post-38100","1":"product","2":"type-product","3":"status-publish","4":"has-post-thumbnail","6":"product_cat-probadores-de-tinta","7":"product_cat-seguridad","8":"product_cat-tack","9":"product_shipping_class-normaal","10":"pa_application-id","11":"pa_application-qc","12":"pa_automated-measuring-sequence-si","13":"pa_automated-test-protocols-si","14":"pa_ink-water-balance-test-no","15":"pa_lithoscope-accessory-no","16":"pa_measurement-range-0-600-tack","17":"pa_misting-analysis-unit-no","18":"pa_plate-simulation-test-no","19":"pa_readout-in-n-m-inko-tack-si","20":"pa_speed-range-and-modes-10-350-m-min","21":"pa_weight-71-kg","23":"first","24":"instock","25":"featured","26":"shipping-taxable","27":"purchasable","28":"product-type-simple"},"acf":[],"yoast_head":"<!-- This site is optimized with the Yoast SEO plugin v27.3 - https:\/\/yoast.com\/product\/yoast-seo-wordpress\/ -->\n<title>TackOscope-3 modelo SC - IGT Testing Systems<\/title>\n<meta name=\"description\" content=\"Mide la adherencia de una tinta en pasta o barniz de forma r\u00e1pida y eficaz. Su gran precisi\u00f3n, bajo mantenimiento y sencillo manejo garantizan resultados uniformes.\" \/>\n<meta name=\"robots\" content=\"index, follow, max-snippet:-1, max-image-preview:large, max-video-preview:-1\" \/>\n<link rel=\"canonical\" href=\"https:\/\/www.igt.nl\/es\/producto\/tackoscope-3-modelo-sc\/\" \/>\n<meta property=\"og:locale\" content=\"es_ES\" \/>\n<meta property=\"og:type\" content=\"article\" \/>\n<meta property=\"og:title\" content=\"TackOscope-3 modelo SC - IGT Testing Systems\" \/>\n<meta property=\"og:description\" content=\"Mide la adherencia de una tinta en pasta o barniz de forma r\u00e1pida y eficaz. Su gran precisi\u00f3n, bajo mantenimiento y sencillo manejo garantizan resultados uniformes.\" \/>\n<meta property=\"og:url\" content=\"https:\/\/www.igt.nl\/es\/producto\/tackoscope-3-modelo-sc\/\" \/>\n<meta property=\"og:site_name\" content=\"IGT Testing Systems\" \/>\n<meta property=\"article:modified_time\" content=\"2025-12-17T08:02:49+00:00\" \/>\n<meta property=\"og:image\" content=\"https:\/\/www.igt.nl\/wp-content\/uploads\/845.000.200-TOS-SC-cover-closed-_MGF7581_16x9_vs-e1666271526678.jpg\" \/>\n\t<meta property=\"og:image:width\" content=\"726\" \/>\n\t<meta property=\"og:image:height\" content=\"675\" \/>\n\t<meta property=\"og:image:type\" content=\"image\/jpeg\" \/>\n<meta name=\"twitter:card\" content=\"summary_large_image\" \/>\n<meta name=\"twitter:label1\" content=\"Tiempo de lectura\" \/>\n\t<meta name=\"twitter:data1\" content=\"2 minutos\" \/>\n<script type=\"application\/ld+json\" class=\"yoast-schema-graph\">{\"@context\":\"https:\\\/\\\/schema.org\",\"@graph\":[{\"@type\":\"WebPage\",\"@id\":\"https:\\\/\\\/www.igt.nl\\\/es\\\/producto\\\/tackoscope-3-modelo-sc\\\/\",\"url\":\"https:\\\/\\\/www.igt.nl\\\/es\\\/producto\\\/tackoscope-3-modelo-sc\\\/\",\"name\":\"TackOscope-3 modelo SC - IGT Testing Systems\",\"isPartOf\":{\"@id\":\"https:\\\/\\\/www.igt.nl\\\/es\\\/#website\"},\"primaryImageOfPage\":{\"@id\":\"https:\\\/\\\/www.igt.nl\\\/es\\\/producto\\\/tackoscope-3-modelo-sc\\\/#primaryimage\"},\"image\":{\"@id\":\"https:\\\/\\\/www.igt.nl\\\/es\\\/producto\\\/tackoscope-3-modelo-sc\\\/#primaryimage\"},\"thumbnailUrl\":\"https:\\\/\\\/www.igt.nl\\\/wp-content\\\/uploads\\\/845.000.200-TOS-SC-cover-closed-_MGF7581_16x9_vs-e1666271526678.jpg\",\"datePublished\":\"2019-07-19T13:00:00+00:00\",\"dateModified\":\"2025-12-17T08:02:49+00:00\",\"description\":\"Mide la adherencia de una tinta en pasta o barniz de forma r\u00e1pida y eficaz. Su gran precisi\u00f3n, bajo mantenimiento y sencillo manejo garantizan resultados uniformes.\",\"breadcrumb\":{\"@id\":\"https:\\\/\\\/www.igt.nl\\\/es\\\/producto\\\/tackoscope-3-modelo-sc\\\/#breadcrumb\"},\"inLanguage\":\"es\",\"potentialAction\":[{\"@type\":\"ReadAction\",\"target\":[\"https:\\\/\\\/www.igt.nl\\\/es\\\/producto\\\/tackoscope-3-modelo-sc\\\/\"]}]},{\"@type\":\"ImageObject\",\"inLanguage\":\"es\",\"@id\":\"https:\\\/\\\/www.igt.nl\\\/es\\\/producto\\\/tackoscope-3-modelo-sc\\\/#primaryimage\",\"url\":\"https:\\\/\\\/www.igt.nl\\\/wp-content\\\/uploads\\\/845.000.200-TOS-SC-cover-closed-_MGF7581_16x9_vs-e1666271526678.jpg\",\"contentUrl\":\"https:\\\/\\\/www.igt.nl\\\/wp-content\\\/uploads\\\/845.000.200-TOS-SC-cover-closed-_MGF7581_16x9_vs-e1666271526678.jpg\",\"width\":726,\"height\":675},{\"@type\":\"BreadcrumbList\",\"@id\":\"https:\\\/\\\/www.igt.nl\\\/es\\\/producto\\\/tackoscope-3-modelo-sc\\\/#breadcrumb\",\"itemListElement\":[{\"@type\":\"ListItem\",\"position\":1,\"name\":\"Home\",\"item\":\"https:\\\/\\\/www.igt.nl\\\/es\\\/?page_id=36171\"},{\"@type\":\"ListItem\",\"position\":2,\"name\":\"Tienda\",\"item\":\"https:\\\/\\\/www.igt.nl\\\/es\\\/?page_id=36068\"},{\"@type\":\"ListItem\",\"position\":3,\"name\":\"Probadores de tinta\",\"item\":\"https:\\\/\\\/www.igt.nl\\\/es\\\/product-categorie\\\/probadores-de-tinta\\\/\"},{\"@type\":\"ListItem\",\"position\":4,\"name\":\"TackOscope-3 modelo SC\"}]},{\"@type\":\"WebSite\",\"@id\":\"https:\\\/\\\/www.igt.nl\\\/es\\\/#website\",\"url\":\"https:\\\/\\\/www.igt.nl\\\/es\\\/\",\"name\":\"IGT Testing Systems\",\"description\":\"\",\"potentialAction\":[{\"@type\":\"SearchAction\",\"target\":{\"@type\":\"EntryPoint\",\"urlTemplate\":\"https:\\\/\\\/www.igt.nl\\\/es\\\/?s={search_term_string}\"},\"query-input\":{\"@type\":\"PropertyValueSpecification\",\"valueRequired\":true,\"valueName\":\"search_term_string\"}}],\"inLanguage\":\"es\"}]}<\/script>\n<!-- \/ Yoast SEO plugin. -->","yoast_head_json":{"title":"TackOscope-3 modelo SC - IGT Testing Systems","description":"Mide la adherencia de una tinta en pasta o barniz de forma r\u00e1pida y eficaz. Su gran precisi\u00f3n, bajo mantenimiento y sencillo manejo garantizan resultados uniformes.","robots":{"index":"index","follow":"follow","max-snippet":"max-snippet:-1","max-image-preview":"max-image-preview:large","max-video-preview":"max-video-preview:-1"},"canonical":"https:\/\/www.igt.nl\/es\/producto\/tackoscope-3-modelo-sc\/","og_locale":"es_ES","og_type":"article","og_title":"TackOscope-3 modelo SC - IGT Testing Systems","og_description":"Mide la adherencia de una tinta en pasta o barniz de forma r\u00e1pida y eficaz. Su gran precisi\u00f3n, bajo mantenimiento y sencillo manejo garantizan resultados uniformes.","og_url":"https:\/\/www.igt.nl\/es\/producto\/tackoscope-3-modelo-sc\/","og_site_name":"IGT Testing Systems","article_modified_time":"2025-12-17T08:02:49+00:00","og_image":[{"width":726,"height":675,"url":"https:\/\/www.igt.nl\/wp-content\/uploads\/845.000.200-TOS-SC-cover-closed-_MGF7581_16x9_vs-e1666271526678.jpg","type":"image\/jpeg"}],"twitter_card":"summary_large_image","twitter_misc":{"Tiempo de lectura":"2 minutos"},"schema":{"@context":"https:\/\/schema.org","@graph":[{"@type":"WebPage","@id":"https:\/\/www.igt.nl\/es\/producto\/tackoscope-3-modelo-sc\/","url":"https:\/\/www.igt.nl\/es\/producto\/tackoscope-3-modelo-sc\/","name":"TackOscope-3 modelo SC - IGT Testing Systems","isPartOf":{"@id":"https:\/\/www.igt.nl\/es\/#website"},"primaryImageOfPage":{"@id":"https:\/\/www.igt.nl\/es\/producto\/tackoscope-3-modelo-sc\/#primaryimage"},"image":{"@id":"https:\/\/www.igt.nl\/es\/producto\/tackoscope-3-modelo-sc\/#primaryimage"},"thumbnailUrl":"https:\/\/www.igt.nl\/wp-content\/uploads\/845.000.200-TOS-SC-cover-closed-_MGF7581_16x9_vs-e1666271526678.jpg","datePublished":"2019-07-19T13:00:00+00:00","dateModified":"2025-12-17T08:02:49+00:00","description":"Mide la adherencia de una tinta en pasta o barniz de forma r\u00e1pida y eficaz. Su gran precisi\u00f3n, bajo mantenimiento y sencillo manejo garantizan resultados uniformes.","breadcrumb":{"@id":"https:\/\/www.igt.nl\/es\/producto\/tackoscope-3-modelo-sc\/#breadcrumb"},"inLanguage":"es","potentialAction":[{"@type":"ReadAction","target":["https:\/\/www.igt.nl\/es\/producto\/tackoscope-3-modelo-sc\/"]}]},{"@type":"ImageObject","inLanguage":"es","@id":"https:\/\/www.igt.nl\/es\/producto\/tackoscope-3-modelo-sc\/#primaryimage","url":"https:\/\/www.igt.nl\/wp-content\/uploads\/845.000.200-TOS-SC-cover-closed-_MGF7581_16x9_vs-e1666271526678.jpg","contentUrl":"https:\/\/www.igt.nl\/wp-content\/uploads\/845.000.200-TOS-SC-cover-closed-_MGF7581_16x9_vs-e1666271526678.jpg","width":726,"height":675},{"@type":"BreadcrumbList","@id":"https:\/\/www.igt.nl\/es\/producto\/tackoscope-3-modelo-sc\/#breadcrumb","itemListElement":[{"@type":"ListItem","position":1,"name":"Home","item":"https:\/\/www.igt.nl\/es\/?page_id=36171"},{"@type":"ListItem","position":2,"name":"Tienda","item":"https:\/\/www.igt.nl\/es\/?page_id=36068"},{"@type":"ListItem","position":3,"name":"Probadores de tinta","item":"https:\/\/www.igt.nl\/es\/product-categorie\/probadores-de-tinta\/"},{"@type":"ListItem","position":4,"name":"TackOscope-3 modelo SC"}]},{"@type":"WebSite","@id":"https:\/\/www.igt.nl\/es\/#website","url":"https:\/\/www.igt.nl\/es\/","name":"IGT Testing Systems","description":"","potentialAction":[{"@type":"SearchAction","target":{"@type":"EntryPoint","urlTemplate":"https:\/\/www.igt.nl\/es\/?s={search_term_string}"},"query-input":{"@type":"PropertyValueSpecification","valueRequired":true,"valueName":"search_term_string"}}],"inLanguage":"es"}]}},"_links":{"self":[{"href":"https:\/\/www.igt.nl\/es\/wp-json\/wp\/v2\/product\/38100","targetHints":{"allow":["GET"]}}],"collection":[{"href":"https:\/\/www.igt.nl\/es\/wp-json\/wp\/v2\/product"}],"about":[{"href":"https:\/\/www.igt.nl\/es\/wp-json\/wp\/v2\/types\/product"}],"replies":[{"embeddable":true,"href":"https:\/\/www.igt.nl\/es\/wp-json\/wp\/v2\/comments?post=38100"}],"wp:featuredmedia":[{"embeddable":true,"href":"https:\/\/www.igt.nl\/es\/wp-json\/wp\/v2\/media\/38103"}],"wp:attachment":[{"href":"https:\/\/www.igt.nl\/es\/wp-json\/wp\/v2\/media?parent=38100"}],"wp:term":[{"taxonomy":"product_brand","embeddable":true,"href":"https:\/\/www.igt.nl\/es\/wp-json\/wp\/v2\/product_brand?post=38100"},{"taxonomy":"product_cat","embeddable":true,"href":"https:\/\/www.igt.nl\/es\/wp-json\/wp\/v2\/product_cat?post=38100"},{"taxonomy":"product_tag","embeddable":true,"href":"https:\/\/www.igt.nl\/es\/wp-json\/wp\/v2\/product_tag?post=38100"}],"curies":[{"name":"wp","href":"https:\/\/api.w.org\/{rel}","templated":true}]}}