{"id":38108,"date":"2019-08-15T09:05:57","date_gmt":"2019-08-15T09:05:57","guid":{"rendered":"https:\/\/www.igt.nl\/?post_type=product&#038;p=38108"},"modified":"2025-12-17T08:02:46","modified_gmt":"2025-12-17T08:02:46","slug":"soportes-para-c1-y-orange-proofer","status":"publish","type":"product","link":"https:\/\/www.igt.nl\/es\/producto\/soportes-para-c1-y-orange-proofer\/","title":{"rendered":"Soportes para C1 y Orange Proofer"},"content":{"rendered":"<p>El soporte de sustrato consiste en una placa con una tira de manta de goma sobre ella. El soporte se monta con la cara que se va a imprimir hacia arriba, con un trozo de cinta adhesiva sobre la manta del soporte.<x id=\"gid_0\"><\/x>Para los viajes en papel y otros materiales finos se recomienda utilizar siempre el soporte para evitar que el soporte se pegue al disco de impresi\u00f3n. S\u00f3lo para imprimir sobre soportes muy gruesos o r\u00edgidos no es necesario utilizar el soporte de sustrato.<br \/>\nTambi\u00e9n se recomienda utilizar un soporte de sustrato s\u00f3lo para un ancho de disco de impresi\u00f3n, porque al utilizar el soporte se forma una ranura en la goma; si se utiliza un disco de impresi\u00f3n m\u00e1s ancho, esta ranura puede ser visible en la impresi\u00f3n. Por ello, se aconseja adquirir uno o varios soportes de impresi\u00f3n adicionales cuando se utilicen discos de impresi\u00f3n de anchuras diferentes.   <\/p>\n","protected":false},"excerpt":{"rendered":"<p>Soportes C1 y Naranja Proofer<\/p>\n","protected":false},"featured_media":38111,"comment_status":"closed","ping_status":"closed","template":"","meta":{"_acf_changed":false,"inline_featured_image":false},"product_brand":[],"product_cat":[3865,4289],"product_tag":[],"class_list":{"0":"post-38108","1":"product","2":"type-product","3":"status-publish","4":"has-post-thumbnail","6":"product_cat-consumibles","7":"product_cat-embalajes-y-soportes","9":"first","10":"instock","11":"shipping-taxable","12":"purchasable","13":"product-type-variable"},"acf":[],"yoast_head":"<!-- This site is optimized with the Yoast SEO plugin v27.5 - https:\/\/yoast.com\/product\/yoast-seo-wordpress\/ -->\n<title>Soportes para C1 y Orange Proofer - IGT Testing Systems<\/title>\n<meta name=\"robots\" content=\"index, follow, max-snippet:-1, max-image-preview:large, max-video-preview:-1\" \/>\n<link rel=\"canonical\" href=\"https:\/\/www.igt.nl\/es\/producto\/soportes-para-c1-y-orange-proofer\/\" \/>\n<meta property=\"og:locale\" content=\"es_ES\" \/>\n<meta property=\"og:type\" content=\"article\" \/>\n<meta property=\"og:title\" content=\"Soportes para C1 y Orange Proofer - IGT Testing Systems\" \/>\n<meta property=\"og:description\" content=\"Soportes C1 y Naranja Proofer\" \/>\n<meta property=\"og:url\" content=\"https:\/\/www.igt.nl\/es\/producto\/soportes-para-c1-y-orange-proofer\/\" \/>\n<meta property=\"og:site_name\" content=\"IGT Testing Systems\" \/>\n<meta property=\"article:modified_time\" content=\"2025-12-17T08:02:46+00:00\" \/>\n<meta property=\"og:image\" content=\"https:\/\/www.igt.nl\/wp-content\/uploads\/Substrate-Carrier-50mm.jpg\" \/>\n\t<meta property=\"og:image:width\" content=\"1422\" \/>\n\t<meta property=\"og:image:height\" content=\"677\" \/>\n\t<meta property=\"og:image:type\" content=\"image\/jpeg\" \/>\n<meta name=\"twitter:card\" content=\"summary_large_image\" \/>\n<meta name=\"twitter:label1\" content=\"Tiempo de lectura\" \/>\n\t<meta name=\"twitter:data1\" content=\"1 minuto\" \/>\n<script type=\"application\/ld+json\" class=\"yoast-schema-graph\">{\"@context\":\"https:\\\/\\\/schema.org\",\"@graph\":[{\"@type\":\"WebPage\",\"@id\":\"https:\\\/\\\/www.igt.nl\\\/es\\\/producto\\\/soportes-para-c1-y-orange-proofer\\\/\",\"url\":\"https:\\\/\\\/www.igt.nl\\\/es\\\/producto\\\/soportes-para-c1-y-orange-proofer\\\/\",\"name\":\"Soportes para C1 y Orange Proofer - IGT Testing Systems\",\"isPartOf\":{\"@id\":\"https:\\\/\\\/www.igt.nl\\\/es\\\/#website\"},\"primaryImageOfPage\":{\"@id\":\"https:\\\/\\\/www.igt.nl\\\/es\\\/producto\\\/soportes-para-c1-y-orange-proofer\\\/#primaryimage\"},\"image\":{\"@id\":\"https:\\\/\\\/www.igt.nl\\\/es\\\/producto\\\/soportes-para-c1-y-orange-proofer\\\/#primaryimage\"},\"thumbnailUrl\":\"https:\\\/\\\/www.igt.nl\\\/wp-content\\\/uploads\\\/Substrate-Carrier-50mm.jpg\",\"datePublished\":\"2019-08-15T09:05:57+00:00\",\"dateModified\":\"2025-12-17T08:02:46+00:00\",\"breadcrumb\":{\"@id\":\"https:\\\/\\\/www.igt.nl\\\/es\\\/producto\\\/soportes-para-c1-y-orange-proofer\\\/#breadcrumb\"},\"inLanguage\":\"es\",\"potentialAction\":[{\"@type\":\"ReadAction\",\"target\":[\"https:\\\/\\\/www.igt.nl\\\/es\\\/producto\\\/soportes-para-c1-y-orange-proofer\\\/\"]}]},{\"@type\":\"ImageObject\",\"inLanguage\":\"es\",\"@id\":\"https:\\\/\\\/www.igt.nl\\\/es\\\/producto\\\/soportes-para-c1-y-orange-proofer\\\/#primaryimage\",\"url\":\"https:\\\/\\\/www.igt.nl\\\/wp-content\\\/uploads\\\/Substrate-Carrier-50mm.jpg\",\"contentUrl\":\"https:\\\/\\\/www.igt.nl\\\/wp-content\\\/uploads\\\/Substrate-Carrier-50mm.jpg\",\"width\":1422,\"height\":677},{\"@type\":\"BreadcrumbList\",\"@id\":\"https:\\\/\\\/www.igt.nl\\\/es\\\/producto\\\/soportes-para-c1-y-orange-proofer\\\/#breadcrumb\",\"itemListElement\":[{\"@type\":\"ListItem\",\"position\":1,\"name\":\"Home\",\"item\":\"https:\\\/\\\/www.igt.nl\\\/es\\\/?page_id=36171\"},{\"@type\":\"ListItem\",\"position\":2,\"name\":\"Tienda\",\"item\":\"https:\\\/\\\/www.igt.nl\\\/es\\\/?page_id=36068\"},{\"@type\":\"ListItem\",\"position\":3,\"name\":\"Consumibles\",\"item\":\"https:\\\/\\\/www.igt.nl\\\/es\\\/product-categorie\\\/consumibles\\\/\"},{\"@type\":\"ListItem\",\"position\":4,\"name\":\"Soportes para C1 y Orange Proofer\"}]},{\"@type\":\"WebSite\",\"@id\":\"https:\\\/\\\/www.igt.nl\\\/es\\\/#website\",\"url\":\"https:\\\/\\\/www.igt.nl\\\/es\\\/\",\"name\":\"IGT Testing Systems\",\"description\":\"\",\"potentialAction\":[{\"@type\":\"SearchAction\",\"target\":{\"@type\":\"EntryPoint\",\"urlTemplate\":\"https:\\\/\\\/www.igt.nl\\\/es\\\/?s={search_term_string}\"},\"query-input\":{\"@type\":\"PropertyValueSpecification\",\"valueRequired\":true,\"valueName\":\"search_term_string\"}}],\"inLanguage\":\"es\"}]}<\/script>\n<!-- \/ Yoast SEO plugin. -->","yoast_head_json":{"title":"Soportes para C1 y Orange Proofer - IGT Testing Systems","robots":{"index":"index","follow":"follow","max-snippet":"max-snippet:-1","max-image-preview":"max-image-preview:large","max-video-preview":"max-video-preview:-1"},"canonical":"https:\/\/www.igt.nl\/es\/producto\/soportes-para-c1-y-orange-proofer\/","og_locale":"es_ES","og_type":"article","og_title":"Soportes para C1 y Orange Proofer - IGT Testing Systems","og_description":"Soportes C1 y Naranja Proofer","og_url":"https:\/\/www.igt.nl\/es\/producto\/soportes-para-c1-y-orange-proofer\/","og_site_name":"IGT Testing Systems","article_modified_time":"2025-12-17T08:02:46+00:00","og_image":[{"width":1422,"height":677,"url":"https:\/\/www.igt.nl\/wp-content\/uploads\/Substrate-Carrier-50mm.jpg","type":"image\/jpeg"}],"twitter_card":"summary_large_image","twitter_misc":{"Tiempo de lectura":"1 minuto"},"schema":{"@context":"https:\/\/schema.org","@graph":[{"@type":"WebPage","@id":"https:\/\/www.igt.nl\/es\/producto\/soportes-para-c1-y-orange-proofer\/","url":"https:\/\/www.igt.nl\/es\/producto\/soportes-para-c1-y-orange-proofer\/","name":"Soportes para C1 y Orange Proofer - IGT Testing Systems","isPartOf":{"@id":"https:\/\/www.igt.nl\/es\/#website"},"primaryImageOfPage":{"@id":"https:\/\/www.igt.nl\/es\/producto\/soportes-para-c1-y-orange-proofer\/#primaryimage"},"image":{"@id":"https:\/\/www.igt.nl\/es\/producto\/soportes-para-c1-y-orange-proofer\/#primaryimage"},"thumbnailUrl":"https:\/\/www.igt.nl\/wp-content\/uploads\/Substrate-Carrier-50mm.jpg","datePublished":"2019-08-15T09:05:57+00:00","dateModified":"2025-12-17T08:02:46+00:00","breadcrumb":{"@id":"https:\/\/www.igt.nl\/es\/producto\/soportes-para-c1-y-orange-proofer\/#breadcrumb"},"inLanguage":"es","potentialAction":[{"@type":"ReadAction","target":["https:\/\/www.igt.nl\/es\/producto\/soportes-para-c1-y-orange-proofer\/"]}]},{"@type":"ImageObject","inLanguage":"es","@id":"https:\/\/www.igt.nl\/es\/producto\/soportes-para-c1-y-orange-proofer\/#primaryimage","url":"https:\/\/www.igt.nl\/wp-content\/uploads\/Substrate-Carrier-50mm.jpg","contentUrl":"https:\/\/www.igt.nl\/wp-content\/uploads\/Substrate-Carrier-50mm.jpg","width":1422,"height":677},{"@type":"BreadcrumbList","@id":"https:\/\/www.igt.nl\/es\/producto\/soportes-para-c1-y-orange-proofer\/#breadcrumb","itemListElement":[{"@type":"ListItem","position":1,"name":"Home","item":"https:\/\/www.igt.nl\/es\/?page_id=36171"},{"@type":"ListItem","position":2,"name":"Tienda","item":"https:\/\/www.igt.nl\/es\/?page_id=36068"},{"@type":"ListItem","position":3,"name":"Consumibles","item":"https:\/\/www.igt.nl\/es\/product-categorie\/consumibles\/"},{"@type":"ListItem","position":4,"name":"Soportes para C1 y Orange Proofer"}]},{"@type":"WebSite","@id":"https:\/\/www.igt.nl\/es\/#website","url":"https:\/\/www.igt.nl\/es\/","name":"IGT Testing Systems","description":"","potentialAction":[{"@type":"SearchAction","target":{"@type":"EntryPoint","urlTemplate":"https:\/\/www.igt.nl\/es\/?s={search_term_string}"},"query-input":{"@type":"PropertyValueSpecification","valueRequired":true,"valueName":"search_term_string"}}],"inLanguage":"es"}]}},"_links":{"self":[{"href":"https:\/\/www.igt.nl\/es\/wp-json\/wp\/v2\/product\/38108","targetHints":{"allow":["GET"]}}],"collection":[{"href":"https:\/\/www.igt.nl\/es\/wp-json\/wp\/v2\/product"}],"about":[{"href":"https:\/\/www.igt.nl\/es\/wp-json\/wp\/v2\/types\/product"}],"replies":[{"embeddable":true,"href":"https:\/\/www.igt.nl\/es\/wp-json\/wp\/v2\/comments?post=38108"}],"wp:featuredmedia":[{"embeddable":true,"href":"https:\/\/www.igt.nl\/es\/wp-json\/wp\/v2\/media\/38111"}],"wp:attachment":[{"href":"https:\/\/www.igt.nl\/es\/wp-json\/wp\/v2\/media?parent=38108"}],"wp:term":[{"taxonomy":"product_brand","embeddable":true,"href":"https:\/\/www.igt.nl\/es\/wp-json\/wp\/v2\/product_brand?post=38108"},{"taxonomy":"product_cat","embeddable":true,"href":"https:\/\/www.igt.nl\/es\/wp-json\/wp\/v2\/product_cat?post=38108"},{"taxonomy":"product_tag","embeddable":true,"href":"https:\/\/www.igt.nl\/es\/wp-json\/wp\/v2\/product_tag?post=38108"}],"curies":[{"name":"wp","href":"https:\/\/api.w.org\/{rel}","templated":true}]}}