{"id":38170,"date":"2019-09-06T07:00:45","date_gmt":"2019-09-06T07:00:45","guid":{"rendered":"https:\/\/www.igt.nl\/?post_type=product&#038;p=38170"},"modified":"2025-12-17T08:02:43","modified_gmt":"2025-12-17T08:02:43","slug":"hydroscopio","status":"publish","type":"product","link":"https:\/\/www.igt.nl\/es\/producto\/hydroscopio\/","title":{"rendered":"HydrOscopio"},"content":{"rendered":"<p>HydrOscope: para medir el comportamiento de emulsificaci\u00f3n de una tinta mediante un sistema basado en rodillos. Realiza la medici\u00f3n de la adherencia en combinaci\u00f3n con la medici\u00f3n del par. <\/p>\n<p>Este dispositivo utiliza la pegajosidad en funci\u00f3n de la emulsificaci\u00f3n. Un sensor de torsi\u00f3n proporciona informaci\u00f3n sobre el cambio en la reolog\u00eda de la tinta en funci\u00f3n de la emulsificaci\u00f3n. Las pruebas del HydrOscope se basan en la emulsificaci\u00f3n de la tinta y el l\u00edquido humectante en un sistema de rodillos, como las condiciones de una imprenta. En cuanto al tama\u00f1o y la distribuci\u00f3n de las gotas, la tinta emulsionada del HydrOscope es fundamentalmente distinta de la de los probadores con agitadores. La emulsi\u00f3n de tinta creada en el HydrOscope ofrece una correlaci\u00f3n terriblemente estrecha con la tinta emulsionada tal como se encuentra en la prensa. El HydrOscope permite al usuario crear una base de datos basada en el rendimiento conocido de las combinaciones de tinta y fuente, y permite al entintador detectar y predecir las combinaciones que pueden causar problemas relacionados con la tinta y el agua durante la impresi\u00f3n.     <\/p>\n","protected":false},"excerpt":{"rendered":"<p>Dispositivo para medir el comportamiento de emulsificaci\u00f3n de una tinta.<\/p>\n","protected":false},"featured_media":38177,"comment_status":"closed","ping_status":"closed","template":"","meta":{"_acf_changed":false,"inline_featured_image":false},"product_brand":[],"product_cat":[3435,3956,4257],"product_tag":[],"class_list":{"0":"post-38170","1":"product","2":"type-product","3":"status-publish","4":"has-post-thumbnail","6":"product_cat-probadores-de-tinta","7":"product_cat-reologia","8":"product_cat-tack","9":"product_shipping_class-normaal","11":"first","12":"instock","13":"featured","14":"shipping-taxable","15":"purchasable","16":"product-type-simple"},"acf":[],"yoast_head":"<!-- This site is optimized with the Yoast SEO plugin v27.3 - https:\/\/yoast.com\/product\/yoast-seo-wordpress\/ -->\n<title>HydrOscopio - IGT Testing Systems<\/title>\n<meta name=\"description\" content=\"Para medir el comportamiento de emulsificaci\u00f3n de una tinta mediante un sistema basado en rodillos. Realiza la medici\u00f3n de la adherencia en combinaci\u00f3n con la medici\u00f3n del par.\" \/>\n<meta name=\"robots\" content=\"index, follow, max-snippet:-1, max-image-preview:large, max-video-preview:-1\" \/>\n<link rel=\"canonical\" href=\"https:\/\/www.igt.nl\/es\/producto\/hydroscopio\/\" \/>\n<meta property=\"og:locale\" content=\"es_ES\" \/>\n<meta property=\"og:type\" content=\"article\" \/>\n<meta property=\"og:title\" content=\"HydrOscopio - IGT Testing Systems\" \/>\n<meta property=\"og:description\" content=\"Para medir el comportamiento de emulsificaci\u00f3n de una tinta mediante un sistema basado en rodillos. Realiza la medici\u00f3n de la adherencia en combinaci\u00f3n con la medici\u00f3n del par.\" \/>\n<meta property=\"og:url\" content=\"https:\/\/www.igt.nl\/es\/producto\/hydroscopio\/\" \/>\n<meta property=\"og:site_name\" content=\"IGT Testing Systems\" \/>\n<meta property=\"article:modified_time\" content=\"2025-12-17T08:02:43+00:00\" \/>\n<meta property=\"og:image\" content=\"https:\/\/www.igt.nl\/wp-content\/uploads\/Hydroscope_Basis-700x700-1.png\" \/>\n\t<meta property=\"og:image:width\" content=\"700\" \/>\n\t<meta property=\"og:image:height\" content=\"700\" \/>\n\t<meta property=\"og:image:type\" content=\"image\/png\" \/>\n<meta name=\"twitter:card\" content=\"summary_large_image\" \/>\n<meta name=\"twitter:label1\" content=\"Tiempo de lectura\" \/>\n\t<meta name=\"twitter:data1\" content=\"1 minuto\" \/>\n<script type=\"application\/ld+json\" class=\"yoast-schema-graph\">{\"@context\":\"https:\\\/\\\/schema.org\",\"@graph\":[{\"@type\":\"WebPage\",\"@id\":\"https:\\\/\\\/www.igt.nl\\\/es\\\/producto\\\/hydroscopio\\\/\",\"url\":\"https:\\\/\\\/www.igt.nl\\\/es\\\/producto\\\/hydroscopio\\\/\",\"name\":\"HydrOscopio - IGT Testing Systems\",\"isPartOf\":{\"@id\":\"https:\\\/\\\/www.igt.nl\\\/es\\\/#website\"},\"primaryImageOfPage\":{\"@id\":\"https:\\\/\\\/www.igt.nl\\\/es\\\/producto\\\/hydroscopio\\\/#primaryimage\"},\"image\":{\"@id\":\"https:\\\/\\\/www.igt.nl\\\/es\\\/producto\\\/hydroscopio\\\/#primaryimage\"},\"thumbnailUrl\":\"https:\\\/\\\/www.igt.nl\\\/wp-content\\\/uploads\\\/Hydroscope_Basis-700x700-1.png\",\"datePublished\":\"2019-09-06T07:00:45+00:00\",\"dateModified\":\"2025-12-17T08:02:43+00:00\",\"description\":\"Para medir el comportamiento de emulsificaci\u00f3n de una tinta mediante un sistema basado en rodillos. Realiza la medici\u00f3n de la adherencia en combinaci\u00f3n con la medici\u00f3n del par.\",\"breadcrumb\":{\"@id\":\"https:\\\/\\\/www.igt.nl\\\/es\\\/producto\\\/hydroscopio\\\/#breadcrumb\"},\"inLanguage\":\"es\",\"potentialAction\":[{\"@type\":\"ReadAction\",\"target\":[\"https:\\\/\\\/www.igt.nl\\\/es\\\/producto\\\/hydroscopio\\\/\"]}]},{\"@type\":\"ImageObject\",\"inLanguage\":\"es\",\"@id\":\"https:\\\/\\\/www.igt.nl\\\/es\\\/producto\\\/hydroscopio\\\/#primaryimage\",\"url\":\"https:\\\/\\\/www.igt.nl\\\/wp-content\\\/uploads\\\/Hydroscope_Basis-700x700-1.png\",\"contentUrl\":\"https:\\\/\\\/www.igt.nl\\\/wp-content\\\/uploads\\\/Hydroscope_Basis-700x700-1.png\",\"width\":700,\"height\":700},{\"@type\":\"BreadcrumbList\",\"@id\":\"https:\\\/\\\/www.igt.nl\\\/es\\\/producto\\\/hydroscopio\\\/#breadcrumb\",\"itemListElement\":[{\"@type\":\"ListItem\",\"position\":1,\"name\":\"Home\",\"item\":\"https:\\\/\\\/www.igt.nl\\\/es\\\/?page_id=36171\"},{\"@type\":\"ListItem\",\"position\":2,\"name\":\"Tienda\",\"item\":\"https:\\\/\\\/www.igt.nl\\\/es\\\/?page_id=36068\"},{\"@type\":\"ListItem\",\"position\":3,\"name\":\"Probadores de tinta\",\"item\":\"https:\\\/\\\/www.igt.nl\\\/es\\\/product-categorie\\\/probadores-de-tinta\\\/\"},{\"@type\":\"ListItem\",\"position\":4,\"name\":\"HydrOscopio\"}]},{\"@type\":\"WebSite\",\"@id\":\"https:\\\/\\\/www.igt.nl\\\/es\\\/#website\",\"url\":\"https:\\\/\\\/www.igt.nl\\\/es\\\/\",\"name\":\"IGT Testing Systems\",\"description\":\"\",\"potentialAction\":[{\"@type\":\"SearchAction\",\"target\":{\"@type\":\"EntryPoint\",\"urlTemplate\":\"https:\\\/\\\/www.igt.nl\\\/es\\\/?s={search_term_string}\"},\"query-input\":{\"@type\":\"PropertyValueSpecification\",\"valueRequired\":true,\"valueName\":\"search_term_string\"}}],\"inLanguage\":\"es\"}]}<\/script>\n<!-- \/ Yoast SEO plugin. -->","yoast_head_json":{"title":"HydrOscopio - IGT Testing Systems","description":"Para medir el comportamiento de emulsificaci\u00f3n de una tinta mediante un sistema basado en rodillos. Realiza la medici\u00f3n de la adherencia en combinaci\u00f3n con la medici\u00f3n del par.","robots":{"index":"index","follow":"follow","max-snippet":"max-snippet:-1","max-image-preview":"max-image-preview:large","max-video-preview":"max-video-preview:-1"},"canonical":"https:\/\/www.igt.nl\/es\/producto\/hydroscopio\/","og_locale":"es_ES","og_type":"article","og_title":"HydrOscopio - IGT Testing Systems","og_description":"Para medir el comportamiento de emulsificaci\u00f3n de una tinta mediante un sistema basado en rodillos. Realiza la medici\u00f3n de la adherencia en combinaci\u00f3n con la medici\u00f3n del par.","og_url":"https:\/\/www.igt.nl\/es\/producto\/hydroscopio\/","og_site_name":"IGT Testing Systems","article_modified_time":"2025-12-17T08:02:43+00:00","og_image":[{"width":700,"height":700,"url":"https:\/\/www.igt.nl\/wp-content\/uploads\/Hydroscope_Basis-700x700-1.png","type":"image\/png"}],"twitter_card":"summary_large_image","twitter_misc":{"Tiempo de lectura":"1 minuto"},"schema":{"@context":"https:\/\/schema.org","@graph":[{"@type":"WebPage","@id":"https:\/\/www.igt.nl\/es\/producto\/hydroscopio\/","url":"https:\/\/www.igt.nl\/es\/producto\/hydroscopio\/","name":"HydrOscopio - IGT Testing Systems","isPartOf":{"@id":"https:\/\/www.igt.nl\/es\/#website"},"primaryImageOfPage":{"@id":"https:\/\/www.igt.nl\/es\/producto\/hydroscopio\/#primaryimage"},"image":{"@id":"https:\/\/www.igt.nl\/es\/producto\/hydroscopio\/#primaryimage"},"thumbnailUrl":"https:\/\/www.igt.nl\/wp-content\/uploads\/Hydroscope_Basis-700x700-1.png","datePublished":"2019-09-06T07:00:45+00:00","dateModified":"2025-12-17T08:02:43+00:00","description":"Para medir el comportamiento de emulsificaci\u00f3n de una tinta mediante un sistema basado en rodillos. Realiza la medici\u00f3n de la adherencia en combinaci\u00f3n con la medici\u00f3n del par.","breadcrumb":{"@id":"https:\/\/www.igt.nl\/es\/producto\/hydroscopio\/#breadcrumb"},"inLanguage":"es","potentialAction":[{"@type":"ReadAction","target":["https:\/\/www.igt.nl\/es\/producto\/hydroscopio\/"]}]},{"@type":"ImageObject","inLanguage":"es","@id":"https:\/\/www.igt.nl\/es\/producto\/hydroscopio\/#primaryimage","url":"https:\/\/www.igt.nl\/wp-content\/uploads\/Hydroscope_Basis-700x700-1.png","contentUrl":"https:\/\/www.igt.nl\/wp-content\/uploads\/Hydroscope_Basis-700x700-1.png","width":700,"height":700},{"@type":"BreadcrumbList","@id":"https:\/\/www.igt.nl\/es\/producto\/hydroscopio\/#breadcrumb","itemListElement":[{"@type":"ListItem","position":1,"name":"Home","item":"https:\/\/www.igt.nl\/es\/?page_id=36171"},{"@type":"ListItem","position":2,"name":"Tienda","item":"https:\/\/www.igt.nl\/es\/?page_id=36068"},{"@type":"ListItem","position":3,"name":"Probadores de tinta","item":"https:\/\/www.igt.nl\/es\/product-categorie\/probadores-de-tinta\/"},{"@type":"ListItem","position":4,"name":"HydrOscopio"}]},{"@type":"WebSite","@id":"https:\/\/www.igt.nl\/es\/#website","url":"https:\/\/www.igt.nl\/es\/","name":"IGT Testing Systems","description":"","potentialAction":[{"@type":"SearchAction","target":{"@type":"EntryPoint","urlTemplate":"https:\/\/www.igt.nl\/es\/?s={search_term_string}"},"query-input":{"@type":"PropertyValueSpecification","valueRequired":true,"valueName":"search_term_string"}}],"inLanguage":"es"}]}},"_links":{"self":[{"href":"https:\/\/www.igt.nl\/es\/wp-json\/wp\/v2\/product\/38170","targetHints":{"allow":["GET"]}}],"collection":[{"href":"https:\/\/www.igt.nl\/es\/wp-json\/wp\/v2\/product"}],"about":[{"href":"https:\/\/www.igt.nl\/es\/wp-json\/wp\/v2\/types\/product"}],"replies":[{"embeddable":true,"href":"https:\/\/www.igt.nl\/es\/wp-json\/wp\/v2\/comments?post=38170"}],"wp:featuredmedia":[{"embeddable":true,"href":"https:\/\/www.igt.nl\/es\/wp-json\/wp\/v2\/media\/38177"}],"wp:attachment":[{"href":"https:\/\/www.igt.nl\/es\/wp-json\/wp\/v2\/media?parent=38170"}],"wp:term":[{"taxonomy":"product_brand","embeddable":true,"href":"https:\/\/www.igt.nl\/es\/wp-json\/wp\/v2\/product_brand?post=38170"},{"taxonomy":"product_cat","embeddable":true,"href":"https:\/\/www.igt.nl\/es\/wp-json\/wp\/v2\/product_cat?post=38170"},{"taxonomy":"product_tag","embeddable":true,"href":"https:\/\/www.igt.nl\/es\/wp-json\/wp\/v2\/product_tag?post=38170"}],"curies":[{"name":"wp","href":"https:\/\/api.w.org\/{rel}","templated":true}]}}