{"id":38178,"date":"2019-09-06T07:00:42","date_gmt":"2019-09-06T07:00:42","guid":{"rendered":"https:\/\/www.igt.nl\/?post_type=product&#038;p=38178"},"modified":"2025-12-17T08:02:44","modified_gmt":"2025-12-17T08:02:44","slug":"medidor-de-espesor","status":"publish","type":"product","link":"https:\/\/www.igt.nl\/es\/producto\/medidor-de-espesor\/","title":{"rendered":"Medidor de espesor"},"content":{"rendered":"<p>Estos instrumentos se han desarrollado para medir materiales de vell\u00f3n voluminosos y productos de papel y pl\u00e1stico seg\u00fan ISO 9073-2 y EDANA 30.5-99.<br \/>\nEl sistema de medici\u00f3n vertical normalizado consta de un micr\u00f3metro digital con una placa de presi\u00f3n y una placa de referencia. \u00c9sta est\u00e1 conectada a un dispositivo electr\u00f3nico de medici\u00f3n que produce una se\u00f1al en cuanto la placa de presi\u00f3n y la de referencia se encuentran en posici\u00f3n paralela entre s\u00ed bajo la presi\u00f3n especificada. De este modo, la placa de presi\u00f3n ejerce una presi\u00f3n de medici\u00f3n de exactamente 0,020 kPa sobre el material de prueba y se realiza la medici\u00f3n.<br \/>\nLa unidad puede conectarse a un ordenador, para ayudar al usuario a crear y archivar un informe de la prueba. Mediante el c\u00e1lculo de los valores estad\u00edsticos despu\u00e9s de cada medici\u00f3n, el cliente puede decidir inmediatamente si acepta o rechaza la medici\u00f3n actual. Con la transferencia autom\u00e1tica de datos al informe de prueba y el c\u00e1lculo posterior, se evitan errores. Por tanto, el software es especialmente adecuado para mediciones en serie.     <\/p>\n","protected":false},"excerpt":{"rendered":"<p>Dispositivo para medir materiales voluminosos<\/p>\n","protected":false},"featured_media":38181,"comment_status":"closed","ping_status":"open","template":"","meta":{"_acf_changed":false,"inline_featured_image":false},"product_brand":[],"product_cat":[3878],"product_tag":[],"class_list":{"0":"post-38178","1":"product","2":"type-product","3":"status-publish","4":"has-post-thumbnail","6":"product_cat-otros-probadores","7":"pa_dimensions-d-x-w-x-h-cm-30-x-16-x-20","8":"pa_model-575-000-200-vdm-0102-002-kpa","9":"pa_model-575-000-300-vdm-01-10-010-kpa","10":"pa_model-575-000-400-vdm-01-50-050-kpa","11":"pa_model-575-000-500-vdm-01-20-200-kpa","12":"pa_weight-3-kg","14":"first","15":"instock","16":"shipping-taxable","17":"purchasable","18":"product-type-simple"},"acf":[],"yoast_head":"<!-- This site is optimized with the Yoast SEO plugin v27.3 - https:\/\/yoast.com\/product\/yoast-seo-wordpress\/ -->\n<title>Medidor de espesor - IGT Testing Systems<\/title>\n<meta name=\"robots\" content=\"index, follow, max-snippet:-1, max-image-preview:large, max-video-preview:-1\" \/>\n<link rel=\"canonical\" href=\"https:\/\/www.igt.nl\/es\/producto\/medidor-de-espesor\/\" \/>\n<meta property=\"og:locale\" content=\"es_ES\" \/>\n<meta property=\"og:type\" content=\"article\" \/>\n<meta property=\"og:title\" content=\"Medidor de espesor - IGT Testing Systems\" \/>\n<meta property=\"og:description\" content=\"Dispositivo para medir materiales voluminosos\" \/>\n<meta property=\"og:url\" content=\"https:\/\/www.igt.nl\/es\/producto\/medidor-de-espesor\/\" \/>\n<meta property=\"og:site_name\" content=\"IGT Testing Systems\" \/>\n<meta property=\"article:modified_time\" content=\"2025-12-17T08:02:44+00:00\" \/>\n<meta property=\"og:image\" content=\"https:\/\/www.igt.nl\/wp-content\/uploads\/VDM-700x700-1.png\" \/>\n\t<meta property=\"og:image:width\" content=\"700\" \/>\n\t<meta property=\"og:image:height\" content=\"700\" \/>\n\t<meta property=\"og:image:type\" content=\"image\/png\" \/>\n<meta name=\"twitter:card\" content=\"summary_large_image\" \/>\n<meta name=\"twitter:label1\" content=\"Tiempo de lectura\" \/>\n\t<meta name=\"twitter:data1\" content=\"1 minuto\" \/>\n<script type=\"application\/ld+json\" class=\"yoast-schema-graph\">{\"@context\":\"https:\\\/\\\/schema.org\",\"@graph\":[{\"@type\":\"WebPage\",\"@id\":\"https:\\\/\\\/www.igt.nl\\\/es\\\/producto\\\/medidor-de-espesor\\\/\",\"url\":\"https:\\\/\\\/www.igt.nl\\\/es\\\/producto\\\/medidor-de-espesor\\\/\",\"name\":\"Medidor de espesor - IGT Testing Systems\",\"isPartOf\":{\"@id\":\"https:\\\/\\\/www.igt.nl\\\/es\\\/#website\"},\"primaryImageOfPage\":{\"@id\":\"https:\\\/\\\/www.igt.nl\\\/es\\\/producto\\\/medidor-de-espesor\\\/#primaryimage\"},\"image\":{\"@id\":\"https:\\\/\\\/www.igt.nl\\\/es\\\/producto\\\/medidor-de-espesor\\\/#primaryimage\"},\"thumbnailUrl\":\"https:\\\/\\\/www.igt.nl\\\/wp-content\\\/uploads\\\/VDM-700x700-1.png\",\"datePublished\":\"2019-09-06T07:00:42+00:00\",\"dateModified\":\"2025-12-17T08:02:44+00:00\",\"breadcrumb\":{\"@id\":\"https:\\\/\\\/www.igt.nl\\\/es\\\/producto\\\/medidor-de-espesor\\\/#breadcrumb\"},\"inLanguage\":\"es\",\"potentialAction\":[{\"@type\":\"ReadAction\",\"target\":[\"https:\\\/\\\/www.igt.nl\\\/es\\\/producto\\\/medidor-de-espesor\\\/\"]}]},{\"@type\":\"ImageObject\",\"inLanguage\":\"es\",\"@id\":\"https:\\\/\\\/www.igt.nl\\\/es\\\/producto\\\/medidor-de-espesor\\\/#primaryimage\",\"url\":\"https:\\\/\\\/www.igt.nl\\\/wp-content\\\/uploads\\\/VDM-700x700-1.png\",\"contentUrl\":\"https:\\\/\\\/www.igt.nl\\\/wp-content\\\/uploads\\\/VDM-700x700-1.png\",\"width\":700,\"height\":700},{\"@type\":\"BreadcrumbList\",\"@id\":\"https:\\\/\\\/www.igt.nl\\\/es\\\/producto\\\/medidor-de-espesor\\\/#breadcrumb\",\"itemListElement\":[{\"@type\":\"ListItem\",\"position\":1,\"name\":\"Home\",\"item\":\"https:\\\/\\\/www.igt.nl\\\/es\\\/?page_id=36171\"},{\"@type\":\"ListItem\",\"position\":2,\"name\":\"Tienda\",\"item\":\"https:\\\/\\\/www.igt.nl\\\/es\\\/?page_id=36068\"},{\"@type\":\"ListItem\",\"position\":3,\"name\":\"Otros probadores\",\"item\":\"https:\\\/\\\/www.igt.nl\\\/es\\\/product-categorie\\\/otros-probadores\\\/\"},{\"@type\":\"ListItem\",\"position\":4,\"name\":\"Medidor de espesor\"}]},{\"@type\":\"WebSite\",\"@id\":\"https:\\\/\\\/www.igt.nl\\\/es\\\/#website\",\"url\":\"https:\\\/\\\/www.igt.nl\\\/es\\\/\",\"name\":\"IGT Testing Systems\",\"description\":\"\",\"potentialAction\":[{\"@type\":\"SearchAction\",\"target\":{\"@type\":\"EntryPoint\",\"urlTemplate\":\"https:\\\/\\\/www.igt.nl\\\/es\\\/?s={search_term_string}\"},\"query-input\":{\"@type\":\"PropertyValueSpecification\",\"valueRequired\":true,\"valueName\":\"search_term_string\"}}],\"inLanguage\":\"es\"}]}<\/script>\n<!-- \/ Yoast SEO plugin. -->","yoast_head_json":{"title":"Medidor de espesor - IGT Testing Systems","robots":{"index":"index","follow":"follow","max-snippet":"max-snippet:-1","max-image-preview":"max-image-preview:large","max-video-preview":"max-video-preview:-1"},"canonical":"https:\/\/www.igt.nl\/es\/producto\/medidor-de-espesor\/","og_locale":"es_ES","og_type":"article","og_title":"Medidor de espesor - IGT Testing Systems","og_description":"Dispositivo para medir materiales voluminosos","og_url":"https:\/\/www.igt.nl\/es\/producto\/medidor-de-espesor\/","og_site_name":"IGT Testing Systems","article_modified_time":"2025-12-17T08:02:44+00:00","og_image":[{"width":700,"height":700,"url":"https:\/\/www.igt.nl\/wp-content\/uploads\/VDM-700x700-1.png","type":"image\/png"}],"twitter_card":"summary_large_image","twitter_misc":{"Tiempo de lectura":"1 minuto"},"schema":{"@context":"https:\/\/schema.org","@graph":[{"@type":"WebPage","@id":"https:\/\/www.igt.nl\/es\/producto\/medidor-de-espesor\/","url":"https:\/\/www.igt.nl\/es\/producto\/medidor-de-espesor\/","name":"Medidor de espesor - IGT Testing Systems","isPartOf":{"@id":"https:\/\/www.igt.nl\/es\/#website"},"primaryImageOfPage":{"@id":"https:\/\/www.igt.nl\/es\/producto\/medidor-de-espesor\/#primaryimage"},"image":{"@id":"https:\/\/www.igt.nl\/es\/producto\/medidor-de-espesor\/#primaryimage"},"thumbnailUrl":"https:\/\/www.igt.nl\/wp-content\/uploads\/VDM-700x700-1.png","datePublished":"2019-09-06T07:00:42+00:00","dateModified":"2025-12-17T08:02:44+00:00","breadcrumb":{"@id":"https:\/\/www.igt.nl\/es\/producto\/medidor-de-espesor\/#breadcrumb"},"inLanguage":"es","potentialAction":[{"@type":"ReadAction","target":["https:\/\/www.igt.nl\/es\/producto\/medidor-de-espesor\/"]}]},{"@type":"ImageObject","inLanguage":"es","@id":"https:\/\/www.igt.nl\/es\/producto\/medidor-de-espesor\/#primaryimage","url":"https:\/\/www.igt.nl\/wp-content\/uploads\/VDM-700x700-1.png","contentUrl":"https:\/\/www.igt.nl\/wp-content\/uploads\/VDM-700x700-1.png","width":700,"height":700},{"@type":"BreadcrumbList","@id":"https:\/\/www.igt.nl\/es\/producto\/medidor-de-espesor\/#breadcrumb","itemListElement":[{"@type":"ListItem","position":1,"name":"Home","item":"https:\/\/www.igt.nl\/es\/?page_id=36171"},{"@type":"ListItem","position":2,"name":"Tienda","item":"https:\/\/www.igt.nl\/es\/?page_id=36068"},{"@type":"ListItem","position":3,"name":"Otros probadores","item":"https:\/\/www.igt.nl\/es\/product-categorie\/otros-probadores\/"},{"@type":"ListItem","position":4,"name":"Medidor de espesor"}]},{"@type":"WebSite","@id":"https:\/\/www.igt.nl\/es\/#website","url":"https:\/\/www.igt.nl\/es\/","name":"IGT Testing Systems","description":"","potentialAction":[{"@type":"SearchAction","target":{"@type":"EntryPoint","urlTemplate":"https:\/\/www.igt.nl\/es\/?s={search_term_string}"},"query-input":{"@type":"PropertyValueSpecification","valueRequired":true,"valueName":"search_term_string"}}],"inLanguage":"es"}]}},"_links":{"self":[{"href":"https:\/\/www.igt.nl\/es\/wp-json\/wp\/v2\/product\/38178","targetHints":{"allow":["GET"]}}],"collection":[{"href":"https:\/\/www.igt.nl\/es\/wp-json\/wp\/v2\/product"}],"about":[{"href":"https:\/\/www.igt.nl\/es\/wp-json\/wp\/v2\/types\/product"}],"replies":[{"embeddable":true,"href":"https:\/\/www.igt.nl\/es\/wp-json\/wp\/v2\/comments?post=38178"}],"wp:featuredmedia":[{"embeddable":true,"href":"https:\/\/www.igt.nl\/es\/wp-json\/wp\/v2\/media\/38181"}],"wp:attachment":[{"href":"https:\/\/www.igt.nl\/es\/wp-json\/wp\/v2\/media?parent=38178"}],"wp:term":[{"taxonomy":"product_brand","embeddable":true,"href":"https:\/\/www.igt.nl\/es\/wp-json\/wp\/v2\/product_brand?post=38178"},{"taxonomy":"product_cat","embeddable":true,"href":"https:\/\/www.igt.nl\/es\/wp-json\/wp\/v2\/product_cat?post=38178"},{"taxonomy":"product_tag","embeddable":true,"href":"https:\/\/www.igt.nl\/es\/wp-json\/wp\/v2\/product_tag?post=38178"}],"curies":[{"name":"wp","href":"https:\/\/api.w.org\/{rel}","templated":true}]}}