{"id":38184,"date":"2019-09-13T06:00:20","date_gmt":"2019-09-13T06:00:20","guid":{"rendered":"https:\/\/www.igt.nl\/?post_type=product&#038;p=38184"},"modified":"2025-12-17T08:02:42","modified_gmt":"2025-12-17T08:02:42","slug":"simplemente-huecograbado-fin-de-vida","status":"publish","type":"product","link":"https:\/\/www.igt.nl\/es\/producto\/simplemente-huecograbado-fin-de-vida\/","title":{"rendered":"Simplemente huecograbado [FIN DE VIDA]"},"content":{"rendered":"<p>Simply Gravure: dispositivo de impresi\u00f3n para la producci\u00f3n de impresiones en color con tintas de huecograbado.<\/p>\n<p>Dispositivo de impresi\u00f3n integrado de bajo coste para la producci\u00f3n de impresiones en color con tintas de huecograbado. El dispositivo tiene funciones limitadas para la peque\u00f1a imprenta que s\u00f3lo realiza unas pocas tiradas al d\u00eda o incluso a la semana. <\/p>\n<p>Es el sustituto ideal de un rodillo manual, pero conforme a la norma ISO 2834-2.<\/p>\n<p><strong>Aplicaciones<\/strong><br \/>\nEl huecograbado IGT Simply es especialmente adecuado para:<\/p>\n<ul>\n<li>Imprentas peque\u00f1as y medianas que s\u00f3lo realizan una cantidad muy peque\u00f1a de detracciones de color<\/li>\n<li>Imprentas que hacen tiradas peque\u00f1as, por ejemplo, para papeler\u00eda con colores corporativos o colores Pantone en cantidades muy peque\u00f1as<\/li>\n<li>Impresoras que utilizan actualmente un rodillo manual pero necesitan algo que proporcione una imagen completa<\/li>\n<li>Prepara las impresiones para la medici\u00f3n del color y la densidad en aplicaciones sencillas de ajuste de color (las aplicaciones m\u00e1s exigentes pueden necesitar un F1 o un G1-5)<\/li>\n<li>Evaluaci\u00f3n del brillo de impresi\u00f3n, abrasi\u00f3n, flexibilidad, solideces, resistencias<\/li>\n<\/ul>\n<p><strong>Funcionamiento<\/strong><br \/>\nEl IGT Simply Gravure consta de una racleta y una unidad de impresi\u00f3n con forma de impresi\u00f3n fija.<br \/>\nEl sustrato se fija a un soporte de sustrato. Hay que aplicar una peque\u00f1a cantidad de tinta sobre la forma de impresi\u00f3n. Tras una distribuci\u00f3n de tinta de unas pocas revoluciones, el soporte de sustrato puede introducirse por la pinza y se realiza una impresi\u00f3n, tras lo cual se retira el sustrato para su evaluaci\u00f3n y se limpian la forma de impresi\u00f3n y la rasqueta.  <\/p>\n","protected":false},"excerpt":{"rendered":"<p>Dispositivo de impresi\u00f3n integrado de bajo coste para la producci\u00f3n de impresiones en color con tintas de huecograbado.<\/p>\n","protected":false},"featured_media":38185,"comment_status":"closed","ping_status":"closed","template":"","meta":{"_acf_changed":false,"inline_featured_image":false},"product_brand":[],"product_cat":[4076],"product_tag":[],"class_list":{"0":"post-38184","1":"product","2":"type-product","3":"status-publish","4":"has-post-thumbnail","6":"product_cat-sin-categoria","7":"product_shipping_class-normaal","8":"pa_additional-items-496-000-075-secador-uv-igt-12-1-1-lampara-500-w","9":"pa_additional-items-496-000-275-secador-uv-igt-12-1-2-lamparas-1000-w","10":"pa_additional-items-555-000-060-brillometro-igt-g60-60","11":"pa_conformance-with-standards-iso-2834-2","12":"pa_dimensions-d-x-w-x-h-cm-17-x-17-x-20","13":"pa_forces-600-n","14":"pa_guarantee-estandar-un-ano","15":"pa_lifting-system-manualmente","16":"pa_print-length-and-width-mm-210-x-50","17":"pa_space-requirements-0-1-m","18":"pa_speed-range-and-modes-velocidad-constante-03-m-s","19":"pa_standard-delivery-time-4-6-semanas","20":"pa_substrate-requirements-sustratos-flexibles","21":"pa_substrate-requirements-sustratos-rigidos","22":"pa_weight-47-kg","24":"first","25":"outofstock","26":"shipping-taxable","27":"purchasable","28":"product-type-simple"},"acf":[],"yoast_head":"<!-- This site is optimized with the Yoast SEO plugin v27.3 - https:\/\/yoast.com\/product\/yoast-seo-wordpress\/ -->\n<title>Simplemente huecograbado [FIN DE VIDA] - IGT Testing Systems<\/title>\n<meta name=\"robots\" content=\"index, follow, max-snippet:-1, max-image-preview:large, max-video-preview:-1\" \/>\n<link rel=\"canonical\" href=\"https:\/\/www.igt.nl\/es\/producto\/simplemente-huecograbado-fin-de-vida\/\" \/>\n<meta property=\"og:locale\" content=\"es_ES\" \/>\n<meta property=\"og:type\" content=\"article\" \/>\n<meta property=\"og:title\" content=\"Simplemente huecograbado [FIN DE VIDA] - IGT Testing Systems\" \/>\n<meta property=\"og:description\" content=\"Dispositivo de impresi\u00f3n integrado de bajo coste para la producci\u00f3n de impresiones en color con tintas de huecograbado.\" \/>\n<meta property=\"og:url\" content=\"https:\/\/www.igt.nl\/es\/producto\/simplemente-huecograbado-fin-de-vida\/\" \/>\n<meta property=\"og:site_name\" content=\"IGT Testing Systems\" \/>\n<meta property=\"article:modified_time\" content=\"2025-12-17T08:02:42+00:00\" \/>\n<meta property=\"og:image\" content=\"https:\/\/www.igt.nl\/wp-content\/uploads\/448.000.100-Simply-Gravure_MGF6039-vs-rvs-1-1.jpg\" \/>\n\t<meta property=\"og:image:width\" content=\"801\" \/>\n\t<meta property=\"og:image:height\" content=\"800\" \/>\n\t<meta property=\"og:image:type\" content=\"image\/jpeg\" \/>\n<meta name=\"twitter:card\" content=\"summary_large_image\" \/>\n<meta name=\"twitter:label1\" content=\"Tiempo de lectura\" \/>\n\t<meta name=\"twitter:data1\" content=\"1 minuto\" \/>\n<script type=\"application\/ld+json\" class=\"yoast-schema-graph\">{\"@context\":\"https:\\\/\\\/schema.org\",\"@graph\":[{\"@type\":\"WebPage\",\"@id\":\"https:\\\/\\\/www.igt.nl\\\/es\\\/producto\\\/simplemente-huecograbado-fin-de-vida\\\/\",\"url\":\"https:\\\/\\\/www.igt.nl\\\/es\\\/producto\\\/simplemente-huecograbado-fin-de-vida\\\/\",\"name\":\"Simplemente huecograbado [FIN DE VIDA] - IGT Testing Systems\",\"isPartOf\":{\"@id\":\"https:\\\/\\\/www.igt.nl\\\/es\\\/#website\"},\"primaryImageOfPage\":{\"@id\":\"https:\\\/\\\/www.igt.nl\\\/es\\\/producto\\\/simplemente-huecograbado-fin-de-vida\\\/#primaryimage\"},\"image\":{\"@id\":\"https:\\\/\\\/www.igt.nl\\\/es\\\/producto\\\/simplemente-huecograbado-fin-de-vida\\\/#primaryimage\"},\"thumbnailUrl\":\"https:\\\/\\\/www.igt.nl\\\/wp-content\\\/uploads\\\/448.000.100-Simply-Gravure_MGF6039-vs-rvs-1-1.jpg\",\"datePublished\":\"2019-09-13T06:00:20+00:00\",\"dateModified\":\"2025-12-17T08:02:42+00:00\",\"breadcrumb\":{\"@id\":\"https:\\\/\\\/www.igt.nl\\\/es\\\/producto\\\/simplemente-huecograbado-fin-de-vida\\\/#breadcrumb\"},\"inLanguage\":\"es\",\"potentialAction\":[{\"@type\":\"ReadAction\",\"target\":[\"https:\\\/\\\/www.igt.nl\\\/es\\\/producto\\\/simplemente-huecograbado-fin-de-vida\\\/\"]}]},{\"@type\":\"ImageObject\",\"inLanguage\":\"es\",\"@id\":\"https:\\\/\\\/www.igt.nl\\\/es\\\/producto\\\/simplemente-huecograbado-fin-de-vida\\\/#primaryimage\",\"url\":\"https:\\\/\\\/www.igt.nl\\\/wp-content\\\/uploads\\\/448.000.100-Simply-Gravure_MGF6039-vs-rvs-1-1.jpg\",\"contentUrl\":\"https:\\\/\\\/www.igt.nl\\\/wp-content\\\/uploads\\\/448.000.100-Simply-Gravure_MGF6039-vs-rvs-1-1.jpg\",\"width\":801,\"height\":800},{\"@type\":\"BreadcrumbList\",\"@id\":\"https:\\\/\\\/www.igt.nl\\\/es\\\/producto\\\/simplemente-huecograbado-fin-de-vida\\\/#breadcrumb\",\"itemListElement\":[{\"@type\":\"ListItem\",\"position\":1,\"name\":\"Home\",\"item\":\"https:\\\/\\\/www.igt.nl\\\/es\\\/?page_id=36171\"},{\"@type\":\"ListItem\",\"position\":2,\"name\":\"Tienda\",\"item\":\"https:\\\/\\\/www.igt.nl\\\/es\\\/?page_id=36068\"},{\"@type\":\"ListItem\",\"position\":3,\"name\":\"Sin categor\u00eda\",\"item\":\"https:\\\/\\\/www.igt.nl\\\/es\\\/product-categorie\\\/sin-categoria\\\/\"},{\"@type\":\"ListItem\",\"position\":4,\"name\":\"Simplemente huecograbado [FIN DE VIDA]\"}]},{\"@type\":\"WebSite\",\"@id\":\"https:\\\/\\\/www.igt.nl\\\/es\\\/#website\",\"url\":\"https:\\\/\\\/www.igt.nl\\\/es\\\/\",\"name\":\"IGT Testing Systems\",\"description\":\"\",\"potentialAction\":[{\"@type\":\"SearchAction\",\"target\":{\"@type\":\"EntryPoint\",\"urlTemplate\":\"https:\\\/\\\/www.igt.nl\\\/es\\\/?s={search_term_string}\"},\"query-input\":{\"@type\":\"PropertyValueSpecification\",\"valueRequired\":true,\"valueName\":\"search_term_string\"}}],\"inLanguage\":\"es\"}]}<\/script>\n<!-- \/ Yoast SEO plugin. -->","yoast_head_json":{"title":"Simplemente huecograbado [FIN DE VIDA] - IGT Testing Systems","robots":{"index":"index","follow":"follow","max-snippet":"max-snippet:-1","max-image-preview":"max-image-preview:large","max-video-preview":"max-video-preview:-1"},"canonical":"https:\/\/www.igt.nl\/es\/producto\/simplemente-huecograbado-fin-de-vida\/","og_locale":"es_ES","og_type":"article","og_title":"Simplemente huecograbado [FIN DE VIDA] - IGT Testing Systems","og_description":"Dispositivo de impresi\u00f3n integrado de bajo coste para la producci\u00f3n de impresiones en color con tintas de huecograbado.","og_url":"https:\/\/www.igt.nl\/es\/producto\/simplemente-huecograbado-fin-de-vida\/","og_site_name":"IGT Testing Systems","article_modified_time":"2025-12-17T08:02:42+00:00","og_image":[{"width":801,"height":800,"url":"https:\/\/www.igt.nl\/wp-content\/uploads\/448.000.100-Simply-Gravure_MGF6039-vs-rvs-1-1.jpg","type":"image\/jpeg"}],"twitter_card":"summary_large_image","twitter_misc":{"Tiempo de lectura":"1 minuto"},"schema":{"@context":"https:\/\/schema.org","@graph":[{"@type":"WebPage","@id":"https:\/\/www.igt.nl\/es\/producto\/simplemente-huecograbado-fin-de-vida\/","url":"https:\/\/www.igt.nl\/es\/producto\/simplemente-huecograbado-fin-de-vida\/","name":"Simplemente huecograbado [FIN DE VIDA] - IGT Testing Systems","isPartOf":{"@id":"https:\/\/www.igt.nl\/es\/#website"},"primaryImageOfPage":{"@id":"https:\/\/www.igt.nl\/es\/producto\/simplemente-huecograbado-fin-de-vida\/#primaryimage"},"image":{"@id":"https:\/\/www.igt.nl\/es\/producto\/simplemente-huecograbado-fin-de-vida\/#primaryimage"},"thumbnailUrl":"https:\/\/www.igt.nl\/wp-content\/uploads\/448.000.100-Simply-Gravure_MGF6039-vs-rvs-1-1.jpg","datePublished":"2019-09-13T06:00:20+00:00","dateModified":"2025-12-17T08:02:42+00:00","breadcrumb":{"@id":"https:\/\/www.igt.nl\/es\/producto\/simplemente-huecograbado-fin-de-vida\/#breadcrumb"},"inLanguage":"es","potentialAction":[{"@type":"ReadAction","target":["https:\/\/www.igt.nl\/es\/producto\/simplemente-huecograbado-fin-de-vida\/"]}]},{"@type":"ImageObject","inLanguage":"es","@id":"https:\/\/www.igt.nl\/es\/producto\/simplemente-huecograbado-fin-de-vida\/#primaryimage","url":"https:\/\/www.igt.nl\/wp-content\/uploads\/448.000.100-Simply-Gravure_MGF6039-vs-rvs-1-1.jpg","contentUrl":"https:\/\/www.igt.nl\/wp-content\/uploads\/448.000.100-Simply-Gravure_MGF6039-vs-rvs-1-1.jpg","width":801,"height":800},{"@type":"BreadcrumbList","@id":"https:\/\/www.igt.nl\/es\/producto\/simplemente-huecograbado-fin-de-vida\/#breadcrumb","itemListElement":[{"@type":"ListItem","position":1,"name":"Home","item":"https:\/\/www.igt.nl\/es\/?page_id=36171"},{"@type":"ListItem","position":2,"name":"Tienda","item":"https:\/\/www.igt.nl\/es\/?page_id=36068"},{"@type":"ListItem","position":3,"name":"Sin categor\u00eda","item":"https:\/\/www.igt.nl\/es\/product-categorie\/sin-categoria\/"},{"@type":"ListItem","position":4,"name":"Simplemente huecograbado [FIN DE VIDA]"}]},{"@type":"WebSite","@id":"https:\/\/www.igt.nl\/es\/#website","url":"https:\/\/www.igt.nl\/es\/","name":"IGT Testing Systems","description":"","potentialAction":[{"@type":"SearchAction","target":{"@type":"EntryPoint","urlTemplate":"https:\/\/www.igt.nl\/es\/?s={search_term_string}"},"query-input":{"@type":"PropertyValueSpecification","valueRequired":true,"valueName":"search_term_string"}}],"inLanguage":"es"}]}},"_links":{"self":[{"href":"https:\/\/www.igt.nl\/es\/wp-json\/wp\/v2\/product\/38184","targetHints":{"allow":["GET"]}}],"collection":[{"href":"https:\/\/www.igt.nl\/es\/wp-json\/wp\/v2\/product"}],"about":[{"href":"https:\/\/www.igt.nl\/es\/wp-json\/wp\/v2\/types\/product"}],"replies":[{"embeddable":true,"href":"https:\/\/www.igt.nl\/es\/wp-json\/wp\/v2\/comments?post=38184"}],"wp:featuredmedia":[{"embeddable":true,"href":"https:\/\/www.igt.nl\/es\/wp-json\/wp\/v2\/media\/38185"}],"wp:attachment":[{"href":"https:\/\/www.igt.nl\/es\/wp-json\/wp\/v2\/media?parent=38184"}],"wp:term":[{"taxonomy":"product_brand","embeddable":true,"href":"https:\/\/www.igt.nl\/es\/wp-json\/wp\/v2\/product_brand?post=38184"},{"taxonomy":"product_cat","embeddable":true,"href":"https:\/\/www.igt.nl\/es\/wp-json\/wp\/v2\/product_cat?post=38184"},{"taxonomy":"product_tag","embeddable":true,"href":"https:\/\/www.igt.nl\/es\/wp-json\/wp\/v2\/product_tag?post=38184"}],"curies":[{"name":"wp","href":"https:\/\/api.w.org\/{rel}","templated":true}]}}