{"id":38214,"date":"2019-03-19T14:08:40","date_gmt":"2019-03-19T14:08:40","guid":{"rendered":"https:\/\/www.igt.nl\/product\/rapid-kothen-iso-5269-2-placas-portantes-gran-superficie\/"},"modified":"2025-12-12T08:25:45","modified_gmt":"2025-12-12T08:25:45","slug":"rapid-kothen-iso-5269-2-placas-portantes-gran-superficie","status":"publish","type":"product","link":"https:\/\/www.igt.nl\/es\/producto\/rapid-kothen-iso-5269-2-placas-portantes-gran-superficie\/","title":{"rendered":"RAPID K\u00d6THEN ISO 5269-2 &#8211; Placas portantes (Gran superficie)"},"content":{"rendered":"<p>En la industria papelera es pr\u00e1ctica habitual fabricar las llamadas hojas de mano de pulpas para determinar las propiedades f\u00edsicas y \u00f3pticas antes de pasar a la producci\u00f3n de a partir de la pulpa de producci\u00f3n. Uno de los sistemas para producir estas hojas de mano es el m\u00e9todo Rapid-K\u00f6then. En este m\u00e9todo, un recipiente con un tamiz en el fondo se llena con la diluci\u00f3n de pulpa y, tras homogeneizar la pulpa en el recipiente, se abre una v\u00e1lvula en el fondo y se drena el agua, dejando la pulpa en el tamiz. La hoja h\u00fameda se transfiere de la criba a la secadora mediante la placa portadora. Encima se coloca una cubierta de papel. En la secadora, la hoja se seca entre la placa portadora y la cubierta de papel. Cuando la hoja est\u00e1 seca, se retiran la placa portadora y la hoja de papel. Una vez acondicionada, la hoja est\u00e1 lista para la prueba.       <\/p>\n<p>Los cartones portadores son hojas circulares de cart\u00f3n plegable forrado blanqueado, sin colorantes ni agentes blanqueadores fluorescentes, con un di\u00e1metro de 385 mm, un gramaje de 200 g\/m\u00b2 y una superficie bien dimensionada. Las hojas de cubierta de papel son hojas circulares de papel calandrado de buen tama\u00f1o, con un gramaje de 65 g\/m\u00b2 y un di\u00e1metro de 205 mm.<br \/>\nEl cart\u00f3n portador y la hoja de cubierta de papel se utilizan con una formadora de hojas manual para pruebas f\u00edsicas conforme a la norma ISO 5269-2: Pastas &#8211; Preparaci\u00f3n de hojas de laboratorio para pruebas f\u00edsicas &#8211; Parte 2: M\u00e9todo Rapid-K\u00f6then. <\/p>\n<p>Tanto los tableros como las portadas se embalan en m\u00faltiplos de 1000 hojas. Para vol\u00famenes mayores se aplican precios especiales. <\/p>\n<p>Hay un gran n\u00famero de fabricantes de chapadoras Rapid-K\u00f6then, como TMI, Regmed, L&amp;W, Haage y PTI.<\/p>\n","protected":false},"excerpt":{"rendered":"<p>Tableros portantes para crear hojas de mano seg\u00fan el m\u00e9todo Rapid-K\u00f6then (385 mm)<\/p>\n","protected":false},"featured_media":38216,"comment_status":"closed","ping_status":"closed","template":"","meta":{"_acf_changed":false,"inline_featured_image":false},"product_brand":[],"product_cat":[3865,4336],"product_tag":[],"class_list":{"0":"post-38214","1":"product","2":"type-product","3":"status-publish","4":"has-post-thumbnail","6":"product_cat-consumibles","7":"product_cat-rapid-kothen","8":"product_shipping_class-normaal","10":"first","11":"instock","12":"featured","13":"shipping-taxable","14":"purchasable","15":"product-type-simple"},"acf":[],"yoast_head":"<!-- This site is optimized with the Yoast SEO plugin v27.3 - https:\/\/yoast.com\/product\/yoast-seo-wordpress\/ -->\n<title>RAPID K\u00d6THEN ISO 5269-2 - Placas portantes (Gran superficie) - IGT Testing Systems<\/title>\n<meta name=\"robots\" content=\"index, follow, max-snippet:-1, max-image-preview:large, max-video-preview:-1\" \/>\n<link rel=\"canonical\" href=\"https:\/\/www.igt.nl\/es\/producto\/rapid-kothen-iso-5269-2-placas-portantes-gran-superficie\/\" \/>\n<meta property=\"og:locale\" content=\"es_ES\" \/>\n<meta property=\"og:type\" content=\"article\" \/>\n<meta property=\"og:title\" content=\"RAPID K\u00d6THEN ISO 5269-2 - Placas portantes (Gran superficie) - IGT Testing Systems\" \/>\n<meta property=\"og:description\" content=\"Tableros portantes para crear hojas de mano seg\u00fan el m\u00e9todo Rapid-K\u00f6then (385 mm)\" \/>\n<meta property=\"og:url\" content=\"https:\/\/www.igt.nl\/es\/producto\/rapid-kothen-iso-5269-2-placas-portantes-gran-superficie\/\" \/>\n<meta property=\"og:site_name\" content=\"IGT Testing Systems\" \/>\n<meta property=\"article:modified_time\" content=\"2025-12-12T08:25:45+00:00\" \/>\n<meta property=\"og:image\" content=\"https:\/\/www.igt.nl\/wp-content\/uploads\/RK-carrierboard-coversheets-2015-047-700x700-1.jpg\" \/>\n\t<meta property=\"og:image:width\" content=\"700\" \/>\n\t<meta property=\"og:image:height\" content=\"700\" \/>\n\t<meta property=\"og:image:type\" content=\"image\/jpeg\" \/>\n<meta name=\"twitter:card\" content=\"summary_large_image\" \/>\n<meta name=\"twitter:label1\" content=\"Tiempo de lectura\" \/>\n\t<meta name=\"twitter:data1\" content=\"2 minutos\" \/>\n<script type=\"application\/ld+json\" class=\"yoast-schema-graph\">{\"@context\":\"https:\\\/\\\/schema.org\",\"@graph\":[{\"@type\":\"WebPage\",\"@id\":\"https:\\\/\\\/www.igt.nl\\\/es\\\/producto\\\/rapid-kothen-iso-5269-2-placas-portantes-gran-superficie\\\/\",\"url\":\"https:\\\/\\\/www.igt.nl\\\/es\\\/producto\\\/rapid-kothen-iso-5269-2-placas-portantes-gran-superficie\\\/\",\"name\":\"RAPID K\u00d6THEN ISO 5269-2 - Placas portantes (Gran superficie) - IGT Testing Systems\",\"isPartOf\":{\"@id\":\"https:\\\/\\\/www.igt.nl\\\/es\\\/#website\"},\"primaryImageOfPage\":{\"@id\":\"https:\\\/\\\/www.igt.nl\\\/es\\\/producto\\\/rapid-kothen-iso-5269-2-placas-portantes-gran-superficie\\\/#primaryimage\"},\"image\":{\"@id\":\"https:\\\/\\\/www.igt.nl\\\/es\\\/producto\\\/rapid-kothen-iso-5269-2-placas-portantes-gran-superficie\\\/#primaryimage\"},\"thumbnailUrl\":\"https:\\\/\\\/www.igt.nl\\\/wp-content\\\/uploads\\\/RK-carrierboard-coversheets-2015-047-700x700-1.jpg\",\"datePublished\":\"2019-03-19T14:08:40+00:00\",\"dateModified\":\"2025-12-12T08:25:45+00:00\",\"breadcrumb\":{\"@id\":\"https:\\\/\\\/www.igt.nl\\\/es\\\/producto\\\/rapid-kothen-iso-5269-2-placas-portantes-gran-superficie\\\/#breadcrumb\"},\"inLanguage\":\"es\",\"potentialAction\":[{\"@type\":\"ReadAction\",\"target\":[\"https:\\\/\\\/www.igt.nl\\\/es\\\/producto\\\/rapid-kothen-iso-5269-2-placas-portantes-gran-superficie\\\/\"]}]},{\"@type\":\"ImageObject\",\"inLanguage\":\"es\",\"@id\":\"https:\\\/\\\/www.igt.nl\\\/es\\\/producto\\\/rapid-kothen-iso-5269-2-placas-portantes-gran-superficie\\\/#primaryimage\",\"url\":\"https:\\\/\\\/www.igt.nl\\\/wp-content\\\/uploads\\\/RK-carrierboard-coversheets-2015-047-700x700-1.jpg\",\"contentUrl\":\"https:\\\/\\\/www.igt.nl\\\/wp-content\\\/uploads\\\/RK-carrierboard-coversheets-2015-047-700x700-1.jpg\",\"width\":700,\"height\":700},{\"@type\":\"BreadcrumbList\",\"@id\":\"https:\\\/\\\/www.igt.nl\\\/es\\\/producto\\\/rapid-kothen-iso-5269-2-placas-portantes-gran-superficie\\\/#breadcrumb\",\"itemListElement\":[{\"@type\":\"ListItem\",\"position\":1,\"name\":\"Home\",\"item\":\"https:\\\/\\\/www.igt.nl\\\/es\\\/?page_id=36171\"},{\"@type\":\"ListItem\",\"position\":2,\"name\":\"Tienda\",\"item\":\"https:\\\/\\\/www.igt.nl\\\/es\\\/?page_id=36068\"},{\"@type\":\"ListItem\",\"position\":3,\"name\":\"RAPID K\u00d6THEN ISO 5269-2 &#8211; Placas portantes (Gran superficie)\"}]},{\"@type\":\"WebSite\",\"@id\":\"https:\\\/\\\/www.igt.nl\\\/es\\\/#website\",\"url\":\"https:\\\/\\\/www.igt.nl\\\/es\\\/\",\"name\":\"IGT Testing Systems\",\"description\":\"\",\"potentialAction\":[{\"@type\":\"SearchAction\",\"target\":{\"@type\":\"EntryPoint\",\"urlTemplate\":\"https:\\\/\\\/www.igt.nl\\\/es\\\/?s={search_term_string}\"},\"query-input\":{\"@type\":\"PropertyValueSpecification\",\"valueRequired\":true,\"valueName\":\"search_term_string\"}}],\"inLanguage\":\"es\"}]}<\/script>\n<!-- \/ Yoast SEO plugin. -->","yoast_head_json":{"title":"RAPID K\u00d6THEN ISO 5269-2 - Placas portantes (Gran superficie) - IGT Testing Systems","robots":{"index":"index","follow":"follow","max-snippet":"max-snippet:-1","max-image-preview":"max-image-preview:large","max-video-preview":"max-video-preview:-1"},"canonical":"https:\/\/www.igt.nl\/es\/producto\/rapid-kothen-iso-5269-2-placas-portantes-gran-superficie\/","og_locale":"es_ES","og_type":"article","og_title":"RAPID K\u00d6THEN ISO 5269-2 - Placas portantes (Gran superficie) - IGT Testing Systems","og_description":"Tableros portantes para crear hojas de mano seg\u00fan el m\u00e9todo Rapid-K\u00f6then (385 mm)","og_url":"https:\/\/www.igt.nl\/es\/producto\/rapid-kothen-iso-5269-2-placas-portantes-gran-superficie\/","og_site_name":"IGT Testing Systems","article_modified_time":"2025-12-12T08:25:45+00:00","og_image":[{"width":700,"height":700,"url":"https:\/\/www.igt.nl\/wp-content\/uploads\/RK-carrierboard-coversheets-2015-047-700x700-1.jpg","type":"image\/jpeg"}],"twitter_card":"summary_large_image","twitter_misc":{"Tiempo de lectura":"2 minutos"},"schema":{"@context":"https:\/\/schema.org","@graph":[{"@type":"WebPage","@id":"https:\/\/www.igt.nl\/es\/producto\/rapid-kothen-iso-5269-2-placas-portantes-gran-superficie\/","url":"https:\/\/www.igt.nl\/es\/producto\/rapid-kothen-iso-5269-2-placas-portantes-gran-superficie\/","name":"RAPID K\u00d6THEN ISO 5269-2 - Placas portantes (Gran superficie) - IGT Testing Systems","isPartOf":{"@id":"https:\/\/www.igt.nl\/es\/#website"},"primaryImageOfPage":{"@id":"https:\/\/www.igt.nl\/es\/producto\/rapid-kothen-iso-5269-2-placas-portantes-gran-superficie\/#primaryimage"},"image":{"@id":"https:\/\/www.igt.nl\/es\/producto\/rapid-kothen-iso-5269-2-placas-portantes-gran-superficie\/#primaryimage"},"thumbnailUrl":"https:\/\/www.igt.nl\/wp-content\/uploads\/RK-carrierboard-coversheets-2015-047-700x700-1.jpg","datePublished":"2019-03-19T14:08:40+00:00","dateModified":"2025-12-12T08:25:45+00:00","breadcrumb":{"@id":"https:\/\/www.igt.nl\/es\/producto\/rapid-kothen-iso-5269-2-placas-portantes-gran-superficie\/#breadcrumb"},"inLanguage":"es","potentialAction":[{"@type":"ReadAction","target":["https:\/\/www.igt.nl\/es\/producto\/rapid-kothen-iso-5269-2-placas-portantes-gran-superficie\/"]}]},{"@type":"ImageObject","inLanguage":"es","@id":"https:\/\/www.igt.nl\/es\/producto\/rapid-kothen-iso-5269-2-placas-portantes-gran-superficie\/#primaryimage","url":"https:\/\/www.igt.nl\/wp-content\/uploads\/RK-carrierboard-coversheets-2015-047-700x700-1.jpg","contentUrl":"https:\/\/www.igt.nl\/wp-content\/uploads\/RK-carrierboard-coversheets-2015-047-700x700-1.jpg","width":700,"height":700},{"@type":"BreadcrumbList","@id":"https:\/\/www.igt.nl\/es\/producto\/rapid-kothen-iso-5269-2-placas-portantes-gran-superficie\/#breadcrumb","itemListElement":[{"@type":"ListItem","position":1,"name":"Home","item":"https:\/\/www.igt.nl\/es\/?page_id=36171"},{"@type":"ListItem","position":2,"name":"Tienda","item":"https:\/\/www.igt.nl\/es\/?page_id=36068"},{"@type":"ListItem","position":3,"name":"RAPID K\u00d6THEN ISO 5269-2 &#8211; Placas portantes (Gran superficie)"}]},{"@type":"WebSite","@id":"https:\/\/www.igt.nl\/es\/#website","url":"https:\/\/www.igt.nl\/es\/","name":"IGT Testing Systems","description":"","potentialAction":[{"@type":"SearchAction","target":{"@type":"EntryPoint","urlTemplate":"https:\/\/www.igt.nl\/es\/?s={search_term_string}"},"query-input":{"@type":"PropertyValueSpecification","valueRequired":true,"valueName":"search_term_string"}}],"inLanguage":"es"}]}},"_links":{"self":[{"href":"https:\/\/www.igt.nl\/es\/wp-json\/wp\/v2\/product\/38214","targetHints":{"allow":["GET"]}}],"collection":[{"href":"https:\/\/www.igt.nl\/es\/wp-json\/wp\/v2\/product"}],"about":[{"href":"https:\/\/www.igt.nl\/es\/wp-json\/wp\/v2\/types\/product"}],"replies":[{"embeddable":true,"href":"https:\/\/www.igt.nl\/es\/wp-json\/wp\/v2\/comments?post=38214"}],"wp:featuredmedia":[{"embeddable":true,"href":"https:\/\/www.igt.nl\/es\/wp-json\/wp\/v2\/media\/38216"}],"wp:attachment":[{"href":"https:\/\/www.igt.nl\/es\/wp-json\/wp\/v2\/media?parent=38214"}],"wp:term":[{"taxonomy":"product_brand","embeddable":true,"href":"https:\/\/www.igt.nl\/es\/wp-json\/wp\/v2\/product_brand?post=38214"},{"taxonomy":"product_cat","embeddable":true,"href":"https:\/\/www.igt.nl\/es\/wp-json\/wp\/v2\/product_cat?post=38214"},{"taxonomy":"product_tag","embeddable":true,"href":"https:\/\/www.igt.nl\/es\/wp-json\/wp\/v2\/product_tag?post=38214"}],"curies":[{"name":"wp","href":"https:\/\/api.w.org\/{rel}","templated":true}]}}