{"id":38231,"date":"2019-03-19T14:29:55","date_gmt":"2019-03-19T14:29:55","guid":{"rendered":"https:\/\/www.igt.nl\/?post_type=product&#038;p=38231"},"modified":"2025-12-17T08:04:47","modified_gmt":"2025-12-17T08:04:47","slug":"igt-tinta-de-compensacion","status":"publish","type":"product","link":"https:\/\/www.igt.nl\/es\/producto\/igt-tinta-de-compensacion\/","title":{"rendered":"IGT Tinta de compensaci\u00f3n"},"content":{"rendered":"<div id=\"content\">\n<div id=\"tab-description\" class=\"tab-content\">\n<div>\n<div id=\"content\">\n<div id=\"tab-description\" class=\"tab-content\">\n<div>\n<p>IGT Tinta de compensaci\u00f3n, azul, tubo para pruebas de compensaci\u00f3n W48\/W78, para imprimir a trav\u00e9s de W43\/W68<\/p>\n<\/div>\n<\/div>\n<\/div>\n<div id=\"footer\">\n<div class=\"column\">La velocidad de absorci\u00f3n viene determinada por el momento en que la tinta penetra en el papel.<br \/>\nPara los procesos offset y tipogr\u00e1fico, esta propiedad es muy importante. Si la tinta se absorbe demasiado despacio o demasiado deprisa, puede causar problemas. <\/div>\n<\/div>\n<\/div>\n<div><\/div>\n<div>Para m\u00e1s informaci\u00f3n, consulta el folleto del m\u00e9todo de ensayo <a href=\"https:\/\/www.igt.nl\/test-methods\/w48-ams\/\">W48 Compensaci\u00f3n<\/a><\/div>\n<\/div>\n<\/div>\n","protected":false},"excerpt":{"rendered":"<p>Tinta de prueba para realizar la prueba de Set-off, una prueba de absorci\u00f3n para offset y tipograf\u00eda.<\/p>\n","protected":false},"featured_media":38235,"comment_status":"closed","ping_status":"closed","template":"","meta":{"_acf_changed":false,"inline_featured_image":false},"product_brand":[],"product_cat":[3865,4038],"product_tag":[],"class_list":{"0":"post-38231","1":"product","2":"type-product","3":"status-publish","4":"has-post-thumbnail","6":"product_cat-consumibles","7":"product_cat-tintas-y-aceites","8":"product_shipping_class-normaal","10":"first","11":"instock","12":"featured","13":"shipping-taxable","14":"purchasable","15":"product-type-simple"},"acf":[],"yoast_head":"<!-- This site is optimized with the Yoast SEO plugin v27.3 - https:\/\/yoast.com\/product\/yoast-seo-wordpress\/ -->\n<title>IGT Tinta de compensaci\u00f3n - IGT Testing Systems<\/title>\n<meta name=\"description\" content=\"Tinta IGT Set-off para pruebas Set-off 2, 4, 10 campos y strike through en los comprobadores de imprimibilidad IGT Amsterdam, AIC2-5.\" \/>\n<meta name=\"robots\" content=\"index, follow, max-snippet:-1, max-image-preview:large, max-video-preview:-1\" \/>\n<link rel=\"canonical\" href=\"https:\/\/www.igt.nl\/es\/producto\/igt-tinta-de-compensacion\/\" \/>\n<meta property=\"og:locale\" content=\"es_ES\" \/>\n<meta property=\"og:type\" content=\"article\" \/>\n<meta property=\"og:title\" content=\"IGT Tinta de compensaci\u00f3n - IGT Testing Systems\" \/>\n<meta property=\"og:description\" content=\"Tinta IGT Set-off para pruebas Set-off 2, 4, 10 campos y strike through en los comprobadores de imprimibilidad IGT Amsterdam, AIC2-5.\" \/>\n<meta property=\"og:url\" content=\"https:\/\/www.igt.nl\/es\/producto\/igt-tinta-de-compensacion\/\" \/>\n<meta property=\"og:site_name\" content=\"IGT Testing Systems\" \/>\n<meta property=\"article:modified_time\" content=\"2025-12-17T08:04:47+00:00\" \/>\n<meta property=\"og:image\" content=\"https:\/\/www.igt.nl\/wp-content\/uploads\/404.520.068-Set-off-700x700-1.jpg\" \/>\n\t<meta property=\"og:image:width\" content=\"700\" \/>\n\t<meta property=\"og:image:height\" content=\"700\" \/>\n\t<meta property=\"og:image:type\" content=\"image\/jpeg\" \/>\n<meta name=\"twitter:card\" content=\"summary_large_image\" \/>\n<script type=\"application\/ld+json\" class=\"yoast-schema-graph\">{\"@context\":\"https:\\\/\\\/schema.org\",\"@graph\":[{\"@type\":\"WebPage\",\"@id\":\"https:\\\/\\\/www.igt.nl\\\/es\\\/producto\\\/igt-tinta-de-compensacion\\\/\",\"url\":\"https:\\\/\\\/www.igt.nl\\\/es\\\/producto\\\/igt-tinta-de-compensacion\\\/\",\"name\":\"IGT Tinta de compensaci\u00f3n - IGT Testing Systems\",\"isPartOf\":{\"@id\":\"https:\\\/\\\/www.igt.nl\\\/es\\\/#website\"},\"primaryImageOfPage\":{\"@id\":\"https:\\\/\\\/www.igt.nl\\\/es\\\/producto\\\/igt-tinta-de-compensacion\\\/#primaryimage\"},\"image\":{\"@id\":\"https:\\\/\\\/www.igt.nl\\\/es\\\/producto\\\/igt-tinta-de-compensacion\\\/#primaryimage\"},\"thumbnailUrl\":\"https:\\\/\\\/www.igt.nl\\\/wp-content\\\/uploads\\\/404.520.068-Set-off-700x700-1.jpg\",\"datePublished\":\"2019-03-19T14:29:55+00:00\",\"dateModified\":\"2025-12-17T08:04:47+00:00\",\"description\":\"Tinta IGT Set-off para pruebas Set-off 2, 4, 10 campos y strike through en los comprobadores de imprimibilidad IGT Amsterdam, AIC2-5.\",\"breadcrumb\":{\"@id\":\"https:\\\/\\\/www.igt.nl\\\/es\\\/producto\\\/igt-tinta-de-compensacion\\\/#breadcrumb\"},\"inLanguage\":\"es\",\"potentialAction\":[{\"@type\":\"ReadAction\",\"target\":[\"https:\\\/\\\/www.igt.nl\\\/es\\\/producto\\\/igt-tinta-de-compensacion\\\/\"]}]},{\"@type\":\"ImageObject\",\"inLanguage\":\"es\",\"@id\":\"https:\\\/\\\/www.igt.nl\\\/es\\\/producto\\\/igt-tinta-de-compensacion\\\/#primaryimage\",\"url\":\"https:\\\/\\\/www.igt.nl\\\/wp-content\\\/uploads\\\/404.520.068-Set-off-700x700-1.jpg\",\"contentUrl\":\"https:\\\/\\\/www.igt.nl\\\/wp-content\\\/uploads\\\/404.520.068-Set-off-700x700-1.jpg\",\"width\":700,\"height\":700},{\"@type\":\"BreadcrumbList\",\"@id\":\"https:\\\/\\\/www.igt.nl\\\/es\\\/producto\\\/igt-tinta-de-compensacion\\\/#breadcrumb\",\"itemListElement\":[{\"@type\":\"ListItem\",\"position\":1,\"name\":\"Home\",\"item\":\"https:\\\/\\\/www.igt.nl\\\/es\\\/?page_id=36171\"},{\"@type\":\"ListItem\",\"position\":2,\"name\":\"Tienda\",\"item\":\"https:\\\/\\\/www.igt.nl\\\/es\\\/?page_id=36068\"},{\"@type\":\"ListItem\",\"position\":3,\"name\":\"Consumibles\",\"item\":\"https:\\\/\\\/www.igt.nl\\\/es\\\/product-categorie\\\/consumibles\\\/\"},{\"@type\":\"ListItem\",\"position\":4,\"name\":\"IGT Tinta de compensaci\u00f3n\"}]},{\"@type\":\"WebSite\",\"@id\":\"https:\\\/\\\/www.igt.nl\\\/es\\\/#website\",\"url\":\"https:\\\/\\\/www.igt.nl\\\/es\\\/\",\"name\":\"IGT Testing Systems\",\"description\":\"\",\"potentialAction\":[{\"@type\":\"SearchAction\",\"target\":{\"@type\":\"EntryPoint\",\"urlTemplate\":\"https:\\\/\\\/www.igt.nl\\\/es\\\/?s={search_term_string}\"},\"query-input\":{\"@type\":\"PropertyValueSpecification\",\"valueRequired\":true,\"valueName\":\"search_term_string\"}}],\"inLanguage\":\"es\"}]}<\/script>\n<!-- \/ Yoast SEO plugin. -->","yoast_head_json":{"title":"IGT Tinta de compensaci\u00f3n - IGT Testing Systems","description":"Tinta IGT Set-off para pruebas Set-off 2, 4, 10 campos y strike through en los comprobadores de imprimibilidad IGT Amsterdam, AIC2-5.","robots":{"index":"index","follow":"follow","max-snippet":"max-snippet:-1","max-image-preview":"max-image-preview:large","max-video-preview":"max-video-preview:-1"},"canonical":"https:\/\/www.igt.nl\/es\/producto\/igt-tinta-de-compensacion\/","og_locale":"es_ES","og_type":"article","og_title":"IGT Tinta de compensaci\u00f3n - IGT Testing Systems","og_description":"Tinta IGT Set-off para pruebas Set-off 2, 4, 10 campos y strike through en los comprobadores de imprimibilidad IGT Amsterdam, AIC2-5.","og_url":"https:\/\/www.igt.nl\/es\/producto\/igt-tinta-de-compensacion\/","og_site_name":"IGT Testing Systems","article_modified_time":"2025-12-17T08:04:47+00:00","og_image":[{"width":700,"height":700,"url":"https:\/\/www.igt.nl\/wp-content\/uploads\/404.520.068-Set-off-700x700-1.jpg","type":"image\/jpeg"}],"twitter_card":"summary_large_image","schema":{"@context":"https:\/\/schema.org","@graph":[{"@type":"WebPage","@id":"https:\/\/www.igt.nl\/es\/producto\/igt-tinta-de-compensacion\/","url":"https:\/\/www.igt.nl\/es\/producto\/igt-tinta-de-compensacion\/","name":"IGT Tinta de compensaci\u00f3n - IGT Testing Systems","isPartOf":{"@id":"https:\/\/www.igt.nl\/es\/#website"},"primaryImageOfPage":{"@id":"https:\/\/www.igt.nl\/es\/producto\/igt-tinta-de-compensacion\/#primaryimage"},"image":{"@id":"https:\/\/www.igt.nl\/es\/producto\/igt-tinta-de-compensacion\/#primaryimage"},"thumbnailUrl":"https:\/\/www.igt.nl\/wp-content\/uploads\/404.520.068-Set-off-700x700-1.jpg","datePublished":"2019-03-19T14:29:55+00:00","dateModified":"2025-12-17T08:04:47+00:00","description":"Tinta IGT Set-off para pruebas Set-off 2, 4, 10 campos y strike through en los comprobadores de imprimibilidad IGT Amsterdam, AIC2-5.","breadcrumb":{"@id":"https:\/\/www.igt.nl\/es\/producto\/igt-tinta-de-compensacion\/#breadcrumb"},"inLanguage":"es","potentialAction":[{"@type":"ReadAction","target":["https:\/\/www.igt.nl\/es\/producto\/igt-tinta-de-compensacion\/"]}]},{"@type":"ImageObject","inLanguage":"es","@id":"https:\/\/www.igt.nl\/es\/producto\/igt-tinta-de-compensacion\/#primaryimage","url":"https:\/\/www.igt.nl\/wp-content\/uploads\/404.520.068-Set-off-700x700-1.jpg","contentUrl":"https:\/\/www.igt.nl\/wp-content\/uploads\/404.520.068-Set-off-700x700-1.jpg","width":700,"height":700},{"@type":"BreadcrumbList","@id":"https:\/\/www.igt.nl\/es\/producto\/igt-tinta-de-compensacion\/#breadcrumb","itemListElement":[{"@type":"ListItem","position":1,"name":"Home","item":"https:\/\/www.igt.nl\/es\/?page_id=36171"},{"@type":"ListItem","position":2,"name":"Tienda","item":"https:\/\/www.igt.nl\/es\/?page_id=36068"},{"@type":"ListItem","position":3,"name":"Consumibles","item":"https:\/\/www.igt.nl\/es\/product-categorie\/consumibles\/"},{"@type":"ListItem","position":4,"name":"IGT Tinta de compensaci\u00f3n"}]},{"@type":"WebSite","@id":"https:\/\/www.igt.nl\/es\/#website","url":"https:\/\/www.igt.nl\/es\/","name":"IGT Testing Systems","description":"","potentialAction":[{"@type":"SearchAction","target":{"@type":"EntryPoint","urlTemplate":"https:\/\/www.igt.nl\/es\/?s={search_term_string}"},"query-input":{"@type":"PropertyValueSpecification","valueRequired":true,"valueName":"search_term_string"}}],"inLanguage":"es"}]}},"_links":{"self":[{"href":"https:\/\/www.igt.nl\/es\/wp-json\/wp\/v2\/product\/38231","targetHints":{"allow":["GET"]}}],"collection":[{"href":"https:\/\/www.igt.nl\/es\/wp-json\/wp\/v2\/product"}],"about":[{"href":"https:\/\/www.igt.nl\/es\/wp-json\/wp\/v2\/types\/product"}],"replies":[{"embeddable":true,"href":"https:\/\/www.igt.nl\/es\/wp-json\/wp\/v2\/comments?post=38231"}],"wp:featuredmedia":[{"embeddable":true,"href":"https:\/\/www.igt.nl\/es\/wp-json\/wp\/v2\/media\/38235"}],"wp:attachment":[{"href":"https:\/\/www.igt.nl\/es\/wp-json\/wp\/v2\/media?parent=38231"}],"wp:term":[{"taxonomy":"product_brand","embeddable":true,"href":"https:\/\/www.igt.nl\/es\/wp-json\/wp\/v2\/product_brand?post=38231"},{"taxonomy":"product_cat","embeddable":true,"href":"https:\/\/www.igt.nl\/es\/wp-json\/wp\/v2\/product_cat?post=38231"},{"taxonomy":"product_tag","embeddable":true,"href":"https:\/\/www.igt.nl\/es\/wp-json\/wp\/v2\/product_tag?post=38231"}],"curies":[{"name":"wp","href":"https:\/\/api.w.org\/{rel}","templated":true}]}}