{"id":38244,"date":"2019-03-19T14:31:05","date_gmt":"2019-03-19T14:31:05","guid":{"rendered":"https:\/\/www.igt.nl\/?post_type=product&#038;p=38244"},"modified":"2025-12-17T08:04:46","modified_gmt":"2025-12-17T08:04:46","slug":"aceite-igt-pick-test","status":"publish","type":"product","link":"https:\/\/www.igt.nl\/es\/producto\/aceite-igt-pick-test\/","title":{"rendered":"Aceite IGT Pick Test"},"content":{"rendered":"<p>Aceite de prueba IGT Pick, tubo 70 ml<\/p>\n<p>&nbsp;<\/p>\n<h4>El picado del papel se define como el da\u00f1o de la superficie del papel durante la operaci\u00f3n de impresi\u00f3n<\/h4>\n<p>En el momento en que la forma de impresi\u00f3n se levanta del papel, la tinta ejerce cierta fuerza sobre el papel. Esta fuerza aumenta al aumentar la viscosidad y la adherencia de la tinta y la velocidad de impresi\u00f3n. Cuando esta fuerza supera un determinado valor, se da\u00f1a la superficie del papel.  <\/p>\n<h4>M\u00e9todos de prueba normalizados con aceite de prueba IGT Pick<\/h4>\n<p><a href=\"https:\/\/www.igt.nl\/test-methods\/w31-ams\/\">W31 IGT Pick &amp; Delamination<\/a> <a href=\"https:\/\/www.iso.org\/standard\/31695.html\">ISO 3783:2006<\/a>, Tappi T 514 y T 575, NEN 3095:1990 nl, SCAN P 63.90, W38 Pick: m\u00e9todo Westvaco, W65\/W75 Pick: Offset, W55 Adherencia del t\u00f3ner DIN EN 12283 a velocidad constante, W56 Adherencia del t\u00f3ner a velocidad creciente, W33 Prueba de pelusas.<\/p>\n<p>IGT ha sido convocada por ISO\/TC 6\/SC 2 para las pruebas de imprimibilidad y por el Consejo de Calidad de Procesos y Productos TAPPI para las pruebas de selecci\u00f3n, adem\u00e1s de participar como experto t\u00e9cnico en otros grupos de trabajo.<\/p>\n<p>&nbsp;<\/p>\n","protected":false},"excerpt":{"rendered":"<p>Aceite de prueba IGT Pick &#8211; viscosidad baja, media o alta<\/p>\n","protected":false},"featured_media":38246,"comment_status":"closed","ping_status":"closed","template":"","meta":{"_acf_changed":false,"inline_featured_image":false},"product_brand":[],"product_cat":[3865,4038],"product_tag":[],"class_list":{"0":"post-38244","1":"product","2":"type-product","3":"status-publish","4":"has-post-thumbnail","6":"product_cat-consumibles","7":"product_cat-tintas-y-aceites","8":"product_shipping_class-normaal","10":"first","11":"instock","12":"featured","13":"shipping-taxable","14":"purchasable","15":"product-type-variable"},"acf":[],"yoast_head":"<!-- This site is optimized with the Yoast SEO plugin v27.3 - https:\/\/yoast.com\/product\/yoast-seo-wordpress\/ -->\n<title>Aceite IGT Pick Test - IGT Testing Systems<\/title>\n<meta name=\"description\" content=\"Aceite de prueba IGT Pick para m\u00e9todos normalizados IGT Pick &amp; Delamination, m\u00e9todo Westvaco, Offset, Adherencia de t\u00f3ner, Pruebas de pelusas.\" \/>\n<meta name=\"robots\" content=\"index, follow, max-snippet:-1, max-image-preview:large, max-video-preview:-1\" \/>\n<link rel=\"canonical\" href=\"https:\/\/www.igt.nl\/es\/producto\/aceite-igt-pick-test\/\" \/>\n<meta property=\"og:locale\" content=\"es_ES\" \/>\n<meta property=\"og:type\" content=\"article\" \/>\n<meta property=\"og:title\" content=\"Aceite IGT Pick Test - IGT Testing Systems\" \/>\n<meta property=\"og:description\" content=\"Aceite de prueba IGT Pick para m\u00e9todos normalizados IGT Pick &amp; Delamination, m\u00e9todo Westvaco, Offset, Adherencia de t\u00f3ner, Pruebas de pelusas.\" \/>\n<meta property=\"og:url\" content=\"https:\/\/www.igt.nl\/es\/producto\/aceite-igt-pick-test\/\" \/>\n<meta property=\"og:site_name\" content=\"IGT Testing Systems\" \/>\n<meta property=\"article:modified_time\" content=\"2025-12-17T08:04:46+00:00\" \/>\n<meta property=\"og:image\" content=\"https:\/\/www.igt.nl\/wp-content\/uploads\/404.004.010-020-030-Plukolie-700x700-1.jpg\" \/>\n\t<meta property=\"og:image:width\" content=\"700\" \/>\n\t<meta property=\"og:image:height\" content=\"700\" \/>\n\t<meta property=\"og:image:type\" content=\"image\/jpeg\" \/>\n<meta name=\"twitter:card\" content=\"summary_large_image\" \/>\n<meta name=\"twitter:label1\" content=\"Tiempo de lectura\" \/>\n\t<meta name=\"twitter:data1\" content=\"1 minuto\" \/>\n<script type=\"application\/ld+json\" class=\"yoast-schema-graph\">{\"@context\":\"https:\\\/\\\/schema.org\",\"@graph\":[{\"@type\":\"WebPage\",\"@id\":\"https:\\\/\\\/www.igt.nl\\\/es\\\/producto\\\/aceite-igt-pick-test\\\/\",\"url\":\"https:\\\/\\\/www.igt.nl\\\/es\\\/producto\\\/aceite-igt-pick-test\\\/\",\"name\":\"Aceite IGT Pick Test - IGT Testing Systems\",\"isPartOf\":{\"@id\":\"https:\\\/\\\/www.igt.nl\\\/es\\\/#website\"},\"primaryImageOfPage\":{\"@id\":\"https:\\\/\\\/www.igt.nl\\\/es\\\/producto\\\/aceite-igt-pick-test\\\/#primaryimage\"},\"image\":{\"@id\":\"https:\\\/\\\/www.igt.nl\\\/es\\\/producto\\\/aceite-igt-pick-test\\\/#primaryimage\"},\"thumbnailUrl\":\"https:\\\/\\\/www.igt.nl\\\/wp-content\\\/uploads\\\/404.004.010-020-030-Plukolie-700x700-1.jpg\",\"datePublished\":\"2019-03-19T14:31:05+00:00\",\"dateModified\":\"2025-12-17T08:04:46+00:00\",\"description\":\"Aceite de prueba IGT Pick para m\u00e9todos normalizados IGT Pick & Delamination, m\u00e9todo Westvaco, Offset, Adherencia de t\u00f3ner, Pruebas de pelusas.\",\"breadcrumb\":{\"@id\":\"https:\\\/\\\/www.igt.nl\\\/es\\\/producto\\\/aceite-igt-pick-test\\\/#breadcrumb\"},\"inLanguage\":\"es\",\"potentialAction\":[{\"@type\":\"ReadAction\",\"target\":[\"https:\\\/\\\/www.igt.nl\\\/es\\\/producto\\\/aceite-igt-pick-test\\\/\"]}]},{\"@type\":\"ImageObject\",\"inLanguage\":\"es\",\"@id\":\"https:\\\/\\\/www.igt.nl\\\/es\\\/producto\\\/aceite-igt-pick-test\\\/#primaryimage\",\"url\":\"https:\\\/\\\/www.igt.nl\\\/wp-content\\\/uploads\\\/404.004.010-020-030-Plukolie-700x700-1.jpg\",\"contentUrl\":\"https:\\\/\\\/www.igt.nl\\\/wp-content\\\/uploads\\\/404.004.010-020-030-Plukolie-700x700-1.jpg\",\"width\":700,\"height\":700},{\"@type\":\"BreadcrumbList\",\"@id\":\"https:\\\/\\\/www.igt.nl\\\/es\\\/producto\\\/aceite-igt-pick-test\\\/#breadcrumb\",\"itemListElement\":[{\"@type\":\"ListItem\",\"position\":1,\"name\":\"Home\",\"item\":\"https:\\\/\\\/www.igt.nl\\\/es\\\/?page_id=36171\"},{\"@type\":\"ListItem\",\"position\":2,\"name\":\"Tienda\",\"item\":\"https:\\\/\\\/www.igt.nl\\\/es\\\/?page_id=36068\"},{\"@type\":\"ListItem\",\"position\":3,\"name\":\"Consumibles\",\"item\":\"https:\\\/\\\/www.igt.nl\\\/es\\\/product-categorie\\\/consumibles\\\/\"},{\"@type\":\"ListItem\",\"position\":4,\"name\":\"Aceite IGT Pick Test\"}]},{\"@type\":\"WebSite\",\"@id\":\"https:\\\/\\\/www.igt.nl\\\/es\\\/#website\",\"url\":\"https:\\\/\\\/www.igt.nl\\\/es\\\/\",\"name\":\"IGT Testing Systems\",\"description\":\"\",\"potentialAction\":[{\"@type\":\"SearchAction\",\"target\":{\"@type\":\"EntryPoint\",\"urlTemplate\":\"https:\\\/\\\/www.igt.nl\\\/es\\\/?s={search_term_string}\"},\"query-input\":{\"@type\":\"PropertyValueSpecification\",\"valueRequired\":true,\"valueName\":\"search_term_string\"}}],\"inLanguage\":\"es\"}]}<\/script>\n<!-- \/ Yoast SEO plugin. -->","yoast_head_json":{"title":"Aceite IGT Pick Test - IGT Testing Systems","description":"Aceite de prueba IGT Pick para m\u00e9todos normalizados IGT Pick & Delamination, m\u00e9todo Westvaco, Offset, Adherencia de t\u00f3ner, Pruebas de pelusas.","robots":{"index":"index","follow":"follow","max-snippet":"max-snippet:-1","max-image-preview":"max-image-preview:large","max-video-preview":"max-video-preview:-1"},"canonical":"https:\/\/www.igt.nl\/es\/producto\/aceite-igt-pick-test\/","og_locale":"es_ES","og_type":"article","og_title":"Aceite IGT Pick Test - IGT Testing Systems","og_description":"Aceite de prueba IGT Pick para m\u00e9todos normalizados IGT Pick & Delamination, m\u00e9todo Westvaco, Offset, Adherencia de t\u00f3ner, Pruebas de pelusas.","og_url":"https:\/\/www.igt.nl\/es\/producto\/aceite-igt-pick-test\/","og_site_name":"IGT Testing Systems","article_modified_time":"2025-12-17T08:04:46+00:00","og_image":[{"width":700,"height":700,"url":"https:\/\/www.igt.nl\/wp-content\/uploads\/404.004.010-020-030-Plukolie-700x700-1.jpg","type":"image\/jpeg"}],"twitter_card":"summary_large_image","twitter_misc":{"Tiempo de lectura":"1 minuto"},"schema":{"@context":"https:\/\/schema.org","@graph":[{"@type":"WebPage","@id":"https:\/\/www.igt.nl\/es\/producto\/aceite-igt-pick-test\/","url":"https:\/\/www.igt.nl\/es\/producto\/aceite-igt-pick-test\/","name":"Aceite IGT Pick Test - IGT Testing Systems","isPartOf":{"@id":"https:\/\/www.igt.nl\/es\/#website"},"primaryImageOfPage":{"@id":"https:\/\/www.igt.nl\/es\/producto\/aceite-igt-pick-test\/#primaryimage"},"image":{"@id":"https:\/\/www.igt.nl\/es\/producto\/aceite-igt-pick-test\/#primaryimage"},"thumbnailUrl":"https:\/\/www.igt.nl\/wp-content\/uploads\/404.004.010-020-030-Plukolie-700x700-1.jpg","datePublished":"2019-03-19T14:31:05+00:00","dateModified":"2025-12-17T08:04:46+00:00","description":"Aceite de prueba IGT Pick para m\u00e9todos normalizados IGT Pick & Delamination, m\u00e9todo Westvaco, Offset, Adherencia de t\u00f3ner, Pruebas de pelusas.","breadcrumb":{"@id":"https:\/\/www.igt.nl\/es\/producto\/aceite-igt-pick-test\/#breadcrumb"},"inLanguage":"es","potentialAction":[{"@type":"ReadAction","target":["https:\/\/www.igt.nl\/es\/producto\/aceite-igt-pick-test\/"]}]},{"@type":"ImageObject","inLanguage":"es","@id":"https:\/\/www.igt.nl\/es\/producto\/aceite-igt-pick-test\/#primaryimage","url":"https:\/\/www.igt.nl\/wp-content\/uploads\/404.004.010-020-030-Plukolie-700x700-1.jpg","contentUrl":"https:\/\/www.igt.nl\/wp-content\/uploads\/404.004.010-020-030-Plukolie-700x700-1.jpg","width":700,"height":700},{"@type":"BreadcrumbList","@id":"https:\/\/www.igt.nl\/es\/producto\/aceite-igt-pick-test\/#breadcrumb","itemListElement":[{"@type":"ListItem","position":1,"name":"Home","item":"https:\/\/www.igt.nl\/es\/?page_id=36171"},{"@type":"ListItem","position":2,"name":"Tienda","item":"https:\/\/www.igt.nl\/es\/?page_id=36068"},{"@type":"ListItem","position":3,"name":"Consumibles","item":"https:\/\/www.igt.nl\/es\/product-categorie\/consumibles\/"},{"@type":"ListItem","position":4,"name":"Aceite IGT Pick Test"}]},{"@type":"WebSite","@id":"https:\/\/www.igt.nl\/es\/#website","url":"https:\/\/www.igt.nl\/es\/","name":"IGT Testing Systems","description":"","potentialAction":[{"@type":"SearchAction","target":{"@type":"EntryPoint","urlTemplate":"https:\/\/www.igt.nl\/es\/?s={search_term_string}"},"query-input":{"@type":"PropertyValueSpecification","valueRequired":true,"valueName":"search_term_string"}}],"inLanguage":"es"}]}},"_links":{"self":[{"href":"https:\/\/www.igt.nl\/es\/wp-json\/wp\/v2\/product\/38244","targetHints":{"allow":["GET"]}}],"collection":[{"href":"https:\/\/www.igt.nl\/es\/wp-json\/wp\/v2\/product"}],"about":[{"href":"https:\/\/www.igt.nl\/es\/wp-json\/wp\/v2\/types\/product"}],"replies":[{"embeddable":true,"href":"https:\/\/www.igt.nl\/es\/wp-json\/wp\/v2\/comments?post=38244"}],"wp:featuredmedia":[{"embeddable":true,"href":"https:\/\/www.igt.nl\/es\/wp-json\/wp\/v2\/media\/38246"}],"wp:attachment":[{"href":"https:\/\/www.igt.nl\/es\/wp-json\/wp\/v2\/media?parent=38244"}],"wp:term":[{"taxonomy":"product_brand","embeddable":true,"href":"https:\/\/www.igt.nl\/es\/wp-json\/wp\/v2\/product_brand?post=38244"},{"taxonomy":"product_cat","embeddable":true,"href":"https:\/\/www.igt.nl\/es\/wp-json\/wp\/v2\/product_cat?post=38244"},{"taxonomy":"product_tag","embeddable":true,"href":"https:\/\/www.igt.nl\/es\/wp-json\/wp\/v2\/product_tag?post=38244"}],"curies":[{"name":"wp","href":"https:\/\/api.w.org\/{rel}","templated":true}]}}