{"id":38259,"date":"2019-03-19T15:12:35","date_gmt":"2019-03-19T15:12:35","guid":{"rendered":"https:\/\/www.igt.nl\/?post_type=product&#038;p=38259"},"modified":"2025-12-17T08:04:42","modified_gmt":"2025-12-17T08:04:42","slug":"igt-heliotest-tinta","status":"publish","type":"product","link":"https:\/\/www.igt.nl\/es\/producto\/igt-heliotest-tinta\/","title":{"rendered":"IGT Heliotest tinta"},"content":{"rendered":"<p>Tinta roja para el m\u00e9todo de determinaci\u00f3n de la aptitud para la impresi\u00f3n en huecograbado mediante el Heliotest. Ver tambi\u00e9n <a href=\"https:\/\/www.igt.nl\/test-methods\/w41-ams\/\">W41-Leaflet.<\/a> <\/p>\n<p>El Heliotest ha sido desarrollado por el Centre Technique du Papier CTP de Grenoble (Francia). Conforme a la norma Afnor NF Q 61-002. <\/p>\n<p>La prueba puede utilizarse para todas las calidades de papel aptas para la impresi\u00f3n en huecograbado.<\/p>\n","protected":false},"excerpt":{"rendered":"<p>Tinta para realizar el Heliotest, utilizado para el ensayo de papel huecograbado.<\/p>\n","protected":false},"featured_media":38265,"comment_status":"closed","ping_status":"closed","template":"","meta":{"_acf_changed":false,"inline_featured_image":false},"product_brand":[],"product_cat":[3865,4038],"product_tag":[],"class_list":{"0":"post-38259","1":"product","2":"type-product","3":"status-publish","4":"has-post-thumbnail","6":"product_cat-consumibles","7":"product_cat-tintas-y-aceites","8":"product_shipping_class-normaal","10":"first","11":"instock","12":"featured","13":"shipping-taxable","14":"purchasable","15":"product-type-simple"},"acf":[],"yoast_head":"<!-- This site is optimized with the Yoast SEO plugin v27.5 - https:\/\/yoast.com\/product\/yoast-seo-wordpress\/ -->\n<title>IGT Heliotest tinta - IGT Testing Systems<\/title>\n<meta name=\"description\" content=\"Tinta roja para el m\u00e9todo de determinaci\u00f3n de la aptitud para la impresi\u00f3n en huecograbado mediante el Heliotest. Desarrollado por el Centro T\u00e9cnico del Papel, norma Afnor NF Q 61-002.\" \/>\n<meta name=\"robots\" content=\"index, follow, max-snippet:-1, max-image-preview:large, max-video-preview:-1\" \/>\n<link rel=\"canonical\" href=\"https:\/\/www.igt.nl\/es\/producto\/igt-heliotest-tinta\/\" \/>\n<meta property=\"og:locale\" content=\"es_ES\" \/>\n<meta property=\"og:type\" content=\"article\" \/>\n<meta property=\"og:title\" content=\"IGT Heliotest tinta - IGT Testing Systems\" \/>\n<meta property=\"og:description\" content=\"Tinta roja para el m\u00e9todo de determinaci\u00f3n de la aptitud para la impresi\u00f3n en huecograbado mediante el Heliotest. Desarrollado por el Centro T\u00e9cnico del Papel, norma Afnor NF Q 61-002.\" \/>\n<meta property=\"og:url\" content=\"https:\/\/www.igt.nl\/es\/producto\/igt-heliotest-tinta\/\" \/>\n<meta property=\"og:site_name\" content=\"IGT Testing Systems\" \/>\n<meta property=\"article:modified_time\" content=\"2025-12-17T08:04:42+00:00\" \/>\n<meta property=\"og:image\" content=\"https:\/\/www.igt.nl\/wp-content\/uploads\/404.003.006-Helio-700x700-1.jpg\" \/>\n\t<meta property=\"og:image:width\" content=\"700\" \/>\n\t<meta property=\"og:image:height\" content=\"700\" \/>\n\t<meta property=\"og:image:type\" content=\"image\/jpeg\" \/>\n<meta name=\"twitter:card\" content=\"summary_large_image\" \/>\n<script type=\"application\/ld+json\" class=\"yoast-schema-graph\">{\"@context\":\"https:\\\/\\\/schema.org\",\"@graph\":[{\"@type\":\"WebPage\",\"@id\":\"https:\\\/\\\/www.igt.nl\\\/es\\\/producto\\\/igt-heliotest-tinta\\\/\",\"url\":\"https:\\\/\\\/www.igt.nl\\\/es\\\/producto\\\/igt-heliotest-tinta\\\/\",\"name\":\"IGT Heliotest tinta - IGT Testing Systems\",\"isPartOf\":{\"@id\":\"https:\\\/\\\/www.igt.nl\\\/es\\\/#website\"},\"primaryImageOfPage\":{\"@id\":\"https:\\\/\\\/www.igt.nl\\\/es\\\/producto\\\/igt-heliotest-tinta\\\/#primaryimage\"},\"image\":{\"@id\":\"https:\\\/\\\/www.igt.nl\\\/es\\\/producto\\\/igt-heliotest-tinta\\\/#primaryimage\"},\"thumbnailUrl\":\"https:\\\/\\\/www.igt.nl\\\/wp-content\\\/uploads\\\/404.003.006-Helio-700x700-1.jpg\",\"datePublished\":\"2019-03-19T15:12:35+00:00\",\"dateModified\":\"2025-12-17T08:04:42+00:00\",\"description\":\"Tinta roja para el m\u00e9todo de determinaci\u00f3n de la aptitud para la impresi\u00f3n en huecograbado mediante el Heliotest. Desarrollado por el Centro T\u00e9cnico del Papel, norma Afnor NF Q 61-002.\",\"breadcrumb\":{\"@id\":\"https:\\\/\\\/www.igt.nl\\\/es\\\/producto\\\/igt-heliotest-tinta\\\/#breadcrumb\"},\"inLanguage\":\"es\",\"potentialAction\":[{\"@type\":\"ReadAction\",\"target\":[\"https:\\\/\\\/www.igt.nl\\\/es\\\/producto\\\/igt-heliotest-tinta\\\/\"]}]},{\"@type\":\"ImageObject\",\"inLanguage\":\"es\",\"@id\":\"https:\\\/\\\/www.igt.nl\\\/es\\\/producto\\\/igt-heliotest-tinta\\\/#primaryimage\",\"url\":\"https:\\\/\\\/www.igt.nl\\\/wp-content\\\/uploads\\\/404.003.006-Helio-700x700-1.jpg\",\"contentUrl\":\"https:\\\/\\\/www.igt.nl\\\/wp-content\\\/uploads\\\/404.003.006-Helio-700x700-1.jpg\",\"width\":700,\"height\":700},{\"@type\":\"BreadcrumbList\",\"@id\":\"https:\\\/\\\/www.igt.nl\\\/es\\\/producto\\\/igt-heliotest-tinta\\\/#breadcrumb\",\"itemListElement\":[{\"@type\":\"ListItem\",\"position\":1,\"name\":\"Home\",\"item\":\"https:\\\/\\\/www.igt.nl\\\/es\\\/?page_id=36171\"},{\"@type\":\"ListItem\",\"position\":2,\"name\":\"Tienda\",\"item\":\"https:\\\/\\\/www.igt.nl\\\/es\\\/?page_id=36068\"},{\"@type\":\"ListItem\",\"position\":3,\"name\":\"Consumibles\",\"item\":\"https:\\\/\\\/www.igt.nl\\\/es\\\/product-categorie\\\/consumibles\\\/\"},{\"@type\":\"ListItem\",\"position\":4,\"name\":\"IGT Heliotest tinta\"}]},{\"@type\":\"WebSite\",\"@id\":\"https:\\\/\\\/www.igt.nl\\\/es\\\/#website\",\"url\":\"https:\\\/\\\/www.igt.nl\\\/es\\\/\",\"name\":\"IGT Testing Systems\",\"description\":\"\",\"potentialAction\":[{\"@type\":\"SearchAction\",\"target\":{\"@type\":\"EntryPoint\",\"urlTemplate\":\"https:\\\/\\\/www.igt.nl\\\/es\\\/?s={search_term_string}\"},\"query-input\":{\"@type\":\"PropertyValueSpecification\",\"valueRequired\":true,\"valueName\":\"search_term_string\"}}],\"inLanguage\":\"es\"}]}<\/script>\n<!-- \/ Yoast SEO plugin. -->","yoast_head_json":{"title":"IGT Heliotest tinta - IGT Testing Systems","description":"Tinta roja para el m\u00e9todo de determinaci\u00f3n de la aptitud para la impresi\u00f3n en huecograbado mediante el Heliotest. Desarrollado por el Centro T\u00e9cnico del Papel, norma Afnor NF Q 61-002.","robots":{"index":"index","follow":"follow","max-snippet":"max-snippet:-1","max-image-preview":"max-image-preview:large","max-video-preview":"max-video-preview:-1"},"canonical":"https:\/\/www.igt.nl\/es\/producto\/igt-heliotest-tinta\/","og_locale":"es_ES","og_type":"article","og_title":"IGT Heliotest tinta - IGT Testing Systems","og_description":"Tinta roja para el m\u00e9todo de determinaci\u00f3n de la aptitud para la impresi\u00f3n en huecograbado mediante el Heliotest. Desarrollado por el Centro T\u00e9cnico del Papel, norma Afnor NF Q 61-002.","og_url":"https:\/\/www.igt.nl\/es\/producto\/igt-heliotest-tinta\/","og_site_name":"IGT Testing Systems","article_modified_time":"2025-12-17T08:04:42+00:00","og_image":[{"width":700,"height":700,"url":"https:\/\/www.igt.nl\/wp-content\/uploads\/404.003.006-Helio-700x700-1.jpg","type":"image\/jpeg"}],"twitter_card":"summary_large_image","schema":{"@context":"https:\/\/schema.org","@graph":[{"@type":"WebPage","@id":"https:\/\/www.igt.nl\/es\/producto\/igt-heliotest-tinta\/","url":"https:\/\/www.igt.nl\/es\/producto\/igt-heliotest-tinta\/","name":"IGT Heliotest tinta - IGT Testing Systems","isPartOf":{"@id":"https:\/\/www.igt.nl\/es\/#website"},"primaryImageOfPage":{"@id":"https:\/\/www.igt.nl\/es\/producto\/igt-heliotest-tinta\/#primaryimage"},"image":{"@id":"https:\/\/www.igt.nl\/es\/producto\/igt-heliotest-tinta\/#primaryimage"},"thumbnailUrl":"https:\/\/www.igt.nl\/wp-content\/uploads\/404.003.006-Helio-700x700-1.jpg","datePublished":"2019-03-19T15:12:35+00:00","dateModified":"2025-12-17T08:04:42+00:00","description":"Tinta roja para el m\u00e9todo de determinaci\u00f3n de la aptitud para la impresi\u00f3n en huecograbado mediante el Heliotest. Desarrollado por el Centro T\u00e9cnico del Papel, norma Afnor NF Q 61-002.","breadcrumb":{"@id":"https:\/\/www.igt.nl\/es\/producto\/igt-heliotest-tinta\/#breadcrumb"},"inLanguage":"es","potentialAction":[{"@type":"ReadAction","target":["https:\/\/www.igt.nl\/es\/producto\/igt-heliotest-tinta\/"]}]},{"@type":"ImageObject","inLanguage":"es","@id":"https:\/\/www.igt.nl\/es\/producto\/igt-heliotest-tinta\/#primaryimage","url":"https:\/\/www.igt.nl\/wp-content\/uploads\/404.003.006-Helio-700x700-1.jpg","contentUrl":"https:\/\/www.igt.nl\/wp-content\/uploads\/404.003.006-Helio-700x700-1.jpg","width":700,"height":700},{"@type":"BreadcrumbList","@id":"https:\/\/www.igt.nl\/es\/producto\/igt-heliotest-tinta\/#breadcrumb","itemListElement":[{"@type":"ListItem","position":1,"name":"Home","item":"https:\/\/www.igt.nl\/es\/?page_id=36171"},{"@type":"ListItem","position":2,"name":"Tienda","item":"https:\/\/www.igt.nl\/es\/?page_id=36068"},{"@type":"ListItem","position":3,"name":"Consumibles","item":"https:\/\/www.igt.nl\/es\/product-categorie\/consumibles\/"},{"@type":"ListItem","position":4,"name":"IGT Heliotest tinta"}]},{"@type":"WebSite","@id":"https:\/\/www.igt.nl\/es\/#website","url":"https:\/\/www.igt.nl\/es\/","name":"IGT Testing Systems","description":"","potentialAction":[{"@type":"SearchAction","target":{"@type":"EntryPoint","urlTemplate":"https:\/\/www.igt.nl\/es\/?s={search_term_string}"},"query-input":{"@type":"PropertyValueSpecification","valueRequired":true,"valueName":"search_term_string"}}],"inLanguage":"es"}]}},"_links":{"self":[{"href":"https:\/\/www.igt.nl\/es\/wp-json\/wp\/v2\/product\/38259","targetHints":{"allow":["GET"]}}],"collection":[{"href":"https:\/\/www.igt.nl\/es\/wp-json\/wp\/v2\/product"}],"about":[{"href":"https:\/\/www.igt.nl\/es\/wp-json\/wp\/v2\/types\/product"}],"replies":[{"embeddable":true,"href":"https:\/\/www.igt.nl\/es\/wp-json\/wp\/v2\/comments?post=38259"}],"wp:featuredmedia":[{"embeddable":true,"href":"https:\/\/www.igt.nl\/es\/wp-json\/wp\/v2\/media\/38265"}],"wp:attachment":[{"href":"https:\/\/www.igt.nl\/es\/wp-json\/wp\/v2\/media?parent=38259"}],"wp:term":[{"taxonomy":"product_brand","embeddable":true,"href":"https:\/\/www.igt.nl\/es\/wp-json\/wp\/v2\/product_brand?post=38259"},{"taxonomy":"product_cat","embeddable":true,"href":"https:\/\/www.igt.nl\/es\/wp-json\/wp\/v2\/product_cat?post=38259"},{"taxonomy":"product_tag","embeddable":true,"href":"https:\/\/www.igt.nl\/es\/wp-json\/wp\/v2\/product_tag?post=38259"}],"curies":[{"name":"wp","href":"https:\/\/api.w.org\/{rel}","templated":true}]}}