{"id":38276,"date":"2019-03-19T15:21:06","date_gmt":"2019-03-19T15:21:06","guid":{"rendered":"https:\/\/www.igt.nl\/?post_type=product&#038;p=38276"},"modified":"2025-12-17T08:04:42","modified_gmt":"2025-12-17T08:04:42","slug":"mantillas-de-caucho-para-discos-de-impresion-igt","status":"publish","type":"product","link":"https:\/\/www.igt.nl\/es\/producto\/mantillas-de-caucho-para-discos-de-impresion-igt\/","title":{"rendered":"Mantillas de caucho para discos de impresi\u00f3n IGT"},"content":{"rendered":"<p>De vez en cuando, los discos con manta de goma IGT necesitan que se les cambie la manta de goma.<\/p>\n<p>Para ello, IGT dispone de mantillas de caucho independientes de distintos tama\u00f1os, para tintas UV o convencionales.<br \/>\nEstas mantas de goma son autoadhesivas, por lo que es muy f\u00e1cil sustituirlas y pegarlas en el disco IGT espec\u00edfico.<\/p>\n<p>&nbsp;<\/p>\n<p>Ponte en contacto con nosotros para consultar precios y plazos de entrega.<\/p>\n<p>\u200b<em><strong>Cuando pidas las mantas de goma por separado, menciona siempre el n\u00famero de art\u00edculo del disco. As\u00ed nos aseguraremos de que recibes el tipo y el tama\u00f1o correctos. <\/strong><\/em><\/p>\n","protected":false},"excerpt":{"rendered":"<p>Mantillas de caucho autoadhesivas para discos de impresi\u00f3n IGT<\/p>\n","protected":false},"featured_media":38278,"comment_status":"closed","ping_status":"closed","template":"","meta":{"_acf_changed":false,"inline_featured_image":false},"product_brand":[],"product_cat":[3865,4339],"product_tag":[],"class_list":{"0":"post-38276","1":"product","2":"type-product","3":"status-publish","4":"has-post-thumbnail","6":"product_cat-consumibles","7":"product_cat-mantas-de-goma","8":"product_shipping_class-normaal","10":"first","11":"instock","12":"featured","13":"shipping-taxable","14":"purchasable","15":"product-type-simple"},"acf":[],"yoast_head":"<!-- This site is optimized with the Yoast SEO plugin v27.5 - https:\/\/yoast.com\/product\/yoast-seo-wordpress\/ -->\n<title>Mantillas de caucho para discos de impresi\u00f3n IGT - IGT Testing Systems<\/title>\n<meta name=\"description\" content=\"Estas mantas de goma son autoadhesivas, por lo que es muy f\u00e1cil sustituirlas y pegarlas en el disco de impresi\u00f3n IGT espec\u00edfico.\" \/>\n<meta name=\"robots\" content=\"index, follow, max-snippet:-1, max-image-preview:large, max-video-preview:-1\" \/>\n<link rel=\"canonical\" href=\"https:\/\/www.igt.nl\/es\/producto\/mantillas-de-caucho-para-discos-de-impresion-igt\/\" \/>\n<meta property=\"og:locale\" content=\"es_ES\" \/>\n<meta property=\"og:type\" content=\"article\" \/>\n<meta property=\"og:title\" content=\"Mantillas de caucho para discos de impresi\u00f3n IGT - IGT Testing Systems\" \/>\n<meta property=\"og:description\" content=\"Estas mantas de goma son autoadhesivas, por lo que es muy f\u00e1cil sustituirlas y pegarlas en el disco de impresi\u00f3n IGT espec\u00edfico.\" \/>\n<meta property=\"og:url\" content=\"https:\/\/www.igt.nl\/es\/producto\/mantillas-de-caucho-para-discos-de-impresion-igt\/\" \/>\n<meta property=\"og:site_name\" content=\"IGT Testing Systems\" \/>\n<meta property=\"article:modified_time\" content=\"2025-12-17T08:04:42+00:00\" \/>\n<meta property=\"og:image\" content=\"https:\/\/www.igt.nl\/wp-content\/uploads\/402.089-700x700-1.jpg\" \/>\n\t<meta property=\"og:image:width\" content=\"700\" \/>\n\t<meta property=\"og:image:height\" content=\"700\" \/>\n\t<meta property=\"og:image:type\" content=\"image\/jpeg\" \/>\n<meta name=\"twitter:card\" content=\"summary_large_image\" \/>\n<meta name=\"twitter:label1\" content=\"Tiempo de lectura\" \/>\n\t<meta name=\"twitter:data1\" content=\"1 minuto\" \/>\n<script type=\"application\/ld+json\" class=\"yoast-schema-graph\">{\"@context\":\"https:\\\/\\\/schema.org\",\"@graph\":[{\"@type\":\"WebPage\",\"@id\":\"https:\\\/\\\/www.igt.nl\\\/es\\\/producto\\\/mantillas-de-caucho-para-discos-de-impresion-igt\\\/\",\"url\":\"https:\\\/\\\/www.igt.nl\\\/es\\\/producto\\\/mantillas-de-caucho-para-discos-de-impresion-igt\\\/\",\"name\":\"Mantillas de caucho para discos de impresi\u00f3n IGT - IGT Testing Systems\",\"isPartOf\":{\"@id\":\"https:\\\/\\\/www.igt.nl\\\/es\\\/#website\"},\"primaryImageOfPage\":{\"@id\":\"https:\\\/\\\/www.igt.nl\\\/es\\\/producto\\\/mantillas-de-caucho-para-discos-de-impresion-igt\\\/#primaryimage\"},\"image\":{\"@id\":\"https:\\\/\\\/www.igt.nl\\\/es\\\/producto\\\/mantillas-de-caucho-para-discos-de-impresion-igt\\\/#primaryimage\"},\"thumbnailUrl\":\"https:\\\/\\\/www.igt.nl\\\/wp-content\\\/uploads\\\/402.089-700x700-1.jpg\",\"datePublished\":\"2019-03-19T15:21:06+00:00\",\"dateModified\":\"2025-12-17T08:04:42+00:00\",\"description\":\"Estas mantas de goma son autoadhesivas, por lo que es muy f\u00e1cil sustituirlas y pegarlas en el disco de impresi\u00f3n IGT espec\u00edfico.\",\"breadcrumb\":{\"@id\":\"https:\\\/\\\/www.igt.nl\\\/es\\\/producto\\\/mantillas-de-caucho-para-discos-de-impresion-igt\\\/#breadcrumb\"},\"inLanguage\":\"es\",\"potentialAction\":[{\"@type\":\"ReadAction\",\"target\":[\"https:\\\/\\\/www.igt.nl\\\/es\\\/producto\\\/mantillas-de-caucho-para-discos-de-impresion-igt\\\/\"]}]},{\"@type\":\"ImageObject\",\"inLanguage\":\"es\",\"@id\":\"https:\\\/\\\/www.igt.nl\\\/es\\\/producto\\\/mantillas-de-caucho-para-discos-de-impresion-igt\\\/#primaryimage\",\"url\":\"https:\\\/\\\/www.igt.nl\\\/wp-content\\\/uploads\\\/402.089-700x700-1.jpg\",\"contentUrl\":\"https:\\\/\\\/www.igt.nl\\\/wp-content\\\/uploads\\\/402.089-700x700-1.jpg\",\"width\":700,\"height\":700},{\"@type\":\"BreadcrumbList\",\"@id\":\"https:\\\/\\\/www.igt.nl\\\/es\\\/producto\\\/mantillas-de-caucho-para-discos-de-impresion-igt\\\/#breadcrumb\",\"itemListElement\":[{\"@type\":\"ListItem\",\"position\":1,\"name\":\"Home\",\"item\":\"https:\\\/\\\/www.igt.nl\\\/es\\\/?page_id=36171\"},{\"@type\":\"ListItem\",\"position\":2,\"name\":\"Tienda\",\"item\":\"https:\\\/\\\/www.igt.nl\\\/es\\\/?page_id=36068\"},{\"@type\":\"ListItem\",\"position\":3,\"name\":\"Consumibles\",\"item\":\"https:\\\/\\\/www.igt.nl\\\/es\\\/product-categorie\\\/consumibles\\\/\"},{\"@type\":\"ListItem\",\"position\":4,\"name\":\"Mantillas de caucho para discos de impresi\u00f3n IGT\"}]},{\"@type\":\"WebSite\",\"@id\":\"https:\\\/\\\/www.igt.nl\\\/es\\\/#website\",\"url\":\"https:\\\/\\\/www.igt.nl\\\/es\\\/\",\"name\":\"IGT Testing Systems\",\"description\":\"\",\"potentialAction\":[{\"@type\":\"SearchAction\",\"target\":{\"@type\":\"EntryPoint\",\"urlTemplate\":\"https:\\\/\\\/www.igt.nl\\\/es\\\/?s={search_term_string}\"},\"query-input\":{\"@type\":\"PropertyValueSpecification\",\"valueRequired\":true,\"valueName\":\"search_term_string\"}}],\"inLanguage\":\"es\"}]}<\/script>\n<!-- \/ Yoast SEO plugin. -->","yoast_head_json":{"title":"Mantillas de caucho para discos de impresi\u00f3n IGT - IGT Testing Systems","description":"Estas mantas de goma son autoadhesivas, por lo que es muy f\u00e1cil sustituirlas y pegarlas en el disco de impresi\u00f3n IGT espec\u00edfico.","robots":{"index":"index","follow":"follow","max-snippet":"max-snippet:-1","max-image-preview":"max-image-preview:large","max-video-preview":"max-video-preview:-1"},"canonical":"https:\/\/www.igt.nl\/es\/producto\/mantillas-de-caucho-para-discos-de-impresion-igt\/","og_locale":"es_ES","og_type":"article","og_title":"Mantillas de caucho para discos de impresi\u00f3n IGT - IGT Testing Systems","og_description":"Estas mantas de goma son autoadhesivas, por lo que es muy f\u00e1cil sustituirlas y pegarlas en el disco de impresi\u00f3n IGT espec\u00edfico.","og_url":"https:\/\/www.igt.nl\/es\/producto\/mantillas-de-caucho-para-discos-de-impresion-igt\/","og_site_name":"IGT Testing Systems","article_modified_time":"2025-12-17T08:04:42+00:00","og_image":[{"width":700,"height":700,"url":"https:\/\/www.igt.nl\/wp-content\/uploads\/402.089-700x700-1.jpg","type":"image\/jpeg"}],"twitter_card":"summary_large_image","twitter_misc":{"Tiempo de lectura":"1 minuto"},"schema":{"@context":"https:\/\/schema.org","@graph":[{"@type":"WebPage","@id":"https:\/\/www.igt.nl\/es\/producto\/mantillas-de-caucho-para-discos-de-impresion-igt\/","url":"https:\/\/www.igt.nl\/es\/producto\/mantillas-de-caucho-para-discos-de-impresion-igt\/","name":"Mantillas de caucho para discos de impresi\u00f3n IGT - IGT Testing Systems","isPartOf":{"@id":"https:\/\/www.igt.nl\/es\/#website"},"primaryImageOfPage":{"@id":"https:\/\/www.igt.nl\/es\/producto\/mantillas-de-caucho-para-discos-de-impresion-igt\/#primaryimage"},"image":{"@id":"https:\/\/www.igt.nl\/es\/producto\/mantillas-de-caucho-para-discos-de-impresion-igt\/#primaryimage"},"thumbnailUrl":"https:\/\/www.igt.nl\/wp-content\/uploads\/402.089-700x700-1.jpg","datePublished":"2019-03-19T15:21:06+00:00","dateModified":"2025-12-17T08:04:42+00:00","description":"Estas mantas de goma son autoadhesivas, por lo que es muy f\u00e1cil sustituirlas y pegarlas en el disco de impresi\u00f3n IGT espec\u00edfico.","breadcrumb":{"@id":"https:\/\/www.igt.nl\/es\/producto\/mantillas-de-caucho-para-discos-de-impresion-igt\/#breadcrumb"},"inLanguage":"es","potentialAction":[{"@type":"ReadAction","target":["https:\/\/www.igt.nl\/es\/producto\/mantillas-de-caucho-para-discos-de-impresion-igt\/"]}]},{"@type":"ImageObject","inLanguage":"es","@id":"https:\/\/www.igt.nl\/es\/producto\/mantillas-de-caucho-para-discos-de-impresion-igt\/#primaryimage","url":"https:\/\/www.igt.nl\/wp-content\/uploads\/402.089-700x700-1.jpg","contentUrl":"https:\/\/www.igt.nl\/wp-content\/uploads\/402.089-700x700-1.jpg","width":700,"height":700},{"@type":"BreadcrumbList","@id":"https:\/\/www.igt.nl\/es\/producto\/mantillas-de-caucho-para-discos-de-impresion-igt\/#breadcrumb","itemListElement":[{"@type":"ListItem","position":1,"name":"Home","item":"https:\/\/www.igt.nl\/es\/?page_id=36171"},{"@type":"ListItem","position":2,"name":"Tienda","item":"https:\/\/www.igt.nl\/es\/?page_id=36068"},{"@type":"ListItem","position":3,"name":"Consumibles","item":"https:\/\/www.igt.nl\/es\/product-categorie\/consumibles\/"},{"@type":"ListItem","position":4,"name":"Mantillas de caucho para discos de impresi\u00f3n IGT"}]},{"@type":"WebSite","@id":"https:\/\/www.igt.nl\/es\/#website","url":"https:\/\/www.igt.nl\/es\/","name":"IGT Testing Systems","description":"","potentialAction":[{"@type":"SearchAction","target":{"@type":"EntryPoint","urlTemplate":"https:\/\/www.igt.nl\/es\/?s={search_term_string}"},"query-input":{"@type":"PropertyValueSpecification","valueRequired":true,"valueName":"search_term_string"}}],"inLanguage":"es"}]}},"_links":{"self":[{"href":"https:\/\/www.igt.nl\/es\/wp-json\/wp\/v2\/product\/38276","targetHints":{"allow":["GET"]}}],"collection":[{"href":"https:\/\/www.igt.nl\/es\/wp-json\/wp\/v2\/product"}],"about":[{"href":"https:\/\/www.igt.nl\/es\/wp-json\/wp\/v2\/types\/product"}],"replies":[{"embeddable":true,"href":"https:\/\/www.igt.nl\/es\/wp-json\/wp\/v2\/comments?post=38276"}],"wp:featuredmedia":[{"embeddable":true,"href":"https:\/\/www.igt.nl\/es\/wp-json\/wp\/v2\/media\/38278"}],"wp:attachment":[{"href":"https:\/\/www.igt.nl\/es\/wp-json\/wp\/v2\/media?parent=38276"}],"wp:term":[{"taxonomy":"product_brand","embeddable":true,"href":"https:\/\/www.igt.nl\/es\/wp-json\/wp\/v2\/product_brand?post=38276"},{"taxonomy":"product_cat","embeddable":true,"href":"https:\/\/www.igt.nl\/es\/wp-json\/wp\/v2\/product_cat?post=38276"},{"taxonomy":"product_tag","embeddable":true,"href":"https:\/\/www.igt.nl\/es\/wp-json\/wp\/v2\/product_tag?post=38276"}],"curies":[{"name":"wp","href":"https:\/\/api.w.org\/{rel}","templated":true}]}}