{"id":38450,"date":"2019-03-20T13:27:44","date_gmt":"2019-03-20T13:27:44","guid":{"rendered":"https:\/\/www.igt.nl\/?post_type=product&#038;p=38450"},"modified":"2025-12-17T08:03:37","modified_gmt":"2025-12-17T08:03:37","slug":"disco-de-impresion-de-aluminio-de-20-mm-2","status":"publish","type":"product","link":"https:\/\/www.igt.nl\/es\/producto\/disco-de-impresion-de-aluminio-de-20-mm-2\/","title":{"rendered":"Disco de impresi\u00f3n de aluminio de 20 mm"},"content":{"rendered":"<p>Disco de impresi\u00f3n de aluminio, 20 mm para comprobadores con eje de 34 mm como el Amsterdam, el Comprobador Global Standard y el AIC2-5T2000.<\/p>\n<p>Para el m\u00e9todo de ensayo Adherencia del t\u00f3ner, consulta <a href=\"https:\/\/www.igt.nl\/test-methods\/w55-ams\/\">el folleto W55<\/a>. De acuerdo con la norma EN12283, esta norma europea especifica la determinaci\u00f3n de la adherencia del t\u00f3ner seco sobre una hoja de papel, impresa con m\u00e1quinas de impresi\u00f3n de im\u00e1genes, como fotocopiadoras e impresoras. <\/p>\n<p>&nbsp;<\/p>\n","protected":false},"excerpt":{"rendered":"<p>Disco de impresi\u00f3n de aluminio de 20 mm (eje de 34 mm)<\/p>\n","protected":false},"featured_media":38452,"comment_status":"closed","ping_status":"closed","template":"","meta":{"_acf_changed":false,"inline_featured_image":false},"product_brand":[],"product_cat":[3277,4099],"product_tag":[],"class_list":{"0":"post-38450","1":"product","2":"type-product","3":"status-publish","4":"has-post-thumbnail","6":"product_cat-impresion-de-discos","7":"product_cat-otros-discos-de-impresion","8":"pa_diameter-in-mm-4138","9":"pa_inks-or-liquids-aceite-de-prueba-pick","10":"pa_material-surface-aluminio","11":"pa_print-width-in-mm-4118","12":"pa_shaft-diameter-in-mm-3979","13":"pa_test-method-adherencia-del-toner-velocidad-constante-w55","14":"pa_tester-aic2-5t2000","15":"pa_tester-amsterdam-1","16":"pa_tester-amsterdam-2","17":"pa_tester-amsterdam-2-basico","18":"pa_tester-amsterdam-5","19":"pa_tester-amsterdam-6","20":"pa_tester-amsterdam-h","21":"pa_tester-amsterdam-h-basico","22":"pa_tester-amsterdam-p","23":"pa_tester-amsterdam-p-basico","24":"pa_tester-amsterdam-w","25":"pa_tester-amsterdam-w-basico","26":"pa_tester-gst-1","27":"pa_tester-gst-2","28":"pa_tester-gst-3h","29":"pa_tester-gst-p","30":"pa_tester-gst1-w","31":"pa_weight-in-gr-4126","33":"first","34":"instock","35":"shipping-taxable","36":"purchasable","37":"product-type-simple"},"acf":[],"yoast_head":"<!-- This site is optimized with the Yoast SEO plugin v27.5 - https:\/\/yoast.com\/product\/yoast-seo-wordpress\/ -->\n<title>Disco de impresi\u00f3n de aluminio de 20 mm - IGT Testing Systems<\/title>\n<meta name=\"description\" content=\"Disco de impresi\u00f3n de aluminio, 20 mm, para los comprobadores de imprimibilidad IGT Amsterdam. Para el m\u00e9todo de prueba Adherencia del t\u00f3ner, W55, seg\u00fan la norma EN12283.\" \/>\n<meta name=\"robots\" content=\"index, follow, max-snippet:-1, max-image-preview:large, max-video-preview:-1\" \/>\n<link rel=\"canonical\" href=\"https:\/\/www.igt.nl\/es\/producto\/disco-de-impresion-de-aluminio-de-20-mm-2\/\" \/>\n<meta property=\"og:locale\" content=\"es_ES\" \/>\n<meta property=\"og:type\" content=\"article\" \/>\n<meta property=\"og:title\" content=\"Disco de impresi\u00f3n de aluminio de 20 mm - IGT Testing Systems\" \/>\n<meta property=\"og:description\" content=\"Disco de impresi\u00f3n de aluminio, 20 mm, para los comprobadores de imprimibilidad IGT Amsterdam. Para el m\u00e9todo de prueba Adherencia del t\u00f3ner, W55, seg\u00fan la norma EN12283.\" \/>\n<meta property=\"og:url\" content=\"https:\/\/www.igt.nl\/es\/producto\/disco-de-impresion-de-aluminio-de-20-mm-2\/\" \/>\n<meta property=\"og:site_name\" content=\"IGT Testing Systems\" \/>\n<meta property=\"article:modified_time\" content=\"2025-12-17T08:03:37+00:00\" \/>\n<meta property=\"og:image\" content=\"https:\/\/www.igt.nl\/wp-content\/uploads\/402.302-700x700-1.jpg\" \/>\n\t<meta property=\"og:image:width\" content=\"700\" \/>\n\t<meta property=\"og:image:height\" content=\"700\" \/>\n\t<meta property=\"og:image:type\" content=\"image\/jpeg\" \/>\n<meta name=\"twitter:card\" content=\"summary_large_image\" \/>\n<script type=\"application\/ld+json\" class=\"yoast-schema-graph\">{\"@context\":\"https:\\\/\\\/schema.org\",\"@graph\":[{\"@type\":\"WebPage\",\"@id\":\"https:\\\/\\\/www.igt.nl\\\/es\\\/producto\\\/disco-de-impresion-de-aluminio-de-20-mm-2\\\/\",\"url\":\"https:\\\/\\\/www.igt.nl\\\/es\\\/producto\\\/disco-de-impresion-de-aluminio-de-20-mm-2\\\/\",\"name\":\"Disco de impresi\u00f3n de aluminio de 20 mm - IGT Testing Systems\",\"isPartOf\":{\"@id\":\"https:\\\/\\\/www.igt.nl\\\/es\\\/#website\"},\"primaryImageOfPage\":{\"@id\":\"https:\\\/\\\/www.igt.nl\\\/es\\\/producto\\\/disco-de-impresion-de-aluminio-de-20-mm-2\\\/#primaryimage\"},\"image\":{\"@id\":\"https:\\\/\\\/www.igt.nl\\\/es\\\/producto\\\/disco-de-impresion-de-aluminio-de-20-mm-2\\\/#primaryimage\"},\"thumbnailUrl\":\"https:\\\/\\\/www.igt.nl\\\/wp-content\\\/uploads\\\/402.302-700x700-1.jpg\",\"datePublished\":\"2019-03-20T13:27:44+00:00\",\"dateModified\":\"2025-12-17T08:03:37+00:00\",\"description\":\"Disco de impresi\u00f3n de aluminio, 20 mm, para los comprobadores de imprimibilidad IGT Amsterdam. Para el m\u00e9todo de prueba Adherencia del t\u00f3ner, W55, seg\u00fan la norma EN12283.\",\"breadcrumb\":{\"@id\":\"https:\\\/\\\/www.igt.nl\\\/es\\\/producto\\\/disco-de-impresion-de-aluminio-de-20-mm-2\\\/#breadcrumb\"},\"inLanguage\":\"es\",\"potentialAction\":[{\"@type\":\"ReadAction\",\"target\":[\"https:\\\/\\\/www.igt.nl\\\/es\\\/producto\\\/disco-de-impresion-de-aluminio-de-20-mm-2\\\/\"]}]},{\"@type\":\"ImageObject\",\"inLanguage\":\"es\",\"@id\":\"https:\\\/\\\/www.igt.nl\\\/es\\\/producto\\\/disco-de-impresion-de-aluminio-de-20-mm-2\\\/#primaryimage\",\"url\":\"https:\\\/\\\/www.igt.nl\\\/wp-content\\\/uploads\\\/402.302-700x700-1.jpg\",\"contentUrl\":\"https:\\\/\\\/www.igt.nl\\\/wp-content\\\/uploads\\\/402.302-700x700-1.jpg\",\"width\":700,\"height\":700},{\"@type\":\"BreadcrumbList\",\"@id\":\"https:\\\/\\\/www.igt.nl\\\/es\\\/producto\\\/disco-de-impresion-de-aluminio-de-20-mm-2\\\/#breadcrumb\",\"itemListElement\":[{\"@type\":\"ListItem\",\"position\":1,\"name\":\"Home\",\"item\":\"https:\\\/\\\/www.igt.nl\\\/es\\\/?page_id=36171\"},{\"@type\":\"ListItem\",\"position\":2,\"name\":\"Tienda\",\"item\":\"https:\\\/\\\/www.igt.nl\\\/es\\\/?page_id=36068\"},{\"@type\":\"ListItem\",\"position\":3,\"name\":\"Impresi\u00f3n de discos\",\"item\":\"https:\\\/\\\/www.igt.nl\\\/es\\\/product-categorie\\\/impresion-de-discos\\\/\"},{\"@type\":\"ListItem\",\"position\":4,\"name\":\"Disco de impresi\u00f3n de aluminio de 20 mm\"}]},{\"@type\":\"WebSite\",\"@id\":\"https:\\\/\\\/www.igt.nl\\\/es\\\/#website\",\"url\":\"https:\\\/\\\/www.igt.nl\\\/es\\\/\",\"name\":\"IGT Testing Systems\",\"description\":\"\",\"potentialAction\":[{\"@type\":\"SearchAction\",\"target\":{\"@type\":\"EntryPoint\",\"urlTemplate\":\"https:\\\/\\\/www.igt.nl\\\/es\\\/?s={search_term_string}\"},\"query-input\":{\"@type\":\"PropertyValueSpecification\",\"valueRequired\":true,\"valueName\":\"search_term_string\"}}],\"inLanguage\":\"es\"}]}<\/script>\n<!-- \/ Yoast SEO plugin. -->","yoast_head_json":{"title":"Disco de impresi\u00f3n de aluminio de 20 mm - IGT Testing Systems","description":"Disco de impresi\u00f3n de aluminio, 20 mm, para los comprobadores de imprimibilidad IGT Amsterdam. Para el m\u00e9todo de prueba Adherencia del t\u00f3ner, W55, seg\u00fan la norma EN12283.","robots":{"index":"index","follow":"follow","max-snippet":"max-snippet:-1","max-image-preview":"max-image-preview:large","max-video-preview":"max-video-preview:-1"},"canonical":"https:\/\/www.igt.nl\/es\/producto\/disco-de-impresion-de-aluminio-de-20-mm-2\/","og_locale":"es_ES","og_type":"article","og_title":"Disco de impresi\u00f3n de aluminio de 20 mm - IGT Testing Systems","og_description":"Disco de impresi\u00f3n de aluminio, 20 mm, para los comprobadores de imprimibilidad IGT Amsterdam. Para el m\u00e9todo de prueba Adherencia del t\u00f3ner, W55, seg\u00fan la norma EN12283.","og_url":"https:\/\/www.igt.nl\/es\/producto\/disco-de-impresion-de-aluminio-de-20-mm-2\/","og_site_name":"IGT Testing Systems","article_modified_time":"2025-12-17T08:03:37+00:00","og_image":[{"width":700,"height":700,"url":"https:\/\/www.igt.nl\/wp-content\/uploads\/402.302-700x700-1.jpg","type":"image\/jpeg"}],"twitter_card":"summary_large_image","schema":{"@context":"https:\/\/schema.org","@graph":[{"@type":"WebPage","@id":"https:\/\/www.igt.nl\/es\/producto\/disco-de-impresion-de-aluminio-de-20-mm-2\/","url":"https:\/\/www.igt.nl\/es\/producto\/disco-de-impresion-de-aluminio-de-20-mm-2\/","name":"Disco de impresi\u00f3n de aluminio de 20 mm - IGT Testing Systems","isPartOf":{"@id":"https:\/\/www.igt.nl\/es\/#website"},"primaryImageOfPage":{"@id":"https:\/\/www.igt.nl\/es\/producto\/disco-de-impresion-de-aluminio-de-20-mm-2\/#primaryimage"},"image":{"@id":"https:\/\/www.igt.nl\/es\/producto\/disco-de-impresion-de-aluminio-de-20-mm-2\/#primaryimage"},"thumbnailUrl":"https:\/\/www.igt.nl\/wp-content\/uploads\/402.302-700x700-1.jpg","datePublished":"2019-03-20T13:27:44+00:00","dateModified":"2025-12-17T08:03:37+00:00","description":"Disco de impresi\u00f3n de aluminio, 20 mm, para los comprobadores de imprimibilidad IGT Amsterdam. Para el m\u00e9todo de prueba Adherencia del t\u00f3ner, W55, seg\u00fan la norma EN12283.","breadcrumb":{"@id":"https:\/\/www.igt.nl\/es\/producto\/disco-de-impresion-de-aluminio-de-20-mm-2\/#breadcrumb"},"inLanguage":"es","potentialAction":[{"@type":"ReadAction","target":["https:\/\/www.igt.nl\/es\/producto\/disco-de-impresion-de-aluminio-de-20-mm-2\/"]}]},{"@type":"ImageObject","inLanguage":"es","@id":"https:\/\/www.igt.nl\/es\/producto\/disco-de-impresion-de-aluminio-de-20-mm-2\/#primaryimage","url":"https:\/\/www.igt.nl\/wp-content\/uploads\/402.302-700x700-1.jpg","contentUrl":"https:\/\/www.igt.nl\/wp-content\/uploads\/402.302-700x700-1.jpg","width":700,"height":700},{"@type":"BreadcrumbList","@id":"https:\/\/www.igt.nl\/es\/producto\/disco-de-impresion-de-aluminio-de-20-mm-2\/#breadcrumb","itemListElement":[{"@type":"ListItem","position":1,"name":"Home","item":"https:\/\/www.igt.nl\/es\/?page_id=36171"},{"@type":"ListItem","position":2,"name":"Tienda","item":"https:\/\/www.igt.nl\/es\/?page_id=36068"},{"@type":"ListItem","position":3,"name":"Impresi\u00f3n de discos","item":"https:\/\/www.igt.nl\/es\/product-categorie\/impresion-de-discos\/"},{"@type":"ListItem","position":4,"name":"Disco de impresi\u00f3n de aluminio de 20 mm"}]},{"@type":"WebSite","@id":"https:\/\/www.igt.nl\/es\/#website","url":"https:\/\/www.igt.nl\/es\/","name":"IGT Testing Systems","description":"","potentialAction":[{"@type":"SearchAction","target":{"@type":"EntryPoint","urlTemplate":"https:\/\/www.igt.nl\/es\/?s={search_term_string}"},"query-input":{"@type":"PropertyValueSpecification","valueRequired":true,"valueName":"search_term_string"}}],"inLanguage":"es"}]}},"_links":{"self":[{"href":"https:\/\/www.igt.nl\/es\/wp-json\/wp\/v2\/product\/38450","targetHints":{"allow":["GET"]}}],"collection":[{"href":"https:\/\/www.igt.nl\/es\/wp-json\/wp\/v2\/product"}],"about":[{"href":"https:\/\/www.igt.nl\/es\/wp-json\/wp\/v2\/types\/product"}],"replies":[{"embeddable":true,"href":"https:\/\/www.igt.nl\/es\/wp-json\/wp\/v2\/comments?post=38450"}],"wp:featuredmedia":[{"embeddable":true,"href":"https:\/\/www.igt.nl\/es\/wp-json\/wp\/v2\/media\/38452"}],"wp:attachment":[{"href":"https:\/\/www.igt.nl\/es\/wp-json\/wp\/v2\/media?parent=38450"}],"wp:term":[{"taxonomy":"product_brand","embeddable":true,"href":"https:\/\/www.igt.nl\/es\/wp-json\/wp\/v2\/product_brand?post=38450"},{"taxonomy":"product_cat","embeddable":true,"href":"https:\/\/www.igt.nl\/es\/wp-json\/wp\/v2\/product_cat?post=38450"},{"taxonomy":"product_tag","embeddable":true,"href":"https:\/\/www.igt.nl\/es\/wp-json\/wp\/v2\/product_tag?post=38450"}],"curies":[{"name":"wp","href":"https:\/\/api.w.org\/{rel}","templated":true}]}}