{"id":38472,"date":"2019-03-20T14:40:21","date_gmt":"2019-03-20T14:40:21","guid":{"rendered":"https:\/\/www.igt.nl\/product\/pipeta-de-tinta-igt-de-volumen-fijo\/"},"modified":"2025-12-12T08:28:04","modified_gmt":"2025-12-12T08:28:04","slug":"pipeta-de-tinta-igt-de-volumen-fijo","status":"publish","type":"product","link":"https:\/\/www.igt.nl\/es\/producto\/pipeta-de-tinta-igt-de-volumen-fijo\/","title":{"rendered":"Pipeta de tinta IGT de volumen fijo"},"content":{"rendered":"<p>Pipeta de tinta IGT de volumen fijo, disponible con un volumen de:<\/p>\n<ul>\n<li>0,16 ml<\/li>\n<li>0,24 ml<\/li>\n<li>0,40 ml<\/li>\n<li>1,00 ml<\/li>\n<li>1,30 ml<\/li>\n<\/ul>\n<p>Se recomienda encarecidamente el uso de una pipeta de tinta IGT. Aumenta la precisi\u00f3n de la aplicaci\u00f3n de tinta y, por tanto, la transferencia de tinta y el grosor de la pel\u00edcula de tinta. <\/p>\n","protected":false},"excerpt":{"rendered":"<p>Pipeta de tinta IGT de volumen fijo<\/p>\n","protected":false},"featured_media":38473,"comment_status":"closed","ping_status":"closed","template":"","meta":{"_acf_changed":false,"inline_featured_image":false},"product_brand":[],"product_cat":[3934,3935],"product_tag":[],"class_list":{"0":"post-38472","1":"product","2":"type-product","3":"status-publish","4":"has-post-thumbnail","6":"product_cat-accesorios","7":"product_cat-varios-2","9":"first","10":"instock","11":"shipping-taxable","12":"purchasable","13":"product-type-simple"},"acf":[],"yoast_head":"<!-- This site is optimized with the Yoast SEO plugin v27.3 - https:\/\/yoast.com\/product\/yoast-seo-wordpress\/ -->\n<title>Pipeta de tinta IGT de volumen fijo - IGT Testing Systems<\/title>\n<meta name=\"robots\" content=\"index, follow, max-snippet:-1, max-image-preview:large, max-video-preview:-1\" \/>\n<link rel=\"canonical\" href=\"https:\/\/www.igt.nl\/es\/producto\/pipeta-de-tinta-igt-de-volumen-fijo\/\" \/>\n<meta property=\"og:locale\" content=\"es_ES\" \/>\n<meta property=\"og:type\" content=\"article\" \/>\n<meta property=\"og:title\" content=\"Pipeta de tinta IGT de volumen fijo - IGT Testing Systems\" \/>\n<meta property=\"og:description\" content=\"Pipeta de tinta IGT de volumen fijo\" \/>\n<meta property=\"og:url\" content=\"https:\/\/www.igt.nl\/es\/producto\/pipeta-de-tinta-igt-de-volumen-fijo\/\" \/>\n<meta property=\"og:site_name\" content=\"IGT Testing Systems\" \/>\n<meta property=\"article:modified_time\" content=\"2025-12-12T08:28:04+00:00\" \/>\n<meta property=\"og:image\" content=\"https:\/\/www.igt.nl\/wp-content\/uploads\/IMG_3775-700x700-1.png\" \/>\n\t<meta property=\"og:image:width\" content=\"700\" \/>\n\t<meta property=\"og:image:height\" content=\"700\" \/>\n\t<meta property=\"og:image:type\" content=\"image\/png\" \/>\n<meta name=\"twitter:card\" content=\"summary_large_image\" \/>\n<script type=\"application\/ld+json\" class=\"yoast-schema-graph\">{\"@context\":\"https:\\\/\\\/schema.org\",\"@graph\":[{\"@type\":\"WebPage\",\"@id\":\"https:\\\/\\\/www.igt.nl\\\/es\\\/producto\\\/pipeta-de-tinta-igt-de-volumen-fijo\\\/\",\"url\":\"https:\\\/\\\/www.igt.nl\\\/es\\\/producto\\\/pipeta-de-tinta-igt-de-volumen-fijo\\\/\",\"name\":\"Pipeta de tinta IGT de volumen fijo - IGT Testing Systems\",\"isPartOf\":{\"@id\":\"https:\\\/\\\/www.igt.nl\\\/es\\\/#website\"},\"primaryImageOfPage\":{\"@id\":\"https:\\\/\\\/www.igt.nl\\\/es\\\/producto\\\/pipeta-de-tinta-igt-de-volumen-fijo\\\/#primaryimage\"},\"image\":{\"@id\":\"https:\\\/\\\/www.igt.nl\\\/es\\\/producto\\\/pipeta-de-tinta-igt-de-volumen-fijo\\\/#primaryimage\"},\"thumbnailUrl\":\"https:\\\/\\\/www.igt.nl\\\/wp-content\\\/uploads\\\/IMG_3775-700x700-1.png\",\"datePublished\":\"2019-03-20T14:40:21+00:00\",\"dateModified\":\"2025-12-12T08:28:04+00:00\",\"breadcrumb\":{\"@id\":\"https:\\\/\\\/www.igt.nl\\\/es\\\/producto\\\/pipeta-de-tinta-igt-de-volumen-fijo\\\/#breadcrumb\"},\"inLanguage\":\"es\",\"potentialAction\":[{\"@type\":\"ReadAction\",\"target\":[\"https:\\\/\\\/www.igt.nl\\\/es\\\/producto\\\/pipeta-de-tinta-igt-de-volumen-fijo\\\/\"]}]},{\"@type\":\"ImageObject\",\"inLanguage\":\"es\",\"@id\":\"https:\\\/\\\/www.igt.nl\\\/es\\\/producto\\\/pipeta-de-tinta-igt-de-volumen-fijo\\\/#primaryimage\",\"url\":\"https:\\\/\\\/www.igt.nl\\\/wp-content\\\/uploads\\\/IMG_3775-700x700-1.png\",\"contentUrl\":\"https:\\\/\\\/www.igt.nl\\\/wp-content\\\/uploads\\\/IMG_3775-700x700-1.png\",\"width\":700,\"height\":700},{\"@type\":\"BreadcrumbList\",\"@id\":\"https:\\\/\\\/www.igt.nl\\\/es\\\/producto\\\/pipeta-de-tinta-igt-de-volumen-fijo\\\/#breadcrumb\",\"itemListElement\":[{\"@type\":\"ListItem\",\"position\":1,\"name\":\"Home\",\"item\":\"https:\\\/\\\/www.igt.nl\\\/es\\\/?page_id=36171\"},{\"@type\":\"ListItem\",\"position\":2,\"name\":\"Tienda\",\"item\":\"https:\\\/\\\/www.igt.nl\\\/es\\\/?page_id=36068\"},{\"@type\":\"ListItem\",\"position\":3,\"name\":\"Pipeta de tinta IGT de volumen fijo\"}]},{\"@type\":\"WebSite\",\"@id\":\"https:\\\/\\\/www.igt.nl\\\/es\\\/#website\",\"url\":\"https:\\\/\\\/www.igt.nl\\\/es\\\/\",\"name\":\"IGT Testing Systems\",\"description\":\"\",\"potentialAction\":[{\"@type\":\"SearchAction\",\"target\":{\"@type\":\"EntryPoint\",\"urlTemplate\":\"https:\\\/\\\/www.igt.nl\\\/es\\\/?s={search_term_string}\"},\"query-input\":{\"@type\":\"PropertyValueSpecification\",\"valueRequired\":true,\"valueName\":\"search_term_string\"}}],\"inLanguage\":\"es\"}]}<\/script>\n<!-- \/ Yoast SEO plugin. -->","yoast_head_json":{"title":"Pipeta de tinta IGT de volumen fijo - IGT Testing Systems","robots":{"index":"index","follow":"follow","max-snippet":"max-snippet:-1","max-image-preview":"max-image-preview:large","max-video-preview":"max-video-preview:-1"},"canonical":"https:\/\/www.igt.nl\/es\/producto\/pipeta-de-tinta-igt-de-volumen-fijo\/","og_locale":"es_ES","og_type":"article","og_title":"Pipeta de tinta IGT de volumen fijo - IGT Testing Systems","og_description":"Pipeta de tinta IGT de volumen fijo","og_url":"https:\/\/www.igt.nl\/es\/producto\/pipeta-de-tinta-igt-de-volumen-fijo\/","og_site_name":"IGT Testing Systems","article_modified_time":"2025-12-12T08:28:04+00:00","og_image":[{"width":700,"height":700,"url":"https:\/\/www.igt.nl\/wp-content\/uploads\/IMG_3775-700x700-1.png","type":"image\/png"}],"twitter_card":"summary_large_image","schema":{"@context":"https:\/\/schema.org","@graph":[{"@type":"WebPage","@id":"https:\/\/www.igt.nl\/es\/producto\/pipeta-de-tinta-igt-de-volumen-fijo\/","url":"https:\/\/www.igt.nl\/es\/producto\/pipeta-de-tinta-igt-de-volumen-fijo\/","name":"Pipeta de tinta IGT de volumen fijo - IGT Testing Systems","isPartOf":{"@id":"https:\/\/www.igt.nl\/es\/#website"},"primaryImageOfPage":{"@id":"https:\/\/www.igt.nl\/es\/producto\/pipeta-de-tinta-igt-de-volumen-fijo\/#primaryimage"},"image":{"@id":"https:\/\/www.igt.nl\/es\/producto\/pipeta-de-tinta-igt-de-volumen-fijo\/#primaryimage"},"thumbnailUrl":"https:\/\/www.igt.nl\/wp-content\/uploads\/IMG_3775-700x700-1.png","datePublished":"2019-03-20T14:40:21+00:00","dateModified":"2025-12-12T08:28:04+00:00","breadcrumb":{"@id":"https:\/\/www.igt.nl\/es\/producto\/pipeta-de-tinta-igt-de-volumen-fijo\/#breadcrumb"},"inLanguage":"es","potentialAction":[{"@type":"ReadAction","target":["https:\/\/www.igt.nl\/es\/producto\/pipeta-de-tinta-igt-de-volumen-fijo\/"]}]},{"@type":"ImageObject","inLanguage":"es","@id":"https:\/\/www.igt.nl\/es\/producto\/pipeta-de-tinta-igt-de-volumen-fijo\/#primaryimage","url":"https:\/\/www.igt.nl\/wp-content\/uploads\/IMG_3775-700x700-1.png","contentUrl":"https:\/\/www.igt.nl\/wp-content\/uploads\/IMG_3775-700x700-1.png","width":700,"height":700},{"@type":"BreadcrumbList","@id":"https:\/\/www.igt.nl\/es\/producto\/pipeta-de-tinta-igt-de-volumen-fijo\/#breadcrumb","itemListElement":[{"@type":"ListItem","position":1,"name":"Home","item":"https:\/\/www.igt.nl\/es\/?page_id=36171"},{"@type":"ListItem","position":2,"name":"Tienda","item":"https:\/\/www.igt.nl\/es\/?page_id=36068"},{"@type":"ListItem","position":3,"name":"Pipeta de tinta IGT de volumen fijo"}]},{"@type":"WebSite","@id":"https:\/\/www.igt.nl\/es\/#website","url":"https:\/\/www.igt.nl\/es\/","name":"IGT Testing Systems","description":"","potentialAction":[{"@type":"SearchAction","target":{"@type":"EntryPoint","urlTemplate":"https:\/\/www.igt.nl\/es\/?s={search_term_string}"},"query-input":{"@type":"PropertyValueSpecification","valueRequired":true,"valueName":"search_term_string"}}],"inLanguage":"es"}]}},"_links":{"self":[{"href":"https:\/\/www.igt.nl\/es\/wp-json\/wp\/v2\/product\/38472","targetHints":{"allow":["GET"]}}],"collection":[{"href":"https:\/\/www.igt.nl\/es\/wp-json\/wp\/v2\/product"}],"about":[{"href":"https:\/\/www.igt.nl\/es\/wp-json\/wp\/v2\/types\/product"}],"replies":[{"embeddable":true,"href":"https:\/\/www.igt.nl\/es\/wp-json\/wp\/v2\/comments?post=38472"}],"wp:featuredmedia":[{"embeddable":true,"href":"https:\/\/www.igt.nl\/es\/wp-json\/wp\/v2\/media\/38473"}],"wp:attachment":[{"href":"https:\/\/www.igt.nl\/es\/wp-json\/wp\/v2\/media?parent=38472"}],"wp:term":[{"taxonomy":"product_brand","embeddable":true,"href":"https:\/\/www.igt.nl\/es\/wp-json\/wp\/v2\/product_brand?post=38472"},{"taxonomy":"product_cat","embeddable":true,"href":"https:\/\/www.igt.nl\/es\/wp-json\/wp\/v2\/product_cat?post=38472"},{"taxonomy":"product_tag","embeddable":true,"href":"https:\/\/www.igt.nl\/es\/wp-json\/wp\/v2\/product_tag?post=38472"}],"curies":[{"name":"wp","href":"https:\/\/api.w.org\/{rel}","templated":true}]}}