{"id":38489,"date":"2019-03-20T14:47:15","date_gmt":"2019-03-20T14:47:15","guid":{"rendered":"https:\/\/www.igt.nl\/?post_type=product&#038;p=38489"},"modified":"2025-12-17T08:03:26","modified_gmt":"2025-12-17T08:03:26","slug":"medidor-de-brillo-igt-g60","status":"publish","type":"product","link":"https:\/\/www.igt.nl\/es\/producto\/medidor-de-brillo-igt-g60\/","title":{"rendered":"Medidor de brillo IGT G60"},"content":{"rendered":"<p>El Medidor de Brillo IGT G60 es un dispositivo port\u00e1til para medir los valores de brillo bajo un \u00e1ngulo de 60\u00b0, ISO 2813 especifica el m\u00e9todo para determinar el brillo. Conforme a las normas ASTM D2457 y ASTM D523. <\/p>\n<p>Cada aparato individual viene con un soporte que incluye una baldosa de calibraci\u00f3n, utilizada como patr\u00f3n de trabajo, y una memoria USB con software para importar los resultados de las pruebas a Excel.<\/p>\n<p>La G75 (555.075) es una versi\u00f3n para el m\u00e9todo TAPPI de 75\u00b0.<\/p>\n<p>El Medidor de Brillo IGT G268 (555.268) puede realizar mediciones en 3 \u00e1ngulos diferentes en una sola medici\u00f3n. Los tres \u00e1ngulos pueden seleccionarse simult\u00e1neamente, pero tambi\u00e9n es posible realizar una medici\u00f3n en s\u00f3lo uno o dos \u00e1ngulos. <\/p>\n<p>Los aparatos pueden utilizarse para medir el brillo de:<br \/>\n&#8211; Recubrimientos y superficies pulidas.<br \/>\n&#8211; Materias impresas y no impresas como papel, cart\u00f3n, pl\u00e1stico, l\u00e1minas, etc. seg\u00fan ISO 12647.<br \/>\n&#8211; Materiales decorativos como m\u00e1rmol, granito, etc.<br \/>\n&#8211; Materiales como pl\u00e1stico, art\u00edculos de madera, cer\u00e1mica, etc.<\/p>\n<p>En <a href=\"https:\/\/www.igt.nl\/test-methods\/amsterdam\/\">los folletos IGT W<\/a> encontrar\u00e1s descripciones detalladas de las pruebas para realizar impresiones de prueba para la medici\u00f3n del brillo.<\/p>\n","protected":false},"excerpt":{"rendered":"<p>El Medidor de Brillo IGT G60 es un dispositivo port\u00e1til para medir los valores de brillo bajo un \u00e1ngulo de 60\u00b0.<\/p>\n","protected":false},"featured_media":38494,"comment_status":"closed","ping_status":"closed","template":"","meta":{"_acf_changed":false,"inline_featured_image":false},"product_brand":[],"product_cat":[3934,3972,4173,3935],"product_tag":[],"class_list":{"0":"post-38489","1":"product","2":"type-product","3":"status-publish","4":"has-post-thumbnail","6":"product_cat-accesorios","7":"product_cat-brillometros","8":"product_cat-seguridad","9":"product_cat-varios-2","11":"first","12":"instock","13":"shipping-taxable","14":"purchasable","15":"product-type-simple"},"acf":[],"yoast_head":"<!-- This site is optimized with the Yoast SEO plugin v27.3 - https:\/\/yoast.com\/product\/yoast-seo-wordpress\/ -->\n<title>Medidor de brillo IGT G60 - IGT Testing Systems<\/title>\n<meta name=\"description\" content=\"El Medidor de Brillo IGT G60 es un dispositivo port\u00e1til para medir los valores de brillo bajo un \u00e1ngulo de 60\u00b0. El dispositivo viene con un soporte que incluye una baldosa de calibraci\u00f3n.\" \/>\n<meta name=\"robots\" content=\"index, follow, max-snippet:-1, max-image-preview:large, max-video-preview:-1\" \/>\n<link rel=\"canonical\" href=\"https:\/\/www.igt.nl\/es\/producto\/medidor-de-brillo-igt-g60\/\" \/>\n<meta property=\"og:locale\" content=\"es_ES\" \/>\n<meta property=\"og:type\" content=\"article\" \/>\n<meta property=\"og:title\" content=\"Medidor de brillo IGT G60 - IGT Testing Systems\" \/>\n<meta property=\"og:description\" content=\"El Medidor de Brillo IGT G60 es un dispositivo port\u00e1til para medir los valores de brillo bajo un \u00e1ngulo de 60\u00b0. El dispositivo viene con un soporte que incluye una baldosa de calibraci\u00f3n.\" \/>\n<meta property=\"og:url\" content=\"https:\/\/www.igt.nl\/es\/producto\/medidor-de-brillo-igt-g60\/\" \/>\n<meta property=\"og:site_name\" content=\"IGT Testing Systems\" \/>\n<meta property=\"article:modified_time\" content=\"2025-12-17T08:03:26+00:00\" \/>\n<meta property=\"og:image\" content=\"https:\/\/www.igt.nl\/wp-content\/uploads\/555.060_Gloss-Meter_G60_1-1_vs.jpg\" \/>\n\t<meta property=\"og:image:width\" content=\"1200\" \/>\n\t<meta property=\"og:image:height\" content=\"1200\" \/>\n\t<meta property=\"og:image:type\" content=\"image\/jpeg\" \/>\n<meta name=\"twitter:card\" content=\"summary_large_image\" \/>\n<meta name=\"twitter:label1\" content=\"Tiempo de lectura\" \/>\n\t<meta name=\"twitter:data1\" content=\"1 minuto\" \/>\n<script type=\"application\/ld+json\" class=\"yoast-schema-graph\">{\"@context\":\"https:\\\/\\\/schema.org\",\"@graph\":[{\"@type\":\"WebPage\",\"@id\":\"https:\\\/\\\/www.igt.nl\\\/es\\\/producto\\\/medidor-de-brillo-igt-g60\\\/\",\"url\":\"https:\\\/\\\/www.igt.nl\\\/es\\\/producto\\\/medidor-de-brillo-igt-g60\\\/\",\"name\":\"Medidor de brillo IGT G60 - IGT Testing Systems\",\"isPartOf\":{\"@id\":\"https:\\\/\\\/www.igt.nl\\\/es\\\/#website\"},\"primaryImageOfPage\":{\"@id\":\"https:\\\/\\\/www.igt.nl\\\/es\\\/producto\\\/medidor-de-brillo-igt-g60\\\/#primaryimage\"},\"image\":{\"@id\":\"https:\\\/\\\/www.igt.nl\\\/es\\\/producto\\\/medidor-de-brillo-igt-g60\\\/#primaryimage\"},\"thumbnailUrl\":\"https:\\\/\\\/www.igt.nl\\\/wp-content\\\/uploads\\\/555.060_Gloss-Meter_G60_1-1_vs.jpg\",\"datePublished\":\"2019-03-20T14:47:15+00:00\",\"dateModified\":\"2025-12-17T08:03:26+00:00\",\"description\":\"El Medidor de Brillo IGT G60 es un dispositivo port\u00e1til para medir los valores de brillo bajo un \u00e1ngulo de 60\u00b0. El dispositivo viene con un soporte que incluye una baldosa de calibraci\u00f3n.\",\"breadcrumb\":{\"@id\":\"https:\\\/\\\/www.igt.nl\\\/es\\\/producto\\\/medidor-de-brillo-igt-g60\\\/#breadcrumb\"},\"inLanguage\":\"es\",\"potentialAction\":[{\"@type\":\"ReadAction\",\"target\":[\"https:\\\/\\\/www.igt.nl\\\/es\\\/producto\\\/medidor-de-brillo-igt-g60\\\/\"]}]},{\"@type\":\"ImageObject\",\"inLanguage\":\"es\",\"@id\":\"https:\\\/\\\/www.igt.nl\\\/es\\\/producto\\\/medidor-de-brillo-igt-g60\\\/#primaryimage\",\"url\":\"https:\\\/\\\/www.igt.nl\\\/wp-content\\\/uploads\\\/555.060_Gloss-Meter_G60_1-1_vs.jpg\",\"contentUrl\":\"https:\\\/\\\/www.igt.nl\\\/wp-content\\\/uploads\\\/555.060_Gloss-Meter_G60_1-1_vs.jpg\",\"width\":1200,\"height\":1200},{\"@type\":\"BreadcrumbList\",\"@id\":\"https:\\\/\\\/www.igt.nl\\\/es\\\/producto\\\/medidor-de-brillo-igt-g60\\\/#breadcrumb\",\"itemListElement\":[{\"@type\":\"ListItem\",\"position\":1,\"name\":\"Home\",\"item\":\"https:\\\/\\\/www.igt.nl\\\/es\\\/?page_id=36171\"},{\"@type\":\"ListItem\",\"position\":2,\"name\":\"Tienda\",\"item\":\"https:\\\/\\\/www.igt.nl\\\/es\\\/?page_id=36068\"},{\"@type\":\"ListItem\",\"position\":3,\"name\":\"Accesorios\",\"item\":\"https:\\\/\\\/www.igt.nl\\\/es\\\/product-categorie\\\/accesorios\\\/\"},{\"@type\":\"ListItem\",\"position\":4,\"name\":\"Medidor de brillo IGT G60\"}]},{\"@type\":\"WebSite\",\"@id\":\"https:\\\/\\\/www.igt.nl\\\/es\\\/#website\",\"url\":\"https:\\\/\\\/www.igt.nl\\\/es\\\/\",\"name\":\"IGT Testing Systems\",\"description\":\"\",\"potentialAction\":[{\"@type\":\"SearchAction\",\"target\":{\"@type\":\"EntryPoint\",\"urlTemplate\":\"https:\\\/\\\/www.igt.nl\\\/es\\\/?s={search_term_string}\"},\"query-input\":{\"@type\":\"PropertyValueSpecification\",\"valueRequired\":true,\"valueName\":\"search_term_string\"}}],\"inLanguage\":\"es\"}]}<\/script>\n<!-- \/ Yoast SEO plugin. -->","yoast_head_json":{"title":"Medidor de brillo IGT G60 - IGT Testing Systems","description":"El Medidor de Brillo IGT G60 es un dispositivo port\u00e1til para medir los valores de brillo bajo un \u00e1ngulo de 60\u00b0. El dispositivo viene con un soporte que incluye una baldosa de calibraci\u00f3n.","robots":{"index":"index","follow":"follow","max-snippet":"max-snippet:-1","max-image-preview":"max-image-preview:large","max-video-preview":"max-video-preview:-1"},"canonical":"https:\/\/www.igt.nl\/es\/producto\/medidor-de-brillo-igt-g60\/","og_locale":"es_ES","og_type":"article","og_title":"Medidor de brillo IGT G60 - IGT Testing Systems","og_description":"El Medidor de Brillo IGT G60 es un dispositivo port\u00e1til para medir los valores de brillo bajo un \u00e1ngulo de 60\u00b0. El dispositivo viene con un soporte que incluye una baldosa de calibraci\u00f3n.","og_url":"https:\/\/www.igt.nl\/es\/producto\/medidor-de-brillo-igt-g60\/","og_site_name":"IGT Testing Systems","article_modified_time":"2025-12-17T08:03:26+00:00","og_image":[{"width":1200,"height":1200,"url":"https:\/\/www.igt.nl\/wp-content\/uploads\/555.060_Gloss-Meter_G60_1-1_vs.jpg","type":"image\/jpeg"}],"twitter_card":"summary_large_image","twitter_misc":{"Tiempo de lectura":"1 minuto"},"schema":{"@context":"https:\/\/schema.org","@graph":[{"@type":"WebPage","@id":"https:\/\/www.igt.nl\/es\/producto\/medidor-de-brillo-igt-g60\/","url":"https:\/\/www.igt.nl\/es\/producto\/medidor-de-brillo-igt-g60\/","name":"Medidor de brillo IGT G60 - IGT Testing Systems","isPartOf":{"@id":"https:\/\/www.igt.nl\/es\/#website"},"primaryImageOfPage":{"@id":"https:\/\/www.igt.nl\/es\/producto\/medidor-de-brillo-igt-g60\/#primaryimage"},"image":{"@id":"https:\/\/www.igt.nl\/es\/producto\/medidor-de-brillo-igt-g60\/#primaryimage"},"thumbnailUrl":"https:\/\/www.igt.nl\/wp-content\/uploads\/555.060_Gloss-Meter_G60_1-1_vs.jpg","datePublished":"2019-03-20T14:47:15+00:00","dateModified":"2025-12-17T08:03:26+00:00","description":"El Medidor de Brillo IGT G60 es un dispositivo port\u00e1til para medir los valores de brillo bajo un \u00e1ngulo de 60\u00b0. El dispositivo viene con un soporte que incluye una baldosa de calibraci\u00f3n.","breadcrumb":{"@id":"https:\/\/www.igt.nl\/es\/producto\/medidor-de-brillo-igt-g60\/#breadcrumb"},"inLanguage":"es","potentialAction":[{"@type":"ReadAction","target":["https:\/\/www.igt.nl\/es\/producto\/medidor-de-brillo-igt-g60\/"]}]},{"@type":"ImageObject","inLanguage":"es","@id":"https:\/\/www.igt.nl\/es\/producto\/medidor-de-brillo-igt-g60\/#primaryimage","url":"https:\/\/www.igt.nl\/wp-content\/uploads\/555.060_Gloss-Meter_G60_1-1_vs.jpg","contentUrl":"https:\/\/www.igt.nl\/wp-content\/uploads\/555.060_Gloss-Meter_G60_1-1_vs.jpg","width":1200,"height":1200},{"@type":"BreadcrumbList","@id":"https:\/\/www.igt.nl\/es\/producto\/medidor-de-brillo-igt-g60\/#breadcrumb","itemListElement":[{"@type":"ListItem","position":1,"name":"Home","item":"https:\/\/www.igt.nl\/es\/?page_id=36171"},{"@type":"ListItem","position":2,"name":"Tienda","item":"https:\/\/www.igt.nl\/es\/?page_id=36068"},{"@type":"ListItem","position":3,"name":"Accesorios","item":"https:\/\/www.igt.nl\/es\/product-categorie\/accesorios\/"},{"@type":"ListItem","position":4,"name":"Medidor de brillo IGT G60"}]},{"@type":"WebSite","@id":"https:\/\/www.igt.nl\/es\/#website","url":"https:\/\/www.igt.nl\/es\/","name":"IGT Testing Systems","description":"","potentialAction":[{"@type":"SearchAction","target":{"@type":"EntryPoint","urlTemplate":"https:\/\/www.igt.nl\/es\/?s={search_term_string}"},"query-input":{"@type":"PropertyValueSpecification","valueRequired":true,"valueName":"search_term_string"}}],"inLanguage":"es"}]}},"_links":{"self":[{"href":"https:\/\/www.igt.nl\/es\/wp-json\/wp\/v2\/product\/38489","targetHints":{"allow":["GET"]}}],"collection":[{"href":"https:\/\/www.igt.nl\/es\/wp-json\/wp\/v2\/product"}],"about":[{"href":"https:\/\/www.igt.nl\/es\/wp-json\/wp\/v2\/types\/product"}],"replies":[{"embeddable":true,"href":"https:\/\/www.igt.nl\/es\/wp-json\/wp\/v2\/comments?post=38489"}],"wp:featuredmedia":[{"embeddable":true,"href":"https:\/\/www.igt.nl\/es\/wp-json\/wp\/v2\/media\/38494"}],"wp:attachment":[{"href":"https:\/\/www.igt.nl\/es\/wp-json\/wp\/v2\/media?parent=38489"}],"wp:term":[{"taxonomy":"product_brand","embeddable":true,"href":"https:\/\/www.igt.nl\/es\/wp-json\/wp\/v2\/product_brand?post=38489"},{"taxonomy":"product_cat","embeddable":true,"href":"https:\/\/www.igt.nl\/es\/wp-json\/wp\/v2\/product_cat?post=38489"},{"taxonomy":"product_tag","embeddable":true,"href":"https:\/\/www.igt.nl\/es\/wp-json\/wp\/v2\/product_tag?post=38489"}],"curies":[{"name":"wp","href":"https:\/\/api.w.org\/{rel}","templated":true}]}}