{"id":38517,"date":"2019-03-21T09:54:04","date_gmt":"2019-03-21T09:54:04","guid":{"rendered":"https:\/\/www.igt.nl\/?post_type=product&#038;p=38517"},"modified":"2025-12-17T08:03:22","modified_gmt":"2025-12-17T08:03:22","slug":"conjunto-de-pruebas-humedo-sobre-humedo-para-amsterdam-aic2-5t2000-gst-2","status":"publish","type":"product","link":"https:\/\/www.igt.nl\/es\/producto\/conjunto-de-pruebas-humedo-sobre-humedo-para-amsterdam-aic2-5t2000-gst-2\/","title":{"rendered":"Conjunto de pruebas h\u00famedo sobre h\u00famedo para Amsterdam \/ AIC2-5T2000 \/ GST 2"},"content":{"rendered":"<p>Conjunto de pruebas para pruebas de impresi\u00f3n h\u00famedo sobre h\u00famedo en combinaci\u00f3n con un comprobador de imprimibilidad IGT.<\/p>\n<p>Cuando las tintas se utilizan en m\u00e1quinas de impresi\u00f3n offset multicolor, la segunda pel\u00edcula de tinta se imprime sobre la primera mientras est\u00e1 completamente h\u00fameda. Para ello, las tintas deben ajustarse en pegajosidad y\/o viscosidad. Los sistemas para medir la adherencia y\/o la viscosidad miden sin tener en cuenta la absorci\u00f3n por el papel. En la m\u00e1quina de imprimir, los componentes de la tinta de baja viscosidad penetrar\u00e1n en el papel y la adherencia y viscosidad de la tinta aumentar\u00e1n r\u00e1pidamente, en cuanto la tinta se transfiera al papel. Cuanto m\u00e1s tiempo pase la tinta sobre el papel, mayor ser\u00e1 el aumento de la adhesividad y la viscosidad. El intervalo de tiempo entre impresiones individuales difiere considerablemente en los distintos tipos de imprentas. En la m\u00e1quina de imprimir, estos intervalos de tiempo oscilan entre 0,03 s y 3 s. Si la secuencia de colores no es buena, puede aparecer &#8220;Ink trap mottle&#8221;.<br \/>\nPara ajustar correctamente la tinta para la impresi\u00f3n h\u00famedo sobre h\u00famedo, es imprescindible un comprobador de imprimibilidad que funcione con intervalos de tiempo seleccionables.<br \/>\nPuede utilizarse en combinaci\u00f3n con los siguientes comprobadores de imprimibilidad IGT:       <\/p>\n<ul>\n<li>Amsterdam 1, 2, 5 y 6<\/li>\n<li>AIC2-5T2000<\/li>\n<li>AIC2-5<\/li>\n<li>Comprobador Global Est\u00e1ndar 2<\/li>\n<\/ul>\n<p>Para m\u00e1s informaci\u00f3n, consulta la informaci\u00f3n sobre el m\u00e9todo de ensayo <a href=\"https:\/\/www.igt.nl\/test-methods\/w46-w69-ams\/\">W46<\/a> Impresi\u00f3n h\u00fameda sobre h\u00famedo (caucho 85 shore) y W69 Impresi\u00f3n h\u00fameda sobre h\u00famedo (caucho 65 shore)<\/p>\n","protected":false},"excerpt":{"rendered":"<p>Conjunto de pruebas h\u00famedo sobre h\u00famedo para Amsterdam \/ AIC2-5T2000 \/ GST 2 (W46 y W69)<\/p>\n","protected":false},"featured_media":38519,"comment_status":"closed","ping_status":"closed","template":"","meta":{"_acf_changed":false,"inline_featured_image":false},"product_brand":[],"product_cat":[3934,4418],"product_tag":[],"class_list":{"0":"post-38517","1":"product","2":"type-product","3":"status-publish","4":"has-post-thumbnail","6":"product_cat-accesorios","7":"product_cat-conjuntos-de-pruebas","9":"first","10":"instock","11":"shipping-taxable","12":"purchasable","13":"product-type-simple"},"acf":[],"yoast_head":"<!-- This site is optimized with the Yoast SEO plugin v27.3 - https:\/\/yoast.com\/product\/yoast-seo-wordpress\/ -->\n<title>Conjunto de pruebas h\u00famedo sobre h\u00famedo para Amsterdam \/ AIC2-5T2000 \/ GST 2 - IGT Testing Systems<\/title>\n<meta name=\"description\" content=\"Conjunto de pruebas para las pruebas de impresi\u00f3n h\u00famedo sobre h\u00famedo con trampa de tinta W46 | W69 en combinaci\u00f3n con un comprobador de imprimibilidad IGT.\" \/>\n<meta name=\"robots\" content=\"index, follow, max-snippet:-1, max-image-preview:large, max-video-preview:-1\" \/>\n<link rel=\"canonical\" href=\"https:\/\/www.igt.nl\/es\/producto\/conjunto-de-pruebas-humedo-sobre-humedo-para-amsterdam-aic2-5t2000-gst-2\/\" \/>\n<meta property=\"og:locale\" content=\"es_ES\" \/>\n<meta property=\"og:type\" content=\"article\" \/>\n<meta property=\"og:title\" content=\"Conjunto de pruebas h\u00famedo sobre h\u00famedo para Amsterdam \/ AIC2-5T2000 \/ GST 2 - IGT Testing Systems\" \/>\n<meta property=\"og:description\" content=\"Conjunto de pruebas para las pruebas de impresi\u00f3n h\u00famedo sobre h\u00famedo con trampa de tinta W46 | W69 en combinaci\u00f3n con un comprobador de imprimibilidad IGT.\" \/>\n<meta property=\"og:url\" content=\"https:\/\/www.igt.nl\/es\/producto\/conjunto-de-pruebas-humedo-sobre-humedo-para-amsterdam-aic2-5t2000-gst-2\/\" \/>\n<meta property=\"og:site_name\" content=\"IGT Testing Systems\" \/>\n<meta property=\"article:modified_time\" content=\"2025-12-17T08:03:22+00:00\" \/>\n<meta property=\"og:image\" content=\"https:\/\/www.igt.nl\/wp-content\/uploads\/Nat-in-nat-700x700-1.jpg\" \/>\n\t<meta property=\"og:image:width\" content=\"700\" \/>\n\t<meta property=\"og:image:height\" content=\"700\" \/>\n\t<meta property=\"og:image:type\" content=\"image\/jpeg\" \/>\n<meta name=\"twitter:card\" content=\"summary_large_image\" \/>\n<meta name=\"twitter:label1\" content=\"Tiempo de lectura\" \/>\n\t<meta name=\"twitter:data1\" content=\"1 minuto\" \/>\n<script type=\"application\/ld+json\" class=\"yoast-schema-graph\">{\"@context\":\"https:\\\/\\\/schema.org\",\"@graph\":[{\"@type\":\"WebPage\",\"@id\":\"https:\\\/\\\/www.igt.nl\\\/es\\\/producto\\\/conjunto-de-pruebas-humedo-sobre-humedo-para-amsterdam-aic2-5t2000-gst-2\\\/\",\"url\":\"https:\\\/\\\/www.igt.nl\\\/es\\\/producto\\\/conjunto-de-pruebas-humedo-sobre-humedo-para-amsterdam-aic2-5t2000-gst-2\\\/\",\"name\":\"Conjunto de pruebas h\u00famedo sobre h\u00famedo para Amsterdam \\\/ AIC2-5T2000 \\\/ GST 2 - IGT Testing Systems\",\"isPartOf\":{\"@id\":\"https:\\\/\\\/www.igt.nl\\\/es\\\/#website\"},\"primaryImageOfPage\":{\"@id\":\"https:\\\/\\\/www.igt.nl\\\/es\\\/producto\\\/conjunto-de-pruebas-humedo-sobre-humedo-para-amsterdam-aic2-5t2000-gst-2\\\/#primaryimage\"},\"image\":{\"@id\":\"https:\\\/\\\/www.igt.nl\\\/es\\\/producto\\\/conjunto-de-pruebas-humedo-sobre-humedo-para-amsterdam-aic2-5t2000-gst-2\\\/#primaryimage\"},\"thumbnailUrl\":\"https:\\\/\\\/www.igt.nl\\\/wp-content\\\/uploads\\\/Nat-in-nat-700x700-1.jpg\",\"datePublished\":\"2019-03-21T09:54:04+00:00\",\"dateModified\":\"2025-12-17T08:03:22+00:00\",\"description\":\"Conjunto de pruebas para las pruebas de impresi\u00f3n h\u00famedo sobre h\u00famedo con trampa de tinta W46 | W69 en combinaci\u00f3n con un comprobador de imprimibilidad IGT.\",\"breadcrumb\":{\"@id\":\"https:\\\/\\\/www.igt.nl\\\/es\\\/producto\\\/conjunto-de-pruebas-humedo-sobre-humedo-para-amsterdam-aic2-5t2000-gst-2\\\/#breadcrumb\"},\"inLanguage\":\"es\",\"potentialAction\":[{\"@type\":\"ReadAction\",\"target\":[\"https:\\\/\\\/www.igt.nl\\\/es\\\/producto\\\/conjunto-de-pruebas-humedo-sobre-humedo-para-amsterdam-aic2-5t2000-gst-2\\\/\"]}]},{\"@type\":\"ImageObject\",\"inLanguage\":\"es\",\"@id\":\"https:\\\/\\\/www.igt.nl\\\/es\\\/producto\\\/conjunto-de-pruebas-humedo-sobre-humedo-para-amsterdam-aic2-5t2000-gst-2\\\/#primaryimage\",\"url\":\"https:\\\/\\\/www.igt.nl\\\/wp-content\\\/uploads\\\/Nat-in-nat-700x700-1.jpg\",\"contentUrl\":\"https:\\\/\\\/www.igt.nl\\\/wp-content\\\/uploads\\\/Nat-in-nat-700x700-1.jpg\",\"width\":700,\"height\":700},{\"@type\":\"BreadcrumbList\",\"@id\":\"https:\\\/\\\/www.igt.nl\\\/es\\\/producto\\\/conjunto-de-pruebas-humedo-sobre-humedo-para-amsterdam-aic2-5t2000-gst-2\\\/#breadcrumb\",\"itemListElement\":[{\"@type\":\"ListItem\",\"position\":1,\"name\":\"Home\",\"item\":\"https:\\\/\\\/www.igt.nl\\\/es\\\/?page_id=36171\"},{\"@type\":\"ListItem\",\"position\":2,\"name\":\"Tienda\",\"item\":\"https:\\\/\\\/www.igt.nl\\\/es\\\/?page_id=36068\"},{\"@type\":\"ListItem\",\"position\":3,\"name\":\"Accesorios\",\"item\":\"https:\\\/\\\/www.igt.nl\\\/es\\\/product-categorie\\\/accesorios\\\/\"},{\"@type\":\"ListItem\",\"position\":4,\"name\":\"Conjunto de pruebas h\u00famedo sobre h\u00famedo para Amsterdam \\\/ AIC2-5T2000 \\\/ GST 2\"}]},{\"@type\":\"WebSite\",\"@id\":\"https:\\\/\\\/www.igt.nl\\\/es\\\/#website\",\"url\":\"https:\\\/\\\/www.igt.nl\\\/es\\\/\",\"name\":\"IGT Testing Systems\",\"description\":\"\",\"potentialAction\":[{\"@type\":\"SearchAction\",\"target\":{\"@type\":\"EntryPoint\",\"urlTemplate\":\"https:\\\/\\\/www.igt.nl\\\/es\\\/?s={search_term_string}\"},\"query-input\":{\"@type\":\"PropertyValueSpecification\",\"valueRequired\":true,\"valueName\":\"search_term_string\"}}],\"inLanguage\":\"es\"}]}<\/script>\n<!-- \/ Yoast SEO plugin. -->","yoast_head_json":{"title":"Conjunto de pruebas h\u00famedo sobre h\u00famedo para Amsterdam \/ AIC2-5T2000 \/ GST 2 - IGT Testing Systems","description":"Conjunto de pruebas para las pruebas de impresi\u00f3n h\u00famedo sobre h\u00famedo con trampa de tinta W46 | W69 en combinaci\u00f3n con un comprobador de imprimibilidad IGT.","robots":{"index":"index","follow":"follow","max-snippet":"max-snippet:-1","max-image-preview":"max-image-preview:large","max-video-preview":"max-video-preview:-1"},"canonical":"https:\/\/www.igt.nl\/es\/producto\/conjunto-de-pruebas-humedo-sobre-humedo-para-amsterdam-aic2-5t2000-gst-2\/","og_locale":"es_ES","og_type":"article","og_title":"Conjunto de pruebas h\u00famedo sobre h\u00famedo para Amsterdam \/ AIC2-5T2000 \/ GST 2 - IGT Testing Systems","og_description":"Conjunto de pruebas para las pruebas de impresi\u00f3n h\u00famedo sobre h\u00famedo con trampa de tinta W46 | W69 en combinaci\u00f3n con un comprobador de imprimibilidad IGT.","og_url":"https:\/\/www.igt.nl\/es\/producto\/conjunto-de-pruebas-humedo-sobre-humedo-para-amsterdam-aic2-5t2000-gst-2\/","og_site_name":"IGT Testing Systems","article_modified_time":"2025-12-17T08:03:22+00:00","og_image":[{"width":700,"height":700,"url":"https:\/\/www.igt.nl\/wp-content\/uploads\/Nat-in-nat-700x700-1.jpg","type":"image\/jpeg"}],"twitter_card":"summary_large_image","twitter_misc":{"Tiempo de lectura":"1 minuto"},"schema":{"@context":"https:\/\/schema.org","@graph":[{"@type":"WebPage","@id":"https:\/\/www.igt.nl\/es\/producto\/conjunto-de-pruebas-humedo-sobre-humedo-para-amsterdam-aic2-5t2000-gst-2\/","url":"https:\/\/www.igt.nl\/es\/producto\/conjunto-de-pruebas-humedo-sobre-humedo-para-amsterdam-aic2-5t2000-gst-2\/","name":"Conjunto de pruebas h\u00famedo sobre h\u00famedo para Amsterdam \/ AIC2-5T2000 \/ GST 2 - IGT Testing Systems","isPartOf":{"@id":"https:\/\/www.igt.nl\/es\/#website"},"primaryImageOfPage":{"@id":"https:\/\/www.igt.nl\/es\/producto\/conjunto-de-pruebas-humedo-sobre-humedo-para-amsterdam-aic2-5t2000-gst-2\/#primaryimage"},"image":{"@id":"https:\/\/www.igt.nl\/es\/producto\/conjunto-de-pruebas-humedo-sobre-humedo-para-amsterdam-aic2-5t2000-gst-2\/#primaryimage"},"thumbnailUrl":"https:\/\/www.igt.nl\/wp-content\/uploads\/Nat-in-nat-700x700-1.jpg","datePublished":"2019-03-21T09:54:04+00:00","dateModified":"2025-12-17T08:03:22+00:00","description":"Conjunto de pruebas para las pruebas de impresi\u00f3n h\u00famedo sobre h\u00famedo con trampa de tinta W46 | W69 en combinaci\u00f3n con un comprobador de imprimibilidad IGT.","breadcrumb":{"@id":"https:\/\/www.igt.nl\/es\/producto\/conjunto-de-pruebas-humedo-sobre-humedo-para-amsterdam-aic2-5t2000-gst-2\/#breadcrumb"},"inLanguage":"es","potentialAction":[{"@type":"ReadAction","target":["https:\/\/www.igt.nl\/es\/producto\/conjunto-de-pruebas-humedo-sobre-humedo-para-amsterdam-aic2-5t2000-gst-2\/"]}]},{"@type":"ImageObject","inLanguage":"es","@id":"https:\/\/www.igt.nl\/es\/producto\/conjunto-de-pruebas-humedo-sobre-humedo-para-amsterdam-aic2-5t2000-gst-2\/#primaryimage","url":"https:\/\/www.igt.nl\/wp-content\/uploads\/Nat-in-nat-700x700-1.jpg","contentUrl":"https:\/\/www.igt.nl\/wp-content\/uploads\/Nat-in-nat-700x700-1.jpg","width":700,"height":700},{"@type":"BreadcrumbList","@id":"https:\/\/www.igt.nl\/es\/producto\/conjunto-de-pruebas-humedo-sobre-humedo-para-amsterdam-aic2-5t2000-gst-2\/#breadcrumb","itemListElement":[{"@type":"ListItem","position":1,"name":"Home","item":"https:\/\/www.igt.nl\/es\/?page_id=36171"},{"@type":"ListItem","position":2,"name":"Tienda","item":"https:\/\/www.igt.nl\/es\/?page_id=36068"},{"@type":"ListItem","position":3,"name":"Accesorios","item":"https:\/\/www.igt.nl\/es\/product-categorie\/accesorios\/"},{"@type":"ListItem","position":4,"name":"Conjunto de pruebas h\u00famedo sobre h\u00famedo para Amsterdam \/ AIC2-5T2000 \/ GST 2"}]},{"@type":"WebSite","@id":"https:\/\/www.igt.nl\/es\/#website","url":"https:\/\/www.igt.nl\/es\/","name":"IGT Testing Systems","description":"","potentialAction":[{"@type":"SearchAction","target":{"@type":"EntryPoint","urlTemplate":"https:\/\/www.igt.nl\/es\/?s={search_term_string}"},"query-input":{"@type":"PropertyValueSpecification","valueRequired":true,"valueName":"search_term_string"}}],"inLanguage":"es"}]}},"_links":{"self":[{"href":"https:\/\/www.igt.nl\/es\/wp-json\/wp\/v2\/product\/38517","targetHints":{"allow":["GET"]}}],"collection":[{"href":"https:\/\/www.igt.nl\/es\/wp-json\/wp\/v2\/product"}],"about":[{"href":"https:\/\/www.igt.nl\/es\/wp-json\/wp\/v2\/types\/product"}],"replies":[{"embeddable":true,"href":"https:\/\/www.igt.nl\/es\/wp-json\/wp\/v2\/comments?post=38517"}],"wp:featuredmedia":[{"embeddable":true,"href":"https:\/\/www.igt.nl\/es\/wp-json\/wp\/v2\/media\/38519"}],"wp:attachment":[{"href":"https:\/\/www.igt.nl\/es\/wp-json\/wp\/v2\/media?parent=38517"}],"wp:term":[{"taxonomy":"product_brand","embeddable":true,"href":"https:\/\/www.igt.nl\/es\/wp-json\/wp\/v2\/product_brand?post=38517"},{"taxonomy":"product_cat","embeddable":true,"href":"https:\/\/www.igt.nl\/es\/wp-json\/wp\/v2\/product_cat?post=38517"},{"taxonomy":"product_tag","embeddable":true,"href":"https:\/\/www.igt.nl\/es\/wp-json\/wp\/v2\/product_tag?post=38517"}],"curies":[{"name":"wp","href":"https:\/\/api.w.org\/{rel}","templated":true}]}}