{"id":38532,"date":"2019-03-21T10:01:03","date_gmt":"2019-03-21T10:01:03","guid":{"rendered":"https:\/\/www.igt.nl\/?post_type=product&#038;p=38532"},"modified":"2025-12-17T08:03:22","modified_gmt":"2025-12-17T08:03:22","slug":"conjunto-de-pruebas-de-pick-humedo-repelencia-humeda-para-aic2-5","status":"publish","type":"product","link":"https:\/\/www.igt.nl\/es\/producto\/conjunto-de-pruebas-de-pick-humedo-repelencia-humeda-para-aic2-5\/","title":{"rendered":"Conjunto de pruebas de Pick H\u00famedo \/ Repelencia H\u00fameda para AIC2-5"},"content":{"rendered":"<p>Conjunto de pruebas para realizar pruebas de amortiguaci\u00f3n con un comprobador de imprimibilidad IGT.<\/p>\n<p>En la impresi\u00f3n offset, el hecho de que tanto el agua como la tinta se transfieran al papel puede dar lugar a complicaciones. Especialmente en el proceso de impresi\u00f3n, en el que el papel se humedece varias veces, el agua puede afectar a la transferencia de tinta porque cambia la estructura superficial del papel. Por ejemplo, es posible que el agua debilite la superficie del papel hasta tal punto que las part\u00edculas de papel sean arrancadas de la superficie por la adherencia de la tinta. Este fen\u00f3meno se conoce como arranque en h\u00famedo. Otro posible efecto del agua es que el papel no acepte la tinta porque hay una pel\u00edcula de agua en su superficie. Esto se denomina repelencia a la humedad.     <\/p>\n<p>Puede utilizarse en combinaci\u00f3n con los siguientes comprobadores de imprimibilidad IGT:<\/p>\n<ul>\n<li>Amsterdam 2, 5 y 6<\/li>\n<li>AIC2-5T2000<\/li>\n<li>AIC2-5<\/li>\n<li>Comprobador Global Est\u00e1ndar 2<\/li>\n<\/ul>\n<p>Para m\u00e1s informaci\u00f3n, consulta la informaci\u00f3n sobre el m\u00e9todo de ensayo W32 Recogida en h\u00famedo\/repelencia (caucho 85 Shore) y W66 Recogida en h\u00famedo\/repelencia (caucho 65 Shore)<\/p>\n","protected":false},"excerpt":{"rendered":"<p>Conjunto de pruebas de Pick H\u00famedo \/ Repelencia H\u00fameda para AIC2-5 (W32 y E66)<\/p>\n","protected":false},"featured_media":38535,"comment_status":"closed","ping_status":"closed","template":"","meta":{"_acf_changed":false,"inline_featured_image":false},"product_brand":[],"product_cat":[3934,4418],"product_tag":[],"class_list":{"0":"post-38532","1":"product","2":"type-product","3":"status-publish","4":"has-post-thumbnail","6":"product_cat-accesorios","7":"product_cat-conjuntos-de-pruebas","9":"first","10":"instock","11":"shipping-taxable","12":"purchasable","13":"product-type-simple"},"acf":[],"yoast_head":"<!-- This site is optimized with the Yoast SEO plugin v27.3 - https:\/\/yoast.com\/product\/yoast-seo-wordpress\/ -->\n<title>Conjunto de pruebas de Pick H\u00famedo \/ Repelencia H\u00fameda para AIC2-5 - IGT Testing Systems<\/title>\n<meta name=\"robots\" content=\"index, follow, max-snippet:-1, max-image-preview:large, max-video-preview:-1\" \/>\n<link rel=\"canonical\" href=\"https:\/\/www.igt.nl\/es\/producto\/conjunto-de-pruebas-de-pick-humedo-repelencia-humeda-para-aic2-5\/\" \/>\n<meta property=\"og:locale\" content=\"es_ES\" \/>\n<meta property=\"og:type\" content=\"article\" \/>\n<meta property=\"og:title\" content=\"Conjunto de pruebas de Pick H\u00famedo \/ Repelencia H\u00fameda para AIC2-5 - IGT Testing Systems\" \/>\n<meta property=\"og:description\" content=\"Conjunto de pruebas de Pick H\u00famedo \/ Repelencia H\u00fameda para AIC2-5 (W32 y E66)\" \/>\n<meta property=\"og:url\" content=\"https:\/\/www.igt.nl\/es\/producto\/conjunto-de-pruebas-de-pick-humedo-repelencia-humeda-para-aic2-5\/\" \/>\n<meta property=\"og:site_name\" content=\"IGT Testing Systems\" \/>\n<meta property=\"article:modified_time\" content=\"2025-12-17T08:03:22+00:00\" \/>\n<meta property=\"og:image\" content=\"https:\/\/www.igt.nl\/wp-content\/uploads\/Vochtpluk-700x700-e1636252895730.jpg\" \/>\n\t<meta property=\"og:image:width\" content=\"500\" \/>\n\t<meta property=\"og:image:height\" content=\"500\" \/>\n\t<meta property=\"og:image:type\" content=\"image\/jpeg\" \/>\n<meta name=\"twitter:card\" content=\"summary_large_image\" \/>\n<meta name=\"twitter:label1\" content=\"Tiempo de lectura\" \/>\n\t<meta name=\"twitter:data1\" content=\"1 minuto\" \/>\n<script type=\"application\/ld+json\" class=\"yoast-schema-graph\">{\"@context\":\"https:\\\/\\\/schema.org\",\"@graph\":[{\"@type\":\"WebPage\",\"@id\":\"https:\\\/\\\/www.igt.nl\\\/es\\\/producto\\\/conjunto-de-pruebas-de-pick-humedo-repelencia-humeda-para-aic2-5\\\/\",\"url\":\"https:\\\/\\\/www.igt.nl\\\/es\\\/producto\\\/conjunto-de-pruebas-de-pick-humedo-repelencia-humeda-para-aic2-5\\\/\",\"name\":\"Conjunto de pruebas de Pick H\u00famedo \\\/ Repelencia H\u00fameda para AIC2-5 - IGT Testing Systems\",\"isPartOf\":{\"@id\":\"https:\\\/\\\/www.igt.nl\\\/es\\\/#website\"},\"primaryImageOfPage\":{\"@id\":\"https:\\\/\\\/www.igt.nl\\\/es\\\/producto\\\/conjunto-de-pruebas-de-pick-humedo-repelencia-humeda-para-aic2-5\\\/#primaryimage\"},\"image\":{\"@id\":\"https:\\\/\\\/www.igt.nl\\\/es\\\/producto\\\/conjunto-de-pruebas-de-pick-humedo-repelencia-humeda-para-aic2-5\\\/#primaryimage\"},\"thumbnailUrl\":\"https:\\\/\\\/www.igt.nl\\\/wp-content\\\/uploads\\\/Vochtpluk-700x700-e1636252895730.jpg\",\"datePublished\":\"2019-03-21T10:01:03+00:00\",\"dateModified\":\"2025-12-17T08:03:22+00:00\",\"breadcrumb\":{\"@id\":\"https:\\\/\\\/www.igt.nl\\\/es\\\/producto\\\/conjunto-de-pruebas-de-pick-humedo-repelencia-humeda-para-aic2-5\\\/#breadcrumb\"},\"inLanguage\":\"es\",\"potentialAction\":[{\"@type\":\"ReadAction\",\"target\":[\"https:\\\/\\\/www.igt.nl\\\/es\\\/producto\\\/conjunto-de-pruebas-de-pick-humedo-repelencia-humeda-para-aic2-5\\\/\"]}]},{\"@type\":\"ImageObject\",\"inLanguage\":\"es\",\"@id\":\"https:\\\/\\\/www.igt.nl\\\/es\\\/producto\\\/conjunto-de-pruebas-de-pick-humedo-repelencia-humeda-para-aic2-5\\\/#primaryimage\",\"url\":\"https:\\\/\\\/www.igt.nl\\\/wp-content\\\/uploads\\\/Vochtpluk-700x700-e1636252895730.jpg\",\"contentUrl\":\"https:\\\/\\\/www.igt.nl\\\/wp-content\\\/uploads\\\/Vochtpluk-700x700-e1636252895730.jpg\",\"width\":500,\"height\":500},{\"@type\":\"BreadcrumbList\",\"@id\":\"https:\\\/\\\/www.igt.nl\\\/es\\\/producto\\\/conjunto-de-pruebas-de-pick-humedo-repelencia-humeda-para-aic2-5\\\/#breadcrumb\",\"itemListElement\":[{\"@type\":\"ListItem\",\"position\":1,\"name\":\"Home\",\"item\":\"https:\\\/\\\/www.igt.nl\\\/es\\\/?page_id=36171\"},{\"@type\":\"ListItem\",\"position\":2,\"name\":\"Tienda\",\"item\":\"https:\\\/\\\/www.igt.nl\\\/es\\\/?page_id=36068\"},{\"@type\":\"ListItem\",\"position\":3,\"name\":\"Accesorios\",\"item\":\"https:\\\/\\\/www.igt.nl\\\/es\\\/product-categorie\\\/accesorios\\\/\"},{\"@type\":\"ListItem\",\"position\":4,\"name\":\"Conjunto de pruebas de Pick H\u00famedo \\\/ Repelencia H\u00fameda para AIC2-5\"}]},{\"@type\":\"WebSite\",\"@id\":\"https:\\\/\\\/www.igt.nl\\\/es\\\/#website\",\"url\":\"https:\\\/\\\/www.igt.nl\\\/es\\\/\",\"name\":\"IGT Testing Systems\",\"description\":\"\",\"potentialAction\":[{\"@type\":\"SearchAction\",\"target\":{\"@type\":\"EntryPoint\",\"urlTemplate\":\"https:\\\/\\\/www.igt.nl\\\/es\\\/?s={search_term_string}\"},\"query-input\":{\"@type\":\"PropertyValueSpecification\",\"valueRequired\":true,\"valueName\":\"search_term_string\"}}],\"inLanguage\":\"es\"}]}<\/script>\n<!-- \/ Yoast SEO plugin. -->","yoast_head_json":{"title":"Conjunto de pruebas de Pick H\u00famedo \/ Repelencia H\u00fameda para AIC2-5 - IGT Testing Systems","robots":{"index":"index","follow":"follow","max-snippet":"max-snippet:-1","max-image-preview":"max-image-preview:large","max-video-preview":"max-video-preview:-1"},"canonical":"https:\/\/www.igt.nl\/es\/producto\/conjunto-de-pruebas-de-pick-humedo-repelencia-humeda-para-aic2-5\/","og_locale":"es_ES","og_type":"article","og_title":"Conjunto de pruebas de Pick H\u00famedo \/ Repelencia H\u00fameda para AIC2-5 - IGT Testing Systems","og_description":"Conjunto de pruebas de Pick H\u00famedo \/ Repelencia H\u00fameda para AIC2-5 (W32 y E66)","og_url":"https:\/\/www.igt.nl\/es\/producto\/conjunto-de-pruebas-de-pick-humedo-repelencia-humeda-para-aic2-5\/","og_site_name":"IGT Testing Systems","article_modified_time":"2025-12-17T08:03:22+00:00","og_image":[{"width":500,"height":500,"url":"https:\/\/www.igt.nl\/wp-content\/uploads\/Vochtpluk-700x700-e1636252895730.jpg","type":"image\/jpeg"}],"twitter_card":"summary_large_image","twitter_misc":{"Tiempo de lectura":"1 minuto"},"schema":{"@context":"https:\/\/schema.org","@graph":[{"@type":"WebPage","@id":"https:\/\/www.igt.nl\/es\/producto\/conjunto-de-pruebas-de-pick-humedo-repelencia-humeda-para-aic2-5\/","url":"https:\/\/www.igt.nl\/es\/producto\/conjunto-de-pruebas-de-pick-humedo-repelencia-humeda-para-aic2-5\/","name":"Conjunto de pruebas de Pick H\u00famedo \/ Repelencia H\u00fameda para AIC2-5 - IGT Testing Systems","isPartOf":{"@id":"https:\/\/www.igt.nl\/es\/#website"},"primaryImageOfPage":{"@id":"https:\/\/www.igt.nl\/es\/producto\/conjunto-de-pruebas-de-pick-humedo-repelencia-humeda-para-aic2-5\/#primaryimage"},"image":{"@id":"https:\/\/www.igt.nl\/es\/producto\/conjunto-de-pruebas-de-pick-humedo-repelencia-humeda-para-aic2-5\/#primaryimage"},"thumbnailUrl":"https:\/\/www.igt.nl\/wp-content\/uploads\/Vochtpluk-700x700-e1636252895730.jpg","datePublished":"2019-03-21T10:01:03+00:00","dateModified":"2025-12-17T08:03:22+00:00","breadcrumb":{"@id":"https:\/\/www.igt.nl\/es\/producto\/conjunto-de-pruebas-de-pick-humedo-repelencia-humeda-para-aic2-5\/#breadcrumb"},"inLanguage":"es","potentialAction":[{"@type":"ReadAction","target":["https:\/\/www.igt.nl\/es\/producto\/conjunto-de-pruebas-de-pick-humedo-repelencia-humeda-para-aic2-5\/"]}]},{"@type":"ImageObject","inLanguage":"es","@id":"https:\/\/www.igt.nl\/es\/producto\/conjunto-de-pruebas-de-pick-humedo-repelencia-humeda-para-aic2-5\/#primaryimage","url":"https:\/\/www.igt.nl\/wp-content\/uploads\/Vochtpluk-700x700-e1636252895730.jpg","contentUrl":"https:\/\/www.igt.nl\/wp-content\/uploads\/Vochtpluk-700x700-e1636252895730.jpg","width":500,"height":500},{"@type":"BreadcrumbList","@id":"https:\/\/www.igt.nl\/es\/producto\/conjunto-de-pruebas-de-pick-humedo-repelencia-humeda-para-aic2-5\/#breadcrumb","itemListElement":[{"@type":"ListItem","position":1,"name":"Home","item":"https:\/\/www.igt.nl\/es\/?page_id=36171"},{"@type":"ListItem","position":2,"name":"Tienda","item":"https:\/\/www.igt.nl\/es\/?page_id=36068"},{"@type":"ListItem","position":3,"name":"Accesorios","item":"https:\/\/www.igt.nl\/es\/product-categorie\/accesorios\/"},{"@type":"ListItem","position":4,"name":"Conjunto de pruebas de Pick H\u00famedo \/ Repelencia H\u00fameda para AIC2-5"}]},{"@type":"WebSite","@id":"https:\/\/www.igt.nl\/es\/#website","url":"https:\/\/www.igt.nl\/es\/","name":"IGT Testing Systems","description":"","potentialAction":[{"@type":"SearchAction","target":{"@type":"EntryPoint","urlTemplate":"https:\/\/www.igt.nl\/es\/?s={search_term_string}"},"query-input":{"@type":"PropertyValueSpecification","valueRequired":true,"valueName":"search_term_string"}}],"inLanguage":"es"}]}},"_links":{"self":[{"href":"https:\/\/www.igt.nl\/es\/wp-json\/wp\/v2\/product\/38532","targetHints":{"allow":["GET"]}}],"collection":[{"href":"https:\/\/www.igt.nl\/es\/wp-json\/wp\/v2\/product"}],"about":[{"href":"https:\/\/www.igt.nl\/es\/wp-json\/wp\/v2\/types\/product"}],"replies":[{"embeddable":true,"href":"https:\/\/www.igt.nl\/es\/wp-json\/wp\/v2\/comments?post=38532"}],"wp:featuredmedia":[{"embeddable":true,"href":"https:\/\/www.igt.nl\/es\/wp-json\/wp\/v2\/media\/38535"}],"wp:attachment":[{"href":"https:\/\/www.igt.nl\/es\/wp-json\/wp\/v2\/media?parent=38532"}],"wp:term":[{"taxonomy":"product_brand","embeddable":true,"href":"https:\/\/www.igt.nl\/es\/wp-json\/wp\/v2\/product_brand?post=38532"},{"taxonomy":"product_cat","embeddable":true,"href":"https:\/\/www.igt.nl\/es\/wp-json\/wp\/v2\/product_cat?post=38532"},{"taxonomy":"product_tag","embeddable":true,"href":"https:\/\/www.igt.nl\/es\/wp-json\/wp\/v2\/product_tag?post=38532"}],"curies":[{"name":"wp","href":"https:\/\/api.w.org\/{rel}","templated":true}]}}