{"id":38546,"date":"2019-03-21T10:17:49","date_gmt":"2019-03-21T10:17:49","guid":{"rendered":"https:\/\/www.igt.nl\/?post_type=product&#038;p=38546"},"modified":"2025-12-17T08:03:19","modified_gmt":"2025-12-17T08:03:19","slug":"conjunto-de-pruebas-de-rugosidad-igt-para-gst1-1w","status":"publish","type":"product","link":"https:\/\/www.igt.nl\/es\/producto\/conjunto-de-pruebas-de-rugosidad-igt-para-gst1-1w\/","title":{"rendered":"Conjunto de pruebas de rugosidad (IGT) para GST1 \/ 1W"},"content":{"rendered":"<p>Accesorio para realizar pruebas de Rugosidad IGT en el Comprobador Global Standard 1 o 1W.<\/p>\n<p>Hay muchos factores que determinan la calidad final de la impresi\u00f3n. Entre ellos, la rugosidad, o mejor dicho, el grado de suavidad es uno de los m\u00e1s importantes. Existen muchos m\u00e9todos y dispositivos para determinar la rugosidad, sin embargo, todos tienen sus limitaciones. La determinaci\u00f3n mediante este m\u00e9todo de la rugosidad es un m\u00e9todo din\u00e1mico, que se ejecuta manteniendo lo m\u00e1s cerca posible las condiciones del proceso de impresi\u00f3n.   <\/p>\n<p>La prueba se ejecutar\u00e1 en los siguientes comprobadores de imprimibilidad IGT:<\/p>\n<ul>\n<li>Amsterdam 1, 2 , 5 y 6<\/li>\n<li>AIC2-5T2000<\/li>\n<li>AIC2-5<\/li>\n<li>Comprobador Global Est\u00e1ndar 1 y 1W<\/li>\n<\/ul>\n<p>Para m\u00e1s informaci\u00f3n, consulta la informaci\u00f3n sobre el m\u00e9todo de ensayo W28 Rugosidad IGT<\/p>\n","protected":false},"excerpt":{"rendered":"<p>Conjunto de pruebas de rugosidad (IGT) para GST1 \/ 1W (W28)<\/p>\n","protected":false},"featured_media":38548,"comment_status":"closed","ping_status":"closed","template":"","meta":{"_acf_changed":false,"inline_featured_image":false},"product_brand":[],"product_cat":[3934,4418],"product_tag":[],"class_list":{"0":"post-38546","1":"product","2":"type-product","3":"status-publish","4":"has-post-thumbnail","6":"product_cat-accesorios","7":"product_cat-conjuntos-de-pruebas","9":"first","10":"instock","11":"shipping-taxable","12":"purchasable","13":"product-type-simple"},"acf":[],"yoast_head":"<!-- This site is optimized with the Yoast SEO plugin v27.3 - https:\/\/yoast.com\/product\/yoast-seo-wordpress\/ -->\n<title>Conjunto de pruebas de rugosidad (IGT) para GST1 \/ 1W - IGT Testing Systems<\/title>\n<meta name=\"robots\" content=\"index, follow, max-snippet:-1, max-image-preview:large, max-video-preview:-1\" \/>\n<link rel=\"canonical\" href=\"https:\/\/www.igt.nl\/es\/producto\/conjunto-de-pruebas-de-rugosidad-igt-para-gst1-1w\/\" \/>\n<meta property=\"og:locale\" content=\"es_ES\" \/>\n<meta property=\"og:type\" content=\"article\" \/>\n<meta property=\"og:title\" content=\"Conjunto de pruebas de rugosidad (IGT) para GST1 \/ 1W - IGT Testing Systems\" \/>\n<meta property=\"og:description\" content=\"Conjunto de pruebas de rugosidad (IGT) para GST1 \/ 1W (W28)\" \/>\n<meta property=\"og:url\" content=\"https:\/\/www.igt.nl\/es\/producto\/conjunto-de-pruebas-de-rugosidad-igt-para-gst1-1w\/\" \/>\n<meta property=\"og:site_name\" content=\"IGT Testing Systems\" \/>\n<meta property=\"article:modified_time\" content=\"2025-12-17T08:03:19+00:00\" \/>\n<meta property=\"og:image\" content=\"https:\/\/www.igt.nl\/wp-content\/uploads\/Ruwheid-GST-700x700-1.jpg\" \/>\n\t<meta property=\"og:image:width\" content=\"700\" \/>\n\t<meta property=\"og:image:height\" content=\"700\" \/>\n\t<meta property=\"og:image:type\" content=\"image\/jpeg\" \/>\n<meta name=\"twitter:card\" content=\"summary_large_image\" \/>\n<meta name=\"twitter:label1\" content=\"Tiempo de lectura\" \/>\n\t<meta name=\"twitter:data1\" content=\"1 minuto\" \/>\n<script type=\"application\/ld+json\" class=\"yoast-schema-graph\">{\"@context\":\"https:\\\/\\\/schema.org\",\"@graph\":[{\"@type\":\"WebPage\",\"@id\":\"https:\\\/\\\/www.igt.nl\\\/es\\\/producto\\\/conjunto-de-pruebas-de-rugosidad-igt-para-gst1-1w\\\/\",\"url\":\"https:\\\/\\\/www.igt.nl\\\/es\\\/producto\\\/conjunto-de-pruebas-de-rugosidad-igt-para-gst1-1w\\\/\",\"name\":\"Conjunto de pruebas de rugosidad (IGT) para GST1 \\\/ 1W - IGT Testing Systems\",\"isPartOf\":{\"@id\":\"https:\\\/\\\/www.igt.nl\\\/es\\\/#website\"},\"primaryImageOfPage\":{\"@id\":\"https:\\\/\\\/www.igt.nl\\\/es\\\/producto\\\/conjunto-de-pruebas-de-rugosidad-igt-para-gst1-1w\\\/#primaryimage\"},\"image\":{\"@id\":\"https:\\\/\\\/www.igt.nl\\\/es\\\/producto\\\/conjunto-de-pruebas-de-rugosidad-igt-para-gst1-1w\\\/#primaryimage\"},\"thumbnailUrl\":\"https:\\\/\\\/www.igt.nl\\\/wp-content\\\/uploads\\\/Ruwheid-GST-700x700-1.jpg\",\"datePublished\":\"2019-03-21T10:17:49+00:00\",\"dateModified\":\"2025-12-17T08:03:19+00:00\",\"breadcrumb\":{\"@id\":\"https:\\\/\\\/www.igt.nl\\\/es\\\/producto\\\/conjunto-de-pruebas-de-rugosidad-igt-para-gst1-1w\\\/#breadcrumb\"},\"inLanguage\":\"es\",\"potentialAction\":[{\"@type\":\"ReadAction\",\"target\":[\"https:\\\/\\\/www.igt.nl\\\/es\\\/producto\\\/conjunto-de-pruebas-de-rugosidad-igt-para-gst1-1w\\\/\"]}]},{\"@type\":\"ImageObject\",\"inLanguage\":\"es\",\"@id\":\"https:\\\/\\\/www.igt.nl\\\/es\\\/producto\\\/conjunto-de-pruebas-de-rugosidad-igt-para-gst1-1w\\\/#primaryimage\",\"url\":\"https:\\\/\\\/www.igt.nl\\\/wp-content\\\/uploads\\\/Ruwheid-GST-700x700-1.jpg\",\"contentUrl\":\"https:\\\/\\\/www.igt.nl\\\/wp-content\\\/uploads\\\/Ruwheid-GST-700x700-1.jpg\",\"width\":700,\"height\":700},{\"@type\":\"BreadcrumbList\",\"@id\":\"https:\\\/\\\/www.igt.nl\\\/es\\\/producto\\\/conjunto-de-pruebas-de-rugosidad-igt-para-gst1-1w\\\/#breadcrumb\",\"itemListElement\":[{\"@type\":\"ListItem\",\"position\":1,\"name\":\"Home\",\"item\":\"https:\\\/\\\/www.igt.nl\\\/es\\\/?page_id=36171\"},{\"@type\":\"ListItem\",\"position\":2,\"name\":\"Tienda\",\"item\":\"https:\\\/\\\/www.igt.nl\\\/es\\\/?page_id=36068\"},{\"@type\":\"ListItem\",\"position\":3,\"name\":\"Accesorios\",\"item\":\"https:\\\/\\\/www.igt.nl\\\/es\\\/product-categorie\\\/accesorios\\\/\"},{\"@type\":\"ListItem\",\"position\":4,\"name\":\"Conjunto de pruebas de rugosidad (IGT) para GST1 \\\/ 1W\"}]},{\"@type\":\"WebSite\",\"@id\":\"https:\\\/\\\/www.igt.nl\\\/es\\\/#website\",\"url\":\"https:\\\/\\\/www.igt.nl\\\/es\\\/\",\"name\":\"IGT Testing Systems\",\"description\":\"\",\"potentialAction\":[{\"@type\":\"SearchAction\",\"target\":{\"@type\":\"EntryPoint\",\"urlTemplate\":\"https:\\\/\\\/www.igt.nl\\\/es\\\/?s={search_term_string}\"},\"query-input\":{\"@type\":\"PropertyValueSpecification\",\"valueRequired\":true,\"valueName\":\"search_term_string\"}}],\"inLanguage\":\"es\"}]}<\/script>\n<!-- \/ Yoast SEO plugin. -->","yoast_head_json":{"title":"Conjunto de pruebas de rugosidad (IGT) para GST1 \/ 1W - IGT Testing Systems","robots":{"index":"index","follow":"follow","max-snippet":"max-snippet:-1","max-image-preview":"max-image-preview:large","max-video-preview":"max-video-preview:-1"},"canonical":"https:\/\/www.igt.nl\/es\/producto\/conjunto-de-pruebas-de-rugosidad-igt-para-gst1-1w\/","og_locale":"es_ES","og_type":"article","og_title":"Conjunto de pruebas de rugosidad (IGT) para GST1 \/ 1W - IGT Testing Systems","og_description":"Conjunto de pruebas de rugosidad (IGT) para GST1 \/ 1W (W28)","og_url":"https:\/\/www.igt.nl\/es\/producto\/conjunto-de-pruebas-de-rugosidad-igt-para-gst1-1w\/","og_site_name":"IGT Testing Systems","article_modified_time":"2025-12-17T08:03:19+00:00","og_image":[{"width":700,"height":700,"url":"https:\/\/www.igt.nl\/wp-content\/uploads\/Ruwheid-GST-700x700-1.jpg","type":"image\/jpeg"}],"twitter_card":"summary_large_image","twitter_misc":{"Tiempo de lectura":"1 minuto"},"schema":{"@context":"https:\/\/schema.org","@graph":[{"@type":"WebPage","@id":"https:\/\/www.igt.nl\/es\/producto\/conjunto-de-pruebas-de-rugosidad-igt-para-gst1-1w\/","url":"https:\/\/www.igt.nl\/es\/producto\/conjunto-de-pruebas-de-rugosidad-igt-para-gst1-1w\/","name":"Conjunto de pruebas de rugosidad (IGT) para GST1 \/ 1W - IGT Testing Systems","isPartOf":{"@id":"https:\/\/www.igt.nl\/es\/#website"},"primaryImageOfPage":{"@id":"https:\/\/www.igt.nl\/es\/producto\/conjunto-de-pruebas-de-rugosidad-igt-para-gst1-1w\/#primaryimage"},"image":{"@id":"https:\/\/www.igt.nl\/es\/producto\/conjunto-de-pruebas-de-rugosidad-igt-para-gst1-1w\/#primaryimage"},"thumbnailUrl":"https:\/\/www.igt.nl\/wp-content\/uploads\/Ruwheid-GST-700x700-1.jpg","datePublished":"2019-03-21T10:17:49+00:00","dateModified":"2025-12-17T08:03:19+00:00","breadcrumb":{"@id":"https:\/\/www.igt.nl\/es\/producto\/conjunto-de-pruebas-de-rugosidad-igt-para-gst1-1w\/#breadcrumb"},"inLanguage":"es","potentialAction":[{"@type":"ReadAction","target":["https:\/\/www.igt.nl\/es\/producto\/conjunto-de-pruebas-de-rugosidad-igt-para-gst1-1w\/"]}]},{"@type":"ImageObject","inLanguage":"es","@id":"https:\/\/www.igt.nl\/es\/producto\/conjunto-de-pruebas-de-rugosidad-igt-para-gst1-1w\/#primaryimage","url":"https:\/\/www.igt.nl\/wp-content\/uploads\/Ruwheid-GST-700x700-1.jpg","contentUrl":"https:\/\/www.igt.nl\/wp-content\/uploads\/Ruwheid-GST-700x700-1.jpg","width":700,"height":700},{"@type":"BreadcrumbList","@id":"https:\/\/www.igt.nl\/es\/producto\/conjunto-de-pruebas-de-rugosidad-igt-para-gst1-1w\/#breadcrumb","itemListElement":[{"@type":"ListItem","position":1,"name":"Home","item":"https:\/\/www.igt.nl\/es\/?page_id=36171"},{"@type":"ListItem","position":2,"name":"Tienda","item":"https:\/\/www.igt.nl\/es\/?page_id=36068"},{"@type":"ListItem","position":3,"name":"Accesorios","item":"https:\/\/www.igt.nl\/es\/product-categorie\/accesorios\/"},{"@type":"ListItem","position":4,"name":"Conjunto de pruebas de rugosidad (IGT) para GST1 \/ 1W"}]},{"@type":"WebSite","@id":"https:\/\/www.igt.nl\/es\/#website","url":"https:\/\/www.igt.nl\/es\/","name":"IGT Testing Systems","description":"","potentialAction":[{"@type":"SearchAction","target":{"@type":"EntryPoint","urlTemplate":"https:\/\/www.igt.nl\/es\/?s={search_term_string}"},"query-input":{"@type":"PropertyValueSpecification","valueRequired":true,"valueName":"search_term_string"}}],"inLanguage":"es"}]}},"_links":{"self":[{"href":"https:\/\/www.igt.nl\/es\/wp-json\/wp\/v2\/product\/38546","targetHints":{"allow":["GET"]}}],"collection":[{"href":"https:\/\/www.igt.nl\/es\/wp-json\/wp\/v2\/product"}],"about":[{"href":"https:\/\/www.igt.nl\/es\/wp-json\/wp\/v2\/types\/product"}],"replies":[{"embeddable":true,"href":"https:\/\/www.igt.nl\/es\/wp-json\/wp\/v2\/comments?post=38546"}],"wp:featuredmedia":[{"embeddable":true,"href":"https:\/\/www.igt.nl\/es\/wp-json\/wp\/v2\/media\/38548"}],"wp:attachment":[{"href":"https:\/\/www.igt.nl\/es\/wp-json\/wp\/v2\/media?parent=38546"}],"wp:term":[{"taxonomy":"product_brand","embeddable":true,"href":"https:\/\/www.igt.nl\/es\/wp-json\/wp\/v2\/product_brand?post=38546"},{"taxonomy":"product_cat","embeddable":true,"href":"https:\/\/www.igt.nl\/es\/wp-json\/wp\/v2\/product_cat?post=38546"},{"taxonomy":"product_tag","embeddable":true,"href":"https:\/\/www.igt.nl\/es\/wp-json\/wp\/v2\/product_tag?post=38546"}],"curies":[{"name":"wp","href":"https:\/\/api.w.org\/{rel}","templated":true}]}}