{"id":38547,"date":"2019-03-21T10:20:42","date_gmt":"2019-03-21T10:20:42","guid":{"rendered":"https:\/\/www.igt.nl\/?post_type=product&#038;p=38547"},"modified":"2025-12-17T08:03:18","modified_gmt":"2025-12-17T08:03:18","slug":"juego-de-penetracion-de-impresion-para-amsterdam-gst1-gst1w","status":"publish","type":"product","link":"https:\/\/www.igt.nl\/es\/producto\/juego-de-penetracion-de-impresion-para-amsterdam-gst1-gst1w\/","title":{"rendered":"Juego de penetraci\u00f3n de impresi\u00f3n para Amsterdam \/ GST1 \/ GST1W"},"content":{"rendered":"<p>Accesorio para ejecutar pruebas de Penetraci\u00f3n de Impresi\u00f3n en el Comprobador Est\u00e1ndar Global 1 o 1W.<\/p>\n<p>Accesorio para ejecutar pruebas de penetraci\u00f3n de impresi\u00f3n en el AIC2-5T2000.<\/p>\n<p>En el momento de la impresi\u00f3n, la superficie del papel absorbe una cantidad de tinta o barniz. Esta cantidad viene determinada por la absorci\u00f3n de l\u00edquido en los huecos de la superficie (rugosidad) y la absorci\u00f3n en los poros del papel en la superficie. La suma de estos dos fen\u00f3menos se determina como la absorci\u00f3n de aceite o barnizabilidad. Su valor rec\u00edproco se denomina penetraci\u00f3n de la impresi\u00f3n.   <\/p>\n<p>La prueba se ejecutar\u00e1 en los siguientes comprobadores de imprimibilidad IGT:<\/p>\n<ul>\n<li>Amsterdam 1, 2 , 5 y 6<\/li>\n<li>AIC2-5T2000<\/li>\n<li>AIC2-5<\/li>\n<li>Comprobador Global Est\u00e1ndar 1 y 1W<\/li>\n<\/ul>\n<p>Para m\u00e1s informaci\u00f3n, consulta la informaci\u00f3n sobre el m\u00e9todo de ensayo W24 Penetraci\u00f3n de la impresi\u00f3n<\/p>\n","protected":false},"excerpt":{"rendered":"<p>Juego de penetraci\u00f3n de impresi\u00f3n para Amsterdam \/ GST1 \/ GST1W (W24)<\/p>\n","protected":false},"featured_media":34756,"comment_status":"closed","ping_status":"closed","template":"","meta":{"_acf_changed":false,"inline_featured_image":false},"product_brand":[],"product_cat":[3934,4418],"product_tag":[],"class_list":{"0":"post-38547","1":"product","2":"type-product","3":"status-publish","4":"has-post-thumbnail","6":"product_cat-accesorios","7":"product_cat-conjuntos-de-pruebas","9":"first","10":"instock","11":"shipping-taxable","12":"purchasable","13":"product-type-simple"},"acf":[],"yoast_head":"<!-- This site is optimized with the Yoast SEO plugin v27.5 - https:\/\/yoast.com\/product\/yoast-seo-wordpress\/ -->\n<title>Juego de penetraci\u00f3n de impresi\u00f3n para Amsterdam \/ GST1 \/ GST1W - IGT Testing Systems<\/title>\n<meta name=\"robots\" content=\"index, follow, max-snippet:-1, max-image-preview:large, max-video-preview:-1\" \/>\n<link rel=\"canonical\" href=\"https:\/\/www.igt.nl\/es\/producto\/juego-de-penetracion-de-impresion-para-amsterdam-gst1-gst1w\/\" \/>\n<meta property=\"og:locale\" content=\"es_ES\" \/>\n<meta property=\"og:type\" content=\"article\" \/>\n<meta property=\"og:title\" content=\"Juego de penetraci\u00f3n de impresi\u00f3n para Amsterdam \/ GST1 \/ GST1W - IGT Testing Systems\" \/>\n<meta property=\"og:description\" content=\"Juego de penetraci\u00f3n de impresi\u00f3n para Amsterdam \/ GST1 \/ GST1W (W24)\" \/>\n<meta property=\"og:url\" content=\"https:\/\/www.igt.nl\/es\/producto\/juego-de-penetracion-de-impresion-para-amsterdam-gst1-gst1w\/\" \/>\n<meta property=\"og:site_name\" content=\"IGT Testing Systems\" \/>\n<meta property=\"article:modified_time\" content=\"2025-12-17T08:03:18+00:00\" \/>\n<meta property=\"og:image\" content=\"https:\/\/www.igt.nl\/wp-content\/uploads\/IGT-Leeg.png\" \/>\n\t<meta property=\"og:image:width\" content=\"552\" \/>\n\t<meta property=\"og:image:height\" content=\"376\" \/>\n\t<meta property=\"og:image:type\" content=\"image\/png\" \/>\n<meta name=\"twitter:card\" content=\"summary_large_image\" \/>\n<meta name=\"twitter:label1\" content=\"Tiempo de lectura\" \/>\n\t<meta name=\"twitter:data1\" content=\"1 minuto\" \/>\n<script type=\"application\/ld+json\" class=\"yoast-schema-graph\">{\"@context\":\"https:\\\/\\\/schema.org\",\"@graph\":[{\"@type\":\"WebPage\",\"@id\":\"https:\\\/\\\/www.igt.nl\\\/es\\\/producto\\\/juego-de-penetracion-de-impresion-para-amsterdam-gst1-gst1w\\\/\",\"url\":\"https:\\\/\\\/www.igt.nl\\\/es\\\/producto\\\/juego-de-penetracion-de-impresion-para-amsterdam-gst1-gst1w\\\/\",\"name\":\"Juego de penetraci\u00f3n de impresi\u00f3n para Amsterdam \\\/ GST1 \\\/ GST1W - IGT Testing Systems\",\"isPartOf\":{\"@id\":\"https:\\\/\\\/www.igt.nl\\\/es\\\/#website\"},\"primaryImageOfPage\":{\"@id\":\"https:\\\/\\\/www.igt.nl\\\/es\\\/producto\\\/juego-de-penetracion-de-impresion-para-amsterdam-gst1-gst1w\\\/#primaryimage\"},\"image\":{\"@id\":\"https:\\\/\\\/www.igt.nl\\\/es\\\/producto\\\/juego-de-penetracion-de-impresion-para-amsterdam-gst1-gst1w\\\/#primaryimage\"},\"thumbnailUrl\":\"https:\\\/\\\/www.igt.nl\\\/wp-content\\\/uploads\\\/IGT-Leeg.png\",\"datePublished\":\"2019-03-21T10:20:42+00:00\",\"dateModified\":\"2025-12-17T08:03:18+00:00\",\"breadcrumb\":{\"@id\":\"https:\\\/\\\/www.igt.nl\\\/es\\\/producto\\\/juego-de-penetracion-de-impresion-para-amsterdam-gst1-gst1w\\\/#breadcrumb\"},\"inLanguage\":\"es\",\"potentialAction\":[{\"@type\":\"ReadAction\",\"target\":[\"https:\\\/\\\/www.igt.nl\\\/es\\\/producto\\\/juego-de-penetracion-de-impresion-para-amsterdam-gst1-gst1w\\\/\"]}]},{\"@type\":\"ImageObject\",\"inLanguage\":\"es\",\"@id\":\"https:\\\/\\\/www.igt.nl\\\/es\\\/producto\\\/juego-de-penetracion-de-impresion-para-amsterdam-gst1-gst1w\\\/#primaryimage\",\"url\":\"https:\\\/\\\/www.igt.nl\\\/wp-content\\\/uploads\\\/IGT-Leeg.png\",\"contentUrl\":\"https:\\\/\\\/www.igt.nl\\\/wp-content\\\/uploads\\\/IGT-Leeg.png\",\"width\":552,\"height\":376},{\"@type\":\"BreadcrumbList\",\"@id\":\"https:\\\/\\\/www.igt.nl\\\/es\\\/producto\\\/juego-de-penetracion-de-impresion-para-amsterdam-gst1-gst1w\\\/#breadcrumb\",\"itemListElement\":[{\"@type\":\"ListItem\",\"position\":1,\"name\":\"Home\",\"item\":\"https:\\\/\\\/www.igt.nl\\\/es\\\/?page_id=36171\"},{\"@type\":\"ListItem\",\"position\":2,\"name\":\"Tienda\",\"item\":\"https:\\\/\\\/www.igt.nl\\\/es\\\/?page_id=36068\"},{\"@type\":\"ListItem\",\"position\":3,\"name\":\"Accesorios\",\"item\":\"https:\\\/\\\/www.igt.nl\\\/es\\\/product-categorie\\\/accesorios\\\/\"},{\"@type\":\"ListItem\",\"position\":4,\"name\":\"Juego de penetraci\u00f3n de impresi\u00f3n para Amsterdam \\\/ GST1 \\\/ GST1W\"}]},{\"@type\":\"WebSite\",\"@id\":\"https:\\\/\\\/www.igt.nl\\\/es\\\/#website\",\"url\":\"https:\\\/\\\/www.igt.nl\\\/es\\\/\",\"name\":\"IGT Testing Systems\",\"description\":\"\",\"potentialAction\":[{\"@type\":\"SearchAction\",\"target\":{\"@type\":\"EntryPoint\",\"urlTemplate\":\"https:\\\/\\\/www.igt.nl\\\/es\\\/?s={search_term_string}\"},\"query-input\":{\"@type\":\"PropertyValueSpecification\",\"valueRequired\":true,\"valueName\":\"search_term_string\"}}],\"inLanguage\":\"es\"}]}<\/script>\n<!-- \/ Yoast SEO plugin. -->","yoast_head_json":{"title":"Juego de penetraci\u00f3n de impresi\u00f3n para Amsterdam \/ GST1 \/ GST1W - IGT Testing Systems","robots":{"index":"index","follow":"follow","max-snippet":"max-snippet:-1","max-image-preview":"max-image-preview:large","max-video-preview":"max-video-preview:-1"},"canonical":"https:\/\/www.igt.nl\/es\/producto\/juego-de-penetracion-de-impresion-para-amsterdam-gst1-gst1w\/","og_locale":"es_ES","og_type":"article","og_title":"Juego de penetraci\u00f3n de impresi\u00f3n para Amsterdam \/ GST1 \/ GST1W - IGT Testing Systems","og_description":"Juego de penetraci\u00f3n de impresi\u00f3n para Amsterdam \/ GST1 \/ GST1W (W24)","og_url":"https:\/\/www.igt.nl\/es\/producto\/juego-de-penetracion-de-impresion-para-amsterdam-gst1-gst1w\/","og_site_name":"IGT Testing Systems","article_modified_time":"2025-12-17T08:03:18+00:00","og_image":[{"width":552,"height":376,"url":"https:\/\/www.igt.nl\/wp-content\/uploads\/IGT-Leeg.png","type":"image\/png"}],"twitter_card":"summary_large_image","twitter_misc":{"Tiempo de lectura":"1 minuto"},"schema":{"@context":"https:\/\/schema.org","@graph":[{"@type":"WebPage","@id":"https:\/\/www.igt.nl\/es\/producto\/juego-de-penetracion-de-impresion-para-amsterdam-gst1-gst1w\/","url":"https:\/\/www.igt.nl\/es\/producto\/juego-de-penetracion-de-impresion-para-amsterdam-gst1-gst1w\/","name":"Juego de penetraci\u00f3n de impresi\u00f3n para Amsterdam \/ GST1 \/ GST1W - IGT Testing Systems","isPartOf":{"@id":"https:\/\/www.igt.nl\/es\/#website"},"primaryImageOfPage":{"@id":"https:\/\/www.igt.nl\/es\/producto\/juego-de-penetracion-de-impresion-para-amsterdam-gst1-gst1w\/#primaryimage"},"image":{"@id":"https:\/\/www.igt.nl\/es\/producto\/juego-de-penetracion-de-impresion-para-amsterdam-gst1-gst1w\/#primaryimage"},"thumbnailUrl":"https:\/\/www.igt.nl\/wp-content\/uploads\/IGT-Leeg.png","datePublished":"2019-03-21T10:20:42+00:00","dateModified":"2025-12-17T08:03:18+00:00","breadcrumb":{"@id":"https:\/\/www.igt.nl\/es\/producto\/juego-de-penetracion-de-impresion-para-amsterdam-gst1-gst1w\/#breadcrumb"},"inLanguage":"es","potentialAction":[{"@type":"ReadAction","target":["https:\/\/www.igt.nl\/es\/producto\/juego-de-penetracion-de-impresion-para-amsterdam-gst1-gst1w\/"]}]},{"@type":"ImageObject","inLanguage":"es","@id":"https:\/\/www.igt.nl\/es\/producto\/juego-de-penetracion-de-impresion-para-amsterdam-gst1-gst1w\/#primaryimage","url":"https:\/\/www.igt.nl\/wp-content\/uploads\/IGT-Leeg.png","contentUrl":"https:\/\/www.igt.nl\/wp-content\/uploads\/IGT-Leeg.png","width":552,"height":376},{"@type":"BreadcrumbList","@id":"https:\/\/www.igt.nl\/es\/producto\/juego-de-penetracion-de-impresion-para-amsterdam-gst1-gst1w\/#breadcrumb","itemListElement":[{"@type":"ListItem","position":1,"name":"Home","item":"https:\/\/www.igt.nl\/es\/?page_id=36171"},{"@type":"ListItem","position":2,"name":"Tienda","item":"https:\/\/www.igt.nl\/es\/?page_id=36068"},{"@type":"ListItem","position":3,"name":"Accesorios","item":"https:\/\/www.igt.nl\/es\/product-categorie\/accesorios\/"},{"@type":"ListItem","position":4,"name":"Juego de penetraci\u00f3n de impresi\u00f3n para Amsterdam \/ GST1 \/ GST1W"}]},{"@type":"WebSite","@id":"https:\/\/www.igt.nl\/es\/#website","url":"https:\/\/www.igt.nl\/es\/","name":"IGT Testing Systems","description":"","potentialAction":[{"@type":"SearchAction","target":{"@type":"EntryPoint","urlTemplate":"https:\/\/www.igt.nl\/es\/?s={search_term_string}"},"query-input":{"@type":"PropertyValueSpecification","valueRequired":true,"valueName":"search_term_string"}}],"inLanguage":"es"}]}},"_links":{"self":[{"href":"https:\/\/www.igt.nl\/es\/wp-json\/wp\/v2\/product\/38547","targetHints":{"allow":["GET"]}}],"collection":[{"href":"https:\/\/www.igt.nl\/es\/wp-json\/wp\/v2\/product"}],"about":[{"href":"https:\/\/www.igt.nl\/es\/wp-json\/wp\/v2\/types\/product"}],"replies":[{"embeddable":true,"href":"https:\/\/www.igt.nl\/es\/wp-json\/wp\/v2\/comments?post=38547"}],"wp:featuredmedia":[{"embeddable":true,"href":"https:\/\/www.igt.nl\/es\/wp-json\/wp\/v2\/media\/34756"}],"wp:attachment":[{"href":"https:\/\/www.igt.nl\/es\/wp-json\/wp\/v2\/media?parent=38547"}],"wp:term":[{"taxonomy":"product_brand","embeddable":true,"href":"https:\/\/www.igt.nl\/es\/wp-json\/wp\/v2\/product_brand?post=38547"},{"taxonomy":"product_cat","embeddable":true,"href":"https:\/\/www.igt.nl\/es\/wp-json\/wp\/v2\/product_cat?post=38547"},{"taxonomy":"product_tag","embeddable":true,"href":"https:\/\/www.igt.nl\/es\/wp-json\/wp\/v2\/product_tag?post=38547"}],"curies":[{"name":"wp","href":"https:\/\/api.w.org\/{rel}","templated":true}]}}