{"id":38570,"date":"2019-03-21T10:25:18","date_gmt":"2019-03-21T10:25:18","guid":{"rendered":"https:\/\/www.igt.nl\/?post_type=product&#038;p=38570"},"modified":"2025-12-17T08:03:17","modified_gmt":"2025-12-17T08:03:17","slug":"conjunto-de-pruebas-de-moteado-metodo-de-interferencia-de-agua-para-gst2","status":"publish","type":"product","link":"https:\/\/www.igt.nl\/es\/producto\/conjunto-de-pruebas-de-moteado-metodo-de-interferencia-de-agua-para-gst2\/","title":{"rendered":"Conjunto de pruebas de moteado (m\u00e9todo de interferencia de agua) para GST2"},"content":{"rendered":"<p>Conjunto de pruebas para realizar pruebas de moteado (m\u00e9todo de interferencia de agua) con un comprobador de imprimibilidad IGT.<\/p>\n<p>El moteado es el aspecto desigual, sobre todo en zonas s\u00f3lidas: peque\u00f1as \u00e1reas oscuras y claras que aparecen en la superficie del papel (cart\u00f3n) causadas por la tinta, el papel o la prensa.<br \/>\nEl moteado est\u00e1 influido por muchos par\u00e1metros: tipo de tinta, secuencia de colores, construcci\u00f3n de la prensa de impresi\u00f3n, velocidad, mantilla de caucho y el agua de mojado. Sin embargo, la influencia m\u00e1s importante es el tipo de papel. Las variaciones en las caracter\u00edsticas de la superficie, como la absorci\u00f3n y la suavidad, desempe\u00f1an un papel importante en el moteado y est\u00e1n causadas por el proceso de producci\u00f3n y los componentes del papel.  <\/p>\n<p>Puede haber tres tipos de moteado:<\/p>\n<ul>\n<li>Moteado del reverso: un resultado de impresi\u00f3n desigual, causado por la absorci\u00f3n desigual de tinta del papel.<\/li>\n<li>Moteado por interferencia de agua: un resultado de impresi\u00f3n desigual, causado por una absorci\u00f3n de agua insuficiente y desigual del papel, seguida de una absorci\u00f3n de tinta desigual.<\/li>\n<li>Moteado por atrapamiento de la tinta: un resultado de impresi\u00f3n desigual, causado por un atrapamiento incorrecto de la tinta en la adherencia y\/o la viscosidad, y en el que tambi\u00e9n influye una absorci\u00f3n desigual de la tinta por el papel.<\/li>\n<\/ul>\n<p>Puede utilizarse en combinaci\u00f3n con los siguientes comprobadores de imprimibilidad IGT:<\/p>\n<ul>\n<li>Amsterdam 2, 5 y 6<\/li>\n<li>AIC2-5T2000<\/li>\n<li>AIC2-5<\/li>\n<li>Comprobador Global Est\u00e1ndar 2<\/li>\n<\/ul>\n<p>Para m\u00e1s informaci\u00f3n, consulta la informaci\u00f3n sobre el m\u00e9todo de ensayo W59 Moteado, m\u00e9todo de interferencia de agua<\/p>\n","protected":false},"excerpt":{"rendered":"<p>Conjunto de pruebas de moteado (m\u00e9todo de interferencia de agua) para GST2 (W59)<\/p>\n","protected":false},"featured_media":38572,"comment_status":"closed","ping_status":"closed","template":"","meta":{"_acf_changed":false,"inline_featured_image":false},"product_brand":[],"product_cat":[3934,4418],"product_tag":[],"class_list":{"0":"post-38570","1":"product","2":"type-product","3":"status-publish","4":"has-post-thumbnail","6":"product_cat-accesorios","7":"product_cat-conjuntos-de-pruebas","9":"first","10":"instock","11":"shipping-taxable","12":"purchasable","13":"product-type-simple"},"acf":[],"yoast_head":"<!-- This site is optimized with the Yoast SEO plugin v27.3 - https:\/\/yoast.com\/product\/yoast-seo-wordpress\/ -->\n<title>Conjunto de pruebas de moteado (m\u00e9todo de interferencia de agua) para GST2 - IGT Testing Systems<\/title>\n<meta name=\"robots\" content=\"index, follow, max-snippet:-1, max-image-preview:large, max-video-preview:-1\" \/>\n<link rel=\"canonical\" href=\"https:\/\/www.igt.nl\/es\/producto\/conjunto-de-pruebas-de-moteado-metodo-de-interferencia-de-agua-para-gst2\/\" \/>\n<meta property=\"og:locale\" content=\"es_ES\" \/>\n<meta property=\"og:type\" content=\"article\" \/>\n<meta property=\"og:title\" content=\"Conjunto de pruebas de moteado (m\u00e9todo de interferencia de agua) para GST2 - IGT Testing Systems\" \/>\n<meta property=\"og:description\" content=\"Conjunto de pruebas de moteado (m\u00e9todo de interferencia de agua) para GST2 (W59)\" \/>\n<meta property=\"og:url\" content=\"https:\/\/www.igt.nl\/es\/producto\/conjunto-de-pruebas-de-moteado-metodo-de-interferencia-de-agua-para-gst2\/\" \/>\n<meta property=\"og:site_name\" content=\"IGT Testing Systems\" \/>\n<meta property=\"article:modified_time\" content=\"2025-12-17T08:03:17+00:00\" \/>\n<meta property=\"og:image\" content=\"https:\/\/www.igt.nl\/wp-content\/uploads\/Water-Interferentie-Mottle-GST-700x700-1.jpg\" \/>\n\t<meta property=\"og:image:width\" content=\"700\" \/>\n\t<meta property=\"og:image:height\" content=\"700\" \/>\n\t<meta property=\"og:image:type\" content=\"image\/jpeg\" \/>\n<meta name=\"twitter:card\" content=\"summary_large_image\" \/>\n<meta name=\"twitter:label1\" content=\"Tiempo de lectura\" \/>\n\t<meta name=\"twitter:data1\" content=\"1 minuto\" \/>\n<script type=\"application\/ld+json\" class=\"yoast-schema-graph\">{\"@context\":\"https:\\\/\\\/schema.org\",\"@graph\":[{\"@type\":\"WebPage\",\"@id\":\"https:\\\/\\\/www.igt.nl\\\/es\\\/producto\\\/conjunto-de-pruebas-de-moteado-metodo-de-interferencia-de-agua-para-gst2\\\/\",\"url\":\"https:\\\/\\\/www.igt.nl\\\/es\\\/producto\\\/conjunto-de-pruebas-de-moteado-metodo-de-interferencia-de-agua-para-gst2\\\/\",\"name\":\"Conjunto de pruebas de moteado (m\u00e9todo de interferencia de agua) para GST2 - IGT Testing Systems\",\"isPartOf\":{\"@id\":\"https:\\\/\\\/www.igt.nl\\\/es\\\/#website\"},\"primaryImageOfPage\":{\"@id\":\"https:\\\/\\\/www.igt.nl\\\/es\\\/producto\\\/conjunto-de-pruebas-de-moteado-metodo-de-interferencia-de-agua-para-gst2\\\/#primaryimage\"},\"image\":{\"@id\":\"https:\\\/\\\/www.igt.nl\\\/es\\\/producto\\\/conjunto-de-pruebas-de-moteado-metodo-de-interferencia-de-agua-para-gst2\\\/#primaryimage\"},\"thumbnailUrl\":\"https:\\\/\\\/www.igt.nl\\\/wp-content\\\/uploads\\\/Water-Interferentie-Mottle-GST-700x700-1.jpg\",\"datePublished\":\"2019-03-21T10:25:18+00:00\",\"dateModified\":\"2025-12-17T08:03:17+00:00\",\"breadcrumb\":{\"@id\":\"https:\\\/\\\/www.igt.nl\\\/es\\\/producto\\\/conjunto-de-pruebas-de-moteado-metodo-de-interferencia-de-agua-para-gst2\\\/#breadcrumb\"},\"inLanguage\":\"es\",\"potentialAction\":[{\"@type\":\"ReadAction\",\"target\":[\"https:\\\/\\\/www.igt.nl\\\/es\\\/producto\\\/conjunto-de-pruebas-de-moteado-metodo-de-interferencia-de-agua-para-gst2\\\/\"]}]},{\"@type\":\"ImageObject\",\"inLanguage\":\"es\",\"@id\":\"https:\\\/\\\/www.igt.nl\\\/es\\\/producto\\\/conjunto-de-pruebas-de-moteado-metodo-de-interferencia-de-agua-para-gst2\\\/#primaryimage\",\"url\":\"https:\\\/\\\/www.igt.nl\\\/wp-content\\\/uploads\\\/Water-Interferentie-Mottle-GST-700x700-1.jpg\",\"contentUrl\":\"https:\\\/\\\/www.igt.nl\\\/wp-content\\\/uploads\\\/Water-Interferentie-Mottle-GST-700x700-1.jpg\",\"width\":700,\"height\":700},{\"@type\":\"BreadcrumbList\",\"@id\":\"https:\\\/\\\/www.igt.nl\\\/es\\\/producto\\\/conjunto-de-pruebas-de-moteado-metodo-de-interferencia-de-agua-para-gst2\\\/#breadcrumb\",\"itemListElement\":[{\"@type\":\"ListItem\",\"position\":1,\"name\":\"Home\",\"item\":\"https:\\\/\\\/www.igt.nl\\\/es\\\/?page_id=36171\"},{\"@type\":\"ListItem\",\"position\":2,\"name\":\"Tienda\",\"item\":\"https:\\\/\\\/www.igt.nl\\\/es\\\/?page_id=36068\"},{\"@type\":\"ListItem\",\"position\":3,\"name\":\"Accesorios\",\"item\":\"https:\\\/\\\/www.igt.nl\\\/es\\\/product-categorie\\\/accesorios\\\/\"},{\"@type\":\"ListItem\",\"position\":4,\"name\":\"Conjunto de pruebas de moteado (m\u00e9todo de interferencia de agua) para GST2\"}]},{\"@type\":\"WebSite\",\"@id\":\"https:\\\/\\\/www.igt.nl\\\/es\\\/#website\",\"url\":\"https:\\\/\\\/www.igt.nl\\\/es\\\/\",\"name\":\"IGT Testing Systems\",\"description\":\"\",\"potentialAction\":[{\"@type\":\"SearchAction\",\"target\":{\"@type\":\"EntryPoint\",\"urlTemplate\":\"https:\\\/\\\/www.igt.nl\\\/es\\\/?s={search_term_string}\"},\"query-input\":{\"@type\":\"PropertyValueSpecification\",\"valueRequired\":true,\"valueName\":\"search_term_string\"}}],\"inLanguage\":\"es\"}]}<\/script>\n<!-- \/ Yoast SEO plugin. -->","yoast_head_json":{"title":"Conjunto de pruebas de moteado (m\u00e9todo de interferencia de agua) para GST2 - IGT Testing Systems","robots":{"index":"index","follow":"follow","max-snippet":"max-snippet:-1","max-image-preview":"max-image-preview:large","max-video-preview":"max-video-preview:-1"},"canonical":"https:\/\/www.igt.nl\/es\/producto\/conjunto-de-pruebas-de-moteado-metodo-de-interferencia-de-agua-para-gst2\/","og_locale":"es_ES","og_type":"article","og_title":"Conjunto de pruebas de moteado (m\u00e9todo de interferencia de agua) para GST2 - IGT Testing Systems","og_description":"Conjunto de pruebas de moteado (m\u00e9todo de interferencia de agua) para GST2 (W59)","og_url":"https:\/\/www.igt.nl\/es\/producto\/conjunto-de-pruebas-de-moteado-metodo-de-interferencia-de-agua-para-gst2\/","og_site_name":"IGT Testing Systems","article_modified_time":"2025-12-17T08:03:17+00:00","og_image":[{"width":700,"height":700,"url":"https:\/\/www.igt.nl\/wp-content\/uploads\/Water-Interferentie-Mottle-GST-700x700-1.jpg","type":"image\/jpeg"}],"twitter_card":"summary_large_image","twitter_misc":{"Tiempo de lectura":"1 minuto"},"schema":{"@context":"https:\/\/schema.org","@graph":[{"@type":"WebPage","@id":"https:\/\/www.igt.nl\/es\/producto\/conjunto-de-pruebas-de-moteado-metodo-de-interferencia-de-agua-para-gst2\/","url":"https:\/\/www.igt.nl\/es\/producto\/conjunto-de-pruebas-de-moteado-metodo-de-interferencia-de-agua-para-gst2\/","name":"Conjunto de pruebas de moteado (m\u00e9todo de interferencia de agua) para GST2 - IGT Testing Systems","isPartOf":{"@id":"https:\/\/www.igt.nl\/es\/#website"},"primaryImageOfPage":{"@id":"https:\/\/www.igt.nl\/es\/producto\/conjunto-de-pruebas-de-moteado-metodo-de-interferencia-de-agua-para-gst2\/#primaryimage"},"image":{"@id":"https:\/\/www.igt.nl\/es\/producto\/conjunto-de-pruebas-de-moteado-metodo-de-interferencia-de-agua-para-gst2\/#primaryimage"},"thumbnailUrl":"https:\/\/www.igt.nl\/wp-content\/uploads\/Water-Interferentie-Mottle-GST-700x700-1.jpg","datePublished":"2019-03-21T10:25:18+00:00","dateModified":"2025-12-17T08:03:17+00:00","breadcrumb":{"@id":"https:\/\/www.igt.nl\/es\/producto\/conjunto-de-pruebas-de-moteado-metodo-de-interferencia-de-agua-para-gst2\/#breadcrumb"},"inLanguage":"es","potentialAction":[{"@type":"ReadAction","target":["https:\/\/www.igt.nl\/es\/producto\/conjunto-de-pruebas-de-moteado-metodo-de-interferencia-de-agua-para-gst2\/"]}]},{"@type":"ImageObject","inLanguage":"es","@id":"https:\/\/www.igt.nl\/es\/producto\/conjunto-de-pruebas-de-moteado-metodo-de-interferencia-de-agua-para-gst2\/#primaryimage","url":"https:\/\/www.igt.nl\/wp-content\/uploads\/Water-Interferentie-Mottle-GST-700x700-1.jpg","contentUrl":"https:\/\/www.igt.nl\/wp-content\/uploads\/Water-Interferentie-Mottle-GST-700x700-1.jpg","width":700,"height":700},{"@type":"BreadcrumbList","@id":"https:\/\/www.igt.nl\/es\/producto\/conjunto-de-pruebas-de-moteado-metodo-de-interferencia-de-agua-para-gst2\/#breadcrumb","itemListElement":[{"@type":"ListItem","position":1,"name":"Home","item":"https:\/\/www.igt.nl\/es\/?page_id=36171"},{"@type":"ListItem","position":2,"name":"Tienda","item":"https:\/\/www.igt.nl\/es\/?page_id=36068"},{"@type":"ListItem","position":3,"name":"Accesorios","item":"https:\/\/www.igt.nl\/es\/product-categorie\/accesorios\/"},{"@type":"ListItem","position":4,"name":"Conjunto de pruebas de moteado (m\u00e9todo de interferencia de agua) para GST2"}]},{"@type":"WebSite","@id":"https:\/\/www.igt.nl\/es\/#website","url":"https:\/\/www.igt.nl\/es\/","name":"IGT Testing Systems","description":"","potentialAction":[{"@type":"SearchAction","target":{"@type":"EntryPoint","urlTemplate":"https:\/\/www.igt.nl\/es\/?s={search_term_string}"},"query-input":{"@type":"PropertyValueSpecification","valueRequired":true,"valueName":"search_term_string"}}],"inLanguage":"es"}]}},"_links":{"self":[{"href":"https:\/\/www.igt.nl\/es\/wp-json\/wp\/v2\/product\/38570","targetHints":{"allow":["GET"]}}],"collection":[{"href":"https:\/\/www.igt.nl\/es\/wp-json\/wp\/v2\/product"}],"about":[{"href":"https:\/\/www.igt.nl\/es\/wp-json\/wp\/v2\/types\/product"}],"replies":[{"embeddable":true,"href":"https:\/\/www.igt.nl\/es\/wp-json\/wp\/v2\/comments?post=38570"}],"wp:featuredmedia":[{"embeddable":true,"href":"https:\/\/www.igt.nl\/es\/wp-json\/wp\/v2\/media\/38572"}],"wp:attachment":[{"href":"https:\/\/www.igt.nl\/es\/wp-json\/wp\/v2\/media?parent=38570"}],"wp:term":[{"taxonomy":"product_brand","embeddable":true,"href":"https:\/\/www.igt.nl\/es\/wp-json\/wp\/v2\/product_brand?post=38570"},{"taxonomy":"product_cat","embeddable":true,"href":"https:\/\/www.igt.nl\/es\/wp-json\/wp\/v2\/product_cat?post=38570"},{"taxonomy":"product_tag","embeddable":true,"href":"https:\/\/www.igt.nl\/es\/wp-json\/wp\/v2\/product_tag?post=38570"}],"curies":[{"name":"wp","href":"https:\/\/api.w.org\/{rel}","templated":true}]}}