{"id":38575,"date":"2019-03-21T10:28:21","date_gmt":"2019-03-21T10:28:21","guid":{"rendered":"https:\/\/www.igt.nl\/?post_type=product&#038;p=38575"},"modified":"2025-12-17T08:03:16","modified_gmt":"2025-12-17T08:03:16","slug":"conjunto-de-pruebas-igt-pick-iso-3783","status":"publish","type":"product","link":"https:\/\/www.igt.nl\/es\/producto\/conjunto-de-pruebas-igt-pick-iso-3783\/","title":{"rendered":"Conjunto de pruebas IGT Pick (ISO 3783)"},"content":{"rendered":"<p>Accesorio para ejecutar el Test de Arranque IGT (ISO 3783)<\/p>\n<p>Lo m\u00e1s habitual es definir el picado del papel como el da\u00f1o de la superficie del papel durante la operaci\u00f3n de impresi\u00f3n.<br \/>\nEn el momento en que la forma de impresi\u00f3n se levanta del papel, la tinta est\u00e1 ejerciendo cierta fuerza sobre el papel. Esta fuerza aumenta al aumentar la viscosidad y la adherencia de la tinta y la velocidad de impresi\u00f3n. Cuando esta fuerza supera un determinado valor, se da\u00f1a la superficie del papel. Esta prueba tambi\u00e9n puede utilizarse para determinar la delaminaci\u00f3n del cart\u00f3n.   <\/p>\n<p>La prueba se ejecutar\u00e1 en los siguientes comprobadores de imprimibilidad IGT:<\/p>\n<ul>\n<li><a href=\"https:\/\/www.igt.nl\/es\/product-categorie\/amsterdam\/\">Amsterdam<\/a> 1, 2 , 5 y 6<\/li>\n<li>AIC2-5T2000<\/li>\n<li>AIC2-5<\/li>\n<li>Comprobador Global Est\u00e1ndar P, 1 y 1W<\/li>\n<\/ul>\n<p>Para m\u00e1s informaci\u00f3n, consulta la informaci\u00f3n sobre el m\u00e9todo de ensayo <a href=\"https:\/\/www.igt.nl\/test-methods\/w31-ams\/\">W31 Pick IGT<\/a> (aluminio).<\/p>\n<p>Seg\u00fan la norma ISO 3783:2006 Determinaci\u00f3n de la resistencia al arranque. M\u00e9todo de velocidad acelerada mediante el probador de tipo IGT; Tappi T 514 wd, NEN 3095:1990 nl, y SCAN P 63.90. <\/p>\n<p>&nbsp;<\/p>\n","protected":false},"excerpt":{"rendered":"<p>Conjunto IGT Pick test W31 (ISO 3783)<\/p>\n","protected":false},"featured_media":38577,"comment_status":"closed","ping_status":"closed","template":"","meta":{"_acf_changed":false,"inline_featured_image":false},"product_brand":[],"product_cat":[3934,4418],"product_tag":[],"class_list":{"0":"post-38575","1":"product","2":"type-product","3":"status-publish","4":"has-post-thumbnail","6":"product_cat-accesorios","7":"product_cat-conjuntos-de-pruebas","9":"first","10":"instock","11":"shipping-taxable","12":"purchasable","13":"product-type-simple"},"acf":[],"yoast_head":"<!-- This site is optimized with the Yoast SEO plugin v27.3 - https:\/\/yoast.com\/product\/yoast-seo-wordpress\/ -->\n<title>Conjunto de pruebas IGT Pick (ISO 3783) - IGT Testing Systems<\/title>\n<meta name=\"description\" content=\"El despegado del papel se define como el da\u00f1o de la superficie del papel durante la operaci\u00f3n de impresi\u00f3n. Esta prueba tambi\u00e9n puede utilizarse para determinar la delaminaci\u00f3n del cart\u00f3n.\" \/>\n<meta name=\"robots\" content=\"index, follow, max-snippet:-1, max-image-preview:large, max-video-preview:-1\" \/>\n<link rel=\"canonical\" href=\"https:\/\/www.igt.nl\/es\/producto\/conjunto-de-pruebas-igt-pick-iso-3783\/\" \/>\n<meta property=\"og:locale\" content=\"es_ES\" \/>\n<meta property=\"og:type\" content=\"article\" \/>\n<meta property=\"og:title\" content=\"Conjunto de pruebas IGT Pick (ISO 3783) - IGT Testing Systems\" \/>\n<meta property=\"og:description\" content=\"El despegado del papel se define como el da\u00f1o de la superficie del papel durante la operaci\u00f3n de impresi\u00f3n. Esta prueba tambi\u00e9n puede utilizarse para determinar la delaminaci\u00f3n del cart\u00f3n.\" \/>\n<meta property=\"og:url\" content=\"https:\/\/www.igt.nl\/es\/producto\/conjunto-de-pruebas-igt-pick-iso-3783\/\" \/>\n<meta property=\"og:site_name\" content=\"IGT Testing Systems\" \/>\n<meta property=\"article:modified_time\" content=\"2025-12-17T08:03:16+00:00\" \/>\n<meta property=\"og:image\" content=\"https:\/\/www.igt.nl\/wp-content\/uploads\/IGT-Pluk-2aanpassing-700x700-1.jpg\" \/>\n\t<meta property=\"og:image:width\" content=\"700\" \/>\n\t<meta property=\"og:image:height\" content=\"700\" \/>\n\t<meta property=\"og:image:type\" content=\"image\/jpeg\" \/>\n<meta name=\"twitter:card\" content=\"summary_large_image\" \/>\n<meta name=\"twitter:label1\" content=\"Tiempo de lectura\" \/>\n\t<meta name=\"twitter:data1\" content=\"1 minuto\" \/>\n<script type=\"application\/ld+json\" class=\"yoast-schema-graph\">{\"@context\":\"https:\\\/\\\/schema.org\",\"@graph\":[{\"@type\":\"WebPage\",\"@id\":\"https:\\\/\\\/www.igt.nl\\\/es\\\/producto\\\/conjunto-de-pruebas-igt-pick-iso-3783\\\/\",\"url\":\"https:\\\/\\\/www.igt.nl\\\/es\\\/producto\\\/conjunto-de-pruebas-igt-pick-iso-3783\\\/\",\"name\":\"Conjunto de pruebas IGT Pick (ISO 3783) - IGT Testing Systems\",\"isPartOf\":{\"@id\":\"https:\\\/\\\/www.igt.nl\\\/es\\\/#website\"},\"primaryImageOfPage\":{\"@id\":\"https:\\\/\\\/www.igt.nl\\\/es\\\/producto\\\/conjunto-de-pruebas-igt-pick-iso-3783\\\/#primaryimage\"},\"image\":{\"@id\":\"https:\\\/\\\/www.igt.nl\\\/es\\\/producto\\\/conjunto-de-pruebas-igt-pick-iso-3783\\\/#primaryimage\"},\"thumbnailUrl\":\"https:\\\/\\\/www.igt.nl\\\/wp-content\\\/uploads\\\/IGT-Pluk-2aanpassing-700x700-1.jpg\",\"datePublished\":\"2019-03-21T10:28:21+00:00\",\"dateModified\":\"2025-12-17T08:03:16+00:00\",\"description\":\"El despegado del papel se define como el da\u00f1o de la superficie del papel durante la operaci\u00f3n de impresi\u00f3n. Esta prueba tambi\u00e9n puede utilizarse para determinar la delaminaci\u00f3n del cart\u00f3n.\",\"breadcrumb\":{\"@id\":\"https:\\\/\\\/www.igt.nl\\\/es\\\/producto\\\/conjunto-de-pruebas-igt-pick-iso-3783\\\/#breadcrumb\"},\"inLanguage\":\"es\",\"potentialAction\":[{\"@type\":\"ReadAction\",\"target\":[\"https:\\\/\\\/www.igt.nl\\\/es\\\/producto\\\/conjunto-de-pruebas-igt-pick-iso-3783\\\/\"]}]},{\"@type\":\"ImageObject\",\"inLanguage\":\"es\",\"@id\":\"https:\\\/\\\/www.igt.nl\\\/es\\\/producto\\\/conjunto-de-pruebas-igt-pick-iso-3783\\\/#primaryimage\",\"url\":\"https:\\\/\\\/www.igt.nl\\\/wp-content\\\/uploads\\\/IGT-Pluk-2aanpassing-700x700-1.jpg\",\"contentUrl\":\"https:\\\/\\\/www.igt.nl\\\/wp-content\\\/uploads\\\/IGT-Pluk-2aanpassing-700x700-1.jpg\",\"width\":700,\"height\":700},{\"@type\":\"BreadcrumbList\",\"@id\":\"https:\\\/\\\/www.igt.nl\\\/es\\\/producto\\\/conjunto-de-pruebas-igt-pick-iso-3783\\\/#breadcrumb\",\"itemListElement\":[{\"@type\":\"ListItem\",\"position\":1,\"name\":\"Home\",\"item\":\"https:\\\/\\\/www.igt.nl\\\/es\\\/?page_id=36171\"},{\"@type\":\"ListItem\",\"position\":2,\"name\":\"Tienda\",\"item\":\"https:\\\/\\\/www.igt.nl\\\/es\\\/?page_id=36068\"},{\"@type\":\"ListItem\",\"position\":3,\"name\":\"Accesorios\",\"item\":\"https:\\\/\\\/www.igt.nl\\\/es\\\/product-categorie\\\/accesorios\\\/\"},{\"@type\":\"ListItem\",\"position\":4,\"name\":\"Conjunto de pruebas IGT Pick (ISO 3783)\"}]},{\"@type\":\"WebSite\",\"@id\":\"https:\\\/\\\/www.igt.nl\\\/es\\\/#website\",\"url\":\"https:\\\/\\\/www.igt.nl\\\/es\\\/\",\"name\":\"IGT Testing Systems\",\"description\":\"\",\"potentialAction\":[{\"@type\":\"SearchAction\",\"target\":{\"@type\":\"EntryPoint\",\"urlTemplate\":\"https:\\\/\\\/www.igt.nl\\\/es\\\/?s={search_term_string}\"},\"query-input\":{\"@type\":\"PropertyValueSpecification\",\"valueRequired\":true,\"valueName\":\"search_term_string\"}}],\"inLanguage\":\"es\"}]}<\/script>\n<!-- \/ Yoast SEO plugin. -->","yoast_head_json":{"title":"Conjunto de pruebas IGT Pick (ISO 3783) - IGT Testing Systems","description":"El despegado del papel se define como el da\u00f1o de la superficie del papel durante la operaci\u00f3n de impresi\u00f3n. Esta prueba tambi\u00e9n puede utilizarse para determinar la delaminaci\u00f3n del cart\u00f3n.","robots":{"index":"index","follow":"follow","max-snippet":"max-snippet:-1","max-image-preview":"max-image-preview:large","max-video-preview":"max-video-preview:-1"},"canonical":"https:\/\/www.igt.nl\/es\/producto\/conjunto-de-pruebas-igt-pick-iso-3783\/","og_locale":"es_ES","og_type":"article","og_title":"Conjunto de pruebas IGT Pick (ISO 3783) - IGT Testing Systems","og_description":"El despegado del papel se define como el da\u00f1o de la superficie del papel durante la operaci\u00f3n de impresi\u00f3n. Esta prueba tambi\u00e9n puede utilizarse para determinar la delaminaci\u00f3n del cart\u00f3n.","og_url":"https:\/\/www.igt.nl\/es\/producto\/conjunto-de-pruebas-igt-pick-iso-3783\/","og_site_name":"IGT Testing Systems","article_modified_time":"2025-12-17T08:03:16+00:00","og_image":[{"width":700,"height":700,"url":"https:\/\/www.igt.nl\/wp-content\/uploads\/IGT-Pluk-2aanpassing-700x700-1.jpg","type":"image\/jpeg"}],"twitter_card":"summary_large_image","twitter_misc":{"Tiempo de lectura":"1 minuto"},"schema":{"@context":"https:\/\/schema.org","@graph":[{"@type":"WebPage","@id":"https:\/\/www.igt.nl\/es\/producto\/conjunto-de-pruebas-igt-pick-iso-3783\/","url":"https:\/\/www.igt.nl\/es\/producto\/conjunto-de-pruebas-igt-pick-iso-3783\/","name":"Conjunto de pruebas IGT Pick (ISO 3783) - IGT Testing Systems","isPartOf":{"@id":"https:\/\/www.igt.nl\/es\/#website"},"primaryImageOfPage":{"@id":"https:\/\/www.igt.nl\/es\/producto\/conjunto-de-pruebas-igt-pick-iso-3783\/#primaryimage"},"image":{"@id":"https:\/\/www.igt.nl\/es\/producto\/conjunto-de-pruebas-igt-pick-iso-3783\/#primaryimage"},"thumbnailUrl":"https:\/\/www.igt.nl\/wp-content\/uploads\/IGT-Pluk-2aanpassing-700x700-1.jpg","datePublished":"2019-03-21T10:28:21+00:00","dateModified":"2025-12-17T08:03:16+00:00","description":"El despegado del papel se define como el da\u00f1o de la superficie del papel durante la operaci\u00f3n de impresi\u00f3n. Esta prueba tambi\u00e9n puede utilizarse para determinar la delaminaci\u00f3n del cart\u00f3n.","breadcrumb":{"@id":"https:\/\/www.igt.nl\/es\/producto\/conjunto-de-pruebas-igt-pick-iso-3783\/#breadcrumb"},"inLanguage":"es","potentialAction":[{"@type":"ReadAction","target":["https:\/\/www.igt.nl\/es\/producto\/conjunto-de-pruebas-igt-pick-iso-3783\/"]}]},{"@type":"ImageObject","inLanguage":"es","@id":"https:\/\/www.igt.nl\/es\/producto\/conjunto-de-pruebas-igt-pick-iso-3783\/#primaryimage","url":"https:\/\/www.igt.nl\/wp-content\/uploads\/IGT-Pluk-2aanpassing-700x700-1.jpg","contentUrl":"https:\/\/www.igt.nl\/wp-content\/uploads\/IGT-Pluk-2aanpassing-700x700-1.jpg","width":700,"height":700},{"@type":"BreadcrumbList","@id":"https:\/\/www.igt.nl\/es\/producto\/conjunto-de-pruebas-igt-pick-iso-3783\/#breadcrumb","itemListElement":[{"@type":"ListItem","position":1,"name":"Home","item":"https:\/\/www.igt.nl\/es\/?page_id=36171"},{"@type":"ListItem","position":2,"name":"Tienda","item":"https:\/\/www.igt.nl\/es\/?page_id=36068"},{"@type":"ListItem","position":3,"name":"Accesorios","item":"https:\/\/www.igt.nl\/es\/product-categorie\/accesorios\/"},{"@type":"ListItem","position":4,"name":"Conjunto de pruebas IGT Pick (ISO 3783)"}]},{"@type":"WebSite","@id":"https:\/\/www.igt.nl\/es\/#website","url":"https:\/\/www.igt.nl\/es\/","name":"IGT Testing Systems","description":"","potentialAction":[{"@type":"SearchAction","target":{"@type":"EntryPoint","urlTemplate":"https:\/\/www.igt.nl\/es\/?s={search_term_string}"},"query-input":{"@type":"PropertyValueSpecification","valueRequired":true,"valueName":"search_term_string"}}],"inLanguage":"es"}]}},"_links":{"self":[{"href":"https:\/\/www.igt.nl\/es\/wp-json\/wp\/v2\/product\/38575","targetHints":{"allow":["GET"]}}],"collection":[{"href":"https:\/\/www.igt.nl\/es\/wp-json\/wp\/v2\/product"}],"about":[{"href":"https:\/\/www.igt.nl\/es\/wp-json\/wp\/v2\/types\/product"}],"replies":[{"embeddable":true,"href":"https:\/\/www.igt.nl\/es\/wp-json\/wp\/v2\/comments?post=38575"}],"wp:featuredmedia":[{"embeddable":true,"href":"https:\/\/www.igt.nl\/es\/wp-json\/wp\/v2\/media\/38577"}],"wp:attachment":[{"href":"https:\/\/www.igt.nl\/es\/wp-json\/wp\/v2\/media?parent=38575"}],"wp:term":[{"taxonomy":"product_brand","embeddable":true,"href":"https:\/\/www.igt.nl\/es\/wp-json\/wp\/v2\/product_brand?post=38575"},{"taxonomy":"product_cat","embeddable":true,"href":"https:\/\/www.igt.nl\/es\/wp-json\/wp\/v2\/product_cat?post=38575"},{"taxonomy":"product_tag","embeddable":true,"href":"https:\/\/www.igt.nl\/es\/wp-json\/wp\/v2\/product_tag?post=38575"}],"curies":[{"name":"wp","href":"https:\/\/api.w.org\/{rel}","templated":true}]}}