{"id":38581,"date":"2019-03-21T11:11:21","date_gmt":"2019-03-21T11:11:21","guid":{"rendered":"https:\/\/www.igt.nl\/?post_type=product&#038;p=38581"},"modified":"2025-12-17T08:03:14","modified_gmt":"2025-12-17T08:03:14","slug":"kit-de-prueba-de-brillo-para-amsterdam-aic2-5t2000-gst2-gst3h","status":"publish","type":"product","link":"https:\/\/www.igt.nl\/es\/producto\/kit-de-prueba-de-brillo-para-amsterdam-aic2-5t2000-gst2-gst3h\/","title":{"rendered":"Kit de prueba de brillo para Amsterdam \/ AIC2-5T2000 \/ GST2 \/ GST3H"},"content":{"rendered":"<p>Accesorio para realizar pruebas de Brillo en los comprobadores Amsterdam, AIC2-5T200 y Global Standard 2 y 3H.<\/p>\n<p>Cuando se imprime tinta sobre papel, \u00e9ste absorbe una parte de la tinta. En el proceso offset esta propiedad es muy importante. Si la tinta se absorbe demasiado despacio o demasiado deprisa, puede ser la causa de problemas. (Ver &#8220;Fijaci\u00f3n&#8221;). Uno de estos problemas puede ser el brillo. En este m\u00e9todo de ensayo, el brillo se mide en funci\u00f3n de la absorci\u00f3n.     <\/p>\n<p>La prueba se ejecutar\u00e1 en los siguientes comprobadores de imprimibilidad IGT:<\/p>\n<ul>\n<li>Amsterdam 1, 2 , 5 y 6<\/li>\n<li>Comprobador Global Est\u00e1ndar 2 \/ 3H<\/li>\n<li>AIC2-5T2000<\/li>\n<li>AIC2-5<\/li>\n<\/ul>\n<p>Para m\u00e1s informaci\u00f3n, consulta la informaci\u00f3n sobre el m\u00e9todo de ensayo W71 Brillo (caucho 65 Shore) y W49 Brillo (caucho 85 Shore)<\/p>\n","protected":false},"excerpt":{"rendered":"<p>Lorem ipsum dolor sit amet, consectetur adipiscing elit. Vivamus aliquam tortor a eros tristique interdum. <\/p>\n","protected":false},"featured_media":36649,"comment_status":"closed","ping_status":"closed","template":"","meta":{"_acf_changed":false,"inline_featured_image":false},"product_brand":[],"product_cat":[3934,4418],"product_tag":[],"class_list":{"0":"post-38581","1":"product","2":"type-product","3":"status-publish","4":"has-post-thumbnail","6":"product_cat-accesorios","7":"product_cat-conjuntos-de-pruebas","9":"first","10":"instock","11":"shipping-taxable","12":"purchasable","13":"product-type-simple"},"acf":[],"yoast_head":"<!-- This site is optimized with the Yoast SEO plugin v27.5 - https:\/\/yoast.com\/product\/yoast-seo-wordpress\/ -->\n<title>Kit de prueba de brillo para Amsterdam \/ AIC2-5T2000 \/ GST2 \/ GST3H - IGT Testing Systems<\/title>\n<meta name=\"robots\" content=\"index, follow, max-snippet:-1, max-image-preview:large, max-video-preview:-1\" \/>\n<link rel=\"canonical\" href=\"https:\/\/www.igt.nl\/es\/producto\/kit-de-prueba-de-brillo-para-amsterdam-aic2-5t2000-gst2-gst3h\/\" \/>\n<meta property=\"og:locale\" content=\"es_ES\" \/>\n<meta property=\"og:type\" content=\"article\" \/>\n<meta property=\"og:title\" content=\"Kit de prueba de brillo para Amsterdam \/ AIC2-5T2000 \/ GST2 \/ GST3H - IGT Testing Systems\" \/>\n<meta property=\"og:description\" content=\"Lorem ipsum dolor sit amet, consectetur adipiscing elit. Vivamus aliquam tortor a eros tristique interdum.\" \/>\n<meta property=\"og:url\" content=\"https:\/\/www.igt.nl\/es\/producto\/kit-de-prueba-de-brillo-para-amsterdam-aic2-5t2000-gst2-gst3h\/\" \/>\n<meta property=\"og:site_name\" content=\"IGT Testing Systems\" \/>\n<meta property=\"article:modified_time\" content=\"2025-12-17T08:03:14+00:00\" \/>\n<meta property=\"og:image\" content=\"https:\/\/www.igt.nl\/wp-content\/uploads\/Gloss-700x700-e1638637361265.jpg\" \/>\n\t<meta property=\"og:image:width\" content=\"500\" \/>\n\t<meta property=\"og:image:height\" content=\"500\" \/>\n\t<meta property=\"og:image:type\" content=\"image\/jpeg\" \/>\n<meta name=\"twitter:card\" content=\"summary_large_image\" \/>\n<meta name=\"twitter:label1\" content=\"Tiempo de lectura\" \/>\n\t<meta name=\"twitter:data1\" content=\"1 minuto\" \/>\n<script type=\"application\/ld+json\" class=\"yoast-schema-graph\">{\"@context\":\"https:\\\/\\\/schema.org\",\"@graph\":[{\"@type\":\"WebPage\",\"@id\":\"https:\\\/\\\/www.igt.nl\\\/es\\\/producto\\\/kit-de-prueba-de-brillo-para-amsterdam-aic2-5t2000-gst2-gst3h\\\/\",\"url\":\"https:\\\/\\\/www.igt.nl\\\/es\\\/producto\\\/kit-de-prueba-de-brillo-para-amsterdam-aic2-5t2000-gst2-gst3h\\\/\",\"name\":\"Kit de prueba de brillo para Amsterdam \\\/ AIC2-5T2000 \\\/ GST2 \\\/ GST3H - IGT Testing Systems\",\"isPartOf\":{\"@id\":\"https:\\\/\\\/www.igt.nl\\\/es\\\/#website\"},\"primaryImageOfPage\":{\"@id\":\"https:\\\/\\\/www.igt.nl\\\/es\\\/producto\\\/kit-de-prueba-de-brillo-para-amsterdam-aic2-5t2000-gst2-gst3h\\\/#primaryimage\"},\"image\":{\"@id\":\"https:\\\/\\\/www.igt.nl\\\/es\\\/producto\\\/kit-de-prueba-de-brillo-para-amsterdam-aic2-5t2000-gst2-gst3h\\\/#primaryimage\"},\"thumbnailUrl\":\"https:\\\/\\\/www.igt.nl\\\/wp-content\\\/uploads\\\/Gloss-700x700-e1638637361265.jpg\",\"datePublished\":\"2019-03-21T11:11:21+00:00\",\"dateModified\":\"2025-12-17T08:03:14+00:00\",\"breadcrumb\":{\"@id\":\"https:\\\/\\\/www.igt.nl\\\/es\\\/producto\\\/kit-de-prueba-de-brillo-para-amsterdam-aic2-5t2000-gst2-gst3h\\\/#breadcrumb\"},\"inLanguage\":\"es\",\"potentialAction\":[{\"@type\":\"ReadAction\",\"target\":[\"https:\\\/\\\/www.igt.nl\\\/es\\\/producto\\\/kit-de-prueba-de-brillo-para-amsterdam-aic2-5t2000-gst2-gst3h\\\/\"]}]},{\"@type\":\"ImageObject\",\"inLanguage\":\"es\",\"@id\":\"https:\\\/\\\/www.igt.nl\\\/es\\\/producto\\\/kit-de-prueba-de-brillo-para-amsterdam-aic2-5t2000-gst2-gst3h\\\/#primaryimage\",\"url\":\"https:\\\/\\\/www.igt.nl\\\/wp-content\\\/uploads\\\/Gloss-700x700-e1638637361265.jpg\",\"contentUrl\":\"https:\\\/\\\/www.igt.nl\\\/wp-content\\\/uploads\\\/Gloss-700x700-e1638637361265.jpg\",\"width\":500,\"height\":500},{\"@type\":\"BreadcrumbList\",\"@id\":\"https:\\\/\\\/www.igt.nl\\\/es\\\/producto\\\/kit-de-prueba-de-brillo-para-amsterdam-aic2-5t2000-gst2-gst3h\\\/#breadcrumb\",\"itemListElement\":[{\"@type\":\"ListItem\",\"position\":1,\"name\":\"Home\",\"item\":\"https:\\\/\\\/www.igt.nl\\\/es\\\/?page_id=36171\"},{\"@type\":\"ListItem\",\"position\":2,\"name\":\"Tienda\",\"item\":\"https:\\\/\\\/www.igt.nl\\\/es\\\/?page_id=36068\"},{\"@type\":\"ListItem\",\"position\":3,\"name\":\"Accesorios\",\"item\":\"https:\\\/\\\/www.igt.nl\\\/es\\\/product-categorie\\\/accesorios\\\/\"},{\"@type\":\"ListItem\",\"position\":4,\"name\":\"Kit de prueba de brillo para Amsterdam \\\/ AIC2-5T2000 \\\/ GST2 \\\/ GST3H\"}]},{\"@type\":\"WebSite\",\"@id\":\"https:\\\/\\\/www.igt.nl\\\/es\\\/#website\",\"url\":\"https:\\\/\\\/www.igt.nl\\\/es\\\/\",\"name\":\"IGT Testing Systems\",\"description\":\"\",\"potentialAction\":[{\"@type\":\"SearchAction\",\"target\":{\"@type\":\"EntryPoint\",\"urlTemplate\":\"https:\\\/\\\/www.igt.nl\\\/es\\\/?s={search_term_string}\"},\"query-input\":{\"@type\":\"PropertyValueSpecification\",\"valueRequired\":true,\"valueName\":\"search_term_string\"}}],\"inLanguage\":\"es\"}]}<\/script>\n<!-- \/ Yoast SEO plugin. -->","yoast_head_json":{"title":"Kit de prueba de brillo para Amsterdam \/ AIC2-5T2000 \/ GST2 \/ GST3H - IGT Testing Systems","robots":{"index":"index","follow":"follow","max-snippet":"max-snippet:-1","max-image-preview":"max-image-preview:large","max-video-preview":"max-video-preview:-1"},"canonical":"https:\/\/www.igt.nl\/es\/producto\/kit-de-prueba-de-brillo-para-amsterdam-aic2-5t2000-gst2-gst3h\/","og_locale":"es_ES","og_type":"article","og_title":"Kit de prueba de brillo para Amsterdam \/ AIC2-5T2000 \/ GST2 \/ GST3H - IGT Testing Systems","og_description":"Lorem ipsum dolor sit amet, consectetur adipiscing elit. Vivamus aliquam tortor a eros tristique interdum.","og_url":"https:\/\/www.igt.nl\/es\/producto\/kit-de-prueba-de-brillo-para-amsterdam-aic2-5t2000-gst2-gst3h\/","og_site_name":"IGT Testing Systems","article_modified_time":"2025-12-17T08:03:14+00:00","og_image":[{"width":500,"height":500,"url":"https:\/\/www.igt.nl\/wp-content\/uploads\/Gloss-700x700-e1638637361265.jpg","type":"image\/jpeg"}],"twitter_card":"summary_large_image","twitter_misc":{"Tiempo de lectura":"1 minuto"},"schema":{"@context":"https:\/\/schema.org","@graph":[{"@type":"WebPage","@id":"https:\/\/www.igt.nl\/es\/producto\/kit-de-prueba-de-brillo-para-amsterdam-aic2-5t2000-gst2-gst3h\/","url":"https:\/\/www.igt.nl\/es\/producto\/kit-de-prueba-de-brillo-para-amsterdam-aic2-5t2000-gst2-gst3h\/","name":"Kit de prueba de brillo para Amsterdam \/ AIC2-5T2000 \/ GST2 \/ GST3H - IGT Testing Systems","isPartOf":{"@id":"https:\/\/www.igt.nl\/es\/#website"},"primaryImageOfPage":{"@id":"https:\/\/www.igt.nl\/es\/producto\/kit-de-prueba-de-brillo-para-amsterdam-aic2-5t2000-gst2-gst3h\/#primaryimage"},"image":{"@id":"https:\/\/www.igt.nl\/es\/producto\/kit-de-prueba-de-brillo-para-amsterdam-aic2-5t2000-gst2-gst3h\/#primaryimage"},"thumbnailUrl":"https:\/\/www.igt.nl\/wp-content\/uploads\/Gloss-700x700-e1638637361265.jpg","datePublished":"2019-03-21T11:11:21+00:00","dateModified":"2025-12-17T08:03:14+00:00","breadcrumb":{"@id":"https:\/\/www.igt.nl\/es\/producto\/kit-de-prueba-de-brillo-para-amsterdam-aic2-5t2000-gst2-gst3h\/#breadcrumb"},"inLanguage":"es","potentialAction":[{"@type":"ReadAction","target":["https:\/\/www.igt.nl\/es\/producto\/kit-de-prueba-de-brillo-para-amsterdam-aic2-5t2000-gst2-gst3h\/"]}]},{"@type":"ImageObject","inLanguage":"es","@id":"https:\/\/www.igt.nl\/es\/producto\/kit-de-prueba-de-brillo-para-amsterdam-aic2-5t2000-gst2-gst3h\/#primaryimage","url":"https:\/\/www.igt.nl\/wp-content\/uploads\/Gloss-700x700-e1638637361265.jpg","contentUrl":"https:\/\/www.igt.nl\/wp-content\/uploads\/Gloss-700x700-e1638637361265.jpg","width":500,"height":500},{"@type":"BreadcrumbList","@id":"https:\/\/www.igt.nl\/es\/producto\/kit-de-prueba-de-brillo-para-amsterdam-aic2-5t2000-gst2-gst3h\/#breadcrumb","itemListElement":[{"@type":"ListItem","position":1,"name":"Home","item":"https:\/\/www.igt.nl\/es\/?page_id=36171"},{"@type":"ListItem","position":2,"name":"Tienda","item":"https:\/\/www.igt.nl\/es\/?page_id=36068"},{"@type":"ListItem","position":3,"name":"Accesorios","item":"https:\/\/www.igt.nl\/es\/product-categorie\/accesorios\/"},{"@type":"ListItem","position":4,"name":"Kit de prueba de brillo para Amsterdam \/ AIC2-5T2000 \/ GST2 \/ GST3H"}]},{"@type":"WebSite","@id":"https:\/\/www.igt.nl\/es\/#website","url":"https:\/\/www.igt.nl\/es\/","name":"IGT Testing Systems","description":"","potentialAction":[{"@type":"SearchAction","target":{"@type":"EntryPoint","urlTemplate":"https:\/\/www.igt.nl\/es\/?s={search_term_string}"},"query-input":{"@type":"PropertyValueSpecification","valueRequired":true,"valueName":"search_term_string"}}],"inLanguage":"es"}]}},"_links":{"self":[{"href":"https:\/\/www.igt.nl\/es\/wp-json\/wp\/v2\/product\/38581","targetHints":{"allow":["GET"]}}],"collection":[{"href":"https:\/\/www.igt.nl\/es\/wp-json\/wp\/v2\/product"}],"about":[{"href":"https:\/\/www.igt.nl\/es\/wp-json\/wp\/v2\/types\/product"}],"replies":[{"embeddable":true,"href":"https:\/\/www.igt.nl\/es\/wp-json\/wp\/v2\/comments?post=38581"}],"wp:featuredmedia":[{"embeddable":true,"href":"https:\/\/www.igt.nl\/es\/wp-json\/wp\/v2\/media\/36649"}],"wp:attachment":[{"href":"https:\/\/www.igt.nl\/es\/wp-json\/wp\/v2\/media?parent=38581"}],"wp:term":[{"taxonomy":"product_brand","embeddable":true,"href":"https:\/\/www.igt.nl\/es\/wp-json\/wp\/v2\/product_brand?post=38581"},{"taxonomy":"product_cat","embeddable":true,"href":"https:\/\/www.igt.nl\/es\/wp-json\/wp\/v2\/product_cat?post=38581"},{"taxonomy":"product_tag","embeddable":true,"href":"https:\/\/www.igt.nl\/es\/wp-json\/wp\/v2\/product_tag?post=38581"}],"curies":[{"name":"wp","href":"https:\/\/api.w.org\/{rel}","templated":true}]}}