{"id":38602,"date":"2019-03-21T11:14:00","date_gmt":"2019-03-21T11:14:00","guid":{"rendered":"https:\/\/www.igt.nl\/?post_type=product&#038;p=38602"},"modified":"2025-12-17T08:03:13","modified_gmt":"2025-12-17T08:03:13","slug":"set-flexo-para-gst2-en-amsterdam2-6","status":"publish","type":"product","link":"https:\/\/www.igt.nl\/es\/producto\/set-flexo-para-gst2-en-amsterdam2-6\/","title":{"rendered":"Set flexo para GST2 en Amsterdam2\/6"},"content":{"rendered":"<p>La t\u00e9cnica de impresi\u00f3n flexogr\u00e1fica es una t\u00e9cnica de impresi\u00f3n muy importante.<\/p>\n<p>Hay tres grupos de tintas flexogr\u00e1ficas: tintas al agua, tintas al disolvente y tintas de secado UV.<\/p>\n<p>Todas estas tintas tienen sus propias propiedades. Las tintas al agua y al disolvente se secan muy r\u00e1pidamente, lo que dificulta su manipulaci\u00f3n en el laboratorio. <\/p>\n<p>Estas tintas no deben secarse durante el proceso de impresi\u00f3n. Es muy importante disponer de impresiones sobre sustratos con un grosor de pel\u00edcula de tinta como en prensa para comprobar las propiedades de secado como, por ejemplo, el color, la adherencia, la solidez a la luz, etc. Muchas de estas propiedades est\u00e1n influidas por la interacci\u00f3n entre la tinta y el soporte.  <\/p>\n","protected":false},"excerpt":{"rendered":"<p>Set flexo para GST2 y Amsterdam2\/6<\/p>\n","protected":false},"featured_media":38603,"comment_status":"closed","ping_status":"closed","template":"","meta":{"_acf_changed":false,"inline_featured_image":false},"product_brand":[],"product_cat":[3934,4418],"product_tag":[],"class_list":{"0":"post-38602","1":"product","2":"type-product","3":"status-publish","4":"has-post-thumbnail","6":"product_cat-accesorios","7":"product_cat-conjuntos-de-pruebas","9":"first","10":"instock","11":"shipping-taxable","12":"purchasable","13":"product-type-simple"},"acf":[],"yoast_head":"<!-- This site is optimized with the Yoast SEO plugin v27.3 - https:\/\/yoast.com\/product\/yoast-seo-wordpress\/ -->\n<title>Set flexo para GST2 en Amsterdam2\/6 - IGT Testing Systems<\/title>\n<meta name=\"robots\" content=\"index, follow, max-snippet:-1, max-image-preview:large, max-video-preview:-1\" \/>\n<link rel=\"canonical\" href=\"https:\/\/www.igt.nl\/es\/producto\/set-flexo-para-gst2-en-amsterdam2-6\/\" \/>\n<meta property=\"og:locale\" content=\"es_ES\" \/>\n<meta property=\"og:type\" content=\"article\" \/>\n<meta property=\"og:title\" content=\"Set flexo para GST2 en Amsterdam2\/6 - IGT Testing Systems\" \/>\n<meta property=\"og:description\" content=\"Set flexo para GST2 y Amsterdam2\/6\" \/>\n<meta property=\"og:url\" content=\"https:\/\/www.igt.nl\/es\/producto\/set-flexo-para-gst2-en-amsterdam2-6\/\" \/>\n<meta property=\"og:site_name\" content=\"IGT Testing Systems\" \/>\n<meta property=\"article:modified_time\" content=\"2025-12-17T08:03:13+00:00\" \/>\n<meta property=\"og:image\" content=\"https:\/\/www.igt.nl\/wp-content\/uploads\/Flexo-GST-700x700-1.jpg\" \/>\n\t<meta property=\"og:image:width\" content=\"700\" \/>\n\t<meta property=\"og:image:height\" content=\"700\" \/>\n\t<meta property=\"og:image:type\" content=\"image\/jpeg\" \/>\n<meta name=\"twitter:card\" content=\"summary_large_image\" \/>\n<meta name=\"twitter:label1\" content=\"Tiempo de lectura\" \/>\n\t<meta name=\"twitter:data1\" content=\"1 minuto\" \/>\n<script type=\"application\/ld+json\" class=\"yoast-schema-graph\">{\"@context\":\"https:\\\/\\\/schema.org\",\"@graph\":[{\"@type\":\"WebPage\",\"@id\":\"https:\\\/\\\/www.igt.nl\\\/es\\\/producto\\\/set-flexo-para-gst2-en-amsterdam2-6\\\/\",\"url\":\"https:\\\/\\\/www.igt.nl\\\/es\\\/producto\\\/set-flexo-para-gst2-en-amsterdam2-6\\\/\",\"name\":\"Set flexo para GST2 en Amsterdam2\\\/6 - IGT Testing Systems\",\"isPartOf\":{\"@id\":\"https:\\\/\\\/www.igt.nl\\\/es\\\/#website\"},\"primaryImageOfPage\":{\"@id\":\"https:\\\/\\\/www.igt.nl\\\/es\\\/producto\\\/set-flexo-para-gst2-en-amsterdam2-6\\\/#primaryimage\"},\"image\":{\"@id\":\"https:\\\/\\\/www.igt.nl\\\/es\\\/producto\\\/set-flexo-para-gst2-en-amsterdam2-6\\\/#primaryimage\"},\"thumbnailUrl\":\"https:\\\/\\\/www.igt.nl\\\/wp-content\\\/uploads\\\/Flexo-GST-700x700-1.jpg\",\"datePublished\":\"2019-03-21T11:14:00+00:00\",\"dateModified\":\"2025-12-17T08:03:13+00:00\",\"breadcrumb\":{\"@id\":\"https:\\\/\\\/www.igt.nl\\\/es\\\/producto\\\/set-flexo-para-gst2-en-amsterdam2-6\\\/#breadcrumb\"},\"inLanguage\":\"es\",\"potentialAction\":[{\"@type\":\"ReadAction\",\"target\":[\"https:\\\/\\\/www.igt.nl\\\/es\\\/producto\\\/set-flexo-para-gst2-en-amsterdam2-6\\\/\"]}]},{\"@type\":\"ImageObject\",\"inLanguage\":\"es\",\"@id\":\"https:\\\/\\\/www.igt.nl\\\/es\\\/producto\\\/set-flexo-para-gst2-en-amsterdam2-6\\\/#primaryimage\",\"url\":\"https:\\\/\\\/www.igt.nl\\\/wp-content\\\/uploads\\\/Flexo-GST-700x700-1.jpg\",\"contentUrl\":\"https:\\\/\\\/www.igt.nl\\\/wp-content\\\/uploads\\\/Flexo-GST-700x700-1.jpg\",\"width\":700,\"height\":700},{\"@type\":\"BreadcrumbList\",\"@id\":\"https:\\\/\\\/www.igt.nl\\\/es\\\/producto\\\/set-flexo-para-gst2-en-amsterdam2-6\\\/#breadcrumb\",\"itemListElement\":[{\"@type\":\"ListItem\",\"position\":1,\"name\":\"Home\",\"item\":\"https:\\\/\\\/www.igt.nl\\\/es\\\/?page_id=36171\"},{\"@type\":\"ListItem\",\"position\":2,\"name\":\"Tienda\",\"item\":\"https:\\\/\\\/www.igt.nl\\\/es\\\/?page_id=36068\"},{\"@type\":\"ListItem\",\"position\":3,\"name\":\"Accesorios\",\"item\":\"https:\\\/\\\/www.igt.nl\\\/es\\\/product-categorie\\\/accesorios\\\/\"},{\"@type\":\"ListItem\",\"position\":4,\"name\":\"Set flexo para GST2 en Amsterdam2\\\/6\"}]},{\"@type\":\"WebSite\",\"@id\":\"https:\\\/\\\/www.igt.nl\\\/es\\\/#website\",\"url\":\"https:\\\/\\\/www.igt.nl\\\/es\\\/\",\"name\":\"IGT Testing Systems\",\"description\":\"\",\"potentialAction\":[{\"@type\":\"SearchAction\",\"target\":{\"@type\":\"EntryPoint\",\"urlTemplate\":\"https:\\\/\\\/www.igt.nl\\\/es\\\/?s={search_term_string}\"},\"query-input\":{\"@type\":\"PropertyValueSpecification\",\"valueRequired\":true,\"valueName\":\"search_term_string\"}}],\"inLanguage\":\"es\"}]}<\/script>\n<!-- \/ Yoast SEO plugin. -->","yoast_head_json":{"title":"Set flexo para GST2 en Amsterdam2\/6 - IGT Testing Systems","robots":{"index":"index","follow":"follow","max-snippet":"max-snippet:-1","max-image-preview":"max-image-preview:large","max-video-preview":"max-video-preview:-1"},"canonical":"https:\/\/www.igt.nl\/es\/producto\/set-flexo-para-gst2-en-amsterdam2-6\/","og_locale":"es_ES","og_type":"article","og_title":"Set flexo para GST2 en Amsterdam2\/6 - IGT Testing Systems","og_description":"Set flexo para GST2 y Amsterdam2\/6","og_url":"https:\/\/www.igt.nl\/es\/producto\/set-flexo-para-gst2-en-amsterdam2-6\/","og_site_name":"IGT Testing Systems","article_modified_time":"2025-12-17T08:03:13+00:00","og_image":[{"width":700,"height":700,"url":"https:\/\/www.igt.nl\/wp-content\/uploads\/Flexo-GST-700x700-1.jpg","type":"image\/jpeg"}],"twitter_card":"summary_large_image","twitter_misc":{"Tiempo de lectura":"1 minuto"},"schema":{"@context":"https:\/\/schema.org","@graph":[{"@type":"WebPage","@id":"https:\/\/www.igt.nl\/es\/producto\/set-flexo-para-gst2-en-amsterdam2-6\/","url":"https:\/\/www.igt.nl\/es\/producto\/set-flexo-para-gst2-en-amsterdam2-6\/","name":"Set flexo para GST2 en Amsterdam2\/6 - IGT Testing Systems","isPartOf":{"@id":"https:\/\/www.igt.nl\/es\/#website"},"primaryImageOfPage":{"@id":"https:\/\/www.igt.nl\/es\/producto\/set-flexo-para-gst2-en-amsterdam2-6\/#primaryimage"},"image":{"@id":"https:\/\/www.igt.nl\/es\/producto\/set-flexo-para-gst2-en-amsterdam2-6\/#primaryimage"},"thumbnailUrl":"https:\/\/www.igt.nl\/wp-content\/uploads\/Flexo-GST-700x700-1.jpg","datePublished":"2019-03-21T11:14:00+00:00","dateModified":"2025-12-17T08:03:13+00:00","breadcrumb":{"@id":"https:\/\/www.igt.nl\/es\/producto\/set-flexo-para-gst2-en-amsterdam2-6\/#breadcrumb"},"inLanguage":"es","potentialAction":[{"@type":"ReadAction","target":["https:\/\/www.igt.nl\/es\/producto\/set-flexo-para-gst2-en-amsterdam2-6\/"]}]},{"@type":"ImageObject","inLanguage":"es","@id":"https:\/\/www.igt.nl\/es\/producto\/set-flexo-para-gst2-en-amsterdam2-6\/#primaryimage","url":"https:\/\/www.igt.nl\/wp-content\/uploads\/Flexo-GST-700x700-1.jpg","contentUrl":"https:\/\/www.igt.nl\/wp-content\/uploads\/Flexo-GST-700x700-1.jpg","width":700,"height":700},{"@type":"BreadcrumbList","@id":"https:\/\/www.igt.nl\/es\/producto\/set-flexo-para-gst2-en-amsterdam2-6\/#breadcrumb","itemListElement":[{"@type":"ListItem","position":1,"name":"Home","item":"https:\/\/www.igt.nl\/es\/?page_id=36171"},{"@type":"ListItem","position":2,"name":"Tienda","item":"https:\/\/www.igt.nl\/es\/?page_id=36068"},{"@type":"ListItem","position":3,"name":"Accesorios","item":"https:\/\/www.igt.nl\/es\/product-categorie\/accesorios\/"},{"@type":"ListItem","position":4,"name":"Set flexo para GST2 en Amsterdam2\/6"}]},{"@type":"WebSite","@id":"https:\/\/www.igt.nl\/es\/#website","url":"https:\/\/www.igt.nl\/es\/","name":"IGT Testing Systems","description":"","potentialAction":[{"@type":"SearchAction","target":{"@type":"EntryPoint","urlTemplate":"https:\/\/www.igt.nl\/es\/?s={search_term_string}"},"query-input":{"@type":"PropertyValueSpecification","valueRequired":true,"valueName":"search_term_string"}}],"inLanguage":"es"}]}},"_links":{"self":[{"href":"https:\/\/www.igt.nl\/es\/wp-json\/wp\/v2\/product\/38602","targetHints":{"allow":["GET"]}}],"collection":[{"href":"https:\/\/www.igt.nl\/es\/wp-json\/wp\/v2\/product"}],"about":[{"href":"https:\/\/www.igt.nl\/es\/wp-json\/wp\/v2\/types\/product"}],"replies":[{"embeddable":true,"href":"https:\/\/www.igt.nl\/es\/wp-json\/wp\/v2\/comments?post=38602"}],"wp:featuredmedia":[{"embeddable":true,"href":"https:\/\/www.igt.nl\/es\/wp-json\/wp\/v2\/media\/38603"}],"wp:attachment":[{"href":"https:\/\/www.igt.nl\/es\/wp-json\/wp\/v2\/media?parent=38602"}],"wp:term":[{"taxonomy":"product_brand","embeddable":true,"href":"https:\/\/www.igt.nl\/es\/wp-json\/wp\/v2\/product_brand?post=38602"},{"taxonomy":"product_cat","embeddable":true,"href":"https:\/\/www.igt.nl\/es\/wp-json\/wp\/v2\/product_cat?post=38602"},{"taxonomy":"product_tag","embeddable":true,"href":"https:\/\/www.igt.nl\/es\/wp-json\/wp\/v2\/product_tag?post=38602"}],"curies":[{"name":"wp","href":"https:\/\/api.w.org\/{rel}","templated":true}]}}